{"id":101659,"date":"2025-05-15T14:44:59","date_gmt":"2025-05-15T14:44:59","guid":{"rendered":"https:\/\/simracergear.com\/?page_id=101659"},"modified":"2025-11-28T03:58:18","modified_gmt":"2025-11-28T03:58:18","slug":"politique-de-confidentialite","status":"publish","type":"page","link":"https:\/\/simracergear.com\/es\/politique-de-confidentialite\/","title":{"rendered":"Pol\u00edtica de privacidad"},"content":{"rendered":"<p><strong>ART\u00cdCULO 1 - DATOS PERSONALES RECOGIDOS<\/strong><br>Cuando usted utiliza nuestro sitio, podemos recoger cierta informaci\u00f3n personal que usted nos proporciona voluntariamente, por ejemplo a trav\u00e9s de :<\/p><ul class=\"wp-block-list\"><li>el formulario de contacto (nombre, correo electr\u00f3nico, mensaje),<\/li>\n\n<li>suscr\u00edbase a nuestro bolet\u00edn.<\/li><\/ul><p>Adem\u00e1s, durante su navegaci\u00f3n se recopila autom\u00e1ticamente determinada informaci\u00f3n t\u00e9cnica, como su direcci\u00f3n IP, tipo de navegador y sistema operativo, con el fin de mejorar la experiencia del usuario y elaborar estad\u00edsticas sobre las visitas.<\/p><p><strong>ART\u00cdCULO 2 - COOKIES Y ENLACES DE AFILIACI\u00d3N<\/strong><br>Este sitio utiliza cookies para medir la audiencia y hacer un seguimiento de los enlaces de afiliados.<br>Una cookie es un peque\u00f1o archivo almacenado en su navegador que permite reconocer su dispositivo en visitas posteriores.<br>Puede desactivar las cookies en cualquier momento a trav\u00e9s de la configuraci\u00f3n de su navegador.<\/p><p>Algunos de los enlaces de este sitio son enlaces de afiliados. Esto significa que podemos recibir una comisi\u00f3n si realiza una compra en el sitio asociado. No se instalan cookies de terceros sin su consentimiento.<\/p><p><strong>ART\u00cdCULO 3 - CONSENTIMIENTO<\/strong><br>Al utilizar nuestros formularios (contacto, bolet\u00edn de noticias), acepta que recopilemos y utilicemos su informaci\u00f3n \u00fanicamente para responder a su solicitud o enviarle nuestras comunicaciones.<br>Puede retirar su consentimiento en cualquier momento escribi\u00e9ndonos a : <a>contact@simracergear.com<\/a>.<\/p><p><strong>ART\u00cdCULO 4 - INTERCAMBIO DE DATOS<\/strong><br>Los datos personales recogidos a trav\u00e9s de este sitio nunca se venden. S\u00f3lo podr\u00e1n transmitirse a proveedores de servicios t\u00e9cnicos (por ejemplo, alojamiento web, servicio de boletines) estrictamente necesarios para el funcionamiento del sitio.<\/p><p><strong>ART\u00cdCULO 5 - SEGURIDAD<\/strong><br>Aplicamos todas las medidas t\u00e9cnicas razonables para proteger sus datos personales contra el acceso, la modificaci\u00f3n, la divulgaci\u00f3n o la destrucci\u00f3n no autorizados.<\/p><p><strong>ART\u00cdCULO 6 - DERECHOS DE LOS USUARIOS (RGPD)<\/strong><br>De acuerdo con la legislaci\u00f3n europea (RGPD), tiene derecho a acceder, rectificar, suprimir y oponerse a sus datos personales.<br>Puede ejercer estos derechos poni\u00e9ndose en contacto con nosotros en la siguiente direcci\u00f3n <a>contact@simracergear.com<\/a>.<\/p><p><strong>ART\u00cdCULO 7 - MODIFICACIONES DE LA POL\u00cdTICA<\/strong><br>Esta pol\u00edtica podr\u00e1 modificarse en cualquier momento. Cualquier actualizaci\u00f3n se publicar\u00e1 en esta p\u00e1gina con la fecha de revisi\u00f3n.<\/p><p><strong>Base jur\u00eddica del tratamiento<\/strong><\/p><p>Los datos recogidos a trav\u00e9s de este sitio se procesan de conformidad con el art\u00edculo 6 del RGPD :<\/p><ul class=\"wp-block-list\"><li><strong>Consentimiento<\/strong> suscribirse al bolet\u00edn, enviando un mensaje a trav\u00e9s del formulario.<\/li>\n\n<li><strong>Inter\u00e9s leg\u00edtimo<\/strong> an\u00e1lisis estad\u00edsticos an\u00f3nimos para mejorar el sitio.<\/li>\n\n<li><strong>Ejecutar una solicitud<\/strong> responder a los mensajes enviados a trav\u00e9s del formulario.<\/li><\/ul><p><strong>Per\u00edodo de conservaci\u00f3n de los datos<\/strong><\/p><p>De conformidad con el RGPD, los datos se conservan durante un periodo limitado:<\/p><ul class=\"wp-block-list\"><li>mensajes enviados a trav\u00e9s del formulario : <strong>12 meses<\/strong><\/li>\n\n<li>datos del bolet\u00edn : <strong>hasta que se d\u00e9 de baja<\/strong><\/li>\n\n<li>cookies de medici\u00f3n de audiencia : <strong>13 meses m\u00e1ximo<\/strong><\/li>\n\n<li>registros t\u00e9cnicos : <strong>12 meses<\/strong><\/li>\n\n<li><\/li><\/ul><p><strong>Ejercer sus derechos<\/strong><\/p><p>Tiene derecho de acceso, rectificaci\u00f3n, supresi\u00f3n, oposici\u00f3n y portabilidad de sus datos.<br>Para ejercer estos derechos o retirar su consentimiento, p\u00f3ngase en contacto con nosotros en<br><strong>contacto [arroba] simracergear.com<\/strong><\/p>","protected":false},"excerpt":{"rendered":"<p>ART\u00cdCULO 1 - DATOS PERSONALES RECOGIDOSCuando usted utiliza nuestro sitio, podemos recoger cierta informaci\u00f3n personal que usted proporciona voluntariamente, por ejemplo a trav\u00e9s de : Adem\u00e1s, cierta informaci\u00f3n t\u00e9cnica se recoge autom\u00e1ticamente durante su navegaci\u00f3n, como su direcci\u00f3n IP, tipo de navegador y sistema operativo, con el fin de mejorar la experiencia del usuario y [...].<\/p>","protected":false},"author":5,"featured_media":0,"parent":0,"menu_order":0,"comment_status":"closed","ping_status":"closed","template":"","meta":{"_acf_changed":false,"_et_pb_use_builder":"off","_et_pb_old_content":"","_et_gb_content_width":"1400","footnotes":""},"class_list":["post-101659","page","type-page","status-publish","hentry"],"acf":[],"_links":{"self":[{"href":"https:\/\/simracergear.com\/es\/wp-json\/wp\/v2\/pages\/101659","targetHints":{"allow":["GET"]}}],"collection":[{"href":"https:\/\/simracergear.com\/es\/wp-json\/wp\/v2\/pages"}],"about":[{"href":"https:\/\/simracergear.com\/es\/wp-json\/wp\/v2\/types\/page"}],"author":[{"embeddable":true,"href":"https:\/\/simracergear.com\/es\/wp-json\/wp\/v2\/users\/5"}],"replies":[{"embeddable":true,"href":"https:\/\/simracergear.com\/es\/wp-json\/wp\/v2\/comments?post=101659"}],"version-history":[{"count":4,"href":"https:\/\/simracergear.com\/es\/wp-json\/wp\/v2\/pages\/101659\/revisions"}],"predecessor-version":[{"id":102001,"href":"https:\/\/simracergear.com\/es\/wp-json\/wp\/v2\/pages\/101659\/revisions\/102001"}],"wp:attachment":[{"href":"https:\/\/simracergear.com\/es\/wp-json\/wp\/v2\/media?parent=101659"}],"curies":[{"name":"wp","href":"https:\/\/api.w.org\/{rel}","templated":true}]}}