{"id":100482,"date":"2025-05-15T07:44:00","date_gmt":"2025-05-15T07:44:00","guid":{"rendered":"https:\/\/simracergear.com\/products\/ascher-f64-v3\/"},"modified":"2025-11-28T04:40:29","modified_gmt":"2025-11-28T04:40:29","slug":"ascher-f64-v3","status":"publish","type":"product","link":"https:\/\/simracergear.com\/es\/products\/ascher-f64-v3\/","title":{"rendered":"Ascher F64-V3"},"content":{"rendered":"<p>En el segmento de volantes Direct Drive de gama alta, el Ascher Racing F64-V3 es claramente una de las referencias m\u00e1s duras. Se trata de un volante monoplaza\/tipo prototipo, con un fuerte sesgo de rendimiento, dise\u00f1ado para pilotos de simulaci\u00f3n exigentes que quieren controlarlo todo con la punta de los dedos. Es atractivo porque cumple casi todos los requisitos de un volante \"profesional\": construcci\u00f3n de aluminio, panel frontal de carbono, muchos botones, codificadores y levas magn\u00e9ticas.<\/p>\n<p>Sobre el papel, promete una cosa muy sencilla: dar acceso a un nivel de control y precisi\u00f3n digno de los volantes utilizados en la competici\u00f3n real, siempre que se tenga detr\u00e1s una base Direct Drive compatible. No es un producto para \"quedar bien\" en un escritorio, es una herramienta de trabajo para cualquiera que se tome en serio las carreras de simulaci\u00f3n. As\u00ed que el \u00e1ngulo desde el que lo enfoco es muy claro: ergonom\u00eda, tacto mec\u00e1nico, calidad de los controles y eficacia en pista. Todo lo que tiene un impacto real en los tiempos por vuelta y la regularidad.<\/p>\n<p>Si busca un volante plug-and-play con un aspecto GT vers\u00e1til, no es \u00e9ste. Si quieres un instrumento quir\u00fargico para carreras de resistencia, open-wheel y prototipos, este es.<\/p>\n<h2>Dise\u00f1o y fabricaci\u00f3n del Ascher F64-V3<\/h2>\n<p>En la mano, el Ascher F64-V3 se siente inmediatamente como una pieza de ingenier\u00eda de precisi\u00f3n. La placa frontal de carbono es gruesa, los laterales de aluminio mecanizado inspiran confianza, nada se flexiona, nada se agrieta. La rigidez es digna de las bases Direct Drive m\u00e1s potentes: puedes golpearla de verdad y no se mover\u00e1. El volante transmite esa sensaci\u00f3n de densidad y seriedad que se espera de un coche de gama alta.<\/p>\n<p>Los pu\u00f1os, de material sint\u00e9tico texturizado, ofrecen un agarre firme sin ser demasiado abrasivos. La forma est\u00e1 claramente dise\u00f1ada para una posici\u00f3n de \"manos a 9,15\" de tipo monoplaza o LMP, con un buen bloqueo del pulgar. Con un uso prolongado, la empu\u00f1adura sigue siendo c\u00f3moda, aunque los que prefieran empu\u00f1aduras m\u00e1s gruesas o redondeadas pueden encontrarla un poco \"picante\", casi agresiva.<\/p>\n<p>Los pulsadores tienen un clic claro y bastante firme, lo que resulta tranquilizador: se siente realmente cada activaci\u00f3n, incluso en mitad de un giro. Los codificadores giratorios de la parte delantera giran con un tope bien definido, por lo que no hay sensaci\u00f3n de juego flotante, y los codificadores situados bajo los pulgares resultan muy pr\u00e1cticos una vez que se ha adquirido la memoria muscular. Las palas magn\u00e9ticas son un verdadero \u00e9xito: carrera corta, retorno seco, ruido limpio pero no excesivo. Claramente un corte por encima de la mayor\u00eda de los volantes \"convencionales\", y a la par con - si no mejor que - otros volantes boutique en el mismo segmento.<\/p>\n<p>Lo \u00fanico que puede resultar un poco decepcionante es la falta de imaginaci\u00f3n visual: ni pantalla integrada, ni los propios LED de cambio integrados. Da la sensaci\u00f3n de que las especificaciones son puramente funcionales. Otra peque\u00f1a reserva: para algunos, la densa disposici\u00f3n de los mandos puede parecer intimidante al principio. Est\u00e1 muy lejos de un simple volante GT de iniciaci\u00f3n.<\/p>\n<h2>Ajustes, personalizaci\u00f3n y compatibilidad<\/h2>\n<p>El Ascher F64-V3 es un volante dise\u00f1ado principalmente para PC. Es importante dejarlo claro: no se comporta como un volante \"multiplataforma para el gran p\u00fablico\". Estamos hablando de un hardware orientado a las carreras de simulaci\u00f3n de PC, cuya compatibilidad depende de la base utilizada. Montado sobre una base Direct Drive actualmente en el mercado (Simucube, Fanatec mediante adaptadores espec\u00edficos, otros sistemas de gama alta), se integra de forma muy natural, siempre que se sepa al menos lo que se hace en t\u00e9rminos de configuraci\u00f3n.<\/p>\n<p>En cuanto a los ajustes, todo sucede en el software de base o en los propios juegos: asignaci\u00f3n de botones, codificadores, rotatorios, gesti\u00f3n del embrague si se utilizan las palas anal\u00f3gicas dobles (seg\u00fan la versi\u00f3n). La riqueza viene del n\u00famero de controles disponibles. Realmente se puede asignar todo: ajuste de la inclinaci\u00f3n de los frenos sobre la marcha, mezcla del motor, mapas ERS, control de tracci\u00f3n, ABS, radio, limitador de boxes, p\u00e1ginas de telemetr\u00eda, etc. Se puede sentir que el volante ha sido dise\u00f1ado para carreras de resistencia y disciplinas en las que se manipulan constantemente par\u00e1metros en la pista.<\/p>\n<p>La curva de aprendizaje no es inmediata. Con todos los botones, botones giratorios y codificadores, se tarda alg\u00fan tiempo en organizar la l\u00f3gica: qu\u00e9 ajustes son para el pulgar derecho, qu\u00e9 controles cr\u00edticos son para la mano izquierda, etc\u00e9tera. Los primeros d\u00edas, a menudo hay que mirar el volante para encontrar un bot\u00f3n. Con la pr\u00e1ctica y un buen mapeado, todo se vuelve natural, y ah\u00ed es donde el F64-V3 realmente destaca.<\/p>\n<p>En t\u00e9rminos de ecosistema, este volante se dirige a quienes ya tienen una configuraci\u00f3n seria: cockpit r\u00edgido, platos y bielas de alto rendimiento, base Direct Drive de gran potencia. Evidentemente, no es un punto de entrada, sino m\u00e1s bien la pieza culminante de una configuraci\u00f3n avanzada. Por otra parte, en este contexto, forma parte f\u00e1cilmente de una perspectiva a largo plazo: no hay necesidad de cambiarlo durante mucho tiempo si te sientes c\u00f3modo con el formato \"f\u00f3rmula\".<\/p>\n<h2>Sensaciones en juego con el Ascher F64-V3<\/h2>\n<p>Lo primero que destaca en la pista no es un detalle visual, sino la forma en que el volante transmite las fuerzas. Su rigidez estructural permite que la retroalimentaci\u00f3n de fuerza de su vaina Direct Drive pase sin un filtro par\u00e1sito. No hay flexi\u00f3n en la estructura, no hay peque\u00f1as holguras en el buje: todo lo que env\u00eda la base, lo sientes. En una base peque\u00f1a, muchos volantes parecen iguales. En una base potente, este tipo de rueda marca la diferencia.<\/p>\n<p>En curvas r\u00e1pidas, el F64-V3 tiene un tacto de direcci\u00f3n muy \"bloqueado\". Sientes la m\u00e1s m\u00ednima transferencia de carga, el inicio del subviraje, el momento en que la parte trasera empieza a aligerarse. Comparado con un volante m\u00e1s convencional, hay menos desenfoque alrededor del punto neutro. Hay m\u00e1s sensaci\u00f3n de saber exactamente d\u00f3nde est\u00e1 el coche, especialmente en secuencias r\u00e1pidas o curvas largas con carga aerodin\u00e1mica. Comprendes r\u00e1pidamente lo que est\u00e1 haciendo el coche.<\/p>\n<p>Cuando se trata de leer el agarre, la combinaci\u00f3n de base Direct Drive + F64-V3 hace un trabajo excelente. Las microvibraciones de la pista, la textura de los neum\u00e1ticos sobre el asfalto y el deslizamiento gradual son muy f\u00e1ciles de leer. Puedes sentir que el neum\u00e1tico empieza a saturarse antes de que se cale por completo, lo que facilita hacer correcciones suaves en lugar de ajustes bruscos. En tracci\u00f3n delantera, al salir de las curvas, esta legibilidad del agarre ayuda a controlar el volante con m\u00e1s precisi\u00f3n, especialmente con ayudas reducidas.<\/p>\n<p>Los vibradores son otro punto fuerte. En este tipo de volante r\u00edgido, la respuesta de los bordes es brusca, pero no desagradable siempre que la base est\u00e9 bien ajustada. Se nota claramente la diferencia entre un vibrador plano, un vibrador \"salchicha\" agresivo o una salida ligeramente ancha en la hierba. Ayuda a posicionar el coche al cent\u00edmetro, especialmente en chicanes r\u00e1pidas. Si vienes de un volante m\u00e1s blando o una base menos potente, el impacto en la precisi\u00f3n de la conducci\u00f3n es evidente.<\/p>\n<p>En sesiones largas, hay dos cosas que cuentan: la fatiga muscular y la gesti\u00f3n del control. En cuanto a la fatiga, la forma del volante y el agarre siguen siendo c\u00f3modos siempre que la fuerza de base se ajuste de forma inteligente. No es un volante que agote con sus materiales, pero no perdona una FFB exagerada. En cuanto a los mandos, el gran n\u00famero de botones y codificadores es una verdadera ventaja cuando est\u00e1s en la carretera. Puedes hacer ajustes sobre la marcha sin buscar el teclado, y cambiar la inclinaci\u00f3n de los frenos, la mezcla y el TC con un simple movimiento del pulgar. Tu concentraci\u00f3n se mantiene en la pista.<\/p>\n<p>En las correcciones r\u00e1pidas es donde el F64-V3 se siente como en casa. Gracias a su peque\u00f1o di\u00e1metro y rigidez, es muy f\u00e1cil contrarrestar un sobreviraje repentino, realinear el coche tras una peque\u00f1a inclinaci\u00f3n o devolverlo a la pista tras un ligero contacto. En comparaci\u00f3n con un volante m\u00e1s pesado o blando, los movimientos requieren menos inercia, lo que refuerza la sensaci\u00f3n de control. Aqu\u00ed es donde la combinaci\u00f3n de base Direct Drive + volante de alta gama cambia realmente la experiencia.<\/p>\n<p>En t\u00e9rminos de inmersi\u00f3n, algunos pueden echar de menos la ausencia de pantalla integrada o de LED, sobre todo si vienes de un volante muy \"espectacular\". Pero en t\u00e9rminos de puro pilotaje, la confianza que aporta es real: sabes lo que pasa, tienes todo a tu alcance y sientes que el equipamiento no limita tu pilotaje. La sensaci\u00f3n general es la de tener en las manos una herramienta de trabajo seria, dise\u00f1ada para aprovechar al m\u00e1ximo una base potente m\u00e1s que para impresionar visualmente.<\/p>\n<h2>\u00bfPara qui\u00e9n es? Y lo que nos gusta \/ no nos gusta<\/h2>\n<p>El Ascher F64-V3 est\u00e1 claramente dirigido a pilotos de simulaci\u00f3n intermedios y avanzados, m\u00e1s orientados al PC y que compiten principalmente con monoplazas, LMP y GT modernos y muy electr\u00f3nicos. Un principiante muy motivado puede adoptarlo, pero no lo explotar\u00e1 al m\u00e1ximo si la base o la configuraci\u00f3n general siguen siendo modestas. Es un producto coherente para alguien que ya haya invertido en un cockpit r\u00edgido, un juego de pedales serio y una base Direct Drive de decente a potente.<\/p>\n<p>Lo que realmente apreciamos es la calidad de construcci\u00f3n y la rigidez general: tanto visualmente como en la mano, rezuma durabilidad. Luego est\u00e1 la precisi\u00f3n de los controles: los botones, los codificadores y las paletas son agradables de usar, con clics limpios, sin juego sospechoso ni sensaci\u00f3n \"barata\". Por \u00faltimo, est\u00e1 la riqueza de la ergonom\u00eda en pista: una vez que lo has trazado correctamente, puedes acceder a todo sin pensar, de modo que puedes manejar un coche moderno como lo har\u00edas en la vida real, con multitud de ajustes din\u00e1micos.<\/p>\n<p>En cuanto a las limitaciones, el formato muy formulista puede ser un obst\u00e1culo para los que tambi\u00e9n corren con coches de rally o grandes GT cl\u00e1sicos: el di\u00e1metro y la forma no son ideales para todas las disciplinas. La ausencia de pantalla integrada o de LED de cambio obliga a recurrir a un cuadro de mandos externo o a la interfaz del juego, lo que puede parecer un poco austero en este nivel de la gama. Por \u00faltimo, el precio y el ecosistema necesario a su alrededor (base DD, cockpit) lo convierten en una inversi\u00f3n global importante. El valor percibido es alto si se busca rendimiento y durabilidad, pero no es un gasto trivial.<\/p>\n<p>Evidentemente, es m\u00e1s adecuado para aquellos que ven su configuraci\u00f3n como una inversi\u00f3n a largo plazo en carreras de simulaci\u00f3n, no s\u00f3lo como un pasatiempo ocasional.<\/p>\n<h2>Veredicto sobre el Ascher F64-V3<\/h2>\n<p>El Ascher F64-V3 aporta algo fundamental a una configuraci\u00f3n: una interfaz controlador\/m\u00e1quina verdaderamente profesional. No cambia la potencia de tu base, pero cambia claramente la forma de disfrutarla. La rigidez, la precisi\u00f3n de los controles y la completa ergonom\u00eda te permiten sacar todo el potencial de un Direct Drive serio, especialmente en disciplinas modernas y altamente ajustables.<\/p>\n<p>En el mercado, se sit\u00faa en el extremo superior de la gama de rendimiento puro, sin florituras est\u00e9ticas. No se trata de un producto de gama media, ni de un volante \"pivote\" que pueda mejorarse poco a poco a partir de un paquete de consola. Es un volante simracer comprometido que sabe ad\u00f3nde quiere llegar y que ya cuenta con una configuraci\u00f3n coherente a su alrededor.<\/p>\n<p>Lo recomendar\u00eda claramente a usuarios de PC con una buena base de Direct Drive, que corran principalmente en f\u00f3rmula, LMP y GT3\/GT4 modernos, y que den m\u00e1s importancia al tacto y al control que a las pantallas integradas. En cambio, si juegas principalmente de forma ocasional, si te mueves sobre todo en consola, o si buscas un volante m\u00e1s vers\u00e1til en cuanto a forma y presupuesto, hay opciones m\u00e1s adecuadas.<\/p>\n<p>Si buscas un volante de f\u00f3rmula ultrarr\u00edgido y preciso, con el m\u00e1ximo control con los dedos y la sensaci\u00f3n de una aut\u00e9ntica herramienta de carreras, este producto podr\u00eda marcar la diferencia en tu configuraci\u00f3n.<\/p>","protected":false},"excerpt":{"rendered":"<p>Este volante me dio la sensaci\u00f3n de tener una herramienta de carreras real en las manos, que aclara lo que hace el coche y hace que los ajustes en pista sean mucho m\u00e1s naturales. Sobre todo, tiene sentido para simracers de PC ya bien equipados con Direct Drive y orientados a monoplazas\/proto\/GT modernos. Aun as\u00ed, es una inversi\u00f3n que merece la pena si buscas rendimiento y durabilidad.<\/p>","protected":false},"featured_media":100302,"comment_status":"open","ping_status":"closed","template":"","meta":{"_acf_changed":false,"_et_pb_use_builder":"","_et_pb_old_content":"","_et_gb_content_width":""},"product_brand":[157],"product_cat":[156],"product_tag":[149],"class_list":{"0":"post-100482","1":"product","2":"type-product","3":"status-publish","4":"has-post-thumbnail","6":"product_brand-ascher-racing","7":"product_cat-roue-de-volant","8":"product_tag-pc","10":"first","11":"instock","12":"shipping-taxable","13":"product-type-external"},"acf":[],"_links":{"self":[{"href":"https:\/\/simracergear.com\/es\/wp-json\/wp\/v2\/product\/100482","targetHints":{"allow":["GET"]}}],"collection":[{"href":"https:\/\/simracergear.com\/es\/wp-json\/wp\/v2\/product"}],"about":[{"href":"https:\/\/simracergear.com\/es\/wp-json\/wp\/v2\/types\/product"}],"replies":[{"embeddable":true,"href":"https:\/\/simracergear.com\/es\/wp-json\/wp\/v2\/comments?post=100482"}],"wp:featuredmedia":[{"embeddable":true,"href":"https:\/\/simracergear.com\/es\/wp-json\/wp\/v2\/media\/100302"}],"wp:attachment":[{"href":"https:\/\/simracergear.com\/es\/wp-json\/wp\/v2\/media?parent=100482"}],"wp:term":[{"taxonomy":"product_brand","embeddable":true,"href":"https:\/\/simracergear.com\/es\/wp-json\/wp\/v2\/product_brand?post=100482"},{"taxonomy":"product_cat","embeddable":true,"href":"https:\/\/simracergear.com\/es\/wp-json\/wp\/v2\/product_cat?post=100482"},{"taxonomy":"product_tag","embeddable":true,"href":"https:\/\/simracergear.com\/es\/wp-json\/wp\/v2\/product_tag?post=100482"}],"curies":[{"name":"wp","href":"https:\/\/api.w.org\/{rel}","templated":true}]}}