{"id":100488,"date":"2025-05-15T07:44:00","date_gmt":"2025-05-15T07:44:00","guid":{"rendered":"https:\/\/simracergear.com\/products\/ascher-wheel-b24-sc\/"},"modified":"2025-11-28T04:34:42","modified_gmt":"2025-11-28T04:34:42","slug":"ascher-wheel-b24-sc","status":"publish","type":"product","link":"https:\/\/simracergear.com\/es\/products\/ascher-wheel-b24-sc\/","title":{"rendered":"Ascher Racing B24-SC"},"content":{"rendered":"<h2>Ascher Racing B24-SC: el \"peque\u00f1o\" volante GT que juega en las grandes ligas<\/h2>\n<p>El Ascher Racing B24-SC se encuentra claramente en la categor\u00eda de volantes premium para PC Direct Drive. Es un volante tipo GT \/ proto, dise\u00f1ado para bases de alta fidelidad, con un claro enfoque hacia el eSport y la seriedad en la pista m\u00e1s que hacia efectos llamativos. En resumen: sin artificios, s\u00f3lo funcionalidad.<\/p>\n<p>Lo que promete es sencillo: una interfaz ultradirecta entre las manos y la base, con una construcci\u00f3n r\u00edgida, una ergonom\u00eda dise\u00f1ada para rodar r\u00e1pido y durante mucho tiempo, y una fiabilidad casi \"indus\". Es un producto de nicho, pero que atrae a muchos simracers avanzados por una raz\u00f3n: est\u00e1 dise\u00f1ado principalmente como herramienta de rendimiento.<\/p>\n<p>Por mi parte, prest\u00e9 especial atenci\u00f3n a tres puntos: la rigidez general del volante, la calidad de la ergonom\u00eda (colocaci\u00f3n de los botones, tacto de las palas) y la consistencia del juego en sesiones largas. \u00bfAporta realmente el B24-SC precisi\u00f3n y confianza, o no es m\u00e1s que otro bonito juguete CNC en el mercado?<\/p>\n<h2>Dise\u00f1o y fabricaci\u00f3n: un bloque de metal cortado para la v\u00eda<\/h2>\n<p>En la mano, el Ascher B24-SC da una impresi\u00f3n inmediata de densidad y seriedad. El cuerpo del volante est\u00e1 mecanizado en aluminio, con recortes limpios y un acabado que rezuma control de calidad. Nada parece hueco, nada se mueve, ni siquiera con un poco de fuerza: la rigidez est\u00e1 al nivel que cabe esperar en este segmento premium.<\/p>\n<p>Los pu\u00f1os est\u00e1n recubiertos de un agarre similar al caucho (o espuma de alta densidad seg\u00fan la versi\u00f3n) que ofrece un buen agarre sin ser abrasivo. Se nota que ha sido dise\u00f1ado para rodar durante largos periodos sin tensar las manos. La secci\u00f3n transversal de los pu\u00f1os est\u00e1 bien equilibrada: ni demasiado fina ni demasiado maciza. No luchas contra el volante, lo sujetas con naturalidad.<\/p>\n<p>Lo que m\u00e1s sorprende al principio es la sensaci\u00f3n de \"bloque monol\u00edtico\". En cuanto empiezas a actuar sobre \u00e9l, el volante no se retuerce ni se deforma. En una base Direct Drive, eso es exactamente lo que quieres: que no haya p\u00e9rdidas entre el motor y tus manos. Entiendes inmediatamente lo que hace el coche.<\/p>\n<p>Las palas magn\u00e9ticas son n\u00edtidas y limpias. El clic es seco y preciso, pero no brutal. No hay el ruidoso \"golpe met\u00e1lico\" que pueden producir algunos volantes agresivos. Puedes ajustar el recorrido y la posici\u00f3n si lo necesitas, pero incluso por defecto, es muy utilizable.<\/p>\n<p>La ligera decepci\u00f3n puede venir m\u00e1s del aspecto \"minimalista\". Sin iluminaci\u00f3n RGB, sin pantallas, sin rotores interminables por todas partes: para algunas configuraciones orientadas al espect\u00e1culo en cabina, puede parecer un poco austero. Comparado con volantes visualmente m\u00e1s recargados, el B24-SC parece casi cl\u00ednico.<\/p>\n<p>En t\u00e9rminos de calidad percibida, estamos claramente a la altura de los mejores volantes de sim-racing serios del mercado. La diferencia en rigidez y limpieza de montaje se aprecia de inmediato al compararlo con volantes m\u00e1s convencionales.<\/p>\n<h2>Ajustes, personalizaci\u00f3n y compatibilidad: serios, pero orientados al PC<\/h2>\n<p>La configuraci\u00f3n se basa en una interfaz de simracer muy PC. El B24-SC est\u00e1 dise\u00f1ado principalmente para su uso en un ordenador, con una conexi\u00f3n directa a la base (versi\u00f3n SC, es decir, Simucube) o a trav\u00e9s de USB, dependiendo de la configuraci\u00f3n. Es claramente un producto que muestra todo su potencial en un ecosistema de PC, con sims como ACC, iRacing, rF2, etc.<\/p>\n<p>Cuando se trata de personalizaci\u00f3n, hay dos \u00e1reas principales que realmente cuentan: la configuraci\u00f3n de los botones\/codificadores en los juegos y el ajuste de las levas. Hay suficientes botones y mandos para gestionar todo, desde el mapa motor, TC, ABS, boxes, radio, etc. sin preocuparse. No hay nada exagerado, pero no falta nada para un uso serio en GT o proto.<\/p>\n<p>Los men\u00fas y los preajustes se gestionan en la base y en los laterales del juego, no en el propio volante. El B24-SC no a\u00f1ade una pesada capa de software: se comporta como un perif\u00e9rico sencillo, con entradas bien reconocidas. Por tanto, la curva de aprendizaje est\u00e1 relacionada principalmente con la configuraci\u00f3n de las persianas del juego. En concreto, al principio se pasa un poco de tiempo mapeando todo correctamente, y luego apenas se vuelve a ello.<\/p>\n<p>La personalizaci\u00f3n f\u00edsica de las levas es una aut\u00e9ntica ventaja. Al poder ajustar la distancia, el recorrido y a veces la dureza, puedes adaptar el volante a tu estilo de agarre y al tama\u00f1o de tus manos. En una base potente, el ajuste correcto de las palas evita los errores de cambio en pleno ataque, lo que marca una verdadera diferencia.<\/p>\n<p>En cuanto a la compatibilidad, seamos claros: se trata de un producto dise\u00f1ado para ecosistemas de PC de gama alta. En consolas, este tipo de volante est\u00e1 limitado a ciertas configuraciones muy espec\u00edficas y no ser\u00e1 plug &amp; play como un juego m\u00e1s mainstream. Con una cabina r\u00edgida, una pedalera seria y un Direct Drive moderno, el B24-SC encaja perfectamente y desempe\u00f1a su papel de \"cerebro\" de la configuraci\u00f3n.<\/p>\n<p>As\u00ed que estamos hablando de un producto duradero m\u00e1s que de un punto de entrada. Este volante est\u00e1 pensado para acompa\u00f1ar a varias bases Direct Drive a lo largo del tiempo, no para ser sustituido en la pr\u00f3xima actualizaci\u00f3n r\u00e1pida.<\/p>\n<h2>Sensaci\u00f3n de juego: lectura de la empu\u00f1adura y control total<\/h2>\n<p>Es realmente en la pista donde la Ascher B24-SC demuestra por qu\u00e9 tiene tan buena reputaci\u00f3n. Lo primero que llama la atenci\u00f3n es la limpieza de la transmisi\u00f3n de potencia. El volante no se dobla ni se filtra. Todo lo que sale de la base llega a tus manos, sin artefactos par\u00e1sitos ligados al chasis del volante.<\/p>\n<p>En las curvas, esta rigidez marca una gran diferencia en la respuesta de agarre. Puedes sentir exactamente cuando el tren delantero empieza a deslizarse y luego se bloquea. Las microvariaciones en la carga son extremadamente legibles, lo que ayuda a posicionar el coche perfectamente, especialmente al entrar en curvas con mucha carga aerodin\u00e1mica. Puedes sentir exactamente lo que hacen los neum\u00e1ticos.<\/p>\n<p>En los vibradores, la respuesta es limpia, seca pero controlada. Donde algunos volantes \"m\u00e1s ligeros\" se sienten un poco blandos o amortiguados, el B24-SC da una se\u00f1al muy limpia. Con una base Direct Drive bien afinada, es f\u00e1cil distinguir entre un vibrador plano y uno agresivo, o un cambio de superficie. El volante permanece limpio y legible, incluso cuando se le ataca.<\/p>\n<p>En las correcciones r\u00e1pidas, la compacidad del di\u00e1metro tambi\u00e9n juega a favor del control. No es necesario hacer grandes movimientos para recuperar un derrape: bastan unos movimientos de mu\u00f1eca, y el volante sigue sin excesiva inercia. Cuando vienes de un volante m\u00e1s ancho o m\u00e1s blando, sientes inmediatamente que el coche responde m\u00e1s \"directamente\" a lo que est\u00e1s haciendo.<\/p>\n<p>Las sesiones largas son una buena prueba para este tipo de producto. Con el B24-SC, la fatiga proviene m\u00e1s de la intensidad del FFB que de la forma del volante en s\u00ed. El agarre sigue siendo c\u00f3modo, los materiales no se vuelven agresivos y la ausencia de juego mec\u00e1nico evita los micromovimientos par\u00e1sitos que lastiman las mu\u00f1ecas con el paso del tiempo.<\/p>\n<p>Comparado con un volante m\u00e1s orientado a la entrada\/media gama, la diferencia se nota en tres \u00e1reas principales: la claridad de la respuesta, la consistencia a lo largo del tiempo y la confianza que tienes en el apoyo. Te encontrar\u00e1s frenando m\u00e1s tarde, manteniendo m\u00e1s velocidad en las curvas, simplemente porque lo que tienes en las manos es estable, reproducible y l\u00f3gico.<\/p>\n<p>Frente a soluciones a\u00fan m\u00e1s extremas y complejas, con pantallas integradas, decenas de mandos giratorios y una ergonom\u00eda ultraespec\u00edfica, el B24-SC es m\u00e1s sencillo, pero tambi\u00e9n m\u00e1s universal. No tienes la sensaci\u00f3n de \"manejar el volante\", sino de conducir el coche.<\/p>\n<p>La sensaci\u00f3n general es la de una configuraci\u00f3n muy coherente: fuerte inmersi\u00f3n, gran control y, sobre todo, mucha confianza. Aqu\u00ed es donde la base marca realmente la diferencia, y el B24-SC deja que se exprese sin distorsionarla.<\/p>\n<h2>\u00bfA qui\u00e9n va dirigido? Lo que nos gusta \/ Lo que no nos gusta<\/h2>\n<p>El Ascher B24-SC est\u00e1 claramente dirigido a un p\u00fablico ya comprometido con las carreras de simulaci\u00f3n: usuarios de Direct Drive, principalmente en PC, que conducen con regularidad y buscan un volante GT compacto, fiable y de alto rendimiento. Un principiante muy motivado puede encontrar en \u00e9l una inversi\u00f3n a largo plazo, pero est\u00e1 muy lejos de ser el primer volante que utilizar\u00eda para descubrir el sim racing. En consolas, s\u00f3lo tendr\u00e1 inter\u00e9s en configuraciones muy espec\u00edficas, por lo que no es su principal objetivo.<\/p>\n<p>Lo que m\u00e1s aprecio es este tr\u00edo: rigidez impecable, ergonom\u00eda eficaz y levas magn\u00e9ticas muy bien calibradas. La sensaci\u00f3n de seriedad es constante: todo lo que haces al volante es limpio y controlado, sin concesiones. El formato compacto tambi\u00e9n lo hace muy vers\u00e1til para todas las disciplinas de tipo GT3, LMP y GT4, e incluso para algunos monoplazas modernos. Se siente como una herramienta dise\u00f1ada para el rendimiento por encima de todo. La relaci\u00f3n precisi\u00f3n \/ confort \/ versatilidad es claramente su punto fuerte.<\/p>\n<p>En cuanto a las limitaciones, el primer punto es est\u00e9tico y \"divertido\": sin pantalla, sin telemetr\u00eda integrada, sin efectos visuales. Para algunos usuarios a los que les gusta una cabina muy \"animada\", esto ser\u00e1 una carencia. En segundo lugar, el ecosistema PC\/Direct Drive de gama alta puede ser un obst\u00e1culo para quienes deseen un volante m\u00e1s universal que pueda utilizarse en cualquier lugar. Por \u00faltimo, el nivel de acabado y rigidez tiene un coste: este volante debe considerarse una inversi\u00f3n, no una compra impulsiva.<\/p>\n<p>En t\u00e9rminos de valor percibido, tiene sentido: est\u00e1s pagando por una pieza de hardware precisa y duradera que no se quedar\u00e1 obsoleta con la pr\u00f3xima generaci\u00f3n de bases. Para un simracer que pilota mucho, la inversi\u00f3n est\u00e1 mejor justificada que para un jugador ocasional.<\/p>\n<h2>Veredicto: un volante GT de confianza para una exigente configuraci\u00f3n Direct Drive<\/h2>\n<p>El Ascher Racing B24-SC no revoluciona la forma de un volante GT, y ese es precisamente su punto fuerte. No trata de brillar por artificios, sino por lo que m\u00e1s cuenta en una configuraci\u00f3n seria de Direct Drive: rigidez, ergonom\u00eda y consistencia. En un cockpit ya de por s\u00ed s\u00f3lido, con una buena base y una pedalera de nivel equivalente, bloquea la cadena y elimina el eslab\u00f3n d\u00e9bil del lado del volante.<\/p>\n<p>En el mercado, la sit\u00fao claramente en la categor\u00eda premium orientada al rendimiento puro. No es una rueda de exhibici\u00f3n, ni un producto completo para principiantes. Es una herramienta para pilotos intermedios y avanzados que conocen sus necesidades y quieren un volante GT compacto y fiable a lo largo del tiempo. Para las personas que no juegan mucho, o que conducen principalmente en consolas con un ecosistema cerrado, hay opciones m\u00e1s sencillas y adecuadas.<\/p>\n<p>Donde el B24-SC cambia realmente la experiencia es en t\u00e9rminos de confianza en el ataque. Sabes lo que hace el coche, sabes lo que hace la base, y el volante no a\u00f1ade ning\u00fan desenfoque ni interferencia. Te acostumbras r\u00e1pidamente y puedes mantenerlo durante mucho tiempo.<\/p>\n<p>Si buscas un volante GT compacto y muy r\u00edgido dise\u00f1ado para sacar el m\u00e1ximo partido de una base Direct Drive en un PC, este producto podr\u00eda marcar claramente la diferencia en tu configuraci\u00f3n.<\/p>","protected":false},"excerpt":{"rendered":"<p>Este volante me dio la sensaci\u00f3n de ser una herramienta muy fiable, que realmente aclara lo que hace el coche y aumenta la confianza en la pista, especialmente en las fases l\u00edmite. Tiene sentido para los pilotos de PC sim ya equipados con Direct Drive, que conducen a menudo y buscan un volante GT compacto, duradero y consistente en una configuraci\u00f3n orientada al rendimiento m\u00e1s que al espect\u00e1culo.<\/p>","protected":false},"featured_media":100298,"comment_status":"open","ping_status":"closed","template":"","meta":{"_acf_changed":false,"_et_pb_use_builder":"","_et_pb_old_content":"","_et_gb_content_width":""},"product_brand":[157],"product_cat":[156],"product_tag":[149],"class_list":{"0":"post-100488","1":"product","2":"type-product","3":"status-publish","4":"has-post-thumbnail","6":"product_brand-ascher-racing","7":"product_cat-roue-de-volant","8":"product_tag-pc","10":"first","11":"instock","12":"shipping-taxable","13":"product-type-external"},"acf":[],"_links":{"self":[{"href":"https:\/\/simracergear.com\/es\/wp-json\/wp\/v2\/product\/100488","targetHints":{"allow":["GET"]}}],"collection":[{"href":"https:\/\/simracergear.com\/es\/wp-json\/wp\/v2\/product"}],"about":[{"href":"https:\/\/simracergear.com\/es\/wp-json\/wp\/v2\/types\/product"}],"replies":[{"embeddable":true,"href":"https:\/\/simracergear.com\/es\/wp-json\/wp\/v2\/comments?post=100488"}],"wp:featuredmedia":[{"embeddable":true,"href":"https:\/\/simracergear.com\/es\/wp-json\/wp\/v2\/media\/100298"}],"wp:attachment":[{"href":"https:\/\/simracergear.com\/es\/wp-json\/wp\/v2\/media?parent=100488"}],"wp:term":[{"taxonomy":"product_brand","embeddable":true,"href":"https:\/\/simracergear.com\/es\/wp-json\/wp\/v2\/product_brand?post=100488"},{"taxonomy":"product_cat","embeddable":true,"href":"https:\/\/simracergear.com\/es\/wp-json\/wp\/v2\/product_cat?post=100488"},{"taxonomy":"product_tag","embeddable":true,"href":"https:\/\/simracergear.com\/es\/wp-json\/wp\/v2\/product_tag?post=100488"}],"curies":[{"name":"wp","href":"https:\/\/api.w.org\/{rel}","templated":true}]}}