{"id":100489,"date":"2025-11-28T04:46:38","date_gmt":"2025-11-28T04:46:38","guid":{"rendered":"https:\/\/simracergear.com\/products\/ascher-wheel-f28-sc-v2\/"},"modified":"2025-11-28T04:46:38","modified_gmt":"2025-11-28T04:46:38","slug":"ascher-wheel-f28-sc-v2","status":"publish","type":"product","link":"https:\/\/simracergear.com\/es\/products\/ascher-wheel-f28-sc-v2\/","title":{"rendered":"Ascher Racing F28-SC V2"},"content":{"rendered":"<h2>Pruebas y opiniones Ascher Racing F28-SC V2: el volante de F\u00f3rmula que no hace concesiones<\/h2>\n<p>En el segmento de volantes de F\u00f3rmula de gama alta para Direct Drive, el Ascher Racing F28-SC V2 ocupa claramente el nicho de \"herramienta de precisi\u00f3n\" m\u00e1s que el de \"artilugio repleto de RGB\". Es un volante dise\u00f1ado para el rendimiento puro, sin pantallas ni trucos, para aquellos que conducen principalmente en PC con una base seria de Direct Drive.<\/p>\n<p>Sobre el papel, promete una ergonom\u00eda de tipo monoplaza, una calidad de construcci\u00f3n pr\u00e1cticamente indestructible y una sensaci\u00f3n muy directa de las fuerzas transmitidas por la base. En la pr\u00e1ctica, la idea es sencilla: sin distracciones, solo lo esencial para ir r\u00e1pido y mantenerse constante.<\/p>\n<p>Mi enfoque para esta prueba fue concentrarme en tres \u00e1reas. La calidad percibida en la mano, la ergonom\u00eda en condiciones reales (tandas largas, multitarea durante las carreras) y, sobre todo, el nivel de informaci\u00f3n que deja pasar el volante, especialmente en los bajos potentes.<\/p>\n<h2>Dise\u00f1o y fabricaci\u00f3n: un bloque de metal construido para durar<\/h2>\n<p>En la mano, el F28-SC V2 se siente inmediatamente como una herramienta de pilotaje \"real\", no como un juguete. El cuerpo est\u00e1 mecanizado en aluminio, con una sensaci\u00f3n de rigidez total. No hay flexi\u00f3n par\u00e1sita, ni vibraci\u00f3n estructural, ni siquiera en las bases Direct Drive de par motor. Puedes sentir que el chasis ha sido dise\u00f1ado para soportar un par elevado sin flaquear.<\/p>\n<p>Los pu\u00f1os est\u00e1n recubiertos de goma (o equivalente) que ofrecen un tacto firme y preciso. No es el agarre \"m\u00e1s blando\" del mercado, pero para una conducci\u00f3n intensiva es muy eficaz: la mano no resbala, incluso cuando la sesi\u00f3n se alarga. La densidad general del volante es tranquilizadora; se siente s\u00f3lido sin ser excesivamente pesado.<\/p>\n<p>Los cambios magn\u00e9ticos son n\u00edtidos y limpios, con un clic que recuerda a los volantes de carreras modernos. No son ni demasiado duros ni demasiado blandos, un buen compromiso tanto para GT como para monoplazas virtuales. En cuanto a los pulsadores, destilan calidad industrial: nada revolotea ni suena hueco.<\/p>\n<p>Esto puede decepcionar un poco a quienes les gustan los dise\u00f1os con mucho color, pantallas y giros por todas partes. El F28-SC V2 sigue siendo sobrio, muy orientado a las funciones: pocos botones, pero bien situados. Sin pantalla integrada, sin LED de RPM. Es una decisi\u00f3n consciente, pero hay que ser consciente de ello.<\/p>\n<p>Comparado con otros volantes m\u00e1s \"de consumo\" fabricados en pl\u00e1stico reforzado, el Ascher est\u00e1 claramente por encima del resto en t\u00e9rminos de rigidez y seriedad percibida. En comparaci\u00f3n con algunos de sus rivales de gama alta, destaca por su enfoque minimalista y su total ausencia de florituras.<\/p>\n<p>&nbsp;<\/p>\n<h2>Ajustes, personalizaci\u00f3n y compatibilidad<\/h2>\n<p>El F28-SC V2 es un volante USB \"puro PC\" para el ecosistema Direct Drive. No pretende ser universal en el sentido de las consolas, sino encajar perfectamente en una configuraci\u00f3n seria, con una base compatible y un PC orientado a la simulaci\u00f3n de carreras.<\/p>\n<p>La compatibilidad nativa es v\u00eda USB, lo que simplifica la conexi\u00f3n pero requiere claramente el uso del PC. El volante suele estar dise\u00f1ado para acoplarse a bases Direct Drive tipo Simucube \/ bases USB avanzadas, con un cierre r\u00e1pido adaptado. Siempre que la base acepte volantes USB, la integraci\u00f3n es sencilla y directa.<\/p>\n<p>En cuanto a los ajustes, todo depende del software de base y de los propios juegos. El F28-SC V2 no tiene men\u00fas a bordo, ni pantalla, ni preajustes integrados. Es una elecci\u00f3n clara: mantenemos el volante como interfaz f\u00edsica y dejamos la capa de software para la base y los simuladores. Para el usuario, esto significa que pasa un poco de tiempo en los men\u00fas FFB al principio, pero una vez que todo est\u00e1 alineado, apenas los toca ya.<\/p>\n<p>La personalizaci\u00f3n real se refiere principalmente a la asignaci\u00f3n de botones, codificadores y paletas. Esto es muy sencillo: cada mando se reconoce como una entrada independiente, lo que permite adaptar el perfil a cada simulaci\u00f3n (F1, GT3, prototipos, etc.). Puedes tener un perfil \"carreras\" muy sencillo y un perfil \"resistencia\" m\u00e1s cargado de funciones, sin perderte nunca.<\/p>\n<p>Al final, la curva de aprendizaje es bastante corta. S\u00f3lo se tarda unos minutos en conducirla, y despu\u00e9s se van ajustando gradualmente los controles y la configuraci\u00f3n del FFB para adaptarlos a tu estilo de conducci\u00f3n.<\/p>\n<p>En cuanto al ecosistema, la F28-SC V2 se integra de forma natural en una configuraci\u00f3n ya de por s\u00ed musculosa: bielas de c\u00e9lula de carga o hidr\u00e1ulicas, cambio secuencial o de compuerta, cockpit r\u00edgido. Es una rueda que tiene m\u00e1s sentido en una base de gama alta que en una peque\u00f1a base con correa.<\/p>\n<p>En t\u00e9rminos de capacidad de actualizaci\u00f3n, esta es una compra a largo plazo. Mientras tu configuraci\u00f3n siga orientada a PC + Direct Drive, este volante no ser\u00e1 un punto d\u00e9bil.<\/p>\n<h2>Sensaci\u00f3n de juego: lectura de la empu\u00f1adura y control quir\u00fargico<\/h2>\n<p>Donde realmente destaca el F28-SC V2 es en la pista, especialmente con una base Direct Drive ya bien ajustada. Su rigidez estructural y la falta de flexi\u00f3n hacen que la respuesta de fuerza sea extremadamente limpia. El volante no filtra nada mec\u00e1nicamente, y eso es una excelente noticia para la respuesta de agarre.<\/p>\n<p>Puedes sentir exactamente lo que hacen los neum\u00e1ticos.<\/p>\n<p>En curvas medias y r\u00e1pidas, el volante se mantiene notablemente estable. Las ligeras variaciones de carga, los inicios de deslizamiento y la transici\u00f3n entre agarre y sobreviraje se leen con gran claridad. El centro de gravedad es muy claro, sin ninguna zona muerta \"blanda\" que difumine las sensaciones. Pones el coche donde quieres, y lo mantienes ah\u00ed.<\/p>\n<p>Al frenar bruscamente, sobre todo en un monoplaza virtual, puedes aprovechar al m\u00e1ximo la precisi\u00f3n. Las correcciones de micro\u00e1ngulo se realizan de forma natural, sin tener que luchar contra la inercia del volante. Para frenar en pista, esto es una verdadera ventaja: puedes modular el \u00e1ngulo con un grado de delicadeza muy c\u00f3modo, incluso bajo tensi\u00f3n.<\/p>\n<p>En los vibradores, el volante transmite bien las texturas sin entrecortarse. Los impactos secos quedan marcados, pero la estructura no resuena, lo que evita la sensaci\u00f3n de un volante \"sonoro\". Se siente la forma del vibrador y la frecuencia de las asperezas, sin ning\u00fan ruido mec\u00e1nico. La pista sigue siendo f\u00e1cil de leer.<\/p>\n<p>El volante permanece limpio y legible, incluso cuando se le ataca.<\/p>\n<p>El formato F\u00f3rmula de la F28-SC V2 realmente destaca cuando se trata de correcciones r\u00e1pidas. El peque\u00f1o di\u00e1metro y el buen agarre de los pu\u00f1os permiten coger un derrape con un movimiento corto y preciso. Cuando la trasera se cala, el tiempo de reacci\u00f3n se reduce en comparaci\u00f3n con una rueda GT grande. Puedes ser un poco m\u00e1s atrevido al entrar en las curvas, precisamente porque sabes que podr\u00e1s recuperar el terreno perdido.<\/p>\n<p>En sesiones largas, la constancia est\u00e1 a la orden del d\u00eda. La posici\u00f3n de las manos es natural, los mandos importantes permanecen f\u00e1cilmente accesibles y el agarre no cansa excesivamente los antebrazos. No es el volante m\u00e1s \"relajante\" que existe, pero para un F\u00f3rmula, el confort est\u00e1 bien gestionado. Se puede pasar de un stint al siguiente sin tener la sensaci\u00f3n de estar luchando contra el equipo.<\/p>\n<p>En t\u00e9rminos de inmersi\u00f3n, la ausencia de pantalla o de LED no resta nada a la sensaci\u00f3n de conducir un monoplaza virtual. Al contrario, incita a concentrarse m\u00e1s en la pista y en la informaci\u00f3n de la pantalla principal. La inmersi\u00f3n viene del v\u00ednculo directo con el coche, m\u00e1s que del accesorio visual.<\/p>\n<p>En comparaci\u00f3n con una base menos potente o un volante m\u00e1s b\u00e1sico, la diferencia se nota sobre todo en la finura de la informaci\u00f3n. El volante no \"satura\", ni siquiera cuando la base env\u00eda fuerzas elevadas. Siempre tienes esa sensaci\u00f3n de espacio para maniobrar y controlar.<\/p>\n<p>Aqu\u00ed es donde la base y el volante cambian realmente la experiencia: ya no te conformas con sufrir el FFB, lo explotas.<\/p>\n<h2>\u00bfA qui\u00e9n va dirigido? Lo que nos gusta, lo que no nos gusta<\/h2>\n<p>El F28-SC V2 est\u00e1 claramente dirigido a pilotos de simulaci\u00f3n intermedios y avanzados, m\u00e1s orientados al PC y que conducen principalmente monoplazas, prototipos o GT modernos. Los principiantes muy motivados pueden aprovecharlo, por supuesto, pero se beneficiar\u00e1n realmente del volante si ya tienen una base seria de Direct Drive y un cockpit r\u00edgido.<\/p>\n<p>Lo que m\u00e1s apreciamos es la calidad de construcci\u00f3n. La sensaci\u00f3n de solidez y seriedad, nada m\u00e1s cogerlo, cambia la relaci\u00f3n que tienes con el equipo. No tienes miedo de ir fuerte con el FFB. En segundo lugar, la precisi\u00f3n del tacto, especialmente en la fase de l\u00edmite de agarre, est\u00e1 realmente por encima de la media. Por \u00faltimo, la ergonom\u00eda tipo F\u00f3rmula, con sus mandos magn\u00e9ticos bien calibrados y su empu\u00f1adura compacta, favorece una conducci\u00f3n agresiva pero controlada.<\/p>\n<p>La relaci\u00f3n entre precisi\u00f3n, comodidad y versatilidad es claramente su punto fuerte.<\/p>\n<p>Por otro lado, hay que tener en cuenta algunas limitaciones. La ausencia de pantalla, LED o funciones avanzadas puede frustrar a quienes gustan de centralizar toda la informaci\u00f3n en el volante. Tendr\u00e1s que aceptar mantener la vista en la pantalla del PC o en un cuadro de mandos independiente. Su compatibilidad estrictamente orientada al PC lo hace menos atractivo para el usuario principalmente de consola. Por \u00faltimo, su precio lo sit\u00faa en la categor\u00eda de inversi\u00f3n seria: es coherente con lo que ofrece, pero no es una compra \"improvisada\".<\/p>\n<p>En t\u00e9rminos de valor percibido, si consideramos el volante como un elemento central de una configuraci\u00f3n evolutiva, la inversi\u00f3n est\u00e1 justificada. No est\u00e1s comprando un artilugio que se sustituir\u00e1 cada a\u00f1o, sino una herramienta que puede acompa\u00f1ar a varias generaciones de bases Direct Drive.<\/p>\n<p>En lo que a m\u00ed respecta, lo veo menos como un \"todoterreno para el gran p\u00fablico\" y m\u00e1s como un volante de trabajo para corredores de simulaci\u00f3n exigentes. Si ese es tu perfil, su propuesta tiene mucho sentido.<\/p>\n<h2>Veredicto: un volante de F\u00f3rmula dise\u00f1ado para llevar Direct Drive al l\u00edmite<\/h2>\n<p>El F28-SC V2 de Ascher Racing no cambia el juego con caracter\u00edsticas llamativas, sino haciendo lo que mejor sabe hacer: transmitir las fuerzas de su base Direct Drive con una precisi\u00f3n casi quir\u00fargica. En una configuraci\u00f3n orientada al rendimiento, se convierte r\u00e1pidamente en el centro de control natural alrededor del cual se alinea todo lo dem\u00e1s.<\/p>\n<p>En el mercado, se sit\u00faa claramente en el segmento premium, pero con una filosof\u00eda minimalista. Sin pantalla integrada, sin LED, sin renunciar a la rigidez ni al tacto. Es un producto que abraza plenamente su naturaleza de especialista.<\/p>\n<p>Lo recomendar\u00eda sin dudarlo a aquellos que conducen principalmente en PC, con una musculosa base Direct Drive, y que valoran la precisi\u00f3n, la consistencia y la lectura del agarre por encima de cualquier otra consideraci\u00f3n. Para el jugador ocasional de consola o alguien que busque un solo volante para hacerlo todo (rally, cami\u00f3n, drift...), no es la opci\u00f3n m\u00e1s l\u00f3gica.<\/p>\n<p>Si est\u00e1s buscando una rueda Formula genuina que sea s\u00f3lida, ultra legible en FFB y dise\u00f1ada para el largo plazo, esta F28-SC V2 puede claramente marcar la diferencia en tu configuraci\u00f3n.<\/p>","protected":false},"excerpt":{"rendered":"<p>Este volante me dio la sensaci\u00f3n de una verdadera herramienta de trabajo: muy legible en el FFB, sin florituras, lo que te ayuda a mantenerte preciso y constante en la pista. Sobre todo, tiene sentido para los pilotos de simulaci\u00f3n de PC ya equipados con una base Direct Drive seria y una cabina r\u00edgida. La inversi\u00f3n tiene sentido si buscas rendimiento puro en lugar de ergonom\u00eda todo en uno.<\/p>","protected":false},"featured_media":100293,"comment_status":"open","ping_status":"closed","template":"","meta":{"_acf_changed":false,"_et_pb_use_builder":"","_et_pb_old_content":"","_et_gb_content_width":""},"product_brand":[157],"product_cat":[156],"product_tag":[149],"class_list":{"0":"post-100489","1":"product","2":"type-product","3":"status-publish","4":"has-post-thumbnail","6":"product_brand-ascher-racing","7":"product_cat-roue-de-volant","8":"product_tag-pc","10":"first","11":"instock","12":"shipping-taxable","13":"product-type-external"},"acf":[],"_links":{"self":[{"href":"https:\/\/simracergear.com\/es\/wp-json\/wp\/v2\/product\/100489","targetHints":{"allow":["GET"]}}],"collection":[{"href":"https:\/\/simracergear.com\/es\/wp-json\/wp\/v2\/product"}],"about":[{"href":"https:\/\/simracergear.com\/es\/wp-json\/wp\/v2\/types\/product"}],"replies":[{"embeddable":true,"href":"https:\/\/simracergear.com\/es\/wp-json\/wp\/v2\/comments?post=100489"}],"wp:featuredmedia":[{"embeddable":true,"href":"https:\/\/simracergear.com\/es\/wp-json\/wp\/v2\/media\/100293"}],"wp:attachment":[{"href":"https:\/\/simracergear.com\/es\/wp-json\/wp\/v2\/media?parent=100489"}],"wp:term":[{"taxonomy":"product_brand","embeddable":true,"href":"https:\/\/simracergear.com\/es\/wp-json\/wp\/v2\/product_brand?post=100489"},{"taxonomy":"product_cat","embeddable":true,"href":"https:\/\/simracergear.com\/es\/wp-json\/wp\/v2\/product_cat?post=100489"},{"taxonomy":"product_tag","embeddable":true,"href":"https:\/\/simracergear.com\/es\/wp-json\/wp\/v2\/product_tag?post=100489"}],"curies":[{"name":"wp","href":"https:\/\/api.w.org\/{rel}","templated":true}]}}