{"id":100502,"date":"2025-05-15T07:44:00","date_gmt":"2025-05-15T07:44:00","guid":{"rendered":"https:\/\/simracergear.com\/products\/fanatec-clubsport-dd\/"},"modified":"2025-11-28T04:42:57","modified_gmt":"2025-11-28T04:42:57","slug":"fanatec-clubsport-dd","status":"publish","type":"product","link":"https:\/\/simracergear.com\/es\/products\/fanatec-clubsport-dd\/","title":{"rendered":"Fanatec ClubSport DD+"},"content":{"rendered":"<h2>Fanatec ClubSport DD+: una base Direct Drive que lo hace todo<\/h2>\n<p>El Fanatec ClubSport DD+ llega a un segmento ya de por s\u00ed muy competitivo: el de los volantes Direct Drive de \"gama media alta\", dise\u00f1ados para el piloto de simulaci\u00f3n exigente que no est\u00e1 necesariamente preparado para pasarse a un equipo de competici\u00f3n puro. Promete un par motor generoso, una amplia compatibilidad (especialmente con consolas) y una experiencia m\u00e1s refinada que las generaciones anteriores de bases Fanatec.<\/p>\n<p>Lo que atrae es este posicionamiento h\u00edbrido: lo bastante potente para el simracer experimentado, lo bastante accesible para un jugador de consola que quiera pasarse en serio al Direct Drive. La idea es clara: un \u00fanico producto para cubrir la mayor\u00eda de las necesidades, desde GT de resistencia hasta F\u00f3rmula 1 y un poco de rally.<\/p>\n<p>Por mi parte, abord\u00e9 esta vaina con tres preguntas en mente: la precisi\u00f3n real del Force Feedback, la finura de la informaci\u00f3n transmitida en comparaci\u00f3n con vainas m\u00e1s asequibles, y la capacidad de permanecer c\u00f3modo durante largas sesiones. Tambi\u00e9n me centr\u00e9 en la coherencia del ecosistema Fanatec: volantes, bielas, palancas de cambio y, sobre todo, el software, a menudo subestimado pero crucial.<\/p>\n<p>Se trata claramente de un producto que pretende \"elevar\" una configuraci\u00f3n existente sin pasarse. La ambici\u00f3n es fuerte: hacer que el potente Direct Drive sea m\u00e1s legible, m\u00e1s utilizable y m\u00e1s plug and play que antes. Eso es lo que me propuse averiguar en detalle.<\/p>\n<h2>Dise\u00f1o y fabricaci\u00f3n: serios, s\u00f3lidos, sin florituras<\/h2>\n<p>El ClubSport DD+ da una impresi\u00f3n inmediata de densidad. El chasis met\u00e1lico rezuma rigidez, las superficies son limpias, los bordes est\u00e1n bien acabados y el conjunto tiene esa sensaci\u00f3n de \"bloque compacto\" que espero de una base Direct Drive de este nivel. Tienes la sensaci\u00f3n de que no se trata de un producto desechable, sino de una pieza central que deber\u00eda durar.<\/p>\n<p>En la mano, la sensaci\u00f3n de solidez es evidente. Al manipular el eje o el cierre r\u00e1pido, nada se mueve, nada cruje, ninguna flexi\u00f3n par\u00e1sita. Sobre un cockpit r\u00edgido, la base se mantiene perfectamente en su sitio, incluso al forzar el par. La estructura gestiona muy bien las fuerzas laterales y verticales, lo que es esencial para mantener una sensaci\u00f3n de direcci\u00f3n consistente.<\/p>\n<p>Lo sorprendente es el compromiso entre compacidad y potencia. Para un propulsor con este nivel de par, el tama\u00f1o sigue siendo razonable. Visualmente, no ocupa todo el espacio del chasis, y puede integrarse en habit\u00e1culos que no son necesariamente monstruosos, siempre que el montaje sea correcto.<\/p>\n<p>Aun as\u00ed, hay algunos detalles que decepcionan un poco. No se trata de la rigidez, sino m\u00e1s bien de ciertas elecciones est\u00e9ticas o pr\u00e1cticas: algunas superficies de pl\u00e1stico que sobresalen un poco del resto, una gesti\u00f3n de los cables que podr\u00eda estar mejor pensada y un dise\u00f1o general m\u00e1s bien sobrio, casi fr\u00edo. No es feo, s\u00f3lo muy funcional, sin un verdadero factor sorpresa.<\/p>\n<p>En comparaci\u00f3n con bases menos caras como la Direct Drive b\u00e1sica, la ClubSport DD+ est\u00e1 claramente por encima en t\u00e9rminos de calidad percibida y robustez. Frente a bases a\u00fan m\u00e1s premium, podemos sentir que Fanatec ha buscado un equilibrio: el \u00e9nfasis est\u00e1 en la estructura y el motor, menos en la sofisticaci\u00f3n est\u00e9tica.<\/p>\n<h2>Ajustes, personalizaci\u00f3n y compatibilidad<\/h2>\n<p>En cuanto a los ajustes, estamos en la tradici\u00f3n moderna de Fanatec: muchas opciones, pero una interfaz que sigue siendo utilizable si te tomas el tiempo necesario para entender la l\u00f3gica. Los men\u00fas integrados en la base y los ajustes a trav\u00e9s del software para PC permiten ajustar el par m\u00e1ximo, el filtrado, la linealidad, la fuerza m\u00ednima, los efectos de fricci\u00f3n e inercia y diversos par\u00e1metros de amortiguaci\u00f3n.<\/p>\n<p>Lo que me pareci\u00f3 m\u00e1s \u00fatil fue la posibilidad de definir preajustes por juego y por tipo de coche. Es f\u00e1cil pasar de un perfil GT con un FFB m\u00e1s pesado y filtrado a un perfil F\u00f3rmula m\u00e1s vivo y crudo, sin tener que volver a configurarlo todo cada vez. Hay una curva de aprendizaje, especialmente para los nuevos en Direct Drive, pero no est\u00e1s abrumado. Empezando con un preajuste Fanatec \"por defecto\" razonable, todo lo que tienes que hacer es ajustar gradualmente seg\u00fan tus gustos.<\/p>\n<p>En PC, la compatibilidad es naturalmente muy amplia. La gran ventaja de esta base es su compatibilidad con las consolas (seg\u00fan la versi\u00f3n elegida, en particular para el ecosistema PlayStation), lo que la hace interesante para los jugadores que alternan entre PC y consola sin querer multiplicar las bases. La integraci\u00f3n con las ruedas Fanatec es perfecta, y el ecosistema de llantas cubre pr\u00e1cticamente todo tipo de disciplinas.<\/p>\n<p>Con los platos y bielas Fanatec, la integraci\u00f3n suele ser plug and play a trav\u00e9s de la electr\u00f3nica de base o de puertos dedicados. Con un cuadro de mandos bien dise\u00f1ado, el resultado es un conjunto coherente y limpio, sin necesidad de cajas adicionales ni sistemas de gas.<\/p>\n<p>En cuanto a las posibilidades de mejora, considero que el ClubSport DD+ es una base duradera m\u00e1s que un simple punto de partida. Est\u00e1 claro que puedes construir una configuraci\u00f3n a su alrededor y desarrollarla m\u00e1s (nuevo volante, mejores bielas, cabina m\u00e1s r\u00edgida) sin sentir que la base limita el resto. Es una base s\u00f3lida, no una etapa de transici\u00f3n antes de un modelo mucho m\u00e1s fuerte.<\/p>\n<h2>Sensaciones en el juego: donde destaca ClubSport DD+<\/h2>\n<p>En la pista, lo primero que destaca es la precisi\u00f3n del Force Feedback. La base no s\u00f3lo empuja con fuerza, sino que empuja \"lo justo\". Puedes sentir claramente la diferencia de carga en el volante cuando entras en la curva, cuando llegas al acorde y cuando vuelves a salir cuando vuelves a pisar el acelerador. Entiendes inmediatamente lo que est\u00e1 haciendo el coche.<\/p>\n<p>La lectura del agarre es un verdadero punto fuerte. A medida que te acercas al l\u00edmite de adherencia, el FFB no s\u00f3lo se vuelve m\u00e1s ligero o m\u00e1s pesado: \"habla\". Las microvariaciones del par motor indican lo que ocurre bajo los neum\u00e1ticos. En una combinaci\u00f3n de coche\/pista bien modelada, puedes ver m\u00e1s claramente cuando el tren delantero empieza a patinar o cuando el trasero amenaza con rodar. Te dan ganas de apretar un poco m\u00e1s, porque te sientes mejor preparado para corregir.<\/p>\n<p>En curvas r\u00e1pidas, la estabilidad de la base es tranquilizadora. Incluso con un par elevado, no se cala ni vibra de forma incoherente. Puedes mantener una inclinaci\u00f3n larga sin luchar contra un volante incontrolable. La respuesta es firme pero constante, con una progresi\u00f3n natural de la fuerza. No sientes que luchas contra una m\u00e1quina, sino que dialogas con el coche.<\/p>\n<p>En los vibradores, la delicadeza del Direct Drive es claramente evidente. Puedes sentir la textura, el n\u00famero de bandas, la diferencia entre un vibrador plano y uno agresivo. El ClubSport DD+ reproduce esta informaci\u00f3n sin transformarla en temblor exagerado o ruido par\u00e1sito. Es claro, legible, pero no caricaturesco. Es f\u00e1cil entender d\u00f3nde colocar las ruedas para ganar tiempo sin despistarse.<\/p>\n<p>El motor reacciona con rapidez a las correcciones r\u00e1pidas, sobre todo a la salida de las curvas o cuando la zaga se pierde ligeramente. El par m\u00e1ximo es m\u00e1s que suficiente para devolver la informaci\u00f3n y ofrecer una resistencia cre\u00edble, pero la base no da la impresi\u00f3n de \"pasarse\". Se hacen correcciones, el coche vuelve a la l\u00ednea y el volante se reenfoca con fluidez controlada. Aqu\u00ed es donde la base cambia realmente la experiencia: la autocorrecci\u00f3n se vuelve m\u00e1s instintiva.<\/p>\n<p>En sesiones largas, la consistencia es clave. El par se mantiene estable, el calentamiento est\u00e1 bien controlado y no he notado ninguna p\u00e9rdida progresiva de potencia ni ning\u00fan comportamiento extra\u00f1o con el paso del tiempo. Lo que s\u00ed cambia es el piloto: la fatiga llega m\u00e1s o menos r\u00e1pido en funci\u00f3n del nivel de fuerza elegido. Con un FFB razonablemente ajustado, se puede pilotar durante mucho tiempo sin dolor en los antebrazos, manteniendo un muy buen nivel de informaci\u00f3n.<\/p>\n<p>En comparaci\u00f3n con una base menos potente (como un Direct Drive b\u00e1sico o una base robusta con transmisi\u00f3n por correa), el coche es m\u00e1s f\u00e1cil de leer y m\u00e1s din\u00e1mico. Las transiciones de carga son m\u00e1s r\u00e1pidas, los peque\u00f1os detalles est\u00e1n m\u00e1s presentes y el volante responde con mayor precisi\u00f3n a lo que hace el coche. Hay menos \"desenfoque\" en el centro y menos efectos artificiales.<\/p>\n<p>Comparada con motos mucho m\u00e1s potentes, la ClubSport DD+ se encuentra en una zona interesante: tiene potencia m\u00e1s que suficiente para una conducci\u00f3n comprometida, sin ir demasiado lejos, lo que hace que sea complicada de poner a punto y que canse muy r\u00e1pido si quieres aprovechar todo su potencial. Carece de la brutalidad de algunos monstruos de gama alta, pero no es eso lo que intenta ofrecer. El objetivo parece ser ofrecer una potencia que pueda ser utilizada por un simracer avanzado sin convertirse en una herramienta de preparaci\u00f3n hardcore.<\/p>\n<p>En la pr\u00e1ctica, lo que recuerdo es la combinaci\u00f3n de tres elementos: par generoso, informaci\u00f3n fina y comportamiento coherente a lo largo del tiempo. Te encuentras conduciendo de forma m\u00e1s limpia, porque las se\u00f1ales son m\u00e1s claras. Conduces menos \"visualmente\" y m\u00e1s \"por tacto\".<\/p>\n<h2>\u00bfA qui\u00e9n va dirigido? Lo que nos gusta, lo que no nos gusta<\/h2>\n<p>El ClubSport DD+ est\u00e1 dirigido a dos perfiles principales: el simracer intermedio que acaba de cambiar de una base accionada por correa o un Direct Drive peque\u00f1o y quiere subir de categor\u00eda en serio, y el jugador experimentado de consola o PC que busca una base \u00fanica, potente y duradera, sin cambiar a un equipo demasiado extremo. Para un principiante total, es un poco ambicioso, pero un principiante realmente motivado tambi\u00e9n puede encontrar su camino a largo plazo.<\/p>\n<p>Lo que m\u00e1s aprecio es la calidad del Force Feedback. El volante no s\u00f3lo tira con fuerza, sino que te dice lo que est\u00e1 pasando. Luego est\u00e1 la coherencia del ecosistema Fanatec: volantes, bielas, palancas de cambio, todo se integra perfectamente, lo que facilita la vida a la hora de construir una configuraci\u00f3n completa. Por \u00faltimo, est\u00e1 la sensaci\u00f3n de durabilidad: puedes sentir que esta base ha sido dise\u00f1ada para durar a\u00f1os y para soportar la evoluci\u00f3n del ciclista y del resto del equipo.<\/p>\n<p>Tambi\u00e9n hay que matizar algunos puntos. El primero es el precio y la noci\u00f3n de inversi\u00f3n global. La base, m\u00e1s un buen volante, m\u00e1s posiblemente un juego de bielas adecuado, sumar\u00e1n r\u00e1pidamente. En t\u00e9rminos de valor percibido, tiene sentido por lo que ofrece, pero est\u00e1 claro que no es una compra impulsiva. El segundo punto es la posible complejidad de los ajustes para las personas no acostumbradas a los Direct Drives: aunque los preajustes ayuden, es f\u00e1cil perderse intentando encontrar el ajuste perfecto. En tercer lugar, hay una serie de limitaciones de hardware: la necesidad de una cabina suficientemente r\u00edgida, la gesti\u00f3n de las fijaciones, el espacio f\u00edsico y la fuente de alimentaci\u00f3n, todo ello debe tenerse muy en cuenta.<\/p>\n<p>Para un jugador ocasional, o alguien que utilice principalmente el joystick, la diferencia de presupuesto y complejidad puede no estar justificada. Pero para un simracer que conduce con regularidad y quiere mejorar su precisi\u00f3n y sincronizaci\u00f3n, la relaci\u00f3n inversi\u00f3n\/beneficio se vuelve mucho m\u00e1s atractiva.<\/p>\n<h2>Veredicto: una base fundamental para un montaje serio<\/h2>\n<p>El Fanatec ClubSport DD+ supone un verdadero salto cualitativo en una configuraci\u00f3n. Es un gran sustituto de una transmisi\u00f3n por correa o un peque\u00f1o Direct Drive, ya que proporciona m\u00e1s par motor, informaci\u00f3n m\u00e1s precisa y, sobre todo, una consistencia que aumenta la confianza. Es la pieza central que transforma una buena configuraci\u00f3n en una seria, capaz de seguir el ritmo de un piloto que mejora.<\/p>\n<p>En el mercado, se sit\u00faa en el extremo superior de la gama media, en el l\u00edmite de lo premium. No tan extremo como los monstruos del par dise\u00f1ados para simuladores ultra especializados, pero muy por encima de las soluciones m\u00e1s corrientes. Se dirige a los que quieren un equipo cre\u00edble para trabajar sus trayectorias, la gesti\u00f3n del agarre y las sesiones largas, sin arruinarse.<\/p>\n<p>Yo lo recomendar\u00eda claramente a los corredores de simulaci\u00f3n intermedios y experimentados, tanto de PC como de consola, que corren regularmente y quieren una base s\u00f3lida para los pr\u00f3ximos a\u00f1os. Para alguien que acaba de descubrir el sim racing, o que corre con muy poca frecuencia, una base m\u00e1s sencilla y menos costosa tendr\u00e1 m\u00e1s sentido antes de actualizar eventualmente a este tipo de producto.<\/p>\n<p>Si buscas una base Direct Drive potente, precisa, compatible con un amplio ecosistema y capaz de evolucionar tu estilo de conducci\u00f3n, este producto podr\u00eda marcar claramente la diferencia en tu configuraci\u00f3n.<\/p>","protected":false},"excerpt":{"rendered":"<p>Este ClubSport DD+ me dio la sensaci\u00f3n de aclarar realmente lo que pasaba bajo los neum\u00e1ticos, con un volante que informa m\u00e1s de lo que obliga, y que se mantiene consistente durante largas sesiones. Tiene sentido para pilotos de simulaci\u00f3n intermedios o experimentados, en PC o consola, que quieran una base duradera desde la que progresar en su conducci\u00f3n sin llegar a lo m\u00e1s alto de la gama.<\/p>","protected":false},"featured_media":100503,"comment_status":"open","ping_status":"closed","template":"","meta":{"_acf_changed":false,"_et_pb_use_builder":"","_et_pb_old_content":"","_et_gb_content_width":""},"product_brand":[158],"product_cat":[155],"product_tag":[149,159],"class_list":{"0":"post-100502","1":"product","2":"type-product","3":"status-publish","4":"has-post-thumbnail","6":"product_brand-fanatec","7":"product_cat-base","8":"product_tag-pc","9":"product_tag-playstation","11":"first","12":"instock","13":"shipping-taxable","14":"product-type-external"},"acf":[],"_links":{"self":[{"href":"https:\/\/simracergear.com\/es\/wp-json\/wp\/v2\/product\/100502","targetHints":{"allow":["GET"]}}],"collection":[{"href":"https:\/\/simracergear.com\/es\/wp-json\/wp\/v2\/product"}],"about":[{"href":"https:\/\/simracergear.com\/es\/wp-json\/wp\/v2\/types\/product"}],"replies":[{"embeddable":true,"href":"https:\/\/simracergear.com\/es\/wp-json\/wp\/v2\/comments?post=100502"}],"wp:featuredmedia":[{"embeddable":true,"href":"https:\/\/simracergear.com\/es\/wp-json\/wp\/v2\/media\/100503"}],"wp:attachment":[{"href":"https:\/\/simracergear.com\/es\/wp-json\/wp\/v2\/media?parent=100502"}],"wp:term":[{"taxonomy":"product_brand","embeddable":true,"href":"https:\/\/simracergear.com\/es\/wp-json\/wp\/v2\/product_brand?post=100502"},{"taxonomy":"product_cat","embeddable":true,"href":"https:\/\/simracergear.com\/es\/wp-json\/wp\/v2\/product_cat?post=100502"},{"taxonomy":"product_tag","embeddable":true,"href":"https:\/\/simracergear.com\/es\/wp-json\/wp\/v2\/product_tag?post=100502"}],"curies":[{"name":"wp","href":"https:\/\/api.w.org\/{rel}","templated":true}]}}