{"id":100531,"date":"2025-05-15T07:45:00","date_gmt":"2025-05-15T07:45:00","guid":{"rendered":"https:\/\/simracergear.com\/products\/fanatec-clubsport-dd-f1-esports-v2\/"},"modified":"2025-11-28T04:43:18","modified_gmt":"2025-11-28T04:43:18","slug":"fanatec-clubsport-dd-f1-esports-v2","status":"publish","type":"product","link":"https:\/\/simracergear.com\/es\/products\/fanatec-clubsport-dd-f1-esports-v2\/","title":{"rendered":"Fanatec ClubSport DD F1 Esports V2"},"content":{"rendered":"<h2>Fanatec ClubSport DD F1\u00ae Esports V2: un aut\u00e9ntico salto a la tracci\u00f3n directa \"en serio\".<\/h2>\n<p>La Fanatec ClubSport DD F1\u00ae Esports V2 se posiciona como un punto de entrada de gama alta en el mundo de la transmisi\u00f3n directa. Ya no se trata de una simple actualizaci\u00f3n de una base accionada por correa: estamos entrando claramente en el mundo de las bases serias, dise\u00f1adas para conducir duro, durante mucho tiempo, con un verdadero nivel de detalle en la respuesta de fuerza.<\/p>\n<p>Este paquete est\u00e1 dirigido a un p\u00fablico exigente que desea un accionamiento directo potente pero utilizable, con un volante estilo F1 listo para usar y una s\u00f3lida compatibilidad consola\/PC. Promete un combo plug &amp; play coherente, capaz de cubrir simracing moderno: F1, GT, resistencia, incluso un poco de rally si te gustan las ruedas peque\u00f1as.<\/p>\n<p>Mi punto de vista es sencillo: precisi\u00f3n de tacto, calidad de respuesta, versatilidad real del conjunto y comodidad de uso en el d\u00eda a d\u00eda. \u00bfJustifica esta base DD ClubSport un paso adelante en la configuraci\u00f3n? Y sobre todo, \u00bfes este volante F1 Esports V2 una buena elecci\u00f3n si no conduces \u00fanicamente monoplazas?<\/p>\n<p>Desde las primeras vueltas, se nota que Fanatec busca el equilibrio: potencia, pero sobre todo control. No se trata de demostraci\u00f3n bruta, sino de control. Es este posicionamiento lo que hace que este modelo sea tan interesante.<\/p>\n<h2>Dise\u00f1o y fabricaci\u00f3n: un bloque compacto pero resistente<\/h2>\n<p>Visualmente, la base ClubSport DD es toda una declaraci\u00f3n de intenciones. El chasis met\u00e1lico, con sus l\u00edneas angulosas, da inmediatamente una impresi\u00f3n de rigidez. En la mano, cuando coges la base para montarla en un chasis, sientes una densidad tranquilizadora. No tiene nada de hueco ni de barato: es un material que parece hecho para resistir horas de pedaleo.<\/p>\n<p>El montaje es limpio, sin holguras que interfieran. Los ajustes entre las distintas piezas met\u00e1licas son limpios y las superficies est\u00e1n bien acabadas. El QR (sistema de anclaje al volante) inspira confianza: el bloqueo es sencillo y la conexi\u00f3n el\u00e9ctrica es perfecta. En este punto, estamos hablando claramente de un equipo que est\u00e1 muy por encima de las generaciones anteriores de Fanatec de nivel b\u00e1sico.<\/p>\n<p>El volante F1 Esports V2, con sus empu\u00f1aduras de goma y su panel frontal de fibra de carbono, da una impresi\u00f3n de seriedad. Los botones se pulsan limpiamente y las levas se sienten n\u00edtidas, sin ser excesivamente blandas. En la mano, el di\u00e1metro reducido refuerza la sensaci\u00f3n de capacidad de respuesta. Queda claro de inmediato que este volante est\u00e1 hecho para el ataque.<\/p>\n<p>Lo que sorprende de inmediato es la compacidad de la base en relaci\u00f3n con la potencia que es capaz de producir. Sobre una cabina r\u00edgida, no hay ning\u00fan movimiento par\u00e1sito, la estructura ni se inmuta. En cambio, sobre un soporte ligero o un escritorio, la potencia del accionamiento directo se convierte r\u00e1pidamente en el l\u00edmite del propio soporte.<\/p>\n<p>Donde soy un poco m\u00e1s reservado es en ciertos detalles del acabado del volante en comparaci\u00f3n con volantes premium puros: los materiales de las empu\u00f1aduras, que est\u00e1n bien pero no son de alta gama, o ciertos botones que se sienten un poco \"de pl\u00e1stico\" cuando se manejan fuera del juego. Se nota la diferencia al compararlo con volantes de marcas especializadas de muy alta gama. Pero como parte de un paquete completo, el nivel general sigue siendo muy coherente para el precio.<\/p>\n<p>En comparaci\u00f3n con las bases m\u00e1s modestas del tipo CSL DD, ganamos claramente en la percepci\u00f3n de solidez general y seriedad de fabricaci\u00f3n, sin tener el volumen de las bases extremas del mercado.<\/p>\n<h2>Ajustes, personalizaci\u00f3n y compatibilidad: potente pero manejable<\/h2>\n<p>El ClubSport DD se basa en el ecosistema de software habitual de Fanatec. A trav\u00e9s del panel de control del PC, tienes acceso a todos los ajustes cl\u00e1sicos: fuerza global, filtrado, fricci\u00f3n, amortiguaci\u00f3n, interpolaci\u00f3n, etc. En la base y el volante, los men\u00fas te permiten modificar r\u00e1pidamente los preajustes, lo que se agradece cuando alternas entre F1, GT y rallyes.<\/p>\n<p>La curva de aprendizaje es razonable. Los usuarios intermedios encontrar\u00e1n r\u00e1pidamente su camino. Los preajustes b\u00e1sicos son utilizables desde el principio, pero el verdadero potencial se desbloquea cuando se afina la fuerza m\u00e1xima y la linealidad, y se reducen ciertos filtros para dejar pasar m\u00e1s detalles. Por mi parte, realmente sent\u00ed un paso extra tras unas cuantas sesiones de ajuste fino, en particular al afinar el filtrado para mantener la suavidad sin ahogar la informaci\u00f3n.<\/p>\n<p>En PC, la compatibilidad es amplia y la mayor\u00eda de los simuladores modernos se pueden utilizar sin problemas. En consolas, el paquete sigue la l\u00f3gica de Fanatec: seg\u00fan la versi\u00f3n, la base se reconoce, al igual que el volante, y te beneficias de un uso bastante plug &amp; play. El punto clave es que este kit no se limita a una plataforma espec\u00edfica, lo que resulta tranquilizador si alternas entre PC y consola.<\/p>\n<p>El ecosistema Fanatec es una verdadera ventaja: pedales, palancas de cambio, frenos de mano, otros volantes... Puedes empezar con este paquete como una base s\u00f3lida y luego ampliar gradualmente tu configuraci\u00f3n. Es una aut\u00e9ntica mejora. El volante F1 Esports V2 est\u00e1 muy orientado a los monoplazas y GT modernos, pero nada te impide a\u00f1adir un volante redondo m\u00e1s grande para rallyes o prototipos.<\/p>\n<p>En t\u00e9rminos de durabilidad en una configuraci\u00f3n, estamos claramente sobre una base que podemos mantener durante mucho tiempo. No es un \"peque\u00f1o\" descubrimiento de accionamiento directo, es una plataforma central que puede acompa\u00f1ar a un progreso serio en simracing.<\/p>\n<h2>Sensaciones en juego: donde el accionamiento directo cobra todo su sentido<\/h2>\n<p>En la pista, la firma del ClubSport DD es bastante clara: una respuesta de potencia limpia y precisa, con un buen equilibrio entre potencia y legibilidad. No hay caos en bruto aqu\u00ed, s\u00f3lo una lectura afinada de lo que el coche est\u00e1 haciendo.<\/p>\n<p>La precisi\u00f3n de la FFB es lo que m\u00e1s destaca. Se nota r\u00e1pidamente la diferencia con una base de correa o una peque\u00f1a transmisi\u00f3n directa de nivel b\u00e1sico. La rueda reacciona inmediatamente al menor cambio de agarre. La transici\u00f3n entre agarre y planeo es m\u00e1s gradual y rica en informaci\u00f3n. Entiendes inmediatamente lo que est\u00e1 haciendo el coche, especialmente cuando entras en una curva.<\/p>\n<p>En curvas r\u00e1pidas, la base se mantiene estable, sin oscilaciones par\u00e1sitas siempre que los reglajes est\u00e9n correctamente configurados. El volante F1, con su tama\u00f1o reducido, refuerza la sensaci\u00f3n de capacidad de respuesta: los peque\u00f1os ajustes de la trayectoria se realizan de forma natural, sin necesidad de exagerar los movimientos. Tienes la sensaci\u00f3n de que conduces con las mu\u00f1ecas en lugar de con los brazos, lo que est\u00e1 totalmente en consonancia con el estilo F1\/singular.<\/p>\n<p>Las lecturas de agarre son mucho mejores que con una base menos potente. Puedes sentir cuando el tren delantero empieza a calarse, cuando el trasero se vuelve ligero en los frenos o cuando un vibrador ligeramente agresivo hace que el coche rebote. En cuanto a los vibradores, la respuesta es muy convincente: puedes distinguir un vibrador plano de uno m\u00e1s agresivo, y sobre todo la velocidad a la que lo llevas. Vibra cuando lo necesitas, sin llegar a ser doloroso si ajustas la fuerza correctamente.<\/p>\n<p>En sesiones largas, la consistencia de la base es apreciable. No hay variaci\u00f3n de comportamiento, ni calentamiento que perturbe la sensaci\u00f3n. La fatiga proviene principalmente del nivel de potencia que te impones. Reduciendo la potencia a un nivel razonable, se puede pilotar durante mucho tiempo sin forzar los hombros. El accionamiento directo sigue estando suficientemente presente incluso cuando la potencia no est\u00e1 bien calibrada. Ah\u00ed es donde destaca esta placa base: sigue siendo comunicativa incluso con porcentajes moderados.<\/p>\n<p>En las correcciones r\u00e1pidas, en caso de sobreviraje o p\u00e9rdida de adherencia trasera, la capacidad de respuesta es evidente. La base devuelve inmediatamente los movimientos, y el peque\u00f1o di\u00e1metro del volante ayuda a ponerse a la altura del coche. En una base accionada por correa o un peque\u00f1o DD, estas fases pueden parecer m\u00e1s suaves o ligeramente filtradas. Aqu\u00ed, todo es m\u00e1s directo y sencillo. Se gana claramente confianza en las fases l\u00edmite.<\/p>\n<p>Frente a una base a\u00fan m\u00e1s potente, se pierde un poco en agresividad bruta y par m\u00e1ximo arrancado de las manos. Pero sinceramente, para la mayor\u00eda de los pilotos, este nivel de potencia es m\u00e1s que suficiente. La principal ganancia respecto a una transmisi\u00f3n directa \"ligera\" est\u00e1 en la finura de la se\u00f1al y la estabilidad de la direcci\u00f3n a alta velocidad, m\u00e1s que en la violencia de los golpes. Ah\u00ed es donde esta base cambia realmente la experiencia.<\/p>\n<p>En t\u00e9rminos de inmersi\u00f3n, el paquete F1 Esports V2 base + volante funciona muy bien en t\u00edtulos de F1, GT modernos y prototipos. El formato del volante no es ideal para hacerlo todo, pero la sensaci\u00f3n de conducir una m\u00e1quina de vanguardia est\u00e1 definitivamente ah\u00ed. Te encuentras empujando m\u00e1s fuerte, simplemente porque el volante te da confianza.<\/p>\n<h2>\u00bfA qui\u00e9n va dirigido? Puntos fuertes y d\u00e9biles del d\u00eda a d\u00eda<\/h2>\n<p>Este paquete est\u00e1 claramente dirigido a usuarios motivados de nivel intermedio a avanzado que saben que quieren una transmisi\u00f3n directa seria y un volante de carreras. Un completo principiante puede usarlo, pero la inversi\u00f3n tiene m\u00e1s sentido si ya est\u00e1s enganchado al simracing. En una consola, es una base excelente para alguien que quiera dar un paso adelante respecto a los volantes del mercado de masas. En el PC, encaja perfectamente con una configuraci\u00f3n que quiera seguir siendo vers\u00e1til pero de alto rendimiento.<\/p>\n<p>Una de las cosas que m\u00e1s me gusta es la calidad de la respuesta. El ClubSport DD transmite muchos detalles sin resultar confuso, lo que realmente da la impresi\u00f3n de volar \"por sensaciones\". La compacidad de la base, combinada con su potencia, hace que sea f\u00e1cil de integrar en una cabina sin pelearse por el espacio. Y el ecosistema Fanatec que lo rodea (volantes, pedales, palancas de cambio) aumenta el atractivo: est\u00e1s invirtiendo en un centro de configuraci\u00f3n actualizable, no en un callej\u00f3n sin salida.<\/p>\n<p>Sin embargo, hay que tener en cuenta algunas limitaciones. Debido a su forma y di\u00e1metro, el volante F1 Esports V2 no es el m\u00e1s vers\u00e1til del mundo. Para los rallies, el drifting o las carreras de carretera m\u00e1s \"cl\u00e1sicas\", un volante redondo m\u00e1s grande ser\u00e1 claramente m\u00e1s adecuado. En segundo lugar, la inversi\u00f3n total sigue siendo considerable: est\u00e1s pagando por la calidad de construcci\u00f3n, la potencia y el ecosistema, no es un producto impulsivo o \"econ\u00f3mico\". Por \u00faltimo, la curva de ajuste puede llevar un poco de tiempo para sacar realmente lo mejor de la base. Se puede conducir muy r\u00e1pido con un preajuste, pero para alcanzar el nivel de finura que se espera en esta gama, hay que estar dispuesto a pasar por el proceso de ajuste.<\/p>\n<p>En t\u00e9rminos de valor percibido, todo depende de tu punto de partida. Si vienes de una rueda de iniciaci\u00f3n, el salto es enorme y la inversi\u00f3n se nota inmediatamente en t\u00e9rminos de placer y control. Si ya est\u00e1s con una peque\u00f1a de tracci\u00f3n directa, la ganancia ser\u00e1 m\u00e1s sutil, pero m\u00e1s duradera y m\u00e1s orientada al progreso \"serio\".<\/p>\n<h2>Veredicto: un centro de configuraci\u00f3n para recorridos largos y fuertes.<\/h2>\n<p>El Fanatec ClubSport DD F1\u00ae Esports V2 realmente cambia el coraz\u00f3n de una configuraci\u00f3n. Pasamos de un volante que \"juega a la simulaci\u00f3n\" a una base que se toma la simulaci\u00f3n muy en serio. M\u00e1s par motor, m\u00e1s detalle, m\u00e1s control: todo te anima a conducir de forma m\u00e1s limpia y a buscar el l\u00edmite con confianza.<\/p>\n<p>Este paquete ocupa una posici\u00f3n central en el mercado: no es ni un producto ultraelitista reservado a un nicho, ni un producto para principiantes. Es un propulsor directo premium accesible para aquellos que quieren dar un verdadero paso adelante, sin tener que optar por monstruos de gran tama\u00f1o. El volante F1 Esports V2 completa el paquete para quienes conducen monoplazas y coches GT modernos.<\/p>\n<p>Lo recomendar\u00eda claramente a pilotos de simulaci\u00f3n de nivel intermedio a avanzado que quieran una base duradera, capaz de soportar una cabina completa y una progresi\u00f3n seria. Para un principiante puro o alguien que prefiera la diversi\u00f3n ocasional en carreteras abiertas y rallies, un combo m\u00e1s vers\u00e1til, con un volante redondo b\u00e1sico, podr\u00eda tener m\u00e1s sentido.<\/p>\n<p>Si est\u00e1 buscando un accionamiento directo potente, preciso, actualizable y preparado para el mundo moderno de la F1\/GT, este producto podr\u00eda marcar la diferencia en su configuraci\u00f3n.<\/p>","protected":false},"excerpt":{"rendered":"<p>Este paquete realmente te da la sensaci\u00f3n de pasar a simracing m\u00e1s serio: el volante se convierte en una herramienta de precisi\u00f3n, que te ayuda a leer mejor el agarre y a conducir de forma m\u00e1s limpia. Tiene sentido para los simracers que ya est\u00e1n involucrados, en PC o consola, que aspiran a F1\/GT\/endurance y quieren una base duradera en el centro de una configuraci\u00f3n en evoluci\u00f3n.<\/p>","protected":false},"featured_media":100532,"comment_status":"open","ping_status":"closed","template":"","meta":{"_acf_changed":false,"_et_pb_use_builder":"","_et_pb_old_content":"","_et_gb_content_width":""},"product_brand":[158],"product_cat":[161,173],"product_tag":[149],"class_list":{"0":"post-100531","1":"product","2":"type-product","3":"status-publish","4":"has-post-thumbnail","6":"product_brand-fanatec","7":"product_cat-volant","8":"product_cat-volants-fanatec","9":"product_tag-pc","11":"first","12":"instock","13":"shipping-taxable","14":"product-type-external"},"acf":[],"_links":{"self":[{"href":"https:\/\/simracergear.com\/es\/wp-json\/wp\/v2\/product\/100531","targetHints":{"allow":["GET"]}}],"collection":[{"href":"https:\/\/simracergear.com\/es\/wp-json\/wp\/v2\/product"}],"about":[{"href":"https:\/\/simracergear.com\/es\/wp-json\/wp\/v2\/types\/product"}],"replies":[{"embeddable":true,"href":"https:\/\/simracergear.com\/es\/wp-json\/wp\/v2\/comments?post=100531"}],"wp:featuredmedia":[{"embeddable":true,"href":"https:\/\/simracergear.com\/es\/wp-json\/wp\/v2\/media\/100532"}],"wp:attachment":[{"href":"https:\/\/simracergear.com\/es\/wp-json\/wp\/v2\/media?parent=100531"}],"wp:term":[{"taxonomy":"product_brand","embeddable":true,"href":"https:\/\/simracergear.com\/es\/wp-json\/wp\/v2\/product_brand?post=100531"},{"taxonomy":"product_cat","embeddable":true,"href":"https:\/\/simracergear.com\/es\/wp-json\/wp\/v2\/product_cat?post=100531"},{"taxonomy":"product_tag","embeddable":true,"href":"https:\/\/simracergear.com\/es\/wp-json\/wp\/v2\/product_tag?post=100531"}],"curies":[{"name":"wp","href":"https:\/\/api.w.org\/{rel}","templated":true}]}}