{"id":100544,"date":"2025-05-15T07:45:00","date_gmt":"2025-05-15T07:45:00","guid":{"rendered":"https:\/\/simracergear.com\/products\/fanatec-clubsport-handbrake-v-1-5\/"},"modified":"2025-11-28T04:43:44","modified_gmt":"2025-11-28T04:43:44","slug":"fanatec-clubsport-handbrake-v-1-5","status":"publish","type":"product","link":"https:\/\/simracergear.com\/es\/products\/fanatec-clubsport-handbrake-v-1-5\/","title":{"rendered":"Freno de mano Fanatec Clubsport V1.5"},"content":{"rendered":"<h2>Freno de mano Fanatec Clubsport V1.5: un freno de mano serio para simracers exigentes<\/h2>\n<p>El freno de mano Fanatec Clubsport V1.5 pertenece claramente a la categor\u00eda de perif\u00e9ricos \"serios\" para simracing. No se trata de un juguete, ni de un gadget, sino de un aut\u00e9ntico freno de mano anal\u00f3gico dise\u00f1ado para rallyes, derrapes y todas las disciplinas en las que controlar la parte trasera cuenta tanto como pisar el acelerador. Est\u00e1 dirigido al segmento intermedio\/avanzado: m\u00e1s fuerte y cre\u00edble que los peque\u00f1os frenos de mano de entrada de gama, pero sin llegar a los precios disparatados de algunos modelos de gama ultra alta.<\/p>\n<p>Sobre el papel, promete un control preciso de la carrera, una construcci\u00f3n totalmente met\u00e1lica a largo plazo y una integraci\u00f3n perfecta en el ecosistema Fanatec. La idea es sencilla: ofrecer un freno de mano que te permita controlar, no solo soltar.<\/p>\n<p>Mi objetivo es muy concreto: sensaci\u00f3n en la mano, progresividad en el juego, calidad de los materiales y facilidad real de integraci\u00f3n en una configuraci\u00f3n existente. El objetivo es ver si el freno de mano V1.5 realmente aporta algo a la experiencia de conducci\u00f3n, o si es s\u00f3lo un accesorio para los aficionados a los detalles. Est\u00e1 claro que se trata de un dispositivo capaz de convertir una etapa de rally o una serie de curvas en un derrape. Queda por ver si lo hace con delicadeza y fiabilidad.<\/p>\n<h2>Dise\u00f1o y fabricaci\u00f3n<\/h2>\n<p>En la mano, el freno de mano Fanatec Clubsport V1.5 da inmediatamente la impresi\u00f3n de ser un bloque s\u00f3lido. Estructura met\u00e1lica, palanca s\u00f3lida, pocas piezas de pl\u00e1stico visibles. Es una m\u00e1quina que inspira confianza desde el primer momento en que la tocas. Nada se mueve, nada suena a hueco. La densidad est\u00e1 ah\u00ed, y se tiene la impresi\u00f3n de un equipo capaz de soportar cientos de miles de impresiones sin inmutarse.<\/p>\n<p>El acabado es limpio y sobrio, m\u00e1s propio de una herramienta de trabajo que de un objeto decorativo. Las superficies est\u00e1n bien mecanizadas, la pintura es seria y los \u00e1ngulos son limpios, sin rebabas. Los ajustes mec\u00e1nicos (eje, muelle, topes) no dan la impresi\u00f3n de bricolaje, sino de producto industrial dominado. Se nota que ha sido dise\u00f1ado para ser maltratado.<\/p>\n<p>Lo sorprendente es la rigidez del conjunto. Una vez colocada correctamente en un cockpit o en una placa adecuada, la palanca apenas se retuerce, ni siquiera cuando se empuja con fuerza. La respuesta de la mec\u00e1nica es n\u00edtida y limpia, sin interferencias. R\u00e1pidamente te das cuenta de que este freno de mano est\u00e1 dise\u00f1ado para ser accionado con fuerza.<\/p>\n<p>Lo que puede resultar un poco decepcionante es la ergonom\u00eda en bruto. Por defecto, el mango es bastante sencillo, sin empu\u00f1aduras extravagantes ni espumas ultrac\u00f3modas. Es funcional, pero no lujosa. El acabado es muy bueno, pero no es \"de sal\u00f3n\", como las piezas mecanizadas a medida. Est\u00e1 entre profesional y semiprofesional.<\/p>\n<p>En comparaci\u00f3n con los frenos de mano de pl\u00e1stico de gama muy b\u00e1sica, es la noche y el d\u00eda. En comparaci\u00f3n con ciertos modelos de gama alta fabricados a mano, perdemos un poco del aspecto de \"joya mec\u00e1nica\", pero ganamos en t\u00e9rminos de integraci\u00f3n y coherencia general en una configuraci\u00f3n Fanatec. La impresi\u00f3n general sigue siendo la de un producto robusto, preparado para soportar el ajetreo diario de un simracer que sale mucho a la carretera.<\/p>\n<h2>Ajustes, personalizaci\u00f3n y compatibilidad<\/h2>\n<p>En cuanto a los ajustes de hardware, el freno de mano Clubsport V1.5 permite ajustar la posici\u00f3n de la palanca (horizontal o m\u00e1s vertical, seg\u00fan la configuraci\u00f3n del cockpit o el estilo de rally), as\u00ed como la resistencia del muelle. El rango de ajuste no es infinito, pero es suficiente para adaptar la dureza a tu estilo: m\u00e1s suave para derrapes muy reactivos, m\u00e1s firme para rallyes en los que quieres controlar la fuerza de forma m\u00e1s natural.<\/p>\n<p>No estamos hablando de la misma complejidad de ajuste que un plato con una c\u00e9lula de carga ultra personalizable, pero los ajustes que se ofrecen tienen un impacto real en el juego. Puedes pasar de un freno de mano muy corto y nervioso a algo m\u00e1s progresivo y largo durante una carrera, lo que realmente cambia la forma de gestionar el planeo.<\/p>\n<p>En un PC, la detecci\u00f3n es sencilla, especialmente si ya formas parte del ecosistema Fanatec. Conectado a trav\u00e9s de una base o m\u00f3dulo compatible, el freno de mano se reconoce como una entrada anal\u00f3gica y funciona bien con los men\u00fas de calibraci\u00f3n del juego. En las consolas, todo depende tanto de la base Fanatec utilizada como de la compatibilidad del juego. En la pr\u00e1ctica, en la mayor\u00eda de los casos se puede aprovechar la integraci\u00f3n a trav\u00e9s de la base, pero no es un perif\u00e9rico \"universal\" independiente que se pueda conectar directamente a una consola.<\/p>\n<p>La compatibilidad con el ecosistema Fanatec es su verdadero punto fuerte. Volantes Clubsport o CSL, pedales, palancas de cambio: todo est\u00e1 encadenado de forma bastante clara. Da la sensaci\u00f3n de que este freno de mano se ha dise\u00f1ado para formar parte de una configuraci\u00f3n global y no para funcionar por s\u00ed solo. La evoluci\u00f3n es sencilla: puedes a\u00f1adirlo a una configuraci\u00f3n existente como un ladrillo adicional, y mantenerlo a medida que subes de gama en la base o el volante.<\/p>\n<p>La curva de aprendizaje sigue siendo razonable. Lleva un poco de tiempo acostumbrarse a las carreras y las proporciones, especialmente si vienes de un simple bot\u00f3n de freno de mano. Una vez calibrado en el juego y ajustado mec\u00e1nicamente, le coger\u00e1s el truco r\u00e1pidamente. No es un perif\u00e9rico que asuste, pero requiere un poco de tiempo para sacarle el m\u00e1ximo partido.<\/p>\n<h2>Sensaciones en juego<\/h2>\n<p>Donde realmente destaca el freno de mano Fanatec Clubsport V1.5 es, por supuesto, en condiciones de juego, sobre grava, nieve o asfalto a la deriva. Lo primero que llama la atenci\u00f3n es lo progresiva que es la carrera. Realmente puedes sentir c\u00f3mo la parte trasera \"frena\" a medida que tiras de la palanca, en lugar de activarse y desactivarse de repente. La transici\u00f3n entre agarre y planeo es mucho m\u00e1s clara.<\/p>\n<p>La precisi\u00f3n no tiene nada que ver con un bot\u00f3n o un freno de mano digital. Aqu\u00ed, puedes decidir aligerar ligeramente la parte trasera para registrar el coche, o ir a por un viento cruzado de verdad. Con un freno de mano b\u00e1sico, a menudo est\u00e1s totalmente enganchado o completamente de lado. Con este modelo, es posible afinar la dosificaci\u00f3n. Sobre todo, se gana en matices.<\/p>\n<p>En las curvas cerradas de rally, el coche se posiciona de forma m\u00e1s natural. Puedes accionar el freno de mano al inicio de la curva, soltarlo gradualmente para colgar el agarre y ajustar realmente el radio de la curva con la palanca. El coche se vuelve m\u00e1s vivo, pero tambi\u00e9n m\u00e1s predecible. Ya no est\u00e1s sujeto al deslizamiento, lo controlas.<\/p>\n<p>En vibradores o en transici\u00f3n superficial, el freno de mano no genera una respuesta f\u00edsica como un volante Direct Drive, pero su sensibilidad te permite adaptarte a lo que lees visualmente y al FFB del volante. Cuando el coche empieza a perseguirse al frenar, la palanca te da el control suficiente para corregir sin romperlo todo. Pronto te das cuenta de cu\u00e1ndo te has pasado.<\/p>\n<p>En derrape, es a\u00fan m\u00e1s evidente. El inicio del derrape es claro y controlable. Puedes pisar el freno de mano para iniciar el derrape, y luego jugar con la recuperaci\u00f3n no llegando al tope en cada tir\u00f3n. La secuencia de giros se hace m\u00e1s suave, y se gana en consistencia en sesiones largas. El brazo se cansa menos si el muelle est\u00e1 bien ajustado, y el movimiento de la mu\u00f1eca sigue siendo natural.<\/p>\n<p>En sesiones largas, la consistencia es buena. La palanca tiene el mismo tacto, sin deriva perceptible y sin ruidos sospechosos. La mec\u00e1nica inspira confianza, algo esencial si quieres mantener una conducci\u00f3n estable. No pasas el tiempo pensando en el freno de mano; lo utilizas casi autom\u00e1ticamente, como una extensi\u00f3n de tu brazo.<\/p>\n<p>En comparaci\u00f3n con un improvisado \"freno de mano\" mediante un bot\u00f3n en el volante o una peque\u00f1a palanca de pl\u00e1stico de nivel b\u00e1sico, la ganancia en inmersi\u00f3n y confianza es enorme. Por fin tenemos algo que se parece a un aut\u00e9ntico cockpit de rally o drift. Comparado con algunos de los sistemas de gama a\u00fan m\u00e1s alta basados en sensores o sistemas hidr\u00e1ulicos m\u00e1s avanzados, el Fanatec es un poco menos refinado al final de la carrera y en la sensaci\u00f3n de 'parada', pero la relaci\u00f3n precisi\u00f3n\/simplicidad\/integraci\u00f3n sigue siendo muy interesante.<\/p>\n<p>Lo que realmente cambia es la capacidad de hacer correcciones r\u00e1pidas y calculadas. Cuando la parte trasera se cala m\u00e1s de lo esperado, una ligera liberaci\u00f3n de la palanca permite que el coche se recupere sin perder todo el control. Simplemente no tienes este margen de ajuste con un sistema puramente digital. En juego, esto se traduce en m\u00e1s confianza y m\u00e1s placer al atacar.<\/p>\n<h2>\u00bfA qui\u00e9n va dirigido? Lo que nos gusta \/ Lo que no nos gusta<\/h2>\n<p>El Fanatec Clubsport Handbrake V1.5 est\u00e1 claramente dirigido al simracer que ya ha invertido un m\u00ednimo en su configuraci\u00f3n. Perfil t\u00edpico: jugador de nivel intermedio a experimentado, orientado al rally, drift o carreras en circuitos con pasos estrechos, que conduce con regularidad y desea un control m\u00e1s cre\u00edble de la parte trasera. Para el principiante puro ocasional, el presupuesto y la especializaci\u00f3n pueden parecer desproporcionados, especialmente si el resto de la configuraci\u00f3n sigue siendo b\u00e1sica.<\/p>\n<p>Lo que m\u00e1s aprecio es la construcci\u00f3n general. Parece un producto dise\u00f1ado para durar y soportar la tensi\u00f3n, sin holguras ni flexiones preocupantes. Luego est\u00e1 la progresividad de la conducci\u00f3n: la posibilidad de controlar el deslizamiento cambia literalmente la forma de atacar una curva en rally o drifting. Por \u00faltimo, la integraci\u00f3n en el ecosistema Fanatec es un verdadero punto a favor: una vez enchufado a una base compatible, todo se comunica bien, el reconocimiento en los juegos es fluido y mantienes una configuraci\u00f3n coherente que parece un cockpit real.<\/p>\n<p>Pero hay l\u00edmites. La ergonom\u00eda de la empu\u00f1adura es bastante neutra: cumple su funci\u00f3n, pero le falta un poco de comodidad o de agarre para los que gustan de sesiones largas o de una sensaci\u00f3n muy \"pro rally\". Algunos tambi\u00e9n encontrar\u00e1n las opciones de ajuste mec\u00e1nico un poco limitadas en comparaci\u00f3n con los modelos de gama muy alta, sobre todo en t\u00e9rminos de granularidad de la resistencia y el tacto del tope. Un \u00faltimo punto: para los jugadores que a\u00fan no est\u00e1n con Fanatec, la integraci\u00f3n puede ser menos sencilla, y el producto pierde parte de su atractivo en comparaci\u00f3n con un freno de mano universal independiente.<\/p>\n<p>En t\u00e9rminos de valor, se trata de una inversi\u00f3n seria pero coherente para una configuraci\u00f3n de gama intermedia a avanzada. No es una compra impulsiva, es una elecci\u00f3n meditada para aquellos que se toman en serio los rallyes o el drifting. En una configuraci\u00f3n ya bien equipada, este freno de mano V1.5 claramente aporta un nivel extra de realismo y control.<\/p>\n<h2>Veredicto: una verdadera ventaja para los rallyes y el drifting<\/h2>\n<p>El freno de mano Fanatec Clubsport V1.5 aporta algo muy tangible a una configuraci\u00f3n: la transici\u00f3n de un simple gatillo deslizante a una verdadera herramienta de dosificaci\u00f3n trasera. Transforma una cabina orientada a la pista en una cabina cre\u00edble de rally y drift. Es el accesorio que convierte una configuraci\u00f3n \"generalista\" en algo m\u00e1s especializado y envolvente.<\/p>\n<p>En el mercado, se sit\u00faa en la gama media\/alta: muy por encima de los minifrenos de mano de juguete, pero m\u00e1s accesible y m\u00e1s plug &amp; play que algunos sistemas ultraespecializados. Brilla m\u00e1s cuando se utiliza en un ecosistema Fanatec, donde su integraci\u00f3n y fiabilidad tienen sentido.<\/p>\n<p>Lo recomendar\u00eda a cualquiera que compita regularmente en rally, rallycross o drift, ya equipado con una base y un volante decentes, y que quiera llevar su control de planeo al siguiente nivel. Para un principiante puro o un jugador muy ocasional, es mejor invertir en un buen volante y una pedalera s\u00f3lida antes de pensar en un freno de mano dedicado.<\/p>\n<p>Si buscas un mejor control en la parte trasera, unos cortes transversales m\u00e1s medidos y unas especiales m\u00e1s vivas, este producto podr\u00eda marcar la diferencia en tu configuraci\u00f3n.<\/p>","protected":false},"excerpt":{"rendered":"<p>Este freno de mano proporciona una verdadera ganancia de control sobre el planeo: se pasa de un simple gatillo a una herramienta precisa para posicionar la trasera en rally y derrape, con una tranquilizadora sensaci\u00f3n de solidez. Sobre todo, tiene sentido para los simracers intermedios o experimentados ya equipados con Fanatec. Sigue siendo una inversi\u00f3n que merece la pena si compites a menudo en estas disciplinas.<\/p>","protected":false},"featured_media":100545,"comment_status":"open","ping_status":"closed","template":"","meta":{"_acf_changed":false,"_et_pb_use_builder":"","_et_pb_old_content":"","_et_gb_content_width":""},"product_brand":[158],"product_cat":[150],"product_tag":[149,159,160],"class_list":{"0":"post-100544","1":"product","2":"type-product","3":"status-publish","4":"has-post-thumbnail","6":"product_brand-fanatec","7":"product_cat-frein-a-main","8":"product_tag-pc","9":"product_tag-playstation","10":"product_tag-xbox","12":"first","13":"instock","14":"shipping-taxable","15":"product-type-external"},"acf":[],"_links":{"self":[{"href":"https:\/\/simracergear.com\/es\/wp-json\/wp\/v2\/product\/100544","targetHints":{"allow":["GET"]}}],"collection":[{"href":"https:\/\/simracergear.com\/es\/wp-json\/wp\/v2\/product"}],"about":[{"href":"https:\/\/simracergear.com\/es\/wp-json\/wp\/v2\/types\/product"}],"replies":[{"embeddable":true,"href":"https:\/\/simracergear.com\/es\/wp-json\/wp\/v2\/comments?post=100544"}],"wp:featuredmedia":[{"embeddable":true,"href":"https:\/\/simracergear.com\/es\/wp-json\/wp\/v2\/media\/100545"}],"wp:attachment":[{"href":"https:\/\/simracergear.com\/es\/wp-json\/wp\/v2\/media?parent=100544"}],"wp:term":[{"taxonomy":"product_brand","embeddable":true,"href":"https:\/\/simracergear.com\/es\/wp-json\/wp\/v2\/product_brand?post=100544"},{"taxonomy":"product_cat","embeddable":true,"href":"https:\/\/simracergear.com\/es\/wp-json\/wp\/v2\/product_cat?post=100544"},{"taxonomy":"product_tag","embeddable":true,"href":"https:\/\/simracergear.com\/es\/wp-json\/wp\/v2\/product_tag?post=100544"}],"curies":[{"name":"wp","href":"https:\/\/api.w.org\/{rel}","templated":true}]}}