{"id":100553,"date":"2025-05-15T07:46:00","date_gmt":"2025-05-15T07:46:00","guid":{"rendered":"https:\/\/simracergear.com\/products\/fanatec-clubsport-pedals-v3\/"},"modified":"2025-11-28T04:44:27","modified_gmt":"2025-11-28T04:44:27","slug":"fanatec-clubsport-pedals-v3","status":"publish","type":"product","link":"https:\/\/simracergear.com\/es\/products\/fanatec-clubsport-pedals-v3\/","title":{"rendered":"Pedales Fanatec ClubSport V3"},"content":{"rendered":"<h2>Pedales Fanatec ClubSport V3: un verdadero paso adelante en la configuraci\u00f3n de sim racing<\/h2>\n<p>Los Pedales Fanatec ClubSport V3 se posicionan claramente como unos platos y bielas de gama media\/alta, dise\u00f1ados para corredores de simulaci\u00f3n que quieren pasar de un \"equipamiento b\u00e1sico\" a algo serio sin caer en la categor\u00eda extrema de gama alta a medida. Sobre el papel, promete un frenado preciso gracias a la c\u00e9lula de carga, una robusta construcci\u00f3n met\u00e1lica y una gran capacidad de ajuste para adaptarse a diferentes estilos de conducci\u00f3n.<\/p>\n<p>Este juego de bielas es muy atractivo porque a menudo se presenta como el punto de entrada \"serio\" a la frenada a presi\u00f3n, m\u00e1s que a la frenada de competici\u00f3n. La idea es acercarse a la sensaci\u00f3n de un aut\u00e9ntico deportivo: se frena con la pierna, no con el tobillo. Es en este punto en el que me centr\u00e9 especialmente, fij\u00e1ndome en la precisi\u00f3n de la frenada, la progresividad del acelerador, la facilidad de embrague y el comportamiento en sesiones largas.<\/p>\n<p>Mi punto de vista es simple: \u00bfjustifican estas ClubSport V3 la inversi\u00f3n en comparaci\u00f3n con unas bielas b\u00e1sicas, y est\u00e1n a la altura de las bielas de sim racing m\u00e1s recientes, algunas de ellas de gama m\u00e1s alta o hidr\u00e1ulicas? Y sobre todo, \u00bfrealmente te ayudan a pilotar de forma m\u00e1s limpia, m\u00e1s consistente y con menos errores de frenada?  <\/p>\n<h2>Dise\u00f1o y fabricaci\u00f3n<\/h2>\n<p>Al sacar los pedales ClubSport V3 de su embalaje, la impresi\u00f3n general es inmediatamente la de un producto serio. Todo es pr\u00e1cticamente de metal: el cuadro, los brazos de los pedales y los platos. Visualmente, rezuma rigidez y coherencia de dise\u00f1o. El acabado es limpio, con piezas bien mecanizadas, bordes bien controlados y un aspecto general muy \"sim racing\" sin pasarse.<\/p>\n<p>Los pedales son realmente densos al tacto. Al tocarlos, no se siente nada hueco, los movimientos son firmes y no hay holgura. R\u00e1pidamente se tiene la impresi\u00f3n de una unidad compacta, capaz de soportar frenadas muy fuertes sin inmutarse. Este es un punto importante: sientes que la c\u00e9lula de carga est\u00e1 ah\u00ed para que empujes con fuerza, y el chasis te sigue sin retorcerse. Montado en una cabina r\u00edgida, todo el conjunto parece realmente un equipo serio.<\/p>\n<p>Lo que sorprende es el nivel de acabado para un producto de este segmento de precio. No hablamos de bielas artesanales ni de hidr\u00e1ulicos completos, pero nos acercamos en cuanto a presencia f\u00edsica. Peque\u00f1os detalles como los topes, la gesti\u00f3n de los muelles y la integraci\u00f3n de la vibraci\u00f3n en el freno y el acelerador dan la impresi\u00f3n de un producto bien pensado para un uso intensivo.<\/p>\n<p>Sin embargo, hay algunos puntos menos halag\u00fce\u00f1os. Los sensores del acelerador y del embrague son precisos, pero su tacto mec\u00e1nico es m\u00e1s simple que el que se encuentra en bielas dise\u00f1adas para la competici\u00f3n pura. Algunas de las piezas secundarias de pl\u00e1stico y los cables visibles pueden desvirtuar un poco la sensaci\u00f3n de \"tanque indestructible\". Y en comparaci\u00f3n con bielas m\u00e1s recientes, con a\u00fan m\u00e1s opciones de montaje o pedales totalmente modulares, la V3 parece un poco m\u00e1s cl\u00e1sica en su arquitectura.<\/p>\n<p>En general, comparado con un plato b\u00e1sico de pl\u00e1stico o metal ligero, estamos en otro mundo. En comparaci\u00f3n con las bielas de c\u00e9lula de carga de la competencia, la ClubSport V3 sigue siendo muy cre\u00edble en t\u00e9rminos de rigidez y acabado. Da la sensaci\u00f3n de que se trata de un producto dise\u00f1ado para durar.  <\/p>\n<h2>Ajustes, personalizaci\u00f3n y compatibilidad<\/h2>\n<p>Los pedales ClubSport V3 ofrecen un buen nivel de ajuste mec\u00e1nico. Se puede ajustar la posici\u00f3n lateral de los pedales, su altura, \u00e1ngulo y dureza, especialmente en el freno. La sensibilidad de la c\u00e9lula de carga puede ajustarse, y los elementos de elast\u00f3mero suministrados pueden utilizarse para ajustar la progresividad: frenada m\u00e1s dura, m\u00e1s corta o, por el contrario, un poco m\u00e1s progresiva. Aqu\u00ed es donde los platos y bielas realmente destacan, porque puedes adaptar la resistencia a tu posici\u00f3n de conducci\u00f3n y a la fuerza de tus piernas.<\/p>\n<p>El acelerador es fluido, bastante progresivo y de tensi\u00f3n regulable. Puede tener un tacto ligero para un uso m\u00e1s \"c\u00f3modo\", o un poco m\u00e1s firme para una reaceleraci\u00f3n m\u00e1s precisa. El embrague tiene una marcada sensaci\u00f3n de punto de deslizamiento, lo que ayuda con los arranques y las reducciones en coches manuales. No es el embrague m\u00e1s realista del mercado, pero cumple su funci\u00f3n con un tacto consistente.<\/p>\n<p>En cuanto al software, a trav\u00e9s del controlador Fanatec en el PC, se pueden calibrar los pedales con bastante detalle: zonas muertas, curvas de respuesta, inversi\u00f3n si es necesario. La interfaz es clara, a veces un poco austera, pero pronto te orientar\u00e1s. La curva de aprendizaje lleva un poco de tiempo, sobre todo para ajustar la presi\u00f3n de frenado \u00f3ptima. A menudo se necesitan varias sesiones para encontrar el ajuste ideal entre la dureza f\u00edsica y la sensibilidad del sensor.<\/p>\n<p>En cuanto a la compatibilidad, los ClubSport Pedals V3 funcionan muy bien en PC, ya sea directamente por USB o a trav\u00e9s de una base Fanatec. En una consola, lo m\u00e1s sencillo es utilizarlos enchufados a una base Fanatec compatible, integrada en el ecosistema. Aqu\u00ed es donde los pedales realmente destacan: bases, volantes, palancas de cambio, todo se comunica correctamente, y la gesti\u00f3n de las vibraciones (ABS, deslizamiento, bloqueo) se aprovecha mejor.<\/p>\n<p>En t\u00e9rminos de capacidad de actualizaci\u00f3n, este es claramente un plato que puede permanecer en una configuraci\u00f3n durante mucho tiempo. Se puede utilizar como el primer plato \"real\" serio, y no ser\u00e1 el eslab\u00f3n d\u00e9bil incluso si actualizas la base o el cockpit. Es una soluci\u00f3n que resistir\u00e1 un uso intensivo, sin necesidad de cambiar inmediatamente a unas bielas full-hydraulic mucho m\u00e1s caras.  <\/p>\n<h2>Sensaciones en juego<\/h2>\n<p>El quid de la cuesti\u00f3n es c\u00f3mo se siente en la pista, y aqu\u00ed los Pedales ClubSport V3 dan un verdadero salto adelante en comparaci\u00f3n con los platos y bielas originales. Lo que lo cambia todo, por supuesto, es el freno de c\u00e9lula de carga. Se frena por presi\u00f3n, no por recorrido. En concreto, el cerebro se adapta r\u00e1pidamente: anclas el tal\u00f3n, empujas con la pierna, y la dosis de freno se hace mucho m\u00e1s f\u00e1cil de repetir de una vuelta a otra.<\/p>\n<p>Al entrar en una curva, se nota enseguida la diferencia. Puedes aspirar a un porcentaje muy constante de presi\u00f3n de frenado, lo que mejora la estabilidad de frenado, especialmente en coches sin ABS o muy sensibles a la transferencia de masa. Se bloquean menos las ruedas, o mejor dicho, se bloquean de forma m\u00e1s controlada. Sabes a qu\u00e9 nivel de fuerza est\u00e1s calando, y eres capaz de asentarte en \u00e9l. Entiendes mucho mejor lo que hace el coche al frenar.<\/p>\n<p>Durante la fase de frenado del trail, cuando sueltas gradualmente el freno al entrar en la curva, los pedales realmente ayudan. La retroalimentaci\u00f3n del juego, combinada con la firmeza del pedal, significa que puedes afinar la transici\u00f3n entre la frenada y el inicio del apoyo. Pierdes menos el tren delantero y es m\u00e1s f\u00e1cil evitar el subviraje causado por una frenada demasiado larga o brusca.<\/p>\n<p>Las vibraciones integradas en el pedal de freno son \u00fatiles cuando se configuran correctamente en el software. Puedes sentir m\u00e1s claramente el bloqueo de las ruedas o las se\u00f1ales del ABS. No es necesariamente esencial, pero en ciertas simulaciones, a\u00f1ade una capa extra de informaci\u00f3n sin ser efectista. Te ayuda a reaccionar un poco antes ante una frenada al l\u00edmite.<\/p>\n<p>El acelerador es agradablemente progresivo. El pedal proporciona una dosis precisa de reaceleraci\u00f3n, especialmente al salir de curvas lentas. Donde un pedal b\u00e1sico puede dar una sensaci\u00f3n de todo o nada, los V3 ofrecen un control de tracci\u00f3n m\u00e1s fino. En coches potentes, esto es apreciable: eres m\u00e1s capaz de compensar la p\u00e9rdida de adherencia, y modulas el acelerador en lugar de responder demasiado bruscamente. En superficies vibrantes, se mantiene una buena estabilidad al volver a acelerar, siempre que el propio puesto de conducci\u00f3n no se mueva.<\/p>\n<p>En cuanto al embrague, est\u00e1 bien para arranques tipo parrilla o para coches de \u00e9poca. El punto de agarre es f\u00e1cil de identificar, lo que facilita el arranque sin un deslizamiento excesivo. No es el elemento que m\u00e1s cambia la experiencia, pero no estropea nada.<\/p>\n<p>En sesiones largas, lo que destaca es el confort f\u00edsico. La dureza de los frenos puede ajustarse bastante alta, pero aun as\u00ed, la repetibilidad est\u00e1 ah\u00ed. No te pasas el tiempo buscando el punto de frenado \"sobre la marcha\". La memoria muscular hace el trabajo, y te estableces en una fuerza de presi\u00f3n. Ganas en consistencia vuelta a vuelta. Tus piernas se cansan un poco m\u00e1s que con un plato blando, pero por otro lado, luchas menos con la falta de precisi\u00f3n.<\/p>\n<p>En comparaci\u00f3n con un plato b\u00e1sico o de gama media sin c\u00e9lula de carga, hay una clara diferencia en t\u00e9rminos de control y confianza. Te atreves a frenar m\u00e1s tarde porque sabes que podr\u00e1s modular sin perderlo todo. En comparaci\u00f3n con los platos y bielas de gama m\u00e1s alta, especialmente los hidr\u00e1ulicos, los V3 est\u00e1n todav\u00eda un poco por detr\u00e1s en cuanto al realismo del tacto mec\u00e1nico, especialmente en cuanto a la delicadeza de las microvariaciones de presi\u00f3n. Pero en su categor\u00eda, ofrecen un excelente compromiso entre precisi\u00f3n, comodidad y facilidad de uso.<\/p>\n<p>En correcciones r\u00e1pidas, cuando necesitas reaccionar ante un sobreviraje o una frenada repentina, los pedales te siguen sin miramientos. Puedes levantar el pie del freno o cortar ligeramente el acelerador de forma precisa, casi instintiva. Aqu\u00ed es donde la V3 cambia realmente la experiencia: el coche se vuelve m\u00e1s legible, m\u00e1s predecible, y te concentras m\u00e1s en la trayectoria que en luchar con el material.  <\/p>\n<h2>\u00bfA qui\u00e9n va dirigido? Lo que nos gusta \/ Lo que no nos gusta<\/h2>\n<p>Los pedales Fanatec ClubSport V3 est\u00e1n dirigidos principalmente a corredores de simulaci\u00f3n de nivel intermedio a avanzado, en PC o consola, que quieran dar un paso adelante serio sin entrar en la gama casera de gama muy alta. Es una buena elecci\u00f3n para alguien que ya disponga de un cockpit razonablemente r\u00edgido, una base decente (que encontrar\u00e1 en la gama media o accesible de tracci\u00f3n directa) y que considere que sus pedales actuales limitan su rendimiento, especialmente en frenada.<\/p>\n<p>Lo que m\u00e1s aprecio es la consistencia general del producto. El freno de c\u00e9lula de carga ofrece una gran ganancia en control y consistencia. La construcci\u00f3n met\u00e1lica da una verdadera sensaci\u00f3n de confianza: te atreves a apretar fuerte sin miedo a romper nada. Y la gama de ajustes mec\u00e1nicos y de software significa que puedes ajustar los platos y bielas para adaptarlos a tu estilo de conducci\u00f3n, ya seas un piloto GT, de monoplazas o de rallies. Tienes la sensaci\u00f3n de estar invirtiendo en un elemento central de la configuraci\u00f3n, no en un simple accesorio.<\/p>\n<p>Aun as\u00ed, hay l\u00edmites. En primer lugar, el precio sit\u00faa claramente a las V3 en la categor\u00eda de \"inversi\u00f3n\" para un simracer. Estamos varios escalones por encima de un plato b\u00e1sico, y el coste puede parecer elevado si el resto de la configuraci\u00f3n a\u00fan no es homog\u00e9nea. En segundo lugar, aunque el tacto del freno es muy bueno, sigue estando un escal\u00f3n por debajo de las bielas hidr\u00e1ulicas de gama alta para los que buscan un realismo absoluto en cuanto a recorrido del pedal y tacto interno. Por \u00faltimo, una instalaci\u00f3n \u00f3ptima requiere un cockpit r\u00edgido y un m\u00ednimo de tiempo para los ajustes: sobre un simple soporte de volante\/pedal, se pierde parte del inter\u00e9s del producto.<\/p>\n<p>Para un principiante, no es necesariamente la primera compra que debe hacer. Pero para un principiante motivado o un jugador ya comprometido, es una actualizaci\u00f3n muy importante. En t\u00e9rminos de valor percibido, la relaci\u00f3n rendimiento\/vida \u00fatil\/actualizaci\u00f3n es s\u00f3lida: se paga mucho, pero se conserva durante mucho tiempo. Se tiene la sensaci\u00f3n de que es una inversi\u00f3n estructurante para la puesta a punto, sobre todo si el objetivo es progresar realmente en la conducci\u00f3n.  <\/p>\n<h2>Veredicto<\/h2>\n<p>Los pedales Fanatec ClubSport V3 son claramente uno de esos elementos que transforman una configuraci\u00f3n de simulaci\u00f3n de carreras. Se pasa de una sensaci\u00f3n ligeramente \"difusa\" en el pedal de freno a una frenada estructurada y reproducible, mucho m\u00e1s cercana a lo que permite un sistema de presi\u00f3n real. Aqu\u00ed es donde a menudo se consiguen las grandes ganancias en consistencia y confianza en carrera.<\/p>\n<p>En el mercado actual, yo situar\u00eda el V3 en el extremo superior de la gama media, o incluso en el nivel de entrada del segmento premium. No es el juego de bielas definitivo para los puristas que quieren un sistema hidr\u00e1ulico completo con un realismo absoluto, pero es una base muy s\u00f3lida y muy lograda que satisfar\u00e1 a la mayor\u00eda de los simracers exigentes. Su gran ventaja es que es lo suficientemente potente como para soportar un movimiento gradual hacia arriba en el resto del equipamiento.<\/p>\n<p>Lo recomendar\u00eda sobre todo a los jugadores que montan con regularidad, participan en campeonatos o buscan ganar unas d\u00e9cimas por vuelta estabilizando la frenada. Para una configuraci\u00f3n m\u00e1s casual, orientada a la relajaci\u00f3n, puede resultar un poco sobredimensionado, sobre todo si el resto del equipamiento es b\u00e1sico.<\/p>\n<p>Si lo que buscas es pasar al siguiente nivel de frenado y mejorar la consistencia y el control sin tener que recurrir a un equipamiento ultra ex\u00f3tico, este producto podr\u00eda marcar la diferencia en tu configuraci\u00f3n.<\/p>","protected":false},"excerpt":{"rendered":"<p>Este juego de pedales me ha dado la sensaci\u00f3n de que avanzo hacia un estilo de conducci\u00f3n m\u00e1s estructurado, especialmente en frenada, con puntos de referencia mucho m\u00e1s consistentes y un coche m\u00e1s predecible. Tiene sentido para los simracers motivados que ya tienen un poco de equipo y quieren progresar sin entrar en la gama muy alta del mercado. La inversi\u00f3n sigue siendo coherente en t\u00e9rminos de precisi\u00f3n y duraci\u00f3n de uso.<\/p>","protected":false},"featured_media":100554,"comment_status":"open","ping_status":"closed","template":"","meta":{"_acf_changed":false,"_et_pb_use_builder":"","_et_pb_old_content":"","_et_gb_content_width":""},"product_brand":[158],"product_cat":[162],"product_tag":[149,159,160],"class_list":{"0":"post-100553","1":"product","2":"type-product","3":"status-publish","4":"has-post-thumbnail","6":"product_brand-fanatec","7":"product_cat-pedalier","8":"product_tag-pc","9":"product_tag-playstation","10":"product_tag-xbox","12":"first","13":"instock","14":"shipping-taxable","15":"product-type-external"},"acf":[],"_links":{"self":[{"href":"https:\/\/simracergear.com\/es\/wp-json\/wp\/v2\/product\/100553","targetHints":{"allow":["GET"]}}],"collection":[{"href":"https:\/\/simracergear.com\/es\/wp-json\/wp\/v2\/product"}],"about":[{"href":"https:\/\/simracergear.com\/es\/wp-json\/wp\/v2\/types\/product"}],"replies":[{"embeddable":true,"href":"https:\/\/simracergear.com\/es\/wp-json\/wp\/v2\/comments?post=100553"}],"wp:featuredmedia":[{"embeddable":true,"href":"https:\/\/simracergear.com\/es\/wp-json\/wp\/v2\/media\/100554"}],"wp:attachment":[{"href":"https:\/\/simracergear.com\/es\/wp-json\/wp\/v2\/media?parent=100553"}],"wp:term":[{"taxonomy":"product_brand","embeddable":true,"href":"https:\/\/simracergear.com\/es\/wp-json\/wp\/v2\/product_brand?post=100553"},{"taxonomy":"product_cat","embeddable":true,"href":"https:\/\/simracergear.com\/es\/wp-json\/wp\/v2\/product_cat?post=100553"},{"taxonomy":"product_tag","embeddable":true,"href":"https:\/\/simracergear.com\/es\/wp-json\/wp\/v2\/product_tag?post=100553"}],"curies":[{"name":"wp","href":"https:\/\/api.w.org\/{rel}","templated":true}]}}