{"id":100592,"date":"2025-05-15T07:47:00","date_gmt":"2025-05-15T07:47:00","guid":{"rendered":"https:\/\/simracergear.com\/products\/fanatec-clubsport-shifter-sq-v-1-5\/"},"modified":"2025-11-28T04:45:10","modified_gmt":"2025-11-28T04:45:10","slug":"fanatec-clubsport-shifter-sq-v-1-5","status":"publish","type":"product","link":"https:\/\/simracergear.com\/es\/products\/fanatec-clubsport-shifter-sq-v-1-5\/","title":{"rendered":"Fanatec ClubSport Shifter SQ V1.5"},"content":{"rendered":"<h2>Fanatec ClubSport Shifter SQ V 1.5: la palanca que quiere sentirse como la de verdad<\/h2>\n<p>El Fanatec ClubSport Shifter SQ V 1.5 es claramente un cambio \"serio\" para corredores de simulaci\u00f3n exigentes. Est\u00e1 un escal\u00f3n por encima de los peque\u00f1os mandos de nivel b\u00e1sico, sin entrar en la locura de los mandos ultraespec\u00edficos que cuestan m\u00e1s de 500 \u20ac. Fanatec promete un producto robusto y realista, capaz tanto de realizar cambios en H como secuenciales, al tiempo que encaja perfectamente en un ecosistema ya bien establecido.<\/p>\n<p>Lo que lo hace tan atractivo es su doble funci\u00f3n: poder conducir un GT moderno en modo secuencial y luego pasar a un turismo antiguo en modo H, sin cambiar de equipamiento. Todo ello con un tacto mec\u00e1nico que se supone m\u00e1s cercano al coche real, lejos de los clics de pl\u00e1stico.<\/p>\n<p>Mi punto de vista es sencillo: tacto mec\u00e1nico, precisi\u00f3n de los cambios, placer de uso diario y coherencia con una configuraci\u00f3n moderna. Porque un cambio de marchas puede parecer estupendo sobre la mesa... y ser decepcionante en la pista virtual. En este caso, me interesa tanto su tacto como su practicidad, y la pregunta clave: \u00bfjustifica su posici\u00f3n \"ClubSport\" en la gama Fanatec?<\/p>\n<p>&nbsp;<\/p>\n<h2>Dise\u00f1o y fabricaci\u00f3n<\/h2>\n<p>Al sacar el ClubSport Shifter SQ V 1.5 de la caja, la impresi\u00f3n principal es de densidad. El cuerpo es totalmente met\u00e1lico, con un chasis macizo que irradia rigidez. No hay pl\u00e1sticos blandos ni partes que suenen huecas: se nota enseguida que se trata de un producto que ha sido dise\u00f1ado para soportar a\u00f1os de conducci\u00f3n dura.<\/p>\n<p>En la mano, la palanca es corta y firme, con un pomo que recuerda m\u00e1s al de un deportivo que al de un coche urbano. El mecanismo interno ofrece una sensaci\u00f3n mec\u00e1nica directa: encaja y se desliza a lo largo de una pista bien definida. No hay que luchar contra el juego par\u00e1sito. R\u00e1pidamente te das cuenta de que el objetivo es dar la impresi\u00f3n de manejar una aut\u00e9ntica caja de cambios mec\u00e1nica, no s\u00f3lo un interruptor disfrazado de palanca de cambios.<\/p>\n<p>El acabado general es limpio, con los tornillos y pernos adecuados, ajustes serios y una pintura o anodizado que no parecen baratos. Est\u00e1 claramente por encima de los mandos de pl\u00e1stico \"de juguete\". En un cockpit de aluminio o acero, encaja visualmente sin una nota falsa.<\/p>\n<p>Lo que sorprende es lo compacto que parece todo en relaci\u00f3n con su robustez. Es un paquete bastante compacto, pero que da confianza para ir a por \u00e9l. Por otro lado, algunos de los detalles pueden resultar ligeramente decepcionantes: el pomo original es funcional pero no especialmente premium, y las placas de la rejilla carecen del refinamiento de algunos de los mandos de cambio de gama m\u00e1s alta, sobre todo en lo que se refiere al tacto metal con metal.<\/p>\n<p>En comparaci\u00f3n con otros cambios de su categor\u00eda, somos muy competitivos en lo que se refiere a la robustez general, y un poco menos en lo que se refiere al aspecto de \"pieza fina de relojer\u00eda\". Lo importante es que ninguna pieza parece fr\u00e1gil, y eso es lo que se espera de un producto que va a pasar por el escurridor en cada sesi\u00f3n.<\/p>\n<p>&nbsp;<\/p>\n<h2>Ajustes, personalizaci\u00f3n y compatibilidad<\/h2>\n<p>El ClubSport Shifter SQ V 1.5 ofrece ajustes mec\u00e1nicos sencillos pero \u00fatiles. Puedes ajustar la dureza del cambio de marchas mediante tornillos de tensi\u00f3n, lo que realmente cambia la sensaci\u00f3n de la moto. Pasas de un cambio bastante suave a algo m\u00e1s viril, que requiere un verdadero compromiso con cada marcha. Para aquellos a los que les gusta sentir que tienen que \"entrar\" en la marcha, esto es apreciable.<\/p>\n<p>El modo H\/secuencial se cambia mediante una palanca mec\u00e1nica lateral. Es inmediato, no requiere desmontaje y ofrece una flexibilidad real para el uso diario. En modo secuencial, la palanca se convierte en un simple tir\u00f3n\/empuje \"+\/-\", con un recorrido m\u00e1s corto y una sensaci\u00f3n de trinquete mec\u00e1nico bastante marcada.<\/p>\n<p>En t\u00e9rminos de ergonom\u00eda, no hay men\u00fas complejos: la parte de \"ajustes\" se realiza directamente en la palanca de cambios. En el PC, a trav\u00e9s del ecosistema Fanatec, puedes afinar el reconocimiento y asegurarte de que cada marcha se detecta correctamente. La curva de aprendizaje es corta: basta con conectar, calibrar y conducir. Para alguien que nunca haya configurado un cambio de marchas, ser\u00e1 necesario un poco de ensayo y error al principio, sobre todo para entender c\u00f3mo ajustar la rigidez para adaptarse al montaje del cockpit.<\/p>\n<p>En cuanto a la compatibilidad, la palanca de cambios est\u00e1 dise\u00f1ada para funcionar mejor con las bases Fanatec, conect\u00e1ndose directamente a ellas. En PC, tambi\u00e9n puedes utilizar un adaptador USB si es necesario. En una consola, el uso depende en gran medida de la base Fanatec que se utilice: en muchos casos, la consola s\u00f3lo \"ve\" el shifter a trav\u00e9s de la base, por lo que es necesario mantenerse dentro del ecosistema para que todo se reconozca correctamente.<\/p>\n<p>En cuanto al resto de la configuraci\u00f3n, encaja bien con una pedalera Fanatec y una cabina r\u00edgida. En un chasis m\u00e1s ligero o en un soporte de sobremesa, necesitar\u00e1s un soporte serio, porque el par ejercido al cambiar de marcha puede hacer que todo se mueva r\u00e1pidamente. En cuanto a la posibilidad de actualizaci\u00f3n, este no es un producto desechable: se trata de un shifter que puede permanecer en su sitio incluso si actualizas tu base a una Direct Drive m\u00e1s potente.<\/p>\n<p>&nbsp;<\/p>\n<h2>Sensaciones en juego<\/h2>\n<p>Ah\u00ed es donde este ClubSport Shifter SQ V 1.5 tiene que justificar su existencia. Lo que realmente destac\u00f3 para m\u00ed fue la consistencia general de la sensaci\u00f3n de H. El punto muerto est\u00e1 bien definido, los carriles de cambio son claros y puedes sentir cada muesca al cambiar de marcha. Hay un recorrido mec\u00e1nico real que seguir, lo que evita la sensaci\u00f3n de \"joystick disfrazado\".<\/p>\n<p>A la hora de conducir, sobre todo en trenes motrices antiguos o GT con cajas de cambios manuales, cambia por completo la forma de conducir. Puedes gestionar realmente los cambios ascendentes, anticiparte a la acci\u00f3n del tal\u00f3n y sentir cu\u00e1ndo est\u00e1s en la marcha correcta. Cuando el ritmo se acelera, la palanca le sigue: no hay molestos errores de detecci\u00f3n siempre que la calibraci\u00f3n est\u00e9 bien hecha y el conjunto sea r\u00edgido.<\/p>\n<p>La resistencia de la palanca contribuye enormemente a la sensaci\u00f3n de realismo. Durante largas sesiones, el muelle no se ablanda y la sensaci\u00f3n permanece constante. Lo importante es que puedes golpear las marchas sin temer por tu equipo. Te atreves a reducir a fondo, te atreves a salir a 3 de una curva cerrada, y la palanca de cambios lo acepta. Para la inmersi\u00f3n, es una gran ventaja. Realmente sientes que est\u00e1s \"trabajando\" el coche.<\/p>\n<p>Cuando se trata de leer el \"agarre\", una palanca de cambios obviamente no habla como un volante Direct Drive, pero influye en la forma en que sientes el coche al frenar y acelerar. Cuando manejas una caja de cambios en H, la marcha correcta en el momento adecuado afecta directamente a la estabilidad del coche. Con este ClubSport, la precisi\u00f3n de la parrilla significa que sabes exactamente en qu\u00e9 marcha est\u00e1s. Sin dudas, sin \"creo que estoy en 4... oh no\". Te da confianza.<\/p>\n<p>En los vibradores, no se trata de un componente que transmita informaci\u00f3n directamente, como un volante o unos pedales. Por otro lado, la solidez mec\u00e1nica te permite atacar sin freno. Cuando el coche se cala un poco, cuando se contravira y se reduce de marcha a toda prisa, la palanca de cambios est\u00e1 ah\u00ed. El control durante las correcciones r\u00e1pidas es bueno: sin bloqueos, sin contratiempos mec\u00e1nicos desagradables.<\/p>\n<p>En modo secuencial, el comportamiento cambia. El recorrido es m\u00e1s corto y los tirones m\u00e1s bruscos. La sensaci\u00f3n \"clac-clac\" es bastante agradable, aunque sigue estando un paso por debajo de los cambios puramente secuenciales ultraagresivos. Para los rallyes o los GT modernos, funciona muy bien. Puedes subir y bajar marchas sin pensar, casi sobre la marcha.<\/p>\n<p>En comparaci\u00f3n con un simple cambio de pl\u00e1stico b\u00e1sico, la mejora reside principalmente en la consistencia de los cambios y la sensaci\u00f3n de acoplamiento. Ya no tienes la sensaci\u00f3n de estar tocando un interruptor, sino una pieza mec\u00e1nica seria. Comparado con algunos mandos de gama alta que son a\u00fan m\u00e1s duros y ruidosos, el ClubSport es un poco m\u00e1s \"civilizado\". Consigue un buen equilibrio entre realismo y comodidad para el d\u00eda a d\u00eda, sobre todo si pasas muchas horas en la liga.<\/p>\n<p>&nbsp;<\/p>\n<h2>\u00bfA qui\u00e9n va dirigido? Lo que nos gusta \/ Lo que no nos gusta<\/h2>\n<p>Veo este ClubSport Shifter SQ V 1.5 como un producto dise\u00f1ado para corredores de sim intermedio a avanzado que montan regularmente y quieren una configuraci\u00f3n completa. Para un principiante motivado, podr\u00eda ser una muy buena inversi\u00f3n a medio plazo, especialmente si ya sabes que te gustan los coches con caja de cambios manual. En consolas, est\u00e1 dirigido principalmente a quienes ya forman parte del ecosistema Fanatec. En PC, tiene m\u00e1s libertad, pero sigue estando idealmente integrado en una base de marca.<\/p>\n<p>Lo que m\u00e1s me gusta es su robustez. Da la sensaci\u00f3n de que est\u00e1 hecho para aguantar golpes, lo que hace que te apetezca \"meterle mano\" a las marchas. En segundo lugar, la doble funci\u00f3n H + secuencial ofrece una verdadera polivalencia sin necesidad de m\u00faltiples perif\u00e9ricos. Por \u00faltimo, el tacto mec\u00e1nico general es satisfactorio: la palanca tiene car\u00e1cter, los bloqueos de las marchas son claros y el placer de cambiar de marcha est\u00e1 ah\u00ed. Vuelve a haber esa sensaci\u00f3n de \"est\u00e1s conduciendo, no s\u00f3lo haciendo clic\".<\/p>\n<p>Sin embargo, hay que tener en cuenta algunas limitaciones. La primera es que, a pesar de su calidad, no rivaliza plenamente con algunos mandos de gama ultra-alta en t\u00e9rminos de acabado final o la sensaci\u00f3n de una caja de carreras muy dura y ultra-met\u00e1lica. Es s\u00f3lida, pero no extrema. En segundo lugar, el pomo y algunos detalles est\u00e9ticos siguen siendo bastante est\u00e1ndar. Funciona, pero los aficionados a las piezas mecanizadas finas quiz\u00e1 quieran mejorar el pomo o personalizar un poco el aspecto. Por \u00faltimo, la dependencia del ecosistema Fanatec puede ser un freno para quienes quieran desmarcarse de esta marca o mezclar hardware con m\u00e1s libertad, sobre todo en consolas.<\/p>\n<p>En t\u00e9rminos de inversi\u00f3n, hablamos claramente de un producto que tiene un coste, pero que se defiende bien en t\u00e9rminos de valor percibido. Si conduces mucho en H y en secuencial, la ganancia en placer y realismo se hace r\u00e1pidamente evidente. Para alguien que pasa 90 % de su tiempo en paletas, el beneficio es m\u00e1s cuestionable.<\/p>\n<p>&nbsp;<\/p>\n<h2>Veredicto<\/h2>\n<p>El Fanatec ClubSport Shifter SQ V 1.5 aporta algo muy tangible a una configuraci\u00f3n: la sensaci\u00f3n de \"trabajar\" realmente el coche con la mano derecha (o izquierda, seg\u00fan la configuraci\u00f3n). Es el complemento perfecto para una base Direct Drive y una buena pedalera, ya que a\u00f1ade esa capa mec\u00e1nica que falta cuando s\u00f3lo se conduce con levas.<\/p>\n<p>En el mercado, se posiciona claramente como un modelo accesible de gama media\/alta. M\u00e1s serio y duradero que los mandos b\u00e1sicos, menos extremo que algunos modelos hiperespecializados. Es un buen punto de apoyo: lo suficientemente premium como para satisfacer a un piloto de simulaci\u00f3n exigente, sin pasarse de presupuesto ni de limitaciones.<\/p>\n<p>Lo recomendar\u00eda a los motoristas habituales a los que les gusten las cajas de cambios manuales y quieran una palanca de cambios que pueda hacerlo todo correctamente, desde la H hasta la secuencial. Para el jugador ocasional que jura por las paletas, no ser\u00e1 la mejor opci\u00f3n de inversi\u00f3n. Para un aficionado a las carreras de simulaci\u00f3n mec\u00e1nica, en cambio, tiene sentido.<\/p>\n<p>Si buscas un cambio s\u00f3lido y vers\u00e1til con un tacto convincente que se integre bien en una configuraci\u00f3n Fanatec, este producto podr\u00eda marcar la diferencia en tu configuraci\u00f3n.<\/p>","protected":false},"excerpt":{"rendered":"<p>Esta palanca de cambios proporciona una sensaci\u00f3n mec\u00e1nica real y marca una verdadera diferencia en la forma de conducir, especialmente con una caja de cambios H. Est\u00e1 dirigida principalmente a los pilotos de simulaci\u00f3n habituales, ya equipados o listos para formar parte del ecosistema Fanatec, a los que realmente les gusta \"trabajar\" el coche en lugar de conducir con levas. Todo el paquete ofrece un valor constante para una configuraci\u00f3n seria y duradera.<\/p>","protected":false},"featured_media":100593,"comment_status":"open","ping_status":"closed","template":"","meta":{"_acf_changed":false,"_et_pb_use_builder":"","_et_pb_old_content":"","_et_gb_content_width":""},"product_brand":[158],"product_cat":[152],"product_tag":[149,160],"class_list":{"0":"post-100592","1":"product","2":"type-product","3":"status-publish","4":"has-post-thumbnail","6":"product_brand-fanatec","7":"product_cat-levier-de-vitesse","8":"product_tag-pc","9":"product_tag-xbox","11":"first","12":"instock","13":"shipping-taxable","14":"product-type-external"},"acf":[],"_links":{"self":[{"href":"https:\/\/simracergear.com\/es\/wp-json\/wp\/v2\/product\/100592","targetHints":{"allow":["GET"]}}],"collection":[{"href":"https:\/\/simracergear.com\/es\/wp-json\/wp\/v2\/product"}],"about":[{"href":"https:\/\/simracergear.com\/es\/wp-json\/wp\/v2\/types\/product"}],"replies":[{"embeddable":true,"href":"https:\/\/simracergear.com\/es\/wp-json\/wp\/v2\/comments?post=100592"}],"wp:featuredmedia":[{"embeddable":true,"href":"https:\/\/simracergear.com\/es\/wp-json\/wp\/v2\/media\/100593"}],"wp:attachment":[{"href":"https:\/\/simracergear.com\/es\/wp-json\/wp\/v2\/media?parent=100592"}],"wp:term":[{"taxonomy":"product_brand","embeddable":true,"href":"https:\/\/simracergear.com\/es\/wp-json\/wp\/v2\/product_brand?post=100592"},{"taxonomy":"product_cat","embeddable":true,"href":"https:\/\/simracergear.com\/es\/wp-json\/wp\/v2\/product_cat?post=100592"},{"taxonomy":"product_tag","embeddable":true,"href":"https:\/\/simracergear.com\/es\/wp-json\/wp\/v2\/product_tag?post=100592"}],"curies":[{"name":"wp","href":"https:\/\/api.w.org\/{rel}","templated":true}]}}