{"id":100604,"date":"2025-05-15T07:47:00","date_gmt":"2025-05-15T07:47:00","guid":{"rendered":"https:\/\/simracergear.com\/products\/fanatec-clubsport-shifter-table-clamp\/"},"modified":"2025-11-28T04:45:12","modified_gmt":"2025-11-28T04:45:12","slug":"fanatec-clubsport-shifter-table-clamp","status":"publish","type":"product","link":"https:\/\/simracergear.com\/es\/products\/fanatec-clubsport-shifter-table-clamp\/","title":{"rendered":"Fanatec ClubSport Abrazadera de mesa de cambio"},"content":{"rendered":"<h2>Fanatec ClubSport Shifter Table Clamp: \u00bfprueba y opini\u00f3n para una abrazadera realmente s\u00f3lida?<\/h2>\n<p>En el mundo de las carreras de simulaci\u00f3n, los mandos de cambio manuales y secuenciales s\u00f3lo son realmente \u00fatiles cuando se montan correctamente. El Fanatec ClubSport Shifter Table Clamp est\u00e1 dise\u00f1ado para hacer precisamente eso: proporcionar una soluci\u00f3n de montaje seria para el ClubSport Shifter, sin ir directamente a un cockpit o DIY.<\/p>\n<p>Sobre el papel, promete un accesorio r\u00edgido, limpio y ajustable para el escritorio o la mesa. En la pr\u00e1ctica, es un accesorio que a menudo se subestima... hasta el d\u00eda en que la palanca se mueve, vibra o se arrastra en el lugar equivocado. Una buena pinza no le ahorrar\u00e1 d\u00e9cimas de segundo, pero puede salvarle claramente la experiencia.<\/p>\n<p>Mi \u00e1ngulo aqu\u00ed es simple: \u00bfesta abrazadera realmente sujeta la palanca como deber\u00eda, la ergonom\u00eda acompa\u00f1a, y es una inversi\u00f3n relevante en una configuraci\u00f3n ClubSport? Me estoy centrando en la rigidez, la calidad percibida, la facilidad de instalaci\u00f3n y la adaptabilidad a diferentes escritorios y posiciones de conducci\u00f3n.<\/p>\n<h2>Dise\u00f1o y fabricaci\u00f3n<\/h2>\n<p>En la mano, la abrazadera de la mesa de cambios ClubSport da inmediatamente una impresi\u00f3n de seriedad. Es un bloque de metal, con un dise\u00f1o muy Fanatec: l\u00edneas angulosas, acabado negro, sin florituras. Est\u00e1 claro que la prioridad es la rigidez y la resistencia mec\u00e1nica, m\u00e1s que un aspecto \"gaming\".<\/p>\n<p>Las piezas principales son de metal, con un grosor tranquilizador. La densidad est\u00e1 ah\u00ed, nada suena a hueco, y los brazos de soporte no dan la impresi\u00f3n de doblarse con facilidad. Una vez apretados los tornillos, el conjunto inspira confianza. Uno siente que puede abusar realmente de la palanca sin miedo a estropearla.<\/p>\n<p>Los mandos de apriete y los tornillos de ajuste tambi\u00e9n est\u00e1n en consonancia con el tema: lo suficientemente grandes como para manejarlos con la mano, con roscas que no chirr\u00edan. No grita \"lujo\", pero es una \"herramienta\": funcional, clara y robusta. Es f\u00e1cil ver c\u00f3mo se aprieta todo, as\u00ed que no hay que rascarse la cabeza.<\/p>\n<p>Lo que sorprende es lo compacto que es en general. Para ser un soporte tan grande, ocupa relativamente poco espacio en el borde de la mesa. En un escritorio convencional, no ocupa demasiado espacio. Una vez colocado, apenas hay que pensar en \u00e9l.<\/p>\n<p>Por otra parte, el peso de la pinza combinado con la parte que sobresale puede dar una ligera impresi\u00f3n de palanca si su escritorio es delgado o un poco flexible. La pinza en s\u00ed es r\u00edgida, pero a veces puede revelar los puntos d\u00e9biles del mueble al que se fija. En un tablero robusto, es perfecta; en un escritorio b\u00e1sico, puede vibrar un poco.<\/p>\n<p>En comparaci\u00f3n con soluciones gen\u00e9ricas como las abrazaderas universales o los soportes impresos en 3D, estamos realmente un paso por encima en t\u00e9rminos de resistencia y fiabilidad. En comparaci\u00f3n con los soportes hechos a medida de acero grueso (como los soportes soldados para el habit\u00e1culo), seguimos estando l\u00f3gicamente por debajo de ellos, pero esa es precisamente la idea: un compromiso muy s\u00f3lido para un uso \"de oficina\".<\/p>\n<h2>Ajustes, personalizaci\u00f3n y compatibilidad<\/h2>\n<p>En t\u00e9rminos de ajustes, la abrazadera de mesa ClubSport Shifter es simple, y eso es bueno. Puedes ajustar la altura de la palanca de cambios en relaci\u00f3n con el borde de la mesa, as\u00ed como su distancia respecto a ti. Esto acerca la posici\u00f3n de la palanca a la de un coche de carretera o GT, dependiendo de la altura de tu asiento.<\/p>\n<p>La articulaci\u00f3n del soporte ofrece un alcance suficiente para la mayor\u00eda de las configuraciones de sobremesa. En la pr\u00e1ctica, rara vez se llega al l\u00edmite de los ajustes. Puedes elevar la palanca m\u00e1s que el volante, ponerla casi a ras del tablero de la mesa o desplazarla lateralmente en relaci\u00f3n con el eje del asiento si lo necesitas. Los \u00e1ngulos disponibles cubren sin problemas las posiciones cl\u00e1sicas.<\/p>\n<p>Se tarda unos minutos en cogerle el truco, pero no es complicado. R\u00e1pidamente se entiende qu\u00e9 tornillo controla qu\u00e9. Lo que suele llevar m\u00e1s tiempo es ajustar, probar, apretar y luego afinar la posici\u00f3n hasta que encaje a la perfecci\u00f3n. Requiere un poco de paciencia, pero una vez ajustado, no se vuelve a tocar.<\/p>\n<p>La compatibilidad ha sido obviamente dise\u00f1ada para el Fanatec ClubSport Shifter (SQ en particular). Los puntos de fijaci\u00f3n se corresponden directamente, sin adaptaci\u00f3n. Estamos en un ecosistema cerrado y coherente: base Fanatec, cambio Fanatec, abrazadera Fanatec. Para alguien ya equipado con Fanatec, es c\u00f3modo.<\/p>\n<p>En el caso de las plataformas, la sujeci\u00f3n no depende del PC o la consola, sino del mueble. Todo lo que necesitas es un borde de mesa del grosor adecuado. Mientras la mesa no sea ni demasiado gruesa ni demasiado fr\u00e1gil, se sujetar\u00e1. En algunas mesas con bordes redondeados o muy inclinados, la sujeci\u00f3n puede ser un poco menos \u00f3ptima, pero en un escritorio recto cl\u00e1sico, funciona muy bien.<\/p>\n<p>En t\u00e9rminos de escalabilidad, no es un producto \"b\u00e1sico\" que vayas a sustituir al cabo de unos meses. Si sigues con una instalaci\u00f3n de sobremesa, esta pinza cumplir\u00e1 perfectamente su funci\u00f3n a lo largo del tiempo. El \u00fanico escenario real en el que quedar\u00e1 obsoleta es si te pasas a una cabina tubular o con perfil de aluminio, en cuyo caso optar\u00e1s por un soporte espec\u00edfico.<\/p>\n<h2>Sensaciones en el juego: rigidez y estabilidad en condiciones reales<\/h2>\n<p>Esta pinza no genera directamente sensaciones en el juego como una vaina o una pedalera, pero las transmite. La pregunta clave es: \u00bfpermanece la palanca perfectamente estable bajo las fuerzas que se le imponen, especialmente en patr\u00f3n H con bloqueo marcado y en secuencial con tirones?<\/p>\n<p>Sobre una mesa dura, la respuesta es muy clara: s\u00ed, el manejo es excelente. Al engranar una marcha en H y aplicar un poco de fuerza, la palanca de cambios se mueve muy poco, si es que lo hace. Se nota el movimiento mec\u00e1nico interno de la palanca, no la flexi\u00f3n del soporte. Esto lo cambia todo. Puedes cambiar de marcha libremente, sin restricciones.<\/p>\n<p>En secuencias r\u00e1pidas, como el taloneo virtual con cambios agresivos, la sensaci\u00f3n sigue siendo limpia. No hay ninguno de los ligeros bamboleos que a menudo se encuentran en las pinzas gen\u00e9ricas o en los montajes improvisados. El retorno al punto muerto es claro, y los bloqueos de la parrilla son precisos. La atenci\u00f3n se centra en el coche, no en los muebles.<\/p>\n<p>En modo secuencial, los disparos hacia delante o hacia atr\u00e1s son una buena prueba. Tambi\u00e9n en este caso, la pinza se las arregla muy bien. Cuando se tira con fuerza de las marchas hacia arriba, no se tiene la impresi\u00f3n de que el soporte est\u00e9 \"bombeando\". La respuesta es inmediata. La mano env\u00eda la orden, la palanca la sigue y el soporte permanece como una base fija.<\/p>\n<p>Donde m\u00e1s lo not\u00e9 fue en la consistencia durante las sesiones largas. Cuando empiezas a relajar los m\u00fasculos, a veces te vuelves m\u00e1s brutal con la maneta, sobre todo en medio del tr\u00e1fico o en una serie de adelantamientos. La pinza aguanta el golpe y conserva la misma rigidez, sin aflojarse con el paso de las horas, si todo se ha apretado correctamente desde el principio.<\/p>\n<p>En tramos vibratorios y bacheados, la influencia de la pinza se deja sentir en la estabilidad visual y t\u00e1ctil del conjunto. La palanca no se flexiona hacia delante cuando la mesa vibra. Es la mesa la que transmite la sacudida, no el soporte el que a\u00f1ade juego. La sensaci\u00f3n general es m\u00e1s \"maciza\", m\u00e1s cercana al bloque mec\u00e1nico de un coche real.<\/p>\n<p>En comparaci\u00f3n con una configuraci\u00f3n menos seria, la principal ganancia es de confianza. Te atreves a forzar m\u00e1s los cambios de marcha, te atreves a poner el brazo en la palanca sin miedo a alterarlo todo. No se gana en potencia, pero s\u00ed en pureza de gesto. Comparado con un soporte soldado en un cockpit de acero o aluminio, todav\u00eda estamos un poco por detr\u00e1s en t\u00e9rminos absolutos, pero en el mundo de la \"oficina\", estamos claramente en lo m\u00e1s alto de la gama.<\/p>\n<p>Con el tiempo, la comodidad sigue siendo buena. El ajuste inicial de la altura y el retroceso marca la diferencia: si se coloca la palanca de cambio justo donde el brazo cae de forma natural, se reduce la fatiga y los errores de cambio son m\u00e1s raros. La rigidez de la pinza permite mantener este ajuste exacto sin desviaciones.<\/p>\n<h2>\u00bfA qui\u00e9n va dirigido? Puntos fuertes y limitaciones<\/h2>\n<p>El ClubSport Shifter Table Clamp est\u00e1 dirigido principalmente a dos tipos de piloto: el simracer equipado con un shifter Fanatec pero que pilota sobre un escritorio, y el piloto que quiere una configuraci\u00f3n limpia sin tener que tomarse la molestia de construir un cockpit completo. Si tienes un nivel intermedio o avanzado, si te gusta pilotar en H sobre GTs de \u00e9poca, coches de carretera, coches de rally o protos de \u00e9poca, este tipo de soporte cambia claramente la comodidad de uso.<\/p>\n<p>Uno de los grandes puntos fuertes es la rigidez general en relaci\u00f3n con la compacidad. La abrazadera sujeta la palanca de forma muy segura, sin dejar de ser relativamente discreta en el borde de la mesa. Otro punto apreciable es la perfecta integraci\u00f3n con el ClubSport Shifter y el ecosistema Fanatec, sin necesidad de retoques ni placas adicionales. Por \u00faltimo, pero no por ello menos importante, la flexibilidad del ajuste de altura y reclinaci\u00f3n permite adaptar realmente la posici\u00f3n al asiento y a la forma del cuerpo, algo esencial para una palanca en H.<\/p>\n<p>Por otro lado, hay que tener en cuenta varios l\u00edmites. El primero es la total dependencia de la calidad de tu escritorio. Si tu tablero es delgado, un poco tambaleante o est\u00e1 montado sobre patas ligeras, vas a sentir las debilidades del mueble antes que las de la pinza. Segundo punto: sigue siendo un producto patentado, dise\u00f1ado realmente para la palanca Fanatec. Para otras palancas, no es la soluci\u00f3n ideal. Por \u00faltimo, se trata de una inversi\u00f3n suplementaria en un montaje ya de por s\u00ed caro: cambio + vaina + volante + plato + abrazadera, la factura sube r\u00e1pidamente.<\/p>\n<p>En t\u00e9rminos de valor percibido, tiene sentido si pasas mucho tiempo utilizando la palanca. Si la palanca de cambios est\u00e1 en el centro de tu experiencia de simulaci\u00f3n de carreras, tiene sentido asegurar su montaje. Si, por el contrario, montas 90 paletas % todo el tiempo, la compra se vuelve m\u00e1s cuestionable y menos prioritaria que otras mejoras.<\/p>\n<h2>Veredicto<\/h2>\n<p>La abrazadera de mesa Fanatec ClubSport Shifter no transforma un montaje, lo estructura. Transforma una palanca colocada 'como se puede' sobre un escritorio en un elemento integrado, estable y cre\u00edble. En un mercado en el que mucha gente improvisa con soportes gen\u00e9ricos, esta abrazadera es claramente una soluci\u00f3n premium de gama media: seria, dedicada, bien pensada, sin pasarse.<\/p>\n<p>Lo veo, sobre todo, como un eslab\u00f3n clave para quienes desean permanecer en el escritorio sin dejar de tener una experiencia secuencial o de patr\u00f3n H realmente s\u00f3lida. Para un usuario ya atrapado en el ecosistema Fanatec, encaja l\u00f3gicamente en la configuraci\u00f3n. Para alguien con la vista puesta en un cockpit de perfil de aluminio a corto plazo, es menos relevante y puede convertirse en una compra intermedia prescindible.<\/p>\n<p>Si est\u00e1s jugando en un escritorio, tu shifter Fanatec se mueve un poco demasiado, y quieres una fijaci\u00f3n limpia, r\u00edgida y duradera, esta abrazadera tiene mucho sentido. Si usted est\u00e1 buscando para estabilizar su ClubSport Shifter en un escritorio sin ir para una cabina completa, este producto puede claramente hacer una diferencia en su configuraci\u00f3n.&lt;\/analysis<\/p>","protected":false},"excerpt":{"rendered":"<p>Esta abrazadera te da la sensaci\u00f3n de una palanca por fin \"asentada\" y fiable, haciendo mucho m\u00e1s natural y confiado el uso del cambio en un escritorio. Se dirige sobre todo a los simracers que tienen un montaje fijo de sobremesa, ya equipados con Fanatec, y que suelen utilizar el patr\u00f3n en H o el secuencial. La inversi\u00f3n sigue mereciendo la pena si la palanca de cambios constituye el n\u00facleo de su experiencia.<\/p>","protected":false},"featured_media":100605,"comment_status":"open","ping_status":"closed","template":"","meta":{"_acf_changed":false,"_et_pb_use_builder":"","_et_pb_old_content":"","_et_gb_content_width":""},"product_brand":[158],"product_cat":[153],"product_tag":[149,159,160],"class_list":{"0":"post-100604","1":"product","2":"type-product","3":"status-publish","4":"has-post-thumbnail","6":"product_brand-fanatec","7":"product_cat-accessoires","8":"product_tag-pc","9":"product_tag-playstation","10":"product_tag-xbox","12":"first","13":"instock","14":"shipping-taxable","15":"product-type-external"},"acf":[],"_links":{"self":[{"href":"https:\/\/simracergear.com\/es\/wp-json\/wp\/v2\/product\/100604","targetHints":{"allow":["GET"]}}],"collection":[{"href":"https:\/\/simracergear.com\/es\/wp-json\/wp\/v2\/product"}],"about":[{"href":"https:\/\/simracergear.com\/es\/wp-json\/wp\/v2\/types\/product"}],"replies":[{"embeddable":true,"href":"https:\/\/simracergear.com\/es\/wp-json\/wp\/v2\/comments?post=100604"}],"wp:featuredmedia":[{"embeddable":true,"href":"https:\/\/simracergear.com\/es\/wp-json\/wp\/v2\/media\/100605"}],"wp:attachment":[{"href":"https:\/\/simracergear.com\/es\/wp-json\/wp\/v2\/media?parent=100604"}],"wp:term":[{"taxonomy":"product_brand","embeddable":true,"href":"https:\/\/simracergear.com\/es\/wp-json\/wp\/v2\/product_brand?post=100604"},{"taxonomy":"product_cat","embeddable":true,"href":"https:\/\/simracergear.com\/es\/wp-json\/wp\/v2\/product_cat?post=100604"},{"taxonomy":"product_tag","embeddable":true,"href":"https:\/\/simracergear.com\/es\/wp-json\/wp\/v2\/product_tag?post=100604"}],"curies":[{"name":"wp","href":"https:\/\/api.w.org\/{rel}","templated":true}]}}