{"id":100625,"date":"2025-05-15T07:48:00","date_gmt":"2025-05-15T07:48:00","guid":{"rendered":"https:\/\/simracergear.com\/products\/fanatec-clubsport-steering-wheel-bmw-m4-gt3\/"},"modified":"2025-11-28T04:45:21","modified_gmt":"2025-11-28T04:45:21","slug":"fanatec-clubsport-steering-wheel-bmw-m4-gt3","status":"publish","type":"product","link":"https:\/\/simracergear.com\/es\/products\/fanatec-clubsport-steering-wheel-bmw-m4-gt3\/","title":{"rendered":"Fanatec ClubSport BMW M4 GT3"},"content":{"rendered":"<p>En la gama Fanatec, el volante ClubSport BMW M4 GT3 es \u00fanico en su clase. No se trata simplemente de un volante \"con licencia\", sino de una r\u00e9plica funcional muy cercana al aut\u00e9ntico que se utiliza en las carreras de GT3. Sobre el papel, promete una rara combinaci\u00f3n: inmersi\u00f3n casi \"profesional\", la ergonom\u00eda de un volante de carreras moderno y una integraci\u00f3n limpia en el ecosistema Fanatec, en particular con las bases Direct Drive de la marca.<\/p>\n<p>Este modelo es especialmente atractivo por dos razones. En primer lugar, su aspecto y dise\u00f1o de estilo GT apuntan claramente a una simulaci\u00f3n seria de resistencia y GT. En segundo lugar, su amplia compatibilidad con las bases Fanatec lo convierte en una opci\u00f3n tentadora para los simracers ya equipados con un CSL DD o ClubSport DD que quieran subir de marcha sin cambiar toda su configuraci\u00f3n.<\/p>\n<p>Mi punto de vista aqu\u00ed es simple: \u00bfofrece este BMW M4 GT3 un verdadero plus en t\u00e9rminos de tacto, precisi\u00f3n y confort de conducci\u00f3n, o es s\u00f3lo un bonito elemento premium? \u00bfGanamos realmente en t\u00e9rminos de control y legibilidad del comportamiento del coche en comparaci\u00f3n con un volante m\u00e1s convencional? Y, sobre todo, \u00bfest\u00e1 justificada la inversi\u00f3n en funci\u00f3n de tu capacidad de conducci\u00f3n y uso?<\/p>\n<h2>Dise\u00f1o y fabricaci\u00f3n<\/h2>\n<p>Lo que llama la atenci\u00f3n de inmediato es la sensaci\u00f3n de densidad. El ClubSport BMW M4 GT3 no es un juguete. El chasis es de metal, los pu\u00f1os est\u00e1n recubiertos de un material que recuerda claramente a la goma o a la alc\u00e1ntara t\u00e9cnica que se utiliza en los deportes de motor, y el conjunto transmite una impresi\u00f3n de rigidez muy tranquilizadora. En la mano, los pu\u00f1os llenan bien las palmas, sin ser demasiado voluminosos. Se nota que el dise\u00f1o ha sido concebido para durar varias horas, no s\u00f3lo unas pocas vueltas.<\/p>\n<p>El panel frontal est\u00e1 ocupado, pero limpio. Botones, codificadores, rotadores: todo est\u00e1 bien alineado, sin holguras y con un clic limpio y n\u00edtido. Las palas magn\u00e9ticas de la parte trasera son r\u00edgidas y secas, con una respuesta muy precisa. Puedes encadenarlas sin preocuparte nunca de perder una marcha, incluso en medio de un combate. Realmente dan una agradable sensaci\u00f3n \"mec\u00e1nica\". Est\u00e1 muy lejos de las levas blandas o ruidosas de algunos volantes m\u00e1s convencionales.<\/p>\n<p>En general, la calidad de construcci\u00f3n est\u00e1 al nivel que cabr\u00eda esperar de un producto premium de Fanatec. Nada cruje, nada se mueve, ni siquiera cuando se tira con fuerza de las empu\u00f1aduras. Durante largas sesiones, no experiment\u00e9 ning\u00fan punto de presi\u00f3n ni zonas que cansaran las manos, algo esencial en un volante cerrado de este tipo.<\/p>\n<p>Algunos puntos pueden resultar ligeramente decepcionantes, en funci\u00f3n de las expectativas. El peso, bastante considerable, se nota claramente en los bajos m\u00e1s peque\u00f1os, especialmente por debajo de los Direct Drive m\u00e1s potentes: se tiene la sensaci\u00f3n de que el volante requiere un motor potente para alcanzar todo su potencial. Algunos apreciar\u00e1n este peso por su realismo, otros encontrar\u00e1n que filtra un poco las sensaciones en una base con menos par.<\/p>\n<p>Comparado con los volantes \"m\u00e1s ligeros\" de la gama CSL o con ciertos modelos de pl\u00e1stico reforzado de otras marcas, hay una verdadera diferencia en la calidad percibida. Da la sensaci\u00f3n de tener en las manos un volante de carreras de verdad, no una versi\u00f3n \"gamer\". Por otro lado, este nivel de acabado tiene un precio en t\u00e9rminos de presupuesto y peso.<\/p>\n<h2>Ajustes, personalizaci\u00f3n y compatibilidad<\/h2>\n<p>Como suele ocurrir en Fanatec, la verdadera fuerza del BMW M4 GT3 tambi\u00e9n procede de su integraci\u00f3n en el ecosistema. Una vez instalado en una base compatible (CSL DD, ClubSport DD, Podium, etc.), se utiliza el men\u00fa habitual del volante para ajustar los principales par\u00e1metros: fuerza FFB, filtrado, amortiguador, rotaci\u00f3n y sensibilidad. La navegaci\u00f3n se realiza a trav\u00e9s de la pantalla y los botones previstos, y la ergonom\u00eda sigue siendo l\u00f3gica despu\u00e9s de unos minutos.<\/p>\n<p>Los ajustes realmente \u00fatiles se concentran en la fuerza global, el filtro de finura, la linealidad y la rotaci\u00f3n. En este volante, me pareci\u00f3 interesante no restringir demasiado la fuerza, precisamente para aprovechar la rigidez y la precisi\u00f3n. Afinando ligeramente los filtros, se puede conseguir un buen equilibrio entre detalle y comodidad. La curva de aprendizaje no es pronunciada, pero se tiene la impresi\u00f3n de que el volante est\u00e1 destinado a los usuarios a los que les gusta dedicar un poco de tiempo a optimizar su tacto.<\/p>\n<p>Los numerosos mandos giratorios e interruptores del panel frontal son realmente \u00fatiles en el juego. Se pueden utilizar para gestionar el TC, el ABS, la inclinaci\u00f3n de los frenos, la mezcla de combustible o los par\u00e1metros del ERS, en funci\u00f3n de las simulaciones. Todo se puede mapear muy f\u00e1cilmente, y ah\u00ed es donde la eficiencia realmente se hace notar. Te encontrar\u00e1s ajustando los reglajes en pleno stint sin quitar las manos del volante, lo que cambia claramente la forma de gestionar una carrera larga.<\/p>\n<p>En t\u00e9rminos de compatibilidad, el volante funciona con bases Fanatec en PC y consolas, dependiendo de la base utilizada. Siempre que la vaina sea compatible con la plataforma, el volante la seguir\u00e1. En conjunto, el ecosistema es coherente: pedales, palancas de cambio, freno de mano, todo se conecta con la misma l\u00f3gica. Para alguien que ya trabaja con Fanatec, este BMW M4 GT3 es m\u00e1s una evoluci\u00f3n natural que un salto a lo desconocido.<\/p>\n<p>En t\u00e9rminos de capacidad de actualizaci\u00f3n, este volante no es claramente un \"punto de entrada\". Es una pieza de equipamiento que adquiere todo su valor sobre una s\u00f3lida base Direct Drive, y que puede acompa\u00f1ar a una configuraci\u00f3n durante varios a\u00f1os. Es una soluci\u00f3n a largo plazo m\u00e1s que una soluci\u00f3n transitoria.<\/p>\n<h2>Sensaciones en juego<\/h2>\n<p>En la pista, la personalidad del BMW M4 GT3 se revela r\u00e1pidamente. Lo que domina es la precisi\u00f3n de la respuesta. La combinaci\u00f3n de un volante r\u00edgido, un di\u00e1metro estilo GT y una buena base Direct Drive proporciona una sensaci\u00f3n muy directa. Inmediatamente entiendes lo que est\u00e1 haciendo el coche. Desde las primeras curvas, el agarre delantero es f\u00e1cil de leer: la transici\u00f3n entre el agarre m\u00e1ximo y el inicio del subviraje es muy gradual y muy clara.<\/p>\n<p>En curvas largas y r\u00e1pidas, el volante proporciona un apoyo estable, sin bamboleos. Puedes sentir que la carga aumenta en tus manos, y luego disminuye si aflojas un poco el acelerador o ampl\u00edas la trayectoria. El volante no trata de \"matarte los brazos\", pero hace un buen trabajo transmitiendo el peso del coche. En un GT3, un LMP o un GT4, esta estabilidad es una gran ventaja: te atreves a mantener el coche en una deriva ligeramente controlada, porque los micromovimientos son f\u00e1ciles de controlar.<\/p>\n<p>La lectura de agarre en la parte delantera es clara, pero donde realmente sent\u00ed la diferencia fue en la m\u00e1s m\u00ednima p\u00e9rdida de agarre en la parte trasera. Al acelerar a fondo, el volante reacciona inmediatamente a la m\u00e1s m\u00ednima p\u00e9rdida de adherencia. Las correcciones r\u00e1pidas se vuelven m\u00e1s naturales, casi reflejas. Giras un poco, aflojas un poco, vuelves a centrar: todo sigue r\u00e1pidamente, sin sensaci\u00f3n de retraso o flotaci\u00f3n en el FFB.<\/p>\n<p>En los vibradores, el BMW M4 GT3 transmite una respuesta muy texturizada, especialmente con una base de par. Puedes distinguir un vibrador plano de uno agresivo, y puedes sentir enseguida cuando est\u00e1s subiendo el bordillo un poco demasiado. No se siente como un golpecito artificial, m\u00e1s bien como un firme \"ara\u00f1azo\" en las manos. En ciertos circuitos, se obtiene una verdadera se\u00f1al visual y t\u00e1ctil con s\u00f3lo sentir c\u00f3mo reacciona el volante en los bordillos.<\/p>\n<p>En sesiones largas, el confort sigue siendo decente, pero depende mucho de los ajustes de fuerza. Si aprietas mucho el FFB en un Direct Drive fuerte, empezar\u00e1s a notar la fatiga. La forma y el revestimiento de los pu\u00f1os ayudan claramente a mantener el ritmo, pero estamos hablando de un volante serio, no de uno \"blando\". Moderando un poco la fuerza y permitiendo cierta progresi\u00f3n, puedes conducir durante mucho tiempo y seguir reteniendo mucha informaci\u00f3n.<\/p>\n<p>Comparado con un volante m\u00e1s ligero y b\u00e1sico sobre una base accionada por correa, la diferencia es evidente. Se gana en microdetalles, velocidad de reacci\u00f3n y solidez general. El volante no se deforma en tus manos, no se flexiona, y eso aumenta tu confianza. Te atreves a frenar m\u00e1s tarde, a corregir con m\u00e1s fuerza y a explotar m\u00e1s el coche. Frente a un combo a\u00fan m\u00e1s extremo (un gran Direct Drive con un volante ultraligero de carbono), el BMW M4 GT3 parece algo m\u00e1s filtrado ante las m\u00e1s m\u00ednimas vibraciones, principalmente debido a su masa. Pero a cambio, el coche se siente m\u00e1s realista, m\u00e1s cerca de lo que cabr\u00eda esperar de un GT real.<\/p>\n<p>En t\u00e9rminos de inmersi\u00f3n, es muy sencillo: realmente sientes que est\u00e1s conduciendo un coche de carreras moderno. Tener tantos controles al alcance de la mano refuerza esta inmersi\u00f3n. Ajustas la configuraci\u00f3n en el volante, miras los LED y las indicaciones, y no pasas el tiempo en los men\u00fas del juego. Simplemente conduces.<\/p>\n<h2>\u00bfA qui\u00e9n va dirigido? Lo que nos gusta \/ Lo que no nos gusta<\/h2>\n<p>El volante ClubSport BMW M4 GT3 est\u00e1 claramente dirigido a simracers de nivel intermedio y avanzado. Si eres un completo principiante, podr\u00e1s usarlo, pero no te beneficiar\u00e1s inmediatamente de su potencial y puede que te resulte un poco intimidante. Por otro lado, para los usuarios que ya se sienten c\u00f3modos con un volante b\u00e1sico y que conducen habitualmente en PC o consola con una base Fanatec, es una actualizaci\u00f3n l\u00f3gica.<\/p>\n<p>Lo que me gusta especialmente es la combinaci\u00f3n de calidad percibida, ergonom\u00eda de competici\u00f3n GT y profunda integraci\u00f3n con los fundamentos Direct Drive. En la mano, inspira confianza y transmite una imagen de seriedad. La cantidad de controles bien situados y la precisi\u00f3n de las levas magn\u00e9ticas a\u00f1aden al volante una verdadera dimensi\u00f3n de \"herramienta de trabajo\". La respuesta, especialmente en caso de p\u00e9rdida de adherencia y frenada bajo presi\u00f3n, es muy clara. Te orientas r\u00e1pidamente y te encuentras mejorando tus tiempos s\u00f3lo por atreverte un poco m\u00e1s.<\/p>\n<p>En cuanto a las limitaciones, la primera cuesti\u00f3n es el peso y la inercia. Sobre una base peque\u00f1a, este volante de inercia est\u00e1 claramente subexplotado, penalizando incluso su capacidad de respuesta. Se nota que necesita par para expresarse realmente. En segundo lugar, el nivel de complejidad del volante (botones, rotores, men\u00fas) puede ser un poco excesivo para alguien que busque una configuraci\u00f3n simple, plug-and-play. Tienes que estar preparado para pasar un poco de tiempo configurando y aprendiendo d\u00f3nde est\u00e1 cada cosa. Por \u00faltimo, la inversi\u00f3n econ\u00f3mica no es trivial. Hay que pagar por la licencia, el acabado, la mec\u00e1nica de la paleta y la integraci\u00f3n, y eso lo sit\u00faa en la categor\u00eda premium m\u00e1s que en la econ\u00f3mica.<\/p>\n<p>En t\u00e9rminos de valor percibido, todo depende de tu punto de partida. Si ya tienes una base Fanatec Direct Drive y conduces principalmente GT o prototipos, este volante tiene sentido como inversi\u00f3n a largo plazo. Te da un verdadero impulso en t\u00e9rminos de sensaci\u00f3n e inmersi\u00f3n. Si todav\u00eda tienes una base b\u00e1sica o s\u00f3lo conduces de vez en cuando, es probable que la relaci\u00f3n precio\/uso no te convenza tanto. Es un producto que recompensa el uso regular y un m\u00ednimo de carreras de simulaci\u00f3n serias.<\/p>\n<h2>Veredicto<\/h2>\n<p>El volante Fanatec ClubSport BMW M4 GT3 cambia claramente la naturaleza de una configuraci\u00f3n cuando se viene de un volante m\u00e1s tradicional o convencional. Transforma una configuraci\u00f3n de \"sim racing de ocio\" en una herramienta mucho m\u00e1s orientada a la competici\u00f3n, ya sea para hotlaps, resistencia o campeonatos online. Ganas en precisi\u00f3n, control e inmersi\u00f3n, siempre que dispongas de una base lo suficientemente potente como para soportarlo.<\/p>\n<p>En el mercado actual, se posiciona como un volante premium, por encima de los volantes de gama media, pero sin caer en el exotismo ultra especializado. Es un producto muy serio, pero que puede seguir siendo utilizado a diario por un simracer motivado que pilota varias veces por semana.<\/p>\n<p>Lo recomendar\u00eda a usuarios que ya tengan instalado Fanatec, equipado con Direct Drive, que conduzcan principalmente GT, prototipos o coches modernos, y que quieran un volante s\u00f3lido, duradero y con una ergonom\u00eda cercana a la real. Para alguien que est\u00e9 empezando, que conduzca poco o que est\u00e9 limitado por una base de baja potencia, tendr\u00e1n m\u00e1s sentido otros volantes m\u00e1s sencillos y ligeros.<\/p>\n<p>Si buscas un volante estilo GT muy bien construido, dise\u00f1ado para Direct Drives y capaz de aumentar tu confianza y consistencia, este producto podr\u00eda marcar la diferencia en tu configuraci\u00f3n.<\/p>","protected":false},"excerpt":{"rendered":"<p>Este volante proporciona una sensaci\u00f3n muy precisa, una confianza real en el coche y una inmersi\u00f3n cercana a un entorno GT real, especialmente con una s\u00f3lida base Direct Drive. Tiene sentido para los simracers que ya est\u00e1n instalados en Fanatec, que conducen regularmente GT\/protos y quieren una herramienta de conducci\u00f3n m\u00e1s seria. La inversi\u00f3n tiene sentido si conduces a menudo y de forma comprometida.<\/p>","protected":false},"featured_media":100626,"comment_status":"open","ping_status":"closed","template":"","meta":{"_acf_changed":false,"_et_pb_use_builder":"","_et_pb_old_content":"","_et_gb_content_width":""},"product_brand":[158],"product_cat":[156],"product_tag":[149,159],"class_list":{"0":"post-100625","1":"product","2":"type-product","3":"status-publish","4":"has-post-thumbnail","6":"product_brand-fanatec","7":"product_cat-roue-de-volant","8":"product_tag-pc","9":"product_tag-playstation","11":"first","12":"instock","13":"shipping-taxable","14":"product-type-external"},"acf":[],"_links":{"self":[{"href":"https:\/\/simracergear.com\/es\/wp-json\/wp\/v2\/product\/100625","targetHints":{"allow":["GET"]}}],"collection":[{"href":"https:\/\/simracergear.com\/es\/wp-json\/wp\/v2\/product"}],"about":[{"href":"https:\/\/simracergear.com\/es\/wp-json\/wp\/v2\/types\/product"}],"replies":[{"embeddable":true,"href":"https:\/\/simracergear.com\/es\/wp-json\/wp\/v2\/comments?post=100625"}],"wp:featuredmedia":[{"embeddable":true,"href":"https:\/\/simracergear.com\/es\/wp-json\/wp\/v2\/media\/100626"}],"wp:attachment":[{"href":"https:\/\/simracergear.com\/es\/wp-json\/wp\/v2\/media?parent=100625"}],"wp:term":[{"taxonomy":"product_brand","embeddable":true,"href":"https:\/\/simracergear.com\/es\/wp-json\/wp\/v2\/product_brand?post=100625"},{"taxonomy":"product_cat","embeddable":true,"href":"https:\/\/simracergear.com\/es\/wp-json\/wp\/v2\/product_cat?post=100625"},{"taxonomy":"product_tag","embeddable":true,"href":"https:\/\/simracergear.com\/es\/wp-json\/wp\/v2\/product_tag?post=100625"}],"curies":[{"name":"wp","href":"https:\/\/api.w.org\/{rel}","templated":true}]}}