{"id":100635,"date":"2025-05-15T07:48:00","date_gmt":"2025-05-15T07:48:00","guid":{"rendered":"https:\/\/simracergear.com\/products\/fanatec-clubsport-steering-wheel-classic-2-v2\/"},"modified":"2025-11-28T04:45:23","modified_gmt":"2025-11-28T04:45:23","slug":"fanatec-clubsport-steering-wheel-classic-2-v2","status":"publish","type":"product","link":"https:\/\/simracergear.com\/es\/products\/fanatec-clubsport-steering-wheel-classic-2-v2\/","title":{"rendered":"Fanatec ClubSport Volante Classic 2 V2"},"content":{"rendered":"<h2>Fanatec ClubSport Volante Classic 2 V2: prueba y an\u00e1lisis completo<\/h2>\n<p>El ClubSport Steering Wheel Classic 2 V2 es uno de los volantes \"accesibles de gama alta\" de Fanatec. No es un volante para principiantes, ni un volante hiperespecializado tipo F1: es un volante redondo, tipo GT\/touring, dise\u00f1ado para cubrir el m\u00e1ximo n\u00famero de disciplinas con una exigencia real de tacto y acabado.<\/p>\n<p>Es muy atractivo porque cumple varios requisitos a la vez: di\u00e1metro realista, cuero, paleta de controles bien surtida, aspecto cl\u00e1sico pero moderno y, sobre todo, integraci\u00f3n directa en el ecosistema Fanatec, ya sea sobre una base ClubSport o Podium. Sobre el papel, es el \"todoterreno serio\" que muchos simracers buscan en cuanto suben de categor\u00eda.<\/p>\n<p>Mi punto de vista con este volante es simple: \u00bfrealmente ofrece una ganancia en precisi\u00f3n, comodidad e inmersi\u00f3n con respecto a los volantes m\u00e1s b\u00e1sicos de la marca, y est\u00e1 a la altura de otras opciones redondas del mercado? Me centr\u00e9 en c\u00f3mo se siente en la mano, su calidad percibida, su facilidad de uso en el d\u00eda a d\u00eda y lo interesante que ser\u00eda en una configuraci\u00f3n de simracing moderna, especialmente con bases Direct Drive cada vez m\u00e1s potentes.<\/p>\n<h2>Dise\u00f1o y fabricaci\u00f3n<\/h2>\n<p>En la mano, el volante ClubSport Classic 2 V2 da inmediatamente la impresi\u00f3n de ser un producto serio. El di\u00e1metro es realista para un volante de coche de carretera deportivo o GT, con un aro redondo totalmente recubierto de cuero. El cuero est\u00e1 bien estirado, ni demasiado liso ni demasiado granulado, con un agarre natural que inspira confianza, incluso sin guantes. Hay una ligera densidad en el aro, que le da la sensaci\u00f3n de un volante de coche \"real\", en lugar de un accesorio de juego.<\/p>\n<p>La estructura met\u00e1lica, las patillas y la placa central irradian rigidez. No hay flexi\u00f3n perceptible, ni siquiera al empujar con fuerza o girar bruscamente. Los ajustes entre las distintas piezas son limpios, y las transiciones entre cuero, metal y pl\u00e1stico son claras, sin bordes desagradables en los dedos. El volante parece haber sido construido para soportar horas de Direct Drive sin inmutarse.<\/p>\n<p>Los botones y codificadores ofrecen una sensaci\u00f3n general de calidad regular a muy buena: clics limpios, recorrido controlado, los peque\u00f1os mandos giran con la resistencia justa. No llega al nivel de algunos volantes ultra-premium con interruptores industriales, pero para ser un volante de \"consumo de gama alta\", sigue siendo muy s\u00f3lido. Dan ganas de usarlo, y eso es importante en una pieza que se toca todo el tiempo.<\/p>\n<p>Donde estoy un poco m\u00e1s matizado es en dos puntos. En primer lugar, algunos de los pl\u00e1sticos que rodean el buje y el panel frontal central parecen un poco \"modulares Fanatec\": bien acabados, pero no tan refinados visualmente como la propia llanta. En segundo lugar, el dise\u00f1o es muy cl\u00e1sico, casi demasiado conservador para algunos gustos. Si buscas un look racing ultra agresivo o carbono expuesto por todas partes, \u00e9sta no es la rueda m\u00e1s espectacular.<\/p>\n<p>Comparado con otros volantes redondos de la gama (o con algunos volantes de la competencia del mismo precio), el Classic 2 V2 se mantiene firme en t\u00e9rminos de rigidez y comodidad en la mano. Est\u00e1 claramente un paso por encima de un volante de pl\u00e1stico b\u00e1sico, cerca de lo que se esperar\u00eda de un volante de coche de \"entusiasta\", con esa mezcla de robustez, peso y cuero que marca la diferencia en la sensaci\u00f3n.<\/p>\n<h2>Ajustes, personalizaci\u00f3n y compatibilidad<\/h2>\n<p>El ClubSport Steering Wheel Classic 2 V2 se integra directamente en el ecosistema Fanatec. Se trata de un volante compatible con las bases modernas de la marca, ya sean de PC o de consola, dependiendo de la versi\u00f3n b\u00e1sica que poseas. En concreto, si ya est\u00e1s en el mundo Fanatec, empezar es inmediato: engancha el volante, comprueba el firmware mediante el software Fanatec y listo.<\/p>\n<p>En cuanto a los ajustes, todo pasa por la base y el software Fanatec (o los men\u00fas integrados en las bases avanzadas). El propio volante ofrece un buen n\u00famero de botones, codificadores y funciones que puedes mapear en los juegos: ideal para gestionar el ABS, el TC, la mezcla del motor, la radio, etc. La organizaci\u00f3n de los mandos est\u00e1 bien pensada: los botones principales caen de forma natural sobre los pulgares, y no tienes la sensaci\u00f3n de estar buscando constantemente la tecla adecuada.<\/p>\n<p>En cuanto a la personalizaci\u00f3n, la principal ventaja procede del di\u00e1metro y la forma redonda del volante, que lo hacen apto para una amplia gama de aplicaciones: GT, coches de carretera, rallyes, resistencia, incluso drifting. Las levas de cambio est\u00e1n en la posici\u00f3n correcta, con un clic claro y un tacto mec\u00e1nico agradable. Te orientar\u00e1s r\u00e1pidamente, incluso si cambias regularmente de un tipo de coche a otro.<\/p>\n<p>La curva de aprendizaje es bastante suave. Los men\u00fas de Fanatec para ajustar el tacto, la rotaci\u00f3n, la fuerza o los filtros del FFB siguen siendo los mismos que para el resto de volantes, as\u00ed que si ya est\u00e1s familiarizado con la marca, no hay nada nuevo que domar. Si eres nuevo en Fanatec, necesitar\u00e1s un poco de tiempo para acostumbrarte a la sensaci\u00f3n de los ajustes, pero eso no est\u00e1 relacionado con esta rueda en particular.<\/p>\n<p>En t\u00e9rminos de compatibilidad general, no hay sorpresas: PC, consola seg\u00fan tu base, pedales Fanatec, palancas de cambio, freno de mano, todo encaja de forma natural. El volante en s\u00ed no limita tu ecosistema. Es claramente una opci\u00f3n duradera: puedes empezar con una base de gama media y conservarla si m\u00e1s adelante pasas a una base Direct Drive m\u00e1s potente, y seguir\u00e1 el ritmo sin problemas.<\/p>\n<h2>Sensaciones en juego<\/h2>\n<p>Donde el volante ClubSport Classic 2 V2 realmente destaca es en la pista, especialmente cuando se combina con una base Direct Drive. El di\u00e1metro realista y el aro redondo transforman inmediatamente la relaci\u00f3n con el FFB. Las fuerzas se distribuyen mejor entre las manos, la microinformaci\u00f3n llega de forma m\u00e1s natural y la lectura de lo que hace el coche se vuelve m\u00e1s intuitiva.<\/p>\n<p>Lo que me sorprendi\u00f3 fue la forma en que el volante permite percibir los matices del agarre sin llegar a cansar. En una curva larga y r\u00e1pida, puedes sentir exactamente cu\u00e1ndo empieza a patinar la parte delantera, pero el aro no vibra artificialmente. El cuero amortigua el m\u00e1s m\u00ednimo ruido, al tiempo que deja entrever las variaciones de carga sobre el volante. Est\u00e1s leyendo la pista, no el motor FFB.<\/p>\n<p>En los vibradores, la sensaci\u00f3n era limpia y bien controlada. Se notan los bordes de la pista, los vibradores agresivos y las secciones m\u00e1s suaves, pero el volante no traquetea en las manos. La estructura r\u00edgida evita la distorsi\u00f3n y el ruido par\u00e1sito, lo que contribuye en gran medida a la impresi\u00f3n de solidez. Puedes montar los vibradores con confianza, sin preocuparte de que el material se sobrecargue o se vaya en todas direcciones.<\/p>\n<p>El di\u00e1metro y la redondez del volante ayudan enormemente en las secuencias r\u00e1pidas y las correcciones de emergencia. Se pueden hacer giros r\u00e1pidos, corregir el inicio del sobreviraje, alcanzar a un coche que se cala, manteniendo siempre un buen punto de contacto. En comparaci\u00f3n con un volante peque\u00f1o, m\u00e1s compacto, tipo F1 o GT moderno, se pierde un poco en velocidad de rotaci\u00f3n bruta, pero se gana en control fino y estabilidad. Para una conducci\u00f3n \"limpia\", este compromiso funciona muy bien.<\/p>\n<p>La precisi\u00f3n del FFB depende obviamente de la base, pero el Classic 2 V2 no estropea nada. Al contrario, deja que la base se exprese. En una base menos potente o de nivel b\u00e1sico, esta rueda ofrece un verdadero aumento de sensaciones, simplemente por su geometr\u00eda y agarre. Hay m\u00e1s palanca, m\u00e1s control, y las fuerzas percibidas parecen m\u00e1s progresivas y naturales. En una base m\u00e1s potente, como una Direct Drive robusta, se mantiene: la rigidez de la llanta permite aprovechar la delicadeza de la se\u00f1al sin flexiones.<\/p>\n<p>En sesiones largas, la comodidad es uno de sus principales puntos fuertes. El cuero no cansa las manos, y la secci\u00f3n del borde es lo suficientemente gruesa como para que los dedos descansen c\u00f3modamente, pero no tanto como para tener la sensaci\u00f3n de estar sujetando una pesa. Incluso despu\u00e9s de un viaje de resistencia, la fatiga proviene m\u00e1s del cuerpo que de las manos. El peso del volante sigue siendo razonable, para no exagerar la respuesta de fuerza, al tiempo que ofrece esa inercia realista que hace que las transiciones sean m\u00e1s naturales.<\/p>\n<p>En t\u00e9rminos de inmersi\u00f3n, este volante establece el v\u00ednculo entre el juego y t\u00fa de una forma muy cre\u00edble. En un GT3, en un coche de carretera o en una berlina de carreras, tienes la impresi\u00f3n de que la forma y el di\u00e1metro \"se ci\u00f1en\" a lo que ves en la pantalla. Puede parecer trivial, pero cuando tu cerebro ve un volante redondo y tus manos sostienen un volante redondo de un tama\u00f1o veros\u00edmil, la inmersi\u00f3n sube un escal\u00f3n. Entiendes inmediatamente lo que est\u00e1 haciendo el coche, y es m\u00e1s f\u00e1cil atreverse a ir al l\u00edmite.<\/p>\n<p>Comparado con un volante m\u00e1s b\u00e1sico, demasiado ligero o muy pl\u00e1stico, la diferencia es clara: sientes que pasas de un accesorio del juego a un elemento real de la cabina. Comparado con volantes incluso de gama m\u00e1s alta y muy especializados, el Classic 2 V2 es un compromiso excelente: menos extremo, m\u00e1s vers\u00e1til, pero aun as\u00ed lo suficientemente preciso e inmersivo para pilotos exigentes.<\/p>\n<h2>\u00bfA qui\u00e9n va dirigido? Lo que nos gusta, lo que no nos gusta<\/h2>\n<p>El ClubSport Volante Classic 2 V2 est\u00e1 claramente dirigido a un p\u00fablico de nivel intermedio a avanzado, pero tambi\u00e9n puede ser adecuado para un principiante motivado que quiera invertir directamente en algo duradero. Si conduces principalmente en PC, con una mezcla de coches GT, de carretera y de resistencia y posiblemente un poco de rally, este vers\u00e1til formato de volante tiene mucho sentido. En consolas, sigue siendo muy interesante siempre que tu base sea compatible.<\/p>\n<p>Entre los puntos fuertes que destacan, la calidad general de construcci\u00f3n es un verdadero argumento de venta: rigidez, cuero agradable, montaje limpio, todo contribuye a crear una sensaci\u00f3n de confianza. La segunda gran baza es la comodidad y el realismo de la llanta: di\u00e1metro consistente, agarre natural, muy buena gesti\u00f3n de la fatiga en sesiones largas. Por \u00faltimo, la polivalencia es un verdadero punto a favor: con una sola rueda, puedes cubrir una amplia gama de disciplinas sin sentirte nunca \"fuera de lugar\".<\/p>\n<p>Sin embargo, hay que tener en cuenta algunas limitaciones. En primer lugar, el precio lo sit\u00faa claramente en la categor\u00eda de inversiones consideradas: ya no se trata de un accesorio econ\u00f3mico, sino de un producto que se compra a largo plazo. A algunos les puede escocer si el resto de la configuraci\u00f3n no est\u00e1 a la altura. En segundo lugar, el aspecto tan cl\u00e1sico puede parecer un poco demasiado conservador para aquellos a los que les gustan los dise\u00f1os agresivos, con mucho carbono o LED. Por \u00faltimo, este volante redondo no es ideal para todo: si te centras casi exclusivamente en monoplazas modernos o eSports con entradas ultrarr\u00e1pidas, un volante m\u00e1s compacto, estilo F1, ser\u00e1 m\u00e1s adecuado.<\/p>\n<p>En t\u00e9rminos de valor percibido, sigue siendo coherente: est\u00e1s pagando por cuero, metal, una integraci\u00f3n limpia en el ecosistema Fanatec y un producto que puedes mantener cambiando la base o el cockpit. No es la elecci\u00f3n absolutamente racional para un presupuesto muy reducido, pero para alguien que ve su configuraci\u00f3n como una inversi\u00f3n progresiva, el Classic 2 V2 cumple muchos requisitos relevantes.<\/p>\n<h2>Veredicto<\/h2>\n<p>El Fanatec ClubSport Steering Wheel Classic 2 V2 eleva claramente el nivel de una configuraci\u00f3n, especialmente si se cambia de un volante de pl\u00e1stico o demasiado ligero. Proporciona una sensaci\u00f3n m\u00e1s realista, un mejor control y una inmersi\u00f3n m\u00e1s natural, sin ir demasiado lejos ni resultar demasiado especializado. Por lo general, es el tipo de volante que conservar\u00e1s durante mucho tiempo, aunque actualices el resto de tu equipo.<\/p>\n<p>En el mercado, se sit\u00faa en el extremo superior de la gama de consumo: por encima de los volantes b\u00e1sicos, por debajo de los volantes ultrapremium o a medida. Juega la carta de la polivalencia y la seriedad m\u00e1s que la de la espectacularidad, lo que lo hace muy interesante para un simracer que quiera un \u00fanico volante principal para hacer casi de todo.<\/p>\n<p>Lo recomendar\u00eda especialmente a quienes compiten en diversas disciplinas, a quienes les gusta la sensaci\u00f3n de un coche de verdad y a quienes quieren un volante que pueda seguir una base Direct Drive sin inmutarse. Si s\u00f3lo te gustan los monoplazas modernos, o si buscas un look ultra racing con mil caracter\u00edsticas ex\u00f3ticas, encontrar\u00e1s algo m\u00e1s adecuado en otra parte.<\/p>\n<p>Si buscas un volante redondo, vers\u00e1til, s\u00f3lido y envolvente para acompa\u00f1ar o mejorar una base Fanatec, este producto podr\u00eda marcar la diferencia en tu configuraci\u00f3n.<\/p>","protected":false},"excerpt":{"rendered":"<p>Este volante me dio la sensaci\u00f3n de pasar de un simple accesorio a un verdadero elemento del cockpit, con una clara ganancia en comodidad, control e inmersi\u00f3n. Tiene sentido para los simracers ya equipados con Fanatec que corren varias disciplinas y quieren un \u00fanico volante principal que sea duradero y coherente con una configuraci\u00f3n orientada a la progresi\u00f3n.<\/p>","protected":false},"featured_media":100636,"comment_status":"open","ping_status":"closed","template":"","meta":{"_acf_changed":false,"_et_pb_use_builder":"","_et_pb_old_content":"","_et_gb_content_width":""},"product_brand":[158],"product_cat":[156],"product_tag":[149,159],"class_list":{"0":"post-100635","1":"product","2":"type-product","3":"status-publish","4":"has-post-thumbnail","6":"product_brand-fanatec","7":"product_cat-roue-de-volant","8":"product_tag-pc","9":"product_tag-playstation","11":"first","12":"instock","13":"shipping-taxable","14":"product-type-external"},"acf":[],"_links":{"self":[{"href":"https:\/\/simracergear.com\/es\/wp-json\/wp\/v2\/product\/100635","targetHints":{"allow":["GET"]}}],"collection":[{"href":"https:\/\/simracergear.com\/es\/wp-json\/wp\/v2\/product"}],"about":[{"href":"https:\/\/simracergear.com\/es\/wp-json\/wp\/v2\/types\/product"}],"replies":[{"embeddable":true,"href":"https:\/\/simracergear.com\/es\/wp-json\/wp\/v2\/comments?post=100635"}],"wp:featuredmedia":[{"embeddable":true,"href":"https:\/\/simracergear.com\/es\/wp-json\/wp\/v2\/media\/100636"}],"wp:attachment":[{"href":"https:\/\/simracergear.com\/es\/wp-json\/wp\/v2\/media?parent=100635"}],"wp:term":[{"taxonomy":"product_brand","embeddable":true,"href":"https:\/\/simracergear.com\/es\/wp-json\/wp\/v2\/product_brand?post=100635"},{"taxonomy":"product_cat","embeddable":true,"href":"https:\/\/simracergear.com\/es\/wp-json\/wp\/v2\/product_cat?post=100635"},{"taxonomy":"product_tag","embeddable":true,"href":"https:\/\/simracergear.com\/es\/wp-json\/wp\/v2\/product_tag?post=100635"}],"curies":[{"name":"wp","href":"https:\/\/api.w.org\/{rel}","templated":true}]}}