{"id":100652,"date":"2025-05-15T07:48:00","date_gmt":"2025-05-15T07:48:00","guid":{"rendered":"https:\/\/simracergear.com\/products\/fanatec-clubsport-steering-wheel-drift-v2-for-xbox\/"},"modified":"2025-11-28T04:45:29","modified_gmt":"2025-11-28T04:45:29","slug":"fanatec-clubsport-steering-wheel-drift-v2-for-xbox","status":"publish","type":"product","link":"https:\/\/simracergear.com\/es\/products\/fanatec-clubsport-steering-wheel-drift-v2-for-xbox\/","title":{"rendered":"Fanatec ClubSport Wheel Drift V2 para Xbox"},"content":{"rendered":"<h2>Fanatec ClubSport Steering Wheel Drift V2 para Xbox: mi opini\u00f3n tras la prueba<\/h2>\n<p>Dentro de la gama Fanatec, el ClubSport Steering Wheel Drift V2 para Xbox est\u00e1 claramente dise\u00f1ado como un volante \"divertido pero serio\". No es ni un enorme GT ultra-premium ni un volante peque\u00f1o y b\u00e1sico: es un volante ligero, orientado al drift, din\u00e1mico y compatible con Xbox que se basa en los fundamentos de Fanatec y est\u00e1 dirigido a aquellos que quieren la m\u00e1xima capacidad de respuesta.<\/p>\n<p>Sobre el papel, promete tres cosas: ligereza para correcciones ultrarr\u00e1pidas, compatibilidad con Xbox sin complicaciones gracias al m\u00f3dulo, y una construcci\u00f3n ClubSport que se supone que resistir\u00e1 incluso un uso intensivo. Es el tipo de volante que atrae tanto a los aficionados al drift como a los que conducen coches de rally o turismo.<\/p>\n<p>Por mi parte, lo enfoqu\u00e9 desde un \u00e1ngulo muy simple: \u00bfofrece realmente algo en comparaci\u00f3n con un volante GT m\u00e1s pesado, sobre todo en t\u00e9rminos de precisi\u00f3n, transiciones agarre\/deslizamiento y comodidad durante las sesiones en las que se conduce mucho? Y sobre todo, \u00bfla promesa de \"drifting\" no la hace demasiado espec\u00edfica para otras disciplinas?<\/p>\n<h2>Dise\u00f1o, fabricaci\u00f3n y tacto<\/h2>\n<p>Visualmente, la Drift V2 parece inmediatamente una rueda de carreras ligera. El aro es fino, el di\u00e1metro peque\u00f1o, con un dise\u00f1o muy abierto que destila capacidad de respuesta. Sin florituras, sin superposiciones est\u00e9ticas innecesarias: se nota que el objetivo es tener un volante que se pueda manejar con rapidez y frecuencia.<\/p>\n<p>Los materiales son acordes con el ClubSport: estructura met\u00e1lica, tapicer\u00eda de alc\u00e1ntara o ante (seg\u00fan la versi\u00f3n) y botones integrados a trav\u00e9s del hub Xbox Fanatec. La primera impresi\u00f3n en la mano es de ligereza. Se siente que hay menos inercia que con un gran volante GT o un volante estilo F1 atiborrado de botones. Los cambios de direcci\u00f3n se sienten m\u00e1s vivos, incluso en fr\u00edo, con s\u00f3lo mover el volante en parado.<\/p>\n<p>La rigidez general es muy buena para la categor\u00eda. No not\u00e9 ninguna flexi\u00f3n apreciable en la llanta sobre una base fuerte, ni siquiera al conducir duro en estilo drift o rally. Los botones del m\u00f3dulo Xbox no son tan premium en t\u00e9rminos de clics como en algunas ruedas de gama muy alta, pero siguen siendo n\u00edtidos, bien espaciados y f\u00e1ciles de alcanzar durante la conducci\u00f3n.<\/p>\n<p>Lo que sorprende de inmediato es el contraste entre su aspecto minimalista y su solidez percibida. Parece un juguete cuando lo levantas, porque es muy ligero, pero una vez fijado a la base, parece serio. Donde me convenci\u00f3 un poco menos fue con el revestimiento: c\u00f3modo y agradable cuando se llevan guantes, pero puede mostrar r\u00e1pidamente signos de desgaste si se monta sistem\u00e1ticamente con las manos desnudas. No se trata de un cuero grueso y ultraduradero.<\/p>\n<p>En comparaci\u00f3n con otros volantes Fanatec m\u00e1s \"macizos\", perdemos claramente en sensaci\u00f3n de densidad y lujo, pero ganamos en agilidad. Este es t\u00edpicamente el tipo de volante dise\u00f1ado para ser 'performance' m\u00e1s que 'status'.<\/p>\n<h2>Ajustes, personalizaci\u00f3n y compatibilidad<\/h2>\n<p>El Fanatec ClubSport Steering Wheel Drift V2 para Xbox no es una base, por lo que todo lo relacionado con la fuerza, la sensaci\u00f3n y el comportamiento se establece a trav\u00e9s de la base Fanatec y el software interno. La buena noticia es que el volante est\u00e1 plenamente reconocido en el ecosistema: tanto en PC como en Xbox, la integraci\u00f3n es perfecta siempre que tu base sea compatible con Xbox y est\u00e9 actualizada.<\/p>\n<p>En cuanto a la personalizaci\u00f3n, hay dos \u00e1reas principales: los ajustes de base (intensidad, filtrado, retroalimentaci\u00f3n de reenfoque, etc.) y la forma de asignar los botones disponibles. Los botones, gatillos y controles Xbox del cubo cubren todas las necesidades cl\u00e1sicas: men\u00fa, freno de mano virtual, cambio de vista, reinicio, etc. No es un volante prototipo con quince codificadores, pero para drifting, rally, touring o incluso GT ligero, hay mucho que hacer.<\/p>\n<p>La curva de aprendizaje es bastante suave si ya est\u00e1s familiarizado con el ecosistema Fanatec. Cambias la rueda, ajustas la fuerza FFB (yo tiendo a bajarla ligeramente para aprovechar la ligereza de la llanta) y pasas unas cuantas sesiones afinando. Si vienes de una rueda m\u00e1s pesada, necesitar\u00e1s un poco de tiempo para acostumbrarte, porque la rueda responde m\u00e1s r\u00e1pidamente a un movimiento de mu\u00f1eca. Una vez que le has cogido el truco, es muy natural.<\/p>\n<p>En t\u00e9rminos de compatibilidad, la principal ventaja es, obviamente, Xbox. La presencia del m\u00f3dulo dedicado significa que puedes disfrutar de la configuraci\u00f3n de Fanatec en la consola sin ning\u00fan problema. En PC, todo funciona tambi\u00e9n, con la posibilidad de llevar los ajustes mucho m\u00e1s lejos en los men\u00fas. El ecosistema Fanatec hace el resto: puedes utilizar este volante con pr\u00e1cticamente toda la gama de vainas (dependiendo de la generaci\u00f3n y de la compatibilidad con Xbox), y combinarlo con un juego de bielas Load Cell o hidr\u00e1ulico, una palanca de cambios, un freno de mano anal\u00f3gico, en una cabina o en un caballete de rueda.<\/p>\n<p>En cuanto a la posibilidad de actualizaci\u00f3n, la veo claramente como una rueda especializada que complementa una configuraci\u00f3n existente en lugar de una rueda \"\u00fanica\". En una configuraci\u00f3n de gama media o alta, tiene mucho sentido como rueda dedicada al drifting, los rallies o los coches nerviosos.<\/p>\n<h2>Sensaciones en el juego: donde marca la diferencia<\/h2>\n<p>Es en la pista donde el Drift V2 demuestra realmente su val\u00eda. Lo primero que destaca es la precisi\u00f3n de la respuesta en las peque\u00f1as correcciones. Con una base Direct Drive o una buena base de correa, la ligereza del volante hace que el m\u00e1s m\u00ednimo detalle del FFB se traduzca en un movimiento r\u00e1pido y f\u00e1cil de controlar. Es m\u00e1s f\u00e1cil sentir los microdesplazamientos del tren trasero cuando el coche empieza a entrar en p\u00e9rdida, especialmente en situaciones de derrape o deslizamiento controlado.<\/p>\n<p>En las curvas r\u00e1pidas, tienes una sensaci\u00f3n de control muy directo. Hay un poco menos de torsi\u00f3n del brazo que con una llanta grande, la entrada en curva es directa y las correcciones se hacen con la mu\u00f1eca. La llanta se mantiene estable en las bajadas largas, sin vibraciones par\u00e1sitas. Puedes saber muy r\u00e1pidamente si el coche est\u00e1 ligeramente subvirando, en punto muerto o a punto de que el tren trasero empiece a querer adelantar. Entiendes inmediatamente lo que est\u00e1 haciendo el coche.<\/p>\n<p>Cuando se trata de leer el agarre, la combinaci\u00f3n de base Fanatec + volante ligero funciona bien. Cuando llegas al punto de frenada, puedes sentir las transferencias de carga, el momento en que el tren delantero se agarra de verdad, y luego el l\u00edmite. En drifting o rally, es la transici\u00f3n la que realmente habla por s\u00ed misma: a medida que el coche pasa del agarre al planeo, el volante se vuelve m\u00e1s \"vivo\" sin ser incontrolable. Puedes dejar que el volante se autoalinee ligeramente y cogerlo con facilidad.<\/p>\n<p>En los vibradores, la retroalimentaci\u00f3n es bastante seca y f\u00e1cil de leer. Los grandes bordillos de los circuitos modernos se traducen en impulsos limpios, sin sobrefiltraci\u00f3n. Se nota la diferencia entre un vibrador plano y un gran saliente que puede desestabilizar el coche. En el drifting puro, es menos cr\u00edtico, pero en un circuito tradicional, ayuda mucho posicionar el coche con una precisi\u00f3n de un cent\u00edmetro, especialmente en las chicanes.<\/p>\n<p>Para sesiones largas, la baja inercia juega un papel importante. Hay mucha menos fatiga en los antebrazos que con un volante grande y pesado a alta intensidad de FFB. Incluso con una fuerza relativamente alta, las correcciones r\u00e1pidas requieren menos esfuerzo. Puedes sentirlo durante dos o tres horas de manejo. Tienes m\u00e1s energ\u00eda para concentrarte en las trayectorias que en la lucha f\u00edsica con el volante.<\/p>\n<p>Cuando se trata de correcciones r\u00e1pidas, aqu\u00ed es claramente donde el Drift V2 destaca de volantes m\u00e1s masivos. Cuando la parte trasera se cala bruscamente, el volante va r\u00e1pido, pero sigue siendo manejable porque la masa que hay que alcanzar es baja. Puedes contravolantear, volver a centrar y hacer peque\u00f1os ajustes en r\u00e1pida sucesi\u00f3n sin tener la sensaci\u00f3n de estar luchando contra un volante demasiado pesado. Para derrapar, esto es una verdadera ventaja: las secuencias se vuelven m\u00e1s fluidas, menos \"deporte de combate\".<\/p>\n<p>Comparado con un volante m\u00e1s pesado de la misma base, se pierde un poco esa sensaci\u00f3n de \"volante fuerte\", que ofrece una resistencia real bajo una gran carga aerodin\u00e1mica. Puede que a algunas personas no les guste para prototipos o coches GT ultrarr\u00e1pidos, en los que se busca una sensaci\u00f3n de mayor \"anclaje a tierra\". En cambio, en coches m\u00e1s juguetones, de rally, de drift, de turismo o incluso en tracciones peque\u00f1as y nerviosas, la ganancia en capacidad de respuesta es muy apreciable. Es un volante que hace que quieras provocar al coche, no s\u00f3lo conducirlo limpiamente.<\/p>\n<h2>\u00bfA qui\u00e9n va dirigido? Puntos fuertes y limitaciones<\/h2>\n<p>El perfil ideal para el Fanatec ClubSport Steering Wheel Drift V2 para Xbox es el simracer que ya tiene un equipamiento m\u00ednimo, que conduce con una base Fanatec y que quiere un volante dedicado a disciplinas din\u00e1micas: drift, rally, contrarreloj agresivo, carreras de turismo musculosas. En Xbox, tambi\u00e9n est\u00e1 claramente dirigido a los jugadores que quieren explotar una configuraci\u00f3n Fanatec sin quedarse atascados en un volante demasiado GT o demasiado recargado.<\/p>\n<p>Lo que m\u00e1s aprecio es su capacidad de respuesta. Los cambios de curva ultrarr\u00e1pidos se sienten naturales y sin esfuerzo, y se tiene un muy buen tacto de la parte trasera del veh\u00edculo. Adem\u00e1s, la ligereza de la carrocer\u00eda proporciona un verdadero confort en sesiones largas, especialmente con un generoso FFB. Por \u00faltimo, es lo suficientemente vers\u00e1til como para ser utilizado en circuitos cl\u00e1sicos, por lo que no se tiene la impresi\u00f3n de estar totalmente confinado al 100 % drifting.<\/p>\n<p>Pero hay l\u00edmites. Para alguien que busque un volante \u00fanico \"para todo\", no es necesariamente el m\u00e1s coherente: menor di\u00e1metro, aspecto espec\u00edfico, menos botones que algunos volantes modernos muy completos. El otro punto es que es un poco menos \"lujoso\" al tacto que los volantes de cuero m\u00e1s premium: el revestimiento estilo alc\u00e1ntara es agradable, pero m\u00e1s exigente en t\u00e9rminos de mantenimiento y m\u00e1s sensible al desgaste si se conduce a menudo con las manos desnudas. Por \u00faltimo, en t\u00e9rminos de valor percibido, todo depende del uso que le des: si no haces mucho drifting o disciplinas en las que el deslizamiento es fundamental, la inversi\u00f3n puede parecer menos obvia en comparaci\u00f3n con un volante GT m\u00e1s vers\u00e1til.<\/p>\n<p>Evidentemente, para un jugador de consola o PC ya equipado con una base Fanatec, que desee realmente mejorar su control en fases de deslizamiento y secuencias r\u00e1pidas, la relaci\u00f3n sensaciones\/precio sigue siendo coherente. Para los principiantes puros que buscan su primer volante, no es el volante m\u00e1s l\u00f3gico para comprar.<\/p>\n<h2>Veredicto: \u00bfqu\u00e9 lugar ocupa el Drift V2 en una configuraci\u00f3n Fanatec?<\/h2>\n<p>El Fanatec ClubSport Steering Wheel Drift V2 para Xbox no convierte una base media en un monstruo FFB, pero cambia claramente la forma de interactuar con el coche. En una configuraci\u00f3n existente, aporta una dimensi\u00f3n de vivacidad y control al deslizamiento que un volante grande y pesado dif\u00edcilmente podr\u00eda ofrecer. Es un verdadero \"refinador de sensaciones\" m\u00e1s que un simple accesorio est\u00e9tico.<\/p>\n<p>En el mercado, se sit\u00faa en la gama media especializada: m\u00e1s calidad y seriedad que un volante peque\u00f1o de iniciaci\u00f3n, pero menos lujoso y menos repleto de controles que un volante GT o un prototipo de gama muy alta. Hace exactamente lo que se espera de un volante de drift: es ligero, r\u00e1pido y directo, con compatibilidad Xbox como extra para los que juegan en consola.<\/p>\n<p>Lo recomendar\u00eda claramente a pilotos de simulaci\u00f3n intermedios o experimentados, que ya hayan invertido en el ecosistema Fanatec, y que quieran un segundo volante orientado a la conducci\u00f3n de drift \/ rally \/ agresiva. Para alguien que busque un \u00fanico volante muy vers\u00e1til, o que conduzca principalmente coches de resistencia y GT serios, un aro m\u00e1s grande y lujoso ser\u00e1 m\u00e1s adecuado.<\/p>\n<p>Si buscas un volante ligero, vivo, dise\u00f1ado para correcciones r\u00e1pidas y compatible con Xbox dentro del ecosistema Fanatec, este producto podr\u00eda marcar claramente la diferencia en tu configuraci\u00f3n.<\/p>","protected":false},"excerpt":{"rendered":"<p>Este volante me dio una sensaci\u00f3n de control muy directo y ligereza, especialmente en las fases de derrape y las secuencias r\u00e1pidas. Tiene sentido para los simracers ya equipados con Fanatec que conducen coches de drift, rally o r\u00e1pidos, tanto en Xbox como en PC. Como segundo volante especializado, su capacidad de respuesta bien merece la inversi\u00f3n.<\/p>","protected":false},"featured_media":100653,"comment_status":"open","ping_status":"closed","template":"","meta":{"_acf_changed":false,"_et_pb_use_builder":"","_et_pb_old_content":"","_et_gb_content_width":""},"product_brand":[158],"product_cat":[156],"product_tag":[149,159,160],"class_list":{"0":"post-100652","1":"product","2":"type-product","3":"status-publish","4":"has-post-thumbnail","6":"product_brand-fanatec","7":"product_cat-roue-de-volant","8":"product_tag-pc","9":"product_tag-playstation","10":"product_tag-xbox","12":"first","13":"instock","14":"shipping-taxable","15":"product-type-external"},"acf":[],"_links":{"self":[{"href":"https:\/\/simracergear.com\/es\/wp-json\/wp\/v2\/product\/100652","targetHints":{"allow":["GET"]}}],"collection":[{"href":"https:\/\/simracergear.com\/es\/wp-json\/wp\/v2\/product"}],"about":[{"href":"https:\/\/simracergear.com\/es\/wp-json\/wp\/v2\/types\/product"}],"replies":[{"embeddable":true,"href":"https:\/\/simracergear.com\/es\/wp-json\/wp\/v2\/comments?post=100652"}],"wp:featuredmedia":[{"embeddable":true,"href":"https:\/\/simracergear.com\/es\/wp-json\/wp\/v2\/media\/100653"}],"wp:attachment":[{"href":"https:\/\/simracergear.com\/es\/wp-json\/wp\/v2\/media?parent=100652"}],"wp:term":[{"taxonomy":"product_brand","embeddable":true,"href":"https:\/\/simracergear.com\/es\/wp-json\/wp\/v2\/product_brand?post=100652"},{"taxonomy":"product_cat","embeddable":true,"href":"https:\/\/simracergear.com\/es\/wp-json\/wp\/v2\/product_cat?post=100652"},{"taxonomy":"product_tag","embeddable":true,"href":"https:\/\/simracergear.com\/es\/wp-json\/wp\/v2\/product_tag?post=100652"}],"curies":[{"name":"wp","href":"https:\/\/api.w.org\/{rel}","templated":true}]}}