{"id":100696,"date":"2025-11-28T04:46:42","date_gmt":"2025-11-28T04:46:42","guid":{"rendered":"https:\/\/simracergear.com\/products\/fanatec-clubsport-steering-wheel-formula-v2-5-x\/"},"modified":"2025-11-28T04:46:42","modified_gmt":"2025-11-28T04:46:42","slug":"fanatec-clubsport-steering-wheel-formula-v2-5-x","status":"publish","type":"product","link":"https:\/\/simracergear.com\/es\/products\/fanatec-clubsport-steering-wheel-formula-v2-5-x\/","title":{"rendered":"Fanatec ClubSport Volante Formula V2.5 X"},"content":{"rendered":"<h2>Fanatec ClubSport Volante Formula V2.5 X: revisi\u00f3n completa despu\u00e9s de su uso<\/h2>\n<p>El Fanatec ClubSport Steering Wheel Formula V2.5 X se posiciona como el volante de F1\/sill\u00f3n de gama media-alta del ecosistema Fanatec. Est\u00e1 claramente dirigido a jugadores serios que quieren un volante de f\u00f3rmula que no recurra a una personalizaci\u00f3n excesivamente cara. Sobre todo, promete mucho control, una ergonom\u00eda pensada para carreras largas y una c\u00f3moda compatibilidad con las bases Fanatec.<\/p>\n<p>Lo que atrae es la combinaci\u00f3n de tama\u00f1o compacto, aspecto moderno de F1 y profusi\u00f3n de botones, sin dejar de ser m\u00e1s accesible que un volante \"pro\" de gama alta totalmente de carbono. Se nota enseguida que va dirigido a los simracers que pasan tiempo en GT3, F1 y LMP y que quieren una herramienta eficaz para gestionar su configuraci\u00f3n en pista.<\/p>\n<p>Mi \u00e1ngulo de an\u00e1lisis es simple: la sensaci\u00f3n en la mano, la calidad de construcci\u00f3n, la ergonom\u00eda de competici\u00f3n y la idoneidad del volante en una configuraci\u00f3n Fanatec actual, ya sea ClubSport o Direct Drive. La idea es ver si realmente ofrece una ganancia en precisi\u00f3n y comodidad con respecto a un volante m\u00e1s sencillo, y si aguanta un uso intensivo.<\/p>\n<h2>Dise\u00f1o y fabricaci\u00f3n: serios, densos, muy orientados a la competici\u00f3n<\/h2>\n<p>En la mano, el Formula V2.5 X da una impresi\u00f3n inmediata de densidad. El chasis principal es met\u00e1lico, con un panel frontal compuesto de fibra de carbono. No es el carbono de gama ultra alta que se espera de un producto boutique, pero la rigidez est\u00e1 ah\u00ed. No hay flexi\u00f3n perceptible, ni siquiera cuando presionas los pu\u00f1os con un fuerte Direct Drive detr\u00e1s.<\/p>\n<p>Los pu\u00f1os est\u00e1n recubiertos de un material sint\u00e9tico tipo Alc\u00e1ntara\/caucho (seg\u00fan la versi\u00f3n) que ofrece un agarre firme. La secci\u00f3n transversal es bastante fina, ideal para un estilo de conducci\u00f3n preciso. No tienes la sensaci\u00f3n de estar sujetando un bate de b\u00e9isbol; es m\u00e1s como una herramienta de bistur\u00ed. En sesiones largas, el agarre sigue siendo c\u00f3modo, especialmente si se usan guantes. Sin guantes, aguanta bien, pero el material puede calentar un poco las manos.<\/p>\n<p>Los botones, los rotores y los joysticks ofrecen una sensaci\u00f3n de gran calidad. Los clics son n\u00edtidos, con una resistencia decente. Los codificadores delanteros son particularmente agradables de usar en plena acci\u00f3n. Puedes sentir que el producto ha sido dise\u00f1ado para que puedas ajustar la inclinaci\u00f3n de los frenos, la mezcla y el TC\/ABS mientras conduces sin apartar la vista de la pista.<\/p>\n<p>Las palas magn\u00e9ticas de la parte trasera son uno de los grandes puntos a favor. El clic es limpio, seco y muy mec\u00e1nico. Es ruidoso, pero muy satisfactorio. Para un cambio r\u00e1pido, inspira confianza. Las levas adicionales (embrague y multifunci\u00f3n, dependiendo de la configuraci\u00f3n) a\u00f1aden una versatilidad real para la resistencia y los arranques en parado.<\/p>\n<p>Lo que es un poco decepcionante es que, en t\u00e9rminos de lujo percibido, no estamos al nivel de algunos volantes \"full carbon\" de gama muy alta. Es m\u00e1s un s\u00f3lido industrial que un objeto excepcional. Las etiquetas\/marcas de los botones siguen siendo cl\u00e1sicas. Pero en este rango de precios, el nivel de acabado est\u00e1 muy por encima del de los volantes b\u00e1sicos de pl\u00e1stico\/metal sint\u00e9tico.<\/p>\n<p>En comparaci\u00f3n con un volante Fanatec b\u00e1sico o un volante de paquete de otras marcas, la rigidez, la densidad y la seriedad de la construcci\u00f3n han subido claramente un escal\u00f3n. Este volante parece realmente preparado para soportar a\u00f1os de carreras intensivas de simulaci\u00f3n.<\/p>\n<h2>Ajustes, personalizaci\u00f3n y compatibilidad: ricos, pero todav\u00eda un reto por dominar<\/h2>\n<p>Formula V2.5 X aprovecha al m\u00e1ximo el ecosistema Fanatec. Sobre una base compatible, puedes configurar un gran n\u00famero de cosas directamente desde el volante: fuerza FFB, interpolaci\u00f3n, \u00e1ngulo de giro, ajustes ABS\/FFB en bruto, etc. La pantalla y los LED a\u00f1aden una capa extra de legibilidad, especialmente para la velocidad del motor y las alertas. La pantalla y los LED a\u00f1aden un nivel adicional de legibilidad, especialmente para la velocidad del motor y las alertas.<\/p>\n<p>Hay muchos botones, pero su disposici\u00f3n sigue siendo coherente. Los mandos giratorios est\u00e1n bien situados para un uso constante, y los joysticks facilitan la navegaci\u00f3n por los men\u00fas del juego y la interfaz. Familiarizarse con las funciones lleva un poco de tiempo: no se pueden dominar todos los botones en una tarde, sobre todo si se configuran mapeados complejos en simuladores de \u00faltima generaci\u00f3n.<\/p>\n<p>La curva de aprendizaje depende mucho del perfil del usuario. Si vienes de un simple volante de dos palancas con unos pocos botones, la transici\u00f3n intimida un poco. Si ya est\u00e1s acostumbrado a los volantes tipo F1, r\u00e1pidamente se convierte en algo natural. Para sacar el m\u00e1ximo partido de los codificadores y las levas de embrague, son necesarias unas cuantas sesiones de prueba, pero la ganancia en control de carrera es muy real.<\/p>\n<p>En t\u00e9rminos de compatibilidad, est\u00e1 dise\u00f1ado para funcionar con las bases Fanatec recientes, ya sean ClubSport o Direct Drive, en PC o consola, dependiendo de la base utilizada. Lo importante aqu\u00ed es que no es el volante lo que limita la plataforma, sino la base sobre la que se monta. Conectado a un PC, por lo general se obtiene una funcionalidad completa. En una consola, algunas opciones pueden verse limitadas en funci\u00f3n del juego, pero las funciones esenciales siguen estando ah\u00ed.<\/p>\n<p>El ecosistema Fanatec tambi\u00e9n juega a su favor: puedes combinarla con bielas de c\u00e9lula de carga, cambios, frenos de mano y un cockpit r\u00edgido. La Formula V2.5 X no es un \"punto de entrada de bajo coste\", sino m\u00e1s bien una rueda de gama media\/alta, capaz de seguir el ritmo de la evoluci\u00f3n de los montajes hacia bases m\u00e1s potentes sin convertirse en el eslab\u00f3n d\u00e9bil.<\/p>\n<h2>Sensaciones en el juego: preciso, r\u00e1pido, ultra monoplaza orientado al GT<\/h2>\n<p>Donde realmente destaca este volante es en la pista, montado sobre una base Fanatec con un m\u00ednimo de torsi\u00f3n. Lo primero que destaca es la precisi\u00f3n de los movimientos. Con su peque\u00f1o di\u00e1metro y su forma de F1, cada peque\u00f1o movimiento se refleja inmediatamente en la pantalla. Para chicanes, zonas de frenada tard\u00eda y correcciones en el acelerador, es una delicia.<\/p>\n<p>En t\u00e9rminos de Force Feedback, el volante en s\u00ed no cambia la potencia de la base, pero su rigidez y forma s\u00ed afectan a la sensaci\u00f3n de control. En un Direct Drive, puedes sentir realmente las microvariaciones en el agarre. El ligero aligeramiento del tren delantero, la p\u00e9rdida gradual de agarre, los baches a alta velocidad: todo est\u00e1 claramente en tus manos, sin excesivos filtros. Es f\u00e1cil ver d\u00f3nde est\u00e1n los l\u00edmites del coche, sobre todo cuando se le presiona a fondo.<\/p>\n<p>En curvas lentas, la zona central es estable, sin bamboleos. Puedes apuntar a un punto acorde con precisi\u00f3n milim\u00e9trica. En curvas grandes y r\u00e1pidas, la estabilidad del volante ayuda a mantener limpia la trayectoria. No tienes que luchar contra un volante que se dobla o vibra. El resultado: te atreves a empujar un poco m\u00e1s fuerte, porque el coche habla con claridad.<\/p>\n<p>Los vibradores est\u00e1n muy bien reproducidos. Los vibradores grandes y \"agresivos\" sacuden el volante, pero sin descontrolarse. Los vibradores m\u00e1s finos, tipo oruga F1, dan una sensaci\u00f3n muy convincente de entalladura r\u00e1pida. Sabes si te est\u00e1s pasando un poco o si est\u00e1s mordiendo lo justo.<\/p>\n<p>En sesiones largas, la consistencia es un punto fuerte. El agarre del material de agarre sigue siendo bueno, y la fatiga proviene m\u00e1s del par de base que del propio volante. La posici\u00f3n de las manos, m\u00e1s horizontal que en un volante redondo, se adapta bien a la conducci\u00f3n monoplaza o de simulador GT bajo. Si el puesto de conducci\u00f3n es demasiado alto o demasiado vertical, puede cansar un poco m\u00e1s los antebrazos, pero en la posici\u00f3n correcta, es muy natural.<\/p>\n<p>Para correcciones r\u00e1pidas, este volante se encuentra realmente a gusto. El peque\u00f1o di\u00e1metro permite \"romper\" el inicio del sobreviraje sin tener que cruzar los brazos. Basta un movimiento de mu\u00f1eca para salvar un derrape. En una base menos potente (de tipo b\u00e1sico o medio con transmisi\u00f3n por correa), la principal contribuci\u00f3n proviene de la precisi\u00f3n de los movimientos y la ergonom\u00eda de los mandos, m\u00e1s que del propio FFB. En una base m\u00e1s potente, la rigidez del chasis se aprovecha al m\u00e1ximo: no hay sensaci\u00f3n de flexi\u00f3n que confunda la informaci\u00f3n, ni siquiera con un ajuste alto del FFB.<\/p>\n<p>Sumergido en el agua, la combinaci\u00f3n de forma F1, LED de revoluciones y levas magn\u00e9ticas funciona muy bien. Los cambios de marcha se convierten en un gesto autom\u00e1tico, seco y satisfactorio. Los LED ayudan a cambiar de marcha con naturalidad, sin mirar demasiado al HUD del juego. Para los aficionados a los monoplazas, este es el t\u00edpico volante que te hace sentir que est\u00e1s \"conduciendo\" en lugar de \"jugando\".<\/p>\n<h2>\u00bfA qui\u00e9n va dirigido? Lo que nos gusta, lo que no nos gusta<\/h2>\n<p>El volante ClubSport Formula V2.5 X est\u00e1 dirigido principalmente a pilotos de simulaci\u00f3n intermedios y avanzados que conducen habitualmente en PC o consola con un cockpit m\u00e1s o menos serio. Es perfecto para alguien que ya tiene un poco de experiencia con su equipo y sabe que le gustan los coches de F1, F\u00f3rmula, LMP y GT3. Para un principiante puro, es utilizable, pero puede perderse claramente por la gran cantidad de controles y la ergonom\u00eda tan t\u00edpica.<\/p>\n<p>Lo que m\u00e1s me gusta es la precisi\u00f3n del agarre. Puedes sentir realmente cada peque\u00f1a correcci\u00f3n, lo que ayuda enormemente en las contrarrelojes. En segundo lugar, la calidad de las levas magn\u00e9ticas cambia la forma de cambiar de marcha: los cambios son limpios, consistentes y muy \"de carreras\". Por \u00faltimo, la gran cantidad de controles frontales (botones, codificadores, joysticks) permite gestionar casi toda la configuraci\u00f3n del coche sin tocar el teclado o el pad. En carreras de resistencia o de liga, eso cuenta mucho.<\/p>\n<p>Hay l\u00edmites, y hay que tenerlos en cuenta. El primero es la ergonom\u00eda altamente especializada. Para los rallyes, el drifting o los coches cl\u00e1sicos, este tipo de volante no es en absoluto ideal. Resulta menos natural que un volante redondo. El segundo es el precio, que, aunque es coherente con el ecosistema Fanatec, sigue siendo una inversi\u00f3n seria. No es un capricho de entrada de gama, es una elecci\u00f3n meditada. La tercera es la comodidad para los que juegan sin guantes durante sesiones muy largas: el material de los pu\u00f1os puede cansar un poco la piel, sobre todo con un FFB fuerte.<\/p>\n<p>En t\u00e9rminos de valor percibido, se trata de un producto que justifica su precio si realmente lo utilizas: si usas las paletas, los codificadores y los LED, y conduces mucho, obtienes lo que pagas. Si haces dos carreras al mes en juegos m\u00e1s arcade, te arriesgas a pagar por funciones infrautilizadas.<\/p>\n<h2>Veredicto: un volante especializado, muy s\u00f3lido en su funci\u00f3n<\/h2>\n<p>El volante Fanatec ClubSport Formula V2.5 X supone un verdadero salto de calidad para una configuraci\u00f3n Fanatec orientada a GT \/ monoplaza. No transforma la potencia de tu base, pero s\u00ed refina la forma en que lo sientes y lo controlas. El volante se convierte en una extensi\u00f3n limpia y n\u00edtida de lo que hace el chasis virtual del coche.<\/p>\n<p>En el mercado, se sit\u00faa claramente en la gama media-alta: muy por encima de los volantes de bulto o de pl\u00e1stico, y por debajo de los volantes ultra-premium a medida. Es un punto de giro interesante para los que quieren dar un paso serio sin caer en lo ex\u00f3tico inalcanzable.<\/p>\n<p>Lo recomendar\u00eda encarecidamente a jugadores habituales de F1, ACC, iRacing o rFactor 2 con orientaci\u00f3n GT\/Proto, que ya tengan (o planeen tener) una base Fanatec decente y un cockpit m\u00ednimamente r\u00edgido. Por otro lado, para un uso m\u00e1s vers\u00e1til que incluya rally, carretera y drift, un volante redondo ser\u00eda una primera opci\u00f3n m\u00e1s coherente.<\/p>\n<p>Si busca un volante estilo F1\/GT que combine precisi\u00f3n, levas magn\u00e9ticas convincentes y una capacidad real para manejar un coche moderno desde la punta de los dedos, este producto puede marcar claramente la diferencia en su configuraci\u00f3n.<\/p>","protected":false},"excerpt":{"rendered":"<p>Este volante me dio la sensaci\u00f3n de poder \"sujetar\" mejor el coche, con movimientos m\u00e1s precisos y un control m\u00e1s natural en los F1\/GT modernos. Sobre todo, tiene sentido para los corredores habituales de sims que ya est\u00e1n equipados con una base Fanatec, y que corren en serio en t\u00edtulos como F1, ACC o iRacing. Aun as\u00ed, es una inversi\u00f3n que merece la pena si realmente aprovechas al m\u00e1ximo sus numerosos controles de carrera.<\/p>","protected":false},"featured_media":100697,"comment_status":"open","ping_status":"closed","template":"","meta":{"_acf_changed":false,"_et_pb_use_builder":"","_et_pb_old_content":"","_et_gb_content_width":""},"product_brand":[158],"product_cat":[156],"product_tag":[149,159,160],"class_list":{"0":"post-100696","1":"product","2":"type-product","3":"status-publish","4":"has-post-thumbnail","6":"product_brand-fanatec","7":"product_cat-roue-de-volant","8":"product_tag-pc","9":"product_tag-playstation","10":"product_tag-xbox","12":"first","13":"instock","14":"shipping-taxable","15":"product-type-external"},"acf":[],"_links":{"self":[{"href":"https:\/\/simracergear.com\/es\/wp-json\/wp\/v2\/product\/100696","targetHints":{"allow":["GET"]}}],"collection":[{"href":"https:\/\/simracergear.com\/es\/wp-json\/wp\/v2\/product"}],"about":[{"href":"https:\/\/simracergear.com\/es\/wp-json\/wp\/v2\/types\/product"}],"replies":[{"embeddable":true,"href":"https:\/\/simracergear.com\/es\/wp-json\/wp\/v2\/comments?post=100696"}],"wp:featuredmedia":[{"embeddable":true,"href":"https:\/\/simracergear.com\/es\/wp-json\/wp\/v2\/media\/100697"}],"wp:attachment":[{"href":"https:\/\/simracergear.com\/es\/wp-json\/wp\/v2\/media?parent=100696"}],"wp:term":[{"taxonomy":"product_brand","embeddable":true,"href":"https:\/\/simracergear.com\/es\/wp-json\/wp\/v2\/product_brand?post=100696"},{"taxonomy":"product_cat","embeddable":true,"href":"https:\/\/simracergear.com\/es\/wp-json\/wp\/v2\/product_cat?post=100696"},{"taxonomy":"product_tag","embeddable":true,"href":"https:\/\/simracergear.com\/es\/wp-json\/wp\/v2\/product_tag?post=100696"}],"curies":[{"name":"wp","href":"https:\/\/api.w.org\/{rel}","templated":true}]}}