{"id":100724,"date":"2025-11-28T04:46:42","date_gmt":"2025-11-28T04:46:42","guid":{"rendered":"https:\/\/simracergear.com\/products\/fanatec-clubsport-steering-wheel-gt-forza-motorsport-v2-for-xbox\/"},"modified":"2025-11-28T04:46:43","modified_gmt":"2025-11-28T04:46:43","slug":"fanatec-clubsport-steering-wheel-gt-forza-motorsport-v2-for-xbox","status":"publish","type":"product","link":"https:\/\/simracergear.com\/es\/products\/fanatec-clubsport-steering-wheel-gt-forza-motorsport-v2-for-xbox\/","title":{"rendered":"Fanatec ClubSport Volante GT Forza Motorsport V2 para Xbox"},"content":{"rendered":"<h2>Fanatec ClubSport Volante GT Forza Motorsport V2: an\u00e1lisis completo tras la prueba<\/h2>\n<p>El volante ClubSport GT Forza Motorsport V2 se posiciona como un volante \"premium orientado a GT\" en el ecosistema Fanatec. No es el m\u00e1s extremo o ex\u00f3tico de la gama, pero es claramente un modelo dise\u00f1ado para convertirse en el volante principal de una configuraci\u00f3n orientada a la conducci\u00f3n en circuito, de resistencia y deportiva, especialmente para los jugadores de Xbox que quieran ponerse serios.<\/p>\n<p>Sobre el papel, promete una combinaci\u00f3n poco com\u00fan: licencia oficial de Forza, compatibilidad con Xbox\/PC, construcci\u00f3n ClubSport y ergonom\u00eda moderna orientada a las carreras. La idea es tener un volante que sea divertido de conducir en el d\u00eda a d\u00eda, preciso a la hora de cronometrar y lo suficientemente vers\u00e1til como para pasar de un GT3 a un coche de calle sin frustraciones.<\/p>\n<p>Por mi parte, me plante\u00e9 dos preguntas: \u00bfofrece realmente algo m\u00e1s que las llantas Fanatec P1\/CSL, m\u00e1s asequibles, y est\u00e1 a la altura de las llantas de gama m\u00e1s alta en cuanto a tacto, rigidez y placer en la mano? El \u00e1ngulo es sencillo: sensaciones de conducci\u00f3n, calidad percibida, confort a lo largo del tiempo y consistencia en relaci\u00f3n con el precio pedido.<\/p>\n<h2>Dise\u00f1o, fabricaci\u00f3n y tacto<\/h2>\n<p>En la mano, la primera impresi\u00f3n es claramente de gama alta. El di\u00e1metro es t\u00edpicamente GT, ni demasiado grande ni demasiado compacto, con una forma de llanta que te hace sentir inmediatamente a gusto: grosor bien dosificado, agarre consistente, sin zonas \"raras\" que rompan el agarre. Se nota enseguida que no se trata de una rueda de gama b\u00e1sica: la densidad, el peso y la rigidez del conjunto lo confirman.<\/p>\n<p>Los materiales son gran parte del encanto. La mezcla de metal y revestimiento de la llanta da una impresi\u00f3n de gran solidez. Las patillas de aluminio inspiran confianza, los botones se sienten bien bajo los dedos y el acabado general es limpio, sin holguras ni partes huecas. Da la sensaci\u00f3n de tener en las manos un aut\u00e9ntico equipo de simulaci\u00f3n de carreras, no un juguete disfrazado de \"carreras\".<\/p>\n<p>La licencia Forza Motorsport le da un aspecto bastante agresivo, pero lo mantiene sobrio. La est\u00e9tica no gustar\u00e1 necesariamente a todo el mundo, sobre todo si buscas un volante GT ultraminimalista al m\u00e1s puro estilo de las carreras, pero para una configuraci\u00f3n orientada a Xbox, tiene sentido. La ergonom\u00eda del panel frontal est\u00e1 bien pensada: todo es accesible sin que se convierta en un \u00e1rbol de Navidad.<\/p>\n<p>Lo que realmente sorprende es lo r\u00edgido que es el volante bajo una fuerte presi\u00f3n. Sobre una base potente, no se dobla ni se agrieta, y no da la impresi\u00f3n de flexi\u00f3n que se encuentra en algunos volantes m\u00e1s ligeros o totalmente de pl\u00e1stico. Realmente puedes apoyarte en \u00e9l sin restricciones.<\/p>\n<p>Donde soy un poco m\u00e1s comedido es en ciertos detalles de acabado que siguen siendo \"industriales\": los clics de ciertos botones son un poco secos, y las levas se sienten ligeramente mec\u00e1nicas en comparaci\u00f3n con los m\u00f3dulos de gama alta. Nada de lo que preocuparse cuando se est\u00e1 jugando, pero si se compara con volantes a\u00fan m\u00e1s premium, se tendr\u00e1 la sensaci\u00f3n de que est\u00e1 un escal\u00f3n por debajo en t\u00e9rminos de puro lujo. Comparado con un volante CSL, en cambio, la diferencia de solidez y seriedad es evidente.<\/p>\n<h2>Ajustes, personalizaci\u00f3n y compatibilidad<\/h2>\n<p>Una de las grandes bazas de este ClubSport GT Forza V2 es su integraci\u00f3n natural en el ecosistema Fanatec. Puedes utilizar los men\u00fas habituales a trav\u00e9s de la unidad base (o el software para PC) para ajustar los par\u00e1metros importantes: fuerza global, filtro FFB, respuesta de vibraci\u00f3n, \u00e1ngulo de giro y perfiles adaptados a cada juego.<\/p>\n<p>Los ajustes son f\u00e1ciles de manejar si se conoce algo del mundo Fanatec. Para alguien que llegue sin experiencia, inevitablemente le llevar\u00e1 un poco de tiempo adaptarse, pero nada dram\u00e1tico: los preajustes ofrecidos por Fanatec en juegos populares ya proporcionan una base muy utilizable. Despu\u00e9s, puedes ir refinando los ajustes para adaptarlos a tu estilo de conducci\u00f3n.<\/p>\n<p>Este volante tambi\u00e9n permite un cierto grado de personalizaci\u00f3n durante la sesi\u00f3n, gracias sobre todo a los botones bien situados y, seg\u00fan la configuraci\u00f3n, a los codificadores \/ minijoysticks para gestionar el ERS, la mezcla de combustible, el equilibrio de los frenos, etc. Este es un punto importante para los que juegan desde la vista del cockpit y conducen 'limpiamente', con bastantes ajustes en vivo. Este es un punto importante para los que juegan desde la vista del cockpit y conducen 'limpiamente', con bastantes ajustes en vivo. En la pr\u00e1ctica, la ergonom\u00eda se convierte r\u00e1pidamente en algo natural.<\/p>\n<p>En t\u00e9rminos de compatibilidad, la presencia del m\u00f3dulo Xbox hace de este volante una elecci\u00f3n l\u00f3gica para todos aquellos que conducen en consolas verdes y PC. En PlayStation, en cambio, pierde su atractivo \"oficial\", ya que la compatibilidad con PS depende de la elecci\u00f3n de la base y no del volante en s\u00ed. Para un usuario predominantemente de Xbox, esto es claramente una ventaja.<\/p>\n<p>En cuanto al ecosistema, se integra con todo el cat\u00e1logo de Fanatec: vainas CSL, ClubSport o Direct Drive m\u00e1s grandes, bielas, palancas de cambio, freno de mano, etc. Puedes empezar f\u00e1cilmente con este volante en una vaina de gama media y luego pasar a una vaina m\u00e1s potente sin necesidad de cambiar el volante. En mi opini\u00f3n, es m\u00e1s un volante duradero que un simple punto de entrada: no lo \"superas\" tan r\u00e1pidamente a medida que progresas.<\/p>\n<h2>Sensaciones en el juego: Force Feedback, agarre e inmersi\u00f3n<\/h2>\n<p>En la pista, el ClubSport GT Forza V2 muestra claramente su naturaleza de volante serio. Lo que m\u00e1s me sorprendi\u00f3 fue la precisi\u00f3n del aro en las peque\u00f1as correcciones. Puedes sentir c\u00f3mo el coche se carga de carga aerodin\u00e1mica, c\u00f3mo la direcci\u00f3n se endurece a la entrada de la curva, y la transici\u00f3n entre agarre y subviraje es clara. El volante no flota ni se siente fl\u00e1cido: transmite lo que la base env\u00eda sin redondear demasiado las curvas.<\/p>\n<p>En una base de gama media, el Force Feedback es lo suficientemente limpio y detallado como para seguir los micromovimientos del tren delantero. En comparaci\u00f3n con un volante b\u00e1sico m\u00e1s ligero, se gana en estabilidad al hacer correcciones r\u00e1pidas: es menos probable que se corrija en exceso, porque el volante se mantiene firme en las manos. La masa bien equilibrada del aro proporciona una sensaci\u00f3n tranquilizadora al cambiar de direcci\u00f3n.<\/p>\n<p>En las curvas, puedes sentir c\u00f3mo progresa el agarre. Cuando el coche empieza a derrapar, puedes sentir el aligeramiento en el volante, los peque\u00f1os calados y la reconexi\u00f3n del agarre en la salida. No es tan \"brutal\" como algunos volantes muy r\u00edgidos, pero es lo suficientemente directo como para darte confianza. La informaci\u00f3n importante llega en el momento justo. Entiendes inmediatamente lo que est\u00e1 haciendo el coche.<\/p>\n<p>En los vibradores, la sensaci\u00f3n depende obviamente mucho del ajuste FFB y del juego utilizado, pero el volante no filtra demasiado. Los bordes agresivos quedan bien marcados, y los vibradores planos son reconocibles sin ser desagradables. No hay vibraciones par\u00e1sitas del propio volante, y el ruido y la resonancia est\u00e1n bien contenidos, lo que ayuda a mantener la concentraci\u00f3n en la conducci\u00f3n.<\/p>\n<p>En sesiones largas, la ergonom\u00eda marca realmente la diferencia. La forma de la llanta y el tacto del agarre reducen la fatiga: no est\u00e1s luchando con la rueda, est\u00e1s trabajando con ella. Incluso con un FFB bastante grande, no sent\u00ed ninguna molestia especial en las manos o las mu\u00f1ecas durante las vueltas, lo que no siempre ocurre con ruedas m\u00e1s finas o mal equilibradas.<\/p>\n<p>En correcciones r\u00e1pidas, especialmente en coches nerviosos, el ClubSport GT Forza V2 se mantiene muy estable. Puedes compensar peque\u00f1os sobrevirajes sin entrar en oscilaciones incontrolables. En comparaci\u00f3n con un volante m\u00e1s ligero, ganas esa sensaci\u00f3n de \"anclaje\" que te ayuda a controlar el coche en lugar de reaccionar con p\u00e1nico. Sobre una base m\u00e1s potente, esta ventaja es a\u00fan m\u00e1s notable: el volante absorbe la fuerza, permanece r\u00edgido y no da la impresi\u00f3n de retorcerse bajo carga.<\/p>\n<p>Si se compara con volantes a\u00fan m\u00e1s lujosos y especializados, se pierde un poco en el refinamiento del tacto ultrafino, especialmente en bases Direct Drive muy potentes en las que destaca cada detalle. Pero para uso en GT, resistencia y carreras modernas, el compromiso es muy bueno. Hay suficientes detalles para conducir limpiamente y aspirar a un tiempo por vuelta, pero sin caer en la sobreinformaci\u00f3n permanente que cansa con el tiempo.<\/p>\n<p>En general, la inmersi\u00f3n es s\u00f3lida: entre el dise\u00f1o de Forza, la sensaci\u00f3n en la mano y la precisi\u00f3n de la respuesta, se coge r\u00e1pidamente el ritmo. No es el volante m\u00e1s radical de la gama Fanatec, pero es claramente uno de los que inspiran m\u00e1s confianza en una amplia gama de coches. Para un jugador de consola que pasa mucho tiempo en Forza, es una verdadera ventaja en t\u00e9rminos de comodidad y control.<\/p>\n<h2>\u00bfA qui\u00e9n va dirigido? Lo que nos gusta, lo que no nos gusta<\/h2>\n<p>Este volante est\u00e1 dirigido principalmente a corredores de sim racers intermedios y avanzados que corren con regularidad y quieren un equipo coherente con una base seria. Sigue siendo asequible para un principiante motivado que sabe que va a seguir en el hobby, pero podr\u00eda ser un poco exagerado para alguien que es completamente nuevo en sim racing pero no est\u00e1 seguro de que vaya a continuar. En Xbox, est\u00e1 claramente dirigido a aquellos que quieren alejarse del hardware \"de juguete\" y acercarse a una experiencia m\u00e1s cercana a la real, sin sumergirse directamente en lo m\u00e1s alto de la gama.<\/p>\n<p>Lo que me gust\u00f3 especialmente fue la calidad general percibida. El volante destila solidez, rigidez y seriedad, lo que hace que quieras usarlo todos los d\u00edas sin dudarlo. En segundo lugar, la ergonom\u00eda est\u00e1 realmente bien adaptada a los juegos modernos: botones bien situados, un buen agarre, un aro c\u00f3modo con el paso del tiempo, para que puedas seguir corriendo sin sentirte limitado. Por \u00faltimo, la compatibilidad Xbox + PC, combinada con la integraci\u00f3n en el ecosistema Fanatec, hace que esta compra siga teniendo sentido aunque actualices el resto de la configuraci\u00f3n. Tienes la sensaci\u00f3n de estar invirtiendo en una obra maestra duradera.<\/p>\n<p>Por otro lado, hay que tener en cuenta algunos l\u00edmites. El inconfundible dise\u00f1o de Forza puede ser un obst\u00e1culo si lo que buscas es un volante sobrio, visualmente vers\u00e1til y que pueda usarse en GT, F1 y rallyes sin necesidad de un segundo volante. Luego, si lo comparas con algunos volantes de gama ultra alta, tienes la sensaci\u00f3n de que las levas y ciertos botones no est\u00e1n al nivel de los m\u00f3dulos m\u00e1s exclusivos en cuanto a tacto puro: funcionan muy bien, pero no son lo mejor en cuanto a tacto mec\u00e1nico. Por \u00faltimo, el precio lo sit\u00faa en una zona de inversi\u00f3n real: no es una compra impulsiva, especialmente si vienes de una configuraci\u00f3n de nivel b\u00e1sico. Hay que aceptar la idea de invertir una cantidad importante de dinero en un componente \"volante de inercia\" en lugar de en la vaina o el plato.<\/p>\n<p>En t\u00e9rminos de valor percibido, lo veo como un producto de gran inter\u00e9s para alguien que quiera un volante principal s\u00f3lido y vers\u00e1til, capaz de soportar varias evoluciones de configuraci\u00f3n. Si tienes un presupuesto ajustado, hay opciones m\u00e1s asequibles, pero pierdes en t\u00e9rminos de rigidez, comodidad y placer de uso a lo largo del tiempo.<\/p>\n<h2>El veredicto: \u00bfdeber\u00edas elegir el ClubSport GT Forza Motorsport V2?<\/h2>\n<p>En una configuraci\u00f3n Fanatec, este volante cambia claramente la sensaci\u00f3n \"seria\" de todo el conjunto. Pasas de un kit orientado al descubrimiento o a la gama media a una configuraci\u00f3n que realmente se asemeja a lo que esperar\u00edas de un consumado piloto de simulaci\u00f3n. El aro m\u00e1s r\u00edgido, la calidad de los materiales y la precisi\u00f3n en la mano transforman la forma en que lees el coche y te sientes seguro en las curvas.<\/p>\n<p>En el mercado, se posiciona como un producto premium, sin ser ultra elitista. No alcanza los precios y acabados disparatados de algunos volantes hiperespecializados, pero est\u00e1 claramente por encima de los modelos \"accesibles\" en cuanto a tacto y calidad percibida. Para un jugador serio de Xbox, probablemente sea uno de los mejores compromisos entre rendimiento, comodidad y compatibilidad.<\/p>\n<p>Lo recomendar\u00eda sobre todo a los simracers que juegan con regularidad, que ya tienen o piensan tener una base Fanatec decente, y que buscan un volante GT vers\u00e1til y con verdadera identidad. Para un principiante ocasional o alguien que cambie a menudo de disciplina (rally, F1, drift) y quiera un volante ultra neutro visualmente, otras opciones pueden ser m\u00e1s coherentes.<\/p>\n<p>Si buscas un volante GT s\u00f3lido, envolvente, compatible con Xbox y fabricado para durar, este volante ClubSport GT Forza Motorsport V2 podr\u00eda marcar la diferencia en tu configuraci\u00f3n.<\/p>","protected":false},"excerpt":{"rendered":"<p>Este volante aporta una verdadera sensaci\u00f3n de seriedad a la configuraci\u00f3n, con un tacto m\u00e1s preciso y tranquilizador en la pista, especialmente en sesiones largas. Tiene sentido para los corredores habituales de simulaci\u00f3n de Xbox\/PC que desean un volante GT principal duradero y vers\u00e1til en lugar de un simple modelo b\u00e1sico. En t\u00e9rminos de valor global, es una buena inversi\u00f3n si quieres mantenerte dentro del ecosistema Fanatec.<\/p>","protected":false},"featured_media":100725,"comment_status":"open","ping_status":"closed","template":"","meta":{"_acf_changed":false,"_et_pb_use_builder":"","_et_pb_old_content":"","_et_gb_content_width":""},"product_brand":[158],"product_cat":[156],"product_tag":[159,160],"class_list":{"0":"post-100724","1":"product","2":"type-product","3":"status-publish","4":"has-post-thumbnail","6":"product_brand-fanatec","7":"product_cat-roue-de-volant","8":"product_tag-playstation","9":"product_tag-xbox","11":"first","12":"instock","13":"shipping-taxable","14":"product-type-external"},"acf":[],"_links":{"self":[{"href":"https:\/\/simracergear.com\/es\/wp-json\/wp\/v2\/product\/100724","targetHints":{"allow":["GET"]}}],"collection":[{"href":"https:\/\/simracergear.com\/es\/wp-json\/wp\/v2\/product"}],"about":[{"href":"https:\/\/simracergear.com\/es\/wp-json\/wp\/v2\/types\/product"}],"replies":[{"embeddable":true,"href":"https:\/\/simracergear.com\/es\/wp-json\/wp\/v2\/comments?post=100724"}],"wp:featuredmedia":[{"embeddable":true,"href":"https:\/\/simracergear.com\/es\/wp-json\/wp\/v2\/media\/100725"}],"wp:attachment":[{"href":"https:\/\/simracergear.com\/es\/wp-json\/wp\/v2\/media?parent=100724"}],"wp:term":[{"taxonomy":"product_brand","embeddable":true,"href":"https:\/\/simracergear.com\/es\/wp-json\/wp\/v2\/product_brand?post=100724"},{"taxonomy":"product_cat","embeddable":true,"href":"https:\/\/simracergear.com\/es\/wp-json\/wp\/v2\/product_cat?post=100724"},{"taxonomy":"product_tag","embeddable":true,"href":"https:\/\/simracergear.com\/es\/wp-json\/wp\/v2\/product_tag?post=100724"}],"curies":[{"name":"wp","href":"https:\/\/api.w.org\/{rel}","templated":true}]}}