{"id":100840,"date":"2025-11-28T04:46:45","date_gmt":"2025-11-28T04:46:45","guid":{"rendered":"https:\/\/simracergear.com\/products\/fanatec-clubsport-universal-hub-v2\/"},"modified":"2025-11-28T04:46:45","modified_gmt":"2025-11-28T04:46:45","slug":"fanatec-clubsport-universal-hub-v2","status":"publish","type":"product","link":"https:\/\/simracergear.com\/es\/products\/fanatec-clubsport-universal-hub-v2\/","title":{"rendered":"Fanatec ClubSport Universal Hub V2"},"content":{"rendered":"<h2>Fanatec ClubSport Universal Hub V2: gran versatilidad para volantes \"de verdad\".<\/h2>\n<p>El Fanatec ClubSport Universal Hub V2 responde a una necesidad muy espec\u00edfica en una configuraci\u00f3n de simulaci\u00f3n de carreras: utilizar volantes reales (di\u00e1metro y perforaci\u00f3n est\u00e1ndar) conservando la electr\u00f3nica, los botones, las levas y la compatibilidad con consolas\/PC de Fanatec. Es una pieza \"puente\" en un ecosistema ya de por s\u00ed ajetreado, pero de enorme inter\u00e9s cuando se quiere salir de la caja con volantes GT o F1 ya preparados.<\/p>\n<p>B\u00e1sicamente, este cubo promete convertir (casi) cualquier volante de coche en un volante Fanatec que se puede utilizar en su base. Sin sacrificar la resistencia, sin convertir el montaje en un trabajo de bricolaje y con un m\u00ednimo de compromiso a la hora de integrar los mandos.<\/p>\n<p>Mi punto de vista aqu\u00ed: calidad de construcci\u00f3n, sensaci\u00f3n en la mano, controles ergon\u00f3micos y consistencia general en una configuraci\u00f3n exigente de sim racer. No se vende ning\u00fan sue\u00f1o, sino la respuesta a una pregunta real: \u00bfjustifica este ClubSport Universal Hub V2 la inversi\u00f3n en comparaci\u00f3n con los volantes completos del fabricante o las soluciones DIY?<\/p>\n<p>Para muchos, esta es la parte que debe hacer que la configuraci\u00f3n sea m\u00e1s \"real\" sin convertirse en una f\u00e1brica de gas. Y ah\u00ed es exactamente donde entra el Hub V2.<\/p>\n<h2>Dise\u00f1o y fabricaci\u00f3n del Fanatec ClubSport Universal Hub V2<\/h2>\n<p>En la mano, el ClubSport Universal Hub V2 da inmediatamente la impresi\u00f3n de ser un producto serio. El cuerpo principal es s\u00f3lido, con buena densidad, materiales principalmente met\u00e1licos y piezas de pl\u00e1stico limitadas a las zonas menos cr\u00edticas. Nada chirr\u00eda, nada flota, las piezas m\u00f3viles se mantienen firmes pero fluidas.<\/p>\n<p>Los puntos que destacan inmediatamente son la rigidez del conjunto y el ajuste de los elementos modulares (m\u00f3dulos de botones, orejetas de paletas, soportes). Se nota claramente que Fanatec se ha centrado en el uso de bases potentes, incluso de accionamiento directo, sin holguras par\u00e1sitas ni torsiones preocupantes. Al apretar un volante sobre \u00e9l, se tiene la sensaci\u00f3n de un bloque monol\u00edtico, lo que resulta muy tranquilizador cuando se empieza a darle duro a los vibradores.<\/p>\n<p>Las levas de cambio ofrecen un clic n\u00edtido y relativamente corto, con la resistencia justa. No se trata de un carbono ultrarr\u00e1pido, pero la precisi\u00f3n est\u00e1 ah\u00ed, al igual que el tacto. R\u00e1pidamente se gana confianza en la longevidad del mecanismo, siempre que no se sea tan brusco que se llegue al tope cada vez que se cambia de marcha.<\/p>\n<p>Donde decepciona un poco es en algunos detalles ergon\u00f3micos: algunas zonas de pl\u00e1stico parecen un poco menos premium de lo que sugiere el precio, y la compacidad no es extraordinaria. No estamos hablando de un buje ultrafino: con ciertos volantes, el conjunto puede parecer un poco enorme, sobre todo en comparaci\u00f3n con los bujes dedicados a los deportes de motor.<\/p>\n<p>En comparaci\u00f3n con los productos de gama b\u00e1sica o los bujes \"m\u00e1s sencillos\" de otras marcas, estamos claramente un paso por delante en t\u00e9rminos de ensamblaje y modularidad. Por otro lado, comparado con volantes completos de gama alta del mismo fabricante, la sensaci\u00f3n premium queda ligeramente rezagada, m\u00e1s utilitaria que lujosa. Es s\u00f3lido, serio y construido para durar, pero da la sensaci\u00f3n de que se ha dado prioridad a la funcionalidad y la compatibilidad antes que a la est\u00e9tica de coche de exposici\u00f3n.<\/p>\n<h2>Ajustes, personalizaci\u00f3n y compatibilidad<\/h2>\n<p>El coraz\u00f3n del concepto es la personalizaci\u00f3n. Con el ClubSport Universal Hub V2, puedes montar volantes de varios di\u00e1metros, tomados del mundo real, para adaptar la configuraci\u00f3n al tipo de disciplina: rally, drift, GT, carretera, etc. La compatibilidad con los taladros est\u00e1ndar simplifica mucho las cosas: basta con atornillarlo, apretarlo y acabar con un volante que realmente se parece a lo que se ve a bordo.<\/p>\n<p>En cuanto a los ajustes f\u00edsicos, hay que tener en cuenta una serie de puntos a nivel del propio buje: colocaci\u00f3n de los m\u00f3dulos de botones, ajuste de las levas y orientaci\u00f3n general en relaci\u00f3n con el volante. Lleva un poco de tiempo encontrar la configuraci\u00f3n ideal, sobre todo si se cambia con frecuencia de tipo de volante, pero la flexibilidad que ofrece merece claramente el esfuerzo inicial. Una vez que todo est\u00e1 en su sitio, no se toca mucho.<\/p>\n<p>En cuanto a la integraci\u00f3n en el ecosistema, sigue siendo puro Fanatec: conexi\u00f3n directa a bases compatibles, reconocimiento autom\u00e1tico de entradas y mapeado sencillo en la mayor\u00eda de los juegos. En el PC, el margen de maniobra es m\u00e1ximo, y los men\u00fas de Fanatec permiten comprobar que todo responde correctamente. En las consolas, el hub act\u00faa principalmente como un rel\u00e9 entre la base y el juego, con las limitaciones habituales impuestas por las plataformas, pero sin sorpresas especialmente desagradables.<\/p>\n<p>Los ajustes \"l\u00f3gicos\" (asignaci\u00f3n de botones, uso de codificadores, configuraci\u00f3n de funciones para distintos juegos) requieren un poco de curva de aprendizaje si quieres sacarles el m\u00e1ximo partido. No es complicado, pero hay que estar preparado para pasar unas cuantas sesiones afinando. Los corredores de simulaci\u00f3n intermedios y avanzados lo encontrar\u00e1n un gran campo de juego, mientras que los principiantes muy ocasionales pueden encontrarlo un poco demasiado rico.<\/p>\n<p>En t\u00e9rminos de capacidad de actualizaci\u00f3n, el Hub V2 es claramente una base duradera para cualquiera que quiera hacerse con una colecci\u00f3n de volantes. Es una inversi\u00f3n que s\u00f3lo tiene sentido si no te conformas con un solo tipo de conducci\u00f3n. Se trata de un producto dise\u00f1ado para crecer con la configuraci\u00f3n, no s\u00f3lo un accesorio para el pasajero.<\/p>\n<h2>Fanatec ClubSport Universal Hub V2: sensaciones en juego<\/h2>\n<p>Aunque el cubo no genere la respuesta de fuerza por s\u00ed mismo, desempe\u00f1a un papel muy importante en c\u00f3mo se recibe. La rigidez y el dise\u00f1o del Universal Hub V2 influyen directamente en la precisi\u00f3n que se siente en las manos, sobre todo si se trata de un accionamiento directo.<\/p>\n<p>En la pista, lo primero que destaca es la ausencia de juego par\u00e1sito. Cuando el motor de base env\u00eda microvariaciones de par, el buje las transmite sin desdibujarse. Puedes sentir los sutiles cambios en la carga del tren delantero, la ligera p\u00e9rdida de agarre y las transiciones entre agarre y planeo. El coche \"habla\" con claridad, y eso es exactamente lo que buscas cuando montas un volante m\u00e1s grande o m\u00e1s realista.<\/p>\n<p>En curvas r\u00e1pidas, la torsi\u00f3n entre el volante real y el buje macizo da una sensaci\u00f3n muy satisfactoria de conexi\u00f3n mec\u00e1nica. Giras, la base responde, y no hay la impresi\u00f3n de elasticidad que podr\u00edas tener con algunos de los adaptadores menos sofisticados. El \u00e1ngulo de giro puede corregirse al cent\u00edmetro, especialmente en carreras GT o de monoplazas, sin que el buje borre o amortig\u00fce el mensaje del motor.<\/p>\n<p>El agarre puede leerse de forma natural: puedes sentir c\u00f3mo los neum\u00e1ticos se agarran, se sueltan y se retuercen ligeramente en apoyo. En un buje menos r\u00edgido o en una soluci\u00f3n improvisada, estas se\u00f1ales suelen perderse en vibraciones par\u00e1sitas. Aqu\u00ed, la estructura absorbe lo necesario sin sofocar lo importante. Los derrapes controlados son m\u00e1s predecibles y las recuperaciones m\u00e1s r\u00e1pidas. Se entiende r\u00e1pidamente lo que est\u00e1 haciendo el coche.<\/p>\n<p>En los vibradores, la sensaci\u00f3n depende obviamente de la base, pero el cubo no a\u00f1ade ning\u00fan traqueteo ni ruido mec\u00e1nico desagradable. Los impactos siguen siendo secos y precisos, sin que las paletas tiemblen con cada pasada. Es limpio. Incluso cuando se atacan vibradores agresivos con un volante pesado, se sigue teniendo la sensaci\u00f3n de una unidad bien equilibrada, sin resonancias extra\u00f1as.<\/p>\n<p>En sesiones largas, el confort mec\u00e1nico es una verdadera ventaja. No hay peque\u00f1as holguras que aparezcan por el camino, ni tornillos que se aflojen con facilidad siempre que hayas ajustado todo correctamente. La consistencia del tacto favorece la concentraci\u00f3n: no est\u00e1s luchando contra el equipo, te concentras en la pista. La inercia adicional de un volante \"real\" montado en el buje se siente, por supuesto, pero no es el buje el problema, sino la elecci\u00f3n del volante y la base asociada.<\/p>\n<p>Durante las correcciones r\u00e1pidas, especialmente en drifting o en las fases de rescate de una carrera, el combo buje + volante adaptado marca toda la diferencia en comparaci\u00f3n con un peque\u00f1o volante de pl\u00e1stico o un endeble QR. Puedes dejar que el volante se deslice, cogerlo con fuerza y jugar con la respuesta del motor, sin preocuparte de arrancarte algo. Controlar el coche se siente m\u00e1s natural, como si tus manos se olvidaran poco a poco del hardware.<\/p>\n<p>Comparado con un volante completo de gama baja\/media, el Universal Hub V2 combinado con un buen volante f\u00edsico ofrece una clara ganancia en realismo y precisi\u00f3n percibida. En comparaci\u00f3n con los volantes Fanatec de gama alta que ya est\u00e1n muy desarrollados, la diferencia radica m\u00e1s en la posibilidad de elegir exactamente el tipo de volante que en una ganancia repentina de rendimiento. No se obtiene \"m\u00e1s FFB\", pero s\u00ed un tacto m\u00e1s fino y una mejor adecuaci\u00f3n entre disciplina y herramienta.<\/p>\n<p>La inmersi\u00f3n se ve reforzada por el di\u00e1metro y la forma del volante que se puede montar. El buje se encarga simplemente de que esta inmersi\u00f3n no se produzca al precio de la rigidez o la p\u00e9rdida de informaci\u00f3n. Realmente se tiene la impresi\u00f3n de tener un volante serio en las manos, conectado a un motor serio, sin grandes compromisos.<\/p>\n<h2>\u00bfA qui\u00e9n va dirigido? Lo que nos gusta \/ Lo que no nos gusta<\/h2>\n<p>El Fanatec ClubSport Universal Hub V2 est\u00e1 claramente dirigido a los corredores de simulaci\u00f3n que ya est\u00e1n involucrados en su afici\u00f3n. No necesariamente un profesional del eSport, sino alguien que tenga una base decente, una cabina estable y el deseo de ir m\u00e1s all\u00e1 del volante original. Un principiante puede comprarlo, pero s\u00f3lo ser\u00e1 relevante si ya sabe que va a llevar su juego lo suficientemente lejos. Para un jugador verdaderamente ocasional, la inversi\u00f3n parece desproporcionada.<\/p>\n<p>Este buje destaca en tres aspectos principales. En primer lugar, su polivalencia: poder montar volantes de estilos muy diferentes transforma un montaje \u00fanico en una plataforma multidisciplinar. En segundo lugar, la rigidez y la calidad de montaje: se nota que el producto aguanta incluso sobre bases potentes, lo que inspira mucha confianza. Por \u00faltimo, la coherencia con el ecosistema Fanatec: la conexi\u00f3n es limpia, los botones se reconocen y todo encaja sin excesivos retoques. Es un aut\u00e9ntico producto \"de sistema\", no s\u00f3lo un adaptador mec\u00e1nico.<\/p>\n<p>En cuanto a sus limitaciones, tenemos que ser sinceros. No es un producto barato, sobre todo si lo ves como un simple soporte de volante. Su verdadero valor s\u00f3lo se hace evidente cuando aprovechas su modularidad y posees (o planeas poseer) varios volantes. En segundo lugar, la ergonom\u00eda no es perfecta para todo el mundo: dependiendo del tama\u00f1o del volante que elijas, puede que algunos botones o levas no encajen tan bien bajo tus dedos, y eso a veces implica hacer concesiones. Por \u00faltimo, su tama\u00f1o y su aspecto m\u00e1s bien t\u00e9cnico no gustar\u00e1n a quienes busquen una unidad ultracompacta y elegante al estilo de un volante monobloque de gama alta.<\/p>\n<p>En t\u00e9rminos de valor percibido, se trata claramente de una inversi\u00f3n a medio y largo plazo. Es una compra que tiene sentido si ya est\u00e1s en el ecosistema Fanatec o si planeas permanecer en \u00e9l, y si ves las sim racing como una actividad de ocio sostenible. Para una configuraci\u00f3n evolutiva, este hub puede evitar la necesidad de comprar varios volantes completos y ofrecer mucha m\u00e1s libertad en la elecci\u00f3n de los aros. Para una configuraci\u00f3n fija y sencilla, a menudo tendr\u00e1 m\u00e1s sentido un volante dedicado.<\/p>\n<h2>El veredicto: \u00bftiene el ClubSport Universal Hub V2 un lugar en tu configuraci\u00f3n?<\/h2>\n<p>El Fanatec ClubSport Universal Hub V2 no cambia fundamentalmente la forma en que se comporta tu base, pero s\u00ed cambia la forma en que la utilizas. Transforma una configuraci\u00f3n relativamente cl\u00e1sica en una plataforma evolutiva capaz de acomodar una amplia variedad de volantes m\u00e1s reales, sin sacrificar la rigidez ni la fiabilidad. Es una pieza fundamental en una configuraci\u00f3n orientada a la inmersi\u00f3n y la versatilidad.<\/p>\n<p>En el mercado, se sit\u00faa claramente en el segmento de los \"utilitarios premium\": m\u00e1s caro y m\u00e1s pulido que las soluciones sencillas o de bricolaje, menos \"bling\" que algunos volantes completos de gama alta, pero mucho m\u00e1s flexible. No es el producto m\u00e1s espectacular visualmente, pero es el que hace que merezca la pena comprar varios volantes de verdad.<\/p>\n<p>Lo recomendar\u00eda a corredores de simulaci\u00f3n de nivel intermedio a avanzado que jueguen con regularidad, a los que les guste un cambio de disciplina y que tengan (o aspiren a tener) una base s\u00f3lida, idealmente un volante directo o al menos una buena autonom\u00eda. Para el jugador ocasional, o para alguien que quiera una configuraci\u00f3n plug-and-play sin preguntas, un buen volante todoterreno tendr\u00e1 m\u00e1s sentido.<\/p>\n<p>Si desea utilizar volantes reales, ganar en realismo sin perder la precisi\u00f3n de la respuesta de fuerza y desarrollar su configuraci\u00f3n Fanatec a largo plazo, este producto puede marcar claramente la diferencia en su configuraci\u00f3n.<\/p>","protected":false},"excerpt":{"rendered":"<p>Este buje me dio la sensaci\u00f3n de hacer la configuraci\u00f3n m\u00e1s \"real\" y vers\u00e1til, sin comprometer la precisi\u00f3n ni la solidez. Sobre todo, tiene sentido para los corredores de sim racers que ya han invertido, que quieren utilizar varias ruedas reales y permanecer dentro del ecosistema Fanatec. La inversi\u00f3n tiene sentido en cuanto se adopta una visi\u00f3n a medio y largo plazo de la configuraci\u00f3n.<\/p>","protected":false},"featured_media":100841,"comment_status":"open","ping_status":"closed","template":"","meta":{"_acf_changed":false,"_et_pb_use_builder":"","_et_pb_old_content":"","_et_gb_content_width":""},"product_brand":[158],"product_cat":[153],"product_tag":[149,159],"class_list":{"0":"post-100840","1":"product","2":"type-product","3":"status-publish","4":"has-post-thumbnail","6":"product_brand-fanatec","7":"product_cat-accessoires","8":"product_tag-pc","9":"product_tag-playstation","11":"first","12":"instock","13":"shipping-taxable","14":"product-type-external"},"acf":[],"_links":{"self":[{"href":"https:\/\/simracergear.com\/es\/wp-json\/wp\/v2\/product\/100840","targetHints":{"allow":["GET"]}}],"collection":[{"href":"https:\/\/simracergear.com\/es\/wp-json\/wp\/v2\/product"}],"about":[{"href":"https:\/\/simracergear.com\/es\/wp-json\/wp\/v2\/types\/product"}],"replies":[{"embeddable":true,"href":"https:\/\/simracergear.com\/es\/wp-json\/wp\/v2\/comments?post=100840"}],"wp:featuredmedia":[{"embeddable":true,"href":"https:\/\/simracergear.com\/es\/wp-json\/wp\/v2\/media\/100841"}],"wp:attachment":[{"href":"https:\/\/simracergear.com\/es\/wp-json\/wp\/v2\/media?parent=100840"}],"wp:term":[{"taxonomy":"product_brand","embeddable":true,"href":"https:\/\/simracergear.com\/es\/wp-json\/wp\/v2\/product_brand?post=100840"},{"taxonomy":"product_cat","embeddable":true,"href":"https:\/\/simracergear.com\/es\/wp-json\/wp\/v2\/product_cat?post=100840"},{"taxonomy":"product_tag","embeddable":true,"href":"https:\/\/simracergear.com\/es\/wp-json\/wp\/v2\/product_tag?post=100840"}],"curies":[{"name":"wp","href":"https:\/\/api.w.org\/{rel}","templated":true}]}}