{"id":100869,"date":"2025-11-28T04:46:46","date_gmt":"2025-11-28T04:46:46","guid":{"rendered":"https:\/\/simracergear.com\/products\/fanatec-csl-dd-5-nm\/"},"modified":"2025-11-28T04:46:46","modified_gmt":"2025-11-28T04:46:46","slug":"fanatec-csl-dd-5-nm","status":"publish","type":"product","link":"https:\/\/simracergear.com\/es\/products\/fanatec-csl-dd-5-nm\/","title":{"rendered":"Fanatec CSL DD QR2 (5 Nm)"},"content":{"rendered":"<p>En el mundo de los Direct Drives \"accesibles\", el Fanatec CSL DD QR2 (5 Nm) est\u00e1 claramente dirigido al coraz\u00f3n del mercado de sim racing. No es una unidad b\u00e1sica para principiantes, ni un monstruo de potencia para puristas. En su lugar, es un bloque compacto que promete una aut\u00e9ntica sensaci\u00f3n Direct Drive, con una banda de potencia contenida que puede ser utilizada por (casi) todo el mundo, y el nuevo elevador QR2 como plus de fiabilidad.<\/p>\n<p>Lo que Fanatec vende aqu\u00ed es una transici\u00f3n suave a Direct Drive: no m\u00e1s correa, no m\u00e1s elasticidad, no m\u00e1s suavidad en el centro. La idea es volver a una direcci\u00f3n precisa y limpia, con el par suficiente para sentir el agarre, la p\u00e9rdida de agarre y los bordes, sin necesidad de un habit\u00e1culo de hormig\u00f3n armado ni de antebrazos de culturista.<\/p>\n<p>Por mi parte, abord\u00e9 esta vaina desde un \u00e1ngulo muy simple: \u00bfson realmente suficientes 5 Nm, explotados correctamente con un buen QR2, para transformar la experiencia en comparaci\u00f3n con una vaina accionada por correa o un volante de nivel b\u00e1sico? Y sobre todo, \u00bfresiste a un uso regular, incluso intensivo, sin frustrar a un simracer que progresa?<\/p>\n<h2>Dise\u00f1o y fabricaci\u00f3n<\/h2>\n<p>El CSL DD QR2 conserva el aspecto de \"bloque compacto\" t\u00edpico de la gama CSL: un chasis de aluminio estriado y bastante denso que desprende solidez m\u00e1s que ostentaci\u00f3n. En la mano, la base parece pesada para su tama\u00f1o, lo que da inmediatamente la impresi\u00f3n de un producto serio. Las paredes no suenan huecas, los bordes son limpios y no hay holguras par\u00e1sitas perceptibles al manipularla o apretar los tornillos.<\/p>\n<p>Visualmente, el dise\u00f1o sigue siendo sobrio y funcional, sin florituras. Sin RGB, sin formas extravagantes, s\u00f3lo una unidad dise\u00f1ada para ser olvidada una vez montada en la cabina. Esto puede parecer un poco soso en comparaci\u00f3n con algunos de los competidores m\u00e1s \"espectaculares\", pero para una configuraci\u00f3n seria, no lo veo como un defecto.<\/p>\n<p>El gran cambio es el QR2, la nueva generaci\u00f3n de cierres r\u00e1pidos Fanatec. Aqu\u00ed es donde la base gana realmente en calidad percibida. Se bloquea de forma m\u00e1s segura, la conexi\u00f3n con el volante es m\u00e1s r\u00edgida y hay menos de ese microjuego que a veces pod\u00eda estropear la experiencia con los antiguos QR, especialmente cuando empezabas a ser m\u00e1s fuerte. En la mano, la columna de direcci\u00f3n se siente m\u00e1s \"de una pieza\", lo que es tranquilizador.<\/p>\n<p>Lo que sorprende es el nivel general de acabado para una base denominada \"de gama media\". Los ajustes son limpios, los puertos est\u00e1n bien integrados y las fijaciones inspiran confianza. No estamos al nivel de las bases ultrapremium mecanizadas como relojes, pero somos claramente mejores que un volante b\u00e1sico fabricado con pl\u00e1sticos ligeros.<\/p>\n<p>Lo \u00fanico que puede decepcionar un poco es la extrema sobriedad y la falta de detalles visuales de primera calidad. Para alguien que venga de una configuraci\u00f3n m\u00e1s \"llamativa\", esto puede parecer un poco austero. Otro detalle: el formato compacto es pr\u00e1ctico, pero requiere un montaje serio. En un soporte de luz, se nota que la base podr\u00eda hacer vibrar la estructura si no est\u00e1 perfectamente apretada.<\/p>\n<p>En comparaci\u00f3n con otras soluciones de la misma gama de potencia, el CSL DD QR2 da una impresi\u00f3n m\u00e1s lograda que muchas ruedas tradicionales accionadas por correa, gracias sobre todo al aluminio y al QR2. Hablamos claramente de una base seria para la simulaci\u00f3n motivada, no s\u00f3lo de una rueda \"gaming\" decorativa.<\/p>\n<h2>Ajustes, personalizaci\u00f3n y compatibilidad<\/h2>\n<p>Fanatec ofrece su ecosistema habitual en torno al CSL DD QR2: software propio, preajustes integrados, perfiles para cada conjunto. La interfaz de ajustes es bastante sencilla una vez que entiendes la l\u00f3gica: ajustas la fuerza general, el filtro, los efectos de amortiguaci\u00f3n, la fricci\u00f3n, la linealidad y algunos otros par\u00e1metros m\u00e1s espec\u00edficos. Sinceramente, puedes perderte r\u00e1pidamente si quieres ajustar todo hasta el \u00faltimo porcentaje, pero el sistema b\u00e1sico funciona muy bien con unos pocos ajustes clave bien elegidos.<\/p>\n<p>Para un usuario intermedio, la curva de aprendizaje es razonable. Los preajustes ya proporcionan una base s\u00f3lida, que luego se puede perfeccionar. Los cambios se notan de inmediato: un poco m\u00e1s de amortiguaci\u00f3n para calmar las oscilaciones, un poco menos de fuerza para proteger los antebrazos, un ligero aumento de la sensibilidad alrededor del centro para leer mejor el agarre. No se tiene la impresi\u00f3n de estar marcando casillas en el vac\u00edo: cada ajuste tiene un efecto perceptible en la pista.<\/p>\n<p>En t\u00e9rminos de compatibilidad, el CSL DD QR2 se integra perfectamente en el ecosistema Fanatec: los volantes, pedales, palancas de cambio y frenos de mano de la marca pueden conectarse de forma centralizada. En el PC, puedes aprovechar la amplia compatibilidad con los simuladores del mercado. En las consolas, hay que comprobar la versi\u00f3n de la base y el volante utilizados, pero la idea general sigue siendo la misma: est\u00e1 claro que se puede jugar igual de bien en un ordenador de sobremesa que en una consola dom\u00e9stica, dependiendo de la configuraci\u00f3n.<\/p>\n<p>La llegada del QR2 tambi\u00e9n refuerza la dimensi\u00f3n \"mejorable\". Puedes empezar con un volante relativamente sencillo y luego pasar a volantes m\u00e1s especializados (F1, GT, rally) sin preocuparte por un sistema de montaje limitado. Esta base se posiciona como un punto de entrada serio en el ecosistema Fanatec, pero no como un juguete que habr\u00e1 que sustituir al cabo de unos meses. Para muchas personas, se puede utilizar como base principal a largo plazo, especialmente si el \u00e9nfasis est\u00e1 en la delicadeza de las sensaciones m\u00e1s que en la potencia bruta.<\/p>\n<h2>Sensaciones en juego<\/h2>\n<p>En la pista, el CSL DD QR2 (5 Nm) destaca ante todo por la limpieza de su respuesta de fuerza. En comparaci\u00f3n con un sistema accionado por correa, la direcci\u00f3n es inmediatamente m\u00e1s afilada en el centro y m\u00e1s sensible. La direcci\u00f3n parece m\u00e1s \"conectada\" a los neum\u00e1ticos. Se entiende inmediatamente lo que hace el coche. Las peque\u00f1as p\u00e9rdidas de agarre, las sutiles transferencias de carga y los giros bruscos de las ruedas a la salida de las curvas son mucho m\u00e1s evidentes.<\/p>\n<p>En curvas lentas, el par disponible es m\u00e1s que suficiente para compensar el peso del coche, el aumento del esfuerzo y, despu\u00e9s, el alivio cuando la parte trasera empieza a perder peso. Se puede dosificar el contravolante sin tener que luchar con la base. Las correcciones r\u00e1pidas se hacen con una verdadera sensaci\u00f3n de control: el volante arranca r\u00e1pido, pero se mantiene d\u00f3cil, sin martilleos absurdos. Esto es lo que da la impresi\u00f3n de \"control tranquilo\" que da confianza.<\/p>\n<p>En curvas r\u00e1pidas, puedes sentir la ligera compresi\u00f3n de la suspensi\u00f3n, el endurecimiento del volante y esa peque\u00f1a flotaci\u00f3n cuando el coche est\u00e1 al l\u00edmite. El coche base no tiene la potencia de un Direct Drive de gama alta, pero aprovecha al m\u00e1ximo lo que tiene. El FFB sigue siendo legible, nunca confuso, y no se pierde ninguna informaci\u00f3n en una vor\u00e1gine de fuerzas excesivas. Aqu\u00ed es donde la gama de 5 Nm se impone: lo suficientemente fuerte como para ser cre\u00edble, pero no tan violenta como para resultar agotadora.<\/p>\n<p>En los vibradores, la sensaci\u00f3n depende obviamente de los ajustes, pero la base puede diferenciar entre un vibrador plano y uno agresivo. Puedes sentir los bordes, las irregularidades, sin convertir la cabina en un martillo neum\u00e1tico. No es tan detallado como un Direct Drive de gama muy alta llevado al l\u00edmite, pero el nivel de detalle es muy superior al de una rueda accionada por correa con el mismo presupuesto.<\/p>\n<p>En t\u00e9rminos de agarre, la lectura del agarre es un verdadero punto fuerte. Te das cuenta muy pronto cuando la parte delantera patina o cuando la trasera empieza a calarse con potencia. El centro de gravedad es vivo, sin ser nervioso, lo que ayuda a corregir la situaci\u00f3n antes de que se descontrole. En simulaciones exigentes, esto se traduce en una mayor confianza en el coche y, parad\u00f3jicamente, en una conducci\u00f3n m\u00e1s limpia, porque te anticipas mejor.<\/p>\n<p>En sesiones largas, la consistencia es muy buena. La base no se \"cansa\" ni cambia su comportamiento con el tiempo. Los 5 Nm son manejables con el tiempo, siempre que no pongas la fuerza al m\u00e1ximo todo el rato. El cuerpo se acostumbra y puedes rodar varias horas sin que te parta en dos, sobre todo si el volante est\u00e1 bien colocado. Para un simracer que juega mucho, eso es una verdadera ventaja.<\/p>\n<p>En comparaci\u00f3n con una base menos potente (engranaje o correa ligera), la ganancia es evidente: m\u00e1s detalle, mejor linealidad, menos zonas muertas, correcciones mucho m\u00e1s precisas. Comparado con una base Direct Drive m\u00e1s potente, el CSL DD QR2 parece obviamente menos impresionante f\u00edsicamente. Hay menos pegada en los grandes golpes, menos brutalidad en la p\u00e9rdida total de agarre. Pero para muchos jugadores, esta relativa \"moderaci\u00f3n\" hace que la base sea m\u00e1s utilizable en el d\u00eda a d\u00eda. Puedes aprovechar las ventajas del Direct Drive sin pasarte.<\/p>\n<h2>\u00bfA qui\u00e9n va dirigido? Lo que nos gusta \/ Lo que no nos gusta<\/h2>\n<p>El perfil ideal para un Fanatec CSL DD QR2 (5 Nm) es el de un jugador serio o en perfeccionamiento que quiere introducirse en el mundo del Direct Drive sin reventar su presupuesto ni tener que reforzar su casa para fijar la base. Los principiantes muy motivados tambi\u00e9n pueden considerarlo como una inversi\u00f3n a medio plazo, sobre todo si ya saben que no se van a quedar con un simple volante \"casual\". En el PC, se impone con el acceso a un sinf\u00edn de simulaciones de \u00faltima generaci\u00f3n. En consolas, sigue siendo relevante para quienes desean una configuraci\u00f3n s\u00f3lida pero razonable.<\/p>\n<p>La calidad de la sensaci\u00f3n Direct Drive en este nivel de potencia est\u00e1 en lo m\u00e1s alto de la lista. La base es precisa, limpia e informativa, sin sensaci\u00f3n blanda. El QR2 tambi\u00e9n cambia el juego: m\u00e1s rigidez entre la base y el volante, menos juego, m\u00e1s confianza, especialmente al hacer correcciones r\u00e1pidas. Por \u00faltimo, su compacidad y su amplia compatibilidad con el ecosistema Fanatec lo convierten en un producto coherente para construir una configuraci\u00f3n a largo plazo, con la posibilidad de a\u00f1adir progresivamente bielas, cambios, frenos de mano, etc. m\u00e1s avanzados.<\/p>\n<p>Por otro lado, hay l\u00edmites que hay que tener en cuenta. El l\u00edmite de 5 Nm puede resultar excesivo para los entusiastas que quieren fuerzas muy elevadas, sobre todo en prototipos o monoplazas de alta velocidad con un FFB muy pesado. En este caso, se alcanza el techo de la base m\u00e1s r\u00e1pidamente, y el retorno puede parecer un poco \"comprimido\" si se fuerza demasiado la potencia. La sobriedad del dise\u00f1o y la ausencia de peque\u00f1os detalles est\u00e9ticos tambi\u00e9n pueden decepcionar visualmente a quienes gustan de productos muy premium. Por \u00faltimo, si realmente se quiere aprovechar al m\u00e1ximo la base, se hace casi obligatorio un cockpit o un soporte r\u00edgido: en un escritorio ligero, se pierde parte del potencial.<\/p>\n<p>En t\u00e9rminos de valor, el CSL DD QR2 es una inversi\u00f3n inteligente: est\u00e1s pagando por tecnolog\u00eda Direct Drive real, un QR moderno y un ecosistema s\u00f3lido, no por gadgets. No estamos hablando de bajo coste, pero s\u00ed en un \u00e1mbito en el que la ganancia de sensaciones por euro gastado sigue siendo muy atractiva para alguien que juega con regularidad.<\/p>\n<h2>Veredicto<\/h2>\n<p>El Fanatec CSL DD QR2 (5 Nm) no pretende ser el m\u00e1s espectacular, sino el m\u00e1s consistente posible para un gran n\u00famero de simracers. Ofrece un verdadero salto de calidad en comparaci\u00f3n con los volantes de inercia de correa o engranaje, sin dejar de ser utilizable en una configuraci\u00f3n dom\u00e9stica razonable. En una cabina ya equipada, se convierte claramente en la pieza central que lleva la direcci\u00f3n a otra dimensi\u00f3n.<\/p>\n<p>Ocupa una posici\u00f3n central en el mercado: una base Direct Drive de gama media, lo bastante seria como para satisfacer a los jugadores exigentes, sin las limitaciones y los excesos de los modelos muy potentes. Para un usuario de PC o consola que quiera subir un pelda\u00f1o la inmersi\u00f3n, sin ir a lo m\u00e1s alto de la gama, es una opci\u00f3n especialmente l\u00f3gica.<\/p>\n<p>Lo recomendar\u00eda sobre todo a los jugadores intermedios y experimentados que prefieren la precisi\u00f3n y la consistencia a la fuerza bruta, y a los que quieren hacer una contribuci\u00f3n duradera al ecosistema Fanatec. Por otro lado, si tu objetivo es la retroalimentaci\u00f3n de fuerza ultraviolenta, o si ocasionalmente juegas en un escritorio ligero, puede que esta no sea la mejor elecci\u00f3n.<\/p>\n<p>Si est\u00e1 buscando un verdadero Direct Drive que sea compacto, de tacto limpio, escalable y cre\u00edble como base central de su configuraci\u00f3n, este producto puede marcar claramente la diferencia en su configuraci\u00f3n.<\/p>","protected":false},"excerpt":{"rendered":"<p>La CSL DD QR2 me dio la sensaci\u00f3n de un verdadero salto cualitativo en comparaci\u00f3n con las ruedas accionadas por correa, con una respuesta limpia y legible que pod\u00eda utilizarse durante largas sesiones. Sobre todo, tiene sentido para jugadores intermedios o motivados que quieren un Direct Drive serio sin aspirar a una potencia extrema. Todo el paquete sigue siendo coherente como base central para una configuraci\u00f3n duradera de Fanatec.<\/p>","protected":false},"featured_media":101860,"comment_status":"open","ping_status":"closed","template":"","meta":{"_acf_changed":false,"_et_pb_use_builder":"","_et_pb_old_content":"","_et_gb_content_width":""},"product_brand":[158],"product_cat":[155],"product_tag":[149],"class_list":{"0":"post-100869","1":"product","2":"type-product","3":"status-publish","4":"has-post-thumbnail","6":"product_brand-fanatec","7":"product_cat-base","8":"product_tag-pc","10":"first","11":"instock","12":"shipping-taxable","13":"product-type-external"},"acf":[],"_links":{"self":[{"href":"https:\/\/simracergear.com\/es\/wp-json\/wp\/v2\/product\/100869","targetHints":{"allow":["GET"]}}],"collection":[{"href":"https:\/\/simracergear.com\/es\/wp-json\/wp\/v2\/product"}],"about":[{"href":"https:\/\/simracergear.com\/es\/wp-json\/wp\/v2\/types\/product"}],"replies":[{"embeddable":true,"href":"https:\/\/simracergear.com\/es\/wp-json\/wp\/v2\/comments?post=100869"}],"wp:featuredmedia":[{"embeddable":true,"href":"https:\/\/simracergear.com\/es\/wp-json\/wp\/v2\/media\/101860"}],"wp:attachment":[{"href":"https:\/\/simracergear.com\/es\/wp-json\/wp\/v2\/media?parent=100869"}],"wp:term":[{"taxonomy":"product_brand","embeddable":true,"href":"https:\/\/simracergear.com\/es\/wp-json\/wp\/v2\/product_brand?post=100869"},{"taxonomy":"product_cat","embeddable":true,"href":"https:\/\/simracergear.com\/es\/wp-json\/wp\/v2\/product_cat?post=100869"},{"taxonomy":"product_tag","embeddable":true,"href":"https:\/\/simracergear.com\/es\/wp-json\/wp\/v2\/product_tag?post=100869"}],"curies":[{"name":"wp","href":"https:\/\/api.w.org\/{rel}","templated":true}]}}