{"id":100919,"date":"2025-05-15T07:55:00","date_gmt":"2025-05-15T07:55:00","guid":{"rendered":"https:\/\/simracergear.com\/products\/fanatec-csl-dd-ready2race-bundle-for-pc-5-nm\/"},"modified":"2025-11-28T08:51:28","modified_gmt":"2025-11-28T08:51:28","slug":"fanatec-csl-dd-ready2race-bundle-for-pc-5-nm","status":"publish","type":"product","link":"https:\/\/simracergear.com\/es\/products\/fanatec-csl-dd-ready2race-bundle-for-pc-5-nm\/","title":{"rendered":"Fanatec CSL DD Ready2Race Bundle para PC (5 Nm)"},"content":{"rendered":"<h2>Fanatec CSL DD Ready2Race Bundle para PC (5 Nm): an\u00e1lisis completo tras su uso<\/h2>\n<p>El paquete Fanatec CSL DD Ready2Race para PC (5 Nm) se posiciona como el punto de entrada \"serio\" al mundo del Direct Drive. Se trata claramente de un paquete dise\u00f1ado para aquellos que quieren dar un paso importante para alejarse de los volantes de inercia accionados por correa o engranajes, sin disparar el presupuesto o sumergirse en una f\u00e1brica de gas de configuraci\u00f3n.<\/p>\n<p>Este paquete promete una cosa por encima de todo: ofrecer la sensaci\u00f3n t\u00edpica de Direct Drive (precisi\u00f3n, capacidad de respuesta, detalles finos) en un formato compacto y relativamente accesible, listo para usar en un PC. Obtendr\u00e1s una base CSL DD 5 Nm, un volante de la gama CSL y una pedalera, todo ello dise\u00f1ado para funcionar conjuntamente sin complicaciones.<\/p>\n<p>Mi punto de vista es sencillo: \u00bfmarca realmente este pack una clara diferencia en t\u00e9rminos de sensaci\u00f3n, control y placer de conducci\u00f3n en comparaci\u00f3n con una configuraci\u00f3n b\u00e1sica? \u00bfResiste bien para un jugador con un poco de experiencia que quiere subir de gama, o es m\u00e1s bien un producto de transici\u00f3n que se supera demasiado r\u00e1pido? Me estoy centrando en la sensaci\u00f3n, la coherencia del paquete y el valor real que aporta a una configuraci\u00f3n de PC orientada a carreras de simulaci\u00f3n serias, pero no extremas.<\/p>\n<h2>Dise\u00f1o, fabricaci\u00f3n e impresi\u00f3n de calidad<\/h2>\n<p>Visualmente, la base CSL DD tiene una sensaci\u00f3n de \"bloque de aluminio\" compacto. El chasis totalmente met\u00e1lico, con sus aletas de refrigeraci\u00f3n, transmite inmediatamente una sensaci\u00f3n de rigidez y seriedad. En la mano, la densidad est\u00e1 ah\u00ed: se siente un producto dise\u00f1ado para durar, sin partes huecas o que suenen baratas en la propia base. Es limpio, sobrio y funcional.<\/p>\n<p>El volante suministrado en el paquete (generalmente un modelo CSL, con licencia seg\u00fan la versi\u00f3n) es un poco menos premium en comparaci\u00f3n. La construcci\u00f3n es m\u00e1s ligera, con una mezcla de pl\u00e1stico de buena calidad y a veces goma o imitaci\u00f3n de cuero. El agarre es decente, y los botones son f\u00e1ciles para los dedos, pero no est\u00e1 al nivel de un volante ClubSport m\u00e1s caro. Para un paquete 'listo para conducir', sigue siendo razonable, especialmente para una primera configuraci\u00f3n Direct Drive.<\/p>\n<p>Los platos y bielas CSL son sencillos, met\u00e1licos y bastante r\u00edgidos para su gama. El pedal de freno con c\u00e9lula de carga no siempre se incluye de serie, dependiendo de la configuraci\u00f3n exacta, pero incluso en la versi\u00f3n est\u00e1ndar, la base es s\u00f3lida: sin flexiones preocupantes, montaje s\u00f3lido del pedal, tacto mec\u00e1nico limpio. Est\u00e1 muy lejos de los pedales de juguete que se doblan al frenar fuerte.<\/p>\n<p>Lo m\u00e1s sorprendente es el contraste entre la base, muy \"seria\" en su construcci\u00f3n, y el resto del paquete, con una mejor relaci\u00f3n calidad-precio. No hay nada chocante en el precio, pero se nota que la estrella del paquete es el motor Direct Drive. Comparado con las soluciones de transmisi\u00f3n por correa de una gama similar, el CSL DD da claramente una impresi\u00f3n de equipamiento de m\u00e1s alta gama en el lado de la base, aunque el volante y los pedales se mantengan en una l\u00f3gica de entrada\/media gama bien optimizada.<\/p>\n<h2>Ajustes, personalizaci\u00f3n y compatibilidad<\/h2>\n<p>En el PC, el coraz\u00f3n de la experiencia de ajuste es el software Fanatec (Fanalab + controladores). La interfaz es bastante clara, con pesta\u00f1as para la base, el volante y los pedales. Los preajustes b\u00e1sicos ya funcionan bien para los juegos principales, as\u00ed que puedes ponerte en marcha muy r\u00e1pidamente sin perderte en los men\u00fas. Para alguien nuevo en Logitech o Thrustmaster, la curva de aprendizaje es razonable.<\/p>\n<p>Los ajustes que son realmente \u00fatiles en el d\u00eda a d\u00eda: la fuerza general del FFB, el filtro, la linealidad, el amortiguador, la fuerza de efectos como vibradores e impactos y, por supuesto, la asignaci\u00f3n de botones. En la propia base, la pantalla y los botones permiten cambiar ciertos par\u00e1metros sobre la marcha, sin tener que volver al escritorio. Esto resulta pr\u00e1ctico cuando se desea ajustar la intensidad de la respuesta en directo despu\u00e9s de unas cuantas rondas.<\/p>\n<p>La personalizaci\u00f3n de los pedales sigue siendo m\u00e1s limitada, sobre todo si el paquete incluye la versi\u00f3n sin c\u00e9lula de carga. Puedes ajustar la posici\u00f3n y el \u00e1ngulo de los pedales, as\u00ed como la dureza con los elast\u00f3meros, pero no est\u00e1s ante un juego de bielas mec\u00e1nicamente muy configurable. Por otro lado, con la mejora del freno con c\u00e9lula de carga (si se a\u00f1ade a la configuraci\u00f3n), ganas en finura y ajuste de la presi\u00f3n, lo que cambia claramente la forma de frenar.<\/p>\n<p>En t\u00e9rminos de compatibilidad, este paquete est\u00e1 destinado a PC. En esta plataforma, el ecosistema Fanatec es una gran ventaja: se puede cambiar el volante (F1, GT, rally...), a\u00f1adir una palanca de cambios, un freno de mano, una nueva pedalera m\u00e1s sofisticada, sin cambiar la base. El CSL DD se convierte as\u00ed en la pieza central de una configuraci\u00f3n mejorable. Para m\u00ed, este es claramente un punto fuerte: se puede empezar con este pack, y luego actualizar pieza por pieza con el tiempo.<\/p>\n<p>En cuanto a la durabilidad de la configuraci\u00f3n, veo esta base de 5 Nm como un punto de entrada realmente s\u00f3lido en Direct Drive. Puedes mantenerla durante mucho tiempo, sobre todo si no utilizas una fijaci\u00f3n ultrarr\u00edgida o un cockpit ligero. El d\u00eda que quieras m\u00e1s par, el resto del ecosistema puede seguirte, pero no te sentir\u00e1s obligado a cambiarlo todo inmediatamente.<\/p>\n<h2>Sensaciones de juego: qu\u00e9 cambia realmente el CSL DD 5 Nm<\/h2>\n<p>Una vez en pista, la diferencia con un volante de inercia accionado por correa o por engranajes de alcance equivalente se aprecia de inmediato. Lo primero que salta a la vista es la limpieza de la se\u00f1al. La respuesta de fuerza es clara, precisa, sin latencia perceptible. El coche \"habla\" con m\u00e1s claridad. Se percibe mejor lo que ocurre bajo los neum\u00e1ticos, incluso con una fuerza de 5 Nm, que sigue siendo moderada para Direct Drive.<\/p>\n<p>En curvas, la base transmite muy bien el momento en que la parte delantera empieza a saturarse. La direcci\u00f3n se vuelve progresivamente m\u00e1s ligera, y la p\u00e9rdida de agarre se hace evidente. No es s\u00f3lo una cuesti\u00f3n de fuerza bruta, sino de variaci\u00f3n de la fuerza. Ah\u00ed es donde Direct Drive realmente destaca: peque\u00f1os cambios en la carga, transferencias sutiles, todo se vuelve m\u00e1s f\u00e1cil de interpretar.<\/p>\n<p>Cuando se trata de vibradores, el CSL DD da un gran salto adelante en comparaci\u00f3n con los volantes de gama b\u00e1sica. Se puede sentir claramente la textura, el relieve y la frecuencia de las oscilaciones. Los agresivos vibradores sacuden el volante de forma realista, sin ninguna vibraci\u00f3n \"sucia\" o artificial. No se tiene la sensaci\u00f3n de un motor que se fuerza mec\u00e1nicamente y golpea al final de una carrera. Es controlado, limpio y agradable, incluso cuando golpea un poco fuerte.<\/p>\n<p>Cuando se trata de leer el agarre, especialmente en coches de tracci\u00f3n trasera o nerviosos, la base da verdadera confianza. Cuando la trasera empieza a calarse, las micro-correcciones en el volante se vuelven m\u00e1s efectivas, porque la base sigue inmediatamente sin inercia. Puedes agarrar una derrapada, mantenerla, corregir, sin sentir que est\u00e1s luchando contra el hardware. No es s\u00f3lo m\u00e1s realista, es m\u00e1s relajante mentalmente.<\/p>\n<p>En sesiones largas, este par de 5 Nm tiene una ventaja: cansa menos que las vainas m\u00e1s potentes que tienden a ponerse demasiado altas al principio. Puedes rodar durante mucho tiempo y mantener una buena precisi\u00f3n sin quemarte los antebrazos. La consistencia es buena, y no sent\u00ed ninguna bajada de rendimiento ni ning\u00fan calentamiento inc\u00f3modo de la base. Tienes la sensaci\u00f3n de que el sistema est\u00e1 dise\u00f1ado para funcionar durante varias horas sin inmutarse.<\/p>\n<p>En t\u00e9rminos de correcciones r\u00e1pidas, el CSL DD sigue las entradas perfectamente. Cuando tienes que contravolantear con fuerza a la salida de una curva o alcanzar a un coche que se sale en mojado, la base responde inmediatamente, sin demora. La sensaci\u00f3n de control es muy clara. Aqu\u00ed es donde la diferencia con un volante de gama media accionado por correa es m\u00e1s evidente: hay menos confusi\u00f3n entre lo que quieres hacer y lo que la base te devuelve.<\/p>\n<p>Comparado con una base m\u00e1s potente (8 Nm, 10 Nm y m\u00e1s), el CSL DD 5 Nm es inevitablemente menos impresionante en t\u00e9rminos de fuerza bruta. No se siente tanto la violencia de los grandes golpes o impactos. Pero para el uso t\u00edpico de \"simracer en casa\" con una cabina media, tambi\u00e9n es m\u00e1s f\u00e1cil de manejar a 100 %. Pasas menos tiempo bajando los ajustes para que el escritorio o la cabina no se muevan. Ganas en accesibilidad sin sacrificar la delicadeza de la se\u00f1al.<\/p>\n<p>Al final, la sensaci\u00f3n de conducci\u00f3n es clara: ganas en inmersi\u00f3n, confianza y legibilidad del comportamiento del coche, sobre todo cuando vienes de un volante m\u00e1s b\u00e1sico. Entiendes inmediatamente lo que hace el coche. Ah\u00ed es donde la base cambia realmente la experiencia.<\/p>\n<h2>\u00bfA qui\u00e9n va dirigido? Puntos fuertes y limitaciones del paquete<\/h2>\n<p>Este paquete est\u00e1 dirigido principalmente a dos perfiles: el principiante motivado que quiere pasar directamente a Direct Drive en lugar de pasar por un volante de nivel b\u00e1sico, y el simracer intermedio de PC que ya conduce con regularidad y quiere ir un paso m\u00e1s all\u00e1 en cuanto a sensaciones sin entrar en la gama muy alta. Si tu objetivo es conducir principalmente en PC, con una configuraci\u00f3n evolutiva y coherente, este pack tiene sentido.<\/p>\n<p>Lo que m\u00e1s aprecio es, en primer lugar, la calidad de la propia base: para 5Nm, la respuesta de fuerza es notablemente limpia, con una finura de detalle que cambia claramente la comprensi\u00f3n del agarre. Luego est\u00e1 la consistencia del pack: desembalas, montas, instalas los controladores, y ya tienes una configuraci\u00f3n jugable y de alto rendimiento sin tener que pasarte horas busc\u00e1ndola. Por \u00faltimo, la compatibilidad con el ecosistema Fanatec lo convierte en una aut\u00e9ntica inversi\u00f3n a largo plazo: puedes quedarte con la base y actualizar el volante, los pedales y los accesorios m\u00e1s adelante.<\/p>\n<p>Sin embargo, hay que tener en cuenta algunas limitaciones. La primera es que el volante y los pedales suministrados siguen teniendo una buena relaci\u00f3n calidad-precio: son decentes y funcionales, pero no est\u00e1n a la altura del nivel de realismo que puede alcanzar la base. Est\u00e1 claro que hay margen de mejora en estas dos \u00e1reas. En segundo lugar, el par de 5 Nm, aunque se utilice muy bien, no dar\u00e1 la misma \"violencia\" o autoridad que una base de 8-10 Nm para los que busquen una sensaci\u00f3n realmente potente. Por \u00faltimo, para aprovechar al m\u00e1ximo el potencial del Direct Drive, r\u00e1pidamente se hace necesario un cockpit s\u00f3lido: sobre un simple escritorio o un soporte ligero, se pierde parte del beneficio, y puede vibrar un poco.<\/p>\n<p>En t\u00e9rminos de valor percibido, veo este paquete como una inversi\u00f3n inteligente para entrar en Direct Drive sin gastar demasiado. Est\u00e1s pagando m\u00e1s que por un volante b\u00e1sico, pero tambi\u00e9n est\u00e1s comprando una base que puede permanecer en el coraz\u00f3n de tu configuraci\u00f3n durante mucho tiempo. Para cualquiera que se tome en serio las carreras de simulaci\u00f3n, la relaci\u00f3n precio\/sensaci\u00f3n\/actualizaci\u00f3n es muy atractiva.<\/p>\n<h2>Veredicto: \u00bfqu\u00e9 lugar ocupa este paquete en una configuraci\u00f3n de simulaci\u00f3n de carreras?<\/h2>\n<p>El Fanatec CSL DD Ready2Race Bundle para PC (5 Nm) transforma claramente la base de una configuraci\u00f3n de sim racing. Pasamos de un volante que \"simula\" el comportamiento del coche a una base que lo traduce de forma mucho m\u00e1s directa y matizada. Incluso con s\u00f3lo 5 Nm, la experiencia de conducci\u00f3n gana en precisi\u00f3n, control y placer en bruto.<\/p>\n<p>En el mercado, este pack se sit\u00faa en la gama media avanzada: m\u00e1s ambicioso que un combo cl\u00e1sico de iniciaci\u00f3n, pero a\u00fan asequible, sobre todo teniendo en cuenta la tecnolog\u00eda Direct Drive. La vaina por s\u00ed sola est\u00e1 en una liga diferente a la de las soluciones con transmisi\u00f3n por correa de precio comparable, mientras que el volante y los pedales siguen estando bien equilibrados, dise\u00f1ados para mantener el presupuesto bajo control.<\/p>\n<p>Lo recomiendo sin reservas a los controladores de PC que quieran pasarse en serio a Direct Drive y aprecien la idea de un ecosistema escalable. Para los controladores que ya dispongan de una base Direct Drive m\u00e1s potente o de un hardware de gama muy alta, la ganancia ser\u00e1 obviamente limitada. Y si juegas principalmente en consolas, hay packs m\u00e1s adecuados y mejor integrados.<\/p>\n<p>Si buscas tu primer volante Direct Drive real en el PC, capaz de darte una sensaci\u00f3n de conducci\u00f3n sin arruinarte ni perderte en los ajustes, este producto podr\u00eda marcar la diferencia en tu configuraci\u00f3n.<\/p>","protected":false},"excerpt":{"rendered":"<p>Este paquete me ha dado la sensaci\u00f3n de \"entender\" mejor el coche, con un Force Feedback limpio y legible que cambia el placer y la confianza al volante. Sobre todo, tiene sentido para los pilotos de simulaci\u00f3n de PC motivados, ya sean principiantes o intermedios, que quieran pasarse en serio al Direct Drive sin entrar en la gama m\u00e1s alta del mercado. Por su precio, la coherencia y escalabilidad de todo el paquete son convincentes.<\/p>","protected":false},"featured_media":100920,"comment_status":"open","ping_status":"closed","template":"","meta":{"_acf_changed":false,"_et_pb_use_builder":"","_et_pb_old_content":"","_et_gb_content_width":""},"product_brand":[158],"product_cat":[161,173],"product_tag":[149],"class_list":{"0":"post-100919","1":"product","2":"type-product","3":"status-publish","4":"has-post-thumbnail","6":"product_brand-fanatec","7":"product_cat-volant","8":"product_cat-volants-fanatec","9":"product_tag-pc","11":"first","12":"instock","13":"shipping-taxable","14":"product-type-external"},"acf":[],"_links":{"self":[{"href":"https:\/\/simracergear.com\/es\/wp-json\/wp\/v2\/product\/100919","targetHints":{"allow":["GET"]}}],"collection":[{"href":"https:\/\/simracergear.com\/es\/wp-json\/wp\/v2\/product"}],"about":[{"href":"https:\/\/simracergear.com\/es\/wp-json\/wp\/v2\/types\/product"}],"replies":[{"embeddable":true,"href":"https:\/\/simracergear.com\/es\/wp-json\/wp\/v2\/comments?post=100919"}],"wp:featuredmedia":[{"embeddable":true,"href":"https:\/\/simracergear.com\/es\/wp-json\/wp\/v2\/media\/100920"}],"wp:attachment":[{"href":"https:\/\/simracergear.com\/es\/wp-json\/wp\/v2\/media?parent=100919"}],"wp:term":[{"taxonomy":"product_brand","embeddable":true,"href":"https:\/\/simracergear.com\/es\/wp-json\/wp\/v2\/product_brand?post=100919"},{"taxonomy":"product_cat","embeddable":true,"href":"https:\/\/simracergear.com\/es\/wp-json\/wp\/v2\/product_cat?post=100919"},{"taxonomy":"product_tag","embeddable":true,"href":"https:\/\/simracergear.com\/es\/wp-json\/wp\/v2\/product_tag?post=100919"}],"curies":[{"name":"wp","href":"https:\/\/api.w.org\/{rel}","templated":true}]}}