{"id":100947,"date":"2025-05-15T07:56:00","date_gmt":"2025-05-15T07:56:00","guid":{"rendered":"https:\/\/simracergear.com\/products\/fanatec-csl-dd-ready2race-f1-esports-premium-bundle-for-pc\/"},"modified":"2025-11-28T04:48:13","modified_gmt":"2025-11-28T04:48:13","slug":"fanatec-csl-dd-ready2race-f1-esports-premium-bundle-for-pc","status":"publish","type":"product","link":"https:\/\/simracergear.com\/es\/products\/fanatec-csl-dd-ready2race-f1-esports-premium-bundle-for-pc\/","title":{"rendered":"Fanatec CSL DD Ready2Race F1 Esports Premium Bundle para PC"},"content":{"rendered":"<p>En el peque\u00f1o mundo de los simuladores de carreras \"serios\", el Fanatec CSL DD Ready2Race F1 Esports Premium Bundle para PC es una especie de atajo. Base Direct Drive, volante al estilo F1 Esports, pedales... todo est\u00e1 empaquetado para llevarte de una configuraci\u00f3n b\u00e1sica a un paquete claramente orientado al rendimiento. La idea es sencilla: ofrecer una entrada cre\u00edble en el mundo de Direct Drive, sin caer en la complejidad o los precios de las gamas realmente altas.<\/p>\n<p>Sobre el papel, este paquete promete una respuesta de fuerza limpia y precisa, con suficiente par motor para dar car\u00e1cter a los modernos GT, F1 y monoplazas, sin dejar de ser utilizable en una cabina de sobremesa o de gama media. Est\u00e1 dirigido a los que quieren un combo de \"ench\u00fafalo, aj\u00fastalo un poco y cond\u00facelo\", pero con aut\u00e9nticas emociones al volante, no s\u00f3lo un juguete mejorado.<\/p>\n<p>As\u00ed pues, mi punto de vista es claro: la precisi\u00f3n del Force Feedback, la calidad de las sensaciones en las diferentes categor\u00edas de coches, la comodidad en las sesiones largas y la capacidad del paquete para seguir los progresos del piloto. De lo que se trata es de saber si, para un simulador de PC que quiera ascender de categor\u00eda de forma inteligente, este pack representa un verdadero salto cualitativo o s\u00f3lo una soluci\u00f3n pr\u00e1ctica entre muchas otras.<\/p>\n<h2>Dise\u00f1o y fabricaci\u00f3n<\/h2>\n<p>Visualmente, la base CSL DD y el volante F1 Esports dan inmediatamente una impresi\u00f3n de seriedad. La base en s\u00ed es compacta, con una carcasa met\u00e1lica que hace las veces de disipador t\u00e9rmico. En la mano, destila densidad, sin holguras ni crujidos, y los conectores traseros est\u00e1n bien integrados. Parece un bloque s\u00f3lido, dise\u00f1ado para soportar horas de uso intenso.<\/p>\n<p>El volante de estilo F1 Esports es claramente la pieza visual central del paquete. Panel frontal de material compuesto, empu\u00f1adura de imitaci\u00f3n de cuero o piel de tacto firme, gama de botones claramente identificables al tacto, levas de cambio met\u00e1licas con un clic claro y audible. Da la sensaci\u00f3n de ser un producto serio, orientado a los deportes electr\u00f3nicos, con un di\u00e1metro reducido que est\u00e1 en perfecta sinton\u00eda con los monoplazas y los GT modernos. Es f\u00e1cil entender lo que hace el coche, porque todo encaja perfectamente en su sitio.<\/p>\n<p>El juego de bielas es m\u00e1s funcional que premium. Tiene una estructura de acero, un aspecto sencillo pero eficaz y una impresi\u00f3n de robustez suficiente para un uso intensivo. Los frenos no est\u00e1n al nivel de los platos y bielas de gama alta, pero la resistencia es decente, con un recorrido que permite un cambio sin esfuerzo. Est\u00e1 claro: se trata de una bicicleta de gama media bien construida, no de una joya.<\/p>\n<p>Donde es un poco decepcionante es en ciertos detalles de acabado t\u00edpicos de la serie CSL: el pl\u00e1stico de ciertas partes del volante es un poco \"seco\", el pomo y ciertos botones se sienten menos premium que en las gamas superiores, y a los pedales les falta un poco de refinamiento en t\u00e9rminos de tacto puro. En comparaci\u00f3n con otros paquetes Direct Drive de entrada\/media gama, la base en s\u00ed causa una muy buena impresi\u00f3n, pero el resto del paquete nos recuerda que seguimos hablando de una oferta posicionada para ser asequible.<\/p>\n<h2>Ajustes y personalizaci\u00f3n + compatibilidad<\/h2>\n<p>En cuanto a los ajustes, Fanatec juega la carta de la doble capa: tienes ajustes r\u00e1pidos a trav\u00e9s de la pantalla base y los botones del volante, y luego ajustes avanzados a trav\u00e9s del software del PC. En los men\u00fas b\u00e1sicos, puedes ajustar la fuerza total, el FFB, la sensibilidad, el filtro, la fricci\u00f3n y el amortiguador natural. Para un usuario de PC, esto es m\u00e1s que suficiente para encontrar una sensaci\u00f3n que se adapte a tu estilo.<\/p>\n<p>Los preajustes de Fanatec para los juegos principales te ayudan a empezar. Por mi parte, he jugado principalmente con la fuerza global, la filtraci\u00f3n y un poco de amortiguador para calmar las oscilaciones en ciertos coches nerviosos. La curva de aprendizaje no es insuperable: se tantea un poco al principio, luego se encuentran r\u00e1pidamente dos o tres perfiles que se conservan en funci\u00f3n del tipo de juego (hard sim, sim m\u00e1s accesible, arcade sim).<\/p>\n<p>En el PC, la compatibilidad de este paquete es su verdadero punto fuerte. La base funciona con la mayor\u00eda de simuladores y juegos de carreras serios del mercado, el volante se reconoce sin mayores problemas, y el ecosistema Fanatec abre la puerta a toda una serie de extensiones: otros volantes (GT, rally, redondos), pedales m\u00e1s avanzados con c\u00e9lula de carga, palanca de cambios secuencial o en H, freno de mano, etc. El paquete est\u00e1 claramente dise\u00f1ado como punto de entrada a un ecosistema m\u00e1s amplio.<\/p>\n<p>En cuanto a las posibilidades de actualizaci\u00f3n, estamos ante una base que puede mantener a un simracer durante varios a\u00f1os. Puedes empezar con este pack completo, luego actualizar los pedales para mejorar la precisi\u00f3n de frenado, a\u00f1adir otro volante para rallyes o carreras de resistencia y, finalmente, cambiar la cabina para sacar el m\u00e1ximo partido a Direct Drive. En consolas, este bundle en concreto est\u00e1 orientado a PC, as\u00ed que si juegas exclusivamente en consolas, tendr\u00e1s que comprobar la compatibilidad de la base y la versi\u00f3n del pack, pero en configuraci\u00f3n PC, el objetivo es claro y consistente.<\/p>\n<h2>Sensaciones en juego<\/h2>\n<p>Aqu\u00ed es donde el CSL DD realmente destaca en comparaci\u00f3n con las bases convencionales accionadas por correa. Lo primero que destaca es la limpieza de la respuesta de fuerza. No hay sensaci\u00f3n de rozamiento de la correa, ni latencia perceptible, y la reacci\u00f3n a las variaciones de agarre y a las transferencias de carga es muy directa. El volante responde con rapidez, sin excesiva inercia. Puedes sentir el coche \"vivo\" bajo tus manos.<\/p>\n<p>En las curvas, el comportamiento del FFB es f\u00e1cil de leer. Puedes ver claramente el punto en el que la parte delantera empieza a deslizar, o cuando la parte trasera pierde peso en una inclinaci\u00f3n prolongada. La transici\u00f3n entre agarre y deslizamiento es m\u00e1s gradual que con una base de nivel b\u00e1sico: no recibes un gran golpe de direcci\u00f3n que de repente se vuelve ligero, recibes se\u00f1ales intermedias. Esto es una verdadera ventaja a la hora de corregir un derrape o detectar el inicio de un sobreviraje. Eres m\u00e1s atrevido, porque entiendes mejor lo que est\u00e1 pasando.<\/p>\n<p>La sensaci\u00f3n de agarre es especialmente agradable en los monoplazas modernos y los GT. En la entrada en curva, se pueden sentir las microvibraciones del agarre del neum\u00e1tico, el endurecimiento de la direcci\u00f3n en el v\u00e9rtice y, a continuaci\u00f3n, la ligera liberaci\u00f3n al soltar el acelerador. En una base menos potente y m\u00e1s fina, estos matices quedan a menudo ahogados por una respuesta ligeramente borrosa. Aqu\u00ed, incluso con la potencia total no llevada al m\u00e1ximo, la informaci\u00f3n llega con claridad. Entiendes inmediatamente lo que est\u00e1 haciendo el coche.<\/p>\n<p>En cuanto a los vibradores, el CSL DD se siente agudo, pero no destroza la mu\u00f1eca. Los vibradores planos pasan con una vibraci\u00f3n corta y clara, mientras que los vibradores m\u00e1s agresivos env\u00edan impulsos muy pronunciados. No se tiene la impresi\u00f3n de una vibraci\u00f3n artificial, sino de un contacto mec\u00e1nico m\u00e1s honesto. En comparaci\u00f3n con una base m\u00e1s potente, pierdes un poco de la violencia bruta, pero sigues teniendo detalles m\u00e1s que suficientes para saber lo que est\u00e1s haciendo.<\/p>\n<p>En sesiones largas, la consistencia de la base es tranquilizadora. No hay calentamiento preocupante, ni p\u00e9rdida gradual perceptible de potencia en condiciones normales. El par disponible se mantiene estable, y la sensaci\u00f3n de centro es tan clara como siempre. En t\u00e9rminos de confort, la ventaja de no estar sobre una base ultrapotente es que se puede pilotar durante mucho tiempo sin agotar los antebrazos. Es f\u00e1cil encontrar un equilibrio entre inmersi\u00f3n y resistencia.<\/p>\n<p>En correcciones r\u00e1pidas, como la salida de una curva, la base la sigue sin detenerse. La respuesta es seca y precisa, pero no tan brutal como para sorprender. El volante F1 Esports, que es m\u00e1s compacto, ayuda mucho aqu\u00ed: es ligero, f\u00e1cil de manejar, y las entradas r\u00e1pidas pasan bien. El combo de base Direct Drive + volante estilo F1 da una sensaci\u00f3n de control muy directa. Aqu\u00ed es donde la base cambia realmente la experiencia, especialmente si vienes de un volante con Force Feedback m\u00e1s \"el\u00e1stico\".<\/p>\n<p>En comparaci\u00f3n con una base m\u00e1s potente, como una Direct Drive de gama muy alta, la CSL DD da la sensaci\u00f3n de jugar a un juego m\u00e1s razonable: menos par m\u00e1ximo, menos \"sacudida\" en los grandes impactos. Pero para un uso dom\u00e9stico y un habit\u00e1culo que no es necesariamente ultrarr\u00edgido, eso es casi una ventaja. Obtienes m\u00e1s de lo que tienes, sin tener que reducir la potencia para evitar que todo vibre.<\/p>\n<h2>Para qui\u00e9n + Lo que nos gusta \/ Lo que nos gusta menos<\/h2>\n<p>Este paquete est\u00e1 claramente dirigido al simracer de PC que quiera dar un paso adelante serio sin embarcarse en una configuraci\u00f3n alocada. Un principiante muy motivado que sabe que va a tener que trabajar mucho, un piloto intermedio que ya se siente c\u00f3modo con los simuladores cl\u00e1sicos, o incluso un entusiasta de los simuladores con experiencia que quiere una segunda configuraci\u00f3n m\u00e1s compacta, todos encontrar\u00e1n algo de su agrado. Es especialmente adecuado para quienes conducen muchos monoplazas, F1, LMP, GT modernos y protos, con un estilo de conducci\u00f3n limpio y orientado al tiempo.<\/p>\n<p>Lo que m\u00e1s aprecio es la relaci\u00f3n consistencia\/rendimiento del paquete. La base Direct Drive da al FFB un verdadero impulso de precisi\u00f3n y limpieza, sin llegar a ser inmanejable. El volante de F1 Esports est\u00e1 perfectamente adaptado a la mayor\u00eda de las disciplinas modernas y da una verdadera sensaci\u00f3n de control, con controles bien situados para gestionar el ERS, el combustible, el diferencial, etc. Por \u00faltimo, el ecosistema Fanatec significa que este paquete no es un fin en s\u00ed mismo, sino una base s\u00f3lida que se puede desarrollar como se desee.<\/p>\n<p>Por otro lado, hay que tener en cuenta algunos l\u00edmites. Las bielas suministradas, aunque correctas, no est\u00e1n a la altura de las bielas con c\u00e9lula de carga m\u00e1s ambiciosas. La dosificaci\u00f3n de los frenos es menos natural y menos reproducible que con un sensor de presi\u00f3n real, lo que puede resultar frustrante en simuladores muy exigentes. El volante, con un dise\u00f1o muy propio de los F1\/GT modernos, no es ideal si se practica mucho el rally, el drifting o la conducci\u00f3n de coches antiguos, donde es m\u00e1s apropiado un volante m\u00e1s ancho y redondo. Por \u00faltimo, el acabado general, aunque bueno, no alcanza el nivel premium de las gamas superiores: algunos pl\u00e1sticos son un poco duros, y el coche da la sensaci\u00f3n de ser un poco de \"serie industrial\" m\u00e1s que de lujo.<\/p>\n<p>En t\u00e9rminos de valor, sigue siendo una inversi\u00f3n importante, pero que tiene sentido si quieres una configuraci\u00f3n que dure varios a\u00f1os. La base es lo suficientemente potente como para no limitarte demasiado r\u00e1pido, y el hecho de que m\u00e1s adelante puedas ampliar la pedalera o a\u00f1adir otras ruedas refuerza la impresi\u00f3n de que est\u00e1s comprando algo que \"evoluciona\" en lugar de ser desechable.<\/p>\n<h2>Veredicto<\/h2>\n<p>El Fanatec CSL DD Ready2Race F1 Esports Premium Bundle para PC transforma claramente una configuraci\u00f3n cl\u00e1sica de simulaci\u00f3n de carreras en algo mucho m\u00e1s serio. Cambiar a Direct Drive, incluso con esta potencia razonable, cambia la delicadeza de la informaci\u00f3n que recibes y la confianza que puedes depositar en el volante. Nos alejamos de la sensaci\u00f3n de \"juguete mejorado\" y nos acercamos mucho m\u00e1s a lo que esperamos de un hardware orientado al rendimiento.<\/p>\n<p>En el mercado, este paquete se posiciona como un pivote de gama media: muy por encima de los volantes de nivel b\u00e1sico con correas o engranajes, pero sin la desmesura ni el coste de los Direct Drives exclusivos de gama alta. Es ideal para quienes conducen principalmente en PC, quieren un combo llave en mano y esperan progresar seriamente sin tener que cambiar todo su hardware cada a\u00f1o.<\/p>\n<p>Si buscas un paquete plug &amp; play para PC, capaz de abrirte al mundo de Direct Drive con un volante t\u00edpico de F1\/GT y mucho margen de desarrollo, este producto podr\u00eda marcar claramente la diferencia en tu configuraci\u00f3n.<\/p>","protected":false},"excerpt":{"rendered":"<p>Este paquete me dio la sensaci\u00f3n de pasar de una configuraci\u00f3n \"decente\" a una herramienta de conducci\u00f3n realmente seria, con un volante preciso y un Force Feedback legible que infunden confianza r\u00e1pidamente. Sobre todo, tiene sentido para los pilotos de simulaci\u00f3n de PC motivados con una orientaci\u00f3n hacia la F1\/GT moderna, que quieran dar un verdadero paso adelante sin entrar en la gama m\u00e1s alta del mercado. La inversi\u00f3n sigue siendo coherente gracias a la evoluci\u00f3n del ecosistema.<\/p>","protected":false},"featured_media":100948,"comment_status":"open","ping_status":"closed","template":"","meta":{"_acf_changed":false,"_et_pb_use_builder":"","_et_pb_old_content":"","_et_gb_content_width":""},"product_brand":[158],"product_cat":[161,173],"product_tag":[149],"class_list":{"0":"post-100947","1":"product","2":"type-product","3":"status-publish","4":"has-post-thumbnail","6":"product_brand-fanatec","7":"product_cat-volant","8":"product_cat-volants-fanatec","9":"product_tag-pc","11":"first","12":"instock","13":"shipping-taxable","14":"product-type-external"},"acf":[],"_links":{"self":[{"href":"https:\/\/simracergear.com\/es\/wp-json\/wp\/v2\/product\/100947","targetHints":{"allow":["GET"]}}],"collection":[{"href":"https:\/\/simracergear.com\/es\/wp-json\/wp\/v2\/product"}],"about":[{"href":"https:\/\/simracergear.com\/es\/wp-json\/wp\/v2\/types\/product"}],"replies":[{"embeddable":true,"href":"https:\/\/simracergear.com\/es\/wp-json\/wp\/v2\/comments?post=100947"}],"wp:featuredmedia":[{"embeddable":true,"href":"https:\/\/simracergear.com\/es\/wp-json\/wp\/v2\/media\/100948"}],"wp:attachment":[{"href":"https:\/\/simracergear.com\/es\/wp-json\/wp\/v2\/media?parent=100947"}],"wp:term":[{"taxonomy":"product_brand","embeddable":true,"href":"https:\/\/simracergear.com\/es\/wp-json\/wp\/v2\/product_brand?post=100947"},{"taxonomy":"product_cat","embeddable":true,"href":"https:\/\/simracergear.com\/es\/wp-json\/wp\/v2\/product_cat?post=100947"},{"taxonomy":"product_tag","embeddable":true,"href":"https:\/\/simracergear.com\/es\/wp-json\/wp\/v2\/product_tag?post=100947"}],"curies":[{"name":"wp","href":"https:\/\/api.w.org\/{rel}","templated":true}]}}