{"id":100967,"date":"2025-05-15T07:57:00","date_gmt":"2025-05-15T07:57:00","guid":{"rendered":"https:\/\/simracergear.com\/products\/fanatec-csl-dd-ready2race-mclaren-bundle-for-xbox-pc\/"},"modified":"2025-11-28T04:53:45","modified_gmt":"2025-11-28T04:53:45","slug":"fanatec-csl-dd-ready2race-mclaren-bundle-for-xbox-pc","status":"publish","type":"product","link":"https:\/\/simracergear.com\/es\/products\/fanatec-csl-dd-ready2race-mclaren-bundle-for-xbox-pc\/","title":{"rendered":"Fanatec CSL DD Ready2Race McLaren Bundle para Xbox y PC"},"content":{"rendered":"<h2>Fanatec CSL DD Ready2Race McLaren Bundle: un aut\u00e9ntico \"level up\" pack para Xbox y PC<\/h2>\n<p>El Fanatec CSL DD Ready2Race McLaren Bundle para Xbox y PC est\u00e1 dirigido a un segmento muy espec\u00edfico del mercado: aquellos que quieren hacer un cambio serio a Direct Drive, sin actualizar inmediatamente a hardware de simracing 'hardcore' que cuesta varios miles de euros. Es un paquete dise\u00f1ado para ofrecerte un gran salto de sensaciones en una sola caja: base Direct Drive CSL DD, volante McLaren con licencia, pedales, todo plug-and-play en Xbox y PC.<\/p>\n<p>Sobre el papel, la promesa es clara: m\u00e1s par motor, m\u00e1s precisi\u00f3n, un nivel de inmersi\u00f3n muy superior al de las transmisiones b\u00e1sicas por correa o engranaje, sin dejar de ser utilizable en el d\u00eda a d\u00eda, incluso para alguien que acaba de graduarse de un volante convencional.<\/p>\n<p>Mi punto de vista es sencillo: f\u00edjate en lo que cambia realmente este pack en tres aspectos. La finura de las sensaciones (lectura del agarre, detalles de la pista), la versatilidad (juegos, plataformas, ajustes) y la comodidad de uso a lo largo del tiempo. En resumen: \u00bfse trata de un punto de entrada realmente bueno en el ecosistema Fanatec, o s\u00f3lo de un kit de \"marketing\" basado en el logotipo de McLaren?<\/p>\n<p>En cuanto empiezas a dar vueltas, una cosa queda clara: est\u00e1s en una categor\u00eda diferente a la del volante de una berlina cl\u00e1sica. Puedes sentir realmente lo que hace el coche.<\/p>\n<h2>Dise\u00f1o y fabricaci\u00f3n: serios, compactos, con pocos compromisos<\/h2>\n<p>El coraz\u00f3n del paquete es la base CSL DD. Visualmente, es compacta y sobria, con un gran bloque de aluminio con aletas que hace las veces de disipador t\u00e9rmico. En la mano, se obtiene una verdadera impresi\u00f3n de densidad. Parece un equipo serio, no un juguete. Montado sobre un cockpit r\u00edgido, nada se mueve, incluso con el aumento de par. La rigidez general es muy buena para este nivel de modelo.<\/p>\n<p>El volante McLaren es el gran \"im\u00e1n de miradas\" del paquete. Su forma reproduce la de un GT moderno, con empu\u00f1aduras laterales, multitud de botones, interruptores giratorios y levas. Se siente bien en la mano, con empu\u00f1aduras bien dise\u00f1adas, un tama\u00f1o ideal para GTs y protos, y un acabado general limpio. Los pl\u00e1sticos no son de primera calidad, pero son muy superiores a los de la mayor\u00eda de volantes de consola. Las levas de cambio son n\u00edtidas, con un clic claro, aunque no estemos al nivel de las mec\u00e1nicas m\u00e1s punteras del mercado.<\/p>\n<p>El conjunto inspira confianza. No hay holgura detectable en el buje, ni chirridos sospechosos al empujar contra el tope. El juego de bielas suministrado en este tipo de paquete es visualmente m\u00e1s simple, hecho principalmente de metal, con una construcci\u00f3n robusta pero b\u00e1sica. Cumple su funci\u00f3n en t\u00e9rminos de solidez, sin la sofisticaci\u00f3n visual de las bielas con c\u00e9lula de carga.<\/p>\n<p>Lo que puede resultar ligeramente decepcionante es el tacto general de algunos de los pl\u00e1sticos del volante en comparaci\u00f3n con volantes verdaderamente premium, y una unidad de pedales claramente pensada como punto de partida m\u00e1s que como producto definitivo. Sin embargo, en comparaci\u00f3n con otros combinados de gama media accionados por correa, hay una clara mejora en la base y el tacto mec\u00e1nico del volante.<\/p>\n<h2>Ajustes, personalizaci\u00f3n y compatibilidad: un aut\u00e9ntico ecosistema entre bastidores<\/h2>\n<p>En cuanto a los ajustes, nos encontramos en el esp\u00edritu t\u00edpico de Fanatec: la base ofrece un men\u00fa a bordo con los principales par\u00e1metros (fuerza m\u00e1xima, filtro, linealidad, etc.) y el software para PC permite ir m\u00e1s all\u00e1. Los preajustes suministrados para los juegos principales ya son utilizables, por lo que puedes ponerte en marcha muy r\u00e1pidamente. Por lo que a m\u00ed respecta, la curva de aprendizaje es bastante suave: se entiende r\u00e1pidamente qu\u00e9 cambia qu\u00e9, incluso si no se es ingeniero de FFB.<\/p>\n<p>Los ajustes que resultan realmente \u00fatiles en el d\u00eda a d\u00eda son la potencia global del FFB, el filtro para suavizar o afinar el retorno y la velocidad de retorno al centro. Ajustando estos tres par\u00e1metros, puedes adaptar f\u00e1cilmente el paquete a tu estilo: m\u00e1s suave y permisivo para un principiante, m\u00e1s nervioso y duro para un rider acostumbrado a largas sesiones. Tambi\u00e9n puedes ajustar la rotaci\u00f3n en funci\u00f3n del juego al que est\u00e9s jugando, lo que resulta pr\u00e1ctico para pasar de un GT3 a un rally o a un monoplaza.<\/p>\n<p>La compatibilidad es un punto fuerte. En PC, la base se integra muy bien con la mayor\u00eda de simulaciones y juegos de carreras modernos. En Xbox, el paquete est\u00e1 dise\u00f1ado para funcionar de forma nativa, lo que limita cualquier sorpresa desagradable de reconocimiento. Esto lo convierte en una opci\u00f3n cre\u00edble para alguien que alterne regularmente entre consola y PC, o que quiera actualizarse a PC m\u00e1s adelante.<\/p>\n<p>El gran atractivo es el ecosistema que lo acompa\u00f1a. Este pack es una puerta de entrada al mundo Fanatec: otros volantes, palancas de cambio, frenos de mano, bielas m\u00e1s avanzadas, todo se puede a\u00f1adir. La base CSL DD sigue siendo lo suficientemente potente como para soportar este salto de gama. Puedes empezar con este paquete y actualizar s\u00f3lo el juego de bielas o el volante m\u00e1s adelante.<\/p>\n<p>En cuanto a las posibilidades de actualizaci\u00f3n, no se trata de un kit desechable. Es una base que puede seguir siendo el centro de la configuraci\u00f3n durante mucho tiempo, especialmente si conduces principalmente GT, touring o F1 en Xbox\/PC.<\/p>\n<h2>Sensaciones en el juego: el Direct Drive accesible que cambia el juego<\/h2>\n<p>Este paquete realmente destaca en la pista virtual. El cambio a Direct Drive, incluso a esta potencia, se nota inmediatamente en la precisi\u00f3n de la respuesta de fuerza. La direcci\u00f3n se vuelve m\u00e1s \"viva\", m\u00e1s legible. Las microvariaciones en la carga del tren delantero, las transferencias de masa y los inicios de subviraje o sobreviraje son r\u00e1pidamente evidentes. El mensaje del volante es m\u00e1s claro, m\u00e1s limpio y menos filtrado que en un sistema accionado por correa.<\/p>\n<p>En las curvas, el coche es mucho m\u00e1s progresivo. Cuando entras en una curva, el volante \"habla\": puedes sentir c\u00f3mo el coche se asienta en su postura, puedes sentir c\u00f3mo aumenta el agarre y luego se cala si aprietas demasiado. En esta fase de transici\u00f3n es donde el CSL DD realmente destaca. Te das cuenta antes de que te est\u00e1s pasando. El coche no te sorprende, te avisa. Esto tiene un valor incalculable para afinar tus trayectorias o trabajar la consistencia.<\/p>\n<p>En los vibradores, la diferencia con una base menos potente es evidente. El volante no golpea est\u00fapidamente, sino que reproduce la textura. Una sucesi\u00f3n de vibradores r\u00e1pidos no se convierte en una vibraci\u00f3n desordenada. Se nota la diferencia entre un vibrador plano, un vibrador agresivo o una simple conexi\u00f3n bituminosa. Esta delicadeza a\u00f1ade mucho a la inmersi\u00f3n, sobre todo en circuitos bien modelados.<\/p>\n<p>La lectura del agarre es una gran ventaja. En condiciones mixtas o al l\u00edmite de adherencia, puedes sentir la m\u00e1s m\u00ednima p\u00e9rdida de agarre trasero en el volante, incluso antes de que el cron\u00f3metro lo confirme. Para correcciones r\u00e1pidas, el par de base realmente ayuda. Puedes coger el inicio de un derrape con movimientos cortos y precisos, sin que el volante se sienta \"perezoso\" o retrasado. Mientras que una base accionada por correa a veces da la impresi\u00f3n de retraso, la Direct Drive responde inmediatamente.<\/p>\n<p>En sesiones largas, la consistencia es buena. La base no se calienta hasta el punto de perder fuerza, y la sensaci\u00f3n se mantiene estable. Lo que m\u00e1s se nota es la fatiga, que est\u00e1 m\u00e1s relacionada con la intensidad de las se\u00f1ales que con la falta de potencia. Con ajustes moderados, puedes aguantar largos relevos sin que te exploten los antebrazos, sin dejar de conservar la informaci\u00f3n esencial. Al aumentar la potencia, se gana en fuerza f\u00edsica, pero se paga en fatiga. Es una cuesti\u00f3n de elecci\u00f3n personal.<\/p>\n<p>En comparaci\u00f3n con una base menos potente, se gana claramente en capacidad de respuesta y finura. No se tiene la sensaci\u00f3n de tener una gran goma el\u00e1stica entre las manos y la carretera. En comparaci\u00f3n con Direct Drives mucho m\u00e1s potentes, se pierde un poco en t\u00e9rminos de brutalidad y \"pinza\" de la direcci\u00f3n cuando se empuja con fuerza. Pero para un uso mixto Xbox\/PC, en un sal\u00f3n o en una cabina compacta, este nivel de fuerza es m\u00e1s que suficiente para resultar inmersivo e instructivo.<\/p>\n<p>La inmersi\u00f3n general aumenta considerablemente. El volante McLaren, con su forma y controles GT, refuerza este efecto: visualmente y en la mano, te sientes como si estuvieras en un aut\u00e9ntico coche de carreras moderno. Los botones son f\u00e1cilmente accesibles durante la carrera, por lo que puedes manejar el control de tracci\u00f3n, el ABS y la cartograf\u00eda sin perder el ritmo. La atenci\u00f3n se centra en la conducci\u00f3n, no en la t\u00e9cnica.<\/p>\n<h2>\u00bfA qui\u00e9n va dirigido? Lo que nos gusta \/ Lo que no nos gusta<\/h2>\n<p>Este paquete est\u00e1 claramente dirigido a un perfil de usuario espec\u00edfico: el simracer motivado, ya un poco aficionado, que quiere dar un paso serio en cuanto a sensaciones sin empezar con una f\u00e1brica de gas. Para un principiante, es posible, pero un poco ambicioso; para un jugador intermedio de Xbox o PC que venga de un volante con correa o engranaje, es una aut\u00e9ntica mejora. Para un conductor experimentado que no busque lo \u00faltimo en par motor, es un combo coherente que puede utilizarse a diario.<\/p>\n<p>Entre los puntos que realmente me atrajeron, el primero fue la relaci\u00f3n entre tacto y tama\u00f1o. La base es compacta pero ofrece un FFB limpio y preciso que transforma la forma de leer el coche. El segundo aspecto positivo es el ecosistema Fanatec. Sabemos que podemos mantener esta base como nuestro \"coraz\u00f3n\" y desarrollar el resto con el tiempo, sin empezar de cero. Por \u00faltimo, el volante McLaren es una aut\u00e9ntica ventaja en t\u00e9rminos de ergonom\u00eda de competici\u00f3n: las formas, los botones y las levas te animan a disfrutar conduciendo GTs o prototipos.<\/p>\n<p>En lo que se refiere a los l\u00edmites, el juego de bielas suministrado hace el trabajo, pero r\u00e1pidamente muestra sus limitaciones si realmente quieres trabajar en el umbral de frenado. Sin c\u00e9lula de carga, a los frenos les falta un poco de delicadeza, sobre todo en los simuladores de competici\u00f3n. Una segunda reserva es que algunos detalles del acabado del volante (pl\u00e1sticos, tacto de los rotores) recuerdan a un paquete de gama media, no a uno ultra-premium. Por \u00faltimo, aunque la potencia de la unidad base puede ser suficiente para muchos, dejar\u00e1 con ganas de m\u00e1s a los puristas que busquen una potencia extrema y un enorme margen de ajuste.<\/p>\n<p>La noci\u00f3n de inversi\u00f3n es interesante en este caso. No se trata de una compra impulsiva; estamos hablando de un producto que representa un presupuesto s\u00f3lido. Pero el valor percibido, en t\u00e9rminos de posible progresi\u00f3n, placer de conducci\u00f3n y acceso a un ecosistema completo, es alto. Para alguien que sabe que va a pasar horas en una pista virtual, el coste es mucho m\u00e1s justificable que una serie de peque\u00f1as actualizaciones de nivel b\u00e1sico.<\/p>\n<h2>Veredicto: un paquete Direct Drive que estructura una configuraci\u00f3n<\/h2>\n<p>El Fanatec CSL DD Ready2Race McLaren Bundle no s\u00f3lo a\u00f1ade un volante genial a una configuraci\u00f3n existente. Reposiciona todo el nivel de sensaciones, especialmente si vienes de un volante con correa o engranaje. Es un aut\u00e9ntico punto de inflexi\u00f3n: pasas de las \"carreras serias\" al simracing cre\u00edble, con herramientas que te permiten progresar y sentir realmente lo que hace el coche.<\/p>\n<p>En el mercado, est\u00e1 claramente posicionado en la ambiciosa gama media: m\u00e1s potente y preciso que los combos convencionales, menos extremo y menos caro que los grandes Direct Drives puramente PC de simracer hardcore. Para muchos jugadores de Xbox y PC, \u00e9sta es exactamente la zona de confort que buscan.<\/p>\n<p>Yo lo recomendar\u00eda a aquellos que quieran una configuraci\u00f3n estructurada y mejorable, con un volante de estilo GT muy agradable, y que est\u00e9n preparados para a\u00f1adir un juego de bielas m\u00e1s avanzado m\u00e1s adelante si les pica el gusanillo de la contrarreloj. Por otro lado, si ya has puesto tus miras en la gama m\u00e1s alta del mercado, con un par m\u00e1ximo y todo el hardware de metal, este paquete puede parecer demasiado conservador.<\/p>\n<p>Si lo que buscas es un verdadero salto en cuanto a sensaciones hacia Direct Drive, compatible con Xbox y PC, con un volante GT serio y una base capaz de seguir tus progresos, este producto puede marcar claramente la diferencia en tu configuraci\u00f3n.<\/p>","protected":false},"excerpt":{"rendered":"<p>Este paquete me dio la impresi\u00f3n de llevar la sensaci\u00f3n y la legibilidad del coche a un nivel completamente nuevo, sin llegar a ser demasiado complejo. Est\u00e1 dirigido sobre todo a los jugadores de Xbox\/PC que ya est\u00e1n motivados y quieren pasarse a Direct Drive con una base actualizable. El paquete completo ofrece un valor consistente si realmente pretendes invertir tiempo en el simracing.<\/p>","protected":false},"featured_media":100968,"comment_status":"open","ping_status":"closed","template":"","meta":{"_acf_changed":false,"_et_pb_use_builder":"","_et_pb_old_content":"","_et_gb_content_width":""},"product_brand":[158],"product_cat":[161,173,170,169],"product_tag":[149,160],"class_list":{"0":"post-100967","1":"product","2":"type-product","3":"status-publish","4":"has-post-thumbnail","6":"product_brand-fanatec","7":"product_cat-volant","8":"product_cat-volants-fanatec","9":"product_cat-volants-xbox-one","10":"product_cat-volants-xbox-series-x-s","11":"product_tag-pc","12":"product_tag-xbox","14":"first","15":"instock","16":"shipping-taxable","17":"product-type-external"},"acf":[],"_links":{"self":[{"href":"https:\/\/simracergear.com\/es\/wp-json\/wp\/v2\/product\/100967","targetHints":{"allow":["GET"]}}],"collection":[{"href":"https:\/\/simracergear.com\/es\/wp-json\/wp\/v2\/product"}],"about":[{"href":"https:\/\/simracergear.com\/es\/wp-json\/wp\/v2\/types\/product"}],"replies":[{"embeddable":true,"href":"https:\/\/simracergear.com\/es\/wp-json\/wp\/v2\/comments?post=100967"}],"wp:featuredmedia":[{"embeddable":true,"href":"https:\/\/simracergear.com\/es\/wp-json\/wp\/v2\/media\/100968"}],"wp:attachment":[{"href":"https:\/\/simracergear.com\/es\/wp-json\/wp\/v2\/media?parent=100967"}],"wp:term":[{"taxonomy":"product_brand","embeddable":true,"href":"https:\/\/simracergear.com\/es\/wp-json\/wp\/v2\/product_brand?post=100967"},{"taxonomy":"product_cat","embeddable":true,"href":"https:\/\/simracergear.com\/es\/wp-json\/wp\/v2\/product_cat?post=100967"},{"taxonomy":"product_tag","embeddable":true,"href":"https:\/\/simracergear.com\/es\/wp-json\/wp\/v2\/product_tag?post=100967"}],"curies":[{"name":"wp","href":"https:\/\/api.w.org\/{rel}","templated":true}]}}