{"id":101001,"date":"2025-05-15T07:57:00","date_gmt":"2025-05-15T07:57:00","guid":{"rendered":"https:\/\/simracergear.com\/products\/fanatec-csl-elite-pedals-v2\/"},"modified":"2026-03-02T15:25:27","modified_gmt":"2026-03-02T15:25:27","slug":"fanatec-csl-elite-pedals-v2","status":"publish","type":"product","link":"https:\/\/simracergear.com\/es\/products\/fanatec-csl-elite-pedals-v2\/","title":{"rendered":"Pedales Fanatec CSL Elite V2"},"content":{"rendered":"<h2>Pruebas y opiniones Pedales Fanatec CSL Elite V2: \u00bfel nuevo est\u00e1ndar de gama media?<\/h2>\n<p>En una configuraci\u00f3n de sim racing, los pedales suelen tener m\u00e1s impacto en los tiempos por vuelta que un nuevo volante. Los pedales Fanatec CSL Elite Pedals V2 son precisamente eso: m\u00e1s serios que una pedalera b\u00e1sica, pero sin caer en la locura de las pedaleras hidr\u00e1ulicas o de c\u00e9lula de carga 100 % de gama alta.<\/p>\n<p>Fanatec promete una pedalera completa, plug-and-play, con freno de c\u00e9lula de carga, ajustable, dise\u00f1ada tanto para jugadores de consola como para corredores de simulaci\u00f3n de PC que ya han invertido en el ecosistema. La idea es sencilla: ofrecer un aut\u00e9ntico salto en precisi\u00f3n y tacto, sin necesidad de un cockpit sobredimensionado ni horas de oscuros ajustes.<\/p>\n<p>Por mi parte, lo enfoqu\u00e9 desde un \u00e1ngulo muy pr\u00e1ctico: calidad de construcci\u00f3n, facilidad de ajuste, sensaci\u00f3n de frenado, consistencia en sesiones largas y, sobre todo, la relaci\u00f3n placer\/rendimiento en comparaci\u00f3n con bielas m\u00e1s sencillas con potenci\u00f3metros o modelos m\u00e1s caros.<\/p>\n<p>Lo que realmente me interesa de la CSL Elite Pedals V2 es si Fanatec ofrece por fin una pedalera \"pivotante\": una que compras para varios a\u00f1os, sin sentir la necesidad de actualizarla demasiado r\u00e1pido.<\/p>\n<h2>Dise\u00f1o y fabricaci\u00f3n: un aut\u00e9ntico salto cualitativo<\/h2>\n<p>Visualmente, los pedales CSL Elite V2 marcan inmediatamente la casilla de \"serios\". Todo es de metal, con una construcci\u00f3n que irradia rigidez. Los pedales desprenden una sensaci\u00f3n de densidad y solidez que no se encuentra en los platos y bielas de pl\u00e1stico b\u00e1sicos. Tienes la sensaci\u00f3n de que puedes pisarlos a fondo sin dudarlo.<\/p>\n<p>Los brazos del pedal y la placa base dan una sensaci\u00f3n coherente: nada parece flotar, no hay juego visible. Al pisar fuerte el freno, la estructura no se dobla de forma preocupante. En un cockpit decente o incluso en un chasis propio bien fijado, los pedales mantienen su l\u00ednea y no tienen esa sensaci\u00f3n de \"juguete\" que a veces se obtiene con los kits m\u00e1s baratos.<\/p>\n<p>Las superficies son limpias al tacto, con un acabado bastante sobrio. Los pedales no cortan en las manos, y los bordes est\u00e1n bien trabajados, aunque no est\u00e9n tan finamente mecanizados como los pedales premium completos. Se trata claramente de un producto s\u00f3lido de gama media, no de una joya.<\/p>\n<p>Lo que sorprende de inmediato es el contraste con las antiguas pedaleras CSL para principiantes: hemos pasado de un producto \"decente\" a algo que parece una aut\u00e9ntica herramienta de conducci\u00f3n. Para disfrutarla, hay que configurarla bien.<\/p>\n<p>En cuanto a peque\u00f1as decepciones, algunas piezas siguen teniendo un acabado ligeramente \"industrial\", y los tornillos visibles y el cableado siguen siendo muy funcionales, en lugar de muy cuidados. En comparaci\u00f3n con pedaleras de gama m\u00e1s alta o de bricolaje que han sido bien elaboradas, es f\u00e1cil ver por qu\u00e9. Pero a este precio, la base es realmente tranquilizadora.<\/p>\n<h2>Ajustes, personalizaci\u00f3n y compatibilidad<\/h2>\n<p>Con un juego de bielas, la cuesti\u00f3n no es s\u00f3lo \"c\u00f3mo est\u00e1 construido\", sino \"puedo hacerlo a mi gusto sin perderme en los ajustes\". Las bielas CSL Elite Pedals V2 hacen precisamente eso.<\/p>\n<p>Los ajustes mec\u00e1nicos cubren lo esencial: posici\u00f3n, distancia, altura y \u00e1ngulo del pedal. Puedes ajustar la dureza del pedal de freno mediante los elementos de elast\u00f3mero y la c\u00e9lula de carga, y afinar el tacto para adaptarlo a tu estilo de conducci\u00f3n. Nada descabellado, pero m\u00e1s que suficiente para pasar de un freno m\u00e1s bien progresivo a algo m\u00e1s firme y directo. Es entonces cuando se empieza a notar la diferencia con un simple freno de potenci\u00f3metro.<\/p>\n<p>Los recorridos del acelerador y del embrague siguen siendo cl\u00e1sicos, con una resistencia bastante lineal. Puedes ajustar la posici\u00f3n para evitar torcerte el tobillo o cruzar las piernas en sesiones largas. No es un juego de bielas de \"ingeniero de F1\", pero no te sientes atrapado en una \u00fanica configuraci\u00f3n.<\/p>\n<p>En el PC, puedes utilizar el software Fanatec para ajustar las curvas, las zonas muertas y la sensibilidad de los frenos. La curva de aprendizaje es razonable: se puede conducir casi nada m\u00e1s sacarlo de la caja de cambios, y luego afinar sobre la marcha. Los pilotos m\u00e1s quisquillosos apreciar\u00e1n la posibilidad de ajustar la fuerza m\u00e1xima de frenado para adaptarla a su ba\u00f1era y peso.<\/p>\n<p>En cuanto a la consola, la pedalera se comporta como un elemento m\u00e1s del ecosistema Fanatec, siempre que est\u00e9 conectada a una base compatible. As\u00ed que nos atenemos a la l\u00f3gica habitual: ideal si ya tienes una base Fanatec, menos evidente si est\u00e1s en otro ecosistema.<\/p>\n<p>En t\u00e9rminos de capacidad de actualizaci\u00f3n, es un punto de entrada serio. Puedes empezar con esta pedalera en una configuraci\u00f3n semi-casual y mantenerla a medida que subes de gama en la base y el volante. No parece una compra de usar y tirar.<\/p>\n<h2>Pedales Fanatec CSL Elite V2: sensaciones en juego<\/h2>\n<p>Es en la pista donde los Pedales CSL Elite V2 realmente destacan. El coraz\u00f3n de la cuesti\u00f3n aqu\u00ed es claramente el frenado. Cambiar a un freno de c\u00e9lula de carga cambia tu forma de conducir. Dejas de buscar la posici\u00f3n del pedal y empiezas a frenar con fuerza.<\/p>\n<p>En la pr\u00e1ctica, el freno ofrece una buena acumulaci\u00f3n de resistencia. Puedes sentir c\u00f3mo aumenta la presi\u00f3n y se hace m\u00e1s evidente el punto en el que el neum\u00e1tico empieza a saturarse. Se entiende mucho mejor lo que hace el coche al frenar. La modulaci\u00f3n al inicio de una curva se vuelve m\u00e1s natural, y dosificas la presi\u00f3n con la pierna en lugar de utilizar la memoria del recorrido del pedal.<\/p>\n<p>En frenadas fuertes, la estabilidad es muy buena. El plato no se desplaza hacia delante si el cockpit est\u00e1 bien sujeto y, sobre todo, la sensaci\u00f3n de consistencia es buena. De una vuelta a otra, la fuerza necesaria para alcanzar el mismo nivel de frenada se mantiene constante. En sesiones largas, esto es lo que realmente ahorra tiempo y confianza.<\/p>\n<p>En las curvas, la transici\u00f3n del freno a la trazada es fluida. El acelerador tiene una resistencia moderada, es f\u00e1cil de controlar y tiene un punto de apoyo claro. No estamos hablando de un pedal ultra elaborado, pero la precisi\u00f3n es m\u00e1s que suficiente para gestionar la tracci\u00f3n a la salida de las curvas. En cuanto a la gesti\u00f3n precisa del deslizamiento, hay una clara sensaci\u00f3n de progreso en comparaci\u00f3n con las bielas de nivel b\u00e1sico.<\/p>\n<p>En los vibradores, la contribuci\u00f3n no viene del plato en s\u00ed, sino de la estabilidad general de la conducci\u00f3n que permite. El hecho de que puedas mantener la frenada bien ajustada cuando pasas por un vibrador sin pasarte de frenada por error es una verdadera ventaja. Puedes mantener el coche bajo control en lugar de estar sometido a \u00e9l. Ah\u00ed es donde la c\u00e9lula de carga realmente marca la diferencia.<\/p>\n<p>Para correcciones r\u00e1pidas, especialmente en GT o en monoplazas nerviosos, los pedales te siguen sin que tengas que luchar. Puedes soltar o recuperar r\u00e1pidamente el freno con buena precisi\u00f3n, sin preguntarte \"\u00bfa cu\u00e1ntos % voy ahora? El v\u00ednculo cerebro\/pierna se vuelve m\u00e1s directo, menos contaminado por la mec\u00e1nica.<\/p>\n<p>En comparaci\u00f3n con unas bielas b\u00e1sicas con potenci\u00f3metro, la ganancia de confianza es evidente. Bloqueas las ruedas menos a menudo en el momento equivocado, te atreves a frenar m\u00e1s tarde y, sobre todo, eres m\u00e1s constante. En comparaci\u00f3n con unas bielas de gama muy alta, se pierde un poco en t\u00e9rminos de finura, progresividad final y ajustes avanzados, pero la base es s\u00f3lida. Estamos en ese punto dulce en el que el placer y el rendimiento suben un pelda\u00f1o sin entrar en el territorio de los \"puristas definitivos\".<\/p>\n<p>En t\u00e9rminos de comodidad, el juego de bielas no cansa en exceso. La fuerza m\u00e1xima de frenado es regulable, por lo que puedes adaptarla a tus piernas y a tu ba\u00f1era. En las carreras largas, la regularidad del punto de frenado ayuda mucho: se necesita menos energ\u00eda mental para \"recalibrar\" el pie en cada vuelta. La inmersi\u00f3n gana en credibilidad. Tienes la impresi\u00f3n de estar en un coche que responde como se espera de \u00e9l, no en un juego que cambia las reglas en cada curva.<\/p>\n<h2>\u00bfA qui\u00e9n va dirigido? Puntos fuertes y limitaciones<\/h2>\n<p>El Fanatec CSL Elite Pedals V2 est\u00e1 claramente dirigido al simracer motivado, ya sea en PC o consola, que ya tiene un m\u00ednimo de configuraci\u00f3n y quiere llevar las cosas al siguiente nivel sin pasarse. Si vienes de una pedalera de pl\u00e1stico b\u00e1sica con un freno de carrera larga, la diferencia te explotar\u00e1 en la cara.<\/p>\n<p>Para los principiantes motivados que ya saben que quieren progresar en serio, es un excelente punto de partida, siempre que puedan aceptar un poco de tiempo para familiarizarse con el freno de c\u00e9lula de carga. Para los intermedios, es probablemente una de las mejoras m\u00e1s rentables que existen. Para un ciclista ya equipado con un juego de bielas de gama alta, obviamente tiene menos inter\u00e9s.<\/p>\n<p>Una de las cosas que m\u00e1s me gustan es la consistencia general de las bielas: construcci\u00f3n s\u00f3lida, freno de c\u00e9lula de carga utilizable, ajuste suficiente sin empantanarse en la complejidad. La relaci\u00f3n rendimiento\/tama\u00f1o es buena, y la integraci\u00f3n en el ecosistema Fanatec hace la vida m\u00e1s f\u00e1cil, especialmente en la consola. La experiencia de frenado es un verdadero salto adelante, y los tiempos por vuelta suelen seguir el ejemplo.<\/p>\n<p>En cuanto a las limitaciones, Fanatec se ha mantenido a distancia de sus bielas m\u00e1s premium. El acabado sigue estando un pelda\u00f1o por debajo de las referencias m\u00e1s altas de gama, y algunos simracers exigentes pueden encontrar el ajuste mec\u00e1nico del freno un poco limitado en comparaci\u00f3n con los sistemas m\u00e1s sofisticados. El embrague y el acelerador siguen siendo bastante convencionales, sin tecnolog\u00eda avanzada. Y para los usuarios ajenos al ecosistema Fanatec, la compatibilidad puede suponer compromisos o compras adicionales.<\/p>\n<p>En t\u00e9rminos de inversi\u00f3n, estamos hablando de un producto que cuesta m\u00e1s que una simple pedalera de iniciaci\u00f3n, pero que est\u00e1 m\u00e1s que justificado si te tomas en serio las carreras de simulaci\u00f3n. El aumento del control y la consistencia en las carreras realmente te da la sensaci\u00f3n de que est\u00e1s pagando por algo tangible, no solo por un artilugio.<\/p>\n<h2>Veredicto: los platos y bielas \"pivotantes\" para dar la vuelta a la tortilla<\/h2>\n<p>Los pedales Fanatec CSL Elite V2 aportan un cambio muy distintivo a la configuraci\u00f3n de sim racing, especialmente si vienes de una pedalera de un solo potenci\u00f3metro. El freno de c\u00e9lula de carga, la construcci\u00f3n met\u00e1lica r\u00edgida y los ajustes b\u00e1sicos bien pensados transforman la forma de gestionar la entrada en curva y la consistencia de la carrera. Puedes sentir que el plato te sigue cuando empiezas a acelerar el ritmo.<\/p>\n<p>En el mercado, se sit\u00faa claramente en la gama media seria, con una posici\u00f3n central entre la \"primera pedalera real\" y el equipo del entusiasta empedernido. No es un producto de nicho, sino uno que puede permanecer en una configuraci\u00f3n durante varios a\u00f1os sin dar la impresi\u00f3n de limitar el rendimiento.<\/p>\n<p>La recomiendo encarecidamente para simracers intermedios y principiantes ambiciosos, tanto en PC como en consola, especialmente si ya est\u00e1s en el ecosistema Fanatec o planeas quedarte all\u00ed. Para los puristas dispuestos a invertir mucho m\u00e1s, hay pedaleras m\u00e1s extremas, pero el precio no es el mismo.<\/p>\n<p>Si buscas unas bielas s\u00f3lidas y precisas, con un freno de c\u00e9lula de carga real y una relaci\u00f3n prestaciones\/precio coherente, estas bielas CSL Elite Pedals V2 pueden marcar claramente la diferencia en tu configuraci\u00f3n.<\/p>","protected":false},"excerpt":{"rendered":"<p>Esta pedalera me dio la sensaci\u00f3n de bloquear realmente la frenada y hacer la entrada en curva m\u00e1s natural y regular, sin quebraderos de cabeza. Tiene sentido para simracers motivados, en PC o consola, que quieran dar un verdadero paso adelante respecto a un plato b\u00e1sico. El conjunto sigue siendo coherente y pertinente como inversi\u00f3n a medio plazo.<\/p>","protected":false},"featured_media":101002,"comment_status":"open","ping_status":"closed","template":"","meta":{"_acf_changed":false,"_et_pb_use_builder":"","_et_pb_old_content":"","_et_gb_content_width":""},"product_brand":[158],"product_cat":[162],"product_tag":[149,159,160],"class_list":{"0":"post-101001","1":"product","2":"type-product","3":"status-publish","4":"has-post-thumbnail","6":"product_brand-fanatec","7":"product_cat-pedalier","8":"product_tag-pc","9":"product_tag-playstation","10":"product_tag-xbox","12":"first","13":"instock","14":"shipping-taxable","15":"product-type-external"},"acf":[],"_links":{"self":[{"href":"https:\/\/simracergear.com\/es\/wp-json\/wp\/v2\/product\/101001","targetHints":{"allow":["GET"]}}],"collection":[{"href":"https:\/\/simracergear.com\/es\/wp-json\/wp\/v2\/product"}],"about":[{"href":"https:\/\/simracergear.com\/es\/wp-json\/wp\/v2\/types\/product"}],"replies":[{"embeddable":true,"href":"https:\/\/simracergear.com\/es\/wp-json\/wp\/v2\/comments?post=101001"}],"wp:featuredmedia":[{"embeddable":true,"href":"https:\/\/simracergear.com\/es\/wp-json\/wp\/v2\/media\/101002"}],"wp:attachment":[{"href":"https:\/\/simracergear.com\/es\/wp-json\/wp\/v2\/media?parent=101001"}],"wp:term":[{"taxonomy":"product_brand","embeddable":true,"href":"https:\/\/simracergear.com\/es\/wp-json\/wp\/v2\/product_brand?post=101001"},{"taxonomy":"product_cat","embeddable":true,"href":"https:\/\/simracergear.com\/es\/wp-json\/wp\/v2\/product_cat?post=101001"},{"taxonomy":"product_tag","embeddable":true,"href":"https:\/\/simracergear.com\/es\/wp-json\/wp\/v2\/product_tag?post=101001"}],"curies":[{"name":"wp","href":"https:\/\/api.w.org\/{rel}","templated":true}]}}