{"id":101039,"date":"2025-05-15T07:59:00","date_gmt":"2025-05-15T07:59:00","guid":{"rendered":"https:\/\/simracergear.com\/products\/fanatec-csl-pedals-clutch-kit\/"},"modified":"2025-11-28T04:58:08","modified_gmt":"2025-11-28T04:58:08","slug":"fanatec-csl-pedals-clutch-kit","status":"publish","type":"product","link":"https:\/\/simracergear.com\/es\/products\/fanatec-csl-pedals-clutch-kit\/","title":{"rendered":"Kit Embrague Pedales Fanatec CSL"},"content":{"rendered":"<p>En el peque\u00f1o mundo de las carreras de simulaci\u00f3n de vuelo, el kit de embrague para pedales CSL de Fanatec desempe\u00f1a un papel muy espec\u00edfico: es la extensi\u00f3n que transforma la pedalera CSL b\u00e1sica en una unidad \"completa\" de tres pedales, con un pedal de embrague dedicado. No es un producto espectacular, pero s\u00ed un elemento clave en la transici\u00f3n de las levas a una gesti\u00f3n m\u00e1s realista de las salidas y los cambios de marcha.<\/p>\n<p>Este kit resulta atractivo por tres sencillas razones: su precio sigue siendo asequible dentro del ecosistema Fanatec, se integra perfectamente con el juego de bielas CSL original y te permite disfrutar de una experiencia m\u00e1s \"mec\u00e1nica\" sin saltar directamente a un juego de bielas con c\u00e9lula de carga de gama alta. Es una peque\u00f1a mejora, pero que tiene un gran impacto en la forma de conducir, especialmente en f\u00f3rmulas cl\u00e1sicas, GT o rally.<\/p>\n<p>Por mi parte, me fij\u00e9 especialmente en tres cosas: la calidad de construcci\u00f3n (porque un tercer pedal mal dise\u00f1ado puede arruinar toda la ergonom\u00eda del plato), la consistencia del tacto en comparaci\u00f3n con los dos pedales originales, y el inter\u00e9s real del juego, sobre todo en la salida, en el punta-tac\u00f3n y en la gesti\u00f3n del embrague en un coche manual. La idea es averiguar si este kit de embrague vale la pena en una configuraci\u00f3n CSL, o si ser\u00eda mejor ahorrar para una soluci\u00f3n m\u00e1s avanzada.<\/p>\n<h2>Dise\u00f1o y fabricaci\u00f3n<\/h2>\n<p>El kit de embrague para pedales Fanatec CSL utiliza exactamente el mismo lenguaje de dise\u00f1o que la pedalera CSL: marco y brazo met\u00e1licos, placa de pedal de acero, aspecto sobrio y ligeramente industrial. En la mano, la primera impresi\u00f3n es buena: es denso, sin juego par\u00e1sito y con una verdadera sensaci\u00f3n de rigidez. Una vez montado en el soporte, el pedal no se siente como un \"a\u00f1adido\", sino como parte de la unidad original.<\/p>\n<p>El acabado es coherente con el resto de la gama CSL: se trata de un modelo de entrada\/media gama, por lo que no hay piezas mecanizadas con acabado de joya, sino un conjunto limpio y funcional, por encima de las bielas de pl\u00e1stico que suelen encontrarse en los paquetes con volantes del mercado de masas. Los puntos de fijaci\u00f3n encajan bien, los ajustes son serios y nada cruje ni traquetea de forma preocupante.<\/p>\n<p>El tacto bajo los pies sigue siendo el t\u00edpico de los pedales de muelle: recorrido bastante largo, resistencia progresiva pero lineal, sin \"patada\" ni punto duro como el embrague de un deportivo. Para un kit dedicado a los embragues, algunos podr\u00edan esperar un tacto m\u00e1s pronunciado, con una zona de agarre m\u00e1s clara. Aqu\u00ed, nos quedamos con un pedal bastante uniforme, que tiene la ventaja de ser f\u00e1cil de manejar, pero un poco menos espectacular en t\u00e9rminos de realismo.<\/p>\n<p>Comparado con platos y bielas m\u00e1s serios, con embragues dedicados y mecanismos m\u00e1s sofisticados, este kit de embrague es obviamente m\u00e1s sencillo. Sin embargo, si lo comparo con los terceros pedales de los packs de pl\u00e1stico b\u00e1sicos, la ganancia en rigidez, estabilidad y durabilidad percibida es evidente. Se siente como una verdadera pieza de hardware, no como un fr\u00e1gil accesorio opcional.<\/p>\n<h2>Ajustes, personalizaci\u00f3n y compatibilidad<\/h2>\n<p>Este kit se instala f\u00edsicamente en la pedalera CSL b\u00e1sica. En cuanto al montaje, el procedimiento es sencillo: se fija el pedal al travesa\u00f1o, se conecta el cable a la peque\u00f1a tarjeta electr\u00f3nica suministrada y la pedalera es reconocida autom\u00e1ticamente como tres pedales por la base Fanatec. No hay men\u00fas dedicados al Clutch Kit en s\u00ed; todo se gestiona a trav\u00e9s de los ajustes habituales de la pedalera en los controladores Fanatec en el PC o a trav\u00e9s de la base en la consola.<\/p>\n<p>Las opciones de ajuste siguen en l\u00ednea con la l\u00f3gica CSL: posici\u00f3n lateral del pedal, inclinaci\u00f3n limitada mediante el ajuste de los puntos de fijaci\u00f3n y ligera variaci\u00f3n de la resistencia a trav\u00e9s del muelle y su precarga. No estamos hablando aqu\u00ed de ajustes avanzados como topes ajustables o cambios de curva mec\u00e1nicos, pero a\u00fan as\u00ed puedes adaptar la posici\u00f3n para lograr la posici\u00f3n tal\u00f3n-punta correcta y evitar acabar con un embrague demasiado descentrado.<\/p>\n<p>La curva de aprendizaje es bastante suave. Seguimos utilizando un embrague con sensor de posici\u00f3n, por lo que la dosificaci\u00f3n es muy f\u00e1cil de leer. Una vez que hayas ajustado el recorrido y calibrado el plato en los controladores, encontrar\u00e1s r\u00e1pidamente tu orientaci\u00f3n. Para alguien que venga de unas bielas de dos pedales sin embrague, es un ajuste r\u00e1pido. Lo importante son m\u00e1s los ajustes ergon\u00f3micos en el puesto de pilotaje que los ajustes de software.<\/p>\n<p>En t\u00e9rminos de compatibilidad, el kit de embrague sigue la pedalera CSL: PC sin problemas, consolas mediante bases Fanatec compatibles. Mientras la pedalera sea reconocida, tambi\u00e9n lo ser\u00e1 el embrague. La integraci\u00f3n en el ecosistema es completa: base CSL, Clubsport, varios volantes, palanca de cambios en H, freno de mano, etc. Este kit es claramente la puerta de entrada a una configuraci\u00f3n m\u00e1s \"manual\". Luego se puede pasar a un kit de c\u00e9lula de carga para el freno, o incluso cambiar el plato m\u00e1s adelante. Este kit de embrague no es un fin en s\u00ed mismo, sino un ladrillo intermedio coherente.<\/p>\n<h2>Sensaciones en juego<\/h2>\n<p>En la pista, lo primero que destaca es su consistencia. El pedal de embrague del Kit de embrague CSL ofrece un recorrido bastante largo y progresivo, lo que permite trabajar el punto de deslizamiento de forma limpia. Se nota claramente la posici\u00f3n del pie, sin tirones ni variaciones extra\u00f1as. Para los arranques en parado, es muy c\u00f3modo: puedes dosificar el embrague para evitar un deslizamiento excesivo, especialmente en los propulsores potentes.<\/p>\n<p>En las curvas, el embrague es f\u00e1cil de encontrar, incluso sin mirarlo, cuando se cambia con un cambio en H o secuencial. La fuerza requerida es moderada, lo que limita la fatiga del pie izquierdo en sesiones largas. No es el embrague que te va a romper la pierna despu\u00e9s de una hora de conducci\u00f3n de resistencia. Es m\u00e1s una herramienta eficaz que una reproducci\u00f3n ultra fiel de un embrague de competici\u00f3n.<\/p>\n<p>La consistencia del pedal ayuda mucho en las correcciones r\u00e1pidas, sobre todo cuando se reduce de marcha bruscamente al principio de una curva para estabilizar el tren trasero. Obtienes la misma resistencia, la misma sensaci\u00f3n, sea cual sea la situaci\u00f3n en la pista. Esta previsibilidad inspira confianza: sabes exactamente lo que va a hacer el embrague cuando lo pisas o cuando lo sueltas suavemente. Menos inc\u00f3gnitas, m\u00e1s concentraci\u00f3n en la trayectoria.<\/p>\n<p>Las lecturas de agarre siguen dependiendo principalmente de la informaci\u00f3n que transmite el volante y de la calidad del freno. Evidentemente, el embrague no transmite informaci\u00f3n sobre la adherencia en sentido estricto. Sin embargo, contribuye a la estabilidad general del coche al arrancar y al reducir marchas. Cuando la relaci\u00f3n de embrague est\u00e1 controlada, el bloqueo de las ruedas o la p\u00e9rdida de tracci\u00f3n son m\u00e1s previsibles. Es m\u00e1s f\u00e1cil entender lo que est\u00e1 haciendo el coche cuando se pisa el acelerador.<\/p>\n<p>El embrague del Kit de embrague CSL permanece bastante neutral en los vibradores. No hay vibraci\u00f3n transmitida a trav\u00e9s del pedal - ese no es su papel. Lo importante aqu\u00ed es que no haya rebotes ni movimientos indeseados del pie cuando pasas por encima de un vibrador mientras a\u00fan est\u00e1s soltando el embrague. En este sentido, la rigidez del plato evita las molestas deformaciones y conservas un control limpio.<\/p>\n<p>Comparado con un plato m\u00e1s b\u00e1sico de dos pedales sin embrague, la diferencia es clara en todas las disciplinas en las que la gesti\u00f3n del embrague es importante: rally, drifting, turismos cl\u00e1sicos, GT con arranque manual. Pasas de una conducci\u00f3n \"semi-arcade\" a algo m\u00e1s atractivo. Realmente sientes que conduces con tres extremidades activas, no s\u00f3lo con dos pies para acelerar y frenar.<\/p>\n<p>Comparado con un juego de bielas de gama m\u00e1s alta con punto duro o embrague multimuelle, el kit de embrague CSL es m\u00e1s sencillo y suave. Pierde un poco de \"car\u00e1cter\" mec\u00e1nico, pero gana en accesibilidad. La ventaja es que sigue siendo muy f\u00e1cil convivir con \u00e9l en el d\u00eda a d\u00eda: sin quebraderos de cabeza, sin comportamientos sorprendentes, s\u00f3lo un pedal de embrague coherente con el resto de las bielas.<\/p>\n<p>En sesiones largas, la ausencia de fatiga excesiva es un verdadero punto fuerte. La fuerza requerida sigue siendo razonable, la carrera c\u00f3moda y el retorno el\u00e1stico constante. Puedes hacer carrera tras carrera sin sentir el pie izquierdo sobrecargado o dolorido. Para un corredor de sim que corre varias horas a la semana, este es un detalle que cuenta.<\/p>\n<h2>\u00bfA qui\u00e9n va dirigido? Lo que nos gusta \/ Lo que no nos gusta<\/h2>\n<p>El kit de embrague con pedales CSL de Fanatec est\u00e1 dirigido principalmente a los pilotos de simulaci\u00f3n de carreras equipados con una pedalera CSL de dos pedales, que empiezan a sentirse agobiados s\u00f3lo con las levas del volante. Perfil t\u00edpico: principiante motivado o intermedio serio, que conduce mucho en PC o consola con coches manuales o semimanuales, y que quiere llevar la inmersi\u00f3n al siguiente nivel sin disparar su presupuesto.<\/p>\n<p>Lo que funciona bien es la integraci\u00f3n natural en la pedalera CSL: mismo material, misma l\u00f3gica, misma sensaci\u00f3n general. Lo instalas, lo ajustas y tienes un conjunto coherente, robusto y agradable. La fiabilidad percibida es buena, la rigidez tranquilizadora y la experiencia global muy superior a la de las bielas de iniciaci\u00f3n para el gran p\u00fablico. Otro punto a favor es la facilidad de uso. El embrague se maneja muy r\u00e1pidamente, la dosificaci\u00f3n es f\u00e1cil de leer y los arranques son inmediatamente m\u00e1s controlados. Por \u00faltimo, la relaci\u00f3n calidad-precio del ecosistema Fanatec es atractiva: por un precio moderado, puedes desbloquear una nueva dimensi\u00f3n de la conducci\u00f3n.<\/p>\n<p>Por otro lado, hay que tener en cuenta algunas limitaciones. En t\u00e9rminos puramente de \"sensaci\u00f3n de embrague realista\", el kit de embrague sigue siendo relativamente lineal. No se consigue ese famoso agarre duro que se encuentra en platos y bielas m\u00e1s ambiciosos. Aquellos que busquen una sensaci\u00f3n muy cercana a la de un coche de carretera deportivo o de carreras se sentir\u00e1n decepcionados. Otro punto: las opciones de ajuste f\u00edsico siguen siendo bastante b\u00e1sicas. Se puede ajustar la posici\u00f3n y un poco la resistencia, pero no se puede ir muy lejos en t\u00e9rminos de personalizaci\u00f3n. Por \u00faltimo, este kit tiene un lado muy espec\u00edfico del ecosistema Fanatec: est\u00e1s invirtiendo en una pieza que s\u00f3lo tiene sentido si te quedas con ella. A largo plazo, habr\u00e1 quien prefiera gastarse m\u00e1s dinero en un juego de bielas completo y evolutivo.<\/p>\n<p>En t\u00e9rminos de inversi\u00f3n, el valor percibido depende mucho del uso que le des. Si conduce principalmente coches de paletas, el inter\u00e9s es limitado. Si usted pasa horas en H-patrones, rallyes o coches de \u00e9poca, este kit de embrague se convierte en una compra muy rentable, lo que mejorar\u00e1 la calidad de su conducci\u00f3n.<\/p>\n<h2>Veredicto<\/h2>\n<p>El kit de embrague de pedales Fanatec CSL no transforma una configuraci\u00f3n, pero la completa de forma inteligente. Toma una pedalera CSL ya decente y a\u00f1ade el ladrillo que falta para una experiencia de conducci\u00f3n a tres pedales cre\u00edble. El impacto es m\u00e1s evidente en la forma de manejar los arranques, las reducciones y todo lo dem\u00e1s que tiene que ver con la sensaci\u00f3n \"mec\u00e1nica\" de la conducci\u00f3n.<\/p>\n<p>En el mercado, este kit es claramente una soluci\u00f3n de gama media con una buena relaci\u00f3n calidad-precio, m\u00e1s que un producto premium ultrarrealista. Est\u00e1 dirigido a aquellos que quieren dar un paso m\u00e1s all\u00e1 del equipo b\u00e1sico, sin tener que aspirar necesariamente a una pedalera de competici\u00f3n. Para los usuarios ya establecidos en el ecosistema Fanatec, la elecci\u00f3n es l\u00f3gica.<\/p>\n<p>No se lo recomendar\u00eda a alguien que prefiera los coches modernos con levas y casi nunca toque una palanca de cambios. En ese caso, el dinero estar\u00eda mejor invertido en otra cosa, en un freno mejor o en un volante mejor. Por otro lado, si conduces a menudo modelos H, GTs cl\u00e1sicos, coches de rally o coches de drift, este kit de embrague podr\u00eda marcar claramente la diferencia en tu configuraci\u00f3n.<\/p>","protected":false},"excerpt":{"rendered":"<p>Este kit aporta una ganancia real en inmersi\u00f3n y control al utilizar un cambio de marchas y coches manuales: los arranques y las reducciones se vuelven m\u00e1s limpios y suaves. Es especialmente \u00fatil para los pilotos de sim racers ya equipados con un juego de bielas de dos pedales CSL, que a menudo corren con coches H, GT cl\u00e1sicos, de rally o de drift. La relaci\u00f3n precio\/utilidad es coherente dentro del ecosistema Fanatec.<\/p>","protected":false},"featured_media":101040,"comment_status":"open","ping_status":"closed","template":"","meta":{"_acf_changed":false,"_et_pb_use_builder":"","_et_pb_old_content":"","_et_gb_content_width":""},"product_brand":[158],"product_cat":[153],"product_tag":[149,159,160],"class_list":{"0":"post-101039","1":"product","2":"type-product","3":"status-publish","4":"has-post-thumbnail","6":"product_brand-fanatec","7":"product_cat-accessoires","8":"product_tag-pc","9":"product_tag-playstation","10":"product_tag-xbox","12":"first","13":"instock","14":"shipping-taxable","15":"product-type-external"},"acf":[],"_links":{"self":[{"href":"https:\/\/simracergear.com\/es\/wp-json\/wp\/v2\/product\/101039","targetHints":{"allow":["GET"]}}],"collection":[{"href":"https:\/\/simracergear.com\/es\/wp-json\/wp\/v2\/product"}],"about":[{"href":"https:\/\/simracergear.com\/es\/wp-json\/wp\/v2\/types\/product"}],"replies":[{"embeddable":true,"href":"https:\/\/simracergear.com\/es\/wp-json\/wp\/v2\/comments?post=101039"}],"wp:featuredmedia":[{"embeddable":true,"href":"https:\/\/simracergear.com\/es\/wp-json\/wp\/v2\/media\/101040"}],"wp:attachment":[{"href":"https:\/\/simracergear.com\/es\/wp-json\/wp\/v2\/media?parent=101039"}],"wp:term":[{"taxonomy":"product_brand","embeddable":true,"href":"https:\/\/simracergear.com\/es\/wp-json\/wp\/v2\/product_brand?post=101039"},{"taxonomy":"product_cat","embeddable":true,"href":"https:\/\/simracergear.com\/es\/wp-json\/wp\/v2\/product_cat?post=101039"},{"taxonomy":"product_tag","embeddable":true,"href":"https:\/\/simracergear.com\/es\/wp-json\/wp\/v2\/product_tag?post=101039"}],"curies":[{"name":"wp","href":"https:\/\/api.w.org\/{rel}","templated":true}]}}