{"id":101050,"date":"2025-05-15T07:59:00","date_gmt":"2025-05-15T07:59:00","guid":{"rendered":"https:\/\/simracergear.com\/products\/fanatec-csl-pedals-lc\/"},"modified":"2025-11-28T04:58:41","modified_gmt":"2025-11-28T04:58:41","slug":"fanatec-csl-pedals-lc","status":"publish","type":"product","link":"https:\/\/simracergear.com\/es\/products\/fanatec-csl-pedals-lc\/","title":{"rendered":"Pedales Fanatec CSL LC"},"content":{"rendered":"<p>En el peque\u00f1o mundo de las bielas de simulaci\u00f3n de carreras, la Fanatec CSL Pedals LC ocupa un lugar muy especial: suele ser la primera biela \"seria\" con una c\u00e9lula de carga accesible, la que te lleva de una configuraci\u00f3n b\u00e1sica a algo mucho m\u00e1s cre\u00edble. Por encima de todo, promete una cosa: transformar la frenada y, por tanto, los tiempos por vuelta, sin necesidad de un cockpit de competici\u00f3n ni de un presupuesto disparatado.<\/p>\n<p>Por mi parte, lo enfoco desde un \u00e1ngulo muy simple: \u00bfofrece esta pedalera una ganancia real en consistencia, precisi\u00f3n y confianza en comparaci\u00f3n con los pedales de potenci\u00f3metro b\u00e1sicos? \u00bfResiste el paso del tiempo sin convertirse en un nido de juegos mec\u00e1nicos y crujidos extra\u00f1os? Y, sobre todo, \u00bfmerece permanecer en el centro de una configuraci\u00f3n en evoluci\u00f3n, o es s\u00f3lo un punto de parada antes de apuntar m\u00e1s alto?<\/p>\n<p>CSL Pedals LC es atractivo porque promete frenada por presi\u00f3n, igual que en competici\u00f3n, en un formato compacto compatible con PC y consola, e integrado en el ecosistema Fanatec. En resumen: una mejora importante de las sensaciones, con una barrera de entrada razonable. La cuesti\u00f3n es si realmente ofrece este salto cualitativo, o si la diferencia con las bielas de gama superior sigue siendo demasiado grande.<\/p>\n<h2>Dise\u00f1o y fabricaci\u00f3n<\/h2>\n<p>Al sacar el CSL Pedals LC de su caja, la primera impresi\u00f3n es tranquilizadora: estructura met\u00e1lica, acabado negro mate, aspecto sobrio pero no barato. Los brazos de los pedales son de acero y la base parece densa, sin flexi\u00f3n evidente. Se nota que el producto se dirige claramente a la gama media seria, lejos del pl\u00e1stico de juguete, pero sin llegar al desenfreno del aluminio mecanizado que se encuentra en las pedaleras de gama muy alta.<\/p>\n<p>Lo que llama la atenci\u00f3n de inmediato es la sencillez del dise\u00f1o. No hay piezas innecesarias, ni cubiertas superfluas, todo est\u00e1 bastante despejado. En la mano, los pedales inspiran confianza: no chirr\u00edan ni suenan huecos, y la mec\u00e1nica destila robustez. No da la impresi\u00f3n de que vaya a saltar un muelle a la primera frenada fuerte y ligeramente agresiva. Con un puesto de conducci\u00f3n decente, el conjunto se mantiene firmemente en su sitio y la rigidez general es satisfactoria para este segmento de precio.<\/p>\n<p>Sin embargo, hay algunos compromisos notables. Los pedales son relativamente estrechos, el recorrido original es bastante corto y algunas de las piezas secundarias son un poco m\u00e1s \"producto industrial de coste optimizado\" que \"joya mecanizada\". No es feo, pero se nota claramente la diferencia con platos y bielas de aluminio macizo o construcciones m\u00e1s modulares. Pero sigue estando muy por encima de lo que encontrar\u00edas en un paquete b\u00e1sico con volante.<\/p>\n<p>En comparaci\u00f3n con otras bielas de gama b\u00e1sica\/media, la sensaci\u00f3n general es la de un producto m\u00e1s serio que la media, sin llegar a la gama alta. Hay un bloque de metal real, una c\u00e9lula de carga bien integrada y una geometr\u00eda que inmediatamente parece m\u00e1s de \"simulaci\u00f3n de carreras\" que de \"accesorio de consola\".<\/p>\n<h2>Ajustes, personalizaci\u00f3n y compatibilidad<\/h2>\n<p>En t\u00e9rminos de ajustes f\u00edsicos, el CSL Pedals LC es relativamente sencillo pero eficaz. Puedes ajustar la posici\u00f3n lateral de los pedales, la distancia entre ellos y jugar con el \u00e1ngulo para encontrar una posici\u00f3n c\u00f3moda del pie. El freno de c\u00e9lula de carga cuenta con diferentes compuestos de caucho y un muelle para ajustar la dureza y la progresividad. No es infinitamente personalizable, pero es m\u00e1s que suficiente para la mayor\u00eda de los usuarios.<\/p>\n<p>La verdadera clave es la calibraci\u00f3n y los ajustes en el software de Fanatec. En un PC, a trav\u00e9s de Fanalab o del controlador, se puede ajustar la sensibilidad de la c\u00e9lula de carga, determinar qu\u00e9 nivel de presi\u00f3n corresponde a 100 % de freno y adaptar la curva de respuesta. En la primera sesi\u00f3n se tarda un poco en encontrar el compromiso adecuado: resistencia suficiente para poder dosificar, sin sufrir calambres despu\u00e9s de algunas vueltas. Una vez que le has cogido el truco, apenas puedes tocar nada m\u00e1s.<\/p>\n<p>En una consola, se pierde parte de la delicadeza de los ajustes de software, pero la pedalera sigue siendo totalmente utilizable cuando se conecta a una base Fanatec compatible. El freno sigue siendo ajustable a trav\u00e9s de los men\u00fas de la base y, en la pr\u00e1ctica, pronto se consigue algo coherente en el juego. El ecosistema Fanatec desempe\u00f1a aqu\u00ed un verdadero papel: volante, bielas, palanca de cambios, todo habla entre s\u00ed sin necesidad de retoques.<\/p>\n<p>En t\u00e9rminos de compatibilidad, la pedalera est\u00e1 dirigida principalmente a quienes montan con una base Fanatec, pero tambi\u00e9n puede utilizarse en un PC mediante USB directo, lo que abre la puerta a otras bases de otras marcas. Desde ese punto de vista, puede servir como un s\u00f3lido punto de entrada en el mundo de las carreras de simulaci\u00f3n, sin dejar de ser relevante para una configuraci\u00f3n en evoluci\u00f3n. No es un plato ultramodular, pero para su segmento, cumple con lo esencial sin convertirse en un quebradero de cabeza.<\/p>\n<h2>Sensaciones en juego<\/h2>\n<p>Es en la pista virtual donde el CSL Pedals LC demuestra realmente de lo que es capaz. El freno de c\u00e9lula de carga cambia tu forma de conducir. Ya no piensas en t\u00e9rminos de \"cu\u00e1nto piso el pedal\", sino en t\u00e9rminos de \"cu\u00e1nta presi\u00f3n aplico\". Este cambio mental hace que la conducci\u00f3n sea m\u00e1s natural. Te encuentras frenando como en un coche de verdad: presionas, sientes la resistencia, modulas. El cerebro entiende instant\u00e1neamente este lenguaje.<\/p>\n<p>En la entrada en curva, la precisi\u00f3n es mucho mayor que la de un freno de potenci\u00f3metro est\u00e1ndar. Realmente puedes estabilizar una presi\u00f3n de frenado intermedia, mantener una ligera frenada en frenada trail y soltar gradualmente sin ning\u00fan efecto de umbral repentino. Donde un plato b\u00e1sico suele dar la impresi\u00f3n de frenar \"on\/off\", aqu\u00ed obtienes matices. Obtienes una mejor sensaci\u00f3n de d\u00f3nde est\u00e1 el l\u00edmite de bloqueo, especialmente en las simulaciones m\u00e1s exigentes.<\/p>\n<p>En t\u00e9rminos de agarre, la combinaci\u00f3n freno + pedal del acelerador cumple su funci\u00f3n. El freno transmite bien las variaciones de agarre a trav\u00e9s de la presi\u00f3n necesaria. Se ve claramente cuando los neum\u00e1ticos empiezan a saturarse: el coche se vuelve m\u00e1s ligero, el volante reacciona y la presi\u00f3n \u00f3ptima es m\u00e1s f\u00e1cil de identificar y repetir. Se gana confianza vuelta tras vuelta. Este es el tipo de pedal que te ayuda a ser m\u00e1s constante, no s\u00f3lo m\u00e1s r\u00e1pido en una vuelta perfecta.<\/p>\n<p>En los vibradores, no son los pedales los que cuentan toda la historia, sino la interacci\u00f3n con el volante. Por otro lado, la estabilidad que ofrece al frenar, incluso cuando muerdes los bordillos con demasiada fuerza, evita muchos errores de bulto. Mantienes el pie en el pedal del freno, la presi\u00f3n es controlada y el coche permanece m\u00e1s bajo control. Para correcciones r\u00e1pidas en caso de bloqueo de una rueda o de una entrada ligeramente demasiado optimista, la c\u00e9lula de carga permite microajustes muy r\u00e1pidos. Apenas levantas la presi\u00f3n, el coche vuelve a alinearse, vuelves a presionar. Este tipo de finura es mucho m\u00e1s complicada con un potenci\u00f3metro convencional.<\/p>\n<p>En sesiones largas, la experiencia depende del ajuste de dureza que elijas. Con un freno muy firme, se obtiene una sensaci\u00f3n m\u00e1s \"racing\", pero la pierna puede cansarse en carreras largas. Con un ajuste ligeramente m\u00e1s blando, conservas la precisi\u00f3n sin estropear la pantorrilla. En general, una vez que has encontrado el compromiso adecuado, el juego de bielas se mantiene c\u00f3modo durante largas sesiones, y la consistencia de la c\u00e9lula de carga te ayuda a reproducir las mismas presiones vuelta tras vuelta. De lo que estamos hablando aqu\u00ed es de una consistencia que realmente se nota en los tiempos por vuelta.<\/p>\n<p>En comparaci\u00f3n con unas bielas de gama a\u00fan m\u00e1s alta (con una c\u00e9lula de carga o un sistema hidr\u00e1ulico m\u00e1s avanzados), las CSL Pedals LC quedan obviamente superadas en t\u00e9rminos de refinamiento, progresividad y sensaci\u00f3n de \"bloque\" bajo los pies. Pero comparado con un juego de bielas est\u00e1ndar, el salto es enorme. Pasas de un control aproximado a una herramienta que realmente te permite trabajar la frenada como una habilidad en s\u00ed misma. Ah\u00ed es donde los pedales cambian la experiencia de juego.<\/p>\n<h2>\u00bfA qui\u00e9n va dirigido? Lo que nos gusta \/ Lo que no nos gusta<\/h2>\n<p>Los pedales CSL LC est\u00e1n dirigidos principalmente a corredores de simulaci\u00f3n motivados, ya sean principiantes avanzados o intermedios, que quieran dar un claro paso adelante con respecto a los pedales originales. En PC, est\u00e1 pensado tanto para los que corren en simulaciones de \u00faltima generaci\u00f3n como para los jugadores m\u00e1s ocasionales que quieren divertirse sin gastarse un dineral. En consolas, es una muy buena opci\u00f3n para acompa\u00f1ar a una base Fanatec y salir del todo en uno b\u00e1sico.<\/p>\n<p>Lo que me gusta especialmente es la relaci\u00f3n calidad\/precio. La mejora en la frenada es clara y tangible, y se traduce en vueltas m\u00e1s limpias. En segundo lugar, la construcci\u00f3n met\u00e1lica da una impresi\u00f3n real de producto serio, capaz de soportar un uso intensivo sin inmutarse. Por \u00faltimo, la compatibilidad con el ecosistema Fanatec y la posibilidad de utilizarlo a trav\u00e9s de USB en un PC lo hacen lo suficientemente vers\u00e1til como para adaptarse a una configuraci\u00f3n cambiante. Uno tiene la sensaci\u00f3n de estar invirtiendo en algo que tiene sentido a medio plazo.<\/p>\n<p>Pero hay l\u00edmites claros. La ajustabilidad sigue siendo m\u00e1s limitada que en las bielas de gama m\u00e1s alta: no se puede ajustar todo al mil\u00edmetro ni transformar por completo la sensaci\u00f3n del freno. La dureza m\u00e1xima, incluso con las pisadas m\u00e1s firmes, sigue estando por debajo de la de los pedales de competici\u00f3n o de las bielas puramente orientadas al eSport, lo que puede dejar con ganas de m\u00e1s a los puristas que buscan sensaciones ultra firmes. Por \u00faltimo, el acelerador y el embrague son decentes, pero menos llamativos: cumplen su funci\u00f3n, sin ofrecer la misma sensaci\u00f3n de salto cualitativo que el freno.<\/p>\n<p>En t\u00e9rminos de valor percibido, el CSL Pedals LC es una inversi\u00f3n inteligente para aquellos que quieren poner su dinero donde est\u00e1 su boca. En una configuraci\u00f3n de sim racing, el freno suele ser el elemento que m\u00e1s progresa. Aqu\u00ed, la relaci\u00f3n entre lo que gastas y lo que ganas en consistencia est\u00e1 claramente a tu favor, siempre que aceptes que no es la \u00faltima palabra en realismo absoluto.<\/p>\n<h2>Veredicto<\/h2>\n<p>La pedalera Fanatec CSL LC aporta un cambio muy concreto a la configuraci\u00f3n: el frenado se convierte en una herramienta precisa y reproducible, y deja de ser un punto d\u00e9bil que hay que aguantar. Es una pedalera que estructura el resto de la configuraci\u00f3n, especialmente si vienes de un conjunto b\u00e1sico. Se puede ver como la piedra angular de una configuraci\u00f3n de sim racing seria, sin pasarse.<\/p>\n<p>En el mercado, se posiciona claramente en la gama media, con una orientaci\u00f3n rendimiento\/precio muy coherente. No pretende competir con las bielas full aluminium ultraconfigurables, pero ofrece una c\u00e9lula de carga realmente eficiente, una construcci\u00f3n s\u00f3lida y una integraci\u00f3n limpia en un ecosistema ya bien establecido.<\/p>\n<p>Lo recomendar\u00eda a los pilotos de simulaci\u00f3n de carreras que quieran dar un verdadero salto adelante en t\u00e9rminos de frenado, sin reorganizar todo su espacio ni romper su presupuesto. Para los puristas empedernidos que buscan sensaciones ultra firmes y una amplia personalizaci\u00f3n mec\u00e1nica, existen opciones m\u00e1s extremas, pero tambi\u00e9n considerablemente m\u00e1s caras y exigentes en t\u00e9rminos de habit\u00e1culo.<\/p>\n<p>Si buscas un frenado m\u00e1s preciso, m\u00e1s consistente y m\u00e1s natural sin pasarte de presupuesto, este juego de bielas puede marcar claramente la diferencia en tu configuraci\u00f3n.<\/p>","protected":false},"excerpt":{"rendered":"<p>Este juego de bielas cambia realmente tu forma de frenar: ganas en precisi\u00f3n, consistencia y confianza vuelta tras vuelta, especialmente si vienes de un juego original. Tiene sentido para los corredores de simulaci\u00f3n motivados, en PC o consola, que quieren un gran paso adelante sin ir al tope de la gama. En general, la relaci\u00f3n calidad-precio es muy coherente.<\/p>","protected":false},"featured_media":101051,"comment_status":"open","ping_status":"closed","template":"","meta":{"_acf_changed":false,"_et_pb_use_builder":"","_et_pb_old_content":"","_et_gb_content_width":""},"product_brand":[158],"product_cat":[162],"product_tag":[149,159,160],"class_list":{"0":"post-101050","1":"product","2":"type-product","3":"status-publish","4":"has-post-thumbnail","6":"product_brand-fanatec","7":"product_cat-pedalier","8":"product_tag-pc","9":"product_tag-playstation","10":"product_tag-xbox","12":"first","13":"instock","14":"shipping-taxable","15":"product-type-external"},"acf":[],"_links":{"self":[{"href":"https:\/\/simracergear.com\/es\/wp-json\/wp\/v2\/product\/101050","targetHints":{"allow":["GET"]}}],"collection":[{"href":"https:\/\/simracergear.com\/es\/wp-json\/wp\/v2\/product"}],"about":[{"href":"https:\/\/simracergear.com\/es\/wp-json\/wp\/v2\/types\/product"}],"replies":[{"embeddable":true,"href":"https:\/\/simracergear.com\/es\/wp-json\/wp\/v2\/comments?post=101050"}],"wp:featuredmedia":[{"embeddable":true,"href":"https:\/\/simracergear.com\/es\/wp-json\/wp\/v2\/media\/101051"}],"wp:attachment":[{"href":"https:\/\/simracergear.com\/es\/wp-json\/wp\/v2\/media?parent=101050"}],"wp:term":[{"taxonomy":"product_brand","embeddable":true,"href":"https:\/\/simracergear.com\/es\/wp-json\/wp\/v2\/product_brand?post=101050"},{"taxonomy":"product_cat","embeddable":true,"href":"https:\/\/simracergear.com\/es\/wp-json\/wp\/v2\/product_cat?post=101050"},{"taxonomy":"product_tag","embeddable":true,"href":"https:\/\/simracergear.com\/es\/wp-json\/wp\/v2\/product_tag?post=101050"}],"curies":[{"name":"wp","href":"https:\/\/api.w.org\/{rel}","templated":true}]}}