{"id":101093,"date":"2025-05-15T08:00:00","date_gmt":"2025-05-15T08:00:00","guid":{"rendered":"https:\/\/simracergear.com\/products\/fanatec-csl-steering-wheel-r300-v2\/"},"modified":"2025-11-28T05:01:11","modified_gmt":"2025-11-28T05:01:11","slug":"fanatec-csl-steering-wheel-r300-v2","status":"publish","type":"product","link":"https:\/\/simracergear.com\/es\/products\/fanatec-csl-steering-wheel-r300-v2\/","title":{"rendered":"Volante Fanatec CSL R300 V2"},"content":{"rendered":"<h2>Fanatec CSL Volante R300 V2: mi opini\u00f3n tras la prueba<\/h2>\n<p>El volante Fanatec CSL R300 V2 es claramente un volante \"club sport light\" en el ecosistema de la marca. No es un volante b\u00e1sico para principiantes, ni un volante GT de gama alta. Est\u00e1 dirigido a este segmento tan solicitado: un verdadero volante redondo de carreras, compatible con Direct Drive, a un precio que sigue siendo razonable en comparaci\u00f3n con los monstruos de la gama.<\/p>\n<p>Sobre el papel, promete un combo bastante atractivo: di\u00e1metro realista para carretera \/ GT, construcci\u00f3n seria, amplia compatibilidad (PC y consolas en funci\u00f3n de la base utilizada) y, sobre todo, una interfaz moderna gracias al QR2 Lite. En resumen, un volante dise\u00f1ado para aquellos que quieren llevar su paquete CSL un nivel superior, sin soplar su presupuesto en un ClubSport o Podium.<\/p>\n<p>Mi \u00e1ngulo de an\u00e1lisis es simple: sensaci\u00f3n en la mano, calidad percibida, comodidad en el juego y coherencia general en una configuraci\u00f3n Fanatec moderna. \u00bfAporta realmente el R300 V2 algo a los volantes CSL originales? \u00bfSe siente realmente la diferencia en una base Direct Drive, o es s\u00f3lo un aro m\u00e1s bonito? <\/p>\n<p>La idea es ver si este volante merece su lugar como \"conductor diario\" para el simracer de PC\/consola que juega a menudo, durante mucho tiempo, y busca un volante vers\u00e1til, fiable y agradable.<\/p>\n<h2>Dise\u00f1o, fabricaci\u00f3n y tacto<\/h2>\n<p>El volante CSL R300 V2 se basa en una receta bastante est\u00e1ndar de Fanatec: un aro redondo de unos 30 cm de largo, recubierto de alc\u00e1ntara o imitaci\u00f3n de cuero seg\u00fan la variante, montado en un buje simplificado compatible con QR2 Lite. Lo primero que llama la atenci\u00f3n en la mano es el equilibrio entre di\u00e1metro, grosor de la empu\u00f1adura y peso. Es lo suficientemente ligera como para no asfixiar una base CSL DD, pero lo suficientemente densa como para no parecer un juguete.<\/p>\n<p>El revestimiento es agradable, sobre todo si llevas guantes. La alc\u00e1ntara proporciona un tacto m\u00e1s racing, ligeramente \"pegajoso\" sin ser agresivo. Con las manos desnudas, tendr\u00e1s que aceptar que envejecer\u00e1 un poco m\u00e1s r\u00e1pido, como siempre ocurre con este material. Las costuras son limpias y regulares, sin un molesto grosor extra alrededor de los pulgares. Se nota que el proceso de fabricaci\u00f3n ha sido industrializado pero controlado: nada se mueve, no hay holguras ni crujidos.<\/p>\n<p>La rigidez del aro es muy buena. Cuando se carga sobre una base Direct Drive, no se dobla de forma perceptible, ni siquiera con fuertes golpes en las correcciones. No estamos hablando de la rigidez absoluta de un volante de metal macizo de gama alta, pero para este segmento de precio, la estructura aguanta bien. Los radios son lo suficientemente fuertes como para soportar un FFB sostenido sin una flexi\u00f3n exagerada.<\/p>\n<p>La decepci\u00f3n viene m\u00e1s de los componentes de pl\u00e1stico del buje CSL, especialmente si tenemos en cuenta los bujes superiores de la marca. El QR2 Lite compuesto hace su trabajo, pero da una sensaci\u00f3n ligeramente menos premium cuando se monta\/desmonta que un QR2 completamente met\u00e1lico. Nada dram\u00e1tico en juego, pero cuando manejas a menudo el volante, te gustar\u00eda una sensaci\u00f3n mec\u00e1nica ligeramente m\u00e1s honesta.<\/p>\n<p>En comparaci\u00f3n con los volantes de bulto peque\u00f1o o las llantas m\u00e1s ligeras tipo P1, el R300 V2 tiene claramente m\u00e1s presencia. En la mano, el R300 V2 se siente como un aut\u00e9ntico volante de coche deportivo o GT. Puedes agarrarlo con naturalidad a las 9.15, los pulgares est\u00e1n bien colocados y tienes suficiente material para jugar con la fuerza de tus manos sin cansarte demasiado r\u00e1pido.<\/p>\n<h2>Ajustes, personalizaci\u00f3n y compatibilidad<\/h2>\n<p>En t\u00e9rminos de configuraci\u00f3n, el R300 V2 sigue siendo un volante relativamente sencillo. No hay necesidad de demasiados botones o pantallas, s\u00f3lo lo esencial para la mayor\u00eda de los usos. Los botones est\u00e1n bien situados para que puedas alcanzarlos con los pulgares sin soltar la empu\u00f1adura principal. El clic es limpio, no demasiado fuerte, con la cantidad justa de retroalimentaci\u00f3n para que no lo pulses por error durante una fase de tensi\u00f3n.<\/p>\n<p>La clave es la integraci\u00f3n en el ecosistema Fanatec. En una base CSL DD o ClubSport DD, el volante se reconoce inmediatamente, y los ajustes cl\u00e1sicos se encuentran a trav\u00e9s del men\u00fa de la base o del software del PC. Los preajustes de la base siguen siendo v\u00e1lidos, y el volante no a\u00f1ade una capa de software compleja. Ajustas la fuerza, la linealidad, los filtros FFB y los topes de rotaci\u00f3n seg\u00fan el tipo de simu, y ya est\u00e1. As\u00ed que la curva de aprendizaje es muy suave: si ya est\u00e1s familiarizado con Fanatec, no te sentir\u00e1s fuera de lugar.<\/p>\n<p>La personalizaci\u00f3n es m\u00e1s una cuesti\u00f3n de uso: puedes adaptar el \u00e1ngulo de giro para pasar de una sensaci\u00f3n GT a algo m\u00e1s cercano a un coche de carretera, o por el contrario restringir el giro para drifting o rally. El di\u00e1metro relativamente est\u00e1ndar del R300 V2 hace que se encuentre como en casa en todas estas situaciones, incluso si se siente m\u00e1s a gusto en la pista \/ GT que en monoplazas.<\/p>\n<p>La compatibilidad con PC y consolas depende obviamente de la base. Conectado a una base compatible con Xbox, el volante pasa a ser utilizable en esa plataforma, y lo mismo ocurre con PlayStation con la base adecuada. Desde este punto de vista, el R300 V2 no limita al usuario: sigue el ecosistema, sin ning\u00fan bloqueo adicional.<\/p>\n<p>En t\u00e9rminos de capacidad de actualizaci\u00f3n, lo veo como una parte realmente duradera de una configuraci\u00f3n Fanatec. El QR2 Lite ya funciona muy bien con vainas recientes, y si m\u00e1s adelante cambias a un QR2 met\u00e1lico, puedes conservar tu volante sin preocupaciones. Puedes actualizar el resto (pedales, cambio, freno de mano, cockpit) manteniendo este R300 V2 durante mucho tiempo como tu volante principal o secundario. Funciona muy bien como primer volante redondo \"real\" serio en un ecosistema Direct Drive.<\/p>\n<h2>Sensaciones de juego: qu\u00e9 cambia realmente el R300 V2<\/h2>\n<p>Una vez en la pista, el R300 V2 revela r\u00e1pidamente su personalidad. Sobre una base CSL DD-type Direct Drive, la primera sensaci\u00f3n es la claridad de la respuesta. El di\u00e1metro y el peso del aro ofrecen un buen compromiso: conserva la capacidad de respuesta y la velocidad de las bases modernas, sin caer en un volante demasiado ligero que pierde matices.<\/p>\n<p>En curvas r\u00e1pidas, se percibe muy bien la acumulaci\u00f3n gradual de carga aerodin\u00e1mica del coche. El volante ofrece una resistencia natural, no artificial, con un aumento fluido del par a medida que aumenta la carga sobre el eje delantero. Es f\u00e1cil leer lo que ocurre bajo los neum\u00e1ticos: el inicio del subviraje, un ligero aligeramiento de la parte trasera, una ligera transici\u00f3n en la transferencia de masas. Es f\u00e1cil ver lo que est\u00e1 haciendo el coche.<\/p>\n<p>La lectura del agarre es especialmente interesante en las fases de media curva y media aceleraci\u00f3n. El volante transmite bien las microvariaciones de tracci\u00f3n, ese peque\u00f1o temblor cuando el neum\u00e1tico busca agarre a la salida de una curva. En comparaci\u00f3n con un volante b\u00e1sico m\u00e1s ligero, las se\u00f1ales son m\u00e1s sutiles: menos \"brutas\", m\u00e1s matizadas, lo que te da m\u00e1s confianza para empujar gradualmente sin que te sorprenda.<\/p>\n<p>En los vibradores, el comportamiento depende mucho de los ajustes FFB y de la simulaci\u00f3n, pero el R300 V2 se maneja bien. La llanta no resuena desagradablemente, y el agarre no 'abofetea' en las manos. Se nota claramente la granulometr\u00eda de los vibradores agresivos, pero se mantiene bajo control, sin vibraciones par\u00e1sitas. Es limpio, n\u00edtido y f\u00e1cil de leer. En las rectas bacheadas, el volante se mueve lo suficiente para recordarte que la pista no es lisa, pero nunca es una caricatura.<\/p>\n<p>En correcciones r\u00e1pidas, la combinaci\u00f3n di\u00e1metro\/peso tiene sentido. Puedes hacer contravirajes bruscos sin que el volante salga volando en todas direcciones. La base Direct Drive tiene suficiente par para llevar el aro hacia atr\u00e1s, pero no tanto como para que el agarre resulte cansado. Corriges, estabilizas y mantienes las manos firmemente plantadas gracias al agarre. Ah\u00ed es donde la forma redonda y el tama\u00f1o \"realista\" realmente ayudan, especialmente en rallyes, derrapes o en coches muy nerviosos.<\/p>\n<p>La comodidad es buena en sesiones largas. El grosor de la empu\u00f1adura permite variarla ligeramente para aliviar la presi\u00f3n de los dedos. La alc\u00e1ntara, con guantes, limita la fatiga: no es necesario agarrar como un loco para mantener el control. El peso razonable del volante tambi\u00e9n ayuda a no sobrecargar los antebrazos, incluso con un FFB bastante pesado. Se pueden hacer varias carreras o un largo esfuerzo sin acabar agotado.<\/p>\n<p>En comparaci\u00f3n con un volante de gama a\u00fan m\u00e1s alta, equipado con un pesado QR met\u00e1lico y materiales totalmente de aluminio, perdemos un poco la sensaci\u00f3n de \"bloque monol\u00edtico\". En una base muy potente, algunos notar\u00e1n la diferencia en la rigidez final. Pero en un paquete CSL DD o incluso ClubSport DD, la R300 V2 sigue siendo consistente: transmite bien las fuerzas, sin ning\u00fan desenfoque extra\u00f1o o juego perceptible. En un uso realista, el factor limitante no ser\u00e1 este volante, sino los reglajes o la simulaci\u00f3n.<\/p>\n<p>En general, la inmersi\u00f3n es muy buena para este segmento. La sensaci\u00f3n de controlar un coche de verdad y no un accesorio de pl\u00e1stico est\u00e1 ah\u00ed. Ganas confianza al entrar en las curvas, al hacer peque\u00f1as correcciones en el punto acorde y en tu capacidad para sentir la p\u00e9rdida gradual de agarre. Es exactamente lo que quieres de un volante \"de diario\" si quieres conducir a menudo y progresar.<\/p>\n<h2>\u00bfA qui\u00e9n va dirigido? Lo que nos gusta, lo que no nos gusta<\/h2>\n<p>El Fanatec CSL Steering Wheel R300 V2 est\u00e1 dirigido a un perfil bastante claro: el simracer motivado, ya sea intermedio o en progresi\u00f3n, que ya pilota con una base Direct Drive o planea pasarse a ella, y que quiere un volante redondo vers\u00e1til para GT, carretera y diversas disciplinas. En PC o consola, tiene todo el sentido en cuanto se dispone de una base Fanatec reciente.<\/p>\n<p>Para un completo principiante que descubre las carreras de simulaci\u00f3n con un presupuesto ajustado, esta puede no ser la primera prioridad. Pero para alguien que ya tenga un paquete CSL o un volante original m\u00e1s b\u00e1sico, el R300 V2 supone un verdadero salto cualitativo en t\u00e9rminos de inmersi\u00f3n y comodidad. Da la sensaci\u00f3n de estar pasando de un \"volante de juego\" a un \"volante de coche\".<\/p>\n<p>Lo que m\u00e1s me gusta es el di\u00e1metro y la forma. Tiene un tacto muy natural, cercano al de una moto deportiva moderna, que enseguida te pone a gusto en la pista. En segundo lugar, la calidad general percibida es muy buena para el precio: agarre agradable, acabado limpio, rigidez suficiente para aguantar un FFB serio. Por \u00faltimo, la amplia compatibilidad con el ecosistema Fanatec y el QR2 Lite lo convierten en una compra a largo plazo: puedes actualizar la base, los pedales y el cockpit, pero el volante sigue siendo relevante.<\/p>\n<p>Sin embargo, hay l\u00edmites. El primero es la sensaci\u00f3n ligeramente menos premium del buje y el compuesto QR2 Lite en comparaci\u00f3n con una unidad totalmente met\u00e1lica. No molesta en la pista, pero al ponerlo y quitarlo, se tiene la sensaci\u00f3n de que est\u00e1 situado en la gama media. En segundo lugar, la alc\u00e1ntara sigue siendo un material exigente: sin guantes, se marcar\u00e1 m\u00e1s r\u00e1pidamente, y algunos preferir\u00e1n el cuero, con el que es m\u00e1s f\u00e1cil convivir. La tercera limitaci\u00f3n es que, para los puristas de la F1 o de los prototipos, un volante redondo no es lo ideal: este R300 V2 puede hacer de todo, pero no sustituye a un verdadero volante dedicado a la f\u00f3rmula.<\/p>\n<p>En t\u00e9rminos de inversi\u00f3n, se trata de un producto que requiere un esfuerzo financiero considerable en comparaci\u00f3n con los bundle wheels, pero que ofrece un valor percibido real. No es s\u00f3lo un capricho est\u00e9tico: realmente cambia la forma de sentir y controlar el juego. Para una configuraci\u00f3n ya equipada con Direct Drive, es una mejora que se justifica f\u00e1cilmente si conduces con regularidad.<\/p>\n<h2>Veredicto: \u00bfqu\u00e9 lugar ocupa realmente el R300 V2?<\/h2>\n<p>El Fanatec CSL Steering Wheel R300 V2 llena un nicho muy l\u00f3gico en una configuraci\u00f3n moderna: el de un volante redondo vers\u00e1til, con calidad suficiente para acompa\u00f1ar a una base Direct Drive, sin llegar al precio de un volante premium completo. No revoluciona la tecnolog\u00eda, pero mejora notablemente el confort, la precisi\u00f3n y la inmersi\u00f3n en comparaci\u00f3n con los volantes de gama b\u00e1sica.<\/p>\n<p>En el mercado, se posiciona claramente como un s\u00f3lido modelo de gama media. M\u00e1s serio y m\u00e1s coherente que un volante bundle, menos exclusivo y menos caro que un ClubSport de gama alta. Es el tipo de volante que puedes conservar durante mucho tiempo, aunque actualices tu equipamiento en torno a \u00e9l.<\/p>\n<p>Lo recomendar\u00eda a los aficionados a los simuladores de carreras para PC y consolas que conduzcan principalmente coches GT, de turismo, de carretera o de rally, y que quieran un \u00fanico volante para \"hacerlo todo\" correctamente. Para quienes busquen un uso muy espec\u00edfico (s\u00f3lo F1, s\u00f3lo drift o acabado ultralujo), hay opciones m\u00e1s espec\u00edficas, pero suelen ser m\u00e1s caras.<\/p>\n<p>Si buscas una rueda redonda seria, vers\u00e1til y c\u00f3moda que realmente aproveche las ventajas de una base Direct Drive Fanatec sin disparar tu presupuesto, este producto puede marcar claramente la diferencia en tu configuraci\u00f3n.<\/p>","protected":false},"excerpt":{"rendered":"<p>Este volante me dio la sensaci\u00f3n de pasar a una aut\u00e9ntica \"herramienta de conducci\u00f3n\" m\u00e1s inmersiva y f\u00e1cil de leer que un volante de paquete, sin ser innecesariamente lujoso. Tiene sentido para simracers intermedios que suelen conducir coches GT\/de carretera basados en Direct Drive Fanatec. El conjunto sigue siendo coherente y duradero para un coche serio de gama media.<\/p>","protected":false},"featured_media":101094,"comment_status":"open","ping_status":"closed","template":"","meta":{"_acf_changed":false,"_et_pb_use_builder":"","_et_pb_old_content":"","_et_gb_content_width":""},"product_brand":[158],"product_cat":[156],"product_tag":[149],"class_list":{"0":"post-101093","1":"product","2":"type-product","3":"status-publish","4":"has-post-thumbnail","6":"product_brand-fanatec","7":"product_cat-roue-de-volant","8":"product_tag-pc","10":"first","11":"instock","12":"shipping-taxable","13":"product-type-external"},"acf":[],"_links":{"self":[{"href":"https:\/\/simracergear.com\/es\/wp-json\/wp\/v2\/product\/101093","targetHints":{"allow":["GET"]}}],"collection":[{"href":"https:\/\/simracergear.com\/es\/wp-json\/wp\/v2\/product"}],"about":[{"href":"https:\/\/simracergear.com\/es\/wp-json\/wp\/v2\/types\/product"}],"replies":[{"embeddable":true,"href":"https:\/\/simracergear.com\/es\/wp-json\/wp\/v2\/comments?post=101093"}],"wp:featuredmedia":[{"embeddable":true,"href":"https:\/\/simracergear.com\/es\/wp-json\/wp\/v2\/media\/101094"}],"wp:attachment":[{"href":"https:\/\/simracergear.com\/es\/wp-json\/wp\/v2\/media?parent=101093"}],"wp:term":[{"taxonomy":"product_brand","embeddable":true,"href":"https:\/\/simracergear.com\/es\/wp-json\/wp\/v2\/product_brand?post=101093"},{"taxonomy":"product_cat","embeddable":true,"href":"https:\/\/simracergear.com\/es\/wp-json\/wp\/v2\/product_cat?post=101093"},{"taxonomy":"product_tag","embeddable":true,"href":"https:\/\/simracergear.com\/es\/wp-json\/wp\/v2\/product_tag?post=101093"}],"curies":[{"name":"wp","href":"https:\/\/api.w.org\/{rel}","templated":true}]}}