{"id":101110,"date":"2025-05-15T08:01:00","date_gmt":"2025-05-15T08:01:00","guid":{"rendered":"https:\/\/simracergear.com\/products\/fanatec-csl-universal-hub-v2\/"},"modified":"2025-11-28T05:02:24","modified_gmt":"2025-11-28T05:02:24","slug":"fanatec-csl-universal-hub-v2","status":"publish","type":"product","link":"https:\/\/simracergear.com\/es\/products\/fanatec-csl-universal-hub-v2\/","title":{"rendered":"Fanatec CSL Universal Hub V2"},"content":{"rendered":"<h2>Fanatec CSL Universal Hub V2: mi opini\u00f3n tras su uso<\/h2>\n<p>El Fanatec CSL Universal Hub V2 se posiciona como la pieza central para todo aquel que quiera utilizar volantes \"de verdad\" (estilo GT, drift, rally, F1) sin salirse de la gama CSL, y por tanto m\u00e1s asequible que los hubs tope de gama de la marca. Sobre todo, promete transformar cualquier aro compatible en un volante que pueda utilizarse en una base Fanatec, sin renunciar a los botones, las levas o la compatibilidad con la consola.<\/p>\n<p>Lo que lo hace tan atractivo es la combinaci\u00f3n de modularidad y la promesa de calidad de Fanatec. Puedes pensar en \u00e9l como en un Lego de simulaci\u00f3n de carreras: eliges el aro, eliges la base, lo enganchas y listo. Sobre el papel, es el producto perfecto para cualquiera que no quiera comprar un volante completamente nuevo para cada disciplina.<\/p>\n<p>Mi \u00e1ngulo de an\u00e1lisis es simple: ergonom\u00eda, sensaciones en el juego y valor a\u00f1adido real en comparaci\u00f3n con los paquetes b\u00e1sicos de Fanatec. Me fijo en lo que cambia realmente al volante, en c\u00f3mo el buje hace que te olvides de \u00e9l (o no) en plena carrera y en si merece la pena la inversi\u00f3n para una configuraci\u00f3n que quiera evolucionar sin disparar el presupuesto.<\/p>\n<h2>Dise\u00f1o y fabricaci\u00f3n: serios, con algunos compromisos<\/h2>\n<p>Visualmente, el CSL Universal Hub V2 tiene mucho de \"herramienta de trabajo\". No se trata de un volante de escaparate, sino de una pieza funcional. La mezcla de metal y pl\u00e1stico es evidente: la estructura principal y la placa de montaje destilan rigidez, mientras que ciertas carcasas y elementos externos delatan la gama CSL, m\u00e1s accesible que la l\u00ednea ClubSport.<\/p>\n<p>Las primeras impresiones son positivas. El buje tiene buena densidad, sin ser un ladrillo. Inspira confianza y se tiene la sensaci\u00f3n de que puede soportar miles de vueltas de volante en Direct Drive sin inmutarse. Los botones se sienten bien bajo los dedos, los codificadores tienen un 'clic' claro, y las paletas dan una sensaci\u00f3n mec\u00e1nica bastante directa, sin excesivo juego.<\/p>\n<p>Donde decepciona ligeramente es en algunos detalles de acabado. Algunos de los pl\u00e1sticos parecen un poco huecos y carecen del tacto premium de los volantes m\u00e1s caros de la marca. No es nada dram\u00e1tico, pero si vienes de un volante ClubSport o de un producto de m\u00e1s alta gama, se nota enseguida la diferencia de materiales.<\/p>\n<p>En cuanto a la rigidez, una vez montada la llanta, el conjunto permanece s\u00f3lido. Ninguna flexi\u00f3n preocupante, incluso en llantas m\u00e1s grandes. En un Direct Drive moderado, aguanta muy bien. En comparaci\u00f3n con los volantes de pl\u00e1stico de gama b\u00e1sica, estamos subiendo claramente un escal\u00f3n en t\u00e9rminos de fiabilidad y durabilidad percibidas. En comparaci\u00f3n con volantes de gama m\u00e1s alta, se tiene la sensaci\u00f3n de que se ha dado prioridad a la funcionalidad m\u00e1s que al lujo.<\/p>\n<p>Al final, el dise\u00f1o del CSL Universal Hub V2 hace exactamente lo que queremos que haga: robusto, modular, no llamativo. Lo miras una vez y luego lo usas.<\/p>\n<h2>Ajustes, personalizaci\u00f3n y compatibilidad<\/h2>\n<p>El coraz\u00f3n de este producto es la personalizaci\u00f3n. El buje permite montar una llanta est\u00e1ndar de 6 orificios y reposicionar los m\u00f3dulos de botones para adaptarlos a tu estilo de conducci\u00f3n. No es tan libre como algunos kits personalizados 100 %, pero hay margen suficiente para que todo el mundo encuentre una configuraci\u00f3n c\u00f3moda.<\/p>\n<p>Los men\u00fas y modos de funcionamiento son f\u00e1ciles de entender si ya est\u00e1s familiarizado con el ecosistema Fanatec. Los botones se pueden asignar en los juegos como en cualquier otro volante, y los controles principales son f\u00e1ciles de usar en la mayor\u00eda de los rines. La curva de aprendizaje tiene m\u00e1s que ver con tu llanta que con el propio centro: una vez que conoces los botones, ya no piensas en ellos.<\/p>\n<p>En t\u00e9rminos de ajustes \u00fatiles, el principal inter\u00e9s reside en la configuraci\u00f3n f\u00edsica: distancia entre las levas, posici\u00f3n de los bloques de botones, orientaci\u00f3n general. Todo lo que necesitas para adaptar el buje a un volante GT, rally o drift est\u00e1 ah\u00ed. Sobre una base Direct Drive, puede aprovechar al m\u00e1ximo la rigidez del conjunto, sin tener que sacrificar la modularidad.<\/p>\n<p>En cuanto a la compatibilidad, el concentrador se mantiene fiel a la l\u00f3gica de Fanatec: PC sin preocupaciones, consolas en funci\u00f3n de la base a la que se conecte. Lo importante es recordar que no es el concentrador el que hace que tu configuraci\u00f3n sea compatible con las consolas, sino la base. Si tu base es compatible, el hub lo es tambi\u00e9n.<\/p>\n<p>El ecosistema circundante es naturalmente muy rico: pedales, palancas de cambio, freno de mano, todo puede integrarse en una configuraci\u00f3n ya Fanatec. El buje universal CSL V2 desempe\u00f1a claramente un papel fundamental en una configuraci\u00f3n actualizable. Se puede empezar con una llanta sencilla y a\u00f1adir m\u00e1s adelante una llanta de estilo m\u00e1s GT o drift, sin cambiar todo lo dem\u00e1s.<\/p>\n<p>No es s\u00f3lo un punto de entrada. Es un elemento que puedes mantener durante mucho tiempo en una configuraci\u00f3n que vaya a m\u00e1s, siempre que te mantengas dentro del ecosistema Fanatec.<\/p>\n<h2>Sensaciones en juego: el centro que sabe olvidarse<\/h2>\n<p>Donde el buje CSL Universal Hub V2 realmente destaca es cuando lo combinas con una buena base Direct Drive y una llanta adecuada a tu disciplina. El buje en s\u00ed no genera sensaciones, pero condiciona la forma en que las recibes y las aprovechas.<\/p>\n<p>La rigidez del conjunto es esencial para la precisi\u00f3n de la retroalimentaci\u00f3n. Con este cubo, la fuerza y las vibraciones transmitidas por la base llegan de forma ordenada y limpia. No hay flexi\u00f3n par\u00e1sita que emborrone la respuesta de fuerza. Los micromovimientos, las transferencias de carga y los peque\u00f1os calados son claramente visibles. Entiendes inmediatamente lo que est\u00e1 haciendo el coche.<\/p>\n<p>En las curvas, especialmente en simulaciones pronunciadas, esta sensaci\u00f3n de \"solidez\" aumenta la confianza. Las ligeras correcciones de la trayectoria se hacen de forma natural, la llanta no se mueve en el buje, las palas permanecen en su sitio bajo los dedos incluso cuando se contravira. No luchas contra el material, trabajas con \u00e9l.<\/p>\n<p>A la hora de leer el agarre, la diferencia es especialmente notable si se viene de un volante b\u00e1sico con m\u00e1s juego o flexi\u00f3n. Ah\u00ed, cada variaci\u00f3n de carga en el volante se siente m\u00e1s directamente. Cuando empiezas a sobrevirar, eres m\u00e1s consciente del momento en que la parte delantera empieza a descargarse o la trasera empieza a levantarse. No aumenta la potencia de la FFB, pero s\u00ed afina la forma en que la recibes.<\/p>\n<p>En vibradores y bordillos, el tacto es seco y limpio, sin resonancias extra\u00f1as del buje. El traqueteo es coherente con la base. Es sobre todo la llanta la que colorea el tacto (m\u00e1s o menos masa, di\u00e1metro, material), pero el buje no a\u00f1ade su propio \"ruido\". Eso es bueno: mantienes la firma de la base, no la del buje.<\/p>\n<p>En sesiones largas, la comodidad depende mucho de la llanta que utilices, pero el buje no cansa. Las palas caen bien, y la posici\u00f3n de los botones es lo suficientemente adaptable como para evitar contorsiones inc\u00f3modas. Los materiales no crujen, y no hay holgura perceptible despu\u00e9s de unas horas. Son este tipo de detalles los que realmente cambian tu relaci\u00f3n con el hardware.<\/p>\n<p>En correcciones r\u00e1pidas, en derrapes o en situaciones de emergencia en la pista, el montaje permanece estable. Los cambios violentos de direcci\u00f3n no afectan a la sujeci\u00f3n de la llanta. Puedes soltar el volante, dejarlo volver, alcanzarlo: el buje te sigue sin inmutarse. Es exactamente lo que se espera de una pieza como \u00e9sta.<\/p>\n<p>En comparaci\u00f3n con un volante b\u00e1sico todo en uno, hay una clara mejora en la conexi\u00f3n entre las manos y la base. Hay menos bamboleo y m\u00e1s precisi\u00f3n. En comparaci\u00f3n con un buje Fanatec de gama superior, la diferencia est\u00e1 m\u00e1s en el acabado y la comodidad que en la rigidez pura en un uso \"normal\".<\/p>\n<p>En t\u00e9rminos de inmersi\u00f3n global, este buje tiene una cualidad que aprecio mucho: sabe desaparecer. Una vez que est\u00e1 bien colocado con la llanta adecuada, ya no piensas en \u00e9l. Piensas en los vibradores, en el agarre, en tu trayectoria. Y eso suele ser se\u00f1al de que el producto est\u00e1 haciendo su trabajo.<\/p>\n<h2>\u00bfA qui\u00e9n va dirigido? Lo que nos gusta, lo que no nos gusta<\/h2>\n<p>El buje CSL Universal Hub V2 est\u00e1 dirigido sobre todo a los sim racers que ya est\u00e1n comprometidos o motivados para serlo, y que quieren ir un paso m\u00e1s all\u00e1 en t\u00e9rminos de personalizaci\u00f3n sin pasarse. Un completo novato puede utilizarlo, pero le sacar\u00e1 m\u00e1s partido si ya ha rodado unas cuantas horas y tiene una idea clara del tipo de llanta que quiere.<\/p>\n<p>Para un usuario intermedio de PC con una base Fanatec que desee una llanta m\u00e1s realista o m\u00e1s adaptada a su disciplina (GT, touring, rally, drift), es una opci\u00f3n muy coherente. En consola, sigue siendo pertinente, siempre que est\u00e9s seguro de antemano de la compatibilidad de la base.<\/p>\n<p>Lo que realmente aprecio es la sensaci\u00f3n de solidez funcional. Sientes como si estuvieras a\u00f1adiendo un eslab\u00f3n serio en la cadena entre la vaina y tus manos. La modularidad de los botones y las palancas es lo suficientemente flexible como para adaptar el buje a varias llantas con el tiempo. Y la relaci\u00f3n entre valor y versatilidad es buena para alguien que quiera invertir una vez en un buje, y luego s\u00f3lo cambiar las llantas.<\/p>\n<p>En cuanto a las limitaciones, la primera es la total dependencia del ecosistema Fanatec. Si a\u00fan no eres cliente de Fanatec, o si est\u00e1s pensando en cambiar de marca m\u00e1s adelante, este hub pierde inter\u00e9s. Si buscas metal, materiales ultra-premium y un look de escaparate, este no es tu hub. Por \u00faltimo, el precio, sumado al de una llanta decente, puede subir bastante r\u00e1pido. Estamos hablando de una inversi\u00f3n bien meditada, no de un peque\u00f1o accesorio.<\/p>\n<p>En t\u00e9rminos de valor percibido, todo depende de su uso. Si tiene previsto utilizar varias llantas sobre la misma base, el buje se convierte en un verdadero pivote que justifica su lugar en el presupuesto. Si monta siempre con un solo volante y no piensa cambiarlo, un volante completo ya optimizado puede ser m\u00e1s sencillo.<\/p>\n<h2>Veredicto: un pivote serio para una configuraci\u00f3n mejorable<\/h2>\n<p>El Fanatec CSL Universal Hub V2 no transforma tu base, pero s\u00ed lo que puedes hacer con ella. Abre la puerta a llantas m\u00e1s realistas, configuraciones m\u00faltiples y un grado de personalizaci\u00f3n que los volantes \"todo en uno\" no ofrecen. En una configuraci\u00f3n, sustituye la idea de un \u00fanico volante fijo por la de una base evolutiva.<\/p>\n<p>En el mercado, se sit\u00faa claramente en la gama media inteligente: m\u00e1s serio y m\u00e1s polivalente que las soluciones b\u00e1sicas, menos lujoso y menos caro que los hubs muy premium. Es una pieza fundamental para quienes desean una configuraci\u00f3n limpia y modular, sin recurrir a una personalizaci\u00f3n extrema.<\/p>\n<p>Se lo recomendar\u00eda a los pilotos de simulaci\u00f3n de carreras que ya trabajan con Fanatec, que quieren m\u00e1s realismo y flexibilidad, especialmente en PC, y que planean utilizar al menos dos llantas diferentes a medio plazo. Para alguien que est\u00e1 empezando, que no conduce mucho o que quiere un producto listo para usar sin hacer preguntas, una llanta completa ser\u00e1 a menudo m\u00e1s relevante.<\/p>\n<p>Si est\u00e1s buscando actualizar tu configuraci\u00f3n Fanatec a algo m\u00e1s modular, con un enlace m\u00e1s serio entre la base y la llanta, el CSL Universal Hub V2 puede marcar claramente la diferencia en tu configuraci\u00f3n.<\/p>","protected":false},"excerpt":{"rendered":"<p>Este buje me dio la sensaci\u00f3n de a\u00f1adir un enlace s\u00f3lido y discreto entre la base y las manos: una vez ajustado, se olvida y realmente deja que la llanta y el FFB hablen por s\u00ed solos. Sobre todo, tiene sentido para los pilotos de simulaci\u00f3n que ya tienen Fanatec y quieren alternar entre varias llantas realistas. Para este perfil, el valor es consistente y duradero.<\/p>","protected":false},"featured_media":101111,"comment_status":"open","ping_status":"closed","template":"","meta":{"_acf_changed":false,"_et_pb_use_builder":"","_et_pb_old_content":"","_et_gb_content_width":""},"product_brand":[158],"product_cat":[153],"product_tag":[149,159,160],"class_list":{"0":"post-101110","1":"product","2":"type-product","3":"status-publish","4":"has-post-thumbnail","6":"product_brand-fanatec","7":"product_cat-accessoires","8":"product_tag-pc","9":"product_tag-playstation","10":"product_tag-xbox","12":"first","13":"instock","14":"shipping-taxable","15":"product-type-external"},"acf":[],"_links":{"self":[{"href":"https:\/\/simracergear.com\/es\/wp-json\/wp\/v2\/product\/101110","targetHints":{"allow":["GET"]}}],"collection":[{"href":"https:\/\/simracergear.com\/es\/wp-json\/wp\/v2\/product"}],"about":[{"href":"https:\/\/simracergear.com\/es\/wp-json\/wp\/v2\/types\/product"}],"replies":[{"embeddable":true,"href":"https:\/\/simracergear.com\/es\/wp-json\/wp\/v2\/comments?post=101110"}],"wp:featuredmedia":[{"embeddable":true,"href":"https:\/\/simracergear.com\/es\/wp-json\/wp\/v2\/media\/101111"}],"wp:attachment":[{"href":"https:\/\/simracergear.com\/es\/wp-json\/wp\/v2\/media?parent=101110"}],"wp:term":[{"taxonomy":"product_brand","embeddable":true,"href":"https:\/\/simracergear.com\/es\/wp-json\/wp\/v2\/product_brand?post=101110"},{"taxonomy":"product_cat","embeddable":true,"href":"https:\/\/simracergear.com\/es\/wp-json\/wp\/v2\/product_cat?post=101110"},{"taxonomy":"product_tag","embeddable":true,"href":"https:\/\/simracergear.com\/es\/wp-json\/wp\/v2\/product_tag?post=101110"}],"curies":[{"name":"wp","href":"https:\/\/api.w.org\/{rel}","templated":true}]}}