{"id":101166,"date":"2025-05-15T08:02:00","date_gmt":"2025-05-15T08:02:00","guid":{"rendered":"https:\/\/simracergear.com\/products\/fanatec-podium-button-module-endurance\/"},"modified":"2025-11-28T05:05:17","modified_gmt":"2025-11-28T05:05:17","slug":"fanatec-podium-button-module-endurance","status":"publish","type":"product","link":"https:\/\/simracergear.com\/es\/products\/fanatec-podium-button-module-endurance\/","title":{"rendered":"M\u00f3dulo de resistencia Fanatec Podium Button"},"content":{"rendered":"<h2>Fanatec Podium Button Module Endurance: prueba y comentarios tras su uso<\/h2>\n<p>El Fanatec Podium Button Module Endurance es claramente un producto de nicho en sim racing: un m\u00f3dulo de botones de gama alta dise\u00f1ado para los volantes de tipo GT\/endurance de la gama Fanatec. No te da la potencia de una base Direct Drive, pero transforma la interfaz entre t\u00fa, el coche y los ajustes en pista.<\/p>\n<p>Sobre el papel, promete un acceso ultrarr\u00e1pido a todas las funciones \u00fatiles en carreras de resistencia, GT3 o prototipos: cartograf\u00eda avanzada, joysticks dobles, codificadores y una gran pantalla en color. Todo en un formato que recuerda mucho a lo que se ve en los coches de carreras modernos de verdad. La idea es sencilla: menos men\u00fas que memorizar y m\u00e1s control al alcance de la mano.<\/p>\n<p>Por mi parte, lo he evaluado principalmente desde dos \u00e1ngulos: la pura ergonom\u00eda (acceso a los mandos, legibilidad, comodidad durante varias horas) y la capacidad de hacer m\u00e1s fluida la gesti\u00f3n de la carrera (estrategia, ABS, TC, mezcla de combustible, radio, etc.). No se trata de un producto dise\u00f1ado para quedar \"mejor\" en el equipo. Es una herramienta de direcci\u00f3n y gesti\u00f3n.<\/p>\n<p>Sinceramente, es este tipo de accesorio el que hace que una configuraci\u00f3n Fanatec pase de ser \"excelente para jugar\" a \"realmente orientada a la competici\u00f3n\". Pero tambi\u00e9n hay que aceptar sus compromisos y su precio claramente premium.<\/p>\n<h2>Dise\u00f1o y fabricaci\u00f3n del m\u00f3dulo de resistencia del Bot\u00f3n Podium<\/h2>\n<p>Lo primero que se nota en la mano es la densidad. El m\u00f3dulo no parece una simple carcasa de pl\u00e1stico con unos cuantos botones pegados encima. Parece una unidad seria y bien ensamblada, con un panel frontal de fibra de carbono y un chasis que no se mueve al presionar con fuerza los botones.<\/p>\n<p>Los pulsadores tienen un recorrido corto y un clic limpio, lo bastante firme para evitar pulsaciones involuntarias, sin resultar cansino. Los dos joysticks multidireccionales son especialmente buenos: precisos, con un retorno limpio al centro, perfectos para navegar por un men\u00fa o manejar una rueda de desplazamiento virtual en el juego. En cuanto a los codificadores giratorios, ofrecen retenciones bien marcadas. Puedes saber inmediatamente si has hecho un clic o dos, incluso en medio de una carrera.<\/p>\n<p>La pantalla central en color marca una verdadera diferencia en la calidad percibida. No es enorme, pero es lo bastante legible para mostrar la informaci\u00f3n principal de telemetr\u00eda sin entrecerrar los ojos. Los colores son limpios y el contraste correcto, incluso con una iluminaci\u00f3n ambiental convencional.<\/p>\n<p>Lo que m\u00e1s sorprende al principio es la cantidad de pedidos en un espacio tan compacto. Todo es muy denso. En una plataforma ya de por s\u00ed concurrida, resulta visualmente imponente. De cerca, se nota que se ha dise\u00f1ado para profesionales y no para el p\u00fablico en general.<\/p>\n<p>En lo que puede decepcionar un poco es en ciertos detalles de pl\u00e1stico alrededor de la pantalla y la parte trasera del m\u00f3dulo, que parecen un poco menos \"joya\" que el panel frontal de carbono. No es un problema de uso, pero destaca un poco del resto de la gama Podium.<\/p>\n<p>Comparado con soluciones m\u00e1s sencillas, como un volante GT con algunos botones incorporados o una botonera externa, este producto cambia claramente de categor\u00eda. Se trata de un producto dise\u00f1ado para recibir miles de golpes sin inmutarse. En t\u00e9rminos de rigidez, nada se flexiona, nada cruje, incluso en sesiones largas y agresivas.<\/p>\n<h2>Ajustes, personalizaci\u00f3n y compatibilidad<\/h2>\n<p>El Podium Button Module Endurance est\u00e1 totalmente integrado en el ecosistema Fanatec. Se trata de un producto dise\u00f1ado para funcionar con bases Fanatec, en particular con los Direct Drives de la gama ClubSport \/ Podium, y con volantes compatibles (arandelas y bujes tipo podium hub, etc.). No es un accesorio universal que vayas a montar en cualquier volante o base DIY.<\/p>\n<p>En t\u00e9rminos de compatibilidad, en la pr\u00e1ctica, el mejor uso sigue siendo en un PC. Las funcionalidades avanzadas de la pantalla, la telemetr\u00eda detallada y la personalizaci\u00f3n completa de las pantallas tienen todo el sentido en un ordenador, utilizando el software Fanatec. En las consolas, el m\u00f3dulo sigue siendo utilizable, pero se pierde parte de la delicadeza de la personalizaci\u00f3n, en funci\u00f3n de los juegos y las actualizaciones.<\/p>\n<p>Los ajustes se realizan principalmente mediante el software Fanatec y los men\u00fas internos. La curva de aprendizaje no es pronunciada, pero tienes que estar preparado para dedicarle un poco de tiempo: asignar botones en los juegos, configurar las p\u00e1ginas de visualizaci\u00f3n de la pantalla, elegir qu\u00e9 informaci\u00f3n quieres ver y cu\u00e1ndo. Al principio, puede resultar un poco abrumador. Despu\u00e9s de unas cuantas sesiones, todo empieza a tener sentido.<\/p>\n<p>Donde se pone interesante es en la personalizaci\u00f3n de las fijaciones. Cada bot\u00f3n y codificador puede asignarse a una funci\u00f3n cr\u00edtica: variaci\u00f3n del TC, ABS, equilibrio de frenado, mezcla de combustible, cambio de p\u00e1gina del HUD, petici\u00f3n de caja... Una vez que se tiene un m\u00ednimo de m\u00e9todo, el m\u00f3dulo se convierte en un cuadro de mandos hecho a medida.<\/p>\n<p>En t\u00e9rminos de ecosistema, se integra perfectamente con un equipo Fanatec completo: vainas DD, platos y bielas, palanca de cambios, freno de mano. Se tiene la impresi\u00f3n de que el producto no es un \"punto de entrada\", sino m\u00e1s bien una pieza de gama media\/alta dise\u00f1ada para alguien que ya est\u00e1 bien establecido. Es m\u00e1s una actualizaci\u00f3n que una primera compra.<\/p>\n<p>En t\u00e9rminos de durabilidad de uso, se trata de un accesorio que puede acompa\u00f1ar a varias generaciones de bases, siempre que te mantengas dentro del universo Fanatec. La capacidad de actualizaci\u00f3n viene principalmente de tu propio progreso: cuanto m\u00e1s alto llegues, m\u00e1s explotar\u00e1s las posibilidades de mapeado y visualizaci\u00f3n.<\/p>\n<h2>Sensaciones en el juego: lo que realmente cambia<\/h2>\n<p>El Podium Button Module Endurance no cambia la fuerza de tu Force Feedback, pero s\u00ed la forma en que interact\u00faas con tu FFB y los par\u00e1metros del coche. Y ah\u00ed, la diferencia es clara.<\/p>\n<p>En las curvas, lo que destaca es lo f\u00e1cil que resulta ajustar los par\u00e1metros en tiempo real sin romper el ritmo. Por ejemplo, puedes reducir el control de tracci\u00f3n a la salida de una curva, ajustar la inclinaci\u00f3n de los frenos antes de una frenada fuerte en una bajada o cambiar la mezcla de combustible para aguantar una vuelta m\u00e1s. Todo ello al alcance de tu mano, sin tener que buscar una tecla en el teclado o una funci\u00f3n oculta en un men\u00fa.<\/p>\n<p>El agarre no lo lee el propio m\u00f3dulo, sino la capacidad del coche para adaptarse a ese agarre en cuesti\u00f3n de segundos. En una pista cada vez m\u00e1s fr\u00eda, o durante una tanda con un desgaste importante de los neum\u00e1ticos, es muy natural ajustar el ABS, el diferencial o la cartograf\u00eda. R\u00e1pidamente sientes que la coherencia entre lo que dice el volante y lo que cambias en el m\u00f3dulo mejora tu comprensi\u00f3n general del coche. Es m\u00e1s f\u00e1cil entender por qu\u00e9 pierdes tiempo.<\/p>\n<p>En los vibradores, tambi\u00e9n en este caso, el beneficio es indirecto pero real: la posibilidad de ajustar un reglaje de la suspensi\u00f3n o del diferencial para que el coche sea m\u00e1s tolerante, sin esperar a la pr\u00f3xima vuelta a boxes. En las carreras de resistencia, o incluso s\u00f3lo en un sprint serio, supone una diferencia real para tu comodidad mental. Mantienes las manos en el volante, los ojos en la pista y act\u00faas.<\/p>\n<p>El punto clave en las correcciones r\u00e1pidas es que los botones no estorben. Incluso en violentos contravirajes, no te encuentras pulsando un bot\u00f3n cr\u00edtico por error. La disposici\u00f3n est\u00e1 bien pensada: los controles que usas en l\u00ednea recta o en fase estable siguen siendo accesibles, pero no est\u00e1n bajo las zonas donde m\u00e1s aprietas al derrapar.<\/p>\n<p>En las sesiones largas, es aqu\u00ed donde el m\u00f3dulo resulta realmente \u00fatil. No tienes que ir y venir por los men\u00fas del juego, ni buscar el limitador de boxes o los botones de radio. Todo est\u00e1 agrupado, es l\u00f3gico, y la pantalla central te da la informaci\u00f3n crucial: delta, posici\u00f3n, combustible, neum\u00e1ticos, seg\u00fan lo que hayas configurado. La fatiga cognitiva se reduce. Conduces m\u00e1s limpio, m\u00e1s concentrado.<\/p>\n<p>Comparado con una configuraci\u00f3n con un simple volante GT sin m\u00f3dulo dedicado, la sensaci\u00f3n general de control sobre la carrera es claramente superior. No tienes m\u00e1s FFB, pero s\u00ed m\u00e1s control. En comparaci\u00f3n con una configuraci\u00f3n a\u00fan m\u00e1s avanzada con un volante ultra-premium y un cuadro de mandos dedicado, estamos hablando de una soluci\u00f3n muy homog\u00e9nea, m\u00e1s integrada, un poco menos extrema pero m\u00e1s que suficiente para la gran mayor\u00eda de los pilotos de simulaci\u00f3n exigentes.<\/p>\n<h2>\u00bfA qui\u00e9n va dirigido? Lo que nos gusta, lo que no nos gusta<\/h2>\n<p>El Podium Button Module Endurance se dirige claramente a un perfil de usuario que ya est\u00e1 bien implicado: corredores de simulaci\u00f3n de nivel intermedio a experimentado, que compiten regularmente en GT3, LMP y multiclase, y que empiezan a jugar en serio con estrategias, stints y tandas largas. En PC, tiene mucho sentido. En consolas, sigue siendo interesante, pero su potencial est\u00e1 un poco menos explotado.<\/p>\n<p>Lo que se aprecia inmediatamente es la calidad general de los controles. Los botones son precisos, la pantalla es f\u00e1cil de leer y la ergonom\u00eda general parece muy seria. La gesti\u00f3n de la carrera es enormemente c\u00f3moda: todo est\u00e1 al alcance de la mano, y puedes hacer ajustes enseguida. La integraci\u00f3n en el ecosistema Fanatec, con un \u00fanico y coherente volante + base + m\u00f3dulo, es tambi\u00e9n una aut\u00e9ntica ventaja. No tienes que improvisar soluciones de terceros ni cuadros de mandos externos.<\/p>\n<p>Otro punto fuerte es la sensaci\u00f3n profesional de la configuraci\u00f3n. Una vez que te orientas, el m\u00f3dulo te da realmente la impresi\u00f3n de estar sentado al volante de un GT moderno. Ya no hablamos s\u00f3lo de \"jugar en el simulador\", sino de gestionar una carrera, un coche y una estrategia. Para un piloto que quiera progresar en la liga o en la competici\u00f3n en l\u00ednea, esto es una verdadera ventaja.<\/p>\n<p>En cuanto a las limitaciones, el precio sit\u00faa claramente a este m\u00f3dulo en la categor\u00eda de inversi\u00f3n seria. No es el tipo de accesorio que se compra por capricho. Necesitas una base compatible, un volante adecuado y muchas ganas de aprovechar todas sus funciones. Otra limitaci\u00f3n es su total dependencia del ecosistema Fanatec: si cambias de marca de base en el futuro, el m\u00f3dulo ser\u00e1 mucho menos \u00fatil.<\/p>\n<p>Por \u00faltimo, la interfaz de configuraci\u00f3n exigir\u00e1 un poco de paciencia a quienes no les guste pasar tiempo en los men\u00fas y las superposiciones de telemetr\u00eda. Para alguien que s\u00f3lo quiere \"enchufar y conducir\", probablemente sea demasiado complicado. Pero para un piloto de simulaci\u00f3n que ve su equipo como una herramienta de trabajo, la ecuaci\u00f3n valor\/rendimiento sigue siendo muy interesante.<\/p>\n<h2>El veredicto: \u00bfmerece la pena el M\u00f3dulo Button Endurance Podium?<\/h2>\n<p>En una configuraci\u00f3n de sim racing orientada a carreras de resistencia o GT serias, el M\u00f3dulo de Bot\u00f3n de Podio de Resistencia de Fanatec no es s\u00f3lo un accesorio decorativo. Se convierte r\u00e1pidamente en el centro neur\u00e1lgico de todo el sistema de gesti\u00f3n de la carrera. No a\u00f1ade Nm de par motor a tu base, pero cambia la forma en que aprovechas cada vuelta, cada stint, cada litro de combustible.<\/p>\n<p>En el mercado, estamos hablando de un producto claramente premium, a medio camino entre un volante de gama alta que lo integra todo y un simple combo de volante + botonera \/ flash independiente. Su verdadero punto fuerte es la integraci\u00f3n. Todo forma parte del ecosistema Fanatec, sin cables por todas partes y con una ergonom\u00eda pensada para la conducci\u00f3n moderna.<\/p>\n<p>Lo recomendar\u00eda a los pilotos de simulaci\u00f3n que ya est\u00e9n bien equipados, que conduzcan con regularidad y que tengan un verdadero deseo de gestionar sus carreras como lo har\u00edan en la vida real: stints, estrategias de neum\u00e1ticos, ajustes din\u00e1micos. Para un principiante o un jugador m\u00e1s ocasional, el presupuesto y la complejidad no est\u00e1n necesariamente justificados. Es mejor invertir primero en una buena base, unas bielas serias y un cockpit estable.<\/p>\n<p>Si buscas profesionalizar tu puesto de conducci\u00f3n Fanatec orientado a GT\/enduro y obtener un mayor control sobre todo lo que rodea a la conducci\u00f3n pura, este producto puede marcar claramente la diferencia en tu configuraci\u00f3n.<\/p>","protected":false},"excerpt":{"rendered":"<p>Este m\u00f3dulo ofrece una aut\u00e9ntica sensaci\u00f3n de control avanzado: todo lo relacionado con la gesti\u00f3n de la carrera se vuelve m\u00e1s fluido y centralizado, sin romper el ritmo en la pista. Tiene sentido sobre todo para los pilotos de simulaci\u00f3n que ya est\u00e1n bien equipados en PC, orientados a GT\/resistencia y sensibles a las estrategias y ajustes en tiempo real. La inversi\u00f3n sigue mereciendo la pena si ves tu equipo como una herramienta de competici\u00f3n.<\/p>","protected":false},"featured_media":101167,"comment_status":"open","ping_status":"closed","template":"","meta":{"_acf_changed":false,"_et_pb_use_builder":"","_et_pb_old_content":"","_et_gb_content_width":""},"product_brand":[158],"product_cat":[153],"product_tag":[149,159,160],"class_list":{"0":"post-101166","1":"product","2":"type-product","3":"status-publish","4":"has-post-thumbnail","6":"product_brand-fanatec","7":"product_cat-accessoires","8":"product_tag-pc","9":"product_tag-playstation","10":"product_tag-xbox","12":"first","13":"instock","14":"shipping-taxable","15":"product-type-external"},"acf":[],"_links":{"self":[{"href":"https:\/\/simracergear.com\/es\/wp-json\/wp\/v2\/product\/101166","targetHints":{"allow":["GET"]}}],"collection":[{"href":"https:\/\/simracergear.com\/es\/wp-json\/wp\/v2\/product"}],"about":[{"href":"https:\/\/simracergear.com\/es\/wp-json\/wp\/v2\/types\/product"}],"replies":[{"embeddable":true,"href":"https:\/\/simracergear.com\/es\/wp-json\/wp\/v2\/comments?post=101166"}],"wp:featuredmedia":[{"embeddable":true,"href":"https:\/\/simracergear.com\/es\/wp-json\/wp\/v2\/media\/101167"}],"wp:attachment":[{"href":"https:\/\/simracergear.com\/es\/wp-json\/wp\/v2\/media?parent=101166"}],"wp:term":[{"taxonomy":"product_brand","embeddable":true,"href":"https:\/\/simracergear.com\/es\/wp-json\/wp\/v2\/product_brand?post=101166"},{"taxonomy":"product_cat","embeddable":true,"href":"https:\/\/simracergear.com\/es\/wp-json\/wp\/v2\/product_cat?post=101166"},{"taxonomy":"product_tag","embeddable":true,"href":"https:\/\/simracergear.com\/es\/wp-json\/wp\/v2\/product_tag?post=101166"}],"curies":[{"name":"wp","href":"https:\/\/api.w.org\/{rel}","templated":true}]}}