{"id":101172,"date":"2025-05-15T08:02:00","date_gmt":"2025-05-15T08:02:00","guid":{"rendered":"https:\/\/simracergear.com\/products\/fanatec-podium-button-module-rally\/"},"modified":"2025-11-28T05:05:44","modified_gmt":"2025-11-28T05:05:44","slug":"fanatec-podium-button-module-rally","status":"publish","type":"product","link":"https:\/\/simracergear.com\/es\/products\/fanatec-podium-button-module-rally\/","title":{"rendered":"M\u00f3dulo de botones Fanatec Podium Rally"},"content":{"rendered":"<h2>Fanatec Podium Button Module Rally: an\u00e1lisis completo tras su uso<\/h2>\n<p>El Fanatec Podium Button Module Rally ocupa un lugar muy especial en una configuraci\u00f3n de sim racing. No es ni un volante completo ni una simple botonera. Es un m\u00f3dulo de control dise\u00f1ado para rally y rallycross, directamente inspirado en lo que se encuentra en los modernos coches WRC, y dise\u00f1ado para ser instalado detr\u00e1s de ciertos volantes Fanatec.<\/p>\n<p>Sobre el papel, promete un acceso ultradirecto a las funciones esenciales, una ergonom\u00eda dise\u00f1ada para eventos especiales y una integraci\u00f3n perfecta en el ecosistema Podio\/ClubSport. En resumen: menos men\u00fas, m\u00e1s instinto. Nos dirigimos a los pilotos de simulaci\u00f3n que quieren una interfaz de cabina que se parezca a un volante de rally real, con tantos controles como sea posible al alcance de sus dedos, sin necesidad de retoques.<\/p>\n<p>Mi punto de vista es simple: \u00bfeste m\u00f3dulo marca realmente la diferencia en la comodidad de conducci\u00f3n en rallyes y circuitos, o es s\u00f3lo un bonito artilugio premium para los aficionados al WRC? Me centr\u00e9 en tres puntos: la calidad de construcci\u00f3n, la ergonom\u00eda en situaciones reales y la idoneidad de la inversi\u00f3n en una configuraci\u00f3n Fanatec ya bien equipada.<\/p>\n<h2>Dise\u00f1o y fabricaci\u00f3n: un aut\u00e9ntico pedazo de coche de carreras<\/h2>\n<p>En la mano, el Podium Button Module Rally da inmediatamente una impresi\u00f3n de seriedad. El chasis es principalmente de metal y materiales compuestos, con un panel frontal denso que no se flexiona ni cruje, ni siquiera cuando se retuerce ligeramente. Parece m\u00e1s un hardware de competici\u00f3n que un accesorio de juego. Los botones son firmes, con un clic n\u00edtido y corto y sin holguras perceptibles. R\u00e1pidamente te das cuenta de que est\u00e1 dise\u00f1ado para abusar de \u00e9l.<\/p>\n<p>Los rotores (los mandos giratorios) tienen muescas bien marcadas, ni demasiado duras ni demasiado blandas. Se pueden manejar con guantes sin perderse ning\u00fan ajuste. Los peque\u00f1os interruptores son precisos, con una respuesta t\u00e1ctil clara. Nada parece barato. Es de nivel Podium, muy por encima de los pl\u00e1sticos m\u00e1s ligeros que encontrar\u00e1 en volantes de gama b\u00e1sica o media.<\/p>\n<p>El acabado general es limpio, con serigraf\u00eda legible, espaciado l\u00f3gico entre los controles y sin tornillos antiest\u00e9ticos. La integraci\u00f3n detr\u00e1s de un volante compatible sigue siendo compacta, por lo que no acabas con una unidad desproporcionada. Visualmente, el dise\u00f1o est\u00e1 claramente orientado al \"WRC\": funcional, t\u00e9cnico, sin adornos innecesarios.<\/p>\n<p>Hay dos aspectos en los que tengo mis dudas. En primer lugar, el m\u00f3dulo destaca realmente con ruedas y bases Fanatec de gama alta. Utilizado con una configuraci\u00f3n m\u00e1s modesta, la diferencia de nivel es evidente. En segundo lugar, algunos botones est\u00e1n muy juntos. Esto es efectivo en uso competitivo, pero si tienes las manos grandes o conduces sin guantes, a veces puedes tocar dos zonas al mismo tiempo al principio.<\/p>\n<p>En comparaci\u00f3n con las botoneras de terceros m\u00e1s 'sim racing garage', este Podium Button Module Rally est\u00e1 mucho m\u00e1s integrado, es m\u00e1s limpio y, sobre todo, m\u00e1s s\u00f3lido al tacto. Por otro lado, pierde un poco en libertad de montaje, ya que est\u00e1 claramente dise\u00f1ado para el ecosistema interno.<\/p>\n<h2>Ajustes, personalizaci\u00f3n y compatibilidad<\/h2>\n<p>El Podium Button Module Rally se configura principalmente a trav\u00e9s del software de Fanatec (FanaLab o controlador Fanatec, seg\u00fan la plataforma). A cada bot\u00f3n, rotador o interruptor se le puede asignar una funci\u00f3n, con retroalimentaci\u00f3n visual en el juego dependiendo del t\u00edtulo. Si ya est\u00e1s familiarizado con el ecosistema, te har\u00e1s con \u00e9l r\u00e1pidamente. Se aplica la misma l\u00f3gica de Fanatec: perfiles, mapeado, guardado por juego.<\/p>\n<p>Los ajustes m\u00e1s \u00fatiles est\u00e1n relacionados con funciones contextuales: mezcla de frenos, diferencial, control de tracci\u00f3n, mapeado ERS, cambios de p\u00e1gina HUD, gesti\u00f3n de faros, limpiaparabrisas, radio, etc. La idea es centralizar todos los controles de \"etapa\" o \"ingeniero\" en el m\u00f3dulo, para mantener el volante centrado en la conducci\u00f3n pura. La idea es centralizar todos los mandos de la \"etapa\" o del \"ingeniero\" en el m\u00f3dulo, para que el volante se centre en la pura conducci\u00f3n. Esto funciona especialmente bien en las simulaciones, donde los ajustes se realizan con precisi\u00f3n en tiempo real.<\/p>\n<p>La curva de aprendizaje depende sobre todo de la disciplina. En los rallies, se aprende r\u00e1pidamente: una vez que se ha decidido qu\u00e9 bot\u00f3n controla qu\u00e9, memorizarlo resulta bastante natural. En las carreras en circuito, con todas las funciones modernas (mapas de motor, nivel de ABS, mezcla de combustible), se tarda un poco m\u00e1s en crear una disposici\u00f3n l\u00f3gica. Pero una vez que lo tienes claro, vas mucho m\u00e1s fluido.<\/p>\n<p>En t\u00e9rminos de compatibilidad, se trata principalmente de un producto orientado al PC. Tambi\u00e9n funciona con consolas, pero aqu\u00ed es el combo base + volante + juego el que dicta las limitaciones reconocidas. No siempre se obtienen todas las asignaciones posibles en una consola, especialmente para las funciones m\u00e1s avanzadas. Para los jugadores que s\u00f3lo utilizan consolas, el atractivo del m\u00f3dulo se reduce un poco, aunque se conserve lo esencial.<\/p>\n<p>En el ecosistema Fanatec, la integraci\u00f3n es limpia: algunas llantas est\u00e1n expl\u00edcitamente dise\u00f1adas para alojar este m\u00f3dulo. Con un buen cockpit r\u00edgido, unas bielas de gama alta y una base Direct Drive, realmente tienes la sensaci\u00f3n de tener un cockpit completo. Por el contrario, lo veo menos como un punto de entrada y m\u00e1s como una mejora de una configuraci\u00f3n ya madura. No es lo primero que compras, es un ladrillo de acabado para un corredor de simulaci\u00f3n que sabe lo que quiere.<\/p>\n<h2>Sensaciones en juego: donde el m\u00f3dulo es realmente \u00fatil<\/h2>\n<p>Aunque el Podium Button Module Rally no gestiona el Force Feedback en s\u00ed, influye directamente en la forma en que utilizamos lo que nos env\u00eda la base Direct Drive. Donde creo que se percibe m\u00e1s su valor es en la posibilidad de ajustar la configuraci\u00f3n en tiempo real, sin apartar la vista del coche ni profundizar en los men\u00fas del teclado o los atajos del volante.<\/p>\n<p>En rally, en etapas complicadas o en superficies cambiantes, poder modificar r\u00e1pidamente el diferencial, la distribuci\u00f3n de los frenos o el mapa del motor cambia literalmente la forma en que lees el agarre. Te encuentras probando uno o dos clics de los reglajes para adaptar el coche, en lugar de tener que soportar un comportamiento imperfecto durante toda la etapa. Permaneces conectado al FFB, lees mejor lo que hace el coche, porque tu mente ya no est\u00e1 luchando con los men\u00fas.<\/p>\n<p>En curvas cerradas y de baja adherencia, el control se vuelve m\u00e1s instintivo. Mantienes las dos manos en el volante, pero los pulgares y los dedos encuentran los controles sin vacilar. Este es un punto esencial: el m\u00f3dulo evita esos momentos flotantes en los que buscas una tecla del teclado o un bot\u00f3n poco pr\u00e1ctico. En chicanes u horquillas, las correcciones r\u00e1pidas son m\u00e1s limpias, porque ya no interrumpes tus gestos al volante para ir a buscar un mando a otra parte.<\/p>\n<p>En superficies vibrantes y tramos degradados, la contribuci\u00f3n es m\u00e1s indirecta. Sigues sintiendo las oscilaciones, los saltos de adherencia y las compresiones a trav\u00e9s de la base Direct Drive, pero puedes, por ejemplo, reducir un nivel de ABS o de control de tracci\u00f3n en cuanto sientas que el coche est\u00e1 asfixiando demasiado la tracci\u00f3n. Ajustamos el comportamiento en funci\u00f3n de lo que sentimos, no de vagas impresiones posteriores a la carrera. El m\u00f3dulo se convierte en una extensi\u00f3n natural del Force Feedback.<\/p>\n<p>En sesiones de resistencia o de larga duraci\u00f3n, la consistencia de las sensaciones se ve reforzada por la reducci\u00f3n de la carga mental. No tienes que perder tanto tiempo intentando averiguar qu\u00e9 es qu\u00e9, porque tus dedos integran las posiciones de los botones. Puede cambiar el ajuste de consumo de combustible, modificar el delta de frenado o activar una funci\u00f3n secundaria sin perder de vista la trayectoria. Esto eleva el confort de conducci\u00f3n a un nivel superior, especialmente para los que participan en carreras serias por carretera.<\/p>\n<p>En comparaci\u00f3n con una configuraci\u00f3n con s\u00f3lo un volante b\u00e1sico o una base menos potente con menos mandos, la diferencia radica principalmente en la gesti\u00f3n fina del coche. En una base peque\u00f1a sin m\u00f3dulo, te concentras en 'sujetar' el coche. Con una base Direct Drive y este Podium Button Module Rally, te concentras en 'gestionar' el coche. Es m\u00e1s estrat\u00e9gico, m\u00e1s met\u00f3dico.<\/p>\n<p>Frente a configuraciones a\u00fan m\u00e1s extremas (bases multimarca de muy alta gama, botoneras personalizadas, m\u00faltiples cuadros de mandos), el m\u00f3dulo Fanatec juega la carta de la integraci\u00f3n limpia y la fiabilidad. No obtienes la libertad absoluta de un equipo personalizado completo, pero s\u00ed una interfaz muy coherente, dise\u00f1ada en torno a un uso avanzado en rally\/carreras.<\/p>\n<p>Al final, lo que realmente siento en el juego es un aumento de la confianza. Te atreves a cambiar los ajustes en directo, te atreves a utilizar las funciones de los coches modernos, porque todo est\u00e1 al alcance de tu mano. Ya no est\u00e1s sometido a la interfaz, la habitas.<\/p>\n<h2>\u00bfA qui\u00e9n va dirigido? Lo que nos gusta, lo que no nos gusta<\/h2>\n<p>El Podium Button Module Rally est\u00e1 claramente dirigido a un perfil intermedio-avanzado. Alguien que conduzca ocasionalmente, conform\u00e1ndose con asistencias y un m\u00ednimo de puesta a punto, no le sacar\u00e1 el m\u00e1ximo partido. Por el contrario, un piloto de simulaci\u00f3n que participe en rallies, rallycross o carreras modernas de GT\/prototipos encontrar\u00e1 en \u00e9l un verdadero potenciador de la eficiencia. En el PC, cobra a\u00fan m\u00e1s sentido gracias a la gran cantidad de asignaciones.<\/p>\n<p>Lo que m\u00e1s aprecio es la ergonom\u00eda orientada a la acci\u00f3n. Los botones son f\u00e1ciles de usar, y los rotores son f\u00e1ciles de manipular durante el frenado o la aceleraci\u00f3n. Puedes hacer mucho sin romper tu ritmo de conducci\u00f3n. En segundo lugar, la calidad de construcci\u00f3n inspira confianza: puedes apretar fuerte y girar r\u00e1pido sin miedo a romperte. Por \u00faltimo, la integraci\u00f3n en el ecosistema Fanatec es realmente limpia. Los cables se reducen al m\u00ednimo, el volante se mantiene limpio y no hay necesidad de montajes improvisados en el habit\u00e1culo.<\/p>\n<p>En cuanto a las limitaciones, la primera es obvia: es una inversi\u00f3n. Estamos hablando de un m\u00f3dulo premium que s\u00f3lo tiene sentido como parte de una configuraci\u00f3n ya s\u00f3lida. Para un jugador que est\u00e1 empezando o que a\u00fan no tiene una base Direct Drive seria, el presupuesto estar\u00eda mucho mejor invertido en otra cosa (base, pedales, cockpit). La segunda limitaci\u00f3n es que la compatibilidad con consolas reduce el atractivo para quienes buscan la m\u00e1xima usabilidad en estas plataformas. Mantienes las funciones b\u00e1sicas, pero no siempre obtienes todo el beneficio de lo que es posible en PC. En tercer lugar, la especializaci\u00f3n rally\/wrc es una ventaja... y una limitaci\u00f3n. Para el drifting arcade puro o la conducci\u00f3n muy casual, el m\u00f3dulo ser\u00e1 un poco \"demasiado\".<\/p>\n<p>En t\u00e9rminos de valor percibido, lo veo como una compra de consolidaci\u00f3n. Una vez que la configuraci\u00f3n principal est\u00e1 en su lugar, este m\u00f3dulo a\u00f1ade una capa muy espec\u00edfica de la eficiencia y el placer. Es el tipo de actualizaci\u00f3n que no te da m\u00e1s potencia bruta, pero te da m\u00e1s control y tranquilidad cuando est\u00e1s compitiendo.<\/p>\n<h2>Veredicto: un ladrillo premium para configuraciones serias<\/h2>\n<p>El Fanatec Podium Button Module Rally no transforma milagrosamente una configuraci\u00f3n media en una m\u00e1quina de competici\u00f3n. No sustituye a una buena base, un pedalier serio o un cockpit s\u00f3lido. Lo que s\u00ed cambia es la forma de interactuar con tu coche virtual. Pasas de un volante que \"s\u00f3lo\" es agradable de sujetar a algo que se siente como una cabina real y funcional.<\/p>\n<p>En el mercado, se sit\u00faa claramente en la categor\u00eda premium, a medio camino entre un accesorio de confort y una herramienta de rendimiento. No es imprescindible para todo el mundo, pero para quienes practican rallies o disciplinas modernas con muchos par\u00e1metros que gestionar, r\u00e1pidamente se hace dif\u00edcil prescindir de \u00e9l.<\/p>\n<p>Lo recomiendo a los corredores de simulaci\u00f3n de carreras ya equipados con Fanatec, principalmente en PC, que quieran impulsar la inmersi\u00f3n en la cabina y la eficacia de la gesti\u00f3n de las carreras. Para un principiante, un jugador muy ocasional, o alguien sin una base Direct Drive Fanatec, hay prioridades m\u00e1s l\u00f3gicas antes de considerar este tipo de m\u00f3dulo.<\/p>\n<p>Si lo que buscas es acercar tu volante al que encontrar\u00edas en un aut\u00e9ntico coche de rally, con un control total de los ajustes en tiempo real y una ergonom\u00eda de competici\u00f3n, este producto puede marcar claramente la diferencia en tu configuraci\u00f3n.<\/p>","protected":false},"excerpt":{"rendered":"<p>Sobre todo, este m\u00f3dulo me dio la sensaci\u00f3n de poder \"gestionar\" el coche mejor que conducirlo, con un acceso muy natural a los ajustes en medio de una etapa especial. Tiene sentido para los pilotos de simulaci\u00f3n que ya est\u00e1n bien equipados con Fanatec, sobre todo en PC, y que son pilotos de rally serios o pilotos de GT modernos. El valor es real, pero claramente orientado a configuraciones avanzadas.<\/p>","protected":false},"featured_media":101173,"comment_status":"open","ping_status":"closed","template":"","meta":{"_acf_changed":false,"_et_pb_use_builder":"","_et_pb_old_content":"","_et_gb_content_width":""},"product_brand":[158],"product_cat":[153],"product_tag":[149,159,160],"class_list":{"0":"post-101172","1":"product","2":"type-product","3":"status-publish","4":"has-post-thumbnail","6":"product_brand-fanatec","7":"product_cat-accessoires","8":"product_tag-pc","9":"product_tag-playstation","10":"product_tag-xbox","12":"first","13":"instock","14":"shipping-taxable","15":"product-type-external"},"acf":[],"_links":{"self":[{"href":"https:\/\/simracergear.com\/es\/wp-json\/wp\/v2\/product\/101172","targetHints":{"allow":["GET"]}}],"collection":[{"href":"https:\/\/simracergear.com\/es\/wp-json\/wp\/v2\/product"}],"about":[{"href":"https:\/\/simracergear.com\/es\/wp-json\/wp\/v2\/types\/product"}],"replies":[{"embeddable":true,"href":"https:\/\/simracergear.com\/es\/wp-json\/wp\/v2\/comments?post=101172"}],"wp:featuredmedia":[{"embeddable":true,"href":"https:\/\/simracergear.com\/es\/wp-json\/wp\/v2\/media\/101173"}],"wp:attachment":[{"href":"https:\/\/simracergear.com\/es\/wp-json\/wp\/v2\/media?parent=101172"}],"wp:term":[{"taxonomy":"product_brand","embeddable":true,"href":"https:\/\/simracergear.com\/es\/wp-json\/wp\/v2\/product_brand?post=101172"},{"taxonomy":"product_cat","embeddable":true,"href":"https:\/\/simracergear.com\/es\/wp-json\/wp\/v2\/product_cat?post=101172"},{"taxonomy":"product_tag","embeddable":true,"href":"https:\/\/simracergear.com\/es\/wp-json\/wp\/v2\/product_tag?post=101172"}],"curies":[{"name":"wp","href":"https:\/\/api.w.org\/{rel}","templated":true}]}}