{"id":101211,"date":"2025-11-28T04:46:47","date_gmt":"2025-11-28T04:46:47","guid":{"rendered":"https:\/\/simracergear.com\/products\/fanatec-podium-racing-wheel-porsche-911-gt3-r\/"},"modified":"2025-11-28T04:46:47","modified_gmt":"2025-11-28T04:46:47","slug":"fanatec-podium-racing-wheel-porsche-911-gt3-r","status":"publish","type":"product","link":"https:\/\/simracergear.com\/es\/products\/fanatec-podium-racing-wheel-porsche-911-gt3-r\/","title":{"rendered":"Fanatec Podium Volante Porsche 911 GT3 R"},"content":{"rendered":"<h2>Fanatec Podium Racing Wheel Porsche 911 GT3 R: prueba y an\u00e1lisis de un volante de tracci\u00f3n directa de gama alta<\/h2>\n<p>En el mundo de la simulaci\u00f3n de carreras, el Fanatec Podium Racing Wheel Porsche 911 GT3 R se posiciona como un combo de gama muy alta: potente base Direct Drive, volante con licencia oficial Porsche, paquete dise\u00f1ado para aquellos que quieren una sensaci\u00f3n 'pro' en casa. Estamos claramente en el segmento premium, por encima de las bases accionadas por correa y los kits \"listos para usar\" para principiantes.<\/p>\n<p>Este producto promete un Force Feedback ultradirecto, una inmersi\u00f3n similar a la de GT3 y una amplia compatibilidad con el ecosistema Fanatec. Sobre el papel, es el kit para simracers exigentes que quieren acercarse al hardware de los equipos de eSport.<\/p>\n<p>Mi \u00e1ngulo de an\u00e1lisis es simple: calidad de construcci\u00f3n, comodidad en la mano, precisi\u00f3n del Force Feedback, comportamiento en sesiones largas, e inter\u00e9s real para diferentes perfiles (PC, consola, principiante ambicioso o piloto experimentado). La idea es ver si este volante merece su lugar en una configuraci\u00f3n seria y, sobre todo, si justifica su precio en comparaci\u00f3n con otras bases Direct Drive m\u00e1s recientes o m\u00e1s accesibles.<\/p>\n<h2>Dise\u00f1o y fabricaci\u00f3n: sensaci\u00f3n de coche de carreras<\/h2>\n<p>En la mano, la primera palabra que viene a la mente es \"s\u00f3lido\". La base Podium rezuma densidad, con un cuerpo de metal mecanizado y acabados limpios. Nada se mueve, nada parece hueco. La rigidez general inspira confianza de inmediato, sobre todo si vienes de un volante accionado por correa o un kit m\u00e1s ligero.<\/p>\n<p>El volante del Porsche 911 GT3 R en s\u00ed es una verdadera atracci\u00f3n. Las proporciones, la forma del aro y la disposici\u00f3n de los botones y mandos reflejan la inspiraci\u00f3n en las carreras. El revestimiento de alc\u00e1ntara o cuero (dependiendo de la versi\u00f3n) ofrece un gran agarre. En la mano, se tiene la impresi\u00f3n de sostener un aut\u00e9ntico volante GT3, con un di\u00e1metro apropiado para la conducci\u00f3n en circuito. Las levas son sencillas y met\u00e1licas, con un clic claro. Son precisas, secas y eficaces. No tienes miedo de abusar de ellas cuando frenas tarde.<\/p>\n<p>La calidad general es claramente superior a la de los kits de gama media. Comparado con un volante de la serie CSL o con ciertos modelos m\u00e1s \"pl\u00e1sticos\" de la competencia, la sensaci\u00f3n de solidez ha subido mucho. Es f\u00e1cil ver por qu\u00e9 merece la pena la inversi\u00f3n.<\/p>\n<p>Sin embargo, no todo es perfecto. El paquete sigue siendo bastante pesado, lo que significa que la cabina tiene que ser r\u00edgida. Sobre un soporte ligero o un escritorio, r\u00e1pidamente se tiene la sensaci\u00f3n de que no es el entorno adecuado. Algunos detalles est\u00e9ticos pueden parecer un poco recargados si prefieres un estilo sobrio, y los numerosos botones\/giratorios pueden intimidar al principio. Pero en conjunto, es un producto que da la impresi\u00f3n de durar mucho tiempo, incluso con un uso intensivo.<\/p>\n<h2>Ajustes, personalizaci\u00f3n y compatibilidad: potente pero exigente<\/h2>\n<p>En t\u00e9rminos de ajustes, esto es puro Fanatec: muchas opciones, mucha potencia y mucho margen de personalizaci\u00f3n. Los men\u00fas integrados en la unidad base, combinados con el software para PC, permiten ajustar la potencia general, la linealidad, los filtros, la reproducci\u00f3n de detalles finos, los topes, la fricci\u00f3n artificial, etc. Para alguien que realmente quiera ajustar la sensaci\u00f3n de cada simulaci\u00f3n, hay mucho que hacer.<\/p>\n<p>La buena noticia es la presencia de preajustes y perfiles recomendados que te permiten partir de una base correcta sin perderte en los par\u00e1metros. La mala noticia es que para sacar el m\u00e1ximo partido a la base Podium, tienes que estar preparado para pasar alg\u00fan tiempo con ella. La curva de aprendizaje es m\u00e1s pronunciada que en una base m\u00e1s sencilla o menos potente. Cuando empiezas a forzar el par disponible, una configuraci\u00f3n mal equilibrada puede hacer que el volante canse r\u00e1pidamente o sea demasiado brutal.<\/p>\n<p>En t\u00e9rminos de compatibilidad, el Podium Racing Wheel Porsche 911 GT3 R est\u00e1 dise\u00f1ado para encajar en el ecosistema Fanatec: otros volantes intercambiables, bielas Load Cell o hidr\u00e1ulicas, palancas de cambio, freno de mano, etc. El cierre r\u00e1pido permite cambiar de volante sin complicaciones, lo que resulta muy \u00fatil si alternas entre GT, monoplazas y rallyes. En PC, la compatibilidad con los principales simuladores es muy amplia. En consolas, todo depende de la variante elegida y de la licencia de a bordo, pero seguimos hablando de una soluci\u00f3n bastante de gama alta y exigente, que se aprovecha mejor en PC.<\/p>\n<p>En t\u00e9rminos de escalabilidad, se trata m\u00e1s de una base de destino que de un punto de entrada. Es una compra para varios a\u00f1os, no una etapa provisional antes de un modelo superior. Puedes cambiar el volante, los pedales y la cabina a su alrededor, pero la base en s\u00ed es claramente el coraz\u00f3n de la configuraci\u00f3n.<\/p>\n<h2>Sensaciones en juego: un accionamiento directo que no deja nada al azar<\/h2>\n<p>Donde realmente destaca este kit es en la pista. La potencia del Direct Drive Podium no s\u00f3lo se utiliza para \"sacudir\" m\u00e1s fuerte, sino tambi\u00e9n para ofrecer una gama din\u00e1mica mucho m\u00e1s fina. Los peque\u00f1os fragmentos de informaci\u00f3n aparecen, al igual que los medianos, y las grandes transferencias de carga completan la imagen. Da la impresi\u00f3n de que el coche habla constantemente.<\/p>\n<p>En la entrada en curva, la precisi\u00f3n del FFB se hace patente de inmediato. El volante se convierte en una herramienta quir\u00fargica para posicionar el coche con precisi\u00f3n centim\u00e9trica. Se nota cuando la parte delantera empieza a patinar, no por una vibraci\u00f3n gruesa, sino por un aligeramiento gradual unido a micromovimientos en la llanta. En una transmisi\u00f3n por correa menos potente, estas sutilezas suelen suavizarse o retrasarse.<\/p>\n<p>El agarre es muy claro: puedes leer el neum\u00e1tico, no s\u00f3lo la pista. A la salida de las curvas, con el par entrando y la trasera buscando el l\u00edmite, el volante reacciona con una rapidez impresionante. Las correcciones r\u00e1pidas son m\u00e1s intuitivas, casi naturales. Te encontrar\u00e1s recuperando derrapadas que ser\u00edan m\u00e1s dif\u00edciles de coger con una base m\u00e1s lenta o m\u00e1s filtrada. Aqu\u00ed es donde la base cambia realmente la experiencia.<\/p>\n<p>Los vibradores son otro buen indicador de la calidad del FFB. Aqu\u00ed no s\u00f3lo se obtiene un \"bzz\" uniforme. Puedes notar la diferencia entre un vibrador plano, un vibrador agresivo, un borde suelto o una salida ligeramente demasiado ancha en la hierba. Realmente puedes utilizar los vibradores como marcadores de trayectoria sin tener la impresi\u00f3n de que todo est\u00e1 mezclado.<\/p>\n<p>En sesiones largas, la consistencia de la respuesta de fuerza marca una verdadera diferencia. No se percibe sobrecalentamiento ni p\u00e9rdida de par. El volante se mantiene estable, fiel y, sobre todo, coherente en sus reacciones. La fatiga proviene m\u00e1s de los brazos que del hardware. Hay que aceptar esta dimensi\u00f3n f\u00edsica: explotar el potencial del Podium a alto nivel requiere un m\u00ednimo de acondicionamiento. Afortunadamente, siempre se puede bajar la potencia para encontrar un compromiso m\u00e1s c\u00f3modo.<\/p>\n<p>En comparaci\u00f3n con una base Direct Drive o una transmisi\u00f3n por correa m\u00e1s modestas, el coche es m\u00e1s n\u00edtido, responde mejor y tiene una lectura de agarre m\u00e1s fina. El coche se siente menos \"flotante\" y m\u00e1s conectado. Comparado con algunos Direct Drive a\u00fan m\u00e1s extremos, la diferencia est\u00e1 m\u00e1s en la potencia bruta que en la calidad de la se\u00f1al. Para simracing serio en casa, la reserva de par ya es m\u00e1s que suficiente. La verdadera ganancia est\u00e1 en la confianza: te atreves a frenar m\u00e1s tarde, cargar m\u00e1s el eje delantero y ser m\u00e1s agresivo en las correcciones, porque el volante te sigue sin dar nunca la impresi\u00f3n de sobrecarga.<\/p>\n<h2>\u00bfA qui\u00e9n va dirigido? Lo que nos gusta, lo que no nos gusta<\/h2>\n<p>Este volante est\u00e1 claramente dirigido a simracers comprometidos: entusiastas intermedios que quieren dar un claro paso adelante, pilotos experimentados que conducen con regularidad o usuarios orientados al PC que buscan una configuraci\u00f3n \"casi permanente\". Para los principiantes totales, es posible, pero la inversi\u00f3n es importante y la potencia puede intimidar. En una consola, conserva todo su atractivo, pero es en un PC donde se le saca el m\u00e1ximo partido.<\/p>\n<p>Lo que m\u00e1s me gusta es la calidad de construcci\u00f3n y el tacto del volante del Porsche 911 GT3 R. Da la sensaci\u00f3n de estar manejando una pieza de hardware de carreras, no un simple accesorio de juego. Adem\u00e1s, la precisi\u00f3n y la riqueza del Force Feedback cambian tu relaci\u00f3n con el coche. Entiendes inmediatamente lo que hace el coche, lo que le gusta y lo que no. Por \u00faltimo, la integraci\u00f3n en el ecosistema Fanatec, con la posibilidad de desarrollar todo el resto de la configuraci\u00f3n en torno a una base s\u00f3lida: cambiar el volante, los pedales, a\u00f1adir una palanca de cambios, el freno de mano, etc., etc.<\/p>\n<p>Por otro lado, hay varios puntos que merece la pena destacar. El primero es la inversi\u00f3n financiera, claramente situada en el extremo superior del mercado. Es una compra apasionada, no racional para el jugador ocasional. El segundo es la curva de aprendizaje en t\u00e9rminos de ajustes: para beneficiarse realmente del Podium, hay que estar dispuesto a probar, ajustar y afinar. Los que quieran \"enchufar y jugar\" sin m\u00e1s se arriesgan a desaprovechar su potencial. El tercero son los requisitos del material: sin un cockpit r\u00edgido, un asiento bien fijado y un entorno estable, no se puede aprovechar al m\u00e1ximo el par motor disponible.<\/p>\n<p>En t\u00e9rminos de valor percibido, si conduces mucho, varias veces a la semana, en simulaciones serias, el Podium Racing Wheel Porsche 911 GT3 R se defiende muy bien. Si conduces ocasionalmente y tu presupuesto es ajustado, el escal\u00f3n puede parecer demasiado alto para lo que realmente le sacar\u00e1s a diario.<\/p>\n<h2>Veredicto: una configuraci\u00f3n b\u00e1sica para usuarios exigentes de simracer<\/h2>\n<p>En una configuraci\u00f3n de sim racing, el Fanatec Podium Racing Wheel Porsche 911 GT3 R se convierte inmediatamente en la pieza central. Establece el est\u00e1ndar para el resto del hardware: cabina r\u00edgida, buenos pedales, pantalla o RV a juego. Sit\u00faa tu instalaci\u00f3n en la categor\u00eda premium, muy por encima de la mayor\u00eda de soluciones de consumo.<\/p>\n<p>En el mercado, puede clasificarse como un Direct Drive de gama alta para el gran p\u00fablico, en el l\u00edmite con el hardware semiprofesional. No se trata de un producto b\u00e1sico ni de una simple \"actualizaci\u00f3n\" est\u00e9tica: es un cambio de filosof\u00eda, con un enfoque m\u00e1s serio del pilotaje virtual.<\/p>\n<p>Lo recomendar\u00eda a los aficionados a los simracers que ya saben que est\u00e1n enganchados, que dedican tiempo a los t\u00edtulos de \u00faltima generaci\u00f3n y que quieren una respuesta de fuerza limpia, potente y detallada. Para alguien que est\u00e1 empezando, o que juega principalmente a juegos de consola de forma ocasional, una soluci\u00f3n m\u00e1s asequible a menudo tendr\u00e1 m\u00e1s sentido.<\/p>\n<p>Si buscas un volante Direct Drive envolvente y bien construido que te proporcione una sensaci\u00f3n real del coche y te sirva como base s\u00f3lida para una configuraci\u00f3n evolutiva, este producto puede marcar claramente la diferencia en tu configuraci\u00f3n.<\/p>","protected":false},"excerpt":{"rendered":"<p>Este combo proporciona una sensaci\u00f3n real de equipo de carreras en casa, con un Force Feedback muy legible que cambia la forma de sentir el coche y conducir a largo plazo. Tiene sentido para los simracers que ya han invertido, especialmente en PC, dispuestos a optimizar su configuraci\u00f3n y su cockpit. La relaci\u00f3n calidad\/precio sigue siendo coherente si conduces a menudo.<\/p>","protected":false},"featured_media":101212,"comment_status":"open","ping_status":"closed","template":"","meta":{"_acf_changed":false,"_et_pb_use_builder":"","_et_pb_old_content":"","_et_gb_content_width":""},"product_brand":[158],"product_cat":[156],"product_tag":[149,159],"class_list":{"0":"post-101211","1":"product","2":"type-product","3":"status-publish","4":"has-post-thumbnail","6":"product_brand-fanatec","7":"product_cat-roue-de-volant","8":"product_tag-pc","9":"product_tag-playstation","11":"first","12":"instock","13":"shipping-taxable","14":"product-type-external"},"acf":[],"_links":{"self":[{"href":"https:\/\/simracergear.com\/es\/wp-json\/wp\/v2\/product\/101211","targetHints":{"allow":["GET"]}}],"collection":[{"href":"https:\/\/simracergear.com\/es\/wp-json\/wp\/v2\/product"}],"about":[{"href":"https:\/\/simracergear.com\/es\/wp-json\/wp\/v2\/types\/product"}],"replies":[{"embeddable":true,"href":"https:\/\/simracergear.com\/es\/wp-json\/wp\/v2\/comments?post=101211"}],"wp:featuredmedia":[{"embeddable":true,"href":"https:\/\/simracergear.com\/es\/wp-json\/wp\/v2\/media\/101212"}],"wp:attachment":[{"href":"https:\/\/simracergear.com\/es\/wp-json\/wp\/v2\/media?parent=101211"}],"wp:term":[{"taxonomy":"product_brand","embeddable":true,"href":"https:\/\/simracergear.com\/es\/wp-json\/wp\/v2\/product_brand?post=101211"},{"taxonomy":"product_cat","embeddable":true,"href":"https:\/\/simracergear.com\/es\/wp-json\/wp\/v2\/product_cat?post=101211"},{"taxonomy":"product_tag","embeddable":true,"href":"https:\/\/simracergear.com\/es\/wp-json\/wp\/v2\/product_tag?post=101211"}],"curies":[{"name":"wp","href":"https:\/\/api.w.org\/{rel}","templated":true}]}}