{"id":101237,"date":"2025-05-15T08:04:00","date_gmt":"2025-05-15T08:04:00","guid":{"rendered":"https:\/\/simracergear.com\/products\/fanatec-podium-steering-wheel-fanatec-gt-world-challenge\/"},"modified":"2025-11-28T05:07:06","modified_gmt":"2025-11-28T05:07:06","slug":"fanatec-podium-steering-wheel-fanatec-gt-world-challenge","status":"publish","type":"product","link":"https:\/\/simracergear.com\/es\/products\/fanatec-podium-steering-wheel-fanatec-gt-world-challenge\/","title":{"rendered":"Volante Fanatec Podium Fanatec GT World Challenge"},"content":{"rendered":"<h2>Fanatec Podium Volante Fanatec GT World Challenge : prueba y an\u00e1lisis completo<\/h2>\n<p>El Fanatec Podium Steering Wheel Fanatec GT World Challenge se encuentra claramente en la categor\u00eda de volantes premium orientados a GT, dise\u00f1ados para las bases Fanatec Direct Drive. Este producto est\u00e1 dirigido a los pilotos de simulaci\u00f3n de carreras que ya est\u00e1n equipados y quieren subir de gama en cuanto a tacto, precisi\u00f3n y ergonom\u00eda de estilo competici\u00f3n.<\/p>\n<p>Sobre el papel, este volante promete un compromiso interesante: ADN Podium (tope de gama), un tama\u00f1o realista para GT, una construcci\u00f3n seria y una interfaz muy orientada a los turismos y GT3 modernos. Atraer\u00e1 sobre todo a aquellos que conducen principalmente coches GT\/GT4\/TC en simuladores de \u00faltima generaci\u00f3n, pero que no quieren caer en la trampa ultra especializada de los \"prototipos LMP\/F\u00f3rmula\".<\/p>\n<p>Mi punto de vista aqu\u00ed es simple: \u00bfcambia realmente este volante la forma de conducir en comparaci\u00f3n con un volante Fanatec m\u00e1s tradicional y, sobre todo, justifica su posicionamiento premium en t\u00e9rminos de tacto, comodidad de uso y eficacia en la pista? \u00bfOfrece realmente algo m\u00e1s que un volante GT b\u00e1sico o de gama media, o est\u00e1s pagando m\u00e1s por la est\u00e9tica y las licencias?<\/p>\n<h2>Dise\u00f1o y fabricaci\u00f3n<\/h2>\n<p>En la mano, la primera impresi\u00f3n es claramente de densidad. El Fanatec GT World Challenge se siente inmediatamente s\u00f3lido, t\u00edpico de la gama Podium. El chasis es de metal r\u00edgido, sin flexi\u00f3n perceptible, incluso al empujar sobre la llanta. Parece una unidad coherente y bien ensamblada, sin holguras par\u00e1sitas.<\/p>\n<p>Los pu\u00f1os, de goma o de material sint\u00e9tico texturizado seg\u00fan la versi\u00f3n, ofrecen un agarre muy seguro. No es tan \"lujoso\" como el nuevo Alcantara, pero es m\u00e1s pr\u00e1ctico para el uso diario, especialmente si se conduce durante largos periodos o sin guantes. En la mano, la forma de los pu\u00f1os es c\u00f3moda, con un buen apoyo para los pulgares. R\u00e1pidamente se tiene la sensaci\u00f3n de que se puede bloquear el pu\u00f1o sin apretar demasiado.<\/p>\n<p>Las palas magn\u00e9ticas aumentan la sensaci\u00f3n de carrera. El clic es n\u00edtido, limpio y r\u00e1pido, con un recorrido corto. Se nota enseguida que no es pl\u00e1stico para principiantes. Para aquellos a los que les gustan los cambios de marcha precisos y suaves, es muy satisfactorio. El ruido est\u00e1 presente, pero no es excesivo: se trata de un cambio de carreras, no de un juguete.<\/p>\n<p>El panel frontal, con sus botones, rotores y pantallas, rezuma seriedad. Los controles est\u00e1n bien espaciados, f\u00e1ciles de encontrar sin buscar demasiado una vez que te acostumbras a ellos. La resistencia de los mandos giratorios est\u00e1 bien equilibrada, ni demasiado dura ni demasiado floja. Es f\u00e1cil ver que est\u00e1 dise\u00f1ado para ser manejado en acci\u00f3n, incluso con guantes.<\/p>\n<p>Donde a veces puede decepcionar un poco es en ciertos detalles est\u00e9ticos: los acabados no est\u00e1n al nivel de un volante ultra boutique en carbono integral y botones personalizados. Seguimos en el universo Fanatec industrial de alta gama, no en el de las piezas de coleccionista artesanales. En comparaci\u00f3n con los volantes Fanatec de gama inferior, la diferencia se nota sobre todo en la rigidez, la calidad de las levas y la sensaci\u00f3n general de solidez. Realmente parece que hemos dado un giro de 180 grados.<\/p>\n<p>En resumen, se trata de un volante que transmite confianza en cuanto se tiene en la mano: se nota que est\u00e1 hecho para soportar horas de conducci\u00f3n intensiva sobre una base Direct Drive sin inmutarse.<\/p>\n<h2>Ajustes, personalizaci\u00f3n y compatibilidad<\/h2>\n<p>Con Fanatec, la personalizaci\u00f3n es en gran medida un asunto de ecosistema: ajustes a trav\u00e9s de la base DD, a trav\u00e9s del software de Fanatec en el PC, y una secci\u00f3n directamente accesible en el volante dependiendo de la combinaci\u00f3n base\/plataforma. No se trata de un producto plug-and-play minimalista, sino de un volante dise\u00f1ado para ser ajustado con precisi\u00f3n en un entorno que ya es Fanatec.<\/p>\n<p>Hay suficientes botones y mandos para mapear todas las funciones esenciales de un coche GT moderno: polarizaci\u00f3n de frenos, TC, ABS, mapa motor, limitador de pit, radio, cambio de pantalla, etc. Es f\u00e1cil adaptar el mapeado para que se adapte al simus, pero al principio hay que tomarse un poco de tiempo para encontrar una l\u00f3gica que se adapte a tu estilo de conducci\u00f3n.<\/p>\n<p>La curva de aprendizaje es razonable. Al principio, hay que buscar los botones adecuados en la pista, pero la disposici\u00f3n sigue siendo coherente. Las marcas f\u00edsicas de algunos controles te ayudan a encontrarlos sin apartar la vista de la carretera. Tras unas cuantas sesiones, empiezas a manipular los rotativos \"a ciegas\" sin pensar demasiado, que es exactamente el objetivo.<\/p>\n<p>En t\u00e9rminos de compatibilidad, el volante se integra de forma natural en el ecosistema Fanatec: vainas Direct Drive de la marca, pedales propios, palancas de cambio, frenos de mano, etc. En un PC, puedes aprovechar al m\u00e1ximo todas las funciones. En las consolas, la experiencia depende sobre todo de la base a la que se acople, pero el volante en s\u00ed se desenvuelve a la perfecci\u00f3n en este papel, especialmente en los t\u00edtulos orientados a GT.<\/p>\n<p>En t\u00e9rminos de actualizaci\u00f3n, no es un punto de entrada, es una actualizaci\u00f3n. Este volante tiene mucho sentido en una base Direct Drive ya s\u00f3lida. Es lo suficientemente completo como para mantenerlo durante mucho tiempo en una configuraci\u00f3n actualizable. Puedes cambiar tu base Fanatec o mejorar tu cockpit sin que el volante se convierta en un eslab\u00f3n d\u00e9bil. Se trata claramente de una inversi\u00f3n a largo plazo en la cadena de control.<\/p>\n<h2>Sensaciones en juego<\/h2>\n<p>Una vez en la pista, la diferencia est\u00e1 tanto en la ergonom\u00eda como en la sensaci\u00f3n pura de la respuesta de fuerza. Basado en un Fanatec Direct Drive, este volante transmite la informaci\u00f3n con gran claridad. No se obtiene un FFB m\u00e1s \"fuerte\" que con otro volante Fanatec, pero s\u00ed la sensaci\u00f3n de que todo pasa m\u00e1s suavemente por las manos, gracias a la rigidez del aro y a la forma de las empu\u00f1aduras.<\/p>\n<p>En las curvas, lo que m\u00e1s llama la atenci\u00f3n es la claridad del agarre. Puedes sentir con bastante precisi\u00f3n cu\u00e1ndo empieza a derrapar el tren delantero, cu\u00e1ndo se descarga el trasero, cu\u00e1ndo el coche se estrella contra un vibrador. La forma GT, m\u00e1s compacta que la de un gran volante redondo estilo rally, permite movimientos m\u00e1s cortos y nerviosos. Esto ayuda enormemente a la hora de posicionar el coche, especialmente en los tramos t\u00e9cnicos.<\/p>\n<p>En los vibradores, la estructura r\u00edgida del volante y la s\u00f3lida conexi\u00f3n con la base marcan la diferencia. Las vibraciones y los cambios de carga no se amortiguan. Puedes sentir la textura de la pista, los bordillos agresivos, las zonas m\u00e1s resbaladizas del espacio libre. Esto es muy \u00fatil para juzgar hasta d\u00f3nde puedes morder un vibrador sin salir despedido.<\/p>\n<p>Para correcciones r\u00e1pidas, el di\u00e1metro razonable y el buen agarre ayudan mucho. Se puede enlazar el contramanillar con menos amplitud y m\u00e1s velocidad. El volante sigue sin lentitud, sin tiempos muertos. Las levas magn\u00e9ticas son f\u00e1ciles de alcanzar, incluso cuando te mueves con fuerza, por lo que no te perder\u00e1s un cambio de marcha en medio de una pelea.<\/p>\n<p>En sesiones largas, la comodidad se mantiene. Los pu\u00f1os no cansan demasiado las manos, y la forma permite variar ligeramente el agarre sin perder el control. Si pilotas con una base muy potente, tendr\u00e1s que adaptar un poco el FFB de todos modos, pero el volante no te da esa impresi\u00f3n de \"luchar\" contra una herramienta mal dise\u00f1ada. Al contrario, acompa\u00f1a bien el esfuerzo.<\/p>\n<p>En comparaci\u00f3n con un volante Fanatec b\u00e1sico o de gama media, el coche parece m\u00e1s preciso, la respuesta es m\u00e1s coherente y se tiene m\u00e1s sensaci\u00f3n de control. El coche parece responder m\u00e1s directamente, especialmente al hacer peque\u00f1as correcciones. Es sutil, pero cuando empiezas a conducir r\u00e1pido, esa sutileza marca la diferencia.<\/p>\n<p>Frente a un volante a\u00fan m\u00e1s extremo, con m\u00e1s botones y una construcci\u00f3n a\u00fan m\u00e1s radical, el GT World Challenge es algo m\u00e1s prudente y vers\u00e1til. Conserva un dise\u00f1o ergon\u00f3mico que se adapta bien a diferentes t\u00edtulos y diferentes coches GT. Para sprint, endurance o hotlap, se mantienen las mismas sensaciones b\u00e1sicas, sin la impresi\u00f3n de estar encerrado en un estilo demasiado espec\u00edfico.<\/p>\n<p>En general, tienes una mayor sensaci\u00f3n de control: entiendes r\u00e1pidamente lo que est\u00e1 haciendo el coche, d\u00f3nde est\u00e1 en t\u00e9rminos de agarre y hasta d\u00f3nde puedes empujarlo sin perderlo. Ah\u00ed es donde este volante empieza realmente a justificar su posici\u00f3n.<\/p>\n<h2>\u00bfA qui\u00e9n va dirigido? Lo que nos gusta \/ Lo que no nos gusta<\/h2>\n<p>Este volante est\u00e1 dirigido principalmente a pilotos de simulaci\u00f3n intermedios y avanzados que ya forman parte del ecosistema Fanatec, que conducen principalmente GT3, GT4, turismos o protos \"cerrados\", y que quieren una herramienta m\u00e1s seria que un volante de iniciaci\u00f3n. En un PC, tiene sentido con simus exigentes; en una consola, sigue siendo interesante si juegas mucho a juegos modernos orientados a GT.<\/p>\n<p>Lo que m\u00e1s apreciamos es la combinaci\u00f3n de rigidez y ergonom\u00eda. Se nota inmediatamente que esta llanta est\u00e1 construida para la precisi\u00f3n: sin flexiones innecesarias, una forma bien pensada, unas levas que dan ganas de cambiar de marcha. Tambi\u00e9n nos gusta la riqueza de los controles, que permiten manejar el coche como un aut\u00e9ntico GT: ajustar la inclinaci\u00f3n de los frenos, la tracci\u00f3n, el ABS o los mapas del motor se convierte en algo natural con los mandos giratorios y los botones bien situados. Por \u00faltimo, el tacto del FFB a trav\u00e9s de este aro, sobre una buena base Direct Drive, da una sensaci\u00f3n real de mayor nivel que con volantes m\u00e1s b\u00e1sicos. Se gana en finura, confianza y consistencia.<\/p>\n<p>En cuanto a las limitaciones, seamos claros: no es un volante para el principiante ocasional. El precio, la densidad de los controles y la orientaci\u00f3n muy GT lo convierten en una mala elecci\u00f3n si s\u00f3lo juegas de vez en cuando o si acabas de descubrir las carreras de simulaci\u00f3n. La est\u00e9tica, muy orientada a las carreras modernas, tambi\u00e9n puede resultar menos atractiva para quienes prefieran un estilo m\u00e1s cl\u00e1sico o un volante grande, redondo y multidisciplinar. Por \u00faltimo, algunos de los detalles de acabado siguen siendo \"industriales\": no se trata de un producto ultra boutique con un aspecto ultra lujoso totalmente de carbono, lo que puede resultar frustrante a este nivel de inversi\u00f3n para quienes buscan ante todo un objeto de exposici\u00f3n.<\/p>\n<p>En t\u00e9rminos de inversi\u00f3n, estamos claramente en la categor\u00eda premium. No es la primera rueda que debes comprar en un montaje, sino una mejora seria una vez que ya tienes una buena base, un eje de pedalier s\u00f3lido y un cockpit decente. En t\u00e9rminos de valor percibido, se mantiene bien si realmente aprovechas al m\u00e1ximo su ergonom\u00eda y tacto. Si eres principalmente un ciclista GT y buscas mejorar el tacto y la consistencia, podr\u00eda merecer la pena el esfuerzo econ\u00f3mico.<\/p>\n<h2>Veredicto<\/h2>\n<p>El volante Fanatec Podium Fanatec GT World Challenge supone un verdadero salto de calidad en la configuraci\u00f3n orientada a los GT. No es s\u00f3lo un volante m\u00e1s bonito: la rigidez, la forma de las empu\u00f1aduras, la calidad de las levas y la gran cantidad de controles transforman realmente la forma de interactuar con el coche. Da la sensaci\u00f3n de estar conduciendo con una herramienta de carreras, no s\u00f3lo con un accesorio de juego.<\/p>\n<p>En el mercado, se sit\u00faa claramente en el segmento premium especializado en GT, entre los volantes para \"consumidores avanzados\" y las soluciones ultraex\u00f3ticas de gama muy alta. Est\u00e1 dirigido a conductores que ya tienen una base Direct Drive Fanatec, que se toman en serio las carreras de simulaci\u00f3n y que quieren un volante aut\u00e9ntico dedicado a los GT modernos, sin grandes concesiones.<\/p>\n<p>Lo recomiendo encarecidamente para simracers intermedios o avanzados que conduzcan mucho GT3\/GT4\/touring en PC o consola, y que ya est\u00e9n bien asentados en el ecosistema Fanatec. Por otro lado, si buscas un volante polivalente que te permita hacer de todo, o si est\u00e1s empezando con un presupuesto ajustado, hay opciones m\u00e1s adecuadas antes de llegar a este nivel.<\/p>\n<p>Si buscas un volante GT que sea serio, r\u00edgido, rico en controles y realmente cortado para explotar una base Direct Drive, este producto puede marcar claramente la diferencia en tu configuraci\u00f3n.<\/p>","protected":false},"excerpt":{"rendered":"<p>Este volante me dio la sensaci\u00f3n de haber alcanzado un verdadero hito en t\u00e9rminos de precisi\u00f3n, legibilidad del agarre y comodidad de uso en los coches GT modernos. Sobre todo, tiene sentido para simracers intermedios o avanzados ya equipados con Fanatec Direct Drive y centrados en GT3\/GT4. Sigue siendo una inversi\u00f3n que merece la pena si realmente se aprovechan al m\u00e1ximo sus ventajas ergon\u00f3micas y de tacto.<\/p>","protected":false},"featured_media":101238,"comment_status":"open","ping_status":"closed","template":"","meta":{"_acf_changed":false,"_et_pb_use_builder":"","_et_pb_old_content":"","_et_gb_content_width":""},"product_brand":[158],"product_cat":[156],"product_tag":[149,159],"class_list":{"0":"post-101237","1":"product","2":"type-product","3":"status-publish","4":"has-post-thumbnail","6":"product_brand-fanatec","7":"product_cat-roue-de-volant","8":"product_tag-pc","9":"product_tag-playstation","11":"first","12":"instock","13":"shipping-taxable","14":"product-type-external"},"acf":[],"_links":{"self":[{"href":"https:\/\/simracergear.com\/es\/wp-json\/wp\/v2\/product\/101237","targetHints":{"allow":["GET"]}}],"collection":[{"href":"https:\/\/simracergear.com\/es\/wp-json\/wp\/v2\/product"}],"about":[{"href":"https:\/\/simracergear.com\/es\/wp-json\/wp\/v2\/types\/product"}],"replies":[{"embeddable":true,"href":"https:\/\/simracergear.com\/es\/wp-json\/wp\/v2\/comments?post=101237"}],"wp:featuredmedia":[{"embeddable":true,"href":"https:\/\/simracergear.com\/es\/wp-json\/wp\/v2\/media\/101238"}],"wp:attachment":[{"href":"https:\/\/simracergear.com\/es\/wp-json\/wp\/v2\/media?parent=101237"}],"wp:term":[{"taxonomy":"product_brand","embeddable":true,"href":"https:\/\/simracergear.com\/es\/wp-json\/wp\/v2\/product_brand?post=101237"},{"taxonomy":"product_cat","embeddable":true,"href":"https:\/\/simracergear.com\/es\/wp-json\/wp\/v2\/product_cat?post=101237"},{"taxonomy":"product_tag","embeddable":true,"href":"https:\/\/simracergear.com\/es\/wp-json\/wp\/v2\/product_tag?post=101237"}],"curies":[{"name":"wp","href":"https:\/\/api.w.org\/{rel}","templated":true}]}}