{"id":101281,"date":"2025-05-15T08:05:00","date_gmt":"2025-05-15T08:05:00","guid":{"rendered":"https:\/\/simracergear.com\/products\/fanatec-podium-steering-wheel-r300\/"},"modified":"2025-11-28T05:10:17","modified_gmt":"2025-11-28T05:10:17","slug":"fanatec-podium-steering-wheel-r300","status":"publish","type":"product","link":"https:\/\/simracergear.com\/es\/products\/fanatec-podium-steering-wheel-r300\/","title":{"rendered":"Fanatec Podium Volante R300"},"content":{"rendered":"<h2>Fanatec Podium Volante R300: la opini\u00f3n de un simracer exigente<\/h2>\n<p>El Fanatec Podium Steering Wheel R300 es el \"volante desnudo\" de gama alta de la marca. Sin botones por todas partes, sin pantalla, sin florituras. Solo un aro de aluminio, una placa trasera, compatibilidad total con las bases Podium\/ClubSport\/CSL, y la idea muy clara de dirigirse a los simracers que quieren un volante GT \/ proto \/ rally compacto, s\u00f3lido y despejado.<\/p>\n<p>El atractivo es precisamente \u00e9se: un volante de tama\u00f1o serio, compatible con Direct Drive, con una construcci\u00f3n dise\u00f1ada para soportar un alto par motor, sin dejar de ser relativamente ligero y vers\u00e1til. Est\u00e1 claro que Fanatec se dirige a aquellos que conducen a menudo, en varias disciplinas, y que prefieren una buena \"sensaci\u00f3n de carretera\" a una explosi\u00f3n de LED.<\/p>\n<p>Mi opini\u00f3n sobre el R300: c\u00f3mo se siente en la mano, la calidad de construcci\u00f3n real, la pertinencia del formato para un uso intensivo y su lugar en una configuraci\u00f3n en la que quiz\u00e1 ya tengas uno o dos volantes. \u00bfMerece la pena el precio en comparaci\u00f3n con un volante con m\u00e1s mandos? \u00bfEl di\u00e1metro y la forma a\u00f1aden precisi\u00f3n y control reales? En eso me bas\u00e9 para juzgarlo.<\/p>\n<h2>Dise\u00f1o y fabricaci\u00f3n del Fanatec Podium R300<\/h2>\n<p>Visualmente, el objetivo del R300 es claro: un aspecto de GT compacto, negro, sobrio y eficaz. La llanta de aluminio, recubierta de alc\u00e1ntara perforada, da una impresi\u00f3n inmediata de rigidez. No hay torsi\u00f3n ni flexi\u00f3n, ni siquiera cuando la aprietas con fuerza o la sometes a una serie de violentas palancas. Se nota que est\u00e1 hecha para bases Direct Drive, sin renunciar a la solidez.<\/p>\n<p>En la mano, el di\u00e1metro relativamente peque\u00f1o proporciona una sensaci\u00f3n muy directa. Las manos caen con naturalidad y la secci\u00f3n de agarre est\u00e1 bien equilibrada: ni demasiado fina ni demasiado gruesa. Se siente como una rueda \"densa\" pero no pesada, que transmite lo que hace la base sin cansar. Es un volante que no te importa usar durante mucho tiempo.<\/p>\n<p>El acabado es muy limpio en general, con costuras limpias, una tapicer\u00eda tensa, un respaldo met\u00e1lico y un montaje cuidadoso. Nada cruje, nada se mueve. La alc\u00e1ntara tiene el agarre justo, con una textura suave pero precisa que inspira confianza. En t\u00e9rminos de sensaci\u00f3n de calidad, estamos claramente en el nivel \"premium sim racing\".<\/p>\n<p>Lo que puede resultar un poco decepcionante es la falta de una verdadera \"puesta en escena\" visual: sin pantalla, sin enormes levas de embrague, pocos mandos integrados. Comparado con los volantes m\u00e1s \"presumidos\" de la gama Podium, puede parecer un poco austero. Pero esa es la idea: un volante herramienta, no un volante artilugio.<\/p>\n<p>Comparado con otros volantes GT de tama\u00f1o similar, el R300 se sit\u00faa en lo m\u00e1s alto de la gama en cuanto a rigidez y sensaci\u00f3n de densidad. Algunos modelos de la competencia pueden parecer m\u00e1s macizos o visualmente m\u00e1s pesados, pero pocos ofrecen una combinaci\u00f3n tan coherente de compacidad + solidez + acabado.<\/p>\n<h2>Ajustes, personalizaci\u00f3n y compatibilidad<\/h2>\n<p>El R300 se beneficia directamente de todo el ecosistema Fanatec. Una vez montado en una base Podium, ClubSport o CSL, los men\u00fas y preajustes habituales est\u00e1n disponibles a trav\u00e9s del controlador del PC y el OSD de la base. Los ajustes permanecen centrados en la base y no en el volante, lo que simplifica un poco las cosas: no te pierdes en mil submen\u00fas espec\u00edficos de llantas.<\/p>\n<p>Las opciones realmente \u00fatiles aqu\u00ed giran en torno a la fuerza del FFB, la linealidad, el filtro, el amortiguador y los efectos de carretera. Debido a su tama\u00f1o y peso, el R300 responde muy bien al ajuste fino: un ligero ajuste del amortiguador o del FEI puede suponer una gran diferencia en la sensaci\u00f3n de vivacidad. Sobre una base Direct Drive, puedes sentir r\u00e1pidamente el impacto de cada par\u00e1metro.<\/p>\n<p>La curva de aprendizaje depende claramente de tu experiencia con Fanatec. Si ya est\u00e1s familiarizado con el ecosistema, es muy f\u00e1cil empezar: acoplas el volante al QR, eliges un perfil y lo ajustas en el controlador del PC o mediante los botones de la base. Si eres un completo principiante, necesitar\u00e1s un poco de tiempo para entender c\u00f3mo funcionan juntos la base, el volante y el juego, pero no va a ser insuperable.<\/p>\n<p>En t\u00e9rminos de compatibilidad, el R300 sigue las reglas de la marca: PC nativo, consolas en funci\u00f3n de la base utilizada. La fuerza del producto, sobre todo, reside en su lugar en el ecosistema: puedes utilizarlo en una base Podium en GT \/ proto, cambiarlo por un volante F1 con m\u00e1s botones, combinarlo con un juego de bielas Load Cell, un cambio secuencial, un freno de mano... Se integra de forma natural en una configuraci\u00f3n Fanatec existente.<\/p>\n<p>En t\u00e9rminos de capacidad de actualizaci\u00f3n, es claramente una rueda duradera. Su construcci\u00f3n permite conservarla durante mucho tiempo, incluso si m\u00e1s adelante pasas de una base de gama media a una Podium. No es una \"rueda de iniciaci\u00f3n\" que se sustituye r\u00e1pidamente: es m\u00e1s bien una rueda de trabajo, que luego se completa con otras llantas m\u00e1s espec\u00edficas, en funci\u00f3n de la disciplina.<\/p>\n<h2>Fanatec Podium R300: sensaciones en juego<\/h2>\n<p>Donde realmente destaca el R300 es en la pista. El di\u00e1metro compacto y la rigidez del aro proporcionan una respuesta muy directa. Sobre una base Direct Drive, sientes cada matiz de la respuesta de fuerza sin ninguna amortiguaci\u00f3n par\u00e1sita. Tienes la impresi\u00f3n de tener un enlace corto entre los neum\u00e1ticos y tus manos. Es n\u00edtido, limpio y legible.<\/p>\n<p>El comportamiento en curvas es muy saludable. Es f\u00e1cil negociar curvas r\u00e1pidas, el coche se coloca con precisi\u00f3n con apoyo y, sobre todo, es f\u00e1cil ajustar la trayectoria a mitad de la curva. Gracias a la forma del volante, puedes cambiar ligeramente el agarre sin perder la orientaci\u00f3n. Siempre sabes a qu\u00e9 atenerte, incluso en una secuencia cerrada.<\/p>\n<p>La lectura del agarre es uno de sus puntos fuertes. Gracias a su peso moderado y a su rigidez, el R300 no filtra lo que la base quiere transmitir. Puedes sentir el coche carg\u00e1ndose y descarg\u00e1ndose, y puedes sentir las micro-p\u00e9rdidas de agarre en la parte delantera y trasera. R\u00e1pidamente comprendes hasta d\u00f3nde puedes empujar el coche antes de que se cale. Como resultado, te encuentras conduciendo m\u00e1s cerca del l\u00edmite, con mayor confianza.<\/p>\n<p>En los vibradores, la respuesta es clara. Las vibraciones no quedan ahogadas por una inercia excesiva. Cuando te subes a un vibrador agresivo, lo sientes inmediatamente en las manos, sin que el volante se descontrole. El c\u00edrculo no resuena, no vibra de forma extra\u00f1a: lo absorbe, lo devuelve, y ah\u00ed se acaba. Es limpio. Sabes exactamente cu\u00e1ndo est\u00e1s comiendo demasiado vibrador.<\/p>\n<p>En sesiones largas, este formato compacto ayuda mucho. Los brazos no se cansan tanto como con un volante grande, y sigues teniendo mucha palanca para controlar el coche. Incluso en una base que aprieta mucho, encuentras el equilibrio justo entre esfuerzo y precisi\u00f3n. Te mantienes concentrado en la conducci\u00f3n, no en luchar contra el equipo.<\/p>\n<p>En correcciones r\u00e1pidas, el R300 tambi\u00e9n es muy c\u00f3modo. Cuando el coche se cala un poco al reacelerar, el volante vuelve r\u00e1pidamente al centro, sin inercias molestas. Puedes corregir el sobreviraje en una fracci\u00f3n de segundo, sin tener la sensaci\u00f3n de estar luchando contra un volante demasiado ancho o pesado. Este es el tipo de situaciones en las que el tama\u00f1o del R300 realmente marca la diferencia.<\/p>\n<p>En t\u00e9rminos de inmersi\u00f3n global, estamos hablando de algo serio, sin artificios. Ni LED parpadeantes, ni pantalla integrada. S\u00f3lo un c\u00edrculo robusto que cumple su funci\u00f3n: transmitir lo que hace el coche. Estamos m\u00e1s ante un volante \"herramienta de rendimiento\" que ante un volante \"espect\u00e1culo\". Si lo que buscas es recortar unas d\u00e9cimas, esta orientaci\u00f3n tiene sentido.<\/p>\n<p>En comparaci\u00f3n con un volante de inercia montado sobre una correa o una base de correa\/engranaje, la combinaci\u00f3n R300 + Direct Drive ofrece una clara ganancia en suavidad. Las transiciones de carga son m\u00e1s graduales, las peque\u00f1as correcciones se aprovechan mejor y se sabe antes cuando las cosas empiezan a patinar. Comparado con un volante m\u00e1s grande sobre la misma base, ganamos en capacidad de respuesta y confort con el tiempo, a costa de un poco menos de palanca para los que conducen con fuerzas muy elevadas.<\/p>\n<h2>\u00bfA qui\u00e9n va dirigido? Lo que nos gusta, lo que no nos gusta<\/h2>\n<p>El Podium R300 est\u00e1 claramente dirigido a pilotos de simulaci\u00f3n intermedios y avanzados que ya est\u00e1n establecidos (cabina r\u00edgida, base Fanatec, uso regular) o a principiantes muy motivados que est\u00e1n construyendo una configuraci\u00f3n para durar. Est\u00e1 especialmente indicado para quienes conducen a menudo GT, prototipos, turismos, coches de rally modernos... en resumen, cualquier cosa que requiera un volante compacto y preciso. En el PC, destaca por sus posibilidades de ajuste fino, pero sigue siendo totalmente relevante en la consola a trav\u00e9s de una base compatible.<\/p>\n<p>Lo que m\u00e1s aprecio es, en primer lugar, la rigidez del aro y la calidad general de construcci\u00f3n, que dan una sensaci\u00f3n inmediata de confianza. Luego, el di\u00e1metro y el peso bien equilibrados, que ofrecen un equilibrio notable entre capacidad de respuesta y comodidad en largas distancias. Por \u00faltimo, la integraci\u00f3n natural en el ecosistema Fanatec: lo pones en un Podium, un ClubSport o un CSL, y simplemente funciona. Ench\u00fafalo, config\u00faralo y monta. Tienes la sensaci\u00f3n de que est\u00e1s invirtiendo en un volante que va a pasar por varias evoluciones de configuraci\u00f3n.<\/p>\n<p>Pero hay l\u00edmites. El primero es la simplicidad funcional: pocos controles en el propio volante, sin pantalla ni LED. Si te pasas la vida gestionando el despliegue del ERS, la mezcla de combustible o los reglajes de carrera, es probable que te resulte un poco b\u00e1sico. Segundo punto: la alc\u00e1ntara, por muy agradable que sea, requerir\u00e1 mantenimiento y\/o guantes si lo conduces mucho, de lo contrario envejecer\u00e1 m\u00e1s r\u00e1pidamente. Tercer punto: su precio se sit\u00faa claramente en la zona de \"inversi\u00f3n\", no en la de \"accesorio asequible\". Est\u00e1s pagando por la calidad de construcci\u00f3n y la compatibilidad con Podium.<\/p>\n<p>En t\u00e9rminos de valor percibido, todo depende de tu perfil. Si buscas un volante \u00fanico que sea vers\u00e1til, s\u00f3lido y duradero para una configuraci\u00f3n Fanatec, la inversi\u00f3n tiene sentido. Si quieres un mont\u00f3n de funciones a bordo, pantallas y luces, es probable que sientas que est\u00e1s pagando mucho por un dise\u00f1o demasiado recargado.<\/p>\n<h2>Veredicto: el Fanatec Podium R300 en una configuraci\u00f3n de simulaci\u00f3n de carreras<\/h2>\n<p>El Podium Steering Wheel R300 cambia una cosa por encima de todo en un montaje: la calidad del v\u00ednculo entre la base y usted. Proporciona un volante compacto, r\u00edgido y preciso, dise\u00f1ado para explotar todo el potencial de las bases Direct Drive, sin sacrificar la comodidad con el paso del tiempo. No transforma visualmente tu configuraci\u00f3n, pero eleva claramente el nivel de \"seriedad\" en la cabina.<\/p>\n<p>En el mercado, se posiciona como un producto premium, sin entrar en el delirio de los volantes ultraespecializados repletos de electr\u00f3nica. Es un punto de inflexi\u00f3n interesante para quienes desean un volante de uso cotidiano capaz de soportar un gran volumen de conducci\u00f3n con un tacto siempre limpio. No es un volante para principiantes, ni un juguete. Es una herramienta.<\/p>\n<p>Lo recomendar\u00eda a aquellos que ya tienen una base Fanatec o que est\u00e1n claramente planeando quedarse con el ecosistema, con un fuerte enfoque en sensaciones puras y direcci\u00f3n precisa. Si quieres un volante principal GT \/ multidisciplinar que sea robusto y coherente con una base Direct Drive, el R300 tiene mucho sentido. Por otro lado, si las pantallas integradas, los modos giratorios y las docenas de botones son su principal fuente de placer, hay opciones m\u00e1s adecuadas disponibles de la misma marca o de otros lugares.<\/p>\n<p>Si busca un volante compacto y muy r\u00edgido dise\u00f1ado para explotar una base potente y ofrecerle una sensaci\u00f3n limpia y directa del coche, este producto puede marcar claramente la diferencia en su configuraci\u00f3n.<\/br><\/p>","protected":false},"excerpt":{"rendered":"<p>Este volante proporciona un v\u00ednculo muy directo con el coche, con un tacto serio y consistente para conducir durante largos periodos sin fatiga. Sobre todo, tiene sentido para los simracers ya equipados con Fanatec, que prefieren las sensaciones puras a la profusi\u00f3n de botones y pantallas. La inversi\u00f3n sigue siendo elevada, pero est\u00e1 justificada si buscas un volante principal duradero y vers\u00e1til.<\/p>","protected":false},"featured_media":101282,"comment_status":"open","ping_status":"closed","template":"","meta":{"_acf_changed":false,"_et_pb_use_builder":"","_et_pb_old_content":"","_et_gb_content_width":""},"product_brand":[158],"product_cat":[156],"product_tag":[149,159],"class_list":{"0":"post-101281","1":"product","2":"type-product","3":"status-publish","4":"has-post-thumbnail","6":"product_brand-fanatec","7":"product_cat-roue-de-volant","8":"product_tag-pc","9":"product_tag-playstation","11":"first","12":"instock","13":"shipping-taxable","14":"product-type-external"},"acf":[],"_links":{"self":[{"href":"https:\/\/simracergear.com\/es\/wp-json\/wp\/v2\/product\/101281","targetHints":{"allow":["GET"]}}],"collection":[{"href":"https:\/\/simracergear.com\/es\/wp-json\/wp\/v2\/product"}],"about":[{"href":"https:\/\/simracergear.com\/es\/wp-json\/wp\/v2\/types\/product"}],"replies":[{"embeddable":true,"href":"https:\/\/simracergear.com\/es\/wp-json\/wp\/v2\/comments?post=101281"}],"wp:featuredmedia":[{"embeddable":true,"href":"https:\/\/simracergear.com\/es\/wp-json\/wp\/v2\/media\/101282"}],"wp:attachment":[{"href":"https:\/\/simracergear.com\/es\/wp-json\/wp\/v2\/media?parent=101281"}],"wp:term":[{"taxonomy":"product_brand","embeddable":true,"href":"https:\/\/simracergear.com\/es\/wp-json\/wp\/v2\/product_brand?post=101281"},{"taxonomy":"product_cat","embeddable":true,"href":"https:\/\/simracergear.com\/es\/wp-json\/wp\/v2\/product_cat?post=101281"},{"taxonomy":"product_tag","embeddable":true,"href":"https:\/\/simracergear.com\/es\/wp-json\/wp\/v2\/product_tag?post=101281"}],"curies":[{"name":"wp","href":"https:\/\/api.w.org\/{rel}","templated":true}]}}