{"id":101297,"date":"2025-05-15T08:06:00","date_gmt":"2025-05-15T08:06:00","guid":{"rendered":"https:\/\/simracergear.com\/products\/fanatec-podium-wheel-base-dd2\/"},"modified":"2025-11-28T05:11:24","modified_gmt":"2025-11-28T05:11:24","slug":"fanatec-podium-wheel-base-dd2","status":"publish","type":"product","link":"https:\/\/simracergear.com\/es\/products\/fanatec-podium-wheel-base-dd2\/","title":{"rendered":"Base de rueda Fanatec Podium DD2"},"content":{"rendered":"<h2>Fanatec Podium Wheel Base DD2: mi opini\u00f3n tras un uso intensivo<\/h2>\n<p>En el segmento de \"consumo de gama alta\" de accionamiento directo, la Fanatec Podium Wheel Base DD2 juega claramente en la gran liga. Se trata de una base dise\u00f1ada para aquellos que quieren un par motor muy alto, una respuesta de fuerza ultradetallada y una sensaci\u00f3n cercana a la de una configuraci\u00f3n profesional, sin salirse del ecosistema Fanatec.<\/p>\n<p>Sobre el papel, el DD2 promete m\u00e1s potencia, mayor duraci\u00f3n y m\u00e1s finura que las bases accionadas por correa o los motores directos de nivel b\u00e1sico. En la pr\u00e1ctica, atrae sobre todo a los simracers que ya tienen algo de experiencia, que montan con regularidad y que quieren un \"final\" o casi \"final\" para su cabina.<\/p>\n<p>Por mi parte, me fij\u00e9 en tres cosas en particular: la precisi\u00f3n del tacto (lectura fina del agarre, transiciones, bloqueo), la consistencia en sesiones largas y la versatilidad con diferentes tipos de volante y de coche. El objetivo es simple: \u00bfjustifica realmente el DD2 la diferencia de precio con una transmisi\u00f3n directa m\u00e1s modesta, o estamos pagando m\u00e1s por la insignia \"Podium\"?<\/p>\n<p>Se trata de un producto que pretende ser premium. La cuesti\u00f3n es saber si, una vez en la pista, mejora realmente tu conducci\u00f3n... o si es solo un gran motor que impresiona en los primeros minutos.<\/p>\n<h2>Dise\u00f1o, fabricaci\u00f3n y calidad percibida<\/h2>\n<p>Visualmente y en la mano, el Podium DD2 irradia seriedad. El s\u00f3lido bloque de aluminio da una impresi\u00f3n inmediata de densidad. Da la sensaci\u00f3n de estar colocando una pieza industrial en el puesto de pilotaje, no un juguete. Las superficies anodizadas, los bordes limpios y el acabado general dan confianza, especialmente para un uso intensivo.<\/p>\n<p>Rigidez es el nombre del juego. Una vez fijada correctamente a un chasis resistente, la base no se mueve, tuerce ni \"suena a hueco\". La conexi\u00f3n con los volantes Fanatec a trav\u00e9s del cierre r\u00e1pido met\u00e1lico es firme y clara. En la mano, cuando se maneja el volante en parado, se siente muy poca holgura par\u00e1sita, lo que resulta tranquilizador para un producto de este nivel.<\/p>\n<p>Lo que sorprende de inmediato es el imponente tama\u00f1o del motor y la sensaci\u00f3n de par, incluso en parado al mover el volante. Todo se siente m\u00e1s \"s\u00f3lido\" que una base accionada por correa o una transmisi\u00f3n directa m\u00e1s compacta. Tienes la sensaci\u00f3n de estar sosteniendo algo serio, dise\u00f1ado para recibir una paliza.<\/p>\n<p>Por otro lado, el tama\u00f1o y el peso exigen un habit\u00e1culo r\u00edgido. Sobre un chasis ligero o un soporte de volante plegable, resulta claramente sobredimensionado, y esto se deja sentir en las vibraciones bastante desagradables de la estructura. Otro peque\u00f1o inconveniente es que el dise\u00f1o tan industrial puede parecer fr\u00edo a algunos, sobre todo si se compara con bases m\u00e1s compactas y de dise\u00f1o que ocupan menos espacio visual.<\/p>\n<p>En comparaci\u00f3n con bases de accionamiento directo m\u00e1s asequibles, la DD2 da la sensaci\u00f3n de ser m\u00e1s robusta y m\u00e1s estable con el paso del tiempo. Tienes la sensaci\u00f3n de que la disipaci\u00f3n del calor y el montaje se han dise\u00f1ado para sesiones largas y repetidas, no para un uso ocasional en el sal\u00f3n.<\/p>\n<h2>Ajustes, personalizaci\u00f3n y compatibilidad<\/h2>\n<p>En cuanto a los ajustes, el DD2 ofrece una gran profundidad sin ser totalmente ilegible. Dispone de los par\u00e1metros cl\u00e1sicos de fuerza global, filtrado, amortiguaci\u00f3n, fricci\u00f3n e inercia, con la opci\u00f3n de ajustar con precisi\u00f3n el car\u00e1cter de la respuesta de fuerza. Los preajustes incorporados te ayudar\u00e1n a empezar con buen pie, y luego podr\u00e1s ajustarlos a tu gusto.<\/p>\n<p>Navegar por los men\u00fas a trav\u00e9s de la pantalla y la rueda de desplazamiento integrada es bastante pr\u00e1ctico. Puedes cambiar tus perfiles sin tener que volver al PC una vez que todo est\u00e1 configurado, lo que es genial cuando haces malabarismos con varios sims. Est\u00e1 claro que hay una curva de aprendizaje: para sacar el m\u00e1ximo partido a DD2, hay que tomarse un poco de tiempo y probar cosas, sobre todo cuando se trata de adaptar la violencia de la pareja a tu propio nivel de comodidad.<\/p>\n<p>Los reglajes realmente \u00fatiles son los que reducen la dureza de las transferencias (amortiguaci\u00f3n\/fricci\u00f3n) y los que filtran un poco los agudos. Con un motor tan potente, un reglaje demasiado duro fatiga r\u00e1pidamente los antebrazos y hace que la conducci\u00f3n sea menos limpia. Correctamente calibrado, en cambio, el DD2 es muy f\u00e1cil de leer y de utilizar.<\/p>\n<p>En t\u00e9rminos de compatibilidad, la base est\u00e1 dirigida principalmente a usuarios de PC, pero tambi\u00e9n puede integrarse en una configuraci\u00f3n de consola con los volantes y componentes adecuados del ecosistema Fanatec. La mayor ventaja es precisamente este ecosistema: una amplia selecci\u00f3n de volantes (GT, F1, rally), pedales, palancas de cambio, frenos de mano, todo funciona bastante bien junto.<\/p>\n<p>En t\u00e9rminos de escalabilidad, el DD2 es m\u00e1s un \"punto final\" que un punto de entrada. No se compra para pasar a algo m\u00e1s grande dentro de seis meses. Es una base que puede soportar razonablemente varias generaciones de volantes y cabinas, siempre y cuando sepas que te vas a quedar en las carreras de simulaci\u00f3n a largo plazo.<\/p>\n<h2>Sensaciones en el juego: donde DD2 marca la diferencia<\/h2>\n<p>En pista, lo primero que destaca es la precisi\u00f3n de la respuesta de fuerza. El motor de tracci\u00f3n directa transmite con gran claridad las microvariaciones de agarre, los peque\u00f1os calados y los cambios de carga del tren delantero. Entiendes inmediatamente lo que est\u00e1 haciendo el coche, especialmente en frenadas fuertes y en entradas en curva ligeramente optimistas.<\/p>\n<p>En curvas r\u00e1pidas, la estabilidad del par motor es notable. El volante no 'bombea', no da la impresi\u00f3n de chocar o perder potencia al aumentar la carga. Puedes mantener un ligero contravolante, ajustar al mil\u00edmetro, y la respuesta se mantiene constante. Este par disponible en reserva da mucho margen de correcci\u00f3n.<\/p>\n<p>La lectura del agarre es un punto fuerte. Cuando el neum\u00e1tico empieza a perder adherencia, puedes sentirlo a trav\u00e9s de una ligera p\u00e9rdida de resistencia y un cambio de textura en el FFB. Puedes ver claramente cu\u00e1ndo sigues en la zona de agarre y cu\u00e1ndo est\u00e1s derrapando de verdad. Esto tiene un valor incalculable para trabajar las trayectorias y las salidas limpias de las curvas.<\/p>\n<p>En vibradores y bordes, DD2 puede llegar a ser muy vivo. Seg\u00fan el ajuste, se pasa de un sonido muy crudo, casi \"f\u00edsico\", donde cada vibrador sacude realmente los brazos, a algo m\u00e1s filtrado, m\u00e1s realista y menos caricaturesco. Bien ajustado, se nota la altura, la aspereza, la diferencia entre un vibrato plano y un bordonazo agresivo. Sabes inmediatamente cu\u00e1ndo has mordido demasiado.<\/p>\n<p>En sesiones largas, la consistencia es impresionante. La base no se calienta de forma inc\u00f3moda, el nivel de potencia se mantiene estable y no hay la sensaci\u00f3n de degradaci\u00f3n gradual que a veces se experimenta con los sistemas menos refrigerados. La fatiga proviene principalmente de la potencia que decidas utilizar. Si la ajustas demasiado alta, tus antebrazos se resentir\u00e1n. Ajustando la dosis, se puede encontrar un excelente compromiso entre inmersi\u00f3n y resistencia.<\/p>\n<p>En correcciones r\u00e1pidas, aqu\u00ed es donde el alto par cambia realmente la experiencia. Los derrapes involuntarios, la p\u00e9rdida del tren trasero o las frenadas tard\u00edas se compensan con un gran control. El volante vuelve r\u00e1pidamente al centro, pero sin tirones irregulares. Puedes dejar que la base \"trabaje\" con tus manos, en lugar de luchar contra un motor al final de su carrera.<\/p>\n<p>En comparaci\u00f3n con una base menos potente (una transmisi\u00f3n directa moderada o una buena base de correa), la diferencia no es s\u00f3lo de fuerza bruta. Sobre todo, se gana en velocidad de reacci\u00f3n, compresi\u00f3n de la informaci\u00f3n y legibilidad de las transiciones. Donde una base m\u00e1s modesta dar\u00eda una se\u00f1al de \"cuidado, est\u00e1s resbalando\", la DD2 da la cronolog\u00eda completa de la entrada en p\u00e9rdida. Para cualquiera que sepa leer este lenguaje, es una verdadera ventaja.<\/p>\n<p>En cambio, para un usuario muy ocasional o poco sensible a los matices del FFB, este exceso de detalle y potencia puede parecer excesivo. Hay que estar dispuesto a invertir un m\u00ednimo de esfuerzo en los ajustes y en la conducci\u00f3n para explotar todo lo que env\u00eda la base.<\/p>\n<h2>\u00bfA qui\u00e9n va dirigido? Lo que nos gusta, lo que no nos gusta<\/h2>\n<p>El Fanatec Podium DD2 est\u00e1 claramente dirigido a simracers intermedios y avanzados que vuelan con regularidad, principalmente en PC, y que ya tienen (o planean tener) una cabina r\u00edgida. Un principiante muy motivado tambi\u00e9n puede encontrar algo que le guste, pero existe el riesgo de pagar un alto precio por un potencial que no se explotar\u00e1 de inmediato.<\/p>\n<p>Lo que m\u00e1s destaca es la precisi\u00f3n del Force Feedback. La delicadeza con la que se leen el agarre, las transferencias de carga y los peque\u00f1os movimientos del chasis realmente saca lo mejor de los modelos f\u00edsicos de los juegos. Luego est\u00e1 la potencia explotable: puedes pilotar fuerte, con un par elevado, sin que la placa base se cale o se vuelva inestable. Por \u00faltimo, la sensaci\u00f3n de seriedad y durabilidad: una vez instalada, la base parece una inversi\u00f3n a largo plazo, no un artilugio de temporada. Tienes la impresi\u00f3n de tener un verdadero \"pilar\" en tu configuraci\u00f3n.<\/p>\n<p>Por otro lado, hay que aceptar una serie de limitaciones. El precio sit\u00faa al DD2 en la categor\u00eda de las grandes inversiones: no es una compra impulsiva, sobre todo si se a\u00f1aden los volantes y una cabina adecuada. Su tama\u00f1o y potencia requieren un chasis r\u00edgido y un entorno dedicado, lo que lo hace inadecuado para un sal\u00f3n polivalente o una oficina ligera. Por \u00faltimo, la necesidad de ajustar el FFB puede resultar confusa. Si se utiliza sin ajustar, puede resultar demasiado violento o brusco para algunas personas.<\/p>\n<p>En t\u00e9rminos de valor percibido, todo depende de tu perfil. Para un aficionado que monte varias veces por semana, la DD2 puede sustituir a varias actualizaciones sucesivas (base de correa, luego transmisi\u00f3n directa peque\u00f1a, etc.). Para un jugador m\u00e1s ocasional, la diferencia de precio con respecto a una transmisi\u00f3n directa m\u00e1s modesta es menos evidente de justificar.<\/p>\n<h2>Veredicto: DD2 en un simulador de carreras moderno<\/h2>\n<p>El Fanatec Podium Wheel Base DD2 cambia claramente la base de un setup. Pasamos de una rueda que \"simula\" el comportamiento del coche a una herramienta que lo traduce casi sin filtro. Los matices del agarre, las correcciones del deslizamiento y la estabilidad a alta velocidad son mucho m\u00e1s claros. Es una verdadera ventaja para trabajar la consistencia y el tacto\".<\/p>\n<p>En el mercado actual, se trata de un producto premium, situado por encima de los accionamientos directos \"de consumo\" m\u00e1s accesibles, sin ser ex\u00f3tico ni puramente industrial. Est\u00e1 dirigido a quienes desean acercarse a un nivel \"profesional\", sin dejar de estar dentro de un ecosistema completo relativamente f\u00e1cil de actualizar.<\/p>\n<p>Yo lo recomendar\u00eda a los simracers exigentes que ya est\u00e1n convencidos de que van a seguir con esta pasi\u00f3n durante mucho tiempo, y que quieren sacar provecho de una base que no van a cambiar cada a\u00f1o. En cambio, para una primera compra o para un uso ocasional en una cabina modesta, una base m\u00e1s asequible y compacta ser\u00e1 a menudo m\u00e1s coherente.<\/p>\n<p>Si buscas una base de transmisi\u00f3n directa ultrapotente y ultraprecisa, capaz de soportar horas de conducci\u00f3n y convertirse en el s\u00f3lido coraz\u00f3n de tu cabina, este producto puede marcar claramente la diferencia en tu configuraci\u00f3n.&lt;\/final<\/p>","protected":false},"excerpt":{"rendered":"<p>Este DD2 me dio la sensaci\u00f3n de pasar de un volante de \"videojuego\" a una herramienta de pilotaje real, con una sensaci\u00f3n muy clara de agarre y correcciones. Tiene sentido para simracers habituales con un cockpit r\u00edgido que est\u00e9n dispuestos a invertir tiempo en ajustes. Es una inversi\u00f3n que merece la pena si tienes una visi\u00f3n a largo plazo de las carreras de simulaci\u00f3n.<\/p>","protected":false},"featured_media":101298,"comment_status":"open","ping_status":"closed","template":"","meta":{"_acf_changed":false,"_et_pb_use_builder":"","_et_pb_old_content":"","_et_gb_content_width":""},"product_brand":[158],"product_cat":[155],"product_tag":[149],"class_list":{"0":"post-101297","1":"product","2":"type-product","3":"status-publish","4":"has-post-thumbnail","6":"product_brand-fanatec","7":"product_cat-base","8":"product_tag-pc","10":"first","11":"instock","12":"shipping-taxable","13":"product-type-external"},"acf":[],"_links":{"self":[{"href":"https:\/\/simracergear.com\/es\/wp-json\/wp\/v2\/product\/101297","targetHints":{"allow":["GET"]}}],"collection":[{"href":"https:\/\/simracergear.com\/es\/wp-json\/wp\/v2\/product"}],"about":[{"href":"https:\/\/simracergear.com\/es\/wp-json\/wp\/v2\/types\/product"}],"replies":[{"embeddable":true,"href":"https:\/\/simracergear.com\/es\/wp-json\/wp\/v2\/comments?post=101297"}],"wp:featuredmedia":[{"embeddable":true,"href":"https:\/\/simracergear.com\/es\/wp-json\/wp\/v2\/media\/101298"}],"wp:attachment":[{"href":"https:\/\/simracergear.com\/es\/wp-json\/wp\/v2\/media?parent=101297"}],"wp:term":[{"taxonomy":"product_brand","embeddable":true,"href":"https:\/\/simracergear.com\/es\/wp-json\/wp\/v2\/product_brand?post=101297"},{"taxonomy":"product_cat","embeddable":true,"href":"https:\/\/simracergear.com\/es\/wp-json\/wp\/v2\/product_cat?post=101297"},{"taxonomy":"product_tag","embeddable":true,"href":"https:\/\/simracergear.com\/es\/wp-json\/wp\/v2\/product_tag?post=101297"}],"curies":[{"name":"wp","href":"https:\/\/api.w.org\/{rel}","templated":true}]}}