{"id":101305,"date":"2025-05-15T08:06:00","date_gmt":"2025-05-15T08:06:00","guid":{"rendered":"https:\/\/simracergear.com\/products\/fanatec-rennsport-cockpit-v2\/"},"modified":"2025-11-28T05:12:07","modified_gmt":"2025-11-28T05:12:07","slug":"fanatec-rennsport-cockpit-v2","status":"publish","type":"product","link":"https:\/\/simracergear.com\/es\/products\/fanatec-rennsport-cockpit-v2\/","title":{"rendered":"Fanatec Rennsport Cockpit V2"},"content":{"rendered":"<p>En el mundo de las cabinas de simulaci\u00f3n de carreras, la Fanatec Rennsport Cockpit V2 se posiciona claramente como un chasis \"serio\" para jugadores exigentes, sin llegar a los extremos de los equipos de simulaci\u00f3n profesionales tubulares. Est\u00e1 dirigido a gente que quiere un cockpit r\u00edgido que quede bien en el sal\u00f3n o en la oficina, que pueda soportar bases Direct Drive y pedaleras potentes, sin dejar de ser relativamente compacto y est\u00e9ticamente agradable.<\/p>\n<p>Sobre el papel, promete una combinaci\u00f3n poco com\u00fan: una estructura estable, un dise\u00f1o sofisticado y una compatibilidad natural con el ecosistema Fanatec. La idea es sencilla: baja el cubo, la base y los pedales, y obtendr\u00e1s una plataforma que no se mueve, no chirr\u00eda y no da la sensaci\u00f3n de estar jugando sobre un soporte de volante de pl\u00e1stico.<\/p>\n<p>Por mi parte, lo consider\u00e9 principalmente desde el punto de vista de la rigidez, la comodidad y la versatilidad. \u00bfRealmente se puede utilizar un Direct Drive potente en \u00e9l sin ninguna flexi\u00f3n molesta? \u00bfSigue siendo buena la posici\u00f3n de conducci\u00f3n durante largas sesiones, sea cual sea el tipo de juego (GT, F1, rally)? Y sobre todo: \u00bfjustifica la sensaci\u00f3n general la inversi\u00f3n en comparaci\u00f3n con soluciones m\u00e1s sencillas o con los tubulares de la competencia?<\/p>\n<h2>Dise\u00f1o y fabricaci\u00f3n<\/h2>\n<p>Visualmente, el Rennsport Cockpit V2 tiene una sensaci\u00f3n premium muy asertiva. La estructura principal es de metal, con un ensamblaje que da inmediatamente una impresi\u00f3n de densidad. Est\u00e1 muy lejos de los soportes ligeros que vibran a la menor aceleraci\u00f3n. Al manipular los componentes, se percibe realmente la seriedad con la que se han fabricado: piezas bien cortadas, ajustes limpios, pintura y acabados cuidados meticulosamente en su conjunto.<\/p>\n<p>Lo que llama r\u00e1pidamente la atenci\u00f3n es la rigidez general del chasis una vez que se ha montado correctamente. La columna que soporta el volante no se dobla al frenar, y el pedalier se mantiene en su sitio incluso con un plato de alta resistencia. Se nota que el cockpit ha sido dise\u00f1ado para soportar los productos de alta gama de la marca, incluidas las vainas Direct Drive, sin convertirse en una caja de resonancia.<\/p>\n<p>En t\u00e9rminos de tacto, el chasis es s\u00f3lido. Nada parece hueco, y no se tiene la impresi\u00f3n de holgura permanente que a veces se tiene con los aparejos plegables o demasiado ligeros. Hay muchos tornillos, y est\u00e1 claro que hay que tomarse su tiempo durante el montaje para asegurarse de que todo est\u00e1 perfectamente apretado.<\/p>\n<p>Sin embargo, hay algunos puntos un poco menos halag\u00fce\u00f1os. La ergonom\u00eda de ciertas zonas, sobre todo para los ajustes finos, puede requerir un poco de paciencia: algunos ajustes exigen aflojar varios tornillos, volver a colocarlos y luego volver a apretarlos, lo que no siempre es muy r\u00e1pido. En comparaci\u00f3n con los aparejos tubulares, como los perfiles de aluminio, tambi\u00e9n perdemos un poco en t\u00e9rminos de pura modularidad y libertad de colocaci\u00f3n al mil\u00edmetro.<\/p>\n<p>En comparaci\u00f3n con las cabinas de iniciaci\u00f3n o los playseats m\u00e1s ligeros, el Rennsport V2 est\u00e1 claramente en otra liga en cuanto a robustez y presentaci\u00f3n. Por otro lado, en comparaci\u00f3n con los chasis de perfil de aluminio, apuesta m\u00e1s por el dise\u00f1o integrado y el plug &amp; play est\u00e9tico que por la modularidad absoluta. Es una elecci\u00f3n clara.<\/p>\n<h2>Ajustes, personalizaci\u00f3n y compatibilidad<\/h2>\n<p>El Rennsport Cockpit V2 ofrece un buen nivel de ajuste, pero con una filosof\u00eda bastante clara: ofrecer los ajustes importantes, sin convertir la configuraci\u00f3n en un lugar de trabajo permanente. Puedes ajustar la distancia de los pedales, la altura y la inclinaci\u00f3n del volante, as\u00ed como la posici\u00f3n del asiento, siempre que utilices un asiento de cubo o un asiento compatible con ra\u00edles.<\/p>\n<p>Son ajustes que realmente cambian la vida. Puedes pasar de una posici\u00f3n GT bastante larga a algo m\u00e1s recto, m\u00e1s estilo rally o touring. El margen de maniobra no es infinito, pero es suficiente para que la mayor\u00eda de los tipos de cuerpo encuentren una posici\u00f3n c\u00f3moda. La curva de aprendizaje es sencilla: una vez que entiendes d\u00f3nde est\u00e1n los puntos de ajuste, todo resulta l\u00f3gico, aunque algunos ajustes requieran un poco de tiempo con el destornillador en la mano.<\/p>\n<p>En t\u00e9rminos de compatibilidad, el cockpit est\u00e1 dise\u00f1ado naturalmente para el ecosistema Fanatec. Las vainas, pedales y palancas de cambio de la marca son f\u00e1ciles de montar, con los orificios y placas adecuados. Tanto en PC como en consola, el cockpit no impone l\u00edmites: simplemente proporciona la plataforma, as\u00ed que mientras tu volante y tus pedales sean fijables mec\u00e1nicamente, el resto depende de tu hardware y tu m\u00e1quina.<\/p>\n<p>Con otras marcas, es posible, pero depende del plato y de la vaina. Varias tienen fijaciones compatibles o adaptables, pero no tenemos la flexibilidad de un perfil de aluminio universal. Tendr\u00e1s que comprobar los orificios, y posiblemente utilizar placas intermedias.<\/p>\n<p>En t\u00e9rminos de capacidad de actualizaci\u00f3n, la Rennsport V2 se posiciona como una base duradera m\u00e1s que como un simple punto de entrada. Puedes empezar con una base de gama media y unas bielas modestas, y luego subir de gama sin tener que cambiar de chasis, siempre que te mantengas dentro de unas potencias y cargas realistas para un uso \"entusiasta\" de simulaci\u00f3n de carreras y no para un uso profesional extremo.<\/p>\n<h2>Sensaciones en juego<\/h2>\n<p>Una vez que la configuraci\u00f3n se ha ajustado correctamente, el comportamiento en el juego del Rennsport Cockpit V2 puede resumirse en una idea poderosa: todo se vuelve m\u00e1s coherente. La rigidez general permite que el Force Feedback se exprese plenamente, sin que la energ\u00eda se pierda en flexiones innecesarias. Sientes lo que hace la base, no lo que hace el chasis.<\/p>\n<p>En el FFB, la diferencia con una base ligera o un cockpit m\u00e1s b\u00e1sico es evidente. Los microdetalles de la respuesta de fuerza se perciben mejor, especialmente con una base Direct Drive. Las variaciones de par, las peque\u00f1as p\u00e9rdidas de agarre y las transiciones agarre\/deslizamiento se perciben de forma m\u00e1s limpia porque el volante no \"flota\" en su soporte. La direcci\u00f3n se siente m\u00e1s conectada a la carretera.<\/p>\n<p>En las curvas r\u00e1pidas, se beneficia de una estabilidad bienvenida: sin sacudidas de la columna, sin vibraciones par\u00e1sitas que empa\u00f1en la lectura. Puedes concentrarte realmente en la informaci\u00f3n que te env\u00eda el volante. Ah\u00ed es donde un buen chasis marca la diferencia a la hora de conducir: puedes leer mejor las transferencias de carga y los cambios de agarre, y te atreves a frenar m\u00e1s tarde y a acelerar m\u00e1s fuerte porque la sensaci\u00f3n es limpia.<\/p>\n<p>En los vibradores, la cabina transmite bien lo que produce la base, sin amplificaciones extra\u00f1as. Los choques permanecen contenidos en el volante y los pedales, en lugar de convertir todo el chasis en un trampol\u00edn. Se sienten los bordes de la pista, las entradas en p\u00e9rdida de un vibrador agresivo, pero sin que la estructura d\u00e9 la impresi\u00f3n de estar a punto de romperse. El resultado es una mejor legibilidad, no s\u00f3lo \"ruido\" mec\u00e1nico.<\/p>\n<p>En sesiones largas, la consistencia del chasis es un punto fuerte. No aparece ninguna holgura al cabo de una hora, ninguna sensaci\u00f3n de que la columna vertebral se afloja poco a poco. Por otra parte, es la calidad del asiento que elijas y la delicadeza de los ajustes de posici\u00f3n lo que puede ser un factor limitante, m\u00e1s que el propio chasis. Con un buen asiento de cubo, puedes pasar de un esfuerzo al siguiente sin sentir la fatiga asociada a posiciones inc\u00f3modas o a un volante demasiado alto o demasiado bajo.<\/p>\n<p>En las correcciones r\u00e1pidas, la rigidez del conjunto ayuda mucho. Cuando el coche se cala y tienes que contravolantear inmediatamente, todo se hace limpiamente, sin tiempos muertos. El volante vuelve, corriges y el puesto de conducci\u00f3n te sigue sin inmutarse. Entiendes inmediatamente lo que est\u00e1 haciendo el coche y puedes responder con precisi\u00f3n. Esto es especialmente \u00fatil cuando trabajas en simulaciones avanzadas en las que la ventana de correcci\u00f3n es muy corta.<\/p>\n<p>Comparado con un cockpit m\u00e1s flexible o un simple caballete, el salto cualitativo es evidente: se gana en confianza. En comparaci\u00f3n con un equipo tubular de gama muy alta o un chasis robusto de secci\u00f3n de aluminio, la diferencia radica m\u00e1s en la modularidad y la capacidad de manejar bases a\u00fan m\u00e1s extremas que en las sensaciones en s\u00ed, para un uso avanzado pero \"normal\" del simracer. En una configuraci\u00f3n realista, el Rennsport V2 no limitar\u00e1 el placer ni el rendimiento de la mayor\u00eda de los pilotos.<\/p>\n<h2>\u00bfA qui\u00e9n va dirigido? Lo que nos gusta \/ Lo que no nos gusta<\/h2>\n<p>El Fanatec Rennsport Cockpit V2 est\u00e1 claramente dirigido a simracers motivados que ya han superado el volante de sobremesa. Un perfil ideal ser\u00eda el de un jugador de PC o consola de nivel intermedio a experimentado que ya posea un volante serio (Direct Drive o base de correas de gama alta) y que por fin quiera una base s\u00f3lida desde la que estructurarlo todo. Tambi\u00e9n encajar\u00eda con alguien que empieza con ambici\u00f3n, con un proyecto de configuraci\u00f3n a largo plazo y que prefiere invertir una vez en una cabina coherente.<\/p>\n<p>Lo que me gusta especialmente es la rigidez general del chasis, que se adapta realmente bien a los potentes bajos. El cuidado dise\u00f1o tambi\u00e9n juega a su favor: es un cockpit que se puede encajar en un sal\u00f3n o un despacho sin dar la impresi\u00f3n de haber montado una jaula de coche de carreras en medio de la habitaci\u00f3n. Por \u00faltimo, el hecho de que se integre de forma natural en el ecosistema Fanatec simplifica la vida: placas adaptadas, posicionamiento l\u00f3gico, sin necesidad de improvisar todo el tiempo.<\/p>\n<p>Por otro lado, hay que tener en cuenta algunas limitaciones. En primer lugar, la modularidad no es tan buena como la de un chasis universal de secci\u00f3n de aluminio: puedes ajustarlo, pero no todo y no en todas las direcciones, y algunas posiciones muy espec\u00edficas ser\u00e1n m\u00e1s dif\u00edciles de conseguir. En segundo lugar, el montaje y los ajustes no son instant\u00e1neos: para sacar el m\u00e1ximo partido al cockpit, hay que estar dispuesto a dedicarle un poco de tiempo, no es un producto plug &amp; play en diez minutos. Por \u00faltimo, el posicionamiento del precio lo sit\u00faa claramente en el lado de las inversiones bien meditadas: no es una compra impulsiva, sobre todo si se a\u00f1ade el coste de un buen asiento.<\/p>\n<p>En t\u00e9rminos de valor percibido, todo depende de c\u00f3mo se mire. Para alguien que venga de una oficina y un soporte de volante, la ganancia en estabilidad, comodidad e inmersi\u00f3n justifica con creces el esfuerzo econ\u00f3mico. Para alguien que haga una fr\u00eda comparaci\u00f3n con un equipo de perfil de aluminio, la cuesti\u00f3n se vuelve m\u00e1s sutil: est\u00e1s pagando por el dise\u00f1o, la integraci\u00f3n de Fanatec y el aspecto \"llave en mano\", mientras que otras soluciones se basan m\u00e1s en la personalizaci\u00f3n extrema.<\/p>\n<h2>Veredicto<\/h2>\n<p>El Fanatec Rennsport Cockpit V2 cambia claramente la estructura de un setup. Estamos pasando de un conjunto a veces desvencijado (escritorio, soporte, silla de oficina) a una plataforma dedicada, dise\u00f1ada para sim racing, donde cada elemento tiene su lugar y permanece en su sitio. El mayor impacto se produce en la coherencia general: una posici\u00f3n de conducci\u00f3n m\u00e1s natural, un mejor uso de la retroalimentaci\u00f3n de fuerza, un frenado m\u00e1s controlado y una mayor inmersi\u00f3n.<\/p>\n<p>En el mercado, se posiciona en la categor\u00eda de ba\u00f1eras premium, sin llegar al delirio de los equipos hipermodulares de uso casi profesional. Se dirige a un p\u00fablico apasionado, dispuesto a invertir en algo limpio, duradero y de alto rendimiento, sin embarcarse en un proyecto de construcci\u00f3n a medida.<\/p>\n<p>Lo recomendar\u00eda especialmente a aquellos que ya montan mucho, con equipos Fanatec o similares, y que quieren un chasis estable y serio que tambi\u00e9n sea visualmente aceptable en un entorno de vida. En cambio, para un principiante que a\u00fan no sabe si va a hacer una inversi\u00f3n a largo plazo, o para alguien que busque la modularidad absoluta del aluminio perfilado, puede que no sea la mejor opci\u00f3n.<\/p>\n<p>Si buscas un cockpit r\u00edgido y bien acabado, dise\u00f1ado para aprovechar un volante potente y estructurar tu configuraci\u00f3n en torno al ecosistema Fanatec, este producto puede marcar claramente la diferencia en tu configuraci\u00f3n.<\/p>","protected":false},"excerpt":{"rendered":"<p>Este cockpit me dio la sensaci\u00f3n de que la configuraci\u00f3n se hab\u00eda solidificado totalmente: el volante y los pedales se expresan por fin sin vibraciones par\u00e1sitas, con una posici\u00f3n de conducci\u00f3n coherente a lo largo del tiempo. Tiene sentido para los simracers ya implicados, especialmente en el ecosistema Fanatec, que desean un chasis estable y presentable en lugar de un equipo tubular ultramodular.<\/p>","protected":false},"featured_media":101306,"comment_status":"open","ping_status":"closed","template":"","meta":{"_acf_changed":false,"_et_pb_use_builder":"","_et_pb_old_content":"","_et_gb_content_width":""},"product_brand":[158],"product_cat":[163],"product_tag":[149,159,160],"class_list":{"0":"post-101305","1":"product","2":"type-product","3":"status-publish","4":"has-post-thumbnail","6":"product_brand-fanatec","7":"product_cat-cockpit","8":"product_tag-pc","9":"product_tag-playstation","10":"product_tag-xbox","12":"first","13":"instock","14":"shipping-taxable","15":"product-type-external"},"acf":[],"_links":{"self":[{"href":"https:\/\/simracergear.com\/es\/wp-json\/wp\/v2\/product\/101305","targetHints":{"allow":["GET"]}}],"collection":[{"href":"https:\/\/simracergear.com\/es\/wp-json\/wp\/v2\/product"}],"about":[{"href":"https:\/\/simracergear.com\/es\/wp-json\/wp\/v2\/types\/product"}],"replies":[{"embeddable":true,"href":"https:\/\/simracergear.com\/es\/wp-json\/wp\/v2\/comments?post=101305"}],"wp:featuredmedia":[{"embeddable":true,"href":"https:\/\/simracergear.com\/es\/wp-json\/wp\/v2\/media\/101306"}],"wp:attachment":[{"href":"https:\/\/simracergear.com\/es\/wp-json\/wp\/v2\/media?parent=101305"}],"wp:term":[{"taxonomy":"product_brand","embeddable":true,"href":"https:\/\/simracergear.com\/es\/wp-json\/wp\/v2\/product_brand?post=101305"},{"taxonomy":"product_cat","embeddable":true,"href":"https:\/\/simracergear.com\/es\/wp-json\/wp\/v2\/product_cat?post=101305"},{"taxonomy":"product_tag","embeddable":true,"href":"https:\/\/simracergear.com\/es\/wp-json\/wp\/v2\/product_tag?post=101305"}],"curies":[{"name":"wp","href":"https:\/\/api.w.org\/{rel}","templated":true}]}}