{"id":101315,"date":"2025-11-28T04:46:47","date_gmt":"2025-11-28T04:46:47","guid":{"rendered":"https:\/\/simracergear.com\/products\/gran-turismo-dd-extreme\/"},"modified":"2025-11-28T04:46:47","modified_gmt":"2025-11-28T04:46:47","slug":"gran-turismo-dd-extreme","status":"publish","type":"product","link":"https:\/\/simracergear.com\/es\/products\/gran-turismo-dd-extreme\/","title":{"rendered":"Fanatec Gran Turismo DD Extreme"},"content":{"rendered":"<p><span style=\"font-weight: 400;\">El Fanatec GT DD Extreme llega en un segmento muy codiciado: el de los Direct Drive de \"consumo de gama alta\", dise\u00f1ado tanto para consola como para PC, con un fuerte \u00e9nfasis en el ecosistema PlayStation y la asociaci\u00f3n oficial con Gran Turismo. Sobre el papel, promete una rara combinaci\u00f3n de potencia, gran precisi\u00f3n y un volante completo y listo para usar, todo ello en un formato que sigue siendo \"habitable\" en un ordenador de sobremesa o en una cabina peque\u00f1a.<\/span><\/p>\n<p><span style=\"font-weight: 400;\">Este paquete est\u00e1 claramente dirigido al piloto que quiere dar un paso adelante respecto a las bases accionadas por correa o los peque\u00f1os Direct Drive de nivel b\u00e1sico, sin tener que optar por un equipo ultra exigente puramente \"pro simracing\". Es un producto fundamental: lo suficientemente potente como para seguir el ritmo de un simracer experimentado, pero accesible para un usuario motivado que viene de una rueda m\u00e1s sencilla.<\/span><\/p>\n<p><span style=\"font-weight: 400;\">Mi punto de vista con este GT DD Extreme es la calidad de la respuesta de fuerza, la legibilidad de la informaci\u00f3n que ofrece y la comodidad general en sesiones largas, con una mirada honesta al valor real del paquete. Se trata de un volante que promete inmersi\u00f3n, control y versatilidad.<\/span><\/p>\n<p><span style=\"font-weight: 400;\">En pocas palabras: es un Direct Drive dise\u00f1ado para jugar \"en serio\" sin convertirse en una f\u00e1brica de gas.<\/span><\/p>\n<p>&nbsp;<\/p>\n<h2><span style=\"font-weight: 400;\">Dise\u00f1o y fabricaci\u00f3n<\/span><\/h2>\n<p><span style=\"font-weight: 400;\">Visualmente y en la mano, la GT DD Extreme da inmediatamente la impresi\u00f3n de ser un producto logrado. La base Direct Drive es compacta y densa, con una carcasa met\u00e1lica que inspira confianza. Nada se mueve, nada cruje, la rigidez est\u00e1 ah\u00ed. Realmente parece un bloque s\u00f3lido dise\u00f1ado para soportar a\u00f1os de conducci\u00f3n.<\/span><\/p>\n<p><span style=\"font-weight: 400;\">El volante GT incluido llama la atenci\u00f3n por su nivel general de acabado. Los materiales no est\u00e1n a la altura de un volante de carreras completo de cuero y aluminio, pero el efecto general es muy limpio. Las empu\u00f1aduras son buenas, los botones se sienten bien y el volante no suena como un juguete. Est\u00e1 claramente por encima de los volantes de consumo convencionales.<\/span><\/p>\n<p><span style=\"font-weight: 400;\">Las levas ofrecen un tacto limpio, con un clic claro. Se percibe el deseo de ofrecer algo m\u00e1s serio que un simple volante de pl\u00e1stico. El cuadro de mandos LED, la pantalla central y la asignaci\u00f3n de botones refuerzan la impresi\u00f3n de que se trata de un volante \"vers\u00e1til de simulaci\u00f3n de carreras\" y no de un simple accesorio de consola.<\/span><\/p>\n<p><span style=\"font-weight: 400;\">Donde puede resultar ligeramente decepcionante es en ciertos detalles materiales. No estamos al nivel de un volante premium de metal y cuero por todas partes. Algunos pl\u00e1sticos siguen presentes, y a este nivel de precio, algunos usuarios pueden esperar incluso m\u00e1s. Pero la coherencia general del conjunto lo compensa con creces.<\/span><\/p>\n<p><span style=\"font-weight: 400;\">En comparaci\u00f3n con otros productos de una categor\u00eda similar, la base en s\u00ed es realmente de primera calidad. La impresi\u00f3n general es la de un combo s\u00f3lido y bien pensado, dise\u00f1ado para ser la pieza central de una configuraci\u00f3n seria.<\/span><\/p>\n<p><span style=\"font-weight: 400;\">En la mano, se tiene la impresi\u00f3n de que el equipo est\u00e1 dise\u00f1ado para un uso frecuente, prolongado y sin estr\u00e9s.<\/span><\/p>\n<p>&nbsp;<\/p>\n<h2><span style=\"font-weight: 400;\">Ajustes, personalizaci\u00f3n y compatibilidad<\/span><\/h2>\n<p>&nbsp;<\/p>\n<p><span style=\"font-weight: 400;\">En cuanto a los ajustes, Fanatec se mantiene fiel a su l\u00f3gica: hay perfiles integrados, preajustes para cada conjunto y la opci\u00f3n de realizar ajustes finos a trav\u00e9s del men\u00fa base y del software para PC. Para alguien nuevo en Direct Drive, esto es tranquilizador: se puede conducir r\u00e1pido con una configuraci\u00f3n \"b\u00e1sica\" que ya es utilizable, y luego ir afinando poco a poco.<\/span><\/p>\n<p><span style=\"font-weight: 400;\">El men\u00fa de la base permite ajustar los grandes cl\u00e1sicos: fuerza global, filtro, amortiguador, fuerza m\u00ednima y linealidad. La ergonom\u00eda es l\u00f3gica, pero a\u00fan as\u00ed requiere un poco de tiempo para acostumbrarse si nunca has tocado este tipo de par\u00e1metros antes. No hay nada que te lo impida, pero tienes que estar preparado para pasar un poco de tiempo probando.<\/span><\/p>\n<p><span style=\"font-weight: 400;\">En el PC, el software Fanatec ofrece mucha m\u00e1s finura. Aqu\u00ed es donde realmente puedes adaptar la base a tu estilo: m\u00e1s cruda y directa para un piloto al que le gusta sentir cada bache, o m\u00e1s filtrada y suave para largas sesiones en la consola o para una conducci\u00f3n m\u00e1s \"relajada\". Sinceramente, puedes hacer que esta base sea muy f\u00edsica o sorprendentemente c\u00f3moda.<\/span><\/p>\n<p><span style=\"font-weight: 400;\">En t\u00e9rminos de compatibilidad, el GT DD Extreme est\u00e1 dise\u00f1ado para consolas PlayStation y PC. Este es claramente su gran argumento de marketing, sin dejar de ser totalmente utilizable en una configuraci\u00f3n de simulaci\u00f3n de carreras para PC. El ecosistema Fanatec es un verdadero plus: pedales de c\u00e9lula de carga, palancas de cambio, frenos de mano y otros volantes de estilo GT, F1 o rally pueden injertarse en la base.<\/span><\/p>\n<p><span style=\"font-weight: 400;\">En cuanto a la capacidad de actualizaci\u00f3n, no estamos hablando de un simple punto de entrada que sustituyes al cabo de un a\u00f1o. Hay espacio suficiente en la base para seguir el ritmo de un simracer a medida que avanza, y s\u00f3lo el volante har\u00e1 que quieras cambiarlo para adaptarlo a tus gustos. Es una plataforma duradera.<\/span><\/p>\n<p><span style=\"font-weight: 400;\">Puedes pilotar durante unos minutos y luego ir afinando poco a poco para adaptarlo a tu estilo y a cada partido.<\/span><\/p>\n<p>&nbsp;<\/p>\n<h2><span style=\"font-weight: 400;\">Sensaciones en juego<\/span><\/h2>\n<p><span style=\"font-weight: 400;\">Aqu\u00ed es donde el GT DD Extreme realmente destaca. En la pista, la base proporciona una respuesta limpia y detallada que es lo suficientemente potente como para dar car\u00e1cter sin llegar a ser ingobernable. La precisi\u00f3n es evidente: puedes sentir claramente las variaciones de carga en los neum\u00e1ticos, el coche se aligera a la entrada de la curva, se asienta bajo presi\u00f3n y luego se aleja si sobrepasas el l\u00edmite.<\/span><\/p>\n<p><span style=\"font-weight: 400;\">La lectura del agarre es un punto fuerte. En comparaci\u00f3n con una base de correa, se gana en finura y capacidad de respuesta. Las micro-p\u00e9rdidas de agarre llegan al volante en forma de peque\u00f1as roturas, ligeras flotaciones, que son f\u00e1ciles de identificar una vez que has encontrado los reglajes adecuados. Sientes exactamente lo que hacen los neum\u00e1ticos, y eso cambia la forma en que gestionas tu ataque en las curvas.<\/span><\/p>\n<p><span style=\"font-weight: 400;\">En curvas r\u00e1pidas, el volante se mantiene estable pero vivo. Hay una sensaci\u00f3n de apoyo en las manos, sin latencia par\u00e1sita. La direcci\u00f3n te da confianza, especialmente en circuitos que conoces bien: sabes exactamente hasta d\u00f3nde puedes llegar antes de tener que corregir. Ah\u00ed es donde la base marca realmente la diferencia en comparaci\u00f3n con equipos m\u00e1s b\u00e1sicos.<\/span><\/p>\n<p><span style=\"font-weight: 400;\">Los vibradores est\u00e1n bien reproducidos. No hay brutalidad gratuita, pero s\u00ed una textura clara de los bordes de cada pista. Los vibradores agresivos realmente sacuden el volante, mientras que los bordes m\u00e1s suaves producen un estruendo controlado. Entiendes inmediatamente d\u00f3nde est\u00e1 el coche en la pista.<\/span><\/p>\n<p><span style=\"font-weight: 400;\">En las correcciones r\u00e1pidas, la base responde sin resistencia. Cuando la trasera se cala, se puede recuperar con confianza, porque el volante no se satura a mitad de recorrido. Sigue siendo f\u00e1cil de leer, incluso cuando el FFB es fuerte. El volante sigue siendo limpio y f\u00e1cil de leer, incluso cuando atacas.<\/span><\/p>\n<p><span style=\"font-weight: 400;\">En sesiones largas, la consistencia es muy buena. No hay calentamiento molesto, ni sensaci\u00f3n de fatiga mec\u00e1nica. La fatiga, si se produce, proviene principalmente de los brazos si has puesto un nivel alto de potencia, pero puedes rodar durante mucho tiempo si bajas ligeramente la potencia para mantenerte en total comodidad.<\/span><\/p>\n<p><span style=\"font-weight: 400;\">Comparado con una base Direct Drive mucho m\u00e1s potente, el GT DD Extreme es un poco menos violento, obviamente, sobre todo si te gustan los ajustes extremos. Pero conserva esa zona tan interesante en la que la respuesta es lo suficientemente fuerte como para resultar envolvente, sin llegar a ser dolorosa para un uso habitual.<\/span><\/p>\n<p><span style=\"font-weight: 400;\">En comparaci\u00f3n con una base menos potente, se gana realmente en control, matices en las transferencias y realismo general. Esto se nota especialmente en las fases de transici\u00f3n: el frenado, el inicio de la rotaci\u00f3n, el giro. Aqu\u00ed es donde la base cambia realmente la experiencia.<\/span><\/p>\n<p><span style=\"font-weight: 400;\">En general, la inmersi\u00f3n es muy alta, pero lo que realmente destaca es la combinaci\u00f3n de precisi\u00f3n y comodidad. No sientes que luchas contra la base, sino que trabajas con ella.<\/span><\/p>\n<p>&nbsp;<\/p>\n<h2><span style=\"font-weight: 400;\">\u00bfA qui\u00e9n va dirigido? Lo que nos gusta \/ Lo que no nos gusta<\/span><\/h2>\n<p>&nbsp;<\/p>\n<p><span style=\"font-weight: 400;\">El GT DD Extreme est\u00e1 dirigido principalmente a corredores de simulaci\u00f3n intermedios y avanzados que ya han conducido un poco con un volante b\u00e1sico o de gama media y quieren pasar al siguiente nivel, especialmente en una consola. Tambi\u00e9n es un buen punto de entrada para principiantes motivados que ya saben que quieren hacer una inversi\u00f3n seria, sin tener que hacer tres compras sucesivas.<\/span><\/p>\n<p><span style=\"font-weight: 400;\">Lo que m\u00e1s apreciamos es la coherencia del conjunto. La base ofrece un Direct Drive realmente s\u00f3lido, con un tacto propio y mucho margen de mejora. El volante suministrado es completo y est\u00e1 bien pensado para un uso polivalente (GT, touring, un poco de proto, un poco de F1 casual). Y el ecosistema que lo rodea permite actualizar la configuraci\u00f3n sin cambiar de marca. La relaci\u00f3n precisi\u00f3n \/ confort \/ polivalencia es claramente su punto fuerte.<\/span><\/p>\n<p><span style=\"font-weight: 400;\">Otro punto positivo es la legibilidad del Force Feedback. Una vez bien ajustada, la vaina da una informaci\u00f3n muy clara sin saturarte de vibraciones innecesarias. Puedes atacar, rodar limpio o hacer carreras largas sin tener la sensaci\u00f3n de estar sometido al equipo. En una consola con un buen juego de pedales, realmente te acercas a una experiencia de PC \"seria\".<\/span><\/p>\n<p><span style=\"font-weight: 400;\">Por otro lado, hay que tener en cuenta algunas limitaciones. En primer lugar, el precio sit\u00faa claramente este producto en la categor\u00eda de inversi\u00f3n, no en la de ocio impulsivo. Para rentabilizar la inversi\u00f3n, hay que utilizarlo y planear utilizarlo con regularidad. En segundo lugar, algunos simracers que son muy exigentes en cuanto a materiales puros pueden encontrar el volante un poco menos atractivo que un volante completo de metal\/cuero de alta gama. Por \u00faltimo, el ecosistema cerrado puede ser visto como una desventaja si te gusta mezclar diferentes marcas o juguetear con las cosas.<\/span><\/p>\n<p><span style=\"font-weight: 400;\">Para un jugador ocasional que s\u00f3lo dedica unas horas al mes a un juego de carreras, la inversi\u00f3n puede parecer desproporcionada. Para un entusiasta que conduce a menudo, especialmente en GT y PC, el posicionamiento resulta l\u00f3gico.<\/span><\/p>\n<p>&nbsp;<\/p>\n<h2><span style=\"font-weight: 400;\">Veredicto<\/span><\/h2>\n<p><span style=\"font-weight: 400;\">El Fanatec GT DD Extreme no es s\u00f3lo un bonito paquete de marketing de Gran Turismo. Realmente cambia la naturaleza de una configuraci\u00f3n, especialmente si vienes de un volante accionado por correa o de un peque\u00f1o Direct Drive b\u00e1sico. Ganas finura, control y confianza en todas las fases de la conducci\u00f3n.<\/span><\/p>\n<p><span style=\"font-weight: 400;\">En el mercado, se sit\u00faa claramente en el segmento de consumo premium: m\u00e1s accesible y f\u00e1cil de manejar que algunas soluciones modulares de gama muy alta, pero mucho m\u00e1s serio que un volante b\u00e1sico plug-and-play. Es un producto fundamental para cualquiera que quiera tomarse en serio el simracing, en consola o PC.<\/span><\/p>\n<p><span style=\"font-weight: 400;\">Se lo recomendar\u00eda a cualquiera que quiera una sola rueda Direct Drive capaz de hacer todo correctamente, sin perderse en diez configuraciones diferentes. Si ya conduces mucho, quieres una experiencia m\u00e1s realista y est\u00e1s dispuesto a invertir en una base duradera, est\u00e1 claro que tiene sentido. Si juegas poco o s\u00f3lo buscas probar las carreras de simulaci\u00f3n a un coste menor, no es la mejor forma de entrar.<\/span><\/p>\n<p><span style=\"font-weight: 400;\">Si buscas un Direct Drive potente, limpio, vers\u00e1til y compatible con PlayStation\/PC, este GT DD Extreme podr\u00eda marcar la diferencia en tu configuraci\u00f3n.<\/span><\/p>","protected":false},"excerpt":{"rendered":"<p>El GT DD Extreme ofrece un Force Feedback limpio, potente y muy legible, con una ganancia real de control respecto a bases m\u00e1s sencillas. Es perfecto para los pilotos de simulaci\u00f3n habituales de PlayStation o PC que quieran llevar su juego al siguiente nivel. Un conjunto coherente y duradero para aumentar la inmersi\u00f3n sin entrar en la categor\u00eda \"pro\".<\/p>","protected":false},"featured_media":101316,"comment_status":"open","ping_status":"closed","template":"","meta":{"_acf_changed":false,"_et_pb_use_builder":"","_et_pb_old_content":"","_et_gb_content_width":""},"product_brand":[158],"product_cat":[161,173,171,172],"product_tag":[149,159],"class_list":{"0":"post-101315","1":"product","2":"type-product","3":"status-publish","4":"has-post-thumbnail","6":"product_brand-fanatec","7":"product_cat-volant","8":"product_cat-volants-fanatec","9":"product_cat-volants-ps4","10":"product_cat-volants-ps5","11":"product_tag-pc","12":"product_tag-playstation","14":"first","15":"instock","16":"shipping-taxable","17":"product-type-external"},"acf":[],"_links":{"self":[{"href":"https:\/\/simracergear.com\/es\/wp-json\/wp\/v2\/product\/101315","targetHints":{"allow":["GET"]}}],"collection":[{"href":"https:\/\/simracergear.com\/es\/wp-json\/wp\/v2\/product"}],"about":[{"href":"https:\/\/simracergear.com\/es\/wp-json\/wp\/v2\/types\/product"}],"replies":[{"embeddable":true,"href":"https:\/\/simracergear.com\/es\/wp-json\/wp\/v2\/comments?post=101315"}],"wp:featuredmedia":[{"embeddable":true,"href":"https:\/\/simracergear.com\/es\/wp-json\/wp\/v2\/media\/101316"}],"wp:attachment":[{"href":"https:\/\/simracergear.com\/es\/wp-json\/wp\/v2\/media?parent=101315"}],"wp:term":[{"taxonomy":"product_brand","embeddable":true,"href":"https:\/\/simracergear.com\/es\/wp-json\/wp\/v2\/product_brand?post=101315"},{"taxonomy":"product_cat","embeddable":true,"href":"https:\/\/simracergear.com\/es\/wp-json\/wp\/v2\/product_cat?post=101315"},{"taxonomy":"product_tag","embeddable":true,"href":"https:\/\/simracergear.com\/es\/wp-json\/wp\/v2\/product_tag?post=101315"}],"curies":[{"name":"wp","href":"https:\/\/api.w.org\/{rel}","templated":true}]}}