{"id":101370,"date":"2025-05-15T08:08:00","date_gmt":"2025-05-15T08:08:00","guid":{"rendered":"https:\/\/simracergear.com\/products\/moza-cs-v2p-steering-wheel\/"},"modified":"2025-11-28T05:18:35","modified_gmt":"2025-11-28T05:18:35","slug":"moza-cs-v2p-steering-wheel","status":"publish","type":"product","link":"https:\/\/simracergear.com\/es\/products\/moza-cs-v2p-steering-wheel\/","title":{"rendered":"Volante MOZA CS V2P"},"content":{"rendered":"<h2>MOZA CS V2P: el volante \"todoterreno serio\" para las bases MOZA<\/h2>\n<p>El volante MOZA CS V2P se posiciona claramente como el volante 'todoterreno GT' de la gama MOZA. No es el m\u00e1s premium, ni el m\u00e1s agresivo visualmente, pero consigue un equilibrio interesante: tama\u00f1o realista, buenos acabados, ergonom\u00eda dise\u00f1ada para las carreras de simulaci\u00f3n modernas y un precio que se mantiene por debajo de los modelos de gama ultra alta.<\/p>\n<p>Sobre el papel, promete un combo bastante atractivo: construcci\u00f3n en metal + alc\u00e1ntara\/similar cuero, botones generosos, levas magn\u00e9ticas, compatibilidad total con el ecosistema MOZA y, sobre todo, un tacto m\u00e1s \"maduro\" que los primeros volantes de la marca. Est\u00e1 dirigido a aquellos que quieren un \u00fanico volante capaz de hacerlo todo correctamente: GT, touring, rally moderno y un poco de enduro.<\/p>\n<p>Mi \u00e1ngulo aqu\u00ed es simple: precisi\u00f3n de control, ergonom\u00eda en carrera, calidad percibida y coherencia con las bases MOZA actuales (R5, R9, R12, R16...). La idea no es averiguar si es la m\u00e1s bonita de Instagram, sino si realmente te da confianza en la pista, si aguanta sesiones largas y si justifica su precio en comparaci\u00f3n con las alternativas del mercado.<\/p>\n<p>En una configuraci\u00f3n MOZA, \u00e9ste suele ser el tipo de volante que puede convertirse en el \"volante principal\" que dejas montado el 80 % del tiempo. La pregunta es: \u00bfrealmente se lo merece?<\/p>\n<h2>Dise\u00f1o y fabricaci\u00f3n: serios, limpios, sin extravagancias<\/h2>\n<p>En la mano, la CS V2P da una impresi\u00f3n inmediata de solidez. La placa frontal met\u00e1lica, el chasis r\u00edgido, el peso bien distribuido: tienes la sensaci\u00f3n de que no est\u00e1s montando un juguete. La rueda en s\u00ed tiene un di\u00e1metro realista para GT y todocaminos, ni demasiado peque\u00f1a ni XXL, lo que la hace tan c\u00f3moda en un GT3 como en una berlina moderna o un monoplaza.<\/p>\n<p>Los pu\u00f1os ofrecen un agarre convincente. La textura da una sensaci\u00f3n real de control, con material suficiente para que no \"resbales\" con calcetines simracer en tandas largas. La densidad del volante es una agradable sorpresa: puedes sentir el material, sin tener la sensaci\u00f3n de estar arrastrando un bloque de plomo. Es limpio, preciso y bien sujeto.<\/p>\n<p>Los botones y codificadores tienen un clic claro y tranquilizador. Puedes pulsarlos sin vacilar, incluso en medio de una batalla rueda a rueda. No est\u00e1 al nivel t\u00e1ctil de un volante profesional que cueste varios cientos de euros m\u00e1s, pero en este rango de precios, es m\u00e1s que adecuado. En cuanto a las levas magn\u00e9ticas, tienen el tacto seco y r\u00e1pido que se espera de un volante serio hoy en d\u00eda: poco recorrido, respuesta precisa y se sabe al instante si se ha cambiado de marcha.<\/p>\n<p>Lo que resulta un poco decepcionante son algunos detalles est\u00e9ticos y el tacto de las pegatinas\/im\u00e1genes de algunos botones, que son menos \"de lujo\" que el resto del paquete. Tambi\u00e9n est\u00e1 claro que el CS V2P intenta mantenerse dentro de un rango de precios razonable, por lo que no utiliza fibra de carbono ni materiales ex\u00f3ticos.<\/p>\n<p>En comparaci\u00f3n con los volantes de gama media de Logitech \/ Thrustmaster, la calidad percibida sigue estando un escal\u00f3n por encima en t\u00e9rminos de rigidez y seriedad. Comparado con volantes boutique de gama muy alta, el CS V2P es m\u00e1s sabio, m\u00e1s industrial, pero sinceramente, para el uso diario en simracing, inspira confianza.<\/p>\n<h2>Ajustes, personalizaci\u00f3n y compatibilidad<\/h2>\n<p>El CS V2P est\u00e1 dise\u00f1ado para el ecosistema MOZA, y queda claro en cuanto entras en la l\u00f3gica de configuraci\u00f3n. Se integra perfectamente con el software MOZA Pit House: reasignaci\u00f3n de botones, gesti\u00f3n de LED, perfiles por juego, todo es bastante intuitivo si ya se tiene cierta experiencia en sim racing. Para un usuario procedente de otro ecosistema, la curva de aprendizaje sigue siendo razonable.<\/p>\n<p>En t\u00e9rminos de personalizaci\u00f3n funcional, puedes asignar casi cualquier cosa que necesites: limitador de pit, radio, codificadores ABS\/TC, mezcla de motor, mapa de combustible, etc. Los codificadores giratorios son realmente \u00fatiles para ajustar par\u00e1metros en directo sin tener que rebuscar en un men\u00fa. Los codificadores giratorios son muy \u00fatiles para ajustar par\u00e1metros en directo sin tener que rebuscar en un men\u00fa. En t\u00edtulos como ACC, iRacing o rFactor 2, es un verdadero plus de comodidad. Entiendes inmediatamente lo que est\u00e1 haciendo el coche, porque puedes hacer ajustes sin apartar los ojos del volante.<\/p>\n<p>Los LED de cambio e indicadores a\u00f1aden otra capa de legibilidad, sobre todo si juegas sin mando a distancia. No es esencial, pero en la pr\u00e1ctica te ayuda a ajustar bien los cambios de marcha.<\/p>\n<p>La compatibilidad est\u00e1 orientada al PC con las bases MOZA. En consolas, la historia se complica: este volante no est\u00e1 dise\u00f1ado para adaptarse directamente a una base de consola de la competencia, y el ecosistema MOZA sigue estando muy centrado en el PC. Este es un punto a tener en cuenta: si eres usuario de consola y no piensas pasarte al PC, este no es el producto ideal.<\/p>\n<p>En t\u00e9rminos de escalabilidad, lo veo como un punto de entrada muy bueno y serio en el mundo MOZA, pero no el \u00fanico. Incluso un usuario ya equipado con una base R9 o R12 puede verlo como un volante primario duradero. El d\u00eda que actualice la base a un modelo m\u00e1s potente, el CS V2P le seguir\u00e1 sin inmutarse: la rigidez es suficiente para asumir un Direct Drive m\u00e1s potente sin doblarse.<\/p>\n<p>No se trata de un producto b\u00e1sico desechable, sino de un volante que encaja bien con la progresi\u00f3n gradual de la configuraci\u00f3n.<\/p>\n<h2>Sensaciones en juego: un volante que da confianza<\/h2>\n<p>Donde realmente destaca el CS V2P es en la pista. Sobre una base MOZA bien afinada, la primera impresi\u00f3n es la claridad de la informaci\u00f3n. Las manos encuentran su lugar natural, los mandos caen bien bajo los dedos y se tiene esa agradable sensaci\u00f3n de \"s\u00e9 lo que est\u00e1 haciendo el coche\".<\/p>\n<p>En las curvas, la precisi\u00f3n procede principalmente de la forma y la rigidez del volante. No se deforma ni vibra de forma extra\u00f1a bajo altas cargas de FFB. Las correcciones r\u00e1pidas son naturales: puedes coger un sobreviraje, volver a centrarte y volver a pisar el acelerador sin tener que luchar contra un volante que se mueve por todas partes. En los nerviosos coches de iRacing o rally, este control marca realmente la diferencia.<\/p>\n<p>La lectura del agarre est\u00e1 ligada principalmente a la base, pero el CS V2P no filtra innecesariamente. Puedes sentir los peque\u00f1os calados de la parte trasera, los micromovimientos cuando la parte delantera empieza a subvirar, y las vibraciones procedentes de los vibradores y de la pista siguen siendo claramente legibles. En un vibrador agresivo, el volante transmite sacudidas agudas pero no desagradables, sin ruidos par\u00e1sitos por el choque de piezas.<\/p>\n<p>En sesiones largas, la forma general del volante y su di\u00e1metro desempe\u00f1an un papel fundamental. Los pu\u00f1os no cansan las manos, incluso cuando se aprieta razonablemente fuerte. El grosor de la corona est\u00e1 bien equilibrado, ni demasiado fino como un juguete ni demasiado grueso como un gran volante de carretera. Despu\u00e9s de varias carreras seguidas, se siente m\u00e1s fatiga muscular por el par de base que por el propio volante, lo que es una buena se\u00f1al.<\/p>\n<p>En cuanto a los cambios de marcha, las levas magn\u00e9ticas ofrecen una sensaci\u00f3n de respuesta, con un clic bien definido. Puedes subir y bajar varias marchas sobre la marcha sin preocuparte de perder una. Para el cerebro, esto es importante: cada clic corresponde a una acci\u00f3n clara. Cuando frenas como un loco, lo quieres todo menos un cambio difuso.<\/p>\n<p>En comparaci\u00f3n con un volante montado sobre una base de correa tradicional, el conjunto de base Direct Drive + CS V2P proporciona una sensaci\u00f3n de mayor conexi\u00f3n. Los peque\u00f1os detalles de la carretera y los neum\u00e1ticos se aprecian mejor, y la rigidez del volante evita el efecto \"espumoso\" que puede producirse con productos m\u00e1s blandos.<\/p>\n<p>Comparado con un combo de gama muy alta, con un volante de carbono ultraligero y componentes de boutique, el CS V2P sigue siendo un poco m\u00e1s pesado y algo menos afilado en lo que se refiere a la microprecisi\u00f3n. Pero para su categor\u00eda de precio, ofrece un compromiso muy coherente entre inmersi\u00f3n, confort y control. Puedes rodar r\u00e1pido, durante mucho tiempo, sin pensar \"me falta algo\".<\/p>\n<p>En la pr\u00e1ctica, suele ser el tipo de volante que hace que te olvides del hardware y te concentres en la pista. Y para un simulador, eso suele ser el mayor cumplido posible.<\/p>\n<h2>\u00bfA qui\u00e9n va dirigido? Puntos fuertes y limitaciones en el d\u00eda a d\u00eda<\/h2>\n<p>El MOZA CS V2P est\u00e1 claramente dirigido al simracer de PC serio, ya sea intermedio o avanzado. Los principiantes motivados tambi\u00e9n pueden sacarle partido si parten directamente de una base MOZA, pero este volante tiene m\u00e1s sentido para alguien que corre con regularidad, que quiere una configuraci\u00f3n coherente y mejorable, sin caer en los sobrevalorados topes de gama.<\/p>\n<p>Lo que m\u00e1s aprecio es su versatilidad. Puedes conducir un GT3, un turismo, un prototipo moderno, un poco de rally o derrapar sin tener nunca la sensaci\u00f3n de estar \"fuera de tu alcance\". En segundo lugar, la calidad general de construcci\u00f3n inspira confianza: lo conduces todos los d\u00edas, sesi\u00f3n tras sesi\u00f3n, nada cruje, nada flota. Por \u00faltimo, la integraci\u00f3n en el ecosistema MOZA y el software Pit House es muy agradable: configuraci\u00f3n clara, perfiles f\u00e1ciles de ajustar, no hace falta ser ingeniero para ajustarlo todo correctamente.<\/p>\n<p>En cuanto a las limitaciones, en primer lugar est\u00e1 el hecho de que est\u00e1 bloqueado en el ecosistema MOZA. Si ya has invertido en otro ecosistema Direct Drive, este volante no ser\u00e1 una opci\u00f3n plug-and-play. En segundo lugar, aunque el acabado es muy bueno, se tiene la sensaci\u00f3n de que no estamos hablando de un producto ultra-premium: ciertos detalles visuales y el tacto de ciertos botones nos recuerdan que nos estamos manteniendo dentro de un presupuesto contenido. Por \u00faltimo, para los puristas de un estilo de conducci\u00f3n muy concreto (rally puro, F1 pura, drifting extremo), un volante m\u00e1s especializado ser\u00eda m\u00e1s apropiado en t\u00e9rminos de forma y ergonom\u00eda.<\/p>\n<p>En t\u00e9rminos de valor percibido, CS V2P no tiene nada que envidiar. Da la impresi\u00f3n de que se est\u00e1 pagando por una verdadera herramienta de simracing, no por una estratagema de marketing. Para un usuario de MOZA que busque un volante principal serio, la inversi\u00f3n tiene sentido, sobre todo si el objetivo es mantener este volante a lo largo de varias evoluciones b\u00e1sicas.<\/p>\n<h2>Veredicto: un volante \"conductor principal\" muy s\u00f3lido en el ecosistema MOZA<\/h2>\n<p>El MOZA CS V2P cambia algo sencillo pero fundamental en una configuraci\u00f3n: ofrece un centro de control fiable y vers\u00e1til que es un placer utilizar a diario. No trata de presumir con carbono por todas partes, sino de ofrecer una herramienta eficiente, clara y coherente con bases Direct Drive de gama media.<\/p>\n<p>En el mercado, se posiciona como una rueda de gama media\/alta, con una buena relaci\u00f3n calidad-precio. M\u00e1s seria y mejor construida que las opciones de nivel b\u00e1sico, menos exclusiva y menos cara que las ruedas boutique ultra-premium. Es el \"pivote\" ideal para una configuraci\u00f3n MOZA orientada al rendimiento, sin pasarse.<\/p>\n<p>Lo recomiendo claramente a los corredores de simulaci\u00f3n de PC que ya conducen o planean conducir con una base MOZA, y que quieren un volante principal capaz de hacerlo todo limpiamente. Por otro lado, para los jugadores de consola puros o para los que quieran un volante muy espec\u00edfico (F1 de carbono puro, volante de drift enorme, etc.), hay opciones m\u00e1s dedicadas.<\/p>\n<p>Si busca una rueda fiable, vers\u00e1til y bien construida que se integre perfectamente con las bases MOZA, este producto podr\u00eda marcar la diferencia en su configuraci\u00f3n.<\/p>","protected":false},"excerpt":{"rendered":"<p>Este volante aporta una verdadera sensaci\u00f3n de control y consistencia a la conducci\u00f3n diaria, para que te olvides r\u00e1pidamente del hardware y te concentres en la pista. Tiene sentido para los corredores de PC sim que ya est\u00e1n en el ecosistema MOZA, que quieren un volante principal vers\u00e1til y duradero sin aspirar a ultra-premium. En general, la relaci\u00f3n utilidad\/precio est\u00e1 bien alineada con lo que ofrece.<\/p>","protected":false},"featured_media":101371,"comment_status":"open","ping_status":"closed","template":"","meta":{"_acf_changed":false,"_et_pb_use_builder":"","_et_pb_old_content":"","_et_gb_content_width":""},"product_brand":[165],"product_cat":[156],"product_tag":[149],"class_list":{"0":"post-101370","1":"product","2":"type-product","3":"status-publish","4":"has-post-thumbnail","6":"product_brand-moza-racing","7":"product_cat-roue-de-volant","8":"product_tag-pc","10":"first","11":"instock","12":"shipping-taxable","13":"product-type-external"},"acf":[],"_links":{"self":[{"href":"https:\/\/simracergear.com\/es\/wp-json\/wp\/v2\/product\/101370","targetHints":{"allow":["GET"]}}],"collection":[{"href":"https:\/\/simracergear.com\/es\/wp-json\/wp\/v2\/product"}],"about":[{"href":"https:\/\/simracergear.com\/es\/wp-json\/wp\/v2\/types\/product"}],"replies":[{"embeddable":true,"href":"https:\/\/simracergear.com\/es\/wp-json\/wp\/v2\/comments?post=101370"}],"wp:featuredmedia":[{"embeddable":true,"href":"https:\/\/simracergear.com\/es\/wp-json\/wp\/v2\/media\/101371"}],"wp:attachment":[{"href":"https:\/\/simracergear.com\/es\/wp-json\/wp\/v2\/media?parent=101370"}],"wp:term":[{"taxonomy":"product_brand","embeddable":true,"href":"https:\/\/simracergear.com\/es\/wp-json\/wp\/v2\/product_brand?post=101370"},{"taxonomy":"product_cat","embeddable":true,"href":"https:\/\/simracergear.com\/es\/wp-json\/wp\/v2\/product_cat?post=101370"},{"taxonomy":"product_tag","embeddable":true,"href":"https:\/\/simracergear.com\/es\/wp-json\/wp\/v2\/product_tag?post=101370"}],"curies":[{"name":"wp","href":"https:\/\/api.w.org\/{rel}","templated":true}]}}