{"id":101392,"date":"2025-05-15T08:09:00","date_gmt":"2025-05-15T08:09:00","guid":{"rendered":"https:\/\/simracergear.com\/products\/moza-front-mounting\/"},"modified":"2025-11-28T05:22:05","modified_gmt":"2025-11-28T05:22:05","slug":"moza-front-mounting","status":"publish","type":"product","link":"https:\/\/simracergear.com\/es\/products\/moza-front-mounting\/","title":{"rendered":"Montaje frontal MOZA"},"content":{"rendered":"<h2>MOZA Front Mounting: \u00bfpara qu\u00e9 sirve realmente en una configuraci\u00f3n de sim racing?<\/h2>\n<p>MOZA Front Mounting es un accesorio ultraespec\u00edfico que puede cambiar por completo la rigidez y la sensaci\u00f3n de una configuraci\u00f3n. Hablamos aqu\u00ed de un soporte de montaje frontal para bases MOZA Direct Drive, dise\u00f1ado para atornillarse a la parte delantera de un chasis o travesa\u00f1o, en un estilo de instalaci\u00f3n 'pro'.<\/p>\n<p>Est\u00e1 dirigido principalmente a los usuarios de bases MOZA bastante torsionadas, que quieren eliminar la flexi\u00f3n, las vibraciones par\u00e1sitas y los montajes improvisados en platos de madera demasiado finos. La idea es sencilla: rigidizar la uni\u00f3n entre la base y el cockpit para que todo lo que salga del motor llegue al volante... y no a la estructura.<\/p>\n<p>Mi punto de vista en esta prueba es claro: \u00bfofrece este soporte delantero una ganancia real en sensaci\u00f3n, consistencia y comodidad de uso, o no es m\u00e1s que otro accesorio \"bonito de tener\" en el cat\u00e1logo de MOZA? Me centr\u00e9 en la rigidez, la calidad de construcci\u00f3n, la facilidad de integraci\u00f3n en el cockpit y, sobre todo, el impacto en la sensaci\u00f3n de juego.<\/p>\n<p>No hablamos de un producto espectacular a la vista, sino de un elemento clave para quienes desean un montaje limpio, s\u00f3lido y coherente. El tipo de pieza que no hace ruido... pero que puede transformar la sensaci\u00f3n general de la base.<\/p>\n<h2>Dise\u00f1o, fabricaci\u00f3n y una s\u00f3lida impresi\u00f3n<\/h2>\n<p>Visualmente, el soporte frontal MOZA es muy sencillo. Es una pieza bastante compacta de metal mecanizado, con un acabado negro que combina bien con el estilo de las bases MOZA. La primera impresi\u00f3n en la mano es de densidad: r\u00e1pidamente te das cuenta de que no est\u00e1s tratando con una fina chapa doblada a toda prisa, sino con algo r\u00edgido, dise\u00f1ado para soportar una tensi\u00f3n mec\u00e1nica importante.<\/p>\n<p>Las superficies est\u00e1n limpias, los bordes bien acabados, no hay rebabas ni agujeros \u00e1speros. Los agujeros son rectos, la alineaci\u00f3n es seria. Este es el tipo de detalle que cuenta cuando empiezas a hablar de Direct Drive y chasis de aluminio: la m\u00e1s m\u00ednima holgura en esta zona se traduce en vibraciones y bamboleo en el volante.<\/p>\n<p>Una vez montado, la rigidez percibida es realmente sorprendente. El soporte no se dobla ni se retuerce, ni siquiera cuando se ejerce mucha presi\u00f3n sobre la base. Cuando se apoya lateralmente, la pieza se mantiene en su sitio, que es exactamente lo que se espera de un soporte frontal digno de ese nombre. La conexi\u00f3n entre la base y la cabina es inmediatamente m\u00e1s consistente.<\/p>\n<p>Donde puede decepcionar ligeramente es en su versatilidad bruta. Se tiene la sensaci\u00f3n de que el producto est\u00e1 realmente dise\u00f1ado para el ecosistema MOZA, con una geometr\u00eda y unas distancias entre ejes orientadas hacia las bases y las cabinas de tipo perfil de aluminio. En cabinas m\u00e1s ex\u00f3ticas o tubulares, sin una buena superficie frontal plana, la integraci\u00f3n requiere un poco m\u00e1s de reflexi\u00f3n.<\/p>\n<p>En comparaci\u00f3n con algunos soportes universales de terceros, que a veces son m\u00e1s modulares, el soporte frontal MOZA se centra claramente en el ajuste limpio y la rigidez, m\u00e1s que en la compatibilidad total. En t\u00e9rminos de calidad pura, se encuentra en la gama media-alta del mercado, con una sensaci\u00f3n m\u00e1s limpia que muchos soportes gen\u00e9ricos m\u00e1s ligeros.<\/p>\n<h2>Ajustes, personalizaci\u00f3n y compatibilidad en una sola configuraci\u00f3n<\/h2>\n<p>Evidentemente, el montaje frontal MOZA no tiene \"men\u00fas\" en el sentido del software, pero ofrece un cierto margen para el ajuste f\u00edsico. Hay una serie de opciones de posicionamiento a trav\u00e9s de los orificios de montaje, lo que le permite ajustar la altura o el voladizo de la base de acuerdo con la geometr\u00eda de la cabina.<\/p>\n<p>En un chasis de perfil de aluminio, la integraci\u00f3n es bastante l\u00f3gica: se fija la pieza a un travesa\u00f1o delantero, luego se atornilla la base por delante y se ajusta ligeramente para alinear el volante con el asiento y los pedales. El montaje requiere un m\u00ednimo de m\u00e9todo, pero la curva de aprendizaje sigue siendo baja para alguien que ya haya montado un cockpit. Para un completo principiante, simplemente tendr\u00e1 que tomarse su tiempo y medir correctamente.<\/p>\n<p>En t\u00e9rminos de compatibilidad, las ventajas de MOZA Front Mounting son evidentes si ya perteneces al ecosistema MOZA, especialmente con una base Direct Drive de gama media o alta. B\u00e1sicamente est\u00e1 dise\u00f1ado para PC, pero el verdadero problema no es la compatibilidad consola\/PC del producto en s\u00ed: se trata de un elemento puramente mec\u00e1nico. Mientras tu base MOZA funcione en tu plataforma, el soporte frontal le sigue.<\/p>\n<p>Con los volantes, pedales y palancas de cambio de la marca, se integra muy bien en una configuraci\u00f3n completa: todo est\u00e1 a la altura adecuada, y el eje del volante se alinea m\u00e1s f\u00e1cilmente con el resto. En un cockpit r\u00edgido como un perfil, se obtiene un conjunto muy coherente. En cockpits m\u00e1s \"ligeros\" o en caballetes plegables, el inter\u00e9s es menor, o incluso cuestionable.<\/p>\n<p>En t\u00e9rminos de escalabilidad, este soporte puede acompa\u00f1ar claramente a un movimiento ascendente dentro del ecosistema MOZA. Si pasas de una base peque\u00f1a a una m\u00e1s potente, mantienes el mismo m\u00e9todo de fijaci\u00f3n. Es m\u00e1s un bloque de construcci\u00f3n duradero para tu cabina que un accesorio que cambias cada a\u00f1o.<\/p>\n<h2>Sensaciones en juego: lo que cambia realmente la fijaci\u00f3n delantera<\/h2>\n<p>El impacto de un montaje delantero como el de MOZA se nota sobre todo una vez que est\u00e1s en la pista. Lo que me sorprendi\u00f3 fue la desaparici\u00f3n de ciertos micro-juegos que no siempre se notan con un montaje superior cl\u00e1sico sobre un plato ligeramente flexible. Aqu\u00ed, la base parece literalmente \"soldada\" al cockpit. Y eso se traduce directamente en el volante.<\/p>\n<p>En cuanto a la respuesta de fuerza, la precisi\u00f3n ha subido un pelda\u00f1o. Las peque\u00f1as variaciones de par, los sutiles efectos en punto muerto, todo se vuelve m\u00e1s n\u00edtido. Se siente menos el funcionamiento del puesto de conducci\u00f3n y m\u00e1s el del coche. Tienes la impresi\u00f3n de que la energ\u00eda del motor ya no es absorbida por la placa de apoyo, sino transmitida a tus manos a 100 %. Para las maniobras finas al salir de las curvas o gestionar los derrapes, es muy apreciable.<\/p>\n<p>En curvas r\u00e1pidas, el comportamiento es m\u00e1s f\u00e1cil de leer. La base no se mueve ni se flexiona, por lo que la informaci\u00f3n del FFB permanece constante. Cuando se entra a fondo en una curva larga a alta velocidad, la carga sobre el volante no se diluye por las vibraciones par\u00e1sitas del chasis. Puedes sentir exactamente c\u00f3mo cambia el agarre, cuando la parte delantera empieza a calarse o a levantarse.<\/p>\n<p>En los vibradores, la diferencia es a\u00fan m\u00e1s evidente. Un montaje menos r\u00edgido tiende a \"temblar\" en general: se siente una mezcla de vibraciones procedentes del volante y de la estructura. Con el Montaje Frontal MOZA bien sujeto, los impactos permanecen centrados en el volante, con una sensaci\u00f3n seca, limpia, casi quir\u00fargica. Sabr\u00e1s enseguida si est\u00e1s mordiendo el vibrador demasiado fuerte o acarici\u00e1ndolo lo justo. Aqu\u00ed es donde el soporte cambia realmente la experiencia.<\/p>\n<p>En sesiones m\u00e1s largas, la constancia es mejor. Una base menos r\u00edgida puede acabar movi\u00e9ndose muy ligeramente, aflojarse o inducir micromovimientos que cansen las mu\u00f1ecas. Aqu\u00ed, mientras el montaje se haga correctamente, la base no se mueve. El volante se mantiene en la misma posici\u00f3n y las sensaciones no var\u00edan con el tiempo. Es m\u00e1s relajante para el cerebro: una informaci\u00f3n estable implica menos compensaciones inconscientes.<\/p>\n<p>Durante las correcciones r\u00e1pidas, especialmente en derrapes, rallyes o GTs muy sobreviradores, la ausencia de flexi\u00f3n es una verdadera ventaja. Puedes compensar una p\u00e9rdida trasera en un movimiento r\u00e1pido sin sentir que el habit\u00e1culo \"se resiente\". La base permanece fija, por lo que tu referencia espacial no cambia. Como resultado, te sientes m\u00e1s seguro, m\u00e1s a gusto volviendo a poner el coche en pista. Entiendes inmediatamente lo que est\u00e1 haciendo el coche.<\/p>\n<p>En comparaci\u00f3n con una base montada sobre una placa de madera o metal ligero, la diferencia es evidente, incluso con una base que no sea extremadamente potente. Con una base muy potente, el montaje frontal se vuelve casi indispensable para explotar realmente el potencial sin convertir la cabina en una caja de resonancia. En comparaci\u00f3n con las soluciones de la competencia que son m\u00e1s finas o m\u00e1s flexibles, el montaje frontal MOZA se mantiene firme, con una sensaci\u00f3n general m\u00e1s \"s\u00f3lida\" y controlada.<\/p>\n<h2>\u00bfA qui\u00e9n va dirigido? Puntos fuertes y a tener en cuenta<\/h2>\n<p>El montaje frontal MOZA est\u00e1 claramente dirigido a usuarios que se toman su configuraci\u00f3n al menos un poco en serio. Si est\u00e1s en un simple escritorio con un montaje de base con abrazadera, no es para ti. Por otro lado, si tienes una cabina r\u00edgida, especialmente en secciones de aluminio, y una base MOZA Direct Drive, entonces empieza a ser muy relevante.<\/p>\n<p>Para un simracer intermedio que quiere subir de nivel sin cambiarlo todo, este soporte delantero puede ser una gran evoluci\u00f3n: mantienes tu base, s\u00f3lo refuerzas el enlace con el cockpit. Para un usuario experimentado, especialmente en uso intensivo o competitivo, es casi imprescindible si quieres estabilizar y hacer m\u00e1s fiable tu configuraci\u00f3n en torno a una base MOZA.<\/p>\n<p>Lo que realmente me gusta de \u00e9l es lo s\u00f3lido que se siente una vez montado. No hay flexi\u00f3n, ni vibraciones innecesarias, y se siente como un bloque compacto. Hay una mejora real en la precisi\u00f3n del FFB: puedes leer mejor el agarre, las transferencias de carga y los peque\u00f1os calados. El tercer punto positivo es el aspecto \"limpio\" de la instalaci\u00f3n: la base montada en la parte delantera da un aspecto serio de competici\u00f3n, en l\u00ednea con lo que vemos en los equipos de gama alta.<\/p>\n<p>Por otro lado, hay que tener en cuenta algunas limitaciones. En primer lugar, la dependencia de una cabina adecuada: sin una estructura frontal r\u00edgida, el producto pierde gran parte de su atractivo. En segundo lugar, la compatibilidad se orienta naturalmente hacia las bases MOZA; no es un medio universal que se pueda reciclar f\u00e1cilmente en otros ecosistemas. Por \u00faltimo, para un jugador principiante o muy ocasional, la inversi\u00f3n puede parecer desproporcionada: si la base es modesta y la cabina flexible, el cuello de botella no existe.<\/p>\n<p>En t\u00e9rminos de valor percibido, todo depende del nivel de su configuraci\u00f3n y sus expectativas. En una configuraci\u00f3n seria, la inversi\u00f3n merece la pena, porque mejora directamente el uso de la base Direct Drive. En una configuraci\u00f3n m\u00e1s casual, es mejor gastar el dinero en un cockpit m\u00e1s r\u00edgido antes de considerar este tipo de accesorio.<\/p>\n<h2>El veredicto: \u00bfMerece la pena el montaje frontal MOZA?<\/h2>\n<p>El Montaje Frontal MOZA no cambia la potencia de tu base, pero s\u00ed la forma en que esa potencia llega a tus manos. Transforma un montaje \"correcto\" en un conjunto mucho m\u00e1s coherente, r\u00edgido y preciso. En un montaje orientado al rendimiento, es un ladrillo estructural m\u00e1s que un simple accesorio.<\/p>\n<p>En el mercado, podemos situarlo claramente en el lado de las soluciones serias de gama media a alta, dise\u00f1adas para rigs de perfil y bases Direct Drive capaces de producir un par sustancial. No se trata de un gadget ni de un producto de gran consumo, sino de una herramienta de acabado para aquellos que quieran sacar el m\u00e1ximo partido a su ecosistema MOZA.<\/p>\n<p>Lo recomiendo para los simracers de PC o consola ya equipados con una cabina r\u00edgida y una base MOZA, que sienten flexi\u00f3n, flotaci\u00f3n o falta de nitidez en la respuesta de fuerza. Para un principiante en un soporte de sobremesa o plegable, casi no tiene sentido: hay otras prioridades antes que este tipo de soporte.<\/p>\n<p>Si usted est\u00e1 buscando para hacer su base MOZA m\u00e1s estable, m\u00e1s precisa y m\u00e1s consistente en una cabina seria, este producto puede claramente hacer una diferencia en su configuraci\u00f3n.&lt;\/final<\/p>","protected":false},"excerpt":{"rendered":"<p>Este soporte da una impresi\u00f3n mucho m\u00e1s clara y coherente: la base parece realmente unida a la cabina, y la informaci\u00f3n FFB resulta m\u00e1s f\u00e1cil de leer y m\u00e1s coherente, especialmente con bases potentes. Est\u00e1 dirigido a los simracers con una cabina de perfil r\u00edgido que ya han invertido en el ecosistema MOZA. En un equipo serio, la inversi\u00f3n es coherente y realmente relevante.<\/p>","protected":false},"featured_media":101393,"comment_status":"open","ping_status":"closed","template":"","meta":{"_acf_changed":false,"_et_pb_use_builder":"","_et_pb_old_content":"","_et_gb_content_width":""},"product_brand":[165],"product_cat":[153],"product_tag":[149],"class_list":{"0":"post-101392","1":"product","2":"type-product","3":"status-publish","4":"has-post-thumbnail","6":"product_brand-moza-racing","7":"product_cat-accessoires","8":"product_tag-pc","10":"first","11":"instock","12":"shipping-taxable","13":"product-type-external"},"acf":[],"_links":{"self":[{"href":"https:\/\/simracergear.com\/es\/wp-json\/wp\/v2\/product\/101392","targetHints":{"allow":["GET"]}}],"collection":[{"href":"https:\/\/simracergear.com\/es\/wp-json\/wp\/v2\/product"}],"about":[{"href":"https:\/\/simracergear.com\/es\/wp-json\/wp\/v2\/types\/product"}],"replies":[{"embeddable":true,"href":"https:\/\/simracergear.com\/es\/wp-json\/wp\/v2\/comments?post=101392"}],"wp:featuredmedia":[{"embeddable":true,"href":"https:\/\/simracergear.com\/es\/wp-json\/wp\/v2\/media\/101393"}],"wp:attachment":[{"href":"https:\/\/simracergear.com\/es\/wp-json\/wp\/v2\/media?parent=101392"}],"wp:term":[{"taxonomy":"product_brand","embeddable":true,"href":"https:\/\/simracergear.com\/es\/wp-json\/wp\/v2\/product_brand?post=101392"},{"taxonomy":"product_cat","embeddable":true,"href":"https:\/\/simracergear.com\/es\/wp-json\/wp\/v2\/product_cat?post=101392"},{"taxonomy":"product_tag","embeddable":true,"href":"https:\/\/simracergear.com\/es\/wp-json\/wp\/v2\/product_tag?post=101392"}],"curies":[{"name":"wp","href":"https:\/\/api.w.org\/{rel}","templated":true}]}}