{"id":101401,"date":"2025-05-15T08:09:00","date_gmt":"2025-05-15T08:09:00","guid":{"rendered":"https:\/\/simracergear.com\/products\/moza-gs-v2p-gt-wheel\/"},"modified":"2025-11-28T05:23:38","modified_gmt":"2025-11-28T05:23:38","slug":"moza-gs-v2p-gt-wheel","status":"publish","type":"product","link":"https:\/\/simracergear.com\/es\/products\/moza-gs-v2p-gt-wheel\/","title":{"rendered":"Rueda MOZA GS V2P GT"},"content":{"rendered":"<h2>Volante MOZA GS V2P GT: un volante GT que quiere jugar en las grandes ligas<\/h2>\n<p>El volante MOZA GS V2P GT se posiciona claramente como un volante GT de gama alta para corredores de simulaci\u00f3n exigentes, dise\u00f1ado sobre todo para conducci\u00f3n directa en el PC. Est\u00e1 dirigido a aquellos que quieren agarre serio, ergonom\u00eda real y m\u00e1ximo control sin pasarse con el ultra-premium sobrevalorado. En resumen: un volante moderno, orientado al rendimiento, tipo GT3\/GT4, con una agresiva relaci\u00f3n calidad-precio.<\/p>\n<p>Lo que promete: un chasis r\u00edgido, multitud de controles para los dedos, eficaces paletas magn\u00e9ticas y una pantalla a bordo que permite no depender \u00fanicamente del HUD en el juego. Todo ello en un formato relativamente compacto que durar\u00e1 mucho tiempo sin cansar.<\/p>\n<p>Mi punto de vista: sensaci\u00f3n en la mano, calidad percibida, ergonom\u00eda de competici\u00f3n y consistencia general en una configuraci\u00f3n de simulaci\u00f3n de carreras. \u00bfOfrece la GS V2P una ventaja real sobre una rueda b\u00e1sica o de gama media? \u00bfMantiene el ritmo en largas sesiones de varias etapas, con frecuentes cambios de reglajes? Y, sobre todo, \u00bfjustifica la inversi\u00f3n cuando ya se compite con un volante m\u00e1s b\u00e1sico?<\/p>\n<p>Vayamos al grano: construcci\u00f3n, confort, personalizaci\u00f3n y sensaciones en la pista.<\/p>\n<h2>Dise\u00f1o y fabricaci\u00f3n: un volante GT realmente moderno<\/h2>\n<p>En la mano, la MOZA GS V2P da inmediatamente la impresi\u00f3n de ser un producto serio. El chasis es de metal, el acabado es limpio y la rigidez hace que te sientas a gusto sobre una base de transmisi\u00f3n directa con mucho par motor. Nada se mueve, nada cruje, ni siquiera cuando fuerzas las correcciones. La construcci\u00f3n est\u00e1 dise\u00f1ada para soportar la tensi\u00f3n.<\/p>\n<p>Los pu\u00f1os son de Alcantara o imitaci\u00f3n de ante, seg\u00fan la versi\u00f3n, con una densidad decente de espuma. La forma es t\u00edpicamente GT: plana, con bordes bien marcados y ligeras huellas dactilares. En la mano, el agarre es natural, encuentras r\u00e1pidamente tu posici\u00f3n y el volante sigue siendo c\u00f3modo incluso cuando empiezas a acelerar. Para sesiones largas, esto es un verdadero punto fuerte. No est\u00e1s luchando con el agarre, est\u00e1s conduciendo.<\/p>\n<p>Los botones tienen un clic limpio, ni demasiado fuerte ni demasiado suave, y la disposici\u00f3n es lo bastante l\u00f3gica como para no tener que buscar durante mucho tiempo. Los mandos giratorios tienen un clic limpio, no de juguete, y los interruptores de palanca inspiran confianza. El panel frontal es una mezcla de metal e inserciones de colores, con una est\u00e9tica GT claramente moderna. Visualmente, parece un aut\u00e9ntico equipo de carreras, no un accesorio de sal\u00f3n.<\/p>\n<p>Las palas secuenciales magn\u00e9ticas son firmes, con una respuesta seca y precisa. Se percibe bien el punto de contacto, sin desplazamiento suave ni flotaci\u00f3n. El ruido est\u00e1 presente pero no es indecente, t\u00edpico de las palas magn\u00e9ticas met\u00e1licas: repiquetea, pero eso es lo que le da esa sensaci\u00f3n mec\u00e1nica tan directa. Es sobre todo en pasadas repetidas a plena carga cuando se aprecia esta nitidez.<\/p>\n<p>En comparaci\u00f3n con otros volantes del segmento, estamos muy por delante de lo que se puede encontrar en volantes de pl\u00e1stico m\u00e1s corrientes, y no tan lejos de modelos mucho m\u00e1s caros en t\u00e9rminos de rigidez y sensaci\u00f3n de bloque s\u00f3lido. La \u00fanica reserva se refiere a c\u00f3mo aguantar\u00e1 el Alcantara el paso del tiempo si se conduce sin guantes: como ocurre con la mayor\u00eda de las ruedas de este tipo, es probable que se marque. Para un uso intensivo, se recomiendan guantes.<\/p>\n<p>En general, la construcci\u00f3n inspira confianza. Puedes montarlo en una transmisi\u00f3n directa potente sin preguntarte si el volante te seguir\u00e1.<\/p>\n<h2>Ajustes, personalizaci\u00f3n y compatibilidad<\/h2>\n<p>En cuanto a los ajustes, la GS V2P se beneficia claramente del ecosistema MOZA. El software permite mapear cada bot\u00f3n, asignar rotatorios, gestionar la pantalla de a bordo y ajustar algunos elementos sin perderse en interminables submen\u00fas. La interfaz es lo suficientemente f\u00e1cil de entender para cualquiera que tenga un m\u00ednimo de experiencia en simulaci\u00f3n de carreras, aunque al principio cueste un poco acostumbrarse.<\/p>\n<p>Los mandos giratorios son especialmente \u00fatiles para manejar directamente el TC, el ABS, el freno o la distribuci\u00f3n del motor, seg\u00fan el juego. Lo interesante es que puedes adaptar la distribuci\u00f3n de las funciones seg\u00fan tu estilo: algunos prefieren tenerlo todo bajo el pulgar derecho, otros \"separan las zonas\" entre la mano izquierda y la derecha. Una vez que tengas claro c\u00f3mo quieres organizarte, ahorrar\u00e1s tiempo y ganar\u00e1s en tranquilidad cuando est\u00e9s compitiendo.<\/p>\n<p>Hay una curva de aprendizaje, especialmente si vienes de un volante m\u00e1s sencillo con pocos controles. Hay que memorizar d\u00f3nde est\u00e1n las funciones cr\u00edticas (limitador de boxes, radio, mezcla de motor, etc.) y aceptar pasar unas cuantas sesiones ajust\u00e1ndolas. Pero luego todo se vuelve autom\u00e1tico. No piensas en ello, lo haces.<\/p>\n<p>En t\u00e9rminos de compatibilidad, la GS V2P est\u00e1 dise\u00f1ada principalmente para su uso en PC con el ecosistema MOZA: las vainas, los cuadros, las bielas, los cambios y los frenos de mano de transmisi\u00f3n directa de la marca. Ah\u00ed es donde realmente destaca. En las consolas, es mucho m\u00e1s limitado, o incluso inexistente, seg\u00fan la configuraci\u00f3n. Si tu objetivo es jugar principalmente en consolas, est\u00e1 claro que este volante no es la opci\u00f3n m\u00e1s l\u00f3gica.<\/p>\n<p>En t\u00e9rminos de capacidad de actualizaci\u00f3n, es una rueda que se adapta bien a una configuraci\u00f3n que puede crecer: se puede empezar con una base MOZA de gama media, luego pasar a una base m\u00e1s potente manteniendo la GS V2P. La rigidez y el dise\u00f1o son suficientes para seguir el ritmo de la evoluci\u00f3n de la configuraci\u00f3n. No es s\u00f3lo un punto de entrada desechable, es m\u00e1s bien una pieza del kit que puede permanecer en el centro de la cabina durante mucho tiempo.<\/p>\n<h2>Sensaciones en el juego: precisi\u00f3n, agarre y control<\/h2>\n<p>Donde realmente destaca el MOZA GS V2P es en la pista, con una base de transmisi\u00f3n directa bien afinada. La forma del volante, su di\u00e1metro y rigidez hacen que la lectura del FFB sea muy clara. Se tiene una buena idea de lo que est\u00e1 haciendo la parte delantera del coche: la carga sobre el eje, las variaciones de agarre, el momento en que la direcci\u00f3n empieza a aflojar. R\u00e1pidamente se sabe d\u00f3nde est\u00e1 el l\u00edmite.<\/p>\n<p>En curvas r\u00e1pidas, la estabilidad del chasis y el agarre ayudan mucho. Puedes mantener un \u00e1ngulo preciso sin microcorrecciones par\u00e1sitas. En una base m\u00e1s d\u00e9bil o con un volante m\u00e1s blando, a veces tienes esa sensaci\u00f3n de flotar en el centro. Aqu\u00ed, el centro est\u00e1 bien definido, y puedes sentir las ligeras variaciones de par, lo que te permite seguir el agarre con finura. Realmente sientes que est\u00e1s conduciendo el coche, no debajo de \u00e9l.<\/p>\n<p>En las curvas lentas, donde los \u00e1ngulos son m\u00e1s pronunciados, la forma plana GT ofrece una buena palanca, sin requerir grandes movimientos circulares como en un volante m\u00e1s redondo. En las maniobras de contramanillar, se nota enseguida: las correcciones r\u00e1pidas son f\u00e1ciles de hacer, el volante vuelve a la mano del conductor y no se pierde el hilo. Es una verdadera ventaja cuando se trata de derrapar de forma controlada o de perder el tren trasero.<\/p>\n<p>En los vibradores, la respuesta es clara, detallada pero no demasiado agresiva, si la base est\u00e1 ajustada razonablemente. Puedes ver claramente la textura de los bordes, los cambios de superficie y los saltos de la rueda. No es una sensaci\u00f3n confusa. Sabes si est\u00e1s mordiendo el vibrador lo justo o si lo est\u00e1s forzando demasiado hasta el punto de desestabilizar el coche. Aqu\u00ed, la combinaci\u00f3n de un volante r\u00edgido y una buena transmisi\u00f3n FFB hace el trabajo.<\/p>\n<p>En sesiones largas, lo que destaca es la consistencia. El agarre sigue siendo agradable, los materiales no cansan las manos si se conduce con guantes adecuados, y la ergonom\u00eda general permite no forzar las mu\u00f1ecas. Las palancas se mantienen afiladas incluso despu\u00e9s de cientos de cambios de marcha. No hay sensaci\u00f3n de holgura ni de aumento del ruido.<\/p>\n<p>En comparaci\u00f3n con una rueda m\u00e1s b\u00e1sica, de pl\u00e1stico y menos r\u00edgida, la principal ganancia est\u00e1 en la precisi\u00f3n de la lectura. Los peque\u00f1os matices de la FFB ya no son \"devorados\" por la flexibilidad de la rueda. Realmente te beneficias de la torsi\u00f3n de la base. Comparado con un volante de gama alta, mucho m\u00e1s caro, perdemos un poco en cuanto al refinamiento de los materiales y el detalle del acabado, pero el coraz\u00f3n de la experiencia -control, confianza, inmersi\u00f3n- ya est\u00e1 ah\u00ed.<\/p>\n<p>En las correcciones r\u00e1pidas, como una chicane agresiva o la supervivencia en un paquete de l\u00edneas, se puede sentir que la GS V2P se encuentra a gusto. La secuencia de movimientos del volante es limpia y predecible. No dudas en ir al l\u00edmite, simplemente porque el volante te dice claramente lo que est\u00e1 pasando. Entiendes inmediatamente lo que est\u00e1 haciendo el coche.<\/p>\n<p>En general, la inmersi\u00f3n es buena. La pantalla de a bordo, seg\u00fan los juegos compatibles, mantiene la vista m\u00e1s en la pista que en los HUD externos. Los mandos son c\u00f3modos para los dedos. Seguimos en esa zona en la que el hardware desaparece un poco en beneficio de la conducci\u00f3n, que es exactamente lo que esperamos de un buen volante GT.<\/p>\n<h2>\u00bfA qui\u00e9n va dirigido? Lo que nos gusta \/ Lo que no nos gusta<\/h2>\n<p>El MOZA GS V2P se dirige sobre todo a los pilotos de simulaci\u00f3n de PC que ya disponen de un equipamiento m\u00ednimo y que desean subir una marcha en cuanto al \"volante GT\" sin ir necesariamente directos al tope de la gama ultra cara. Perfil tipo: usuario b\u00e1sico de volante directo (o a punto de serlo), que conduce con regularidad, al que le gustan los coches GT, los prototipos y los monoplazas modernos, y que da importancia a la ergonom\u00eda y al tacto m\u00e1s que a la est\u00e9tica puramente decorativa.<\/p>\n<p>Lo que m\u00e1s me gust\u00f3 fue la rigidez y la solidez general. Da la sensaci\u00f3n de ser una rueda que puede soportar un poco de abuso sin inmutarse. Luego est\u00e1 el agarre muy natural: la forma, el tama\u00f1o y el agarre funcionan bien juntos, y r\u00e1pidamente te sientes \"como en casa\" con \u00e9l. Por \u00faltimo, la ergonom\u00eda de los mandos, con suficientes botones y mandos para manejar un coche moderno completo sin tener que hacer concesiones frustrantes. Conduces, ajustas, gestionas la carrera, todo desde el volante.<\/p>\n<p>En cuanto a las limitaciones, la primera es clara: el ecosistema. Si no est\u00e1s en MOZA, o si piensas quedarte en una consola, el inter\u00e9s cae en picado. Este volante cobra realmente todo su sentido en un puesto de pilotaje de PC con base MOZA. En segundo lugar, el material Alcantara o similar: agradable, pero sensible al desgaste si se conduce con las manos desnudas, sobre todo con un uso intensivo. En tercer lugar, el tacto muy GT: para rallyes, derrapes o carretera abierta, algunas personas preferir\u00e1n un volante m\u00e1s redondo con un tacto m\u00e1s vers\u00e1til.<\/p>\n<p>En t\u00e9rminos de inversi\u00f3n, se trata de un producto que logra un buen equilibrio entre el valor percibido y el precio de venta. No es una compra inmediata para un principiante, pero para alguien que ya tiene una configuraci\u00f3n seria, es una actualizaci\u00f3n coherente. Realmente tienes la sensaci\u00f3n de que est\u00e1s pagando por funcionalidad y sensaci\u00f3n, no por marketing vac\u00edo.<\/p>\n<h2>Veredicto: un s\u00f3lido volante GT para llevar tu configuraci\u00f3n al siguiente nivel<\/h2>\n<p>El volante MOZA GS V2P GT cambia una cosa por encima de todo en una configuraci\u00f3n: la claridad con la que entiendes lo que hace tu coche. Entre la rigidez, la forma GT controlada y la calidad de los mandos, se gana en precisi\u00f3n, confianza y confort de conducci\u00f3n, especialmente con una base de transmisi\u00f3n directa reciente. Este es el tipo de volante que transforma una buena configuraci\u00f3n en un puesto de conducci\u00f3n realmente orientado al rendimiento.<\/p>\n<p>En el mercado, es claramente un producto de gama media \/ alta, m\u00e1s serio que los volantes de pl\u00e1stico de gama b\u00e1sica, pero m\u00e1s accesible que los volantes ultra-premium que cuestan una fortuna. Tiene un papel fundamental en el ecosistema MOZA: no es ni un gadget ni un accesorio \"de lujo\", sino una aut\u00e9ntica herramienta de conducci\u00f3n.<\/p>\n<p>No dudar\u00eda en recomendarlo a un simracer de PC motivado, ya equipado o en proceso de actualizaci\u00f3n, que haga muchas carreras de GT, proto o monoplazas modernos y quiera un volante dedicado a ese estilo. Por otro lado, si juegas principalmente en consolas, si prefieres volantes redondos polivalentes o si est\u00e1s empezando con un presupuesto ajustado, hay opciones m\u00e1s l\u00f3gicas.<\/p>\n<p>Si buscas una rueda GT realmente moderna, precisa y bien construida que explote por fin el potencial de tu transmisi\u00f3n directa base, la rueda MOZA GS V2P GT puede marcar claramente la diferencia en tu configuraci\u00f3n.&lt;\/analisis<\/p>","protected":false},"excerpt":{"rendered":"<p>Este volante me dio una sensaci\u00f3n de control m\u00e1s clara y serena, sobre todo en las fases l\u00edmite y las sesiones largas. Tiene sentido para un simracer de PC que ya est\u00e1 un poco equipado, que pilota principalmente GT\/proto\/monoplazas y que quiere subir de marcha sin aspirar al ultralujo. El conjunto sigue siendo coherente y pertinente en un ecosistema MOZA.<\/p>","protected":false},"featured_media":101402,"comment_status":"open","ping_status":"closed","template":"","meta":{"_acf_changed":false,"_et_pb_use_builder":"","_et_pb_old_content":"","_et_gb_content_width":""},"product_brand":[165],"product_cat":[156],"product_tag":[149],"class_list":{"0":"post-101401","1":"product","2":"type-product","3":"status-publish","4":"has-post-thumbnail","6":"product_brand-moza-racing","7":"product_cat-roue-de-volant","8":"product_tag-pc","10":"first","11":"instock","12":"shipping-taxable","13":"product-type-external"},"acf":[],"_links":{"self":[{"href":"https:\/\/simracergear.com\/es\/wp-json\/wp\/v2\/product\/101401","targetHints":{"allow":["GET"]}}],"collection":[{"href":"https:\/\/simracergear.com\/es\/wp-json\/wp\/v2\/product"}],"about":[{"href":"https:\/\/simracergear.com\/es\/wp-json\/wp\/v2\/types\/product"}],"replies":[{"embeddable":true,"href":"https:\/\/simracergear.com\/es\/wp-json\/wp\/v2\/comments?post=101401"}],"wp:featuredmedia":[{"embeddable":true,"href":"https:\/\/simracergear.com\/es\/wp-json\/wp\/v2\/media\/101402"}],"wp:attachment":[{"href":"https:\/\/simracergear.com\/es\/wp-json\/wp\/v2\/media?parent=101401"}],"wp:term":[{"taxonomy":"product_brand","embeddable":true,"href":"https:\/\/simracergear.com\/es\/wp-json\/wp\/v2\/product_brand?post=101401"},{"taxonomy":"product_cat","embeddable":true,"href":"https:\/\/simracergear.com\/es\/wp-json\/wp\/v2\/product_cat?post=101401"},{"taxonomy":"product_tag","embeddable":true,"href":"https:\/\/simracergear.com\/es\/wp-json\/wp\/v2\/product_tag?post=101401"}],"curies":[{"name":"wp","href":"https:\/\/api.w.org\/{rel}","templated":true}]}}