{"id":101434,"date":"2025-05-15T08:10:00","date_gmt":"2025-05-15T08:10:00","guid":{"rendered":"https:\/\/simracergear.com\/products\/moza-quick-release-adapter\/"},"modified":"2025-11-28T05:27:55","modified_gmt":"2025-11-28T05:27:55","slug":"moza-quick-release-adapter","status":"publish","type":"product","link":"https:\/\/simracergear.com\/es\/products\/moza-quick-release-adapter\/","title":{"rendered":"Adaptador de liberaci\u00f3n r\u00e1pida MOZA"},"content":{"rendered":"<h2>Adaptador de liberaci\u00f3n r\u00e1pida MOZA: \u00bfdeber\u00eda decidirse por el adaptador MOZA QR?<\/h2>\n<p>En una configuraci\u00f3n de simulaci\u00f3n de carreras, un buen cierre r\u00e1pido suele marcar la diferencia entre un volante \"de juguete\" y una aut\u00e9ntica herramienta de conducci\u00f3n. El adaptador de liberaci\u00f3n r\u00e1pida MOZA es exactamente eso: un peque\u00f1o componente, pero en el coraz\u00f3n de todo el sistema. Promete transformar cualquier volante est\u00e1ndar (especialmente los de 70 mm del tipo motorsport \/ sim racing) en un volante compatible con una base MOZA, conservando al mismo tiempo una conexi\u00f3n r\u00edgida y r\u00e1pida de instalar y desmontar.<\/p>\n<p>Es muy atractivo porque act\u00faa como puente entre dos mundos: el ecosistema MOZA, por un lado, y una multitud de volantes de terceros, por otro. En resumen, es la pieza que te permite conservar tu volante favorito mientras te beneficias de una base MOZA Direct Drive.<\/p>\n<p>Mi punto de vista es sencillo: hay que fijarse en la solidez de este adaptador, en lo agradable que resulta manejarlo y en su fiabilidad a lo largo del tiempo, pero tambi\u00e9n en si la sensaci\u00f3n en juego sigue siendo limpia, sin holguras ni flexiones par\u00e1sitas. No es un producto \"divertido\" en s\u00ed mismo, es un producto clave en t\u00e9rminos de fiabilidad. Si el cierre r\u00e1pido falla, todo lo dem\u00e1s es in\u00fatil. Si tiene \u00e9xito, la base adquiere todo su sentido.  <\/p>\n<h2>Dise\u00f1o y fabricaci\u00f3n del adaptador de liberaci\u00f3n r\u00e1pida MOZA<\/h2>\n<p>En la mano, el adaptador de liberaci\u00f3n r\u00e1pida MOZA da inmediatamente la impresi\u00f3n de ser un producto denso y serio. Es claramente un producto totalmente met\u00e1lico, con un cuerpo limpiamente mecanizado y un tratamiento de la superficie que inspira confianza. El tacto es ligeramente satinado, sin rebabas ni \u00e1ngulos agresivos. Se nota que ha sido dise\u00f1ado para soportar grandes esfuerzos, no para lucir bonito en una estanter\u00eda.<\/p>\n<p>Lo que llama la atenci\u00f3n es lo compacto que es. El adaptador sigue siendo relativamente corto, lo que limita el brazo de palanca entre el volante y la base. En la pr\u00e1ctica, esto ayuda a reducir la flexi\u00f3n que se siente y a mantener la direcci\u00f3n m\u00e1s ajustada. Las tolerancias de montaje parecen ajustadas: el ajuste con el sistema MOZA QR es sencillo, limpio, sin bamboleos.<\/p>\n<p>La rigidez percibida es muy buena para esta gama. Una vez montado en un volante correctamente dise\u00f1ado, no hay sensaci\u00f3n de torsi\u00f3n o micro juego al frenar o inclinarse. Comparado con algunos adaptadores gen\u00e9ricos del mercado, que a menudo son m\u00e1s ligeros o han sido mecanizados toscamente, el adaptador QR de MOZA es mucho m\u00e1s serio. Se puede sentir que ha sido dise\u00f1ado para Direct Drive desde el principio, no como una pieza de recambio improvisada.<\/p>\n<p>Las decepciones no son grandes, pero existen. El dise\u00f1o del adaptador sigue siendo bastante utilitario: sin florituras, poca imaginaci\u00f3n est\u00e9tica. Dependiendo de los volantes a los que se acople, la coherencia visual no siempre es perfecta. Otro punto: la densidad tambi\u00e9n afecta al peso total del volante. Con un volante que ya es pesado, se a\u00f1ade una pieza de metal m\u00e1s. No es nada dram\u00e1tico, pero hay que tenerlo en cuenta en las bases peque\u00f1as.<\/p>\n<p>Comparado con sistemas de gama alta como QR motorsport, a\u00fan estamos un pelda\u00f1o por debajo de la sensaci\u00f3n de \"aut\u00e9ntico coche de carreras\", pero para simulaci\u00f3n de carreras, la relaci\u00f3n solidez\/facilidad de uso es realmente convincente.<\/p>\n<h2>Ajustes, personalizaci\u00f3n y compatibilidad<\/h2>\n<p>El adaptador de liberaci\u00f3n r\u00e1pida MOZA no es un accesorio lleno de men\u00fas o preajustes, es pura mec\u00e1nica. La \"personalizaci\u00f3n\" proviene principalmente de la forma en que se monta en el volante y de la elecci\u00f3n del hardware.<\/p>\n<p>El adaptador utiliza el patr\u00f3n de perforaci\u00f3n est\u00e1ndar de sim racing (tipo PCD 70 mm en la parte del volante), lo que abre la puerta a una amplia gama de compatibilidades: volantes de tipo GT, rally, F1, P1, botoneras de terceros, etc. Una vez que el buje o la placa tienen el est\u00e1ndar correcto, el adaptador puede utilizarse como enlace con tu base MOZA. Para m\u00ed, ah\u00ed es donde veo su principal ventaja: transforma una base MOZA en una plataforma muy abierta, sin bloquearte a utilizar \u00fanicamente volantes de la marca.<\/p>\n<p>En cuanto a los \"ajustes\", todo se hace de antemano: centrar el volante, alinear correctamente el QR para conseguir una posici\u00f3n neutra perfecta, apretar los tornillos al par adecuado (importante para evitar vibraciones par\u00e1sitas). La curva de aprendizaje es sencilla: una vez montado el primer volante con este adaptador, los siguientes vendr\u00e1n muy r\u00e1pido. La acci\u00f3n de bloqueo\/desbloqueo de la base MOZA es intuitiva: se siente un encaje claro, a menudo se oye un clic tranquilizador, y el volante est\u00e1 en su sitio.<\/p>\n<p>Compatibilidad en el lado de las plataformas, el adaptador simplemente sigue lo que ofrece tu base MOZA. Si se trata de una base s\u00f3lo para PC, ni a\u00f1ade ni quita compatibilidad con consolas. Act\u00faa estrictamente como un enlace mec\u00e1nico, no como una interfaz electr\u00f3nica. Los botones, levas y cualquier m\u00f3dulo que a\u00f1adas a tu volante depender\u00e1n de c\u00f3mo est\u00e9n conectados (directamente a la base a trav\u00e9s del hub MOZA, o a trav\u00e9s de un USB independiente al PC).<\/p>\n<p>Es interesante en t\u00e9rminos de escalabilidad: este adaptador QR puede utilizarse claramente como punto de pivote para construir un ecosistema de volantes personalizados en torno a una \u00fanica base MOZA. Se puede empezar con un \u00fanico volante \"personalizado\" y luego a\u00f1adir un segundo o un tercero, todos ellos utilizando el mismo sistema de fijaci\u00f3n. Es m\u00e1s una inversi\u00f3n a largo plazo que un simple accesorio de confort.<\/p>\n<h2>Juego sensacional con el adaptador de liberaci\u00f3n r\u00e1pida MOZA<\/h2>\n<p>Un cierre r\u00e1pido se juzga realmente en la pista. Lo que cuenta es hasta qu\u00e9 punto deja pasar la respuesta de fuerza sin filtrar, sin juego, sin ruido par\u00e1sito. El adaptador de cierre r\u00e1pido MOZA lo hace muy bien en este sentido.<\/p>\n<p>La precisi\u00f3n del FFB proporciona una sensaci\u00f3n limpia. Los peque\u00f1os detalles de la respuesta de fuerza - las microvibraciones asociadas al agarre, las transiciones de carga en el eje delantero - se perciben realmente bien. No hay la sensaci\u00f3n gomosa y difusa que se obtiene con sistemas QR menos r\u00edgidos o con tolerancias m\u00e1s amplias. En una base MOZA Direct Drive, la cadena mec\u00e1nica sigue siendo coherente: base \u2192 QR \u2192 adaptador \u2192 volante de inercia, sin sensaci\u00f3n de que nada est\u00e9 \"absorbiendo\" la fuerza a su paso.<\/p>\n<p>En curvas r\u00e1pidas, con mucha carga aerodin\u00e1mica, el adaptador no se nota, y eso es un cumplido. La direcci\u00f3n se mantiene estable, el volante no 'bombea' ni vibra de forma incoherente. Cuando cargas el volante a la entrada de una curva larga o en una curva r\u00e1pida con mucha carga aerodin\u00e1mica, mantienes un apoyo firme en las manos. Eso es precisamente lo que esperamos de esta pieza.<\/p>\n<p>En la lectura del agarre, puedes sentir claramente cuando la parte delantera empieza a deslizarse y luego se cuelga. La transici\u00f3n es clara, especialmente si tu base est\u00e1 bien ajustada. En este caso, el adaptador no interfiere con la informaci\u00f3n. Entiendes inmediatamente lo que est\u00e1 haciendo el coche. La p\u00e9rdida gradual de agarre, los peque\u00f1os sobrevirajes que hay que corregir con la mu\u00f1eca, todo sigue siendo legible.<\/p>\n<p>Los vibradores son una buena prueba. Con un montaje QR normal, se puede notar algo de traqueteo, un ligero juego de sonido o una vibraci\u00f3n \"metal contra metal\". Con el adaptador de liberaci\u00f3n r\u00e1pida MOZA correctamente montado, esto permanece bajo control. Las vibraciones proceden del ra\u00edl, no de la interfaz mec\u00e1nica. Se puede sentir el vibrador trabajando en el volante, pero sin que el conjunto QR + adaptador se sacuda de forma independiente.<\/p>\n<p>En sesiones largas, la constancia est\u00e1 a la orden del d\u00eda. El bloqueo no se afloja, el volante no gira sobre su eje y el punto cero no se mueve. Puedes hacer largas tandas sin tener que volver a fijar el volante ni apretar nada. Para un simulador serio o una carrera de resistencia en l\u00ednea, esto es muy tranquilizador.<\/p>\n<p>En correcciones r\u00e1pidas, especialmente en derrapes ligeros o en coches nerviosos, la rigidez del conjunto se hace sentir. Cuando la base env\u00eda un violento contragiro, el adaptador se mantiene firme. Puedes sujetar el volante con las manos sin que parezca que hace \"clic\" en su soporte. No dudas en dejar que el FFB trabaje cerca del tope porque sabes que la articulaci\u00f3n mec\u00e1nica le seguir\u00e1.<\/p>\n<p>En comparaci\u00f3n con un sistema m\u00e1s sencillo, como un QR de pl\u00e1stico o un adaptador gen\u00e9rico sobre una base de correa, la diferencia se nota r\u00e1pidamente. El sistema es m\u00e1s n\u00edtido, m\u00e1s consistente y se siente m\u00e1s como una \"unidad \u00fanica\" en las manos. Comparado con un sistema QR de gama alta de sim racing o de coche real, el Adaptador MOZA es un poco menos \"quir\u00fargico\" en la sensaci\u00f3n inicial de bloqueo, pero en el juego, la diferencia no es tan grande. Para la mayor\u00eda de los corredores de sim, proporciona rigidez m\u00e1s que suficiente para explotar una potente base Direct Drive.<\/p>\n<p>En general, lo que destaca en el juego es esta impresi\u00f3n de transparencia. Casi te olvidas de que el adaptador est\u00e1 ah\u00ed y te concentras en conducir. Y eso es exactamente lo que quieres de un buen cierre r\u00e1pido.<\/p>\n<h2>\u00bfA qui\u00e9n va dirigido? Lo que nos gusta \/ Lo que no nos gusta<\/h2>\n<p>El adaptador de liberaci\u00f3n r\u00e1pida MOZA est\u00e1 dirigido sobre todo a los usuarios que ya han invertido un m\u00ednimo en su configuraci\u00f3n. Si acabas de empezar con un paquete b\u00e1sico de rueda + base, probablemente no sea tu prioridad. Por otro lado, si tienes una base MOZA o est\u00e1s planeando comprar una, y quieres usar ruedas de terceros (sim racing o motorsport), este adaptador se convertir\u00e1 r\u00e1pidamente en algo central.<\/p>\n<p>Lo considero una excelente opci\u00f3n para los pilotos de simulaci\u00f3n intermedios y experimentados que deseen personalizar su volante, cambiar de estilo en funci\u00f3n de la disciplina (GT, monoplaza, rally) o simplemente conservar su volante favorito pasando a MOZA. Para un usuario de PC, con una configuraci\u00f3n que ya es bastante modular (cockpit, pedales separados, palanca de cambios, freno de mano), se adapta muy bien a un equipo hecho a medida.<\/p>\n<p>Lo que m\u00e1s me gusta es la rigidez. El hecho de que no sientas ninguna flexi\u00f3n ni holgura, incluso cuando la fuerzas, realmente cambia la confianza que tienes en el cambio. Tambi\u00e9n me gusta la amplia compatibilidad gracias al est\u00e1ndar de perforaci\u00f3n, lo que significa que puedes explorar otras marcas o ruedas de taller sin hacerte mil preguntas. Por \u00faltimo, la simplicidad mec\u00e1nica es un verdadero punto fuerte: sin capas de software innecesarias, s\u00f3lo una pieza bien mecanizada que hace lo que quieres que haga.<\/p>\n<p>Por otro lado, hay una serie de limitaciones que merece la pena se\u00f1alar. El adaptador a\u00f1ade peso al volante, lo que puede notarse con una base menos potente o con volantes que ya sean macizos. El dise\u00f1o, muy funcional, carece un poco de car\u00e1cter est\u00e9tico para quienes gustan de un puesto de conducci\u00f3n visualmente coherente. Sobre todo, no resuelve la cuesti\u00f3n de la compatibilidad electr\u00f3nica: los botones, rotores y levas de tu volante de otro fabricante no ser\u00e1n reconocidos m\u00e1gicamente por la base. En muchos casos, tendr\u00e1s que usar el USB directo al PC y hacer un poco de configuraci\u00f3n.<\/p>\n<p>En cuanto a la noci\u00f3n de inversi\u00f3n, se trata claramente de una compra para \"construir un montaje\", no de un truco. Est\u00e1s invirtiendo en la flexibilidad de tu equipo y en la posibilidad de montar varios volantes serios alrededor de tu base. Para alguien que rara vez cambia de volante, el valor percibido puede parecer limitado. Pero para un entusiasta que va a estar cambiando ruedas especializadas una tras otra, la relaci\u00f3n entre el coste y la libertad ganada se vuelve muy atractiva.<\/p>\n<h2>El veredicto: \u00bfmerece la pena el adaptador de liberaci\u00f3n r\u00e1pida MOZA?<\/h2>\n<p>En una configuraci\u00f3n de sim racing centrada en una base MOZA, este adaptador de liberaci\u00f3n r\u00e1pida puede convertirse claramente en un componente clave. No aumenta los FPS ni los Nm, pero desbloquea algo esencial: la libertad de elegir los volantes sin sacrificar la rigidez ni la calidad del Force Feedback.<\/p>\n<p>En el mercado, lo veo como un producto \"pivote\" de gama media \/ alta. No es un art\u00edculo de lujo ultra-exclusivo, pero es una pieza seriamente dise\u00f1ada, pensada para Direct Drive, que se compara muy favorablemente con lo mejor en sim racing. Para alguien que quiera una configuraci\u00f3n actualizable, es una pieza muy l\u00f3gica.<\/p>\n<p>Lo recomendar\u00eda claramente a los simracers que ya est\u00e1n comprometidos con su pasi\u00f3n, que quieren personalizar mucho su volante, explorar llantas de terceros o simplemente hacer m\u00e1s fiable el v\u00ednculo entre un volante serio y una base MOZA. Para el jugador ocasional que mantiene un \u00fanico volante y no busca romper con el ecosistema del fabricante, no ser\u00e1 una prioridad.<\/p>\n<p>Si desea abrir su ecosistema MOZA a volantes de inercia de otros fabricantes y mantener una respuesta de fuerza limpia y sin holguras, este adaptador de liberaci\u00f3n r\u00e1pida MOZA podr\u00eda marcar la diferencia en su configuraci\u00f3n.<\/p>","protected":false},"excerpt":{"rendered":"<p>Este adaptador de liberaci\u00f3n r\u00e1pida MOZA me dio la sensaci\u00f3n de una conexi\u00f3n muy s\u00f3lida y transparente, que realmente hace que la pieza desaparezca en el juego. Tiene sentido para los simracers que ya han invertido y quieren combinar una base MOZA con ruedas de terceros sin perder precisi\u00f3n ni rigidez. Para una configuraci\u00f3n en evoluci\u00f3n, la inversi\u00f3n sigue siendo coherente.<\/p>","protected":false},"featured_media":101435,"comment_status":"open","ping_status":"closed","template":"","meta":{"_acf_changed":false,"_et_pb_use_builder":"","_et_pb_old_content":"","_et_gb_content_width":""},"product_brand":[165],"product_cat":[153],"product_tag":[149],"class_list":{"0":"post-101434","1":"product","2":"type-product","3":"status-publish","4":"has-post-thumbnail","6":"product_brand-moza-racing","7":"product_cat-accessoires","8":"product_tag-pc","10":"first","11":"instock","12":"shipping-taxable","13":"product-type-external"},"acf":[],"_links":{"self":[{"href":"https:\/\/simracergear.com\/es\/wp-json\/wp\/v2\/product\/101434","targetHints":{"allow":["GET"]}}],"collection":[{"href":"https:\/\/simracergear.com\/es\/wp-json\/wp\/v2\/product"}],"about":[{"href":"https:\/\/simracergear.com\/es\/wp-json\/wp\/v2\/types\/product"}],"replies":[{"embeddable":true,"href":"https:\/\/simracergear.com\/es\/wp-json\/wp\/v2\/comments?post=101434"}],"wp:featuredmedia":[{"embeddable":true,"href":"https:\/\/simracergear.com\/es\/wp-json\/wp\/v2\/media\/101435"}],"wp:attachment":[{"href":"https:\/\/simracergear.com\/es\/wp-json\/wp\/v2\/media?parent=101434"}],"wp:term":[{"taxonomy":"product_brand","embeddable":true,"href":"https:\/\/simracergear.com\/es\/wp-json\/wp\/v2\/product_brand?post=101434"},{"taxonomy":"product_cat","embeddable":true,"href":"https:\/\/simracergear.com\/es\/wp-json\/wp\/v2\/product_cat?post=101434"},{"taxonomy":"product_tag","embeddable":true,"href":"https:\/\/simracergear.com\/es\/wp-json\/wp\/v2\/product_tag?post=101434"}],"curies":[{"name":"wp","href":"https:\/\/api.w.org\/{rel}","templated":true}]}}