{"id":101440,"date":"2025-05-15T08:10:00","date_gmt":"2025-05-15T08:10:00","guid":{"rendered":"https:\/\/simracergear.com\/products\/moza-r12-fsr-formula-wheel-hub-kit-bundle\/"},"modified":"2025-11-28T05:29:18","modified_gmt":"2025-11-28T05:29:18","slug":"moza-r12-fsr-formula-wheel-hub-kit-bundle","status":"publish","type":"product","link":"https:\/\/simracergear.com\/es\/products\/moza-r12-fsr-formula-wheel-hub-kit-bundle\/","title":{"rendered":"Kit de rueda y buje MOZA R12 y FSR Formula Bundle"},"content":{"rendered":"<h2>Kit de rueda y buje MOZA R12 y FSR Formula: un paquete serio para sim racing<\/h2>\n<p>El paquete MOZA R12 &amp; FSR Formula Wheel &amp; Hub Kit est\u00e1 claramente posicionado en el coraz\u00f3n del mercado Direct Drive para corredores de simulaci\u00f3n exigentes pero no necesariamente profesionales. No estamos hablando de una base de \"descubrimiento\" ni de un monstruo de gama ultra alta: estamos en esa fase en la que la precisi\u00f3n, la consistencia y la calidad de acabado realmente empiezan a cambiarlo todo en una configuraci\u00f3n.<\/p>\n<p>Este combo promete tres cosas: un motor Direct Drive lo bastante potente como para sentirlo todo sin ser ingobernable, un volante monoplaza con todas las funciones y un hub r\u00e1pido que facilita la vida cotidiana. La idea es sencilla: ofrecer un paquete coherente para quien quiera dar un claro paso adelante en inmersi\u00f3n y control, sin perderse en diez referencias distintas.<\/p>\n<p>As\u00ed que mi punto de vista es doble: por un lado, la sensaci\u00f3n de pilotaje y la finura del Force Feedback, y por otro, la coherencia global del conjunto para un uso regular, ya sea en una liga, una pr\u00e1ctica intensiva o para sesiones m\u00e1s ocasionales pero exigentes. El objetivo no es saber si es \"suficientemente bueno\" para los principiantes, sino si es capaz de mantener el ritmo cuando se empieza a pilotar fuerte, durante mucho tiempo y en simuladores m\u00e1s exigentes.<\/p>\n<h2>Dise\u00f1o, fabricaci\u00f3n y manipulaci\u00f3n<\/h2>\n<p>La base R12 da una impresi\u00f3n inmediata de densidad. El chasis met\u00e1lico inspira confianza, con bordes limpios y superficies cuidadosamente tratadas. En la mano, se siente un bloque compacto y r\u00edgido, sin holguras par\u00e1sitas. Se trata claramente de un dise\u00f1o concebido para limitarse a un habit\u00e1culo serio, sin doblarse al primer signo de tensi\u00f3n.<\/p>\n<p>El volante FSR Formula contin\u00faa en esta l\u00ednea. Estructura de aluminio, carbono visible, empu\u00f1aduras recubiertas de un agarre firme pero no agresivo. En la mano, la sensaci\u00f3n es cercana a la de un verdadero volante monoplaza moderno: tama\u00f1o contenido, forma achatada, muchos mandos concentrados en una superficie peque\u00f1a. Las levas de cambio encajan de forma limpia y n\u00edtida, con una respuesta clara. Da la sensaci\u00f3n de que han sido dise\u00f1adas para soportar cambios repetidos sin flaquear.<\/p>\n<p>Lo que destaca inmediatamente es el ensamblaje general: alineaci\u00f3n limpia, sin ruidos extra\u00f1os al manipular el ensamblaje, sin flexi\u00f3n perceptible entre el buje del cierre r\u00e1pido y la base. El cierre r\u00e1pido de MOZA es uno de los m\u00e1s convincentes de esta gama: enganche firme, sin juego lateral una vez bloqueado. Se puede forzar el volante hacia abajo sin sentir ning\u00fan micromovimiento desagradable.<\/p>\n<p>Donde puede ser un poco decepcionante es en t\u00e9rminos de puro \"lujo\". Los materiales son muy buenos, pero a\u00fan estamos ligeramente por detr\u00e1s de algunos volantes muy premium en cuanto a mandos, clics giratorios y sensaci\u00f3n de \"joya mec\u00e1nica\". Es robusto y est\u00e1 muy bien fabricado, pero da la sensaci\u00f3n de que se ha prestado m\u00e1s atenci\u00f3n a la funcionalidad que a la espectacularidad.<\/p>\n<p>Comparado con otros paquetes Direct Drive de potencia comparable, el paquete MOZA R12 &amp; FSR est\u00e1 claramente en lo m\u00e1s alto de la gama en t\u00e9rminos de construcci\u00f3n. Est\u00e1 por encima del nivel b\u00e1sico, y no muy lejos de los mejores de la gama media avanzada.<\/p>\n<h2>Ajustes, personalizaci\u00f3n y compatibilidad<\/h2>\n<p>En cuanto al software, el ecosistema MOZA se basa en un software interno relativamente claro y orientado a los perfiles. Puedes encontrar r\u00e1pidamente los principales ajustes b\u00e1sicos: fuerza general, filtros, amortiguaci\u00f3n, fricci\u00f3n y respuesta de detalle fino. Los preajustes b\u00e1sicos para los grandes simuladores actuales te permiten empezar sin ahogarte, pero hay suficiente profundidad para refinar los ajustes si quieres afinar hasta el porcentaje m\u00e1s cercano.<\/p>\n<p>Lo interesante es que la curva de aprendizaje sigue siendo razonable. No es necesario comprender todos los par\u00e1metros a la vez. Unos simples ajustes bastan para adaptar la sensaci\u00f3n: aumentar o disminuir la fuerza, suavizar ligeramente el retorno en los baches, afinar la resistencia en el centro. Para alguien que venga de una correa o de una base de iniciaci\u00f3n, la adaptaci\u00f3n es bastante sencilla.<\/p>\n<p>El volante FSR a\u00f1ade una capa de personalizaci\u00f3n con sus m\u00faltiples botones, rotores e interruptores. Para monoplaza o proto, puedes asignar f\u00e1cilmente todo lo que necesites: mezcla de combustible, balance de frenos, control de tracci\u00f3n, mapa del motor, radio, etc. Los mandos giratorios son f\u00e1ciles de manejar y no tienes que soltar el volante por completo. Hace que los ajustes de carrera sean muy naturales.<\/p>\n<p>La compatibilidad est\u00e1 claramente orientada al PC. Las grandes simulaciones se manejan bien, con un soporte FFB completo y estable. En consolas, la cuesti\u00f3n depender\u00e1 principalmente del soporte global de MOZA en cada momento y de las limitaciones de cada plataforma, pero este paquete es especialmente relevante para los jugadores de PC, con una cabina r\u00edgida o al menos un soporte s\u00f3lido.<\/p>\n<p>El ecosistema MOZA ya est\u00e1 bien establecido, con otros volantes, pedales, frenos de mano, palancas de cambio y salpicaderos compatibles. El R12 puede convertirse f\u00e1cilmente en la base de un ecosistema completo y evolutivo. Se puede empezar con este FSR para la parte de monoplaza \/ GT moderno, y m\u00e1s adelante a\u00f1adir un volante GT redondo o un volante de rally, seg\u00fan se desee. En t\u00e9rminos de vida \u00fatil, la base tiene claramente el potencial de soportar varias configuraciones sucesivas sin quedar r\u00e1pidamente obsoleta.<\/p>\n<h2>Las sensaciones en juego: el coraz\u00f3n del fardo<\/h2>\n<p>Lo primero que destaca en la pista es la precisi\u00f3n del Force Feedback. El R12 no es el coche m\u00e1s violento del mercado, pero ofrece par m\u00e1s que suficiente para transmitir todo lo que sucede a los neum\u00e1ticos. La direcci\u00f3n se asienta de forma natural, sin puntos muertos difusos. Sientes muy r\u00e1pidamente la transici\u00f3n del agarre al inicio del planeo.<\/p>\n<p>En las curvas, la linealidad del par es muy apreciable. El aumento de la resistencia de la direcci\u00f3n sigue l\u00f3gicamente la carga sobre el eje delantero. Se puede controlar el \u00e1ngulo con mucha confianza y, sobre todo, anticiparse a cualquier p\u00e9rdida de adherencia. En comparaci\u00f3n con una base accionada por correa con una potencia m\u00e1s modesta, la diferencia es principalmente de delicadeza: no s\u00f3lo sientes que \"se cala\", sino que \"empieza a calarse\" unas d\u00e9cimas de segundo antes. Y ah\u00ed es donde la base cambia realmente la experiencia.<\/p>\n<p>Las lecturas de agarre son muy limpias. En los afilados simuladores, se pueden sentir las microvariaciones de agarre en la entrada en curva, durante las fases de transferencia de masa y al frenar con una ligera carga aerodin\u00e1mica. El volante FSR, m\u00e1s compacto y firme que un volante ancho GT, refuerza esta sensaci\u00f3n de precisi\u00f3n. Los golpes de volante son cortos, la respuesta es instant\u00e1nea y las correcciones pueden hacerse r\u00e1pidamente sin forzar.<\/p>\n<p>En vibradores, el R12 ofrece un compromiso muy bueno. Las vibraciones son limpias y bien definidas, sin llegar a ser un zumbido artificial. Los grandes bordes de la pista est\u00e1n bien marcados, y puedes sentir cuando muerdes demasiado y el coche se desequilibra. El FFB no se satura demasiado r\u00e1pido, y sigue habiendo un margen de control incluso cuando est\u00e1s forzando los l\u00edmites de la pista.<\/p>\n<p>En correcciones r\u00e1pidas, el motor le sigue sin inmutarse. Un calado trasero en tracci\u00f3n trasera se remedia f\u00e1cilmente: el volante vuelve con fuerza suficiente para guiar el contravolante, pero no hasta el punto de arrancarte los brazos. En secuencias tipo chicane o en deslizamientos ligeros controlados, la base sigue siendo legible. Entiendes inmediatamente lo que est\u00e1 haciendo el coche.<\/p>\n<p>En sesiones largas, la constancia est\u00e1 a la orden del d\u00eda. No hay aumento perceptible de la temperatura que debilite el par, ni deriva en la sensaci\u00f3n del centro. La fatiga que sientas depender\u00e1 sobre todo de la potencia total que elijas. A plena potencia, puede llegar a ser f\u00edsico m\u00e1s de una hora de marcha, pero a menudo basta con reducir un poco el par para encontrar un muy buen equilibrio entre comodidad e inmersi\u00f3n.<\/p>\n<p>Frente a una base m\u00e1s potente y verdaderamente de gama alta, el R12 se queda l\u00f3gicamente un poco atr\u00e1s en t\u00e9rminos de brutalidad m\u00e1xima y reserva de par. Pero en un uso realista para los pilotos de simulaci\u00f3n del 95 %, satisface con creces las necesidades. Ya nos estamos beneficiando de las principales cualidades del Direct Drive: detalles finos, sin correa, direcci\u00f3n sensible, reserva de potencia suficiente para todos los GT y monoplazas en condiciones razonables.<\/p>\n<p>La inmersi\u00f3n global proviene tanto de la base como del FSR. El formato del volante, la pantalla integrada y los m\u00faltiples controles al alcance de la mano contribuyen a la sensaci\u00f3n de estar en un monoplaza moderno. R\u00e1pidamente te sientes \"como en casa\", con una clara relaci\u00f3n entre lo que ves en la pantalla y lo que sientes en tus manos.<\/p>\n<h2>\u00bfPara qui\u00e9n es? Y lo que nos gusta \/ no nos gusta<\/h2>\n<p>Este paquete est\u00e1 dirigido sobre todo a pilotos de simulaci\u00f3n motivados, de nivel intermedio a avanzado, que conducen principalmente en PC y adoran los monoplazas, los prototipos y los GT modernos. Un principiante realmente motivado puede entrar directamente, pero tendr\u00e1 que aceptar un cierto tiempo para familiarizarse con un Direct Drive y un volante monoplaza. Para los jugadores m\u00e1s ocasionales o los que s\u00f3lo juegan en consola, est\u00e1 claro que no es la opci\u00f3n m\u00e1s f\u00e1cil.<\/p>\n<p>Lo que m\u00e1s aprecio es el equilibrio entre potencia y control. La R12 ofrece suficiente par motor para una sensaci\u00f3n seria, pero sigue siendo utilizable en el d\u00eda a d\u00eda, sin que cada sesi\u00f3n resulte agotadora. En segundo lugar, la calidad general de construcci\u00f3n del paquete inspira confianza: base robusta, volante bien acabado, buje r\u00e1pido y fiable, todo encaja. Por \u00faltimo, la coherencia del ecosistema MOZA significa que puede utilizarse como un aut\u00e9ntico centro de configuraci\u00f3n actualizable, con la adici\u00f3n de volantes, pedales y accesorios, todo ello siguiendo la misma l\u00f3gica.<\/p>\n<p>Pero hay l\u00edmites. El volante del FSR, con su formato monoplaza, no es el m\u00e1s vers\u00e1til si haces mucho rally, drifting o conducci\u00f3n de coches cl\u00e1sicos: un volante redondo ser\u00eda m\u00e1s natural. La integraci\u00f3n con la consola sigue siendo m\u00e1s limitada que en algunos de los competidores m\u00e1s consolidados de este segmento, lo que reduce el inter\u00e9s si no se utiliza un PC. Otro punto: aunque la calidad es muy buena, se tiene la sensaci\u00f3n de que ciertos detalles de acabado (rotores, clics en ciertos botones) no est\u00e1n a\u00fan al nivel de los paquetes ultra-premium, mucho m\u00e1s caros.<\/p>\n<p>En t\u00e9rminos de valor, este paquete es una inversi\u00f3n seria pero coherente. Est\u00e1s pagando por un verdadero salto de calidad en comparaci\u00f3n con las bases de nivel b\u00e1sico accionadas por correa o Direct Drive, sin caer en los precios irrazonables de las bases muy grandes. Para alguien que quiera dar un claro paso adelante y mantenerlo durante varios a\u00f1os, la relaci\u00f3n prestaciones\/precio es s\u00f3lida.<\/p>\n<h2>Veredicto: \u00bfqu\u00e9 cambian realmente los MOZA R12 y FSR en una configuraci\u00f3n?<\/h2>\n<p>En una configuraci\u00f3n de simulaci\u00f3n de carreras, este paquete lleva la direcci\u00f3n a otra categor\u00eda. Se obtiene una mayor precisi\u00f3n, una respuesta de fuerza m\u00e1s n\u00edtida y consistencia a lo largo del tiempo. El volante FSR ancla claramente el paquete en un mundo monoplaza \/ GT moderno, con una verdadera comodidad de pilotaje y gesti\u00f3n de los reglajes de carrera gracias a los numerosos controles.<\/p>\n<p>El kit de rueda y buje MOZA R12 &amp; FSR Formula ocupa una posici\u00f3n clave en el mercado: un Direct Drive de gama media\/alta capaz de satisfacer a un amplio espectro de corredores de simulaci\u00f3n serios, sin entrar en el nicho de gama ultra-alta. No se trata de un producto b\u00e1sico, ni de un juguete, ni de un producto elitista reservado a unos pocos entusiastas adinerados.<\/p>\n<p>Yo lo recomendar\u00eda a aquellos que conducen principalmente en PC, con un cockpit r\u00edgido o s\u00f3lido, y que realmente quieren involucrarse en carreras de simulaci\u00f3n modernas: F1, LMP, GT3\/GT4, tiempos de liga, carreras de resistencia. Para los usuarios de consola, muy vers\u00e1tiles u orientados a la \"diversi\u00f3n\" del rally, otras opciones, con un volante m\u00e1s redondo y una compatibilidad m\u00e1s amplia, pueden ser m\u00e1s adecuadas.<\/p>\n<p>Si buscas un paquete Direct Drive serio, capaz de ofrecerte una sensaci\u00f3n limpia, una ganancia real en control y una base s\u00f3lida desde la que desarrollar tu configuraci\u00f3n, este producto puede marcar claramente la diferencia en tu configuraci\u00f3n.&lt;\/final<\/p>","protected":false},"excerpt":{"rendered":"<p>Este paquete me dio la sensaci\u00f3n de haber alcanzado un verdadero hito en t\u00e9rminos de precisi\u00f3n, legibilidad del agarre y consistencia, sin entrar en la f\u00edsica extrema ni en los artilugios. Sobre todo, tiene sentido para los pilotos de simulaci\u00f3n de PC ya comprometidos con las cabinas r\u00edgidas, que corren principalmente con coches F1\/GT modernos. El conjunto ofrece un buen equilibrio entre inversi\u00f3n, inmersi\u00f3n y margen de mejora.<\/p>","protected":false},"featured_media":101441,"comment_status":"open","ping_status":"closed","template":"","meta":{"_acf_changed":false,"_et_pb_use_builder":"","_et_pb_old_content":"","_et_gb_content_width":""},"product_brand":[165],"product_cat":[161],"product_tag":[],"class_list":{"0":"post-101440","1":"product","2":"type-product","3":"status-publish","4":"has-post-thumbnail","6":"product_brand-moza-racing","7":"product_cat-volant","9":"first","10":"instock","11":"shipping-taxable","12":"product-type-external"},"acf":[],"_links":{"self":[{"href":"https:\/\/simracergear.com\/es\/wp-json\/wp\/v2\/product\/101440","targetHints":{"allow":["GET"]}}],"collection":[{"href":"https:\/\/simracergear.com\/es\/wp-json\/wp\/v2\/product"}],"about":[{"href":"https:\/\/simracergear.com\/es\/wp-json\/wp\/v2\/types\/product"}],"replies":[{"embeddable":true,"href":"https:\/\/simracergear.com\/es\/wp-json\/wp\/v2\/comments?post=101440"}],"wp:featuredmedia":[{"embeddable":true,"href":"https:\/\/simracergear.com\/es\/wp-json\/wp\/v2\/media\/101441"}],"wp:attachment":[{"href":"https:\/\/simracergear.com\/es\/wp-json\/wp\/v2\/media?parent=101440"}],"wp:term":[{"taxonomy":"product_brand","embeddable":true,"href":"https:\/\/simracergear.com\/es\/wp-json\/wp\/v2\/product_brand?post=101440"},{"taxonomy":"product_cat","embeddable":true,"href":"https:\/\/simracergear.com\/es\/wp-json\/wp\/v2\/product_cat?post=101440"},{"taxonomy":"product_tag","embeddable":true,"href":"https:\/\/simracergear.com\/es\/wp-json\/wp\/v2\/product_tag?post=101440"}],"curies":[{"name":"wp","href":"https:\/\/api.w.org\/{rel}","templated":true}]}}