{"id":101453,"date":"2025-05-15T08:10:00","date_gmt":"2025-05-15T08:10:00","guid":{"rendered":"https:\/\/simracergear.com\/products\/moza-r12-rs-v2-steering-wheel-bundle\/"},"modified":"2025-11-28T05:31:06","modified_gmt":"2025-11-28T05:31:06","slug":"moza-r12-rs-v2-steering-wheel-bundle","status":"publish","type":"product","link":"https:\/\/simracergear.com\/es\/products\/moza-r12-rs-v2-steering-wheel-bundle\/","title":{"rendered":"MOZA R12 &amp; RS V2 Volante Bundle"},"content":{"rendered":"<p>En la gama de bases Direct Drive \"razonables\" en t\u00e9rminos de potencia y presupuesto, la MOZA R12 es claramente una opci\u00f3n muy seria de gama media\/alta. Con sus 12 Nm y su volante de inercia RS V2 en este paquete, nos dirigimos a un p\u00fablico que quiere dar un verdadero paso adelante respecto a una base accionada por correa o un peque\u00f1o DD de iniciaci\u00f3n, sin pasarse con una potencia dif\u00edcil de explotar.<\/p>\n<p>Sobre el papel, este combo promete un FFB preciso y limpio que puede usarse tanto para la liga como para el ocio avanzado. El volante RS V2 aporta la sensaci\u00f3n GT \/ todoterreno, con suficientes botones y un aspecto moderno sin pasarse. El conjunto se ha dise\u00f1ado como una configuraci\u00f3n b\u00e1sica seria, en torno a la cual se puede construir un cockpit completo.<\/p>\n<p>Por mi parte, abord\u00e9 esta prueba con tres cosas en mente: la pura precisi\u00f3n de la informaci\u00f3n (lecturas de agarre, transiciones de carga), la comodidad a lo largo del tiempo y la versatilidad entre diferentes tipos de coches y sims. La idea no es s\u00f3lo tener un gran par motor que te arranque los brazos, sino un combo coherente que te haga querer conducir durante mucho tiempo, a menudo y en todo.<\/p>\n<h2>Dise\u00f1o y fabricaci\u00f3n<\/h2>\n<p>La base del R12 da inmediatamente la impresi\u00f3n de ser una unidad compacta y seria. El chasis met\u00e1lico inspira confianza, sin holguras ni crujidos. El dise\u00f1o es bastante sobrio y anguloso, con una calidad de construcci\u00f3n que se sit\u00faa claramente por encima de muchas bases accionadas por correa y en la misma liga que los Direct Drive de gama media de la competencia.<\/p>\n<p>Visualmente, desprende densidad y rigidez. En la mano, cuando manejas la base y el volante, nada parece hueco. Las tolerancias de ensamblaje son estrictas, el cierre r\u00e1pido tipo motorsport es n\u00edtido y sencillo, y no hay ning\u00fan bamboleo perceptible una vez que todo est\u00e1 bloqueado en su sitio. Da la impresi\u00f3n de que puede resistir a\u00f1os de sesiones sin inmutarse, siempre que, por supuesto, est\u00e9 firmemente sujeto a una cabina suficientemente r\u00edgida.<\/p>\n<p>La RS V2, en cambio, est\u00e1 claramente orientada a los GT \/ todoterreno. El borde es redondeado y ligeramente grueso, y el revestimiento ofrece un buen agarre sin ser agresivo. Las levas magn\u00e9ticas tienen un clic limpio y muy mec\u00e1nico, con un tacto m\u00e1s cualitativo que en muchos de los volantes de \"pl\u00e1stico\" m\u00e1s convencionales. Los botones son correctos, bien posicionados, con un recorrido que no es ni demasiado duro ni demasiado blando. Muy lejos de un juguete.<\/p>\n<p>Lo que m\u00e1s sorprende es la coherencia general del conjunto: base compacta, volante bien equilibrado, sin vibraciones par\u00e1sitas ni holguras en el QR. Sin embargo, lo que resulta un poco decepcionante es que el RS V2 sigue siendo un poco un \"producto de simulaci\u00f3n de carreras\" visualmente, y no est\u00e1 a la altura de un volante ultra-premium de cuero de grano completo o de carbono de gama alta. Lo mismo ocurre con ciertos detalles de pl\u00e1stico que nos recuerdan que estamos en la parte media\/alta de la gama, no en el segmento de ultralujo.<\/p>\n<p>En comparaci\u00f3n con las antiguas soluciones accionadas por correa, la diferencia en la calidad percibida es clara. En comparaci\u00f3n con los kits DD de la competencia de potencia similar, estamos en bastante buena forma, con una ligera ventaja sentida en t\u00e9rminos de rigidez general y liberaci\u00f3n r\u00e1pida, pero un estilo que es quiz\u00e1s un poco menos \"puramente de carreras\" que algunos volantes muy t\u00edpicos.<\/p>\n<h2>Ajustes, personalizaci\u00f3n y compatibilidad<\/h2>\n<p>En cuanto al software, MOZA ha puesto en marcha un ecosistema bastante moderno. La interfaz de configuraci\u00f3n es clara y visual, con controles deslizantes para la intensidad, la dureza, el filtrado, la fricci\u00f3n, la inercia, etc\u00e9tera. Puedes empezar con preajustes para los principales juegos y luego ajustarlos seg\u00fan tus preferencias. Est\u00e1 claro que la herramienta se ha dise\u00f1ado para no perder al usuario intermedio.<\/p>\n<p>Los ajustes realmente \u00fatiles giran en torno a unos pocos ejes: intensidad general del FFB, filtrado de altas frecuencias, dureza del centro y, posiblemente, un poco de amortiguaci\u00f3n para suavizar algunas de las simulaciones m\u00e1s nerviosas. La ventaja de 12 Nm es que puedes reducir la potencia conservando la textura. No tienes que llevarlo todo al l\u00edmite, lo que hace que el combo sea mucho m\u00e1s utilizable con el tiempo.<\/p>\n<p>La curva de aprendizaje no es muy pronunciada, pero se tarda un poco en afinarla. Los preajustes b\u00e1sicos te permiten rodar r\u00e1pidamente sin dejarte llevar, y luego, con un peque\u00f1o ajuste de algunos deslizadores, es f\u00e1cil encontrar tu propio equilibrio personal. No te ahogas en docenas de ajustes opacos, lo cual es un buen detalle.<\/p>\n<p>En t\u00e9rminos de compatibilidad, se trata claramente de una soluci\u00f3n orientada al PC. La integraci\u00f3n con varios simuladores de PC es buena, los juegos reconocen bien el hardware y el software MOZA lo gestiona todo en segundo plano. En cuanto a las consolas, hay que tener en cuenta que no es el terreno de juego natural del paquete. Hablamos de usuarios que est\u00e1n montando una configuraci\u00f3n de PC seria, posiblemente con triple pantalla o RV.<\/p>\n<p>El ecosistema MOZA abarca varios volantes, pedales, palancas de cambio y frenos de mano. El paquete R12 + RS V2 es, por tanto, una buena base a partir de la cual actualizar el resto: actualizar a un volante m\u00e1s estilo F1, a\u00f1adir un juego de bielas con c\u00e9lula de carga m\u00e1s avanzado, etc. Desde el punto de vista de la escalabilidad, es claramente una base que puede durar varios a\u00f1os sin quedarse obsoleta. Estamos ante una plataforma que puede utilizarse como punto de entrada ambicioso o como base duradera para un piloto ya experimentado que no quiera ir necesariamente m\u00e1s all\u00e1 en t\u00e9rminos de par motor.<\/p>\n<h2>Sensaciones en juego<\/h2>\n<p>En la pista, el R12 mostr\u00f3 r\u00e1pidamente sus verdaderos colores. Lo primero que llama la atenci\u00f3n es la limpieza de la respuesta de potencia. Los 12 Nm son m\u00e1s que suficientes para transmitir las variaciones de carga al volante sin dar la impresi\u00f3n de tirar de los brazos. Se nota que el par disponible permite tener un centro firme y preciso, sin que se convierta en una batalla constante.<\/p>\n<p>La precisi\u00f3n del FFB se nota especialmente en las transiciones: entrada en curva, transferencia de masas y el ligero subviraje que empieza a aparecer. Puedes leer la direcci\u00f3n del coche con mucha claridad. Entiendes inmediatamente lo que est\u00e1 haciendo el eje delantero, si sobrecargas un neum\u00e1tico, si el coche empieza a derrapar. Comparado con una base de correa o un peque\u00f1o DD, la ganancia es en agudeza y velocidad de reacci\u00f3n. Hay menos filtro \"mec\u00e1nico\" entre el juego y las manos.<\/p>\n<p>En curvas r\u00e1pidas, la base mantiene una buena estabilidad del centro, sin oscilaciones molestas siempre que no lleves los ajustes al extremo. La RS V2, con su forma GT, ofrece un buen control con inclinaciones largas, tanto si est\u00e1s en 9,15 como ligeramente descentrado. Puedes controlar realmente el \u00e1ngulo de direcci\u00f3n y sentir cu\u00e1ndo necesitas soltar para dejar que el coche gire.<\/p>\n<p>La respuesta de agarre es uno de los puntos fuertes del combo. Las peque\u00f1as p\u00e9rdidas de agarre en la parte delantera se reproducen bien, y se pueden sentir los microdeslizamientos sin que el FFB se atasque o sobrecargue. En la parte trasera, los inicios de sobreviraje se transmiten con suficiente anticipaci\u00f3n para corregirlos, incluso con coches un poco nerviosos. Aqu\u00ed es donde la base cambia realmente la experiencia: ganas confianza para atacar.<\/p>\n<p>En los vibradores, la respuesta fue bastante seca y detallada. Se percibe bien la altura del vibrador, su estructura, si lo coges con un neum\u00e1tico o si lo montas m\u00e1s ampliamente. En comparaci\u00f3n con una base menos potente, la amplitud es m\u00e1s pronunciada, pero sobre todo la se\u00f1al es m\u00e1s limpia. Puedes decidir deliberadamente atacar un vibrador agresivo sabiendo qu\u00e9 esperar del volante. Esto contribuye enormemente a la inmersi\u00f3n.<\/p>\n<p>Durante largas sesiones, la R12 sigue siendo utilizable. A plena potencia, puede llegar a cansar, pero basta con reducir ligeramente la intensidad para mantener toda la potencia.<br \/>\ntextura sin acabar con los antebrazos destrozados. El motor se mantiene estable, no hay sensaci\u00f3n de sobrecalentamiento que degrade el FFB, y no se aprecian p\u00e9rdidas ni variaciones con el tiempo. Esta consistencia es realmente tranquilizadora para las carreras largas.<\/p>\n<p>Cuando se trata de correcciones r\u00e1pidas, la ventaja de Direct Drive es inmediatamente evidente. La base responde con rapidez, la rueda vuelve al centro de forma controlable, sin rebotes excesivos si los ajustes son correctos. En coches ligeros o sistemas de propulsi\u00f3n bruscos, hay par suficiente para sentir la entrada en p\u00e9rdida, pero no tanto como para sentirse abrumado. Comparado con un modelo base a\u00fan m\u00e1s potente, se pierde un poco de brutalidad y pegada, pero a menudo se gana en confort y facilidad de uso.<\/p>\n<p>Con todo, la inmersi\u00f3n est\u00e1 a un nivel m\u00e1s que suficiente para que te olvides del hardware y te concentres \u00fanicamente en la conducci\u00f3n. La combinaci\u00f3n de base y volante inspira confianza. Te atreves a frenar m\u00e1s tarde, a entrar m\u00e1s fuerte y a trabajar tu tacto a mitad de curva. Para m\u00ed, el mayor elogio posible a este tipo de producto es que despu\u00e9s de unas vueltas, dejas de pensar en la base. Piensas en el coche, en el tiempo y en la trayectoria. Y eso es exactamente lo que ocurre aqu\u00ed.<\/p>\n<h2>Para qui\u00e9n + Lo que nos gusta \/ Lo que nos gusta menos<\/h2>\n<p>El paquete MOZA R12 &amp; RS V2 est\u00e1 claramente dirigido a un perfil que va desde principiantes muy motivados hasta pilotos intermedios\/confirmados que quieren una configuraci\u00f3n de PC s\u00f3lida a largo plazo. Para un piloto novel, puede parecer ambicioso, pero alguien que ya sabe que va a invertir alg\u00fan tiempo en sim racing encontrar\u00e1 una base que no quedar\u00e1 desfasada al cabo de unos meses. Para un usuario que venga de una base con correa o un peque\u00f1o DD, el salto cualitativo es evidente.<\/p>\n<p>Lo que realmente me gusta es el equilibrio entre potencia y control. Los 12 Nm ofrecen un FFB realmente potente, lo suficientemente rico, pero dentro de un rango con el que es f\u00e1cil vivir a diario. En segundo lugar, la calidad general de construcci\u00f3n inspira confianza: nada se mueve, nada cruje, realmente parece una herramienta seria. Por \u00faltimo, la versatilidad del volante RS V2 permite pasar de un GT a un prototipo o a un deportivo de carretera sin sentirse limitado. Es un volante \"diario\" muy coherente.<\/p>\n<p>Sin embargo, hay que tener en cuenta algunas limitaciones. La primera se refiere a la compatibilidad con consolas, que claramente no es el \u00e1rea prioritaria de este paquete. Si tu ecosistema est\u00e1 centrado en las consolas, \u00e9sta no es la soluci\u00f3n m\u00e1s natural. En segundo lugar, el RS V2, aunque s\u00f3lido y agradable, no rivaliza con la sensaci\u00f3n de lujo de volantes de gama muy alta fabricados con materiales m\u00e1s nobles o con un dise\u00f1o m\u00e1s radical. Por \u00faltimo, pasar a un modelo base de este nivel requiere un puesto de conducci\u00f3n r\u00edgido y un juego de pedales a la altura para explotar todo su potencial. La inversi\u00f3n no se limita a la base y el volante.<\/p>\n<p>En t\u00e9rminos de valor percibido, se trata de un producto que representa una inversi\u00f3n seria, pero coherente con lo que ofrece: un verdadero salto adelante en t\u00e9rminos de tacto, precisi\u00f3n y consistencia. Para alguien que pilota a menudo, en una liga o con una carrera en solitario avanzada, la relaci\u00f3n calidad-precio sigue siendo atractiva. No es una compra impulsiva, es una elecci\u00f3n bien meditada para construir una configuraci\u00f3n en torno a una base s\u00f3lida.<\/p>\n<h2>Veredicto<\/h2>\n<p>El paquete MOZA R12 &amp; RS V2 cambia una cosa por encima de todo en una instalaci\u00f3n: transforma una instalaci\u00f3n \"decente\" en una plataforma seria para progresar. Pasas de tener un hardware que acompa\u00f1a al juego a un hardware que te permite explotar realmente lo que ofrece cada simulaci\u00f3n, sin tener que luchar contra los l\u00edmites del hardware.<\/p>\n<p>En el mercado, el R12 se posiciona como un Direct Drive base de gama media\/alta, lo suficientemente potente como para satisfacer a la mayor\u00eda de simracers, sin caer en el delirio de los pares extremos dif\u00edciles de controlar. El RS V2 completa este equilibrio con un volante vers\u00e1til que lo hace todo bien, aunque no intente ser el m\u00e1s exclusivo del mercado.<\/p>\n<p>Lo recomendar\u00eda claramente a aquellos que se mueven principalmente en PC, que quieren una configuraci\u00f3n evolutiva y coherente, y que buscan un punto de anclaje s\u00f3lido para construir o actualizar su instalaci\u00f3n. Para el jugador ocasional, o para un uso centrado en la consola, hay opciones m\u00e1s sencillas y adecuadas.<\/p>\n<p>Si buscas una base Direct Drive seria y precisa que puedas utilizar a diario, con un volante GT vers\u00e1til y un verdadero potencial de progresi\u00f3n, este producto puede marcar claramente la diferencia en tu configuraci\u00f3n.<\/p>","protected":false},"excerpt":{"rendered":"<p>Este paquete me dio la sensaci\u00f3n de pasar de una configuraci\u00f3n \"decente\" a una base realmente seria, con una respuesta de fuerza limpia y legible que da confianza y ganas de pilotar durante mucho tiempo. Tiene sentido para simracers de PC motivados, desde principiantes ambiciosos hasta pilotos intermedios, que quieren una base duradera y mejorable. La relaci\u00f3n inversi\u00f3n\/ganancia de sensaciones sigue siendo coherente.<\/p>","protected":false},"featured_media":101454,"comment_status":"open","ping_status":"closed","template":"","meta":{"_acf_changed":false,"_et_pb_use_builder":"","_et_pb_old_content":"","_et_gb_content_width":""},"product_brand":[165],"product_cat":[161],"product_tag":[149],"class_list":{"0":"post-101453","1":"product","2":"type-product","3":"status-publish","4":"has-post-thumbnail","6":"product_brand-moza-racing","7":"product_cat-volant","8":"product_tag-pc","10":"first","11":"instock","12":"shipping-taxable","13":"product-type-external"},"acf":[],"_links":{"self":[{"href":"https:\/\/simracergear.com\/es\/wp-json\/wp\/v2\/product\/101453","targetHints":{"allow":["GET"]}}],"collection":[{"href":"https:\/\/simracergear.com\/es\/wp-json\/wp\/v2\/product"}],"about":[{"href":"https:\/\/simracergear.com\/es\/wp-json\/wp\/v2\/types\/product"}],"replies":[{"embeddable":true,"href":"https:\/\/simracergear.com\/es\/wp-json\/wp\/v2\/comments?post=101453"}],"wp:featuredmedia":[{"embeddable":true,"href":"https:\/\/simracergear.com\/es\/wp-json\/wp\/v2\/media\/101454"}],"wp:attachment":[{"href":"https:\/\/simracergear.com\/es\/wp-json\/wp\/v2\/media?parent=101453"}],"wp:term":[{"taxonomy":"product_brand","embeddable":true,"href":"https:\/\/simracergear.com\/es\/wp-json\/wp\/v2\/product_brand?post=101453"},{"taxonomy":"product_cat","embeddable":true,"href":"https:\/\/simracergear.com\/es\/wp-json\/wp\/v2\/product_cat?post=101453"},{"taxonomy":"product_tag","embeddable":true,"href":"https:\/\/simracergear.com\/es\/wp-json\/wp\/v2\/product_tag?post=101453"}],"curies":[{"name":"wp","href":"https:\/\/api.w.org\/{rel}","templated":true}]}}