{"id":101467,"date":"2025-05-15T08:11:00","date_gmt":"2025-05-15T08:11:00","guid":{"rendered":"https:\/\/simracergear.com\/products\/moza-r21-wheel-base\/"},"modified":"2025-11-28T05:32:46","modified_gmt":"2025-11-28T05:32:46","slug":"moza-r21-wheel-base","status":"publish","type":"product","link":"https:\/\/simracergear.com\/es\/products\/moza-r21-wheel-base\/","title":{"rendered":"MOZA R21 Distancia entre ejes"},"content":{"rendered":"<p>En el segmento de las bases Direct Drive de gama alta, el MOZA R21 se posiciona como una soluci\u00f3n muy musculosa, claramente dirigida a los simracers exigentes. Ya no s\u00f3lo descubrimos el Direct Drive, sino que buscamos un par elevado, precisi\u00f3n y consistencia para conducir duro, durante mucho tiempo, con el m\u00e1ximo detalle en el volante.<\/p>\n<p>Lo que promete el R21 es una base potente capaz de manejar configuraciones serias en una cabina r\u00edgida, al tiempo que conserva una respuesta limpia y utilizable. Atraer\u00e1 sobre todo a los simracers que quieran dar un paso adelante respecto a las bases de gama b\u00e1sica\/media, sin optar por un equipamiento totalmente extremo o excesivamente caro.<\/p>\n<p>Mi objetivo aqu\u00ed es simple: hasta qu\u00e9 punto esta base proporciona una ventaja real en t\u00e9rminos de tacto, precisi\u00f3n y control, y para qu\u00e9 tipo de piloto tiene m\u00e1s sentido. No se trata de alabar la hoja de especificaciones, sino de ver qu\u00e9 diferencia marca realmente en la pista, en las manos, a lo largo de una sesi\u00f3n completa. Por decirlo claramente: \u00bfjustifica esta R21 replantearse gran parte de una configuraci\u00f3n en torno a ella, o seguimos hablando de una ganancia m\u00e1s marginal en comparaci\u00f3n con unas b\u00e1sicas ligeramente menos potentes?<\/p>\n<h2>Dise\u00f1o y fabricaci\u00f3n<\/h2>\n<p>En la mano, la MOZA R21 da inmediatamente la impresi\u00f3n de un bloque compacto y denso. El chasis met\u00e1lico inspira confianza, con un casco r\u00edgido, bordes limpios y un acabado que se mantiene en el esp\u00edritu de una \"herramienta de trabajo\" m\u00e1s que de un artilugio decorativo. Visualmente, es un habit\u00e1culo de aspecto serio y bien armado, sin buscar la originalidad a toda costa.<\/p>\n<p>La percepci\u00f3n de solidez es muy clara. Al sujetar la base a un chasis r\u00edgido, no se percibe ninguna holgura ni flexi\u00f3n sospechosa. Este es el tipo de equipo que puedes imaginar funcionando durante horas y horas con mucho par sin inmutarse. Las superficies est\u00e1n bien acabadas, los ajustes limpios, nada suena hueco o barato. Estamos claramente en el nivel superior en cuanto a calidad percibida.<\/p>\n<p>Lo que sorprende es el aspecto de \"bloque monol\u00edtico\": da la sensaci\u00f3n de que todo ha sido dise\u00f1ado para soportar la potencia del motor Direct Drive, m\u00e1s que para ser el m\u00e1s compacto del mercado. Rezuma estabilidad. En comparaci\u00f3n con una base m\u00e1s ligera o accionada por correa, realmente tienes esa sensaci\u00f3n de masa controlada, preparada para soportar el esfuerzo.<\/p>\n<p>Por otro lado, esta densidad tiene un precio: se necesita una cabina s\u00f3lida, idealmente toda de aluminio o acero, de lo contrario la estructura que la rodea se convertir\u00e1 en el eslab\u00f3n d\u00e9bil. Con un chasis ligero, se corre r\u00e1pidamente el riesgo de vibraciones o flexiones indeseadas que estropean la experiencia. La base no est\u00e1 ah\u00ed para disimular, y se nota.<\/p>\n<p>Comparada con otras bases Direct Drive de potencia m\u00e1s moderada, la R21 se sit\u00faa claramente en el segmento \"strong premium\". Puede que pierda un poco en t\u00e9rminos de compacidad e integraci\u00f3n en espacios reducidos, pero gana en rigidez general y en impresi\u00f3n de durabilidad. Por lo general, se trata de un coche que se espera conservar durante mucho tiempo si se sigue con el ecosistema MOZA.<\/p>\n<h2>Ajustes, personalizaci\u00f3n y compatibilidad<\/h2>\n<p>El software es un verdadero punto clave en una base de esta potencia. La interfaz de MOZA es clara en general, con men\u00fas estructurados y preajustes que permiten empezar con ajustes que ya son utilizables. Se puede ajustar la potencia global, los filtros, la sensibilidad en torno al centro y la forma de suavizar o dejar cruda la respuesta. Da la impresi\u00f3n de que la base se ha dise\u00f1ado para controlarse con precisi\u00f3n a trav\u00e9s del software.<\/p>\n<p>Los ajustes realmente \u00fatiles son los que permiten controlar la brutalidad potencial del par, filtrando lo justo para conservar los detalles sin convertir cada vibraci\u00f3n en un choque incontrolable. La curva de aprendizaje es razonable: en pocas sesiones, encontrar\u00e1s un perfil que se adapte a tu estilo. Sin embargo, para conseguir una sensaci\u00f3n realmente a medida, hay que tomarse el tiempo necesario para probar, comparar y ajustar poco a poco.<\/p>\n<p>En cuanto a la compatibilidad, seguimos en el ADN de MOZA: la base est\u00e1 dise\u00f1ada principalmente para el PC, con un ecosistema de volantes, pedales y palancas de cambio de la casa que encajan de forma natural. Los volantes MOZA son f\u00e1ciles de colocar, la integraci\u00f3n es limpia y la comunicaci\u00f3n entre los componentes est\u00e1 bien gestionada. Para los usuarios de consolas, la situaci\u00f3n es m\u00e1s limitada y depender\u00e1 de las soluciones disponibles en el momento de la compra. Est\u00e1 claro que no es una base dise\u00f1ada principalmente para el sal\u00f3n.<\/p>\n<p>Cuando se trata de la cabina, se necesita algo s\u00f3lido. La base soporta y exige un chasis muy r\u00edgido, idealmente de secci\u00f3n de aluminio. En una configuraci\u00f3n b\u00e1sica hecha de tubos ligeros o con poco refuerzo, se pierde parte del atractivo de la R21.<\/p>\n<p>En cuanto a la posibilidad de actualizaci\u00f3n, estamos hablando m\u00e1s de una base \"objetivo a largo plazo\" que de un simple punto de entrada. Podr\u00edas perfectamente empezar con un volante MOZA de gama media y mejorar el resto de la configuraci\u00f3n despu\u00e9s, pero la base no ser\u00e1 el factor limitante durante mucho tiempo.<\/p>\n<h2>Sensaciones en juego<\/h2>\n<p>Una vez en la pista, el MOZA R21 revela r\u00e1pidamente su ADN: potencia, precisi\u00f3n y reserva de par. La respuesta de fuerza es inmediatamente autoritaria. Puedes sentir que el chasis nunca se queda sin aliento, incluso con reglajes bastante agresivos y coches exigentes. Lo que sorprende es su capacidad para seguir siendo legible a pesar de la potencia disponible.<\/p>\n<p>En las curvas, las lecturas de agarre son claras. Cuando la parte delantera empieza a deslizar, notas una ligera p\u00e9rdida de resistencia y un cambio en la textura del retorno, sin ning\u00fan efecto exagerado o caricaturesco. Entiendes lo que est\u00e1 haciendo el coche y, sobre todo, tienes tiempo para reaccionar. La transici\u00f3n del agarre al subviraje es gradual y manejable, lo que te da confianza.<\/p>\n<p>En vibradores, el R21 puede ser muy expresivo. Si la se\u00f1al se deja demasiado cruda, los vibradores agresivos se vuelven f\u00edsicamente agotadores. Ajustando los filtros, se puede conseguir un equilibrio agradable en el que cada pasada sobre un borde es limpia y seca, pero sin ser destructiva para las mu\u00f1ecas. Donde algunas bases m\u00e1s ligeras se sienten un poco \"pl\u00e1sticas\", el R21 da una sensaci\u00f3n m\u00e1s pesada y mec\u00e1nica, que recuerda a un sistema de direcci\u00f3n real y s\u00f3lidamente montado de un coche de carreras.<\/p>\n<p>En correcciones r\u00e1pidas, la base marca una verdadera diferencia. Cuando pierdes la tracci\u00f3n trasera, el volante vuelve r\u00e1pidamente, pero de forma controlable. Puedes compensar sobrevirajes bastante violentos sin sentir que luchas contra la base. El motor responde con rapidez y sin inercias molestas, lo que te ayuda a desarrollar tus propios reflejos. Es precisamente en estos momentos cuando sientes el beneficio de un chasis potente pero bien controlado.<\/p>\n<p>En sesiones largas, la consistencia es un verdadero punto fuerte. El tacto no se colapsa, el par se mantiene estable y el sobrecalentamiento no se convierte en un problema notable en un uso normal e intensivo de simracing. La fatiga proviene m\u00e1s de la fuerza que elijas aplicar en los ajustes que de la propia base. Simplemente tienes que ser razonable y ajustar la potencia seg\u00fan tu condici\u00f3n f\u00edsica y el tipo de carrera. Utilizado con el par adecuado, el R21 sigue siendo c\u00f3modo con el paso del tiempo.<\/p>\n<p>En t\u00e9rminos de inmersi\u00f3n, la base tira claramente de la configuraci\u00f3n hacia arriba. La masa del volante, las reacciones del coche, las ligeras irregularidades de la pista... todo se siente m\u00e1s lleno, m\u00e1s conectado. Ya no tienes la impresi\u00f3n de estar sujetando un simple mando, sino un componente mec\u00e1nico que forma parte integrante del coche virtual. Aqu\u00ed es donde la base cambia realmente la experiencia.<\/p>\n<p>En comparaci\u00f3n con una base Direct Drive m\u00e1s modesta, la R21 ofrece m\u00e1s margen de maniobra. Mientras que una base de potencia media a veces puede llegar a su l\u00edmite en el extremo superior del rango de fuerza, la R21 tiene mucha reserva. De este modo, se puede reducir ligeramente la fuerza total sin perder detalle, lo que resulta en una combinaci\u00f3n muy agradable de delicadeza y comodidad. Comparada con bases a\u00fan m\u00e1s extremas, la R21 se encuentra en una zona interesante en la que la potencia es m\u00e1s que suficiente para casi todo el mundo, sin caer en el rango sobredimensionado que resulta dif\u00edcil de explotar para uso dom\u00e9stico.<\/p>\n<h2>\u00bfA qui\u00e9n va dirigido? Lo que nos gusta, lo que no nos gusta<\/h2>\n<p>La MOZA R21 est\u00e1 claramente dirigida a los simracers que ya se han establecido en este deporte. Los principiantes motivados que saben que quieren hacer una inversi\u00f3n seria a largo plazo pueden encontrarla de su agrado, pero atraer\u00e1 sobre todo a los pilotos intermedios y avanzados que vienen de una base accionada por correa o un Direct Drive m\u00e1s ligero y quieren dar un verdadero paso adelante.<\/p>\n<p>Lo que m\u00e1s me gusta es la sensaci\u00f3n de control a pesar de la potencia. Es una base muy musculosa, pero a\u00fan as\u00ed es ajustable y controlable, lo que la hace adecuada para una amplia gama de estilos de conducci\u00f3n. Tambi\u00e9n me gusta la calidad general de construcci\u00f3n: parece un producto dise\u00f1ado para durar, no para cambiarlo al cabo de unos meses. Por \u00faltimo, la legibilidad de las transferencias de agarre y carga es realmente convincente, especialmente en GT y monoplazas r\u00e1pidos, donde cada bit de informaci\u00f3n cuenta. Entiendes inmediatamente lo que est\u00e1 haciendo el coche.<\/p>\n<p>Por otro lado, hay varios puntos que merece la pena destacar. En primer lugar, la R21 est\u00e1 claramente sobredimensionada para un peque\u00f1o cockpit de iniciaci\u00f3n: sin una estructura r\u00edgida a su alrededor, pierde gran parte de su atractivo. En segundo lugar, la potencia disponible obliga a tomarse el tiempo necesario para ajustar el FFB y adaptarlo a tu condici\u00f3n f\u00edsica, de lo contrario las sesiones ser\u00e1n innecesariamente agotadoras. Por \u00faltimo, para los jugadores que busquen compatibilidad con consolas llave en mano, esta base no es la opci\u00f3n m\u00e1s sencilla ni la m\u00e1s natural.<\/p>\n<p>En t\u00e9rminos de valor percibido, el R21 se posiciona como una inversi\u00f3n seria, no como una compra espont\u00e1nea. Para un simracer entusiasta que pilote con regularidad, que ya posea o est\u00e9 considerando poseer un cockpit r\u00edgido y un ecosistema coherente, la relaci\u00f3n entre rendimiento, calidad y longevidad es atractiva. Para alguien que acaba de empezar o que juega ocasionalmente, la base puede resultar demasiado cara e infrautilizada.<\/p>\n<h2>Veredicto<\/h2>\n<p>El MOZA R21 es una base Direct Drive que transforma claramente el coraz\u00f3n de una configuraci\u00f3n de sim racing. Proporciona una potencia c\u00f3moda, una reserva de par que mantiene el FFB rico sin sobrecargarlo, y una calidad de construcci\u00f3n a la altura de un cockpit serio. Hemos pasado de un volante que hace el trabajo a una verdadera herramienta de conducci\u00f3n, capaz de aguantar un ritmo constante y horas de conducci\u00f3n.<\/p>\n<p>En el mercado, el R21 se sit\u00faa en el extremo superior accesible de la gama, por encima de los \"Direct Drive discovery\" b\u00e1sicos, pero por debajo de las soluciones ultra especializadas en las que se paga mucho dinero por unos m\u00e1rgenes de rendimiento que pocos jugadores podr\u00e1n explotar. Se dirige a usuarios que ya quieren un hardware muy s\u00f3lido, dise\u00f1ado para durar y soportar el progreso durante varios a\u00f1os.<\/p>\n<p>Lo recomendar\u00eda a los aficionados a los simuladores de carreras para PC que est\u00e9n bien equipados con un cockpit, que conduzcan a menudo, a los que les guste afinar sus sensaciones y que busquen una base que no les limite durante mucho tiempo. Para los jugadores ocasionales, para una configuraci\u00f3n de consola dom\u00e9stica o para un cockpit ligero, hay opciones m\u00e1s adecuadas, menos extremas y con las que es m\u00e1s f\u00e1cil convivir.<\/p>\n<p>Si est\u00e1 buscando una base Direct Drive potente y precisa dise\u00f1ada para una configuraci\u00f3n resistente y un uso serio, la MOZA R21 puede marcar claramente la diferencia en su configuraci\u00f3n.<\/p>","protected":false},"excerpt":{"rendered":"<p>El R21 se siente como un volante muy \"completo\" y controlable, con una ganancia real en la lectura del agarre, el control y la inmersi\u00f3n con el paso del tiempo. Sobre todo, tiene sentido para los pilotos de simulaci\u00f3n de PC que ya est\u00e1n bien equipados con un puesto de pilotaje r\u00edgido, que conducen a menudo y quieren causar un impacto duradero. La inversi\u00f3n sigue siendo razonable para un uso serio, pero no tanto para el juego ocasional.<\/p>","protected":false},"featured_media":101468,"comment_status":"open","ping_status":"closed","template":"","meta":{"_acf_changed":false,"_et_pb_use_builder":"","_et_pb_old_content":"","_et_gb_content_width":""},"product_brand":[165],"product_cat":[155],"product_tag":[149],"class_list":{"0":"post-101467","1":"product","2":"type-product","3":"status-publish","4":"has-post-thumbnail","6":"product_brand-moza-racing","7":"product_cat-base","8":"product_tag-pc","10":"first","11":"instock","12":"shipping-taxable","13":"product-type-external"},"acf":[],"_links":{"self":[{"href":"https:\/\/simracergear.com\/es\/wp-json\/wp\/v2\/product\/101467","targetHints":{"allow":["GET"]}}],"collection":[{"href":"https:\/\/simracergear.com\/es\/wp-json\/wp\/v2\/product"}],"about":[{"href":"https:\/\/simracergear.com\/es\/wp-json\/wp\/v2\/types\/product"}],"replies":[{"embeddable":true,"href":"https:\/\/simracergear.com\/es\/wp-json\/wp\/v2\/comments?post=101467"}],"wp:featuredmedia":[{"embeddable":true,"href":"https:\/\/simracergear.com\/es\/wp-json\/wp\/v2\/media\/101468"}],"wp:attachment":[{"href":"https:\/\/simracergear.com\/es\/wp-json\/wp\/v2\/media?parent=101467"}],"wp:term":[{"taxonomy":"product_brand","embeddable":true,"href":"https:\/\/simracergear.com\/es\/wp-json\/wp\/v2\/product_brand?post=101467"},{"taxonomy":"product_cat","embeddable":true,"href":"https:\/\/simracergear.com\/es\/wp-json\/wp\/v2\/product_cat?post=101467"},{"taxonomy":"product_tag","embeddable":true,"href":"https:\/\/simracergear.com\/es\/wp-json\/wp\/v2\/product_tag?post=101467"}],"curies":[{"name":"wp","href":"https:\/\/api.w.org\/{rel}","templated":true}]}}