{"id":101486,"date":"2025-05-15T08:11:00","date_gmt":"2025-05-15T08:11:00","guid":{"rendered":"https:\/\/simracergear.com\/products\/moza-r5-bundle\/"},"modified":"2025-11-28T05:33:48","modified_gmt":"2025-11-28T05:33:48","slug":"moza-r5-bundle","status":"publish","type":"product","link":"https:\/\/simracergear.com\/es\/products\/moza-r5-bundle\/","title":{"rendered":"Paquete MOZA R5"},"content":{"rendered":"<h2>MOZA R5 Bundle: \u00bfun aut\u00e9ntico pack Direct Drive al alcance de la mano? Mi an\u00e1lisis completo<\/h2>\n<p>El MOZA R5 Bundle est\u00e1 dirigido a un segmento muy espec\u00edfico: aquellos que quieren pasarse al Direct Drive sin disparar su presupuesto o perderse en una configuraci\u00f3n demasiado compleja. Se trata de un kit llave en mano: base compacta Direct Drive, volante estilo GT y pedales de nivel b\u00e1sico. La idea es clara: ofrecer las sensaciones de un volante Direct Drive en formato plug &amp; play para el PC.<\/p>\n<p>Este paquete es igual de atractivo porque se sit\u00faa frente a los kits de gama b\u00e1sica\/media de las marcas establecidas, pero con una filosof\u00eda ligeramente distinta: un ecosistema 100 % Direct Drive desde el principio, un dise\u00f1o moderno y un paquete de software propio bastante completo.<\/p>\n<p>Por mi parte, lo enfoco desde un \u00e1ngulo muy pr\u00e1ctico: precisi\u00f3n de la respuesta de fuerza, calidad de la sensaci\u00f3n, facilidad de ajuste y adecuaci\u00f3n de la inversi\u00f3n para un simracer que quiere progresar. Lo que m\u00e1s me interesa es ver si este pack resiste frente a bases de correas bien establecidas, y si puede servir de base real para una configuraci\u00f3n que va a evolucionar.<\/p>\n<p>Se trata de un producto que promete inmersi\u00f3n, control y un salto de calidad con respecto a las ruedas convencionales de gama b\u00e1sica. Queda por ver hasta d\u00f3nde llega realmente y d\u00f3nde est\u00e1n sus l\u00edmites.<\/p>\n<h2>Dise\u00f1o y fabricaci\u00f3n del paquete MOZA R5<\/h2>\n<p>La base del R5 da inmediatamente una impresi\u00f3n de compacidad y densidad. El chasis met\u00e1lico inspira confianza, con un acabado sobrio, sin adornos pero limpio. En la mano, el conjunto parece pesado para su tama\u00f1o, lo que es una buena se\u00f1al en t\u00e9rminos de rigidez. No tiene la sensaci\u00f3n de \"caja hueca\" que a veces se encuentra en los productos de gama baja.<\/p>\n<p>El volante suministrado en el paquete est\u00e1 claramente orientado a GT \/ todocamino. La estructura es r\u00edgida, y el agarre es decente, con un revestimiento que se agarra bien a la mano. No es cuero de primera calidad, pero se siente bien, y los botones se sienten bien bajo los dedos. Las levas son n\u00edtidas, con un clic claro, aunque se tiene la sensaci\u00f3n de no estar al mismo nivel de refinamiento que un volante de gama alta. Es m\u00e1s un compromiso serio que un art\u00edculo de \"lujo\".<\/p>\n<p>Los platos y bielas son la parte m\u00e1s b\u00e1sica del conjunto. Correctamente construido, es bastante ligero, principalmente met\u00e1lico pero sin efecto \"tanque\". Al pedal de freno le falta un poco de progresividad por defecto, sinti\u00e9ndose m\u00e1s como un muelle que como un verdadero trabajo sobre la sensaci\u00f3n de presi\u00f3n. Para una primera puesta a punto, cumple su funci\u00f3n, pero un piloto ya exigente encontrar\u00e1 r\u00e1pidamente sus l\u00edmites.<\/p>\n<p>No obstante, el conjunto inspira confianza. Una vez montado en un caballete r\u00edgido o en el cockpit, el conjunto apenas se mueve. Comparado con un volante de correa de gama media, el R5 da a menudo la sensaci\u00f3n de ser m\u00e1s compacto y denso, aunque el juego de bielas siga estando por debajo de lo que ofrecen ciertos conjuntos de la competencia m\u00e1s centrados en este punto.<\/p>\n<p>Lo que sorprende de inmediato es el tama\u00f1o: para ser una base Direct Drive, es muy contenida. Donde soy un poco m\u00e1s reservado es en el 'tacto premium' del volante y los pedales, que se mantienen a un nivel acorde con el precio, pero no m\u00e1s all\u00e1.<\/p>\n<h2>Ajustes, personalizaci\u00f3n y compatibilidad<\/h2>\n<p>El punto fuerte del MOZA R5 tambi\u00e9n reside en su software. El software MOZA (Pit House) ofrece unos ajustes bastante claros, con preajustes para diferentes tipos de juego y opciones avanzadas para aquellos a los que les gusta el ajuste fino. La navegaci\u00f3n es intuitiva en general, y se pueden encontrar los par\u00e1metros clave del FFB sin perderse en men\u00fas oscuros.<\/p>\n<p>Los ajustes realmente \u00fatiles para adaptar el producto giran en torno a la fuerza general, la filtraci\u00f3n de las vibraciones y la gesti\u00f3n de los detalles de la superficie. Es f\u00e1cil hacer que el volante sea m\u00e1s suave e indulgente para un principiante o, por el contrario, m\u00e1s \u00e1spero y directo para un usuario acostumbrado a los fundamentos del Direct Drive. Hay una curva de aprendizaje, pero es razonable. Puedes conseguir un buen tacto bastante r\u00e1pido, y luego refinarlo poco a poco.<\/p>\n<p>En cuanto a la compatibilidad, el paquete est\u00e1 orientado al PC. No hay conexi\u00f3n nativa con las principales consolas, y eso es algo que debes tener en cuenta antes de comprarlo. Para los jugadores que s\u00f3lo juegan con consolas, est\u00e1 claro que no es la opci\u00f3n adecuada. Para los usuarios de PC, en cambio, la integraci\u00f3n con la mayor\u00eda de los simuladores modernos es buena, y el volante se reconoce sin mayor dificultad.<\/p>\n<p>El ecosistema MOZA empieza a estar bien surtido, con otros volantes, platos y bielas m\u00e1s avanzados, palancas de cambio, un freno de mano, etc. Por tanto, la R5 puede utilizarse como punto de entrada a una gama que permite actualizar progresivamente. Puede empezar con el paquete y, m\u00e1s adelante, mejorar el juego de bielas o el volante, sin cambiar la base.<\/p>\n<p>En t\u00e9rminos de capacidad de mejora, lo veo como una base duradera para un simracer de nivel principiante a intermedio. No es un monstruo del par motor construido para el m\u00e1s alto nivel, con una gran cabina de acero y todo el ecosistema profesional a su alrededor, pero es m\u00e1s que suficiente para un uso serio y regular, y para progresar durante mucho tiempo antes de sentir un l\u00edmite real.<\/p>\n<h2>MOZA R5 Bundle: sensaciones en el juego<\/h2>\n<p>Aqu\u00ed es donde el R5 realmente destaca. El cambio a Direct Drive se nota inmediatamente si vienes de un volante accionado por correa o engranaje. La respuesta es m\u00e1s directa, m\u00e1s limpia, con menos latencia y \"desenfoque\" entre lo que hace el coche y lo que sientes en tus manos.<\/p>\n<p>En cuanto a la precisi\u00f3n del FFB, el R5 se defiende muy bien para su categor\u00eda de par. Se notan claramente las variaciones de carga en la parte delantera, la ligera relajaci\u00f3n de la direcci\u00f3n al frenar, la relajaci\u00f3n del coche en un vibrador o al subir un bordillo. Se entiende inmediatamente lo que hace el coche. Las fuerzas no son monstruosas, pero la informaci\u00f3n es legible, lo que a menudo es m\u00e1s importante que la potencia bruta.<\/p>\n<p>En las curvas, la base da una buena sensaci\u00f3n de consistencia. El centro de la pista es limpio, sin zonas muertas marcadas, y las transiciones entre agarre y subviraje son f\u00e1ciles de sentir. Donde se pone interesante es durante las fases de ligero deslizamiento o al l\u00edmite del agarre: puedes sentir cuando el tren delantero empieza a flotar y cuando el trasero se mueve, sin que se vaya en todas direcciones. Tienes la sensaci\u00f3n de que puedes manejar el volante con precisi\u00f3n.<\/p>\n<p>La lectura del agarre es uno de los principales puntos fuertes de un producto de este segmento. En comparaci\u00f3n con una unidad de base menos potente y menos precisa, la principal ventaja est\u00e1 en los matices. No solo se captan los grandes golpes de raqueta, sino tambi\u00e9n las peque\u00f1as vibraciones que indican un neum\u00e1tico que se est\u00e1 cansando, un vibrador m\u00e1s agresivo o un coche que empieza a sobrecalentar su eje trasero.<\/p>\n<p>Los vibradores funcionan bien. Puedes sentir la diferencia entre un vibrador plano, un vibrador aserrado y un vibrador realmente agresivo. El R5 no los convierte en temblores caricaturescos, sino en textura. Es m\u00e1s como leer una superficie que un martillo neum\u00e1tico, y eso se agradece en sesiones largas.<\/p>\n<p>Durante sesiones prolongadas, la FFB se mantiene estable. La base no muestra signos evidentes de p\u00e9rdida de potencia en caliente en condiciones normales de uso. Puedes encadenar carreras sin tener que luchar contra un volante que se vuelve lento o irregular. Los niveles de ruido se mantienen bajos, lo que es una verdadera ventaja si juegas en un entorno compartido.<\/p>\n<p>Para correcciones r\u00e1pidas, la base responde bien. El volante reenfoca r\u00e1pidamente, sin excesiva inercia, y sigue las entradas sin ning\u00fan retraso perceptible. Para rallyes, derrapes o simplemente para coger un rebufo en un circuito, tiene la capacidad de respuesta necesaria. No es una base ultrapotente, para que no te arranquen los brazos, pero hay potencia suficiente para sentir las transferencias y trabajar con limpieza.<\/p>\n<p>Comparado con una base m\u00e1s potente, obviamente se pierde en t\u00e9rminos de fuerza bruta, violencia de impacto y margen para aquellos a los que les gusta pilotar con un FFB muy alto. Pero para muchos pilotos, este nivel de par ya es m\u00e1s que suficiente, sobre todo si el cockpit no es ultrarr\u00edgido. En comparaci\u00f3n con los volantes b\u00e1sicos accionados por correa o engranaje, el salto en inmersi\u00f3n y confianza es evidente.<\/p>\n<p>En general, el R5 tiene un tacto serio y cre\u00edble que te hace sentir confiado. Sientes que el coche cobra vida bajo tus manos, sin tener que luchar contra el hardware. Aqu\u00ed es donde la base cambia realmente la experiencia: la conducci\u00f3n se siente m\u00e1s natural, m\u00e1s fluida, y te concentras m\u00e1s en la trayectoria que en los l\u00edmites del volante.<\/p>\n<h2>\u00bfA qui\u00e9n va dirigido? Lo que nos gusta, lo que no nos gusta<\/h2>\n<p>El MOZA R5 Bundle est\u00e1 dirigido sobre todo al simracer motivado que quiere dar un verdadero paso adelante respecto a un volante convencional. Principiantes serios de PC, jugadores intermedios que conducen con regularidad, pilotos que quieren su primer Direct Drive sin empezar con un monstruo del par motor: es este p\u00fablico el que le sacar\u00e1 m\u00e1s partido. Para los usuarios de consola, en cambio, el producto pierde inmediatamente su sentido por la falta de compatibilidad nativa.<\/p>\n<p>Entre los puntos fuertes, el primero es la relaci\u00f3n sensaciones\/compacidad. Es un verdadero Direct Drive, f\u00e1cil de leer y preciso, en una base peque\u00f1a y f\u00e1cil de integrar en un montaje casero o en un peque\u00f1o cockpit. El segundo punto positivo es el ecosistema: el R5 puede utilizarse como punto de entrada a otros volantes MOZA, platos y bielas m\u00e1s serios, etc., sin tener que comprarlo todo de nuevo. Por \u00faltimo, la calidad del FFB para la categor\u00eda es realmente interesante: limpio, informativo y \u00fatil para mejorar tu conducci\u00f3n. Puedes sentir por d\u00f3nde van los neum\u00e1ticos, y eso lo cambia todo.<\/p>\n<p>En t\u00e9rminos de limitaciones, la pedalera original es claramente el eslab\u00f3n m\u00e1s d\u00e9bil del paquete. Funciona, pero no explota todo el potencial de un Direct Drive en t\u00e9rminos de sensaci\u00f3n general. Un simracer aficionado al R5 querr\u00e1, tarde o temprano, sustituirlo por un modelo m\u00e1s progresivo, idealmente uno con sensor de presi\u00f3n. Otra limitaci\u00f3n es que la falta de compatibilidad con consolas cierra la puerta a cierto segmento del p\u00fablico, especialmente a aquellos que comparten su configuraci\u00f3n entre PC y consola. Por \u00faltimo, la potencia moderada de la base puede parecer un poco insuficiente para aquellos que sue\u00f1an con un FFB muy potente o que montan un cockpit de acero grande y ultrarr\u00edgido con expectativas de gama muy alta.<\/p>\n<p>En t\u00e9rminos de inversi\u00f3n, el R5 Bundle est\u00e1 bien posicionado. Est\u00e1s pagando por un verdadero salto de calidad en comparaci\u00f3n con la gama b\u00e1sica, con una base que seguir\u00e1 siendo utilizable durante mucho tiempo. El precio tambi\u00e9n incluye la sencillez del pack completo. No es la opci\u00f3n m\u00e1s rentable para alguien que quiera inmediatamente una pedalera de muy alto nivel, pero para una primera configuraci\u00f3n Direct Drive coherente y actualizable, el valor percibido es s\u00f3lido.<\/p>\n<h2>Veredicto: el paquete MOZA R5 en una configuraci\u00f3n de simulaci\u00f3n de carreras<\/h2>\n<p>El MOZA R5 Bundle cambia sobre todo una cosa en una configuraci\u00f3n: la calidad y la finura de la respuesta de fuerza, en comparaci\u00f3n con un volante de correa o de engranaje. Estamos entrando en el mundo del Direct Drive con equipos compactos, utilizables y, en general, bien pensados. Es un verdadero punto de inflexi\u00f3n en la transici\u00f3n de las carreras de simulaci\u00f3n de \"ocio serio\" a algo m\u00e1s preciso e inmersivo.<\/p>\n<p>En el mercado, la sit\u00fao claramente en la gama media de Direct Drive. No al nivel de las bases muy potentes destinadas a las configuraciones profesionales, pero muy por encima de las soluciones cl\u00e1sicas para principiantes. No es un gadget, es una base seria, con un paquete coherente para empezar.<\/p>\n<p>Lo recomendar\u00eda sin dudarlo a un usuario de PC que monte en bicicleta con regularidad, quiera una configuraci\u00f3n limpia, compacta y mejorable, y est\u00e9 preparado para mejorar el juego de bielas a medio plazo. Para un ciclista que ya est\u00e9 equipado con un excelente juego de bielas o que aspire a un cuadro de gama muy alta, tendr\u00e1 que sopesar la potencia de la base con sus objetivos de rendimiento.<\/p>\n<p>Si buscas un primer Direct Drive convincente, compacto y orientado al PC que realmente te ayude a progresar sin arruinarte, este producto podr\u00eda marcar la diferencia en tu configuraci\u00f3n.<\/p>","protected":false},"excerpt":{"rendered":"<p>Este paquete me dio la sensaci\u00f3n de haber dado un giro de 180 grados en cuanto a sensaciones, especialmente en lo que se refiere a la lectura del agarre y la precisi\u00f3n del Force Feedback. Tiene sentido para un simracer de PC motivado, principiante serio o intermedio, que quiera introducirse en Direct Drive con un paquete compacto y mejorable. El valor global es coherente, siempre que consideres actualizar el juego de bielas en el futuro.<\/p>","protected":false},"featured_media":101487,"comment_status":"open","ping_status":"closed","template":"","meta":{"_acf_changed":false,"_et_pb_use_builder":"","_et_pb_old_content":"","_et_gb_content_width":""},"product_brand":[165],"product_cat":[161],"product_tag":[149],"class_list":{"0":"post-101486","1":"product","2":"type-product","3":"status-publish","4":"has-post-thumbnail","6":"product_brand-moza-racing","7":"product_cat-volant","8":"product_tag-pc","10":"first","11":"instock","12":"shipping-taxable","13":"product-type-external"},"acf":[],"_links":{"self":[{"href":"https:\/\/simracergear.com\/es\/wp-json\/wp\/v2\/product\/101486","targetHints":{"allow":["GET"]}}],"collection":[{"href":"https:\/\/simracergear.com\/es\/wp-json\/wp\/v2\/product"}],"about":[{"href":"https:\/\/simracergear.com\/es\/wp-json\/wp\/v2\/types\/product"}],"replies":[{"embeddable":true,"href":"https:\/\/simracergear.com\/es\/wp-json\/wp\/v2\/comments?post=101486"}],"wp:featuredmedia":[{"embeddable":true,"href":"https:\/\/simracergear.com\/es\/wp-json\/wp\/v2\/media\/101487"}],"wp:attachment":[{"href":"https:\/\/simracergear.com\/es\/wp-json\/wp\/v2\/media?parent=101486"}],"wp:term":[{"taxonomy":"product_brand","embeddable":true,"href":"https:\/\/simracergear.com\/es\/wp-json\/wp\/v2\/product_brand?post=101486"},{"taxonomy":"product_cat","embeddable":true,"href":"https:\/\/simracergear.com\/es\/wp-json\/wp\/v2\/product_cat?post=101486"},{"taxonomy":"product_tag","embeddable":true,"href":"https:\/\/simracergear.com\/es\/wp-json\/wp\/v2\/product_tag?post=101486"}],"curies":[{"name":"wp","href":"https:\/\/api.w.org\/{rel}","templated":true}]}}