{"id":101501,"date":"2025-05-15T08:12:00","date_gmt":"2025-05-15T08:12:00","guid":{"rendered":"https:\/\/simracergear.com\/products\/moza-r9-v2-cs-v2p-bundle\/"},"modified":"2025-11-28T05:35:41","modified_gmt":"2025-11-28T05:35:41","slug":"moza-r9-v2-cs-v2p-bundle","status":"publish","type":"product","link":"https:\/\/simracergear.com\/es\/products\/moza-r9-v2-cs-v2p-bundle\/","title":{"rendered":"MOZA R9 V2 &amp; CS V2P Bundle"},"content":{"rendered":"<h2>MOZA R9 V2 &amp; CS V2P Bundle: la opini\u00f3n de un simracer exigente<\/h2>\n<p>En el segmento de las bases Direct Drive \"compactas\", el MOZA R9 V2 se ha establecido como una apuesta segura para cualquiera que quiera tomarse en serio el FFB sin disparar su presupuesto. El bundle con el volante CS V2P es un claro rival para los kits completos de sim racing de gama media, con una promesa sencilla: un volante s\u00f3lido, una base precisa, todo listo para funcionar en tu PC, sin quebraderos de cabeza.<\/p>\n<p>Esta combinaci\u00f3n es tan atractiva porque se sit\u00faa entre dos mundos. Por un lado, los jugadores que acaban de salir de un volante accionado por correa o engranaje y quieren sentir por fin el coche \"en vivo\" en sus manos. Por otro, los simracers ya equipados con un cockpit serio, que buscan una base fiable, compacta y silenciosa, pero que siga siendo asequible en comparaci\u00f3n con los monstruos m\u00e1s potentes.<\/p>\n<p>Mi punto de vista aqu\u00ed es doble: sensaciones y uso real. \u00bfC\u00f3mo se comporta el conjunto en varios circuitos, a diferentes niveles de ataque y, sobre todo, se mantiene el paquete volante + base en t\u00e9rminos de acabado, precisi\u00f3n y confort durante largas sesiones? No se trata de diseccionar cada ficha t\u00e9cnica, sino de evaluar lo que este kit cambia concretamente para un simracer que pilota regularmente, sin entrar en una f\u00e1brica de gas de software.<\/p>\n<h2>Dise\u00f1o y fabricaci\u00f3n: base compacta, volante serio<\/h2>\n<p>La R9 V2 es una de esas bases Direct Drive que inspiran confianza de inmediato. El bloque es compacto, denso, todo de metal, con una impresi\u00f3n de rigidez muy marcada. Cuando se manipula la base para fijarla a la cabina, se percibe de inmediato que no se trata de un juguete: es pesada, r\u00edgida, y las tolerancias de montaje parecen ajustadas. Nada se mueve, nada suena a hueco.<\/p>\n<p>El volante CS V2P sigue la misma filosof\u00eda. Estructura met\u00e1lica, placa frontal de aleaci\u00f3n, empu\u00f1aduras de imitaci\u00f3n o alc\u00e1ntara seg\u00fan la versi\u00f3n, botones bien integrados, palanca met\u00e1lica: se trata de un producto que da sensaci\u00f3n de seriedad en cuanto se coge. El di\u00e1metro y el grosor del aro se adaptan c\u00f3modamente a los dedos, con un buen equilibrio entre comodidad y precisi\u00f3n. R\u00e1pidamente te sientes a gusto, incluso en sesiones prolongadas. Enseguida queda claro que no es un volante de juego m\u00e1s.<\/p>\n<p>Lo que sorprende es la calidad percibida para este nivel de precio. Las palas encajan limpiamente, el cierre r\u00e1pido estilo motorsport es firme y tranquilizador, y la base no muestra ninguna flexi\u00f3n perceptible una vez que est\u00e1 bien sujeta al cockpit. En comparaci\u00f3n con algunos kits de gama b\u00e1sica\/media que todav\u00eda utilizan correas, la sensaci\u00f3n de bloque monol\u00edtico es claramente mejor, sin vibraciones par\u00e1sitas.<\/p>\n<p>En el lado decepcionante, hay algunos detalles. Los materiales de las empu\u00f1aduras est\u00e1n por debajo de los de los volantes de gama muy alta, y puede que algunos no aprecien el tacto ligeramente \"industrial\" de algunos mandos y botones. No es nada del otro mundo, pero est\u00e1 claro que no estamos en el segmento ultra-premium. El dise\u00f1o negro, muy anguloso, puede gustar o no, pero al menos tiene el m\u00e9rito de ser coherente con el resto del ecosistema MOZA.<\/p>\n<h2>Ajustes, personalizaci\u00f3n y compatibilidad<\/h2>\n<p>Uno de los puntos fuertes del R9 V2 es el software MOZA Pit House. La interfaz es f\u00e1cil de leer, con pesta\u00f1as claras para los ajustes FFB, perfiles de juego y configuraci\u00f3n de botones. Hay preajustes para los principales t\u00edtulos de simulaci\u00f3n de carreras, as\u00ed que puedes empezar con buen pie sin pasarte toda la tarde en ello. Si vienes de un ecosistema de la competencia, te adaptar\u00e1s bastante r\u00e1pido.<\/p>\n<p>Lo realmente \u00fatil son los ajustes de fuerza general, filtro, amortiguaci\u00f3n, fricci\u00f3n e inercia. Puedes pasar de una sensaci\u00f3n muy cruda, bastante directa, a algo m\u00e1s filtrado, m\u00e1s f\u00e1cil de vivir para un uso casual. La curva de aprendizaje es razonable: los preajustes funcionan bien para el 80 % de los casos, luego vas afinando poco a poco seg\u00fan los juegos y tus gustos personales. No te ahogas en docenas de par\u00e1metros oscuros, pero hay suficiente profundidad para los simracers m\u00e1s mani\u00e1ticos.<\/p>\n<p>El paquete est\u00e1 claramente orientado al PC. En este sentido, la compatibilidad es amplia con los t\u00edtulos serios del mercado. En el caso de las consolas, hay que comprobar bien el ecosistema: la base por s\u00ed sola no hace que la configuraci\u00f3n sea compatible por arte de magia, lo que cuenta es toda la cadena (base, volante, cualquier hub espec\u00edfico). El R9 V2 est\u00e1 dise\u00f1ado principalmente como una plataforma escalable para PC, alrededor de la cual puedes a\u00f1adir otros volantes, palancas de cambio y pedales MOZA.<\/p>\n<p>En cuanto al ecosistema, MOZA dispone ahora de un cat\u00e1logo bastante amplio: ruedas GT, ruedas F1, ruedas ovaladas, bielas, frenos loadcell y mucho m\u00e1s. El cierre r\u00e1pido hace que los cambios de rueda sean r\u00e1pidos, lo que te anima a adaptar tu rueda al tipo de carrera. La ventaja de la R9 V2 es que puede utilizarse como punto de partida duradero: la potencia es suficiente para la mayor\u00eda de los usuarios, la base sigue siendo compacta y la actualizaci\u00f3n se realiza principalmente a trav\u00e9s del volante, los pedales y el cockpit, en lugar de a trav\u00e9s de una nueva base m\u00e1s grande.<\/p>\n<h2>Sensaciones en juego: el coraz\u00f3n del fardo<\/h2>\n<p>Donde la MOZA R9 V2 realmente destaca es en la pista. La potencia disponible es m\u00e1s que suficiente para un uso serio, incluso con un habit\u00e1culo r\u00edgido. No es un monstruo ingobernable, pero hay un margen de par que te permite sentir claramente el comportamiento del coche sin tener que empujar el FFB al m\u00e1ximo todo el tiempo. Se nota el cambio a la tecnolog\u00eda Direct Drive en comparaci\u00f3n con una base accionada por correa: la respuesta es m\u00e1s directa, m\u00e1s limpia, sin elasticidad.<\/p>\n<p>En las curvas, la precisi\u00f3n del Force Feedback es realmente agradable. La direcci\u00f3n se carga gradualmente al entrar en la curva y luego se descarga en el momento justo en el l\u00edmite de agarre. Puedes leer el agarre sin tener que adivinarlo. En las transiciones r\u00e1pidas, los golpes de direcci\u00f3n son bruscos, pero no agresivos, siempre que los ajustes est\u00e9n bien calibrados. Entiendes inmediatamente lo que est\u00e1 haciendo el coche, y eso tiene un valor incalculable cuando se trata de trabajar en tus puntos acordes y en la consistencia.<\/p>\n<p>La lectura del agarre es precisamente donde el b\u00f3lido destaca sobre una base menos potente. Las peque\u00f1as p\u00e9rdidas de agarre, los inicios del sobreviraje y los cambios de superficie son claramente visibles en las manos. Puedes sentir el microdeslizamiento antes de la gran p\u00e9rdida, lo que te da tiempo para corregir. En los vibradores, la respuesta es clara y f\u00e1cil de leer: los vibradores grandes y agresivos hacen reaccionar claramente la base, pero sin llegar a ser dolorosos, mientras que los vibradores m\u00e1s bajos producen una vibraci\u00f3n m\u00e1s fina y r\u00e1pida. Puedes distinguir los distintos tipos de filo en lugar de un simple \"bzz\" uniforme.<\/p>\n<p>Durante largas sesiones, el R9 V2 se mantiene constante. Ninguna deriva extra\u00f1a en el FFB, ninguna variaci\u00f3n perceptible de la fuerza una vez que la base se ha calentado. El combo base + volante de inercia ofrece un buen confort f\u00edsico: el di\u00e1metro del CS V2P ayuda a distribuir el esfuerzo en los brazos, y es f\u00e1cil encontrar el agarre adecuado para limitar la fatiga. En resistencia, este es un punto importante: un FFB musculoso pero limpio es mucho menos agotador que un retorno de fuerza demasiado filtrado pero incoherente.<\/p>\n<p>En correcciones r\u00e1pidas, la base se muestra viva sin ser incontrolable. Los tortazos del tanque y otros resbalones se recuperan con buena capacidad de respuesta, siempre que los ajustes de fricci\u00f3n y amortiguaci\u00f3n se adapten a tu estilo. En comparaci\u00f3n con bases m\u00e1s potentes, se pierde un poco de la brutalidad pura y la sensaci\u00f3n de tener un enorme volante de carreras unido al chasis. En cambio, se gana en facilidad de uso y control, sobre todo para los que no tienen un habit\u00e1culo de hormig\u00f3n armado.<\/p>\n<p>En comparaci\u00f3n con una base menos potente o accionada por correa, la diferencia est\u00e1 en la finura y limpieza de la se\u00f1al. Desaparecen las oscilaciones par\u00e1sitas, la latencia es menor y cada dato es m\u00e1s claro. Frente a una base m\u00e1s potente, est\u00e1 claro que el R9 V2 ya cumple muchos de los requisitos de la mayor\u00eda de los simuladores. No trata de impresionar con la fuerza bruta, sino con la consistencia y precisi\u00f3n de la respuesta. Ah\u00ed es donde la base cambia realmente la experiencia.<\/p>\n<h2>\u00bfA qui\u00e9n va dirigido? Lo que nos gusta, lo que no nos gusta<\/h2>\n<p>Este paquete MOZA R9 V2 &amp; CS V2P se dirige a tres perfiles principales. El principiante motivado que quiere invertir directamente en una configuraci\u00f3n duradera sin optar por una rueda de nivel b\u00e1sico. El rider intermedio que monta regularmente y quiere cambiar a Direct Drive sin pasarse con bases de alta potencia. Los jugadores experimentados que buscan una base secundaria compacta, o una configuraci\u00f3n m\u00e1s razonable en cuanto a potencia pero seria en cuanto a sensaciones, especialmente en un PC.<\/p>\n<p>En cuanto a los puntos fuertes, el primero es la relaci\u00f3n precio\/sensaci\u00f3n. Consigues un FFB limpio, preciso y silencioso, con un volante que no parece barato, por una inversi\u00f3n que sigue siendo asumible para un Direct Drive. La segunda es la consistencia del conjunto: base compacta, volante vers\u00e1til, cierre r\u00e1pido pr\u00e1ctico, software claro en general. Lo conectas, haces algunos ajustes y ya tienes algo bastante decente. La tercera es su capacidad de actualizaci\u00f3n: el ecosistema MOZA es lo suficientemente amplio como para permitirte ampliar tu configuraci\u00f3n sin tener que cambiarlo todo.<\/p>\n<p>Hay l\u00edmites, y hay que tenerlos en cuenta. El primero es la potencia limitada en relaci\u00f3n con las bases muy grandes: si conduces en un habit\u00e1culo tubular ultrarr\u00edgido y quieres un FFB violento, como un GT3 realista con par m\u00e1ximo, encontrar\u00e1s algo m\u00e1s potente en otra parte. La segunda es la dependencia del PC: para un jugador esencialmente de consola, este paquete no es el m\u00e1s sencillo ni el m\u00e1s obvio en t\u00e9rminos de compatibilidad general. El tercero es el propio volante: muy decente, pero algunos conductores exigentes en cuanto a materiales, acabados premium o funciones ultraavanzadas pueden acabar sustituy\u00e9ndolo por un modelo superior de la gama.<\/p>\n<p>En t\u00e9rminos de inversi\u00f3n, este paquete es una apuesta segura en la gama media de Direct Drive. No es la opci\u00f3n m\u00e1s barata para empezar, pero es un kit que tiene sentido si ves las carreras de simulaci\u00f3n como una afici\u00f3n a medio\/largo plazo. En lugar de comprar un volante b\u00e1sico y luego sustituirlo todo, este combo ofrece una base s\u00f3lida desde el principio, con un volante que puede permanecer en la configuraci\u00f3n durante mucho tiempo, incluso si luego subes de gama en otros componentes como el plato o los accesorios.<\/p>\n<h2>Veredicto: un pivote s\u00f3lido para una configuraci\u00f3n de PC seria<\/h2>\n<p>El MOZA R9 V2 &amp; CS V2P Bundle aporta algo muy tangible a una configuraci\u00f3n de sim racing: un cambio real a la precisi\u00f3n del Direct Drive, en un formato compacto, sin disparar el presupuesto ni la complejidad. El resultado es una mejora en la lectura del agarre, la consistencia del FFB y la comodidad de conducci\u00f3n, especialmente para aquellos con bases de correas o engranajes. El volante CS V2P, aunque no es de ultralujo, hace un buen trabajo apoyando la base y permiti\u00e9ndote explotar realmente las capacidades del R9.<\/p>\n<p>En el mercado, este paquete se sit\u00faa claramente en la s\u00f3lida gama media. M\u00e1s serio y m\u00e1s inmersivo que los packs de gama b\u00e1sica, menos extremo y menos caro que las bases de gama alta con par masivo. Es un punto de giro interesante para construir o renovar una configuraci\u00f3n de PC en torno a un ecosistema coherente.<\/p>\n<p>Lo recomendar\u00eda a los que quieran llevar sus sensaciones al siguiente nivel sin pasarse, y a los que busquen un combo listo para usar pero que pueda actualizarse. Para los usuarios de consolas, o para los entusiastas que buscan la m\u00e1xima potencia de inmediato, hay soluciones m\u00e1s adecuadas, pero son m\u00e1s caras y m\u00e1s exigentes.<\/p>\n<p>Si buscas una base Direct Drive compacta, precisa y bien construida, con un volante vers\u00e1til y un verdadero potencial de evoluci\u00f3n en el PC, este producto puede marcar claramente la diferencia en tu configuraci\u00f3n.<\/p>","protected":false},"excerpt":{"rendered":"<p>Este paquete me ha dado la sensaci\u00f3n de haber dado un giro de 180 grados en cuanto a precisi\u00f3n y lectura del agarre, sin pasarse ni volverse demasiado complejo. Est\u00e1 dirigido principalmente a los simracers de PC que quieren una configuraci\u00f3n seria y duradera, desde principiantes motivados hasta jugadores experimentados que buscan un combo compacto y coherente. Por su precio, el equilibrio entre sensaci\u00f3n y capacidad de actualizaci\u00f3n es muy convincente.<\/p>","protected":false},"featured_media":101502,"comment_status":"open","ping_status":"closed","template":"","meta":{"_acf_changed":false,"_et_pb_use_builder":"","_et_pb_old_content":"","_et_gb_content_width":""},"product_brand":[165],"product_cat":[161],"product_tag":[149],"class_list":{"0":"post-101501","1":"product","2":"type-product","3":"status-publish","4":"has-post-thumbnail","6":"product_brand-moza-racing","7":"product_cat-volant","8":"product_tag-pc","10":"first","11":"instock","12":"shipping-taxable","13":"product-type-external"},"acf":[],"_links":{"self":[{"href":"https:\/\/simracergear.com\/es\/wp-json\/wp\/v2\/product\/101501","targetHints":{"allow":["GET"]}}],"collection":[{"href":"https:\/\/simracergear.com\/es\/wp-json\/wp\/v2\/product"}],"about":[{"href":"https:\/\/simracergear.com\/es\/wp-json\/wp\/v2\/types\/product"}],"replies":[{"embeddable":true,"href":"https:\/\/simracergear.com\/es\/wp-json\/wp\/v2\/comments?post=101501"}],"wp:featuredmedia":[{"embeddable":true,"href":"https:\/\/simracergear.com\/es\/wp-json\/wp\/v2\/media\/101502"}],"wp:attachment":[{"href":"https:\/\/simracergear.com\/es\/wp-json\/wp\/v2\/media?parent=101501"}],"wp:term":[{"taxonomy":"product_brand","embeddable":true,"href":"https:\/\/simracergear.com\/es\/wp-json\/wp\/v2\/product_brand?post=101501"},{"taxonomy":"product_cat","embeddable":true,"href":"https:\/\/simracergear.com\/es\/wp-json\/wp\/v2\/product_cat?post=101501"},{"taxonomy":"product_tag","embeddable":true,"href":"https:\/\/simracergear.com\/es\/wp-json\/wp\/v2\/product_tag?post=101501"}],"curies":[{"name":"wp","href":"https:\/\/api.w.org\/{rel}","templated":true}]}}