{"id":101511,"date":"2025-05-15T08:12:00","date_gmt":"2025-05-15T08:12:00","guid":{"rendered":"https:\/\/simracergear.com\/products\/moza-r9-v2-ks-steering-wheel-bundle\/"},"modified":"2025-11-28T04:38:53","modified_gmt":"2025-11-28T04:38:53","slug":"moza-r9-v2-ks-steering-wheel-bundle","status":"publish","type":"product","link":"https:\/\/simracergear.com\/es\/products\/moza-r9-v2-ks-steering-wheel-bundle\/","title":{"rendered":"MOZA R9 V2 &amp; KS Wheel Bundle"},"content":{"rendered":"<p>En el segmento de los chasis Direct Drive \"compactos\", el paquete MOZA R9 V2 + Volante KS se posiciona claramente como una ambiciosa soluci\u00f3n de gama media. Ya no es un modelo b\u00e1sico, pero tampoco es uno de esos monstruos del par motor reservados a los fan\u00e1ticos de los prototipos LMP. Su objetivo es alcanzar ese codiciado punto de equilibrio: potencia y delicadeza suficientes para ser cre\u00edble en simulaciones serias, sin llegar a ser intimidante o inmanejable para un jugador que asciende de categor\u00eda.<\/p>\n<p>Por encima de todo, este combo promete tres cosas: un Force Feedback limpio y detallado, un volante moderno bien equipado para GT y carreras de simulaci\u00f3n \"generalistas\", y un ecosistema en evoluci\u00f3n. Lo que lo hace atractivo es la impresi\u00f3n de un paquete coherente: lo conectas, lo ajustas un poco y ya tienes una configuraci\u00f3n muy s\u00f3lida para iRacing, ACC, rFactor 2 o incluso juegos m\u00e1s convencionales.<\/p>\n<p>Mi punto de vista aqu\u00ed es simple: \u00bfcu\u00e1nto cambia realmente la sensaci\u00f3n de conducci\u00f3n de este R9 V2 + KS en comparaci\u00f3n con una base accionada por correa o un peque\u00f1o Direct Drive b\u00e1sico? \u00bfY se mantiene este paquete a lo largo del tiempo, en t\u00e9rminos de comodidad, precisi\u00f3n y versatilidad, o se corre el riesgo de sentirlo limitado demasiado r\u00e1pido?<\/p>\n<h2>Dise\u00f1o y fabricaci\u00f3n<\/h2>\n<p>La base del R9 V2 da inmediatamente la impresi\u00f3n de un bloque compacto y denso. El chasis met\u00e1lico rezuma rigidez, con un acabado limpio y sin bordes \u00e1speros ni piezas m\u00f3viles. En la mano, es pesado y compacto, y se nota claramente que no es un juguete. En un puesto de pilotaje debidamente endurecido, no se inmuta, ni siquiera cuando se ve obligado a hacer correcciones r\u00e1pidas.<\/p>\n<p>El volante KS es muy de sim racer moderno. Tiene forma de GT, m\u00e1s cercana a un volante de coche de carreras que a uno redondo cl\u00e1sico. La construcci\u00f3n inspira confianza: estructura met\u00e1lica, parcialmente recubierta de alc\u00e1ntara\/simili o de un material sint\u00e9tico bien elegido, botones firmes, codificadores que hacen clic limpiamente. Al cogerlo, la densidad es buena, ni demasiado ligero ni demasiado pesado. Realmente tienes la sensaci\u00f3n de que est\u00e1s sosteniendo una verdadera herramienta de pilotaje, no un gadget.<\/p>\n<p>Lo que me sorprendi\u00f3 fue el nivel general de acabado para este segmento de precio. Las marcas son limpias, las palas son f\u00e1ciles de tocar, el enlace QR es limpio y todo desprende solidez. Hay muy poco juego par\u00e1sito, y ning\u00fan chirrido preocupante, incluso cuando se ataca con fuerza.<\/p>\n<p>Lo que puede ser un poco decepcionante es el hecho de que no es tan \"lujoso\" como algunos de los volantes de gama m\u00e1s alta: algunos de los pl\u00e1sticos est\u00e1n todav\u00eda un escal\u00f3n por debajo de las referencias verdaderamente premium, y la sensaci\u00f3n bajo los dedos no tiene el factor \"wow\" de un volante que cuesta varios cientos de euros m\u00e1s. En lo que a m\u00ed respecta, lo situar\u00eda muy por encima de los volantes b\u00e1sicos de las grandes marcas hist\u00f3ricas, pero ligeramente por debajo de los productos artesanales o totalmente de metal y cuero de gama muy alta.<\/p>\n<h2>Ajustes, personalizaci\u00f3n y compatibilidad<\/h2>\n<p>MOZA se basa en un paquete de software interno bastante bien pensado. La interfaz es f\u00e1cil de leer, con fichas claras para la base, el volante, los botones y las curvas de fuerza. Hay preajustes para los juegos principales, as\u00ed que puedes empezar r\u00e1pidamente con algo coherente y luego ajustarlo seg\u00fan c\u00f3mo te sientas. Para alguien que viene de una base con correa, la curva de aprendizaje sigue siendo razonable: unas pocas sesiones bastan para entender qu\u00e9 deslizadores tienen un impacto real en el comportamiento del FFB.<\/p>\n<p>Los ajustes realmente \u00fatiles est\u00e1n ah\u00ed: intensidad general, filtrado, amortiguaci\u00f3n, fricci\u00f3n, fuerza m\u00ednima, gesti\u00f3n de los efectos de la carretera. Puedes hacer que la base sea muy viva y extremadamente reactiva, o por el contrario, suavizar un poco los picos para algo m\u00e1s suave y progresivo. Aqu\u00ed es donde la R9 V2 muestra su versatilidad: acepta un manejo un poco brusco en lo que se refiere a los ajustes, sin volverse incoherente o desagradable.<\/p>\n<p>En cuanto a la compatibilidad, este paquete est\u00e1 claramente orientado al PC. Algunos entornos de consola son posibles a trav\u00e9s de soluciones indirectas o productos espec\u00edficos, pero este bundle tiene todo el sentido en un PC con sims serios. Si te manejas principalmente en consolas, tienes que comprobar tu ecosistema antes de invertir, porque no es el terreno de juego m\u00e1s natural para este combo.<\/p>\n<p>En cuanto al ecosistema, MOZA dispone ahora de una gama completa, que incluye otros volantes, pedales, palancas de cambio, frenos de mano, salpicaderos y mucho m\u00e1s. El R9 V2 encaja bien en todo esto. Se nota que se ha dise\u00f1ado como una base central que puedes mantener a medida que vas subiendo de gama con los perif\u00e9ricos. En lo que a m\u00ed respecta, es un excelente punto de entrada en el ecosistema MOZA, pero no s\u00f3lo un punto de \"entrada\": es una base que puede seguir f\u00e1cilmente a un piloto de simulaci\u00f3n intermedio o avanzado durante mucho tiempo sin caer en el olvido.<\/p>\n<h2>Sensaciones en juego<\/h2>\n<p>Una vez en la pista, lo primero que notas es lo limpia que es la respuesta de fuerza. El motor Direct Drive del R9 V2 no est\u00e1 en la categor\u00eda de las bases monstruosas, pero proporciona la fuerza suficiente para ser f\u00edsico cuando lo deseas, a la vez que sigue siendo utilizable durante mucho tiempo sin fatiga excesiva. Estamos en ese punto dulce donde la potencia no se interpone en el camino de la comodidad.<\/p>\n<p>La precisi\u00f3n del FFB es realmente satisfactoria. Las microvariaciones del volante, especialmente en circuitos bien trazados, son claramente visibles: cambios de superficie, peque\u00f1os baches, ligeras transferencias de carga. En comparaci\u00f3n con un sistema accionado por correa, se trata de una experiencia mucho m\u00e1s directa y clara. Entiendes inmediatamente lo que est\u00e1 haciendo el coche.<\/p>\n<p>El paso por curva es progresivo. En la entrada, puedes sentir el peso de la carga delantera, y luego el punto en el que el agarre empieza a deteriorarse. La base no s\u00f3lo tira fuerte, sino que \"habla\": el aumento de la resistencia, las ligeras vibraciones del neum\u00e1tico en el punto de deslizamiento, las correcciones para mantener el punto de cuerda, todo es legible. Donde creo que el R9 V2 se defiende es en esa zona gris entre el agarre y la aparici\u00f3n del subviraje o el sobreviraje. Ese momento cr\u00edtico en el que tienes que decidir si te atreves o no a pisar el acelerador.<\/p>\n<p>Las lecturas de agarre son precisas, especialmente en simulaciones exigentes. Puedes sentir claramente cuando el eje trasero empieza a perder peso, cuando el coche flota ligeramente en los frenos o cuando el neum\u00e1tico se cala porque has sido demasiado avaricioso con el acelerador. No est\u00e1 al nivel de un ultrarr\u00e1pido b\u00e1sico llevado al l\u00edmite con reglajes muy agresivos, pero para una conducci\u00f3n seria, es m\u00e1s que suficiente para ser consistente y confiado.<\/p>\n<p>En cuanto a los vibradores, el R9 V2 + KS hace un buen trabajo. Puedes sentir la estructura del vibrador, no s\u00f3lo un 'bzz' gen\u00e9rico. Los vibradores planos y largos se distinguen de los vibradores m\u00e1s agresivos y picados. Puedes leer literalmente a trav\u00e9s del volante si est\u00e1s mordiendo limpiamente o si vas demasiado alto, lo que en las carreras ayuda mucho a mantener la consistencia sin romper la trayectoria.<\/p>\n<p>En las correcciones r\u00e1pidas, el combo se muestra vivaz. Cuando la trasera se cala, la base reacciona sin latencia perceptible, y el volante sigue inmediatamente los movimientos del coche. Puedes trabajar realmente en el contravolante, peque\u00f1as correcciones de trazada y correcciones sobre baches. Ah\u00ed es donde est\u00e1 la diferencia con una base menos potente o m\u00e1s filtrada: ya no reaccionas, te anticipas. El coche se mueve, el volante habla, t\u00fa corriges. Sencillo, directo, eficaz.<\/p>\n<p>En sesiones largas, la consistencia es buena. El motor no se calienta tanto como para alterar el tacto, y el par motor se mantiene estable. La fatiga proviene m\u00e1s de los m\u00fasculos que del equipo, lo que es una buena se\u00f1al. Con unos reglajes razonables, puedes encadenar tandas completas sin tener la sensaci\u00f3n de estar luchando contra la base, a la vez que conservas la rica retroalimentaci\u00f3n que te ayuda a mantener la concentraci\u00f3n.<\/p>\n<p>Comparado con un modelo base menos potente, el coche es claramente m\u00e1s preciso, m\u00e1s din\u00e1mico y m\u00e1s f\u00e1cil de leer. Comparado con un modelo base mucho m\u00e1s potente, obviamente pierdes en t\u00e9rminos de pura brutalidad y margen de par m\u00e1ximo, pero ganas en t\u00e9rminos de facilidad de manejo. La R9 V2 no intenta arrancarte los brazos. Intenta que entiendas lo que pasa bajo los neum\u00e1ticos. Para muchos pilotos de simulaci\u00f3n, eso es exactamente lo que se necesita.<\/p>\n<h2>\u00bfA qui\u00e9n va dirigido? Lo que nos gusta \/ Lo que no nos gusta<\/h2>\n<p>Este paquete MOZA R9 V2 + KS est\u00e1 claramente dirigido a corredores de sim motivados que quieren dar un paso serio hacia adelante sin pasarse. Un principiante que sabe que va a invertir en sim racing, un jugador intermedio que ha estado conduciendo con una base de transmisi\u00f3n por correa y quiere probar por fin el Direct Drive, o un piloto experimentado que quiere una configuraci\u00f3n coherente, compacta y moderna para GT, monoplazas y carreras de resistencia encontrar\u00e1n aqu\u00ed un compromiso muy bueno. En el lado de la consola, es menos natural; para un jugador de consola puro, a menudo tendr\u00e1n m\u00e1s sentido otras soluciones m\u00e1s directamente compatibles.<\/p>\n<p>Lo que me gusta especialmente es el equilibrio general del conjunto. La base tiene par suficiente para hacer cre\u00edbles las sensaciones, el volante KS se adapta perfectamente a las disciplinas m\u00e1s populares (GT3, GT4, monoplazas modernos, incluso rallyes modernos en vista asf\u00e1ltica), y el software permite afinar sin perderse. La relaci\u00f3n sensaciones \/ tama\u00f1o \/ precio est\u00e1 bien posicionada. Tienes la sensaci\u00f3n de dar un verdadero salto cualitativo respecto a una configuraci\u00f3n m\u00e1s sencilla, sin tener que reaprenderlo todo ni sobredimensionar el habit\u00e1culo.<\/p>\n<p>En cuanto a los l\u00edmites, tenemos que ser claros. La potencia del R9 V2, aunque es m\u00e1s que suficiente para la mayor\u00eda de los jugadores, no satisfar\u00e1 a los que quieran conducir con un par motor extremo y efectos ultrabrutos. El volante KS, muy orientado a GT, no ser\u00e1 la elecci\u00f3n ideal para los puristas del rally o el drift, que quiz\u00e1 prefieran un volante redondo m\u00e1s tradicional. Y la orientaci\u00f3n PC-first, a pesar de algunas soluciones, reduce el inter\u00e9s para los jugadores que s\u00f3lo conducen en consolas.<\/p>\n<p>En t\u00e9rminos de inversi\u00f3n, no es un producto insignificante, pero sigue siendo competitivo para lo que ofrece. El valor percibido es bueno: tienes la sensaci\u00f3n de que est\u00e1s comprando una base que vas a conservar durante varios a\u00f1os, con un volante vers\u00e1til y un ecosistema que deja espacio para desarrollar el resto de la configuraci\u00f3n (pedales, palanca de cambios, un segundo volante con m\u00e1s car\u00e1cter, etc.). Para alguien que ve las carreras de simulaci\u00f3n como un verdadero hobby, este paquete tiene sentido.<\/p>\n<h2>Veredicto<\/h2>\n<p>El paquete MOZA R9 V2 + Volante KS cambia sobre todo una cosa: traslada una configuraci\u00f3n \"bonita\" a la categor\u00eda de las configuraciones serias, capaces de un uso regular, exigente y orientado a la progresi\u00f3n. Hemos dejado atr\u00e1s el mundo de compromisos t\u00edpico de las bases accionadas por correa y hemos entrado en un Direct Drive limpio, n\u00edtido y preciso, sin la violencia a veces innecesaria de los modelos grandes y ultrapotentes.<\/p>\n<p>En el mercado, este combo es claramente un producto s\u00f3lido de gama media, con un tacto y un acabado de primera calidad. No es ni un producto de descubrimiento, ni un delirio de los ultraentusiastas dispuestos a todo por unos porcentajes extra de realismo. Es un punto de giro: una base que puedes elegir como el coraz\u00f3n de tu configuraci\u00f3n para los pr\u00f3ximos a\u00f1os, y desarrollar el resto a su alrededor.<\/p>\n<p>Yo lo recomendar\u00eda a aquellos que conducen principalmente en PC, que hacen carreras de simulaci\u00f3n de forma regular y que quieren un hardware consistente, moderno y actualizable. Para los jugadores ocasionales de consola o los fan\u00e1ticos de la potencia bruta, puede que no sea la mejor opci\u00f3n.<\/p>\n<p>Si buscas un Direct Drive compacto, preciso, f\u00e1cil de manejar y capaz de mejorar claramente tus sensaciones y confianza en la pista, este producto podr\u00eda marcar la diferencia en tu configuraci\u00f3n.<\/p>","protected":false},"excerpt":{"rendered":"<p>Este paquete realmente da la impresi\u00f3n de estar actualiz\u00e1ndose a una configuraci\u00f3n de sim racing \"seria\": la sensaci\u00f3n es limpia, legible y lo suficientemente f\u00edsica sin llegar a ser cansina o intimidatoria. Tiene sentido para los corredores de simulaci\u00f3n de PC habituales que vienen de una base accionada por correa o un Direct Drive peque\u00f1o y quieren un paquete coherente, actualizable y duradero, sin pasarse.<\/p>","protected":false},"featured_media":101512,"comment_status":"open","ping_status":"closed","template":"","meta":{"_acf_changed":false,"_et_pb_use_builder":"","_et_pb_old_content":"","_et_gb_content_width":""},"product_brand":[165],"product_cat":[161],"product_tag":[149],"class_list":{"0":"post-101511","1":"product","2":"type-product","3":"status-publish","4":"has-post-thumbnail","6":"product_brand-moza-racing","7":"product_cat-volant","8":"product_tag-pc","10":"first","11":"instock","12":"shipping-taxable","13":"product-type-external"},"acf":[],"_links":{"self":[{"href":"https:\/\/simracergear.com\/es\/wp-json\/wp\/v2\/product\/101511","targetHints":{"allow":["GET"]}}],"collection":[{"href":"https:\/\/simracergear.com\/es\/wp-json\/wp\/v2\/product"}],"about":[{"href":"https:\/\/simracergear.com\/es\/wp-json\/wp\/v2\/types\/product"}],"replies":[{"embeddable":true,"href":"https:\/\/simracergear.com\/es\/wp-json\/wp\/v2\/comments?post=101511"}],"wp:featuredmedia":[{"embeddable":true,"href":"https:\/\/simracergear.com\/es\/wp-json\/wp\/v2\/media\/101512"}],"wp:attachment":[{"href":"https:\/\/simracergear.com\/es\/wp-json\/wp\/v2\/media?parent=101511"}],"wp:term":[{"taxonomy":"product_brand","embeddable":true,"href":"https:\/\/simracergear.com\/es\/wp-json\/wp\/v2\/product_brand?post=101511"},{"taxonomy":"product_cat","embeddable":true,"href":"https:\/\/simracergear.com\/es\/wp-json\/wp\/v2\/product_cat?post=101511"},{"taxonomy":"product_tag","embeddable":true,"href":"https:\/\/simracergear.com\/es\/wp-json\/wp\/v2\/product_tag?post=101511"}],"curies":[{"name":"wp","href":"https:\/\/api.w.org\/{rel}","templated":true}]}}