{"id":101515,"date":"2025-05-15T08:12:00","date_gmt":"2025-05-15T08:12:00","guid":{"rendered":"https:\/\/simracergear.com\/products\/moza-r9-v2-rs-v2-bundle\/"},"modified":"2025-11-28T04:39:02","modified_gmt":"2025-11-28T04:39:02","slug":"moza-r9-v2-rs-v2-bundle","status":"publish","type":"product","link":"https:\/\/simracergear.com\/es\/products\/moza-r9-v2-rs-v2-bundle\/","title":{"rendered":"MOZA R9 V2 &amp; RS V2 Bundle"},"content":{"rendered":"<h2>MOZA R9 V2 &amp; RS V2 Bundle: un serio punto de entrada en Direct Drive<\/h2>\n<p>El paquete MOZA R9 V2 &amp; RS V2 est\u00e1 claramente dirigido al coraz\u00f3n del mercado de simulaci\u00f3n de carreras para PC: aquellos que quieren pasarse al Direct Drive sin pasarse con el par motor ni salirse del presupuesto. Hablamos de una base de 9 Nm, con un volante de buen di\u00e1metro tipo GT, orientado m\u00e1s a la versatilidad que a las carreras monoplaza hardcore.<\/p>\n<p>Por encima de todo, este combo promete tres cosas: una respuesta de fuerza limpia y precisa, un paquete compacto que no requiere una cabina de acero naval y un ecosistema coherente para futuros desarrollos. Es atractivo porque se sit\u00faa justo entre los antiguos conjuntos accionados por correa y los grandes Direct Drive, muy exigentes en t\u00e9rminos de rigidez.<\/p>\n<p>Por mi parte, lo estoy enfocando desde un \u00e1ngulo simple: \u00bfcambia realmente este paquete la forma de volar en comparaci\u00f3n con un modelo b\u00e1sico, y est\u00e1 a la altura de los dem\u00e1s DD de gama media del mercado? Me fijo en la calidad percibida, la finura del FFB, la comodidad durante las sesiones largas, pero tambi\u00e9n en la facilidad de instalaci\u00f3n y ajuste.<\/p>\n<p>Se trata de un producto dise\u00f1ado para un uso frecuente y a larga distancia, sin el quebradero de cabeza que supone lanzar cada partida. La promesa es clara: un Direct Drive compacto y serio que sigue siendo utilizable y agradable en el d\u00eda a d\u00eda. Queda por ver si las sensaciones est\u00e1n realmente a la altura de las especificaciones t\u00e9cnicas.<\/p>\n<h2>Dise\u00f1o y fabricaci\u00f3n: compacto, limpio y tranquilizador.<\/h2>\n<p>En la mano, la base R9 V2 da una impresi\u00f3n inmediata de solidez. El chasis met\u00e1lico inspira confianza, con un acabado limpio y sin adornos. Es compacto y denso, y se puede sentir el motor en su interior, sin ning\u00fan ahuecamiento ni sonido \"barato\" al manejarlo. Para una configuraci\u00f3n de sobremesa o una cabina ligera, esta compacidad es claramente una gran ventaja.<\/p>\n<p>El volante RS V2 juega la carta GT vers\u00e1til. La corona est\u00e1 bien dimensionada, ni demasiado fina ni demasiado gruesa, con un agarre que se siente bien en la mano. La carcasa es una mezcla de metal y materiales sint\u00e9ticos, con la impresi\u00f3n general de un producto bien ensamblado. Los botones se sienten bien bajo los dedos, y las paletas son limpias y lo bastante firmes para dar un clic claro sin ser demasiado ruidosas.<\/p>\n<p>Lo que sorprende es la rigidez de la interfaz entre la base y el volante. El QR (sistema de cierre r\u00e1pido) se bloquea bien, sin juego perceptible en condiciones normales de conducci\u00f3n. En este punto, estamos muy cerca de lo que ofrecen otras marcas bien establecidas en esta gama.<\/p>\n<p>Donde resulta un poco decepcionante es en ciertos detalles del acabado visual del volante. No estamos al nivel de un volante premium de gama muy alta en cuanto a materiales o refinamiento del recubrimiento. Nada preocupante en el uso, pero los m\u00e1s quisquillosos notar\u00e1n la diferencia.<\/p>\n<p>En comparaci\u00f3n con una unidad b\u00e1sica accionada por engranajes o correa, la calidad percibida de la R9 V2 es claramente mejor: parece m\u00e1s una \"herramienta de conducci\u00f3n\" que un juguete mejorado. En comparaci\u00f3n con las bases Direct Drive m\u00e1s caras, la R9 V2 se mantiene a la altura en t\u00e9rminos de construcci\u00f3n, al tiempo que resulta m\u00e1s compacta y f\u00e1cil de encajar en un espacio reducido.<\/p>\n<h2>Ajustes, personalizaci\u00f3n y compatibilidad: accesibles pero completos<\/h2>\n<p>En cuanto al software, MOZA ofrece una interfaz bastante clara, con controles deslizantes para el par, la dureza, los filtros y la sensibilidad general del FFB. Dispone de los ajustes cl\u00e1sicos (fuerza global, amortiguaci\u00f3n, fricci\u00f3n, inercia, efectos de la carretera) con una disposici\u00f3n que sigue siendo f\u00e1cil de leer para cualquiera que no est\u00e9 acostumbrado a juguetear con los perfiles durante horas y horas.<\/p>\n<p>Los preajustes para cada juego ayudan mucho. Puedes empezar con un perfil t\u00edpico para un simulador espec\u00edfico y luego refinarlo seg\u00fan tu estilo. Los ajustes realmente \u00fatiles, desde mi punto de vista, son la fuerza general, la amortiguaci\u00f3n y la forma en que se filtran las frecuencias muy altas. Aqu\u00ed es donde adaptas la base a lo que tu cabina y tus brazos pueden soportar. Puedes conseguir una conducci\u00f3n muy directa y bastante \u00e1spera o, por el contrario, una conducci\u00f3n m\u00e1s suave y progresiva.<\/p>\n<p>La curva de aprendizaje sigue siendo razonable. Hay mucho que ajustar para los entusiastas, pero no te ahogas en t\u00e9rminos oscuros. En pocas sesiones, encontrar\u00e1s un perfil \"diario\" que se adapta a la mayor\u00eda de los juegos de carreras serios.<\/p>\n<p>En t\u00e9rminos de compatibilidad, este paquete est\u00e1 claramente dirigido al PC. Ah\u00ed es donde realmente destaca, con una gesti\u00f3n completa de los ajustes, las actualizaciones de firmware y el ecosistema MOZA. En consolas, la situaci\u00f3n depende mucho de la compatibilidad y de la presencia de un modo dedicado a trav\u00e9s de otro hardware: en el momento de escribir estas l\u00edneas, debe considerarse ante todo un producto orientado al PC.<\/p>\n<p>El ecosistema MOZA ya est\u00e1 bien desarrollado, con otros volantes (GT, F1-like, rally), pedales, palancas de cambio, frenos de mano y salpicaderos. Es un punto de entrada coherente para establecer una configuraci\u00f3n completa, o para actualizarla gradualmente. La R9 V2 es una base duradera para la mayor\u00eda de los pilotos: lo suficientemente potente como para no limitarse demasiado r\u00e1pido, sin pasarse con 15 Nm o m\u00e1s, lo que requerir\u00eda un cockpit muy resistente. Para muchos, ser\u00e1 un \"punto dulce\" a largo plazo m\u00e1s que un simple trampol\u00edn.<\/p>\n<h2>Sensaciones en el juego: un Direct Drive que habla claro, sin brutalidad<\/h2>\n<p>En la pista, lo primero que destaca es la claridad de la respuesta. Se nota que se trata de un Direct Drive: el FFB va directamente del motor al volante, sin correa intermedia que redondee o borre ciertos detalles. Las microvariaciones de carga durante las curvas llegan de forma limpia, con una continuidad tranquilizadora. R\u00e1pidamente entiendes lo que est\u00e1 haciendo el coche.<\/p>\n<p>La precisi\u00f3n de las transiciones agarre\/deslizamiento es realmente interesante para esta gama. Cuando el tren delantero empieza a ensancharse, la ligera p\u00e9rdida de peso en el volante se percibe claramente, sin latencia perceptible. Por el contrario, cuando el tren delantero se cuelga, el par motor vuelve con toda naturalidad. No es ultra brutal, pero est\u00e1 claro. Ganas confianza porque sabes exactamente lo que pasa bajo los neum\u00e1ticos.<\/p>\n<p>Los vibradores son convincentes. Se nota la diferencia entre los vibradores grandes y agresivos que debes evitar, y los m\u00e1s planos que puedes morder sin demasiado riesgo. En algunas pistas, destacan los bordes muy texturizados, con una sensaci\u00f3n ligeramente granulada que recuerda al contacto mec\u00e1nico, no s\u00f3lo a la vibraci\u00f3n artificial. Aqu\u00ed, la base da claramente un salto cualitativo con respecto a un volante de engranajes o de correa peque\u00f1a.<\/p>\n<p>En correcciones r\u00e1pidas, la R9 V2 sigue bien el movimiento. Cuando la trasera se cala y necesitas ponerte al d\u00eda, la base responde r\u00e1pidamente, sin excesiva inercia. Puedes liberar un poco del par m\u00e1ximo para mantener la manejabilidad sin perder informaci\u00f3n. El motor tiene suficiente pegada para dar vida al volante, pero no hasta el punto de hacer que cada contravolante sea f\u00edsico o doloroso.<\/p>\n<p>En sesiones largas, la constancia est\u00e1 a la orden del d\u00eda. No se aprecia ning\u00fan cambio en el comportamiento en caliente, ni una disminuci\u00f3n notable de la fuerza al cabo de un rato. El factor limitante viene m\u00e1s del usuario (fatiga de los brazos, comodidad del puesto de pilotaje) que de la propia base. Adaptando la fuerza a tu talla, puedes rodar varias horas sin sentirte \"roto\".<\/p>\n<p>En comparaci\u00f3n con una base menos potente o accionada por correa, la ganancia reside principalmente en la finura de la informaci\u00f3n y la linealidad de las fuerzas. Ya no existe esa sensaci\u00f3n de \"zona muerta\" alrededor del centro, ni esa visi\u00f3n borrosa de las peque\u00f1as transferencias de carga. La conducci\u00f3n se vuelve m\u00e1s precisa, sobre todo al entrar en las curvas y durante los giros, donde la adherencia cambia r\u00e1pidamente.<\/p>\n<p>Frente a una base m\u00e1s potente, la R9 V2 es l\u00f3gicamente menos impresionante cuando se trata de par m\u00e1ximo puro. Puedes empujarla, pero se mantiene en una zona \"controlable\" para la mayor\u00eda de los pilotos. Algunos que est\u00e1n muy acostumbrados a DDs muy grandes pueden lamentar la falta de fuerza bruta en ciertas situaciones extremas, pero para un uso polivalente en GT, touring y proto, esto es a menudo una ventaja: te mantienes dentro de un rango c\u00f3modo y utilizable, sin convertir cada error en una lucha f\u00edsica.<\/p>\n<p>En general, las sensaciones siguen siendo claras, previsibles y suficientemente detalladas para permitirte progresar. No se trata de un FFB fanfarr\u00f3n que te abofetea en la cara para demostrarlo. Por el contrario, es una herramienta que proporciona informaci\u00f3n \u00fatil en una jerarqu\u00eda clara. La base realmente cambia la experiencia, especialmente si vienes de un volante b\u00e1sico.<\/p>\n<h2>\u00bfA qui\u00e9n va dirigido? Lo que nos gusta, lo que no nos gusta<\/h2>\n<p>El paquete MOZA R9 V2 &amp; RS V2 est\u00e1 dirigido principalmente a los jugadores de simulaci\u00f3n de PC intermedios o motivados que quieran pasarse en serio al Direct Drive. Es ideal si ya has pasado unas cuantas horas en juegos de simulaci\u00f3n de carreras y quieres un hardware m\u00e1s preciso y fiable a largo plazo, sin llegar a extremos. Para un principiante motivado con un presupuesto ajustado, tambi\u00e9n puede ser una excelente primera compra, siempre que acepte la curva de aprendizaje del FFB, m\u00e1s exigente que la de un volante arcade.<\/p>\n<p>Lo que realmente me gusta es el equilibrio entre potencia y control. Hay par suficiente para sentir el coche con intensidad, sin tener que reducir dr\u00e1sticamente la potencia para mantenerse c\u00f3modo. Adem\u00e1s, la calidad general de la respuesta es muy convincente: los detalles est\u00e1n presentes, pero no quedan ahogados por ruidos extra\u00f1os. Por \u00faltimo, el ecosistema MOZA hace que todo sea coherente: puedes a\u00f1adir un pedal, una palanca de cambios u otro volante sin empezar de cero.<\/p>\n<p>En cuanto a las limitaciones, la primera viene de la orientaci\u00f3n al PC. Si buscas una configuraci\u00f3n principalmente de consola, \u00e9ste no es el paquete m\u00e1s plug and play o mejor integrado del mercado actual. En segundo lugar, el volante RS V2, aunque hace bien su trabajo, no da esa sensaci\u00f3n de \"lujo\" que se encuentra en los modelos muy premium: es s\u00f3lido y serio, pero no ultrarrefinado. En tercer lugar, si ya est\u00e1s acostumbrado a propulsores muy potentes, puede que el par m\u00e1ximo te parezca demasiado bajo en algunas combinaciones de coche\/pista muy f\u00edsicas.<\/p>\n<p>En t\u00e9rminos de inversi\u00f3n, es claramente una buena relaci\u00f3n calidad-precio. El paquete no juega la carta del bajo coste: es una compra meditada, con un presupuesto importante para una actividad de ocio. Pero en t\u00e9rminos de tacto, posible evoluci\u00f3n en el ecosistema y durabilidad percibida, el valor est\u00e1 ah\u00ed para alguien que monta con regularidad. Para un piloto de simulaci\u00f3n que quiera una configuraci\u00f3n seria sin convertirse en un profesional, la ecuaci\u00f3n es bastante s\u00f3lida.<\/p>\n<h2>Veredicto: un \"punto dulce\" muy serio para pasarse a Direct Drive<\/h2>\n<p>El MOZA R9 V2 &amp; RS V2 Bundle marca una verdadera diferencia en una configuraci\u00f3n al proporcionar un FFB m\u00e1s limpio, m\u00e1s claro y, sobre todo, m\u00e1s coherente que las soluciones de nivel b\u00e1sico. La base se convierte en el centro de tu experiencia de pilotaje, con fuerza suficiente para todo tipo de disciplinas sin requerir una configuraci\u00f3n monstruosamente r\u00edgida.<\/p>\n<p>En el mercado actual, se posiciona claramente como un producto s\u00f3lido de gama media, pero con una orientaci\u00f3n de configuraci\u00f3n \"pivotante\": calidad lo suficientemente alta como para no hacerte querer cambiar r\u00e1pidamente, sin dejar de ser accesible en t\u00e9rminos de potencia, tama\u00f1o e integraci\u00f3n. No es el combo m\u00e1s espectacular que existe, pero eso es precisamente lo que lo convierte en una opci\u00f3n cre\u00edble para la conducci\u00f3n frecuente.<\/p>\n<p>Yo lo recomendar\u00eda especialmente a los aficionados a los simuladores de PC que quieran pasar del nivel de volante con correa y engranaje a un sistema Direct Drive serio, sin pretender excesos. Para el principiante ocasional o el usuario de consola, existen alternativas m\u00e1s sencillas. Para los fan\u00e1ticos del alto par que busquen lo m\u00e1s alto de la gama, tendr\u00e1n que buscar un poco m\u00e1s arriba.<\/p>\n<p>Si est\u00e1 buscando un Direct Drive que sea compacto, preciso, escalable y capaz de convertirse en la pieza central de su configuraci\u00f3n durante muchos a\u00f1os, este producto puede marcar claramente la diferencia en su configuraci\u00f3n.<\/p>","protected":false},"excerpt":{"rendered":"<p>Este paquete me dio la sensaci\u00f3n de un volante que realmente aclara lo que hace el coche, sin ser brutal ni rascarse la cabeza en cada sesi\u00f3n. Tiene sentido para los pilotos de simulaci\u00f3n de PC que quieran pasarse en serio al Direct Drive, conducir a menudo y progresar sin aspirar a lo m\u00e1s alto del mercado. El equilibrio rendimiento\/precio y el ecosistema lo convierten en una base coherente a largo plazo.<\/p>","protected":false},"featured_media":101516,"comment_status":"open","ping_status":"closed","template":"","meta":{"_acf_changed":false,"_et_pb_use_builder":"","_et_pb_old_content":"","_et_gb_content_width":""},"product_brand":[165],"product_cat":[161],"product_tag":[149],"class_list":{"0":"post-101515","1":"product","2":"type-product","3":"status-publish","4":"has-post-thumbnail","6":"product_brand-moza-racing","7":"product_cat-volant","8":"product_tag-pc","10":"first","11":"instock","12":"shipping-taxable","13":"product-type-external"},"acf":[],"_links":{"self":[{"href":"https:\/\/simracergear.com\/es\/wp-json\/wp\/v2\/product\/101515","targetHints":{"allow":["GET"]}}],"collection":[{"href":"https:\/\/simracergear.com\/es\/wp-json\/wp\/v2\/product"}],"about":[{"href":"https:\/\/simracergear.com\/es\/wp-json\/wp\/v2\/types\/product"}],"replies":[{"embeddable":true,"href":"https:\/\/simracergear.com\/es\/wp-json\/wp\/v2\/comments?post=101515"}],"wp:featuredmedia":[{"embeddable":true,"href":"https:\/\/simracergear.com\/es\/wp-json\/wp\/v2\/media\/101516"}],"wp:attachment":[{"href":"https:\/\/simracergear.com\/es\/wp-json\/wp\/v2\/media?parent=101515"}],"wp:term":[{"taxonomy":"product_brand","embeddable":true,"href":"https:\/\/simracergear.com\/es\/wp-json\/wp\/v2\/product_brand?post=101515"},{"taxonomy":"product_cat","embeddable":true,"href":"https:\/\/simracergear.com\/es\/wp-json\/wp\/v2\/product_cat?post=101515"},{"taxonomy":"product_tag","embeddable":true,"href":"https:\/\/simracergear.com\/es\/wp-json\/wp\/v2\/product_tag?post=101515"}],"curies":[{"name":"wp","href":"https:\/\/api.w.org\/{rel}","templated":true}]}}