{"id":101537,"date":"2025-05-15T08:13:00","date_gmt":"2025-05-15T08:13:00","guid":{"rendered":"https:\/\/simracergear.com\/products\/moza-sgp-sequential-shifter\/"},"modified":"2025-11-28T05:53:30","modified_gmt":"2025-11-28T05:53:30","slug":"moza-sgp-sequential-shifter","status":"publish","type":"product","link":"https:\/\/simracergear.com\/es\/products\/moza-sgp-sequential-shifter\/","title":{"rendered":"Cambio secuencial MOZA SGP"},"content":{"rendered":"<p>En el mundo del sim racing, los cambios secuenciales siguen siendo un aut\u00e9ntico placer culpable. No son imprescindibles para todo el mundo, pero son capaces de cambiar por completo la experiencia de conducci\u00f3n, especialmente en rallies, GTs de la vieja escuela o ciertos prototipos. El MOZA SGP Sequential Shifter se encuentra precisamente en este nicho: un secuencial compacto y robusto, dise\u00f1ado para los corredores de sim que quieren cambios de marcha sencillos y mec\u00e1nicos, con suficiente ajuste para adaptarse a sus h\u00e1bitos.<\/p>\n<p>Este modelo llega en un segmento ya muy concurrido, entre los mandos de nivel b\u00e1sico algo \"huecos\" y los monstruos ultra-premium, a menudo muy caros. La idea detr\u00e1s del SGP es ofrecer una sensaci\u00f3n seria, una impresi\u00f3n mec\u00e1nica real, sin dejar de ser accesible para el mayor n\u00famero de personas posible y bien integrado en el ecosistema MOZA.<\/p>\n<p>Mi pregunta es sencilla: \u00bfesta palanca de cambios aumenta realmente la sensaci\u00f3n, la precisi\u00f3n y el placer de conducir, en comparaci\u00f3n con otras soluciones m\u00e1s b\u00e1sicas? \u00bfResiste el paso del tiempo y se mantiene constante en una configuraci\u00f3n que puede evolucionar? Eso es lo que me propuse evaluar, centr\u00e1ndome en la sensaci\u00f3n, la ergonom\u00eda, la calidad de construcci\u00f3n y la compatibilidad con diferentes perfiles de jugadores.<\/p>\n<h2>Dise\u00f1o y fabricaci\u00f3n de la palanca de cambios secuencial MOZA SGP<\/h2>\n<p>En la mano, el MOZA SGP da una impresi\u00f3n inmediata de densidad. El cuerpo es esencialmente met\u00e1lico, con una estructura que destila rigidez. Es f\u00e1cil sentir que se puede tirar de \u00e9l sin preocuparse por holguras prematuras o flexiones inc\u00f3modas. Los ensamblajes son limpios y ordenados, sin rebabas visibles ni bordes \u00e1speros.<\/p>\n<p>La palanca en s\u00ed tiene un recorrido de corto a medio, con una resistencia bien definida. Est\u00e1 muy lejos de la sensaci\u00f3n de \"juguete\" de algunos mandos de gama baja. El cambio de marchas se realiza con un preciso clic mec\u00e1nico, acompa\u00f1ado de una respuesta f\u00edsica bastante seca. Puedes o\u00edr y sentir el cambio de marcha, que es exactamente lo que la mayor\u00eda de los pilotos de simulaci\u00f3n esperan de un secuencial. Entiendes inmediatamente lo que est\u00e1s haciendo con la mano.<\/p>\n<p>El pomo es m\u00e1s o menos normal: el tama\u00f1o correcto, la forma correcta, ni demasiado ligero ni demasiado pesado. El agarre sigue siendo c\u00f3modo incluso en sesiones largas. No puede competir con una palanca de cambios ultramoderna de metal de gama alta, pero tiene un tacto claramente superior para su segmento.<\/p>\n<p>Lo que sorprende es su compacidad general. El SGP no es enorme, y puede encajarse f\u00e1cilmente en un cockpit sin ocupar todo el espacio de los laterales. Por otro lado, aquellos a los que les gusten las palancas muy largas, al estilo de los coches de rally de la vieja escuela, pueden encontrar la potencia original un poco corta. Afortunadamente, se puede adaptar cambiando el pomo o ajustando la posici\u00f3n del soporte.<\/p>\n<p>La principal decepci\u00f3n, para m\u00ed, proviene de algunos detalles est\u00e9ticos. El dise\u00f1o es limpio pero m\u00e1s bien industrial, sin personalidad real. Es funcional, eficaz, pero un poco fr\u00edo. En uso, esto no es un problema, pero con una cabina muy bien pulida, algunos de los modelos visualmente m\u00e1s \"racing\" de la competencia podr\u00edan parecer m\u00e1s atractivos.<\/p>\n<p>En comparaci\u00f3n con los mandos secuenciales b\u00e1sicos fabricados en pl\u00e1stico o con poco metal, el SGP est\u00e1 claramente en una liga diferente en t\u00e9rminos de rigidez y tacto. En comparaci\u00f3n con los mandos de gama alta, totalmente de acero mecanizado, est\u00e1 un paso por debajo en t\u00e9rminos de \"masividad\", pero la diferencia de precio tambi\u00e9n es notable. En t\u00e9rminos de calidad\/precio percibida, se encuentra en una muy buena posici\u00f3n.<\/p>\n<h2>Ajustes, personalizaci\u00f3n y compatibilidad<\/h2>\n<p>El MOZA SGP sigue siendo sencillo de manejar, pero ofrece suficientes ajustes para satisfacer incluso a los usuarios m\u00e1s exigentes. El quid de la cuesti\u00f3n es la fuerza necesaria para subir y bajar de marcha y la sensaci\u00f3n general del clic mec\u00e1nico. El cambio permite ajustar la dureza, lo que realmente cambia la personalidad de la palanca. Jugando con ella, se puede pasar de una sensaci\u00f3n relativamente ligera y r\u00e1pida a algo m\u00e1s f\u00edsico, m\u00e1s cercano a una palanca de rally realmente fuerte.<\/p>\n<p>La curva de aprendizaje es corta. Una vez conectado y calibrado, se entiende r\u00e1pidamente c\u00f3mo reacciona. La mayor\u00eda de los usuarios no necesitar\u00e1n pasar horas en los men\u00fas para conseguir un ajuste satisfactorio. Basta con ajustar la firmeza, probarlo en dos o tres coches y encontrar\u00e1 un buen compromiso. Las opciones no est\u00e1n por todas partes, pero las que hay son realmente \u00fatiles.<\/p>\n<p>En t\u00e9rminos de compatibilidad, el SGP est\u00e1 dise\u00f1ado principalmente para PC. Integrado en el ecosistema MOZA, se apoya directamente en el software de la marca, con un reconocimiento inmediato y una configuraci\u00f3n centralizada. Aqu\u00ed es donde la experiencia es m\u00e1s fluida: un \u00fanico centro de software, todo agrupado, y la palanca de cambios se comporta como un elemento nativo del sistema.<\/p>\n<p>En las consolas, la situaci\u00f3n depende claramente del resto de la configuraci\u00f3n. El SGP no es un perif\u00e9rico universal \"plug and play\" para todas las consolas. Necesitar\u00e1s un ecosistema compatible o tendr\u00e1s que utilizar el sistema de gesti\u00f3n b\u00e1sico del fabricante. Este es un punto que debes comprobar antes de comprarlo si juegas principalmente con consolas.<\/p>\n<p>La instalaci\u00f3n en un cockpit es cl\u00e1sica: montaje lateral, tornillos y pernos est\u00e1ndar, y ajustes de altura y retroceso mediante el soporte. El cambio es lo suficientemente r\u00edgido como para soportar un montaje ligeramente desplazado, siempre que la estructura del cockpit sea compatible. El cambio es f\u00e1cil de actualizar: puedes empezar con \u00e9l en una configuraci\u00f3n intermedia y mantenerlo a medida que subes de gama (vainas Direct Drive m\u00e1s potentes, platos y bielas con c\u00e9lula de carga, etc.). No se siente \"limitado\" en comparaci\u00f3n con equipos m\u00e1s serios a su alrededor.<\/p>\n<h2>MOZA SGP Sequential Shifter: sensaciones en juego<\/h2>\n<p>El n\u00facleo de la experiencia es, obviamente, lo que se siente al jugar. Desde los primeros minutos, destaca la claridad de la respuesta mec\u00e1nica. Con cada pasada, hay un clic claro, acompa\u00f1ado de una respuesta el\u00e1stica bastante firme. Nunca tienes ninguna duda: la marcha ha cambiado, lo sientes, lo oyes, lo sabes. Mientras que algunos cambios resultan un poco confusos, el SGP es muy directo.<\/p>\n<p>En las curvas, especialmente en pistas t\u00e9cnicas con muchos cambios de marcha r\u00e1pidos, el cambio se mantiene constante. Puede seguir los cambios ascendentes y descendentes sin luchar contra la palanca. La fuerza necesaria permanece estable, sin variaciones extra\u00f1as, incluso despu\u00e9s de largas sesiones. Da la sensaci\u00f3n de estar haciendo un tope bien definido, lo que ayuda a mantener un buen ritmo sin pensar demasiado.<\/p>\n<p>El agarre se lee obviamente a trav\u00e9s del volante y el FFB, pero la palanca de cambios a\u00f1ade su propia capa de inmersi\u00f3n. En un rally o en un coche un poco nervioso, tener una palanca que hace clic refuerza realmente la percepci\u00f3n de los cambios de carga. Es m\u00e1s probable que acompa\u00f1es al coche con la mano derecha, especialmente en las salidas de las curvas, donde cada marcha cuenta. No es FFB en sentido estricto, pero es informaci\u00f3n t\u00e1ctil que complementa lo que obtienes del volante.<\/p>\n<p>En los vibradores, la experiencia depende principalmente del chasis y del volante, pero el SGP ayuda a mantener el control durante las correcciones r\u00e1pidas. Cuando est\u00e1s un poco de lado y tienes que corregir con el volante al cambiar de marcha, la palanca no se deja sorprender. No se desplaza lateralmente, no vibra de forma molesta y sigue ofreciendo la misma resistencia. No se tiene esa sensaci\u00f3n, a veces molesta, de que la palanca golpea en todas direcciones cuando se sacude el habit\u00e1culo.<\/p>\n<p>En sesiones largas, la constancia es un verdadero punto fuerte. La sensaci\u00f3n no se deteriora, la mec\u00e1nica se mantiene estable y la fatiga de la mano sigue siendo razonable siempre que no se ajuste la dureza al m\u00e1ximo. Con un ajuste intermedio, puedes mantener la sensaci\u00f3n f\u00edsica y envolvente sin romperte el antebrazo al cabo de una hora. Para los que prefieren las sensaciones m\u00e1s crudas, la dureza m\u00e1xima ofrece una sensaci\u00f3n muy \"comprometida\", pero hay que aceptar que cansa m\u00e1s.<\/p>\n<p>En comparaci\u00f3n con un cambio secuencial m\u00e1s ligero, a menudo de pl\u00e1stico o con una cinem\u00e1tica simplificada, la ganancia en precisi\u00f3n y placer es enorme. Se pasa de \"pulsar un bot\u00f3n que parece una palanca\" a \"manipular una verdadera pieza mec\u00e1nica\". La diferencia es notable desde los primeros minutos. Comparado con un cambio de gama alta con una mec\u00e1nica a\u00fan m\u00e1s pesada y componentes sobredimensionados, el SGP es un poco m\u00e1s prudente, menos extremo en su respuesta. Pero para muchos jugadores, este compromiso ser\u00e1 m\u00e1s c\u00f3modo en el d\u00eda a d\u00eda.<\/p>\n<p>En t\u00e9rminos de inmersi\u00f3n general, el MOZA SGP cumple todos los requisitos importantes: te sientes conectado al coche, las transiciones son atractivas sin castigar, y la confianza llega r\u00e1pidamente. Te atreves a frenar m\u00e1s tarde, o a bajar dos marchas seguidas al entrar en una curva, manteniendo el control. Ah\u00ed es donde este cambio cambia realmente la experiencia: hace que quieras conducir m\u00e1s \"a la antigua usanza\", manejando el coche con la palanca.<\/p>\n<h2>\u00bfA qui\u00e9n va dirigido? Puntos fuertes y d\u00e9biles<\/h2>\n<p>El MOZA SGP Sequential Shifter est\u00e1 dirigido principalmente a pilotos de simulaci\u00f3n motivados, de nivel intermedio a avanzado, que conducen principalmente en PC y desean a\u00f1adir un secuencial real a su configuraci\u00f3n. Para un completo principiante, puede ser un perif\u00e9rico secundario despu\u00e9s de la base y los pedales, pero para alguien que empieza a especializarse en rallies, turismos o retro GT, tiene todo el sentido.<\/p>\n<p>Entre los puntos positivos que destacan claramente, la calidad de construcci\u00f3n percibida encabeza la lista. La mezcla de metales, la rigidez de la estructura y la ausencia de juego real en la palanca dan una verdadera impresi\u00f3n de seriedad. La sensaci\u00f3n mec\u00e1nica, con su clic limpio y su respuesta firme, es una gran ventaja en t\u00e9rminos de inmersi\u00f3n en comparaci\u00f3n con las soluciones b\u00e1sicas. Por \u00faltimo, las opciones de ajuste de la dureza facilitan la adaptaci\u00f3n del tacto a tu estilo de pilotaje y disciplina, lo que ampl\u00eda enormemente el p\u00fablico potencial.<\/p>\n<p>Por otro lado, hay una serie de limitaciones que merece la pena se\u00f1alar. La compatibilidad con consolas no es universal y depende realmente del resto del hardware, lo que reduce su inter\u00e9s para quienes juegan principalmente en consolas sin un ecosistema MOZA adecuado. El dise\u00f1o, eficaz pero bastante sobrio, carece un poco de car\u00e1cter para los entusiastas que desean un cockpit visualmente muy \"racing\" con una gran parte llamativa. Por \u00faltimo, el recorrido y la altura de la palanca original pueden parecer un poco tontos para los que buscan una experiencia ultrarradical, como una palanca de rally muy larga: se puede ajustar mediante el montaje, pero el original sigue siendo relativamente compacto.<\/p>\n<p>En t\u00e9rminos de inversi\u00f3n, el SGP ofrece una buena relaci\u00f3n calidad-precio para un piloto de simulaci\u00f3n serio. No es un artilugio, es un verdadero perif\u00e9rico de conducci\u00f3n que puede acompa\u00f1ar a una configuraci\u00f3n progresiva. El valor percibido es coherente con la construcci\u00f3n y el tacto. No tienes la impresi\u00f3n de estar pagando s\u00f3lo por un logotipo, sino por una pieza que a\u00f1ade una dimensi\u00f3n extra a la experiencia de conducci\u00f3n.<\/p>\n<h2>El veredicto: \u00bfdeber\u00eda elegir el cambio secuencial MOZA SGP?<\/h2>\n<p>En una configuraci\u00f3n de sim racing, el cambio secuencial MOZA SGP a\u00f1ade un ladrillo claramente orientado a las sensaciones. No sustituye a un buen plato o a una buena vaina, pero s\u00ed transforma la forma de pilotar en determinadas disciplinas. Pasamos de un uso casi exclusivo de las levas a un estilo de conducci\u00f3n m\u00e1s f\u00edsico y comprometido, lo que cambia nuestra relaci\u00f3n con el coche.<\/p>\n<p>En el mercado, se posiciona como un s\u00f3lido modelo de gama media, con un pie en el mundo de los \"entusiastas\" sin disparar los presupuestos. M\u00e1s serio que un shifter b\u00e1sico, menos extremo que un modelo ultra-premium, busca un equilibrio entre accesibilidad, calidad y placer en bruto. Para una configuraci\u00f3n centrada en el PC, especialmente si ya est\u00e1s en el ecosistema MOZA, se convierte r\u00e1pidamente en una elecci\u00f3n muy coherente.<\/p>\n<p>Yo lo recomendar\u00eda claramente a los corredores de simulaci\u00f3n que conducen con regularidad, a los que les gustan los rallies, los turismos y los GT de \u00e9poca, y que quieren una palanca que a\u00f1ada un valor mec\u00e1nico real sin hacer una gran inversi\u00f3n. Para el jugador ocasional de consola, o alguien que casi nunca deja las levas al volante, no ser\u00e1 una prioridad.<\/p>\n<p>Si busca un cambio secuencial compacto y robusto con un tacto mec\u00e1nico real y mucho margen de mejora en su configuraci\u00f3n, el cambio secuencial MOZA SGP podr\u00eda marcar la diferencia.<\/p>","protected":false},"excerpt":{"rendered":"<p>Esta palanca de cambios me dio una sensaci\u00f3n de conducci\u00f3n m\u00e1s f\u00edsica e implicada, especialmente en rally y retro GT, con un verdadero plus en la claridad de los cambios de marcha. Tiene sentido para los pilotos habituales de simulaci\u00f3n de PC que ya est\u00e1n debidamente equipados y quieren a\u00f1adir una capa de inmersi\u00f3n mec\u00e1nica. Es una inversi\u00f3n razonable para una configuraci\u00f3n que va a m\u00e1s.<\/p>","protected":false},"featured_media":101538,"comment_status":"open","ping_status":"closed","template":"","meta":{"_acf_changed":false,"_et_pb_use_builder":"","_et_pb_old_content":"","_et_gb_content_width":""},"product_brand":[165],"product_cat":[152],"product_tag":[149],"class_list":{"0":"post-101537","1":"product","2":"type-product","3":"status-publish","4":"has-post-thumbnail","6":"product_brand-moza-racing","7":"product_cat-levier-de-vitesse","8":"product_tag-pc","10":"first","11":"instock","12":"shipping-taxable","13":"product-type-external"},"acf":[],"_links":{"self":[{"href":"https:\/\/simracergear.com\/es\/wp-json\/wp\/v2\/product\/101537","targetHints":{"allow":["GET"]}}],"collection":[{"href":"https:\/\/simracergear.com\/es\/wp-json\/wp\/v2\/product"}],"about":[{"href":"https:\/\/simracergear.com\/es\/wp-json\/wp\/v2\/types\/product"}],"replies":[{"embeddable":true,"href":"https:\/\/simracergear.com\/es\/wp-json\/wp\/v2\/comments?post=101537"}],"wp:featuredmedia":[{"embeddable":true,"href":"https:\/\/simracergear.com\/es\/wp-json\/wp\/v2\/media\/101538"}],"wp:attachment":[{"href":"https:\/\/simracergear.com\/es\/wp-json\/wp\/v2\/media?parent=101537"}],"wp:term":[{"taxonomy":"product_brand","embeddable":true,"href":"https:\/\/simracergear.com\/es\/wp-json\/wp\/v2\/product_brand?post=101537"},{"taxonomy":"product_cat","embeddable":true,"href":"https:\/\/simracergear.com\/es\/wp-json\/wp\/v2\/product_cat?post=101537"},{"taxonomy":"product_tag","embeddable":true,"href":"https:\/\/simracergear.com\/es\/wp-json\/wp\/v2\/product_tag?post=101537"}],"curies":[{"name":"wp","href":"https:\/\/api.w.org\/{rel}","templated":true}]}}