{"id":101588,"date":"2025-05-15T08:14:00","date_gmt":"2025-05-15T08:14:00","guid":{"rendered":"https:\/\/simracergear.com\/products\/simucube-quick-release-wheel-side-kit\/"},"modified":"2025-11-28T06:00:48","modified_gmt":"2025-11-28T06:00:48","slug":"simucube-quick-release-wheel-side-kit","status":"publish","type":"product","link":"https:\/\/simracergear.com\/es\/products\/simucube-quick-release-wheel-side-kit\/","title":{"rendered":"Kit lateral de rueda de liberaci\u00f3n r\u00e1pida Simucube"},"content":{"rendered":"<h2>Simucube Quick Release Wheel Side Kit: la opini\u00f3n de un simracer exigente<\/h2>\n<p>En el peque\u00f1o mundo de las carreras de simulaci\u00f3n de gama alta, el kit lateral de rueda de liberaci\u00f3n r\u00e1pida Simucube se ha convertido en una especie de punto de referencia para los soportes de rueda. No es el m\u00e1s llamativo, ni el m\u00e1s \"divertido\", pero es el que citamos siempre que hablamos de rigidez y fiabilidad en las bases Simucube Direct Drive.<\/p>\n<p>Sobre el papel, promete una conexi\u00f3n sin holguras entre la vaina y el volante, cambios de rueda ultrarr\u00e1pidos y, sobre todo, cero concesiones a la sensaci\u00f3n de Force Feedback. En otras palabras: toda la delicadeza de una potente Direct Drive, sin crujidos, vibraciones par\u00e1sitas ni flexiones.<\/p>\n<p>Mi pregunta es sencilla: \u00bfjustifica este cierre r\u00e1pido su imagen de \"est\u00e1ndar profesional\" cuando se utiliza a diario? \u00bfRealmente a\u00f1ade algo a los sistemas suministrados de serie con determinados volantes o bujes de terceros? Y sobre todo, \u00bfpara qu\u00e9 tipo de simracer tiene realmente sentido este kit, en t\u00e9rminos de comodidad, tacto e inversi\u00f3n global en una configuraci\u00f3n?<\/p>\n<p>Voy a centrarme en tres aspectos: la calidad de fabricaci\u00f3n, la facilidad de uso\/compatibilidad y el impacto real en las sensaciones al volante. Porque, al fin y al cabo, lo que importa est\u00e1 muy claro: \u00bfcambia realmente la forma en que te sientes al volante, o no?<\/p>\n<h2>Dise\u00f1o y fabricaci\u00f3n: material resistente y duradero<\/h2>\n<p>En la mano, el kit lateral de rueda de liberaci\u00f3n r\u00e1pida Simucube da una impresi\u00f3n inmediata de densidad y seriedad. El cuerpo es de metal mecanizado, con un acabado limpio, libre de rebabas o esquinas mal rotas. Se trata claramente de un producto dise\u00f1ado para soportar un alto par motor y horas de conducci\u00f3n intensiva. Nada suena a hueco, nada parece de juguete.<\/p>\n<p>La pieza del volante sigue siendo compacta, pero irradia rigidez. Cuando se monta en un buje o en un volante compatible, el conjunto sigue siendo en gran medida una unidad de una sola pieza. Se nota que Simucube ha priorizado la solidez y la precisi\u00f3n de montaje antes que ahorrar unos gramos a toda costa. En lo que a m\u00ed respecta, prefiero esto: un volante un poco m\u00e1s \"denso\" pero que no se mueve ni un mil\u00edmetro.<\/p>\n<p>Lo que llama la atenci\u00f3n de inmediato es la ausencia de cualquier juego perceptible una vez que la base est\u00e1 bloqueada en su lugar. No hay microrrotaciones par\u00e1sitas, ni traqueteos. Cuando se agita el volante con firmeza, lo \u00fanico que se oye es la cabina. Esto es exactamente lo que cabr\u00eda esperar de un cierre r\u00e1pido en un Direct Drive de gama alta: olvidarse por completo de que se trata de una pieza intermedia.<\/p>\n<p>El mecanismo de bloqueo es sencillo y limpio, con un tacto mec\u00e1nico tranquilizador. No hay la suavidad apagada de algunos sistemas de leva recubiertos de pl\u00e1stico, pero hay una conexi\u00f3n mec\u00e1nica directa que se siente muy \"racing\".<\/p>\n<p>Lo que puede resultar un poco decepcionante es el aspecto m\u00e1s bien crudo, muy funcional. Sin adornos, con muy pocos efectos estil\u00edsticos. Si buscas un QR visualmente sofisticado, como una pieza de joyer\u00eda CNC para presumir en Instagram, este no es el m\u00e1s espectacular. Es m\u00e1s, el sistema parece haber sido dise\u00f1ado m\u00e1s para la eficiencia que para el montaje\/desmontaje en modo sala de exposici\u00f3n. <\/p>\n<p>En comparaci\u00f3n con los cierres r\u00e1pidos m\u00e1s orientados al consumidor que vienen con algunos volantes de gama media, estamos llevando claramente la rigidez y la precisi\u00f3n a un nivel superior. En comparaci\u00f3n con otras soluciones de terceros de gama alta, estamos m\u00e1s en la categor\u00eda de \"herramienta profesional\": menos llamativa, pero extremadamente seria una vez que la pones a trabajar.<\/p>\n<h2>Ajustes, personalizaci\u00f3n y compatibilidad<\/h2>\n<p>Un cierre r\u00e1pido no se puede ajustar realmente de la misma manera que una vaina o una pedalera, pero a\u00fan as\u00ed hay algunos puntos importantes a tener en cuenta a la hora de instalar y personalizar la configuraci\u00f3n. El Wheel Side Kit est\u00e1 dise\u00f1ado para integrarse de forma natural en el ecosistema Simucube, con un montaje del volante que sigue siendo bastante est\u00e1ndar para bujes y ruedas compatibles.<\/p>\n<p>La instalaci\u00f3n requiere un m\u00ednimo de tiempo para alinear correctamente los orificios, apretarlos bien y asegurarse de que la cara de montaje quede perfectamente plana. No es complicado, pero merece la pena hacerlo bien, sobre todo si se utilizan platos de alto par. Una vez hecho, no hay vuelta atr\u00e1s.<\/p>\n<p>Donde realmente destaca es en la compatibilidad con diferentes volantes y bujes de terceros. El kit est\u00e1 dise\u00f1ado para volantes adaptados a la interfaz Simucube, ya sea mediante un buje espec\u00edfico o mediante soluciones compatibles. Para los usuarios que ya forman parte del ecosistema Simucube, esto tiene sentido: la l\u00f3gica sigue siendo clara, con un est\u00e1ndar de conexi\u00f3n \u00fanico, fiable y recurrente.<\/p>\n<p>Para un simracer multiplataforma o al que le guste mezclar productos de marcas muy diferentes, puede que haya que pensar un poco m\u00e1s en la cadena completa: base, buje, QR, volante. En cuanto a la compatibilidad con PC, el cierre r\u00e1pido en s\u00ed no cambia nada. En las consolas, como de costumbre, todo depende m\u00e1s de la base y de la electr\u00f3nica de a bordo que de la parte mec\u00e1nica.<\/p>\n<p>La curva de aprendizaje est\u00e1 m\u00e1s en el gesto y la rutina: engranar, bloquear, comprobaci\u00f3n r\u00e1pida antes de conducir. El mecanismo se aprende r\u00e1pido, incluso para un usuario que cambia de volante con frecuencia. Es mec\u00e1nico e instintivo, sin necesidad de men\u00fas ni preajustes.<\/p>\n<p>En t\u00e9rminos de capacidad de actualizaci\u00f3n, este kit de lado de la rueda es m\u00e1s como una inversi\u00f3n a largo plazo que un simple accesorio. Si est\u00e1s construyendo una configuraci\u00f3n en torno a una base Simucube y tienes previsto multiplicar el n\u00famero de volantes, suele ser el tipo de pieza que mantendr\u00e1s en su sitio durante a\u00f1os, incluso cuando el resto del equipo evolucione.<\/p>\n<h2>Sensaci\u00f3n de juego: rigidez total, cero ruido<\/h2>\n<p>Donde este kit de liberaci\u00f3n r\u00e1pida de rueda lateral realmente se destaca es en la pista, especialmente en una potente vaina Direct Drive. La idea b\u00e1sica es simple: no quitar nada de lo que la base puede hacer. Sin amortiguaci\u00f3n innecesaria, sin flexi\u00f3n, sin traqueteo, s\u00f3lo la transmisi\u00f3n m\u00e1s directa posible.<\/p>\n<p>En las primeras vueltas con una base Simucube, lo que destaca es la claridad de las transiciones de par. Los cambios de carga en el volante se realizan sin zonas muertas mec\u00e1nicas. Cuando el coche se cala, puedes sentir inmediatamente la p\u00e9rdida de agarre en tus manos, sin ninguna \"confusi\u00f3n\" relacionada con el juego en el sistema de montaje. Comprendes inmediatamente lo que est\u00e1 haciendo el coche, incluso al l\u00edmite.<\/p>\n<p>En curvas r\u00e1pidas, la rigidez del QR se traduce en una direcci\u00f3n muy clara. Puedes sentir c\u00f3mo el coche se va cargando poco a poco, las ligeras variaciones de agarre, los baches que pasan por debajo de los neum\u00e1ticos. No tienes esa sensaci\u00f3n que a veces se tiene con los amortiguadores r\u00e1pidos m\u00e1s blandos, en los que adivinas que algo est\u00e1 amortiguando parte de la se\u00f1al del FFB.<\/p>\n<p>En vibradores y bordillos agresivos, el comportamiento es bastante revelador. La textura aparece en toda su plenitud, con un mensaje muy estructurado. Golpea, s\u00ed, pero no suena hueco. No hay vibraciones met\u00e1licas par\u00e1sitas debidas a un mal bloqueo o a tolerancias aproximadas. Cuando tiembla, se nota que se debe a la f\u00edsica del juego, no a un dudoso ruido mec\u00e1nico en el QR.<\/p>\n<p>Las correcciones r\u00e1pidas, especialmente en derrapes o sobrevirajes controlados, tambi\u00e9n ponen a prueba el sistema. Aqu\u00ed, el kit no se inmuta. Los r\u00e1pidos movimientos de contravolante no generan ning\u00fan chasquido ni torsi\u00f3n perceptibles. El volante permanece unido a la base como si fueran una sola pieza. En t\u00e9rminos de confianza, eso es enorme: te atreves a ir m\u00e1s all\u00e1, porque sabes que el enlace mec\u00e1nico nunca traicionar\u00e1 la sensaci\u00f3n.<\/p>\n<p>En sesiones largas, la constancia es un punto fuerte. Si todo se ha ajustado correctamente desde el principio, no se produce un aumento gradual del juego ni un aflojamiento inc\u00f3modo. La sensaci\u00f3n es la misma de principio a fin. Puedes empujar la base y unir los rel\u00e9s, pero el comportamiento del QR no cambia.<\/p>\n<p>Si lo comparo con sistemas menos r\u00edgidos o con cierres r\u00e1pidos m\u00e1s orientados al consumidor, la diferencia m\u00e1s clara est\u00e1 en los peque\u00f1os matices de resistencia. Con un sistema m\u00e1s \"blando\", algunas de las microvariaciones acaban perdi\u00e9ndose o suaviz\u00e1ndose. Con el Wheel Side Kit, estos detalles permanecen. Esto es especialmente apreciable en coches GT, prototipos o monoplazas, donde los cambios de carga son sutiles pero decisivos.<\/p>\n<p>Por otra parte, en comparaci\u00f3n con algunas soluciones extremas a\u00fan m\u00e1s especializadas o integradas en volantes de gama ultra alta, no estamos hablando de un artilugio revolucionario que cambie por completo el FFB. Por el contrario, estamos trabajando sobre una base muy s\u00f3lida, que garantiza que usted realmente saque el m\u00e1ximo partido de lo que su base Simucube ya puede enviar. La principal ventaja es que ya no tienes que preocuparte de la conexi\u00f3n entre el volante y la base. Puedes concentrarte en la pista.<\/p>\n<h2>\u00bfA qui\u00e9n va dirigido? Puntos fuertes y limitaciones en el d\u00eda a d\u00eda<\/h2>\n<p>El Simucube Quick Release Wheel Side Kit est\u00e1 claramente dirigido a simracers que ya tienen un pie firmemente plantado en el segmento de 'entusiasta serio' o francamente 'semi-profesional'. Si montas un PC con una base Simucube Direct Drive, ya tienes un cockpit r\u00edgido y est\u00e1s considerando varias ruedas, el perfil encaja perfectamente. Incluso para un jugador 'intermedio' decidido a invertir en una configuraci\u00f3n duradera, este QR tiene sentido.<\/p>\n<p>Lo que m\u00e1s aprecio es la rigidez sin concesiones. Sientes que el par de la base se transmite en su totalidad, sin ninguna amortiguaci\u00f3n mec\u00e1nica par\u00e1sita. Luego est\u00e1 la fiabilidad percibida: una vez montado en serio, no hay que vigilar el sistema cada cinco minutos. Por \u00faltimo, la coherencia con el ecosistema Simucube: la misma l\u00f3gica de calidad, la misma filosof\u00eda de producto centrada en el tacto bruto y la precisi\u00f3n.<\/p>\n<p>Sin embargo, hay que tener en cuenta algunas limitaciones. En primer lugar, no es la soluci\u00f3n m\u00e1s universal para quienes hacen malabarismos entre varios ecosistemas de hardware, o para quienes conducen tanto en consolas como en PC. En realidad, el kit funciona mejor con una base Simucube y una flota de volantes compatibles. En segundo lugar, la est\u00e9tica y el \"placer del objeto\" pueden parecer un poco austeros a quienes gustan del hardware visualmente espectacular. Aqu\u00ed, la prioridad es claramente funcional. Por \u00faltimo, la inversi\u00f3n puede parecer elevada si se considera de forma aislada, sobre todo si se compara con los cierres r\u00e1pidos m\u00e1s asequibles que se suministran con algunos volantes de consumo.<\/p>\n<p>La verdadera cuesti\u00f3n es el valor percibido de una configuraci\u00f3n completa. Si el cockpit, la base y las ruedas de direcci\u00f3n ya son de un nivel muy alto, este kit Wheel Side act\u00faa como un s\u00f3lido eslab\u00f3n que asegura el resto. En este contexto, el precio est\u00e1 mejor justificado: es una pieza que no se cambia cada a\u00f1o y protege la calidad de todo lo anterior. Si su configuraci\u00f3n general es m\u00e1s modesta, la diferencia de valor ser\u00e1 menos evidente en el uso.<\/p>\n<h2>Veredicto: un eslab\u00f3n clave en una configuraci\u00f3n seria de Simucube<\/h2>\n<p>El Simucube Quick Release Wheel Side Kit no transforma m\u00e1gicamente una base media en un monstruo sensacional. Lo que hace es m\u00e1s sutil, pero crucial: se asegura de que el v\u00ednculo entre su base Simucube y su volante nunca ser\u00e1 el eslab\u00f3n m\u00e1s d\u00e9bil. Para una configuraci\u00f3n Direct Drive de gama alta, eso no es poca cosa.<\/p>\n<p>En el mercado, la situar\u00eda directamente en la categor\u00eda premium, con un posicionamiento m\u00e1s como \"herramienta de trabajo\" que como \"accesorio divertido\". No pretende impresionar, sino ser coherente y preciso. En este sentido, cumple todos los requisitos. Los aficionados a los simulacros que quieran una conexi\u00f3n perfectamente r\u00edgida y sin holguras encontrar\u00e1n lo que buscan.<\/p>\n<p>Lo recomendar\u00eda sin dudarlo a los usuarios de la base Simucube que tengan previsto disponer de varios volantes, que conduzcan principalmente en PC y que ya dispongan de un cockpit capaz de soportar el par motor de un Direct Drive. Para el jugador m\u00e1s ocasional, con una configuraci\u00f3n m\u00e1s modesta u orientada a la consola, otras inversiones tendr\u00e1n un impacto m\u00e1s inmediato en el placer del juego.<\/p>\n<p>Si buscas una uni\u00f3n volante\/base ultrarr\u00edgida, fiable en el tiempo y perfectamente compatible con una base Simucube Direct Drive, este producto puede marcar claramente la diferencia en tu configuraci\u00f3n.&lt;\/final<\/p>","protected":false},"excerpt":{"rendered":"<p>Este cierre r\u00e1pido proporciona una uni\u00f3n volante\/base muy r\u00edgida y transparente, que me impresion\u00f3 sobre todo por la ausencia total de juego y ruido de retroalimentaci\u00f3n. Tiene sentido para los simracers que ya han invertido en el ecosistema Simucube, con un cockpit serio y varios volantes. En una configuraci\u00f3n de este tipo, su coste sigue siendo coherente con el valor que asegura.<\/p>","protected":false},"featured_media":100275,"comment_status":"open","ping_status":"closed","template":"","meta":{"_acf_changed":false,"_et_pb_use_builder":"","_et_pb_old_content":"","_et_gb_content_width":""},"product_brand":[154],"product_cat":[153],"product_tag":[149],"class_list":{"0":"post-101588","1":"product","2":"type-product","3":"status-publish","4":"has-post-thumbnail","6":"product_brand-simucube","7":"product_cat-accessoires","8":"product_tag-pc","10":"first","11":"instock","12":"shipping-taxable","13":"product-type-external"},"acf":[],"_links":{"self":[{"href":"https:\/\/simracergear.com\/es\/wp-json\/wp\/v2\/product\/101588","targetHints":{"allow":["GET"]}}],"collection":[{"href":"https:\/\/simracergear.com\/es\/wp-json\/wp\/v2\/product"}],"about":[{"href":"https:\/\/simracergear.com\/es\/wp-json\/wp\/v2\/types\/product"}],"replies":[{"embeddable":true,"href":"https:\/\/simracergear.com\/es\/wp-json\/wp\/v2\/comments?post=101588"}],"wp:featuredmedia":[{"embeddable":true,"href":"https:\/\/simracergear.com\/es\/wp-json\/wp\/v2\/media\/100275"}],"wp:attachment":[{"href":"https:\/\/simracergear.com\/es\/wp-json\/wp\/v2\/media?parent=101588"}],"wp:term":[{"taxonomy":"product_brand","embeddable":true,"href":"https:\/\/simracergear.com\/es\/wp-json\/wp\/v2\/product_brand?post=101588"},{"taxonomy":"product_cat","embeddable":true,"href":"https:\/\/simracergear.com\/es\/wp-json\/wp\/v2\/product_cat?post=101588"},{"taxonomy":"product_tag","embeddable":true,"href":"https:\/\/simracergear.com\/es\/wp-json\/wp\/v2\/product_tag?post=101588"}],"curies":[{"name":"wp","href":"https:\/\/api.w.org\/{rel}","templated":true}]}}