{"id":101781,"date":"2025-05-22T08:04:00","date_gmt":"2025-05-22T08:04:00","guid":{"rendered":"https:\/\/simracergear.com\/?post_type=product&#038;p=101781"},"modified":"2026-01-12T02:14:44","modified_gmt":"2026-01-12T02:14:44","slug":"simlab-gt1-evo","status":"publish","type":"product","link":"https:\/\/simracergear.com\/es\/products\/simlab-gt1-evo\/","title":{"rendered":"Simlab GT1 Evo"},"content":{"rendered":"<p>En el mundo de las cabinas de aluminio aerodin\u00e1micas, el Sim-Lab GT1 Evo se ha convertido en una especie de referencia \"razonable\". No se trata de un monstruo de gama ultra alta con un precio excesivo, sino m\u00e1s bien de un chasis sencillo para principiantes. Est\u00e1 dirigido al coraz\u00f3n del simracing serio: potentes bases Direct Drive, bielas de c\u00e9lula de carga o hidr\u00e1ulicas, y usuarios que quieren algo limpio, r\u00edgido y mejorable.<\/p>\n<p>Sobre el papel, el GT1 Evo promete un chasis de secci\u00f3n de aluminio 8020, suficientemente r\u00edgido para aceptar bases hasta fuerzas ya de por s\u00ed fuertes, con una posici\u00f3n GT vers\u00e1til, muchas posibilidades de ajuste y un montaje \"l\u00f3gico\" para este tipo de producto. Es atractivo porque a menudo representa el primer cockpit s\u00f3lido \"real\" despu\u00e9s de las bases plegables o las estructuras tubulares ligeras.<\/p>\n<p>Mi punto de vista aqu\u00ed es simple: rigidez real, comodidad de posici\u00f3n, facilidad de ajuste y la capacidad de manejar un Direct Drive real y unas bielas robustas sin vibraciones ni torsiones. En resumen: \u00bfresiste realmente el GT1 Evo en el uso diario, o no es m\u00e1s que otro perfil de aluminio en medio de la gama actual?<\/p>\n<h2>Dise\u00f1o y fabricaci\u00f3n<\/h2>\n<p>Visualmente, el GT1 Evo destila seriedad: secciones de aluminio anodizado, secciones transversales generosas, muchos tornillos y pernos, placas gruesas donde es necesario. En la mano, las barras dan la impresi\u00f3n de densidad y mecanizado de precisi\u00f3n que cabe esperar de un cockpit de aluminio decente. Los bordes son limpios, los agujeros est\u00e1n en general bien perforados, y r\u00e1pidamente se ve que esto no es un juguete.<\/p>\n<p>Una vez montado, lo que sorprende es la rigidez general del cuadro. La vaina Direct Drive puede ser empujada con fuerza, pero apenas se inmuta. El eje de pedalier se mantiene firmemente en su sitio, y la columna de direcci\u00f3n (o el cuadro delantero, dependiendo de la configuraci\u00f3n) no empieza a bombear con cada correcci\u00f3n agresiva. Se nota que la arquitectura ha sido dise\u00f1ada para soportar tensiones laterales y longitudinales bastante elevadas.<\/p>\n<p>El acabado es m\u00e1s \"industrial chic\" que de sal\u00f3n de dise\u00f1o. No son muebles de lujo, son perfiles t\u00e9cnicos. De cerca, se ven las cabezas de los tornillos, las escuadras y las ranuras. Para m\u00ed, encaja perfectamente con su prop\u00f3sito: es una herramienta, no una obra de arte. Las placas de soporte (asiento, volante, pedales) inspiran confianza, con su grosor tranquilizador y sus m\u00faltiples fijaciones.<\/p>\n<p>Esto puede resultar un poco decepcionante, con la posibilidad de que queden algunos peque\u00f1os huecos si no se aprieta todo met\u00f3dicamente, y una tolerancia que a veces obliga a ajustar un poco los \u00e1ngulos, jugar con las escuadras o volver a alinear. No se puede evitar el aspecto de \"mecano\" de los perfiles de aluminio. Comparado con algunos chasis tubulares premontados, el GT1 Evo requiere un poco m\u00e1s de cuidado, pero a cambio se gana claramente en solidez y capacidad de actualizaci\u00f3n.<\/p>\n<p>Comparado con otros cockpits de aluminio del mismo segmento, est\u00e1 en lo m\u00e1s alto de la gama en cuanto a rigidez una vez montado correctamente. No estamos hablando de un enorme chasis sobredimensionado dise\u00f1ado para las bases m\u00e1s extremas, pero para un uso 'GT \/ GT3 \/ prototipo' con un potente Direct Drive, la calidad percibida es francamente muy buena.<\/p>\n<h2>Ajustes, personalizaci\u00f3n y compatibilidad<\/h2>\n<p>Una de las grandes bazas de la GT1 Evo es el abanico de posibilidades de ajuste. La posici\u00f3n de conducci\u00f3n puede ajustarse casi al mil\u00edmetro: longitud del chasis, altura de la placa del volante, inclinaci\u00f3n y distancia de los pedales, soporte del asiento ajustable en profundidad y a veces en altura en funci\u00f3n de la placa utilizada. Realmente puedes adaptar la configuraci\u00f3n a la forma de tu cuerpo y a tu estilo.<\/p>\n<p>Los ajustes que m\u00e1s importan en el d\u00eda a d\u00eda son f\u00e1ciles de entender: adelantar\/atrasar el plato, ajustar el \u00e1ngulo para apoyar el tal\u00f3n, subir o bajar la base del volante para simular una posici\u00f3n GT baja o algo m\u00e1s erguida como una moto de turismo. Una vez que comprendes la l\u00f3gica de los perfiles (ranuras + pernos de martillo), la curva de aprendizaje es razonable. S\u00f3lo tienes que estar preparado para dedicar un poco de tiempo al montaje y a los ajustes iniciales.<\/p>\n<p>En t\u00e9rminos de compatibilidad, el chasis est\u00e1 claramente dise\u00f1ado para PC en primer lugar, pero mec\u00e1nicamente acepta la mayor\u00eda de las bases de volante del mercado, tanto si est\u00e1n pensadas para PC como para consola. La verdadera limitaci\u00f3n suele venir de las marcas de volante m\u00e1s que del propio chasis. Los orificios y las placas est\u00e1n dise\u00f1ados para los grandes nombres del sector, y el aluminio perfilado significa que siempre puedes adaptar o a\u00f1adir una placa si lo necesitas.<\/p>\n<p>Lo mismo ocurre con los platos y bielas: c\u00e9lulas de carga, hidr\u00e1ulicos, platos y bielas completos de tres pedales... la estructura puede con todo. Tambi\u00e9n puede montar una palanca de cambios, un freno de mano y un soporte de pantalla, independiente o montado en el cuadro, seg\u00fan las opciones. El ecosistema Sim-Lab ofrece varias soluciones listas para montar, y el perfil est\u00e1ndar abre la puerta a accesorios de otras marcas o de fabricaci\u00f3n casera.<\/p>\n<p>En cuanto a la posibilidad de actualizaci\u00f3n, la GT1 Evo es una aut\u00e9ntica base a largo plazo. Puedes empezar con una base de gama media y una pedalera est\u00e1ndar, y luego subir de gama sin tener que cambiar de cabina. Se siente m\u00e1s como un pivote de configuraci\u00f3n \"serio\" que como un simple punto de entrada temporal.<\/p>\n<h2>Sensaciones en juego<\/h2>\n<p>Una cosa es tener un bonito habit\u00e1culo de aluminio y otra muy distinta sentir la diferencia en la pista. En el GT1 Evo, lo primero que destaca es la estabilidad del punto de control. El volante permanece en el mismo sitio, sin microflexiones laterales ni verticales. Realmente puedes apoyarte en la base, f\u00edsicamente, en curvas r\u00e1pidas, sin percibir ning\u00fan flotador par\u00e1sito.<\/p>\n<p>Con un Direct Drive, la respuesta de fuerza es m\u00e1s precisa que nunca. Puedes sentir variaciones en el agarre, peque\u00f1as p\u00e9rdidas de agarre en la parte delantera, y las microcorrecciones se vuelven m\u00e1s naturales porque el chasis no filtra la informaci\u00f3n girando. Entiendes inmediatamente lo que est\u00e1 haciendo el coche. Las reacciones de base son m\u00e1s limpias que con un chasis ligero que absorbe parte de la energ\u00eda.<\/p>\n<p>La GT1 Evo maneja muy bien las curvas lentas, la direcci\u00f3n pesada y las frenadas fuertes. La combinaci\u00f3n de plato r\u00edgido y estructura estable da verdadera confianza al modular la presi\u00f3n. No tienes que luchar contra un suelo que se mueve hacia atr\u00e1s o vibra. Las transferencias simuladas por el FFB son m\u00e1s f\u00e1ciles de manejar, y el coche sigue sinti\u00e9ndose \"plantado\" sobre las cuatro ruedas.<\/p>\n<p>En las vibradoras, ah\u00ed es donde suele delatarse un cockpit de mala calidad. Aqu\u00ed, las vibraciones se quedan en el volante y posiblemente en el plato, pero el cuadro no tiembla en exceso. Se notan los vibradores agresivos, los bordes m\u00e1s suaves y los ligeros calados. El chasis act\u00faa como una base neutra, y eso es exactamente lo que buscamos: no a\u00f1ade su propia retroalimentaci\u00f3n parasitaria.<\/p>\n<p>En sesiones largas, la principal ventaja es la constancia. Cuando la posici\u00f3n se ajusta correctamente, se mantiene la misma ergonom\u00eda vuelta tras vuelta. No hay columnas que se hunden, ni pedales que se suben. La fatiga proviene de la conducci\u00f3n, no de luchar contra una configuraci\u00f3n inestable. Tambi\u00e9n ganas en comodidad mental: sabes que todo permanece donde lo has puesto.<\/p>\n<p>Cuando se trata de correcciones r\u00e1pidas, como compensar el sobreviraje a la salida de una curva, la ausencia de flexi\u00f3n perceptible supone una ventaja. El brazo transmite la correcci\u00f3n inmediatamente, la base responde, pero el chasis no \"bombea\". Se siente como un v\u00ednculo directo entre el cerebro, las manos y los neum\u00e1ticos virtuales. Aqu\u00ed es donde la estructura realmente destaca en comparaci\u00f3n con un habit\u00e1culo m\u00e1s b\u00e1sico.<\/p>\n<p>En comparaci\u00f3n con un chasis tubular ligero o un soporte de direcci\u00f3n b\u00e1sico, la diferencia es clara: se gana en precisi\u00f3n, estabilidad y confianza. En comparaci\u00f3n con un cuadro de aluminio a\u00fan m\u00e1s macizo y m\u00e1s caro, la diferencia es m\u00e1s extrema, con vainas de gran potencia o platos y bielas ultraduros. Para un uso predominantemente GT\/endurance\/rally con una vaina est\u00e1ndar o DD fornida, la GT1 Evo llega hasta el final sin ser humillada.<\/p>\n<p>En la inmersi\u00f3n general, el hecho de estar en una posici\u00f3n limpia, estable y bien colocado cambia claramente tu relaci\u00f3n con el juego. Te concentras en las trayectorias, no en el hardware. La cabina pasa a un segundo plano, y eso es lo que quieres de un buen sistema de apoyo: que se vuelva invisible en la experiencia, al tiempo que permanece irreprochable entre bastidores.<\/p>\n<h2>\u00bfA qui\u00e9n va dirigido? Lo que nos gusta \/ Lo que no nos gusta<\/h2>\n<p>El Sim-Lab GT1 Evo est\u00e1 dirigido sobre todo a simracers de nivel intermedio y avanzado que ya han ido m\u00e1s all\u00e1 del simple puesto de pilotaje y quieren un cockpit serio y compatible con Direct Drive, sin pasar todav\u00eda a la gama ultra alta del mercado. Tambi\u00e9n es una opci\u00f3n l\u00f3gica para los principiantes muy motivados que saben que van a seguir con el simracing y prefieren invertir una vez en lugar de comprar dos veces.<\/p>\n<p>Lo que me gusta especialmente es la rigidez general en comparaci\u00f3n con el precio del chasis. Se nota que est\u00e1 construido para un uso intensivo, con pedales de verdad y vainas potentes. En segundo lugar, la modularidad es muy agradable: puedes ajustar la posici\u00f3n con precisi\u00f3n, a\u00f1adir soportes y adaptar la ergonom\u00eda con el tiempo. Por \u00faltimo, la relaci\u00f3n espacio\/estabilidad est\u00e1 bien gestionada: no es un monstruo inmanejable en una habitaci\u00f3n, pero se mantiene extremadamente estable en uso. Es una inversi\u00f3n coherente, lo que tiene sentido en una instalaci\u00f3n orientada a la progresi\u00f3n a lo largo de varios a\u00f1os.<\/p>\n<p>Por otro lado, hay que tener en cuenta algunos l\u00edmites. El montaje requiere tiempo, espacio y un m\u00ednimo de paciencia. Entre el montaje, la alineaci\u00f3n y los ajustes iniciales, no puedes esperar estar en la carretera una hora despu\u00e9s de abrir las cajas. Otro punto: el aspecto muy de \"perfil industrial\" no gustar\u00e1 a todo el mundo, sobre todo si la cabina est\u00e1 en un sal\u00f3n a la vista. Por \u00faltimo, para los usuarios m\u00e1s extremos, con vainas sobredimensionadas y platos y bielas ultraduros, algunos seguir\u00e1n buscando un mayor nivel de sobredimensionamiento, m\u00e1s cercano a los chasis de nicho verdaderamente premium.<\/p>\n<p>En t\u00e9rminos de valor percibido, tienes la sensaci\u00f3n de estar pagando por sustancia, rigidez y capacidad de actualizaci\u00f3n, no por marketing cosm\u00e9tico. Para una configuraci\u00f3n seria orientada al PC, es una inversi\u00f3n que tiene sentido. Simplemente hay que aceptar el aspecto t\u00e9cnico de la configuraci\u00f3n y el ajuste iniciales.<\/p>\n<h2>Veredicto<\/h2>\n<p>El Sim-Lab GT1 Evo transforma claramente la base de una configuraci\u00f3n de simracing. Pasamos de un soporte m\u00e1s o menos comprometido a un verdadero chasis estructurante, capaz de soportar un Direct Drive, un plato de altas prestaciones y horas de conducci\u00f3n sin inmutarse. La ganancia en comodidad, consistencia y confianza es tangible, especialmente si vienes de un cockpit m\u00e1s ligero o de un soporte sencillo.<\/p>\n<p>En el mercado, se sit\u00faa en el segmento de \"gama media\/alta racional\": m\u00e1s serio y m\u00e1s r\u00edgido que la mayor\u00eda de las soluciones de iniciaci\u00f3n, menos extremo y menos caro que los monstruos sobredimensionados dise\u00f1ados para las configuraciones m\u00e1s locas. Es un punto de apoyo muy s\u00f3lido sobre el que construir una configuraci\u00f3n coherente.<\/p>\n<p>Lo recomendar\u00eda a quienes jueguen principalmente en PC, con o sin Direct Drive, y quieran un chasis sobre el que puedan actualizar el resto de su hardware a lo largo de varios a\u00f1os. Para alguien que juegue ocasionalmente, en un sal\u00f3n, con un volante m\u00e1s modesto y que quiera algo muy discreto, no ser\u00e1 necesariamente la mejor elecci\u00f3n.<\/p>\n<p>Si buscas un cockpit de aluminio r\u00edgido y mejorable que sea realmente serio sin pasarse, el Sim-Lab GT1 Evo podr\u00eda marcar la diferencia en tu configuraci\u00f3n.<\/p>","protected":false},"excerpt":{"rendered":"<p>El GT1 Evo me dio la sensaci\u00f3n de convertir una configuraci\u00f3n \"decente\" en una base realmente s\u00f3lida y estable que desaparece al pilotar. Tiene sentido para simracers motivados (de nivel intermedio a avanzado) que quieren un chasis duradero que est\u00e9 listo para Direct Drive, sin tener que actualizarse al tope de gama. Es una buena inversi\u00f3n a largo plazo.<\/p>","protected":false},"featured_media":101782,"comment_status":"open","ping_status":"closed","template":"","meta":{"_acf_changed":false,"_et_pb_use_builder":"","_et_pb_old_content":"","_et_gb_content_width":""},"product_brand":[174],"product_cat":[163],"product_tag":[149,159,160],"class_list":{"0":"post-101781","1":"product","2":"type-product","3":"status-publish","4":"has-post-thumbnail","6":"product_brand-sim-lab","7":"product_cat-cockpit","8":"product_tag-pc","9":"product_tag-playstation","10":"product_tag-xbox","12":"first","13":"instock","14":"shipping-taxable","15":"product-type-external"},"acf":[],"_links":{"self":[{"href":"https:\/\/simracergear.com\/es\/wp-json\/wp\/v2\/product\/101781","targetHints":{"allow":["GET"]}}],"collection":[{"href":"https:\/\/simracergear.com\/es\/wp-json\/wp\/v2\/product"}],"about":[{"href":"https:\/\/simracergear.com\/es\/wp-json\/wp\/v2\/types\/product"}],"replies":[{"embeddable":true,"href":"https:\/\/simracergear.com\/es\/wp-json\/wp\/v2\/comments?post=101781"}],"wp:featuredmedia":[{"embeddable":true,"href":"https:\/\/simracergear.com\/es\/wp-json\/wp\/v2\/media\/101782"}],"wp:attachment":[{"href":"https:\/\/simracergear.com\/es\/wp-json\/wp\/v2\/media?parent=101781"}],"wp:term":[{"taxonomy":"product_brand","embeddable":true,"href":"https:\/\/simracergear.com\/es\/wp-json\/wp\/v2\/product_brand?post=101781"},{"taxonomy":"product_cat","embeddable":true,"href":"https:\/\/simracergear.com\/es\/wp-json\/wp\/v2\/product_cat?post=101781"},{"taxonomy":"product_tag","embeddable":true,"href":"https:\/\/simracergear.com\/es\/wp-json\/wp\/v2\/product_tag?post=101781"}],"curies":[{"name":"wp","href":"https:\/\/api.w.org\/{rel}","templated":true}]}}