{"id":10,"date":"2022-03-21T11:23:49","date_gmt":"2022-03-21T11:23:49","guid":{"rendered":"https:\/\/simracergear.com\/?page_id=10"},"modified":"2025-09-23T10:08:03","modified_gmt":"2025-09-23T10:08:03","slug":"mentions-legales","status":"publish","type":"page","link":"https:\/\/simracergear.com\/hu\/mentions-legales\/","title":{"rendered":"Jogi inform\u00e1ci\u00f3k"},"content":{"rendered":"<meta name=\"robots\" content=\"noindex, nofollow\"><figure class=\"wp-block-image size-full is-resized\"><img decoding=\"async\" width=\"932\" height=\"242\" src=\"https:\/\/simracergear.com\/wp-content\/uploads\/2025\/09\/mentions-legales-fr.jpg\" alt=\"\" class=\"wp-image-101895\" style=\"width:450px\" srcset=\"https:\/\/simracergear.com\/wp-content\/uploads\/2025\/09\/mentions-legales-fr.jpg 932w, https:\/\/simracergear.com\/wp-content\/uploads\/2025\/09\/mentions-legales-fr-480x125.jpg 480w\" sizes=\"(min-width: 0px) and (max-width: 480px) 480px, (min-width: 481px) 932px, 100vw\" \/><\/figure><p><strong>H\u00e1zigazda :<\/strong><br>Infomaniak<br>Rue Eug\u00e8ne-Marziano 25<br>1227 Les Acacias - Sv\u00e1jc<br>https:\/\/www.infomaniak.com<\/p><h2 class=\"wp-block-heading\"><strong>Felhaszn\u00e1l\u00e1si felt\u00e9telek<\/strong><\/h2><p>Az oldal haszn\u00e1lata az al\u00e1bbi \u00e1ltal\u00e1nos felhaszn\u00e1l\u00e1si felt\u00e9telek teljes k\u00f6r\u0171 elfogad\u00e1s\u00e1t jelenti. Ezek a felhaszn\u00e1l\u00e1si felt\u00e9telek b\u00e1rmikor m\u00f3dos\u00edthat\u00f3k vagy kieg\u00e9sz\u00edthet\u0151k.<\/p><p>A term\u00e9kekre vonatkoz\u00f3 inform\u00e1ci\u00f3k (\u00e1rak, jellemz\u0151k, el\u00e9rhet\u0151s\u00e9g) csak t\u00e1j\u00e9koztat\u00e1sul szolg\u00e1lnak, \u00e9s a partner keresked\u0151oldalakr\u00f3l sz\u00e1rmaznak. Ezek v\u00e1ltozhatnak, \u00e9s nem v\u00e1llalj\u00e1k a webhely tulajdonos\u00e1nak felel\u0151ss\u00e9g\u00e9t.<\/p><h2 class=\"wp-block-heading\"><strong>Inform\u00e1ci\u00f3<\/strong><\/h2><p>Az ezen az oldalon tal\u00e1lhat\u00f3 inform\u00e1ci\u00f3k \u00e9s dokumentumok kiz\u00e1r\u00f3lag t\u00e1j\u00e9koztat\u00f3 jelleg\u0171ek, nem teljes k\u00f6r\u0171ek, \u00e9s nem vonj\u00e1k maguk ut\u00e1n az oldal tulajdonos\u00e1nak felel\u0151ss\u00e9g\u00e9t.<\/p><p>Az oldal tulajdonosa nem tehet\u0151 felel\u0151ss\u00e9 az oldalra val\u00f3 bel\u00e9p\u00e9sb\u0151l ered\u0151 k\u00f6zvetlen vagy k\u00f6zvetett k\u00e1rok\u00e9rt.<\/p><h2 class=\"wp-block-heading\"><strong>Interaktivit\u00e1s<\/strong><\/h2><p>Az oldal felhaszn\u00e1l\u00f3i tartalmat tehetnek k\u00f6zz\u00e9, amely az oldalon erre a c\u00e9lra fenntartott ter\u00fcleteken jelenik meg (k\u00fcl\u00f6n\u00f6sen a hozz\u00e1sz\u00f3l\u00e1sokon kereszt\u00fcl). A k\u00f6zz\u00e9tett tartalom\u00e9rt a szerz\u0151k felelnek, akik teljes jogi felel\u0151ss\u00e9get v\u00e1llalnak.<\/p><p>Az oldal tulajdonosa azonban fenntartja a jogot, hogy \u00e9rtes\u00edt\u00e9s \u00e9s indokl\u00e1s n\u00e9lk\u00fcl visszavonja a felhaszn\u00e1l\u00f3k \u00e1ltal k\u00f6zz\u00e9tett olyan tartalmakat, amelyek nem felelnek meg az oldal etikai chart\u00e1j\u00e1nak vagy a hat\u00e1lyos jogszab\u00e1lyoknak.<\/p><h2 class=\"wp-block-heading\"><strong>Szellemi tulajdon<\/strong><\/h2><p>Elt\u00e9r\u0151 rendelkez\u00e9s hi\u00e1ny\u00e1ban az oldalon el\u00e9rhet\u0151 valamennyi elem (sz\u00f6vegek, k\u00e9pek, grafik\u00e1k, log\u00f3k, ikonok, hangok, szoftverek stb.) a szerz\u0151k kiz\u00e1r\u00f3lagos tulajdon\u00e1t k\u00e9pezik, tekintettel a szellemi tulajdonjogokra vagy a felhaszn\u00e1l\u00e1si jogokra.<a href=\"https:\/\/www.webexpress.fr\/actualite\/focus\/modele-de-mentions-legales-complet-et-gratuit\/#fn-7013-1\" target=\"_blank\" rel=\"noopener noreferrer nofollow\"> <sup>1<\/sup><\/a><\/p><p>A weboldal elemeinek vagy azok egy r\u00e9sz\u00e9nek b\u00e1rmilyen reproduk\u00e1l\u00e1sa, megjelen\u00edt\u00e9se, m\u00f3dos\u00edt\u00e1sa, k\u00f6zz\u00e9t\u00e9tele, adapt\u00e1l\u00e1sa, b\u00e1rmilyen eszk\u00f6zzel vagy elj\u00e1r\u00e1ssal, tilos, kiv\u00e9ve a szerz\u0151 el\u0151zetes \u00edr\u00e1sbeli enged\u00e9ly\u00e9vel.<a href=\"https:\/\/www.webexpress.fr\/actualite\/focus\/modele-de-mentions-legales-complet-et-gratuit\/#fn-7013-2\" target=\"_blank\" rel=\"noopener noreferrer nofollow\"><sup>2<\/sup><\/a><a href=\"https:\/\/www.webexpress.fr\/actualite\/focus\/modele-de-mentions-legales-complet-et-gratuit\/#fn-7013-3\" target=\"_blank\" rel=\"noopener noreferrer nofollow\"><sup>3<\/sup><\/a><\/p><p>Az oldal vagy a rajta tal\u00e1lhat\u00f3 b\u00e1rmely elem jogosulatlan haszn\u00e1lata jogs\u00e9rt\u00e9snek min\u0151s\u00fcl, \u00e9s b\u00fcntet\u0151jogi felel\u0151ss\u00e9gre von\u00e1st von maga ut\u00e1n.<a href=\"https:\/\/www.webexpress.fr\/actualite\/focus\/modele-de-mentions-legales-complet-et-gratuit\/#fn-7013-9\" target=\"_blank\" rel=\"noopener noreferrer nofollow\"> <sup>4<\/sup><\/a><\/p><p>Az oldalon szerepl\u0151 m\u00e1rk\u00e1k \u00e9s log\u00f3k a tulajdonukban l\u00e9v\u0151 v\u00e1llalatok \u00e1ltal bejegyzettek.<\/p><h2 class=\"wp-block-heading\"><strong>Linkek<\/strong><\/h2><p><strong>Kimen\u0151 linkek<\/strong><\/p><p>Az oldal tulajdonosa elutas\u00edt minden felel\u0151ss\u00e9get, \u00e9s nem v\u00e1llal k\u00f6telezetts\u00e9get az internetes h\u00e1l\u00f3zaton jelen l\u00e9v\u0151 harmadik f\u00e9lt\u0151l sz\u00e1rmaz\u00f3 forr\u00e1sokra val\u00f3 hivatkoz\u00e1ssal, hipertext linkeken kereszt\u00fcl, sem tartalmuk, sem relevanci\u00e1juk tekintet\u00e9ben.<\/p><p><strong>Bej\u00f6v\u0151 linkek<\/strong><\/p><p>Az oldal tulajdonosa enged\u00e9lyezi a hipertext linkeket az oldal b\u00e1rmelyik oldal\u00e1ra, felt\u00e9ve, hogy ezek \u00faj ablakot nyitnak, \u00e9s egy\u00e9rtelm\u0171 m\u00f3don ker\u00fclnek bemutat\u00e1sra, hogy elker\u00fclj\u00e9k :<\/p><ul class=\"wp-block-list\"><li>az id\u00e9z\u0151 webhely \u00e9s a webhely tulajdonosa k\u00f6z\u00f6tti \u00f6sszet\u00e9veszt\u00e9s vesz\u00e9lye<\/li>\n\n<li>valamint minden olyan el\u0151ad\u00e1s, amely tendenci\u00f3zus vagy ellent\u00e9tes a hat\u00e1lyos jogszab\u00e1lyokkal.<\/li><\/ul><p>Az oldal tulajdonosa fenntartja a jogot, hogy k\u00e9rje a link elt\u00e1vol\u00edt\u00e1s\u00e1t, ha \u00fagy \u00edt\u00e9li meg, hogy a forr\u00e1soldal nem felel meg ezeknek a szab\u00e1lyoknak.<\/p><h2 class=\"wp-block-heading\"><strong>Hovatartoz\u00e1s<\/strong><\/h2><p>Az oldalon tal\u00e1lhat\u00f3 linkek egy r\u00e9sze affiliate link. Ez azt jelenti, hogy ha r\u00e1kattint ezekre a linkekre \u00e9s v\u00e1s\u00e1rol, akkor jutal\u00e9kot kapunk, an\u00e9lk\u00fcl, hogy \u00d6nnek k\u00fcl\u00f6n k\u00f6lts\u00e9get jelentene.<br>Az \u00e1rakat, a k\u00e9szleteket, a sz\u00e1ll\u00edt\u00e1si felt\u00e9teleket \u00e9s a visszak\u00fcld\u00e9si szab\u00e1lyokat kiz\u00e1r\u00f3lag a partnerkeresked\u0151 oldalak hat\u00e1rozz\u00e1k meg.<br>A SimRacerGear nem \u00e9rt\u00e9kes\u00edt k\u00f6zvetlen\u00fcl term\u00e9keket, ez\u00e9rt nem foglalkozik megrendel\u00e9sekkel, sz\u00e1ml\u00e1z\u00e1ssal, sz\u00e1ll\u00edt\u00e1ssal vagy \u00e9rt\u00e9kes\u00edt\u00e9s ut\u00e1ni szolg\u00e1ltat\u00e1ssal.<\/p><h2 class=\"wp-block-heading\"><strong>Bizalmass\u00e1g<\/strong><\/h2><p>Minden felhaszn\u00e1l\u00f3nak joga van a r\u00e1 vonatkoz\u00f3 szem\u00e9lyes adatokhoz val\u00f3 hozz\u00e1f\u00e9r\u00e9shez, azok helyesb\u00edt\u00e9s\u00e9hez \u00e9s tiltakoz\u00e1shoz, amennyiben \u00edr\u00e1sban \u00e9s al\u00e1\u00edr\u00e1ssal ell\u00e1tott, szem\u00e9lyazonoss\u00e1g\u00e1t igazol\u00f3 dokumentummal ell\u00e1tott k\u00e9relmet ny\u00fajt be.<\/p><p>Ez az oldal szem\u00e9lyes adatokat gy\u0171jthet az \u0171rlapok (kapcsolatfelv\u00e9tel, h\u00edrlev\u00e9lre val\u00f3 feliratkoz\u00e1s stb.) \u00e9s a s\u00fctik (statisztik\u00e1k, affiliate linkek) seg\u00edts\u00e9g\u00e9vel.<br>Az RGPD-vel \u00f6sszhangban \u00d6nnek joga van a szem\u00e9lyes adataihoz val\u00f3 hozz\u00e1f\u00e9r\u00e9shez, azok helyesb\u00edt\u00e9s\u00e9hez \u00e9s t\u00f6rl\u00e9s\u00e9hez, amelyet a fenti c\u00edmen t\u00f6rt\u00e9n\u0151 kapcsolatfelv\u00e9tellel gyakorolhat.<\/p><hr class=\"wp-block-separator has-alpha-channel-opacity\"\/>","protected":false},"excerpt":{"rendered":"<p>Host :InfomaniakRue Eug\u00e8ne-Marziano 251227 Les Acacias - Sv\u00e1jchttps:\/\/www.infomaniak.com Haszn\u00e1lati felt\u00e9telek Haszn\u00e1lat Az oldal haszn\u00e1lata az al\u00e1bbi \u00e1ltal\u00e1nos haszn\u00e1lati felt\u00e9telek teljes k\u00f6r\u0171 elfogad\u00e1s\u00e1t jelenti. Ezek a felhaszn\u00e1l\u00e1si felt\u00e9telek b\u00e1rmikor m\u00f3dos\u00edthat\u00f3k vagy kieg\u00e9sz\u00edthet\u0151k. A term\u00e9kekre vonatkoz\u00f3 inform\u00e1ci\u00f3k (\u00e1rak, jellemz\u0151k, el\u00e9rhet\u0151s\u00e9g) kiz\u00e1r\u00f3lag t\u00e1j\u00e9koztat\u00f3 jelleg\u0171ek, \u00e9s a keresked\u0151k oldal\u00e1r\u00f3l sz\u00e1rmaznak [...].<\/p>","protected":false},"author":5,"featured_media":0,"parent":0,"menu_order":0,"comment_status":"closed","ping_status":"closed","template":"","meta":{"_acf_changed":false,"_et_pb_use_builder":"","_et_pb_old_content":"","_et_gb_content_width":"1080","footnotes":""},"class_list":["post-10","page","type-page","status-publish","hentry"],"acf":[],"_links":{"self":[{"href":"https:\/\/simracergear.com\/hu\/wp-json\/wp\/v2\/pages\/10","targetHints":{"allow":["GET"]}}],"collection":[{"href":"https:\/\/simracergear.com\/hu\/wp-json\/wp\/v2\/pages"}],"about":[{"href":"https:\/\/simracergear.com\/hu\/wp-json\/wp\/v2\/types\/page"}],"author":[{"embeddable":true,"href":"https:\/\/simracergear.com\/hu\/wp-json\/wp\/v2\/users\/5"}],"replies":[{"embeddable":true,"href":"https:\/\/simracergear.com\/hu\/wp-json\/wp\/v2\/comments?post=10"}],"version-history":[{"count":9,"href":"https:\/\/simracergear.com\/hu\/wp-json\/wp\/v2\/pages\/10\/revisions"}],"predecessor-version":[{"id":101896,"href":"https:\/\/simracergear.com\/hu\/wp-json\/wp\/v2\/pages\/10\/revisions\/101896"}],"wp:attachment":[{"href":"https:\/\/simracergear.com\/hu\/wp-json\/wp\/v2\/media?parent=10"}],"curies":[{"name":"wp","href":"https:\/\/api.w.org\/{rel}","templated":true}]}}