{"id":100491,"date":"2025-05-15T07:44:00","date_gmt":"2025-05-15T07:44:00","guid":{"rendered":"https:\/\/simracergear.com\/products\/fanatec\/"},"modified":"2025-11-28T04:42:17","modified_gmt":"2025-11-28T04:42:17","slug":"fanatec","status":"publish","type":"product","link":"https:\/\/simracergear.com\/hu\/products\/fanatec\/","title":{"rendered":"Fanatec P\u00f3dium szerel\u00e9si konzolok"},"content":{"rendered":"<h2>Fanatec Podium r\u00f6gz\u00edt\u0151 konzolok: v\u00e9lem\u00e9nyem ig\u00e9nyes felhaszn\u00e1l\u00f3k\u00e9nt<\/h2>\n<p>Pap\u00edron a Fanatec Podium r\u00f6gz\u00edt\u0151 konzolok tiszt\u00e1n \"tartoz\u00e9knak\" sz\u00e1m\u00edtanak. A val\u00f3s\u00e1gban egy Direct Drive be\u00e1ll\u00edt\u00e1sban ezek egy szerkezeti elemet jelentenek. Ezeket a konzolokat \u00fagy tervezt\u00e9k, hogy biztons\u00e1gosan r\u00f6gz\u00edts\u00e9k a Fanatec fels\u0151kateg\u00f3ri\u00e1s l\u00e1nct\u00e1maszait (Podium, de a konfigur\u00e1ci\u00f3t\u00f3l f\u00fcgg\u0151en CSL DD \/ DD1 \/ DD2 is) egy v\u00e1zhoz vagy asztallaphoz, egyszer\u0171 c\u00e9llal: nulla flex, nulla j\u00e1t\u00e9k, m\u00e9g nagy nyomat\u00e9k mellett is.<\/p>\n<p>Ami annyira vonz\u00f3v\u00e1 teszi \u0151ket, az a \"profi\" merevs\u00e9g \u00edg\u00e9ret\u00e9nek \u00e9s az \u00e1ramvonalas f\u00e9m vagy alum\u00ednium pil\u00f3taf\u00fclk\u00e9be val\u00f3 tiszta integr\u00e1ci\u00f3nak a kombin\u00e1ci\u00f3ja. Az \u00f6tlet l\u00e9nyege, hogy a bark\u00e1cs- vagy \u00e1tlagos \u00f6sszeszerel\u00e9st\u0151l egy val\u00f3di, Direct Drive-ra tervezett szerel\u00e9kig jusson el. Nem nyer\u00fcnk Nm-t, de nyer\u00fcnk ir\u00e1ny\u00edt\u00e1st. \u00c9s ezt azonnal \u00e9rezheted a szimul\u00e1toros versenyz\u00e9sben.<\/p>\n<p>Az \u00e9n szempontom itt egy\u00e9rtelm\u0171: stabilit\u00e1s, j\u00e1t\u00e9kbeli \u00e9rz\u00e9s \u00e9s val\u00f3di \u00e9rdekess\u00e9g az univerz\u00e1lis megold\u00e1sokkal vagy az alapokkal egy\u00fctt sz\u00e1ll\u00edtott r\u00f6gz\u00edt\u0151 rendszerekkel szemben. Ezek a konzolok igazolj\u00e1k az \u00e1rukat egy am\u00fagy is dr\u00e1ga fel\u00e1ll\u00e1sban, vagy az \u00e1ltal\u00e1nos konzolok v\u00e9gs\u0151 soron ugyanazt teszik? \u00c9n \u00edgy \u00edt\u00e9lem meg \u0151ket: aszerint, hogy mit v\u00e1ltoztatnak meg t\u00e9nylegesen a k\u00e9perny\u0151 el\u0151tt.<\/p>\n<h2>Tervez\u00e9s \u00e9s gy\u00e1rt\u00e1s<\/h2>\n<p>A p\u00f3diumtart\u00f3 konzolok k\u00e9zben tartva azonnal a komolys\u00e1g benyom\u00e1s\u00e1t keltik. Ez vastag ac\u00e9l vagy alum\u00ednium, tiszt\u00e1n megmunk\u00e1lt, fekete kivitelben, amely t\u00f6k\u00e9letesen illeszkedik a Fanatec b\u00e1zisok st\u00edlus\u00e1hoz. Az \u00e9lek tiszt\u00e1k, a f\u00far\u00e1sok pont megfelel\u0151ek, \u00e9s a f\u00e9m s\u0171r\u0171s\u00e9ge azonnal megnyugtat, hogy nem fog meghajolni egy agressz\u00edv korm\u00e1ny els\u0151 \u00fct\u00e9s\u00e9n\u00e9l.<\/p>\n<p>A k\u00e9szlet \u00fagy n\u00e9z ki, mint egy pr\u00e9mium OEM term\u00e9k: semmi k\u00fcl\u00f6n\u00f6s, csak k\u00e9t nagy oldalt\u00e1masz, amelyeket \u00fagy terveztek, hogy illeszkedjenek az alap alakj\u00e1hoz. Amint a kezedbe ker\u00fcl, meg\u00e9rted a c\u00e9ljukat: r\u00f6gz\u00edtik az alapot, a pil\u00f3taf\u00fclk\u00e9hez r\u00f6gz\u00edtik \u00e9s megakad\u00e1lyozz\u00e1k a csavarod\u00e1st. Nagyon \"szersz\u00e1mg\u00e9pes\", a sz\u00f3 legjobb \u00e9rtelm\u00e9ben.<\/p>\n<p>A talppal val\u00f3 \u00f6sszeszerel\u00e9s a Fanatec \u00e1ltal biztos\u00edtott r\u00f6gz\u00edt\u00e9si pontokba illeszked\u0151 csavarokkal t\u00f6rt\u00e9nik. Nincs \u00e9rz\u00e9kelhet\u0151 j\u00e1t\u00e9k, miut\u00e1n mindent megfelel\u0151en megh\u00faztunk. Az az \u00e9rz\u00e9s\u00fcnk, hogy mindent egy\u00fctt terveztek, \u00e9s ez a k\u00f6vetkezetess\u00e9g gyakran hi\u00e1nyzik az univerz\u00e1lis r\u00f6gz\u00edt\u00e9sekn\u00e9l, ahol az al\u00e1t\u00e9tekkel, t\u00e1vtart\u00f3kkal \u00e9s enyhe eltol\u00e1sokkal kell zsongl\u0151rk\u00f6dni.<\/p>\n<p>Ami meglep\u0151, az az, hogy mennyire kompakt. N\u00e9ha massz\u00edv, terjedelmes konzolokra sz\u00e1m\u00edt az ember. Itt viszonylag diszkr\u00e9t, m\u00e9gis l\u00e1that\u00f3an er\u0151s. Egy alum\u00ednium 8020-as pil\u00f3taf\u00fclk\u00e9n nagyon j\u00f3l illeszkedik mind vizu\u00e1lisan, mind mechanikailag.<\/p>\n<p>Ami egy kicsit csal\u00f3d\u00e1st okozhat, az az \"extr\u00e1k\" hi\u00e1nya: nincs integr\u00e1lt halad\u00f3 be\u00e1ll\u00edt\u00e1s, nincs beoszt\u00e1s, nincs gyorsbe\u00e1ll\u00edt\u00e1si rendszer. Maradunk a filoz\u00f3fi\u00e1n\u00e1l: r\u00f6gz\u00edtsd, h\u00fazd meg, \u00e9s nem fog elmozdulni. N\u00e9h\u00e1ny univerz\u00e1lis konzollal \u00f6sszehasonl\u00edtva, amelyek v\u00e9gtelen\u00fcl d\u00f6nthet\u0151k vagy tele vannak \u00e1ll\u00edt\u00e1si ny\u00edl\u00e1sokkal, a Podium konzolok egy kicsit alapnak t\u0171nhetnek. De az \u00e9rz\u00e9kelt min\u0151s\u00e9get tekintve egy\u00e9rtelm\u0171en jobbak, mint a v\u00e9kony f\u00e9mlemezb\u0151l k\u00e9sz\u00fclt olcs\u00f3 megold\u00e1sok, amelyek er\u0151s talpakkal csavarodhatnak.<\/p>\n<h2>Be\u00e1ll\u00edt\u00e1sok, testreszab\u00e1s \u00e9s kompatibilit\u00e1s<\/h2>\n<p>Ami a be\u00e1ll\u00edt\u00e1sokat illeti, valami nagyon mechanikus \u00e9s konkr\u00e9t dologr\u00f3l besz\u00e9l\u00fcnk. A konzolok f\u0151k\u00e9nt az alap d\u0151l\u00e9ssz\u00f6g\u00e9nek tartom\u00e1ny\u00e1t k\u00edn\u00e1lj\u00e1k, a k\u00fcl\u00f6nb\u00f6z\u0151 oldals\u00f3 r\u00f6gz\u00edt\u00e9si pontokon \u00e9s a pil\u00f3taf\u00fclk\u00e9ben l\u00e9v\u0151 lyukak f\u00far\u00e1si lehet\u0151s\u00e9gein kereszt\u00fcl. Ez nem egy \"men\u00fc\" tartoz\u00e9k, minden egy imbuszkulccsal \u00e9s egy sima vill\u00e1skulccsal t\u00f6rt\u00e9nik.<\/p>\n<p>Az igaz\u00e1n hasznos be\u00e1ll\u00edt\u00e1sok: a korm\u00e1nyker\u00e9k sz\u00f6ge az \u00fcl\u00e9shez k\u00e9pest \u00e9s a talp magass\u00e1ga az alv\u00e1zon l\u00e9v\u0151 r\u00f6gz\u00edt\u00e9si pontokon kereszt\u00fcl. Annak, aki egy GT vagy egy proto modellhez nagyon k\u00f6zeli poz\u00edci\u00f3t keres, ez \u00e9rt\u00e9kelhet\u0151. A talp az el\u00fcls\u0151 vagy sz\u00e9ls\u0151 r\u00f6gz\u00edt\u00e9shez k\u00e9pest kiss\u00e9 lejjebb \u00e9s h\u00e1tr\u00e9bb tolhat\u00f3. A v\u00e9gs\u0151 ergon\u00f3mia nagyban f\u00fcgg a pil\u00f3taf\u00fclk\u00e9t\u0151l, de a konzolok val\u00f3di mozg\u00e1steret biztos\u00edtanak.<\/p>\n<p>A tanul\u00e1si folyamat egyszer\u0171: teszt, laz\u00edt\u00e1s, egy lyukkal feljebb, \u00fajra megh\u00faz\u00e1s. Eleinte egy kis id\u0151be telik megtal\u00e1lni a \"saj\u00e1t\" sz\u00f6get, de semmi bonyolult nincs benne. A l\u00e9nyeg az, hogy el\u0151re l\u00e1ssuk az \u00fcl\u00e9s \u00e9s a hajt\u00f3kar be\u00e1ll\u00edt\u00e1s\u00e1t, hogy ne kelljen mindent h\u00e1romszor sz\u00e9tszedni.<\/p>\n<p>Kompatibilit\u00e1s: a k\u00e9szletet a Direct Drive term\u00e9kcsal\u00e1d Fanatec-alapjaihoz tervezt\u00e9k. Am\u00edg a Fanatec \u00f6kosziszt\u00e9m\u00e1ban vagy, addig minden rendben van. PC vagy konzol, nem sz\u00e1m\u00edt: ezek mechanikus r\u00f6gz\u00edt\u0151k, \u00edgy nincsenek platformkorl\u00e1tok. Ahol bonyolultabb\u00e1 v\u00e1lik a dolog, az a pil\u00f3taf\u00fclke oldala. A konzolok t\u00f6k\u00e9letesen meg\u00e1llj\u00e1k a hely\u00fcket profilozott alum\u00ednium vagy nagyon merev ac\u00e9lszerkezeteken, az asztalokon vagy MDF-lapokon, amelyekb\u0151l hi\u00e1nyzik a meger\u0151s\u00edt\u00e9s, m\u00e1r kev\u00e9sb\u00e9.<\/p>\n<p>A sk\u00e1l\u00e1zhat\u00f3s\u00e1g szempontj\u00e1b\u00f3l ez egy\u00e9rtelm\u0171en fenntarthat\u00f3 megold\u00e1s. A Fanatec \u00f6kosziszt\u00e9m\u00e1n bel\u00fcl a r\u00f6gz\u00edt\u00e9si elv megv\u00e1ltoztat\u00e1sa n\u00e9lk\u00fcl l\u00e9phet feljebb az alapkateg\u00f3ri\u00e1ban. Egy olyan felhaszn\u00e1l\u00f3 sz\u00e1m\u00e1ra, aki azt tervezi, hogy t\u00f6bb \u00e9vig marad a Fanatec Direct Drive mellett, ez jellemz\u0151en egyszeri beszerz\u00e9s. Ez ink\u00e1bb egy \"alap\" kieg\u00e9sz\u00edt\u0151, mint opcion\u00e1lis k\u00fcty\u00fc.<\/p>\n<h2>\u00c9rz\u00e9sek a j\u00e1t\u00e9kban: mi v\u00e1ltozik igaz\u00e1n<\/h2>\n<p>Az ezzel j\u00e1r\u00f3 \u00e9rz\u00e9seket paradox m\u00f3don lehet le\u00edrni, mivel a z\u00e1r\u00f3jelek nem fejtenek ki semmif\u00e9le er\u0151t. Azt t\u00e1rj\u00e1k fel, amit a b\u00e1zis m\u00e1r tud, hogy hogyan kell csin\u00e1lni, az\u00e1ltal, hogy elt\u00e1vol\u00edtanak egy gyenge l\u00e1ncszemet: a durva \u00f6sszeszerel\u00e9st.<\/p>\n<p>Az els\u0151 dolog, ami megragadja a szemet, vagy ink\u00e1bb a k\u00e9z szem\u00e9t, az az er\u0151visszacsatol\u00e1s pontoss\u00e1ga. Ha az alapot egyszer\u0171en csak r\u00e1fesz\u00edtj\u00fck egy deszk\u00e1ra vagy egy kicsit m\u0171k\u00f6d\u0151 t\u00e1maszra, n\u00e9h\u00e1ny apr\u00f3 r\u00e9szlet elv\u00e9sz: a mikrorezg\u00e9sek, a tapad\u00e1s elveszt\u00e9s\u00e9nek kezdete, a p\u00e1lya text\u00far\u00e1ja. A merev v\u00e1zra csavarozott Podium r\u00f6gz\u00edt\u0151 konzolokkal ezek a jelek tiszt\u00e1bb\u00e1 v\u00e1lnak. Jobban \u00e9rzi, hogy mikor kezd el cs\u00faszni a gumiabroncs, nem csak akkor, amikor elakad. Ez jobb reakci\u00f3k\u00e9szs\u00e9get eredm\u00e9nyez a p\u00e1ly\u00e1n.<\/p>\n<p>Gyors kanyarokban a k\u00fcl\u00f6nbs\u00e9g m\u00e9g egy\u00e9rtelm\u0171bb. Ahelyett, hogy egy vagy k\u00e9t millim\u00e9terrel oldalir\u00e1nyban elmozdul\u00f3 oszlop \u00e9rz\u00e9se lenne, minden t\u00f6k\u00e9letesen szil\u00e1rd lesz. A korm\u00e1nyker\u00e9k egy fix pont k\u00f6r\u00fcl forog. Ennek eredm\u00e9nyek\u00e9ppen az FFB-ben \u00e9rz\u00e9kelt terhel\u00e9s\u00e1tvitel egyenletesebb, \u00e9s a sz\u00f6get finomhangolhatja. \u00d6n m\u00e1r nem kompenz\u00e1lja \u00f6ntudatlanul a t\u00e1masz hajl\u00edt\u00e1s\u00e1t, \u00e9s kiz\u00e1r\u00f3lag az aut\u00f3ra koncentr\u00e1l. Azonnal meg\u00e9rti, hogy mit csin\u00e1l az eleje.<\/p>\n<p>A vibr\u00e1torokon ez a megn\u00f6vekedett merevs\u00e9g is \u00e9rdekes. A r\u00e1ng\u00e1sok tiszt\u00e1bbak \u00e9s k\u00f6zvetlenebbek. M\u00edg egy kiss\u00e9 rugalmas t\u00e1masz \u00e9szrev\u00e9tlen\u00fcl csillap\u00edt, a konzolok a vibr\u00e1tor profilj\u00e1t k\u00f6zvetlen\u00fcl az alapra tov\u00e1bb\u00edtj\u00e1k. Ez nem azt jelenti, hogy brut\u00e1lis, de sokkal \"olvashat\u00f3bb\". Tudja, hogy kicsit harapja, sokat harapja, vagy \u00e1trep\u00fcl rajta.<\/p>\n<p>Hossz\u00fa munkamenetek sor\u00e1n a k\u00f6vetkezetess\u00e9g jelenti az igazi k\u00fcl\u00f6nbs\u00e9get. Nincsenek enyh\u00e9n meglazul\u00f3 bilincsek, nincsenek elszabadul\u00f3 konzolok, nincsenek k\u00f3bor rezg\u00e9sek, amelyek egy \u00f3ra lovagl\u00e1s ut\u00e1n jelentkeznek. A poz\u00edci\u00f3 pontosan ugyanaz marad, a korm\u00e1ny tartja a tengely\u00e9t, \u00e9s az agy ezeken a stabil referenciapontokon \u00e1llapodik meg. Kevesebb mikrobe\u00e1ll\u00edt\u00e1s, \u00edgy kevesebb f\u00e1radts\u00e1g.<\/p>\n<p>Gyors korrekci\u00f3k, k\u00fcl\u00f6n\u00f6sen cs\u00fasz\u00e1s vagy drift eset\u00e9n a flex hi\u00e1nya a reakci\u00f3k\u00e9szs\u00e9g javul\u00e1sak\u00e9nt \u00e9rezhet\u0151. Az alap azonnal visszaadja az ellener\u0151t, a deform\u00e1l\u00f3d\u00f3 szerkezet okozta k\u00e9sleltet\u00e9s n\u00e9lk\u00fcl. Ez nem fog egy CSL DD-t szuperer\u0151s alapp\u00e1 v\u00e1ltoztatni, de egy kev\u00e9sb\u00e9 komoly be\u00e1ll\u00edt\u00e1shoz k\u00e9pest val\u00f3ban az a benyom\u00e1sod, hogy 100 %-t kihaszn\u00e1lsz abb\u00f3l, amit az alap tud adni. Ez az, ahol a szil\u00e1rd tart\u00f3 megv\u00e1ltoztatja az \u00e9lm\u00e9nyt: t\u00f6bbet mersz, mert jobban \u00e9rzed magad.<\/p>\n<p>Egy kisebb teljes\u00edtm\u00e9ny\u0171, helyesen szerelt alapmotorhoz k\u00e9pest nyilv\u00e1nval\u00f3an korl\u00e1tozza a nyomat\u00e9k. De \u00f6sszehasonl\u00edtva ugyanezzel a gyorsan egy asztalra vagy egy szabv\u00e1nyos bilincsre szerelt b\u00e1zissal, az ir\u00e1ny\u00edt\u00e1s \u00e9s a mer\u00edt\u00e9s \u00e9rz\u00e9se egy fokkal feljebb megy. Az aut\u00f3 \u00fagy \u00e9rzi, jobban kapcsol\u00f3dik hozz\u00e1d. A korm\u00e1nyker\u00e9k minden egyes mozdulat\u00e1r\u00f3l egy\u00e9rtelm\u0171 visszajelz\u00e9s \u00e9rkezik, interferencia n\u00e9lk\u00fcl. Olyan \u00e9rz\u00e9s, mintha egy val\u00f3di aut\u00f3 korm\u00e1nyoszlop\u00e1t \u00e9rezn\u00e9d, nem pedig egy b\u00fatordarabon l\u00e9v\u0151 korm\u00e1nykereket.<\/p>\n<h2>Kinek sz\u00f3l? Mit szeret\u00fcnk, mit nem szeret\u00fcnk<\/h2>\n<p>A Fanatec Podium r\u00f6gz\u00edt\u0151 konzolok els\u0151sorban a k\u00f6z\u00e9phalad\u00f3 \u00e9s halad\u00f3 szimul\u00e1torosoknak sz\u00f3lnak, akik m\u00e1r rendelkeznek Fanatec Direct Drive-okkal, vagy hamarosan \u00e1t akarnak \u00e1llni r\u00e1juk. Egy kezd\u0151, bel\u00e9p\u0151 szint\u0171 sz\u00edjjal vagy fogasker\u00e9kkel hajtott lendker\u00e9kkel rendelkez\u0151 kezd\u0151 sz\u00e1m\u00e1ra ezek egy\u00e9rtelm\u0171en t\u00falm\u00e9retezettek lenn\u00e9nek. M\u00e1sr\u00e9szt, ha valaki komoly pil\u00f3taf\u00fclk\u00e9vel rendelkezik, vagy aki egy cs\u00facsmodell be\u00e1ll\u00edt\u00e1s\u00e1t szeretn\u00e9 megb\u00edzhat\u00f3bb\u00e1 tenni, a tartoz\u00e9knak kezd sok \u00e9rtelme lenni.<\/p>\n<p>Ami k\u00fcl\u00f6n\u00f6sen tetszik, az a merevs\u00e9g: egy komoly alv\u00e1zra szerelve a konzolok val\u00f3ban azt a benyom\u00e1st keltik, hogy az alap \u00e9s a pil\u00f3taf\u00fclke egyetlen egys\u00e9get alkot. M\u00e1sodszor, a Fanatec alaphoz val\u00f3 illeszked\u00e9s kifog\u00e1stalan: adapt\u00e1lt csavarok, t\u00f6k\u00e9letes illeszt\u00e9s, az \u00f6kosziszt\u00e9m\u00e1hoz tervezett forma. Vizu\u00e1lisan letisztult, \u00e9s ez sz\u00e1m\u00edt valamit egy olyan be\u00e1ll\u00edt\u00e1sn\u00e1l, amelyet minden nap n\u00e9z\u00fcnk. V\u00e9g\u00fcl, az id\u0151beli stabilit\u00e1s igazi plusz: nem kell id\u0151t t\u00f6ltenie a megh\u00faz\u00e1ssal, be\u00e1ll\u00edt\u00e1ssal \u00e9s kompenz\u00e1l\u00e1ssal egy m\u0171k\u00f6d\u0151 tart\u00f3\u00e9rt. Egyszer be\u00e1ll\u00edtod, \u00e9s m\u00e1r mehetsz is.<\/p>\n<p>M\u00e1sr\u00e9szr\u0151l azonban sz\u00e1mos korl\u00e1toz\u00e1st is \u00e9rdemes megjegyezni. A tartoz\u00e9k egy\u00e9rtelm\u0171en egy szil\u00e1rd pil\u00f3taf\u00fclk\u00e9t\u0151l f\u00fcgg: egy egyszer\u0171 asztalon az \u00e9rdekl\u0151d\u00e9s nagyon korl\u00e1tozott. Ez egy olyan term\u00e9k, amely profilozott alum\u00ednium vagy j\u00f3l megtervezett ac\u00e9lszerkezeten \u00e9rv\u00e9nyes\u00fcl igaz\u00e1n. M\u00e1sodszor, a be\u00e1ll\u00edt\u00e1si szint meglehet\u0151sen alapszint\u0171. Lehet d\u00f6nteni \u00e9s poz\u00edcion\u00e1lni, de nem millim\u00e9teres pontoss\u00e1ggal, \u00e9s nem is olyan rugalmasan, mint n\u00e9h\u00e1ny rendk\u00edv\u00fcl modul\u00e1ris univerz\u00e1lis t\u00e1maszt\u00e9k. V\u00e9g\u00fcl az \u00e1r is szerepet j\u00e1tszik: ez egy olyan term\u00e9k, amelyet \"pr\u00e9mium kateg\u00f3ri\u00e1sk\u00e9nt poz\u00edcion\u00e1lnak ahhoz k\u00e9pest, ami\". Sokak sz\u00e1m\u00e1ra ez m\u00e9g mindig \"k\u00e9t dr\u00e1ga f\u00e9mdarab\". Ez\u00e9rt \u00fagy kell r\u00e1 tekinteni, mint a setup alapj\u00e1ba t\u00f6rt\u00e9n\u0151 befektet\u00e9sre, nem pedig mint sz\u00f3rakoztat\u00f3 kieg\u00e9sz\u00edt\u0151re.<\/p>\n<p>Az \u00e9rz\u00e9kelt \u00e9rt\u00e9k szempontj\u00e1b\u00f3l minden att\u00f3l f\u00fcgg, mennyire ig\u00e9nyes. Ha egy t\u00f6bb sz\u00e1z vagy t\u00f6bb ezer eur\u00f3ba ker\u00fcl\u0151 be\u00e1ll\u00edt\u00e1st szeretne biztos\u00edtani, a legt\u00f6bbet kihozni a Direct Drive alapb\u00f3l \u00e9s gyakran vezetni, akkor a v\u00e1s\u00e1rl\u00e1s viszonylag gyorsan igazol\u00f3dik. Ha alkalmank\u00e9nt j\u00e1tszik asztali g\u00e9pen, a hozz\u00e1adott \u00e9rt\u00e9k sokkal kisebb lesz.<\/p>\n<h2>\u00cdt\u00e9let<\/h2>\n<p>A Fanatec Podium r\u00f6gz\u00edt\u0151 konzolok tal\u00e1n nem hangzanak \u00faj alapnak vagy \u00faj korm\u00e1nyker\u00e9knek, de kulcsszerepet j\u00e1tszanak: az alap + pil\u00f3taf\u00fclke egys\u00e9get merev, stabil egys\u00e9gg\u00e9 alak\u00edtj\u00e1k \u00e1t, amely 100 %-n\u00e9l is haszn\u00e1lhat\u00f3. Egy Direct Drive be\u00e1ll\u00edt\u00e1sban gyakran az ilyen jelleg\u0171 r\u00e9szletek emelik a l\u00e9cet a tapint\u00e1s \u00e9s a magabiztoss\u00e1g tekintet\u00e9ben.<\/p>\n<p>A piacon egy\u00e9rtelm\u0171en az alap m\u00e9di\u00e1k pr\u00e9mium szegmens\u00e9ben vagyunk: nem a legolcs\u00f3bb, nem a legsokoldal\u00fabb a m\u00e1rk\u00e1k k\u00f6z\u00fcl, de val\u00f3sz\u00edn\u0171leg az egyik legkoherensebb megold\u00e1s, ha teljes Fanatecben vagy \u00e9s er\u0151s v\u00e1zzal rendelkezel. Ez egy konszolid\u00e1ci\u00f3s term\u00e9k, nem \u00e1tmeneti.<\/p>\n<p>Mindenekel\u0151tt a Fanatec \u00f6kosziszt\u00e9ma ir\u00e1nt m\u00e1r elk\u00f6telezett, Direct Drive alapokkal \u00e9s merev pil\u00f3taf\u00fclk\u00e9vel rendelkez\u0151 szimul\u00e1torosoknak aj\u00e1nlom, akik szeretn\u00e9k megb\u00edzhat\u00f3bb\u00e1 tenni a be\u00e1ll\u00edt\u00e1saikat \u00e9s jav\u00edtani az FFB olvashat\u00f3s\u00e1g\u00e1t. Egy alkalmi asztali felhaszn\u00e1l\u00f3nak vagy egy kezd\u0151nek, akinek nincs dedik\u00e1lt pil\u00f3taf\u00fclk\u00e9je, nem ez lesz a legjobb v\u00e1laszt\u00e1s - a p\u00e9nzt jobban tenn\u00e9 m\u00e1shov\u00e1.<\/p>\n<p>Ha egy komoly pil\u00f3taf\u00fclk\u00e9ben szeretn\u00e9d igaz\u00e1n massz\u00edvv\u00e1, stabill\u00e1 \u00e9s prec\u00edzz\u00e9 tenni a Fanatec alapot, akkor ez a term\u00e9k nyilv\u00e1nval\u00f3an nagy v\u00e1ltoz\u00e1st hozhat a be\u00e1ll\u00edt\u00e1saidba.<\/p>","protected":false},"excerpt":{"rendered":"<p>Ez a t\u00e1mogat\u00e1s azt az \u00e9rz\u00e9st keltette bennem, hogy a Direct Drive-ban rejl\u0151 lehet\u0151s\u00e9gek val\u00f3ban kibontakoznak: olvashat\u00f3bb er\u0151visszacsatol\u00e1s, t\u00f6k\u00e9letesen stabil korm\u00e1nyker\u00e9k, egy olyan be\u00e1ll\u00edt\u00e1s, amely \"olyan, mint egy blokk\". Mindenekel\u0151tt azoknak a szimul\u00e1torosoknak van \u00e9rtelme, akik m\u00e1r rendelkeznek merev pil\u00f3taf\u00fclk\u00e9vel \u00e9s Fanatec alapokkal, \u00e9s sokat vezetnek. Az \u00e1ra m\u00e9g mindig magas, de van \u00e9rtelme, ha struktur\u00e1lis befektet\u00e9snek tekinted.<\/p>","protected":false},"featured_media":100492,"comment_status":"open","ping_status":"closed","template":"","meta":{"_acf_changed":false,"_et_pb_use_builder":"","_et_pb_old_content":"","_et_gb_content_width":""},"product_brand":[158],"product_cat":[153],"product_tag":[149,159,160],"class_list":{"0":"post-100491","1":"product","2":"type-product","3":"status-publish","4":"has-post-thumbnail","6":"product_brand-fanatec","7":"product_cat-accessoires","8":"product_tag-pc","9":"product_tag-playstation","10":"product_tag-xbox","12":"first","13":"instock","14":"shipping-taxable","15":"product-type-external"},"acf":[],"_links":{"self":[{"href":"https:\/\/simracergear.com\/hu\/wp-json\/wp\/v2\/product\/100491","targetHints":{"allow":["GET"]}}],"collection":[{"href":"https:\/\/simracergear.com\/hu\/wp-json\/wp\/v2\/product"}],"about":[{"href":"https:\/\/simracergear.com\/hu\/wp-json\/wp\/v2\/types\/product"}],"replies":[{"embeddable":true,"href":"https:\/\/simracergear.com\/hu\/wp-json\/wp\/v2\/comments?post=100491"}],"wp:featuredmedia":[{"embeddable":true,"href":"https:\/\/simracergear.com\/hu\/wp-json\/wp\/v2\/media\/100492"}],"wp:attachment":[{"href":"https:\/\/simracergear.com\/hu\/wp-json\/wp\/v2\/media?parent=100491"}],"wp:term":[{"taxonomy":"product_brand","embeddable":true,"href":"https:\/\/simracergear.com\/hu\/wp-json\/wp\/v2\/product_brand?post=100491"},{"taxonomy":"product_cat","embeddable":true,"href":"https:\/\/simracergear.com\/hu\/wp-json\/wp\/v2\/product_cat?post=100491"},{"taxonomy":"product_tag","embeddable":true,"href":"https:\/\/simracergear.com\/hu\/wp-json\/wp\/v2\/product_tag?post=100491"}],"curies":[{"name":"wp","href":"https:\/\/api.w.org\/{rel}","templated":true}]}}