{"id":100531,"date":"2025-05-15T07:45:00","date_gmt":"2025-05-15T07:45:00","guid":{"rendered":"https:\/\/simracergear.com\/products\/fanatec-clubsport-dd-f1-esports-v2\/"},"modified":"2025-11-28T04:43:18","modified_gmt":"2025-11-28T04:43:18","slug":"fanatec-clubsport-dd-f1-esports-v2","status":"publish","type":"product","link":"https:\/\/simracergear.com\/hu\/products\/fanatec-clubsport-dd-f1-esports-v2\/","title":{"rendered":"Fanatec ClubSport DD F1 Esports V2"},"content":{"rendered":"<h2>Fanatec ClubSport DD F1\u00ae Esports V2: egy igazi ugr\u00e1s a \"komoly\" k\u00f6zvetlen meghajt\u00e1s fel\u00e9<\/h2>\n<p>A Fanatec ClubSport DD F1\u00ae Esports V2 a k\u00f6zvetlen meghajt\u00e1s vil\u00e1g\u00e1ba val\u00f3 cs\u00facsszint\u0171 bel\u00e9p\u00e9sk\u00e9nt van poz\u00edcion\u00e1lva. Ez m\u00e1r nem egy egyszer\u0171 friss\u00edt\u00e9s egy sz\u00edjhajt\u00e1s\u00fa alapr\u00f3l: egy\u00e9rtelm\u0171en bel\u00e9p\u00fcnk a komoly alapok vil\u00e1g\u00e1ba, amelyeket arra terveztek, hogy kem\u00e9nyen \u00e9s hossz\u00fa ideig vezessenek, az er\u0151visszacsatol\u00e1s val\u00f3di r\u00e9szletess\u00e9g\u00e9vel.<\/p>\n<p>Ez a csomag az ig\u00e9nyes k\u00f6z\u00f6ns\u00e9get c\u00e9lozza meg, akik egy er\u0151s, de j\u00f3l haszn\u00e1lhat\u00f3 k\u00f6zvetlen meghajt\u00e1st szeretn\u00e9nek, egy azonnal haszn\u00e1lhat\u00f3 F1-st\u00edlus\u00fa korm\u00e1nyker\u00e9kkel \u00e9s szil\u00e1rd konzol\/PC-kompatibilit\u00e1ssal. \u00d6sszef\u00fcgg\u0151 plug &amp; play komb\u00f3t \u00edg\u00e9r, amely k\u00e9pes lefedni a modern szimul\u00e1toros versenyz\u00e9st: F1, GT, endurance, s\u0151t, m\u00e9g egy kis rallyt is, ha szereted a kis kerekeket.<\/p>\n<p>Az \u00e9n szemsz\u00f6gem itt egyszer\u0171: a tapint\u00e1s pontoss\u00e1ga, a visszajelz\u00e9s min\u0151s\u00e9ge, a csomag val\u00f3di sokoldal\u00fas\u00e1ga, a mindennapi haszn\u00e1lat k\u00e9nyelme. Ez a DD ClubSport alap igazolja a feljebb l\u00e9p\u00e9st a be\u00e1ll\u00edt\u00e1sban? \u00c9s mindenekel\u0151tt, j\u00f3 v\u00e1laszt\u00e1s-e ez az F1 Esports V2 korm\u00e1nyker\u00e9k, ha nem csak egy\u00fcl\u00e9seseket vezetsz?<\/p>\n<p>M\u00e1r az els\u0151 k\u00f6r\u00f6kt\u0151l kezdve \u00e9rezhet\u0151, hogy a Fanatec az egyens\u00falyra t\u00f6rekszik: er\u0151, de mindenekel\u0151tt ir\u00e1ny\u00edthat\u00f3s\u00e1g. Nem a nyers demonstr\u00e1ci\u00f3r\u00f3l van sz\u00f3, hanem az ir\u00e1ny\u00edt\u00e1sr\u00f3l. Ez a pozicion\u00e1l\u00e1s teszi ezt a modellt olyan \u00e9rdekess\u00e9.<\/p>\n<h2>Tervez\u00e9s \u00e9s gy\u00e1rt\u00e1s: kompakt, de er\u0151s blokk<\/h2>\n<p>Vizu\u00e1lisan a ClubSport DD alapja komoly kijelent\u00e9st tesz. A f\u00e9mv\u00e1z sz\u00f6gletes vonalaival azonnal a merevs\u00e9g benyom\u00e1s\u00e1t kelti. Amikor k\u00e9zbe veszi az alapot, hogy az alv\u00e1zra szerelje, megnyugtat\u00f3 s\u0171r\u0171s\u00e9get \u00e9rez. Semmi \u00fcreges vagy olcs\u00f3 nincs benne - \u00fagy t\u0171nik, hogy ez az anyag \u00fagy van meg\u00e9p\u00edtve, hogy ellen\u00e1lljon a t\u00f6bb \u00f3r\u00e1s lovagl\u00e1snak.<\/p>\n<p>Az \u00f6sszeszerel\u00e9s tiszta, nincs zavar\u00f3 j\u00e1t\u00e9k. A k\u00fcl\u00f6nb\u00f6z\u0151 f\u00e9m alkatr\u00e9szek illeszked\u00e9se tiszta, a fel\u00fcletek j\u00f3l kidolgozottak. A QR (korm\u00e1nyker\u00e9k r\u00f6gz\u00edt\u00e9si rendszer) bizalomgerjeszt\u0151: a z\u00e1r egyszer\u0171, az elektromos csatlakoz\u00e1s pedig z\u00f6kken\u0151mentes. Ezen a ponton egy\u00e9rtelm\u0171en olyan felszerelts\u00e9gr\u0151l besz\u00e9l\u00fcnk, amely magasan a Fanatec bel\u00e9p\u0151szint\u0171 kor\u00e1bbi gener\u00e1ci\u00f3i felett \u00e1ll.<\/p>\n<p>Az F1 Esports V2 korm\u00e1nyker\u00e9k gumibet\u00e9tes markolataival \u00e9s sz\u00e9nsz\u00e1las el\u0151lapj\u00e1val komoly benyom\u00e1st kelt. A gombok tiszt\u00e1n kattannak, a lap\u00e1tok pedig \u00e9lesnek \u00e9rz\u0151dnek, an\u00e9lk\u00fcl, hogy t\u00falzottan puh\u00e1k lenn\u00e9nek. A k\u00e9zben a cs\u00f6kkentett \u00e1tm\u00e9r\u0151 er\u0151s\u00edti a reakci\u00f3k\u00e9szs\u00e9g \u00e9rz\u00e9s\u00e9t. Azonnal egy\u00e9rtelm\u0171, hogy ez a korm\u00e1nyker\u00e9k t\u00e1mad\u00e1sra k\u00e9sz\u00fclt.<\/p>\n<p>Ami azonnal meglep\u0151, az az, hogy az alap milyen kompakt a teljes\u00edtm\u00e9nyhez k\u00e9pest, amit k\u00e9pes el\u0151\u00e1ll\u00edtani. A merev pil\u00f3taf\u00fclk\u00e9n nincs parazita mozg\u00e1s, a szerkezet meg sem rezzen. M\u00e1sr\u00e9szt egy k\u00f6nny\u0171 t\u00e1ml\u00e1n vagy asztalon a k\u00f6zvetlen meghajt\u00e1s teljes\u00edtm\u00e9nye gyorsan mag\u00e1nak a t\u00e1ml\u00e1nak a hat\u00e1r\u00e1v\u00e1 v\u00e1lik.<\/p>\n<p>Ahol egy kicsit visszafogottabb vagyok, az a korm\u00e1nyker\u00e9k kivitel\u00e9nek bizonyos r\u00e9szletei a tiszta pr\u00e9mium korm\u00e1nyker\u00e9khez k\u00e9pest: a foganty\u00fa anyagai, amelyek rendben vannak, de nem a cs\u00facsmin\u0151s\u00e9g\u0171ek, vagy bizonyos gombok, amelyeket egy kicsit \"m\u0171anyagnak\" \u00e9rzek, amikor manipul\u00e1lod \u0151ket, amikor nem j\u00e1tszol. \u00c9rezhet\u0151 a k\u00fcl\u00f6nbs\u00e9g a nagyon cs\u00facskateg\u00f3ri\u00e1s, speci\u00e1lis m\u00e1rk\u00e1k korm\u00e1nykerekeivel \u00f6sszehasonl\u00edtva. De egy teljes csomag r\u00e9szek\u00e9nt az \u00e1ltal\u00e1nos szint nagyon koherens marad az \u00e1r\u00e1hoz k\u00e9pest.<\/p>\n<p>A CSL DD t\u00edpus szer\u00e9nyebb alapjaival \u00f6sszehasonl\u00edtva egy\u00e9rtelm\u0171en nyer\u00fcnk az \u00e1ltal\u00e1nos szil\u00e1rds\u00e1g \u00e9s a gy\u00e1rt\u00e1s komolys\u00e1g\u00e1nak \u00e9rz\u00e9kel\u00e9s\u00e9ben, an\u00e9lk\u00fcl, hogy a piacon l\u00e9v\u0151 sz\u00e9ls\u0151s\u00e9ges alapok nagy r\u00e9sze lenne.<\/p>\n<h2>Be\u00e1ll\u00edt\u00e1sok, testreszab\u00e1s \u00e9s kompatibilit\u00e1s: nagy teljes\u00edtm\u00e9ny\u0171, de kezelhet\u0151<\/h2>\n<p>A ClubSport DD a szok\u00e1sos Fanatec szoftveres \u00f6kosziszt\u00e9m\u00e1n alapul. A sz\u00e1m\u00edt\u00f3g\u00e9pen l\u00e9v\u0151 vez\u00e9rl\u0151panelen kereszt\u00fcl hozz\u00e1f\u00e9rhet az \u00f6sszes klasszikus be\u00e1ll\u00edt\u00e1shoz: \u00f6sszer\u0151, sz\u0171r\u00e9s, s\u00farl\u00f3d\u00e1s, csillap\u00edt\u00e1s, interpol\u00e1ci\u00f3 \u00e9s \u00edgy tov\u00e1bb. Az alapon \u00e9s a korm\u00e1nyker\u00e9ken a men\u00fck lehet\u0151v\u00e9 teszik az el\u0151re be\u00e1ll\u00edtott \u00e9rt\u00e9kek gyors m\u00f3dos\u00edt\u00e1s\u00e1t, ami nagyra \u00e9rt\u00e9kelhet\u0151, ha v\u00e1ltogatod az F1, a GT \u00e9s a rali k\u00f6z\u00f6tt.<\/p>\n<p>A tanul\u00e1si g\u00f6rbe \u00e9sszer\u0171. A k\u00f6z\u00e9phalad\u00f3 felhaszn\u00e1l\u00f3k gyorsan eligazodnak. Az alapbe\u00e1ll\u00edt\u00e1sok kezdett\u0151l fogva haszn\u00e1lhat\u00f3ak, de az igazi potenci\u00e1l akkor t\u00e1rul fel, amikor finomhangolja a maxim\u00e1lis er\u0151t \u00e9s a linearit\u00e1st, \u00e9s cs\u00f6kkenti bizonyos sz\u0171r\u0151ket, hogy t\u00f6bb r\u00e9szletet engedjen \u00e1t. A magam r\u00e9sz\u00e9r\u0151l val\u00f3ban \u00e9reztem egy plusz l\u00e9p\u00e9st n\u00e9h\u00e1ny finomhangol\u00e1s ut\u00e1n, k\u00fcl\u00f6n\u00f6sen a sz\u0171r\u00e9s finomhangol\u00e1s\u00e1val, hogy az inform\u00e1ci\u00f3 elfojt\u00e1sa n\u00e9lk\u00fcl tartsa fenn a simas\u00e1got.<\/p>\n<p>PC-n a kompatibilit\u00e1s sz\u00e9lesk\u00f6r\u0171, a modern szimul\u00e1torok t\u00f6bbs\u00e9ge gond n\u00e9lk\u00fcl haszn\u00e1lhat\u00f3. Konzolokon a csomag tov\u00e1bbra is a Fanatec logik\u00e1ja szerint m\u0171k\u00f6dik: a verzi\u00f3t\u00f3l f\u00fcgg\u0151en az alapot \u00e9s a korm\u00e1nykereket is felismeri, \u00e9s meglehet\u0151sen plug &amp; play haszn\u00e1latban r\u00e9szes\u00fclsz. A l\u00e9nyeg, hogy ez a k\u00e9szlet nem korl\u00e1toz\u00f3dik egy adott platformra, ami megnyugtat\u00f3, ha v\u00e1ltogatod a PC-t \u00e9s a konzolt.<\/p>\n<p>A Fanatec \u00f6kosziszt\u00e9ma egy igazi \u00e9rt\u00e9k: ped\u00e1lok, v\u00e1lt\u00f3k, k\u00e9zif\u00e9kek, m\u00e1s korm\u00e1nyok... Ezzel a csomaggal kezdheted, mint egy szil\u00e1rd alapot, majd fokozatosan b\u0151v\u00edtheted a felszerel\u00e9sedet. Ez egy igazi friss\u00edt\u00e9s. Az F1 Esports V2 korm\u00e1nyker\u00e9k nagyon is a modern egy\u00fcl\u00e9ses aut\u00f3khoz \u00e9s GT-khez igazodik, de semmi sem akad\u00e1lyozza meg, hogy egy nagyobb kerek korm\u00e1nyker\u00e9kkel eg\u00e9sz\u00edtse ki a rallye vagy protot\u00edpusok sz\u00e1m\u00e1ra.<\/p>\n<p>Ami a tart\u00f3ss\u00e1got illeti, egy\u00e9rtelm\u0171en egy olyan alapon \u00e1llunk, amelyet sok\u00e1ig meg tudunk tartani. Ez nem egy \"kis\" felfedez\u0151 direkt meghajt\u00e1s, ez egy k\u00f6zponti platform, amely komoly el\u0151rel\u00e9p\u00e9st k\u00eds\u00e9rhet a szimul\u00e1toroz\u00e1sban.<\/p>\n<h2>\u00c9rz\u00e9sek a j\u00e1t\u00e9kban: ahol a k\u00f6zvetlen meghajt\u00e1s igaz\u00e1n j\u00f3l \u00e9rv\u00e9nyes\u00fcl<\/h2>\n<p>A p\u00e1ly\u00e1n a ClubSport DD k\u00e9zjegye teljesen egy\u00e9rtelm\u0171: tiszta, pontos teljes\u00edtm\u00e9ny-visszacsatol\u00e1s, j\u00f3 egyens\u00faly a teljes\u00edtm\u00e9ny \u00e9s az olvashat\u00f3s\u00e1g k\u00f6z\u00f6tt. Itt nincs nyers k\u00e1osz, csak finomra hangolt leolvas\u00e1sa annak, amit az aut\u00f3 csin\u00e1l.<\/p>\n<p>Az FFB pontoss\u00e1ga az, ami a legink\u00e1bb kiemelkedik. Nagyon gyorsan \u00e9rezhet\u0151 a k\u00fcl\u00f6nbs\u00e9g egy sz\u00edjas alaphoz vagy egy kis bel\u00e9p\u0151 szint\u0171 k\u00f6zvetlen meghajt\u00e1shoz k\u00e9pest. A ker\u00e9k a legkisebb tapad\u00e1sv\u00e1ltoz\u00e1sra is azonnal reag\u00e1l. A tapad\u00e1s \u00e9s a sikl\u00e1s k\u00f6z\u00f6tti \u00e1tmenet fokozatosabb \u00e9s inform\u00e1ci\u00f3ban gazdagabb. Azonnal meg\u00e9rti, hogy mit csin\u00e1l az aut\u00f3, k\u00fcl\u00f6n\u00f6sen, amikor kanyarba l\u00e9p.<\/p>\n<p>Gyors kanyarokban az alap stabil marad, parazita rezg\u00e9sek n\u00e9lk\u00fcl, am\u00edg a be\u00e1ll\u00edt\u00e1sok helyesen vannak be\u00e1ll\u00edtva. Az F1 korm\u00e1nyker\u00e9k cs\u00f6kkentett m\u00e9ret\u00e9vel er\u0151s\u00edti a reakci\u00f3k\u00e9szs\u00e9g \u00e9rz\u00e9s\u00e9t: a p\u00e1lya apr\u00f3 m\u00f3dos\u00edt\u00e1sai term\u00e9szetes m\u00f3don, a mozdulatok elt\u00falz\u00e1sa n\u00e9lk\u00fcl t\u00f6rt\u00e9nnek. Az az \u00e9rz\u00e9s\u00fcnk, hogy ink\u00e1bb a csukl\u00f3nkkal, mint a karunkkal vezet\u00fcnk, ami teljesen megfelel az F1\/egy\u00fcl\u00e9ses st\u00edlusnak.<\/p>\n<p>A tapad\u00e1si \u00e9rt\u00e9kek sokkal jobbak, mint egy kev\u00e9sb\u00e9 er\u0151s alapn\u00e1l. \u00c9rezni lehet, amikor az els\u0151 r\u00e9sz elkezd akadozni, amikor a h\u00e1ts\u00f3 r\u00e9sz k\u00f6nny\u0171v\u00e9 v\u00e1lik a f\u00e9kez\u00e9sn\u00e9l, vagy amikor egy kiss\u00e9 agressz\u00edv rezg\u00e9s hat\u00e1s\u00e1ra az aut\u00f3 megpattan. Ami a vibr\u00e1torokat illeti, a visszajelz\u00e9sek nagyon meggy\u0151z\u0151ek: meg lehet k\u00fcl\u00f6nb\u00f6ztetni egy lapos vibr\u00e1tort egy agressz\u00edvabbt\u00f3l, \u00e9s mindenekel\u0151tt a sebess\u00e9get, amivel veszed. Akkor d\u00f6r\u00f6mb\u00f6l, amikor kell, an\u00e9lk\u00fcl, hogy f\u00e1jdalmas lenne, ha helyesen \u00e1ll\u00edtja be az er\u0151t.<\/p>\n<p>Hossz\u00fa munkamenetek sor\u00e1n az alap konzisztenci\u00e1ja \u00e9rz\u00e9kelhet\u0151. Nincs v\u00e1ltoz\u00e1s a viselked\u00e9sben, nincs felmeleged\u00e9s, ami megzavarn\u00e1 az \u00e9rz\u00e9st. A f\u00e1radts\u00e1g f\u0151k\u00e9nt abb\u00f3l ad\u00f3dik, hogy mekkora teljes\u00edtm\u00e9nyt adsz magadnak. Ha a teljes\u00edtm\u00e9nyt \u00e9sszer\u0171 szintre cs\u00f6kkented, hossz\u00fa ideig tudsz tekerni an\u00e9lk\u00fcl, hogy meger\u0151ltetn\u00e9d a v\u00e1lladat. A k\u00f6zvetlen meghajt\u00e1s m\u00e9g akkor is kell\u0151k\u00e9ppen jelen van, ha a teljes\u00edtm\u00e9nyt alulkalibr\u00e1ljuk. Ez az az, amiben ez az alaplap kiemelkedik: m\u00e9g m\u00e9rs\u00e9kelt sz\u00e1zal\u00e9kok mellett is kommunikat\u00edv marad.<\/p>\n<p>A gyors korrekci\u00f3kban, t\u00falkorm\u00e1nyzotts\u00e1g vagy a h\u00e1ts\u00f3 tapad\u00e1s elveszt\u00e9se eset\u00e9n a reakci\u00f3k\u00e9szs\u00e9g egy\u00e9rtelm\u0171. Az alap azonnal visszaadja a mozdulatokat, \u00e9s a korm\u00e1nyker\u00e9k kis \u00e1tm\u00e9r\u0151je seg\u00edt utol\u00e9rni az aut\u00f3t. Egy sz\u00edjhajt\u00e1s\u00fa alapon vagy egy kis DD-n\u00e9l ezek a f\u00e1zisok l\u00e1gyabbnak vagy kiss\u00e9 sz\u0171rtnek t\u0171nhetnek. Itt minden sokkal k\u00f6zvetlenebb \u00e9s egyenesebb. Egy\u00e9rtelm\u0171en bizalmat nyer a hat\u00e1rf\u00e1zisokban.<\/p>\n<p>Egy m\u00e9g er\u0151sebb alappal szemben egy kicsit vesz\u00edtesz a nyers agresszivit\u00e1sban \u00e9s a kezedb\u0151l kiszakad\u00f3 maxim\u00e1lis nyomat\u00e9kban. De \u0151szint\u00e9n sz\u00f3lva, a legt\u00f6bb motoros sz\u00e1m\u00e1ra ez a teljes\u00edtm\u00e9nyszint t\u00f6bb mint el\u00e9g. A f\u0151 nyeres\u00e9g egy \"k\u00f6nny\u0171\" direkt hajt\u00e1ssal szemben a jel finoms\u00e1g\u00e1ban \u00e9s a korm\u00e1nyz\u00e1s stabilit\u00e1s\u00e1ban rejlik nagy sebess\u00e9gn\u00e9l, nem pedig a l\u00f6k\u00e9sek er\u0151szakoss\u00e1g\u00e1ban. Ez az a pont, ahol ez az alap igaz\u00e1n megv\u00e1ltoztatja az \u00e9lm\u00e9nyt.<\/p>\n<p>Az elm\u00e9ly\u00fcl\u00e9s szempontj\u00e1b\u00f3l az F1 Esports V2 alap + korm\u00e1nyker\u00e9k csomag nagyon j\u00f3l m\u0171k\u00f6dik az F1 c\u00edmeken, a modern GT-ken \u00e9s a protot\u00edpusokon. A korm\u00e1nyker\u00e9k form\u00e1tuma nem ide\u00e1lis mindenhez, de a cs\u00facstechnol\u00f3gi\u00e1s g\u00e9p vezet\u00e9s\u00e9nek \u00e9rz\u00e9se mindenk\u00e9ppen megvan. Azon kapod magad, hogy kem\u00e9nyebben nyomod, egyszer\u0171en az\u00e9rt, mert a korm\u00e1nyker\u00e9k magabiztoss\u00e1got ad.<\/p>\n<h2>Kinek sz\u00f3l? Napi er\u0151ss\u00e9gek \u00e9s gyenges\u00e9gek<\/h2>\n<p>Ez a csomag egy\u00e9rtelm\u0171en a motiv\u00e1lt k\u00f6z\u00e9phalad\u00f3 \u00e9s halad\u00f3 felhaszn\u00e1l\u00f3knak sz\u00f3l, akik tudj\u00e1k, hogy komoly k\u00f6zvetlen meghajt\u00e1st \u00e9s versenyszer\u0171 korm\u00e1nykereket szeretn\u00e9nek. Egy teljesen kezd\u0151 is tudja haszn\u00e1lni, de a befektet\u00e9snek t\u00f6bb \u00e9rtelme van, ha m\u00e1r r\u00e1kattant\u00e1l a szimul\u00e1toroz\u00e1sra. Konzolon pedig kiv\u00e1l\u00f3 alapot jelent annak, aki egy l\u00e9p\u00e9ssel feljebb szeretne l\u00e9pni a t\u00f6megpiaci korm\u00e1nykerekekt\u0151l. PC-n t\u00f6k\u00e9letesen illeszkedik egy olyan be\u00e1ll\u00edt\u00e1shoz, amely sokoldal\u00fa, de nagy teljes\u00edtm\u00e9ny\u0171 akar maradni.<\/p>\n<p>Az egyik dolog, ami a legjobban tetszik, az a visszajelz\u00e9sek min\u0151s\u00e9ge. A ClubSport DD rengeteg r\u00e9szletet k\u00f6zvet\u00edt an\u00e9lk\u00fcl, hogy zavaross\u00e1 v\u00e1lna, ami val\u00f3ban azt a benyom\u00e1st kelti, mintha \"\u00e9rz\u00e9sb\u0151l\" rep\u00fcln\u00e9nk. A kompakt alap, a teljes\u00edtm\u00e9ny\u00e9vel kombin\u00e1lva, k\u00f6nnyen integr\u00e1lhat\u00f3v\u00e1 teszi a pil\u00f3taf\u00fclk\u00e9be a hely\u00e9rt val\u00f3 k\u00fczdelem n\u00e9lk\u00fcl. A k\u00f6rnyez\u0151 Fanatec \u00f6kosziszt\u00e9ma (korm\u00e1nyker\u00e9k, ped\u00e1lok, v\u00e1lt\u00f3k) pedig m\u00e9g \u00e9rdekesebb\u00e9 teszi: egy fejleszthet\u0151 be\u00e1ll\u00edt\u00e1si k\u00f6zpontba fektetsz be, nem pedig egy zs\u00e1kutc\u00e1ba.<\/p>\n<p>Van azonban n\u00e9h\u00e1ny korl\u00e1toz\u00e1s, amelyet szem el\u0151tt kell tartani. Form\u00e1ja \u00e9s \u00e1tm\u00e9r\u0151je miatt az F1 Esports V2 korm\u00e1nyker\u00e9k nem a legsokoldal\u00fabb a vil\u00e1gon. A raliz\u00e1shoz, driftel\u00e9shez vagy a \"klasszikusabb\" k\u00f6z\u00fati versenyz\u00e9shez egy nagyobb, kerek korm\u00e1nyker\u00e9k egy\u00e9rtelm\u0171en megfelel\u0151bb lesz. M\u00e1sodszor, a teljes befektet\u00e9s tov\u00e1bbra is jelent\u0151s: az \u00e9p\u00edt\u00e9si min\u0151s\u00e9g\u00e9rt, a teljes\u00edtm\u00e9ny\u00e9rt \u00e9s az \u00f6kosziszt\u00e9m\u00e1\u00e9rt fizetsz, ez nem egy impulzus vagy \"olcs\u00f3\" term\u00e9k. V\u00e9g\u00fcl, a be\u00e1ll\u00edt\u00e1si g\u00f6rbe egy kis id\u0151t vehet ig\u00e9nybe, hogy val\u00f3ban a legjobbat hozza ki az alapb\u00f3l. Egy el\u0151re be\u00e1ll\u00edtott be\u00e1ll\u00edt\u00e1ssal nagyon gyorsan vezethet, de ahhoz, hogy el\u00e9rje az ebben a tartom\u00e1nyban elv\u00e1rt finoms\u00e1g szintj\u00e9t, hajland\u00f3nak kell lennie a hangol\u00e1si folyamaton v\u00e9gigmenni.<\/p>\n<p>Az \u00e9rz\u00e9kelt \u00e9rt\u00e9k szempontj\u00e1b\u00f3l minden a kiindul\u00f3pontt\u00f3l f\u00fcgg. Ha egy bel\u00e9p\u0151 szint\u0171 ker\u00e9kr\u0151l \u00e9rkezik, akkor az ugr\u00e1s hatalmas, \u00e9s a befektet\u00e9s azonnal \u00e9rezhet\u0151 az \u00e9lvezet \u00e9s az ir\u00e1ny\u00edthat\u00f3s\u00e1g tekintet\u00e9ben. Ha m\u00e1r egy kis k\u00f6zvetlen meghajt\u00e1s\u00fa ker\u00e9ken vagy, a nyeres\u00e9g finomabb, de tart\u00f3sabb \u00e9s ink\u00e1bb a \"komoly\" halad\u00e1sra ir\u00e1nyul.<\/p>\n<h2>\u00cdt\u00e9let: egy be\u00e1ll\u00edt\u00e1si k\u00f6zpont a hossz\u00fa, er\u0151s utaz\u00e1sokhoz<\/h2>\n<p>A Fanatec ClubSport DD F1\u00ae Esports V2 val\u00f3ban megv\u00e1ltoztatja a be\u00e1ll\u00edt\u00e1sok sz\u00edv\u00e9t. Egy olyan korm\u00e1nyt\u00f3l, amely \"szimul\u00e1ci\u00f3ban j\u00e1tszik\", egy olyan alapra l\u00e9p\u00fcnk, amely nagyon komolyan veszi a szimul\u00e1ci\u00f3t. T\u00f6bb nyomat\u00e9k, t\u00f6bb r\u00e9szletess\u00e9g, t\u00f6bb kontroll: minden arra \u00f6szt\u00f6n\u00f6z, hogy tiszt\u00e1bban vezess \u00e9s magabiztosan keresd a hat\u00e1rt.<\/p>\n<p>Ez a csomag k\u00f6zponti helyet foglal el a piacon: nem egy ultraelit term\u00e9k, amely egy piaci r\u00e9snek van fenntartva, \u00e9s nem is bel\u00e9p\u0151szint\u0171 term\u00e9k. Ez egy pr\u00e9mium kateg\u00f3ri\u00e1s k\u00f6zvetlen meghajt\u00f3, amely el\u00e9rhet\u0151 azok sz\u00e1m\u00e1ra, akik val\u00f3di el\u0151rel\u00e9p\u00e9st szeretn\u00e9nek tenni, an\u00e9lk\u00fcl, hogy t\u00falm\u00e9retezett monstrumok\u00e9rt sz\u00e1lln\u00e1nak be. Az F1 Esports V2 korm\u00e1nyker\u00e9k teszi teljess\u00e9 a csomagot azok sz\u00e1m\u00e1ra, akik egy\u00fcl\u00e9ses \u00e9s modern GT-aut\u00f3kat vezetnek.<\/p>\n<p>Egy\u00e9rtelm\u0171en a k\u00f6z\u00e9phalad\u00f3 \u00e9s halad\u00f3 szimul\u00e1torosoknak aj\u00e1nlom, akik egy tart\u00f3s alapot szeretn\u00e9nek, amely k\u00e9pes egy teljes pil\u00f3taf\u00fclk\u00e9t \u00e9s komoly fejl\u0151d\u00e9st t\u00e1mogatni. Egy tiszta kezd\u0151nek, vagy olyannak, aki ink\u00e1bb alkalmi sz\u00f3rakoz\u00e1st szeretne ny\u00edlt utakon \u00e9s raliversenyeken, egy sokoldal\u00fabb komb\u00f3nak, egy alap kerek korm\u00e1nyker\u00e9kkel, tal\u00e1n t\u00f6bb \u00e9rtelme van.<\/p>\n<p>Ha egy er\u0151s, pontos, fejleszthet\u0151 k\u00f6zvetlen meghajt\u00f3t keresel, amely k\u00e9szen \u00e1ll a modern F1\/GT vil\u00e1g\u00e1ra, akkor ez a term\u00e9k mindent megv\u00e1ltoztathat a be\u00e1ll\u00edt\u00e1saidban.<\/p>","protected":false},"excerpt":{"rendered":"<p>Ez a csomag t\u00e9nyleg azt az \u00e9rz\u00e9st adja, mintha komolyabb szimul\u00e1toroz\u00e1sra v\u00e1ltan\u00e1l: a korm\u00e1nyker\u00e9k prec\u00edzi\u00f3s eszk\u00f6zz\u00e9 v\u00e1lik, seg\u00edt jobban leolvasni a tapad\u00e1st \u00e9s tiszt\u00e1bban vezetni. \u00c9rtelme van a m\u00e1r PC-n vagy konzolon versenyz\u0151 szimul\u00e1torosoknak, akik F1\/GT\/endurance c\u00e9lt t\u0171znek ki maguk el\u00e9, \u00e9s egy tart\u00f3s alapot szeretn\u00e9nek egy fejl\u0151d\u0151 be\u00e1ll\u00edt\u00e1s k\u00f6zep\u00e9n.<\/p>","protected":false},"featured_media":100532,"comment_status":"open","ping_status":"closed","template":"","meta":{"_acf_changed":false,"_et_pb_use_builder":"","_et_pb_old_content":"","_et_gb_content_width":""},"product_brand":[158],"product_cat":[161,173],"product_tag":[149],"class_list":{"0":"post-100531","1":"product","2":"type-product","3":"status-publish","4":"has-post-thumbnail","6":"product_brand-fanatec","7":"product_cat-volant","8":"product_cat-volants-fanatec","9":"product_tag-pc","11":"first","12":"instock","13":"shipping-taxable","14":"product-type-external"},"acf":[],"_links":{"self":[{"href":"https:\/\/simracergear.com\/hu\/wp-json\/wp\/v2\/product\/100531","targetHints":{"allow":["GET"]}}],"collection":[{"href":"https:\/\/simracergear.com\/hu\/wp-json\/wp\/v2\/product"}],"about":[{"href":"https:\/\/simracergear.com\/hu\/wp-json\/wp\/v2\/types\/product"}],"replies":[{"embeddable":true,"href":"https:\/\/simracergear.com\/hu\/wp-json\/wp\/v2\/comments?post=100531"}],"wp:featuredmedia":[{"embeddable":true,"href":"https:\/\/simracergear.com\/hu\/wp-json\/wp\/v2\/media\/100532"}],"wp:attachment":[{"href":"https:\/\/simracergear.com\/hu\/wp-json\/wp\/v2\/media?parent=100531"}],"wp:term":[{"taxonomy":"product_brand","embeddable":true,"href":"https:\/\/simracergear.com\/hu\/wp-json\/wp\/v2\/product_brand?post=100531"},{"taxonomy":"product_cat","embeddable":true,"href":"https:\/\/simracergear.com\/hu\/wp-json\/wp\/v2\/product_cat?post=100531"},{"taxonomy":"product_tag","embeddable":true,"href":"https:\/\/simracergear.com\/hu\/wp-json\/wp\/v2\/product_tag?post=100531"}],"curies":[{"name":"wp","href":"https:\/\/api.w.org\/{rel}","templated":true}]}}